{"id":10623,"date":"2019-10-25T12:53:10","date_gmt":"2019-10-25T12:53:10","guid":{"rendered":"http:\/\/www.nuevapescanova.com\/?page_id=10623"},"modified":"2021-02-23T09:37:10","modified_gmt":"2021-02-23T09:37:10","slug":"d-jose-maria-benavent-valero","status":"publish","type":"page","link":"https:\/\/www.nuevapescanova.com\/en\/company\/board-of-directors\/d-jose-maria-benavent-valero\/","title":{"rendered":"D. Jos\u00e9 Mar\u00eda Benavent Valero"},"content":{"rendered":"<section class=\"wpb-content-wrapper\"><p>[vc_row][vc_column width=&#8221;1\/3&#8243;]<div class=\"photo_box element_classes  without-desc\"><div class=\"image_frame\"><div class=\"image_wrapper\"><div class=\"mask\"><\/div><img loading=\"lazy\" decoding=\"async\" class=\"scale-with-grid\" src=\"https:\/\/www.nuevapescanova.com\/nuevapescanova\/wp-content\/uploads\/2020\/09\/Benavent.jpg\" alt=\"Benavent\" width=\"1642\" height=\"1642\"\/><\/div><\/div><\/div>\n[\/vc_column][vc_column width=&#8221;2\/3&#8243;][vc_column_text]<\/p>\n<h2>Jos\u00e9 Mar\u00eda Benavent Valero<\/h2>\n<p><strong>Chairman<\/strong><\/p>\n<hr class=\" hr_color\" style=\"margin:0 auto 30px;\"\/>\n\n<p>Jos\u00e9 Mar\u00eda holds a degree in Economic and Business Sciences of the Complutense University of Madrid, an Executive Development Program (PDD) of IESE, and an Advanced Management Program (AMP) of MIT Business School, Cambridge, MA, USA.<\/p>\n<p>Benavent began his professional career in 1989 as analyst at the research department of the <strong>Bank of Spain<\/strong> until he joined<strong> Caixabank<\/strong> in 1994, where he held different positions in the risks department until becoming the head of that department. In 1998, and after the liberalization of the Telecommunications Sector in Spain, he was asked to take part in the launching of a Telco company, <strong>R-Cable<\/strong>, he was its CFO until 2015, year in which he moved, also as CFO, to another company in this sector, the <strong>Euskaltel Group<\/strong>.<\/p>\n<p>Benavent has received <strong>the Best CFO Award<\/strong> of the VI edition of the Financial Excellence Awards of the Spanish Finance Professionals Association (ASSET).<\/p>\n<p>In 2018 he becomes an <strong>independent member of the Board of Directors of ABANCA Servicios Financieros and its Audit and Risk Committee<\/strong>. In June 2019 he <strong>joins the<\/strong> Nueva Pescanova Group <strong>Board of Directors<\/strong> and in April 2020 he is appointed <strong>Executive Chairman of the company<\/strong>.[\/vc_column_text][\/vc_column][\/vc_row]<\/p>\n<\/section>","protected":false},"excerpt":{"rendered":"<p>[vc_row][vc_column width=&#8221;1\/3&#8243;][\/vc_column][vc_column width=&#8221;2\/3&#8243;][vc_column_text] Jos\u00e9 Mar\u00eda Benavent Valero Chairman Jos\u00e9 Mar\u00eda holds a degree in Economic and Business Sciences of the Complutense University of Madrid, an Executive<span class=\"excerpt-hellip\"> [\u2026]<\/span><\/p>\n","protected":false},"author":3,"featured_media":0,"parent":2724,"menu_order":7,"comment_status":"closed","ping_status":"closed","template":"","meta":{"_acf_changed":false,"footnotes":""},"class_list":["post-10623","page","type-page","status-publish","hentry"],"acf":[],"yoast_head":"<!-- This site is optimized with the Yoast SEO plugin v25.9 - https:\/\/yoast.com\/wordpress\/plugins\/seo\/ -->\n<title>D. Jos\u00e9 Mar\u00eda Benavent Valero - Nueva Pescanova<\/title>\n<meta name=\"robots\" content=\"index, follow, max-snippet:-1, max-image-preview:large, max-video-preview:-1\" \/>\n<link rel=\"canonical\" href=\"https:\/\/www.nuevapescanova.com\/compania\/consejo-de-administracion\/d-jose-maria-benavent-valero\/\" \/>\n<meta property=\"og:locale\" content=\"en_US\" \/>\n<meta property=\"og:type\" content=\"article\" \/>\n<meta property=\"og:title\" content=\"D. Jos\u00e9 Mar\u00eda Benavent Valero - Nueva Pescanova\" \/>\n<meta property=\"og:description\" content=\"[vc_row][vc_column width=&#8221;1\/3&#8243;][\/vc_column][vc_column width=&#8221;2\/3&#8243;][vc_column_text] Jos\u00e9 Mar\u00eda Benavent Valero Chairman Jos\u00e9 Mar\u00eda holds a degree in Economic and Business Sciences of the Complutense University of Madrid, an Executive [\u2026]\" \/>\n<meta property=\"og:url\" content=\"https:\/\/www.nuevapescanova.com\/compania\/consejo-de-administracion\/d-jose-maria-benavent-valero\/\" \/>\n<meta property=\"og:site_name\" content=\"Nueva Pescanova\" \/>\n<meta property=\"article:modified_time\" content=\"2021-02-23T09:37:10+00:00\" \/>\n<meta name=\"twitter:card\" content=\"summary_large_image\" \/>\n<meta name=\"twitter:site\" content=\"@PescanovaCorp\" \/>\n<meta name=\"twitter:label1\" content=\"Est. reading time\" \/>\n\t<meta name=\"twitter:data1\" content=\"1 minute\" \/>\n<script type=\"application\/ld+json\" class=\"yoast-schema-graph\">{\"@context\":\"https:\/\/schema.org\",\"@graph\":[{\"@type\":\"WebPage\",\"@id\":\"https:\/\/www.nuevapescanova.com\/compania\/consejo-de-administracion\/d-jose-maria-benavent-valero\/\",\"url\":\"https:\/\/www.nuevapescanova.com\/compania\/consejo-de-administracion\/d-jose-maria-benavent-valero\/\",\"name\":\"D. Jos\u00e9 Mar\u00eda Benavent Valero - Nueva Pescanova\",\"isPartOf\":{\"@id\":\"https:\/\/www.nuevapescanova.com\/#website\"},\"datePublished\":\"2019-10-25T12:53:10+00:00\",\"dateModified\":\"2021-02-23T09:37:10+00:00\",\"breadcrumb\":{\"@id\":\"https:\/\/www.nuevapescanova.com\/compania\/consejo-de-administracion\/d-jose-maria-benavent-valero\/#breadcrumb\"},\"inLanguage\":\"en-US\",\"potentialAction\":[{\"@type\":\"ReadAction\",\"target\":[\"https:\/\/www.nuevapescanova.com\/compania\/consejo-de-administracion\/d-jose-maria-benavent-valero\/\"]}]},{\"@type\":\"BreadcrumbList\",\"@id\":\"https:\/\/www.nuevapescanova.com\/compania\/consejo-de-administracion\/d-jose-maria-benavent-valero\/#breadcrumb\",\"itemListElement\":[{\"@type\":\"ListItem\",\"position\":1,\"name\":\"Portada\",\"item\":\"https:\/\/www.nuevapescanova.com\/en\/\"},{\"@type\":\"ListItem\",\"position\":2,\"name\":\"Company\",\"item\":\"https:\/\/www.nuevapescanova.com\/en\/company\/\"},{\"@type\":\"ListItem\",\"position\":3,\"name\":\"Board of directors\",\"item\":\"https:\/\/www.nuevapescanova.com\/compania\/consejo-de-administracion\/\"},{\"@type\":\"ListItem\",\"position\":4,\"name\":\"D. Jos\u00e9 Mar\u00eda Benavent Valero\"}]},{\"@type\":\"WebSite\",\"@id\":\"https:\/\/www.nuevapescanova.com\/#website\",\"url\":\"https:\/\/www.nuevapescanova.com\/\",\"name\":\"Nueva Pescanova\",\"description\":\"\",\"publisher\":{\"@id\":\"https:\/\/www.nuevapescanova.com\/#organization\"},\"potentialAction\":[{\"@type\":\"SearchAction\",\"target\":{\"@type\":\"EntryPoint\",\"urlTemplate\":\"https:\/\/www.nuevapescanova.com\/?s={search_term_string}\"},\"query-input\":{\"@type\":\"PropertyValueSpecification\",\"valueRequired\":true,\"valueName\":\"search_term_string\"}}],\"inLanguage\":\"en-US\"},{\"@type\":\"Organization\",\"@id\":\"https:\/\/www.nuevapescanova.com\/#organization\",\"name\":\"Nueva Pescanova\",\"url\":\"https:\/\/www.nuevapescanova.com\/\",\"logo\":{\"@type\":\"ImageObject\",\"inLanguage\":\"en-US\",\"@id\":\"https:\/\/www.nuevapescanova.com\/#\/schema\/logo\/image\/\",\"url\":\"https:\/\/www.nuevapescanova.com\/nuevapescanova\/wp-content\/uploads\/2023\/06\/Logo-Grupo-Nueva-Pescanova.jpg\",\"contentUrl\":\"https:\/\/www.nuevapescanova.com\/nuevapescanova\/wp-content\/uploads\/2023\/06\/Logo-Grupo-Nueva-Pescanova.jpg\",\"width\":800,\"height\":398,\"caption\":\"Nueva Pescanova\"},\"image\":{\"@id\":\"https:\/\/www.nuevapescanova.com\/#\/schema\/logo\/image\/\"},\"sameAs\":[\"https:\/\/x.com\/PescanovaCorp\",\"https:\/\/www.linkedin.com\/company\/nuevapescanova\/?originalSubdomain=es\"]}]}<\/script>\n<!-- \/ Yoast SEO plugin. -->","yoast_head_json":{"title":"D. Jos\u00e9 Mar\u00eda Benavent Valero - Nueva Pescanova","robots":{"index":"index","follow":"follow","max-snippet":"max-snippet:-1","max-image-preview":"max-image-preview:large","max-video-preview":"max-video-preview:-1"},"canonical":"https:\/\/www.nuevapescanova.com\/compania\/consejo-de-administracion\/d-jose-maria-benavent-valero\/","og_locale":"en_US","og_type":"article","og_title":"D. Jos\u00e9 Mar\u00eda Benavent Valero - Nueva Pescanova","og_description":"[vc_row][vc_column width=&#8221;1\/3&#8243;][\/vc_column][vc_column width=&#8221;2\/3&#8243;][vc_column_text] Jos\u00e9 Mar\u00eda Benavent Valero Chairman Jos\u00e9 Mar\u00eda holds a degree in Economic and Business Sciences of the Complutense University of Madrid, an Executive [\u2026]","og_url":"https:\/\/www.nuevapescanova.com\/compania\/consejo-de-administracion\/d-jose-maria-benavent-valero\/","og_site_name":"Nueva Pescanova","article_modified_time":"2021-02-23T09:37:10+00:00","twitter_card":"summary_large_image","twitter_site":"@PescanovaCorp","twitter_misc":{"Est. reading time":"1 minute"},"schema":{"@context":"https:\/\/schema.org","@graph":[{"@type":"WebPage","@id":"https:\/\/www.nuevapescanova.com\/compania\/consejo-de-administracion\/d-jose-maria-benavent-valero\/","url":"https:\/\/www.nuevapescanova.com\/compania\/consejo-de-administracion\/d-jose-maria-benavent-valero\/","name":"D. Jos\u00e9 Mar\u00eda Benavent Valero - Nueva Pescanova","isPartOf":{"@id":"https:\/\/www.nuevapescanova.com\/#website"},"datePublished":"2019-10-25T12:53:10+00:00","dateModified":"2021-02-23T09:37:10+00:00","breadcrumb":{"@id":"https:\/\/www.nuevapescanova.com\/compania\/consejo-de-administracion\/d-jose-maria-benavent-valero\/#breadcrumb"},"inLanguage":"en-US","potentialAction":[{"@type":"ReadAction","target":["https:\/\/www.nuevapescanova.com\/compania\/consejo-de-administracion\/d-jose-maria-benavent-valero\/"]}]},{"@type":"BreadcrumbList","@id":"https:\/\/www.nuevapescanova.com\/compania\/consejo-de-administracion\/d-jose-maria-benavent-valero\/#breadcrumb","itemListElement":[{"@type":"ListItem","position":1,"name":"Portada","item":"https:\/\/www.nuevapescanova.com\/en\/"},{"@type":"ListItem","position":2,"name":"Company","item":"https:\/\/www.nuevapescanova.com\/en\/company\/"},{"@type":"ListItem","position":3,"name":"Board of directors","item":"https:\/\/www.nuevapescanova.com\/compania\/consejo-de-administracion\/"},{"@type":"ListItem","position":4,"name":"D. Jos\u00e9 Mar\u00eda Benavent Valero"}]},{"@type":"WebSite","@id":"https:\/\/www.nuevapescanova.com\/#website","url":"https:\/\/www.nuevapescanova.com\/","name":"Nueva Pescanova","description":"","publisher":{"@id":"https:\/\/www.nuevapescanova.com\/#organization"},"potentialAction":[{"@type":"SearchAction","target":{"@type":"EntryPoint","urlTemplate":"https:\/\/www.nuevapescanova.com\/?s={search_term_string}"},"query-input":{"@type":"PropertyValueSpecification","valueRequired":true,"valueName":"search_term_string"}}],"inLanguage":"en-US"},{"@type":"Organization","@id":"https:\/\/www.nuevapescanova.com\/#organization","name":"Nueva Pescanova","url":"https:\/\/www.nuevapescanova.com\/","logo":{"@type":"ImageObject","inLanguage":"en-US","@id":"https:\/\/www.nuevapescanova.com\/#\/schema\/logo\/image\/","url":"https:\/\/www.nuevapescanova.com\/nuevapescanova\/wp-content\/uploads\/2023\/06\/Logo-Grupo-Nueva-Pescanova.jpg","contentUrl":"https:\/\/www.nuevapescanova.com\/nuevapescanova\/wp-content\/uploads\/2023\/06\/Logo-Grupo-Nueva-Pescanova.jpg","width":800,"height":398,"caption":"Nueva Pescanova"},"image":{"@id":"https:\/\/www.nuevapescanova.com\/#\/schema\/logo\/image\/"},"sameAs":["https:\/\/x.com\/PescanovaCorp","https:\/\/www.linkedin.com\/company\/nuevapescanova\/?originalSubdomain=es"]}]}},"_links":{"self":[{"href":"https:\/\/www.nuevapescanova.com\/en\/wp-json\/wp\/v2\/pages\/10623","targetHints":{"allow":["GET"]}}],"collection":[{"href":"https:\/\/www.nuevapescanova.com\/en\/wp-json\/wp\/v2\/pages"}],"about":[{"href":"https:\/\/www.nuevapescanova.com\/en\/wp-json\/wp\/v2\/types\/page"}],"author":[{"embeddable":true,"href":"https:\/\/www.nuevapescanova.com\/en\/wp-json\/wp\/v2\/users\/3"}],"replies":[{"embeddable":true,"href":"https:\/\/www.nuevapescanova.com\/en\/wp-json\/wp\/v2\/comments?post=10623"}],"version-history":[{"count":2,"href":"https:\/\/www.nuevapescanova.com\/en\/wp-json\/wp\/v2\/pages\/10623\/revisions"}],"predecessor-version":[{"id":18633,"href":"https:\/\/www.nuevapescanova.com\/en\/wp-json\/wp\/v2\/pages\/10623\/revisions\/18633"}],"up":[{"embeddable":true,"href":"https:\/\/www.nuevapescanova.com\/en\/wp-json\/wp\/v2\/pages\/2724"}],"wp:attachment":[{"href":"https:\/\/www.nuevapescanova.com\/en\/wp-json\/wp\/v2\/media?parent=10623"}],"curies":[{"name":"wp","href":"https:\/\/api.w.org\/{rel}","templated":true}]}}