{"id":10640,"date":"2019-10-25T13:09:31","date_gmt":"2019-10-25T13:09:31","guid":{"rendered":"http:\/\/www.nuevapescanova.com\/?page_id=10640"},"modified":"2020-06-10T08:29:57","modified_gmt":"2020-06-10T08:29:57","slug":"d-marco-nieto-montero","status":"publish","type":"page","link":"https:\/\/www.nuevapescanova.com\/en\/company\/board-of-directors\/d-marco-nieto-montero\/","title":{"rendered":"D. Marco Nieto Montero"},"content":{"rendered":"<section class=\"wpb-content-wrapper\"><p>[vc_row][vc_column width=&#8221;1\/3&#8243;]<div class=\"photo_box element_classes  without-desc\"><div class=\"image_frame\"><div class=\"image_wrapper\"><div class=\"mask\"><\/div><img loading=\"lazy\" decoding=\"async\" class=\"scale-with-grid\" src=\"https:\/\/www.nuevapescanova.com\/nuevapescanova\/wp-content\/uploads\/2020\/06\/Marco_Nieto.jpg\" alt=\"Marco_Nieto\" width=\"300\" height=\"300\"\/><\/div><\/div><\/div>\n[\/vc_column][vc_column width=&#8221;2\/3&#8243;][vc_column_text]<\/p>\n<h2>Marco Nieto Montero<\/h2>\n<h4>Director<\/h4>\n<hr class=\" hr_color\" style=\"margin:0 auto 30px;\"\/>\n\n<p>Marco Nieto holds a <strong>Degree in Business Administration<\/strong> of the University of Wales. He holds several <strong>Master\u2019s degrees<\/strong> <strong>in Stock Markets and Financial Derivatives<\/strong> of the FUE-UNED, in <strong>Administration and Management of International Businesses<\/strong> of the Escuela de Negocios Caixanova and a <strong>Specialized Master&#8217;s in Philosophy degree in Business Organization <\/strong>of the University of Vigo.<\/p>\n<p>Nieto Montero has followed his career in the banking sector where he has held different management positions. Thus, in 1999 he joined <strong>Caixanova\u2019s<\/strong> team, as markets and\u00a0 \u00a0financial analyst, in 2007 he was appointed Expansion Credit Risk Analysis Manager and in 2009 Credit Risk Analysis Manager. After the merger with Caixa Galicia in 2010, he became head of the of Credit Risk Control Department of <strong>Novacaixagalicia<\/strong> and, with the conversion into a bank in 2011 under the name <strong>NCG Banco<\/strong>, he was appointed Credit Risk Control and Monitoring Manager. Since 2014 he has been Credit Tracking Manager at <strong>ABANCA<\/strong>.<\/p>\n<p>In addition, and representing ABANCA, he is a <strong>member of the Boards of Directors<\/strong> of Sociedad de Garant\u00eda Rec\u00edproca de las Provincias de Pontevedra y Ourense (<strong>SOGARPO<\/strong>), of Sociedad de Garant\u00eda Rec\u00edproca de las Provincias de Coru\u00f1a y Lugo (<strong>AFIGAL<\/strong>), and the Venture Capital Company <strong>SODIGA SCR<\/strong>. In June 2019 he joined the <strong>Board of Directors of Nueva Pescanova SL as the representative of the member of the Board Corporaci\u00f3n Empresarial y Financiera de Galicia SL.<\/strong>[\/vc_column_text][\/vc_column][\/vc_row]<\/p>\n<\/section>","protected":false},"excerpt":{"rendered":"<p>[vc_row][vc_column width=&#8221;1\/3&#8243;][\/vc_column][vc_column width=&#8221;2\/3&#8243;][vc_column_text] Marco Nieto Montero Director Marco Nieto holds a Degree in Business Administration of the University of Wales. He holds several Master\u2019s degrees in<span class=\"excerpt-hellip\"> [\u2026]<\/span><\/p>\n","protected":false},"author":3,"featured_media":0,"parent":2724,"menu_order":10,"comment_status":"closed","ping_status":"closed","template":"","meta":{"_acf_changed":false,"footnotes":""},"class_list":["post-10640","page","type-page","status-publish","hentry"],"acf":[],"yoast_head":"<!-- This site is optimized with the Yoast SEO plugin v25.9 - https:\/\/yoast.com\/wordpress\/plugins\/seo\/ -->\n<title>D. Marco Nieto Montero - Nueva Pescanova<\/title>\n<meta name=\"robots\" content=\"index, follow, max-snippet:-1, max-image-preview:large, max-video-preview:-1\" \/>\n<link rel=\"canonical\" href=\"https:\/\/www.nuevapescanova.com\/compania\/consejo-de-administracion\/d-marco-nieto-montero\/\" \/>\n<meta property=\"og:locale\" content=\"en_US\" \/>\n<meta property=\"og:type\" content=\"article\" \/>\n<meta property=\"og:title\" content=\"D. Marco Nieto Montero - Nueva Pescanova\" \/>\n<meta property=\"og:description\" content=\"[vc_row][vc_column width=&#8221;1\/3&#8243;][\/vc_column][vc_column width=&#8221;2\/3&#8243;][vc_column_text] Marco Nieto Montero Director Marco Nieto holds a Degree in Business Administration of the University of Wales. He holds several Master\u2019s degrees in [\u2026]\" \/>\n<meta property=\"og:url\" content=\"https:\/\/www.nuevapescanova.com\/compania\/consejo-de-administracion\/d-marco-nieto-montero\/\" \/>\n<meta property=\"og:site_name\" content=\"Nueva Pescanova\" \/>\n<meta property=\"article:modified_time\" content=\"2020-06-10T08:29:57+00:00\" \/>\n<meta name=\"twitter:card\" content=\"summary_large_image\" \/>\n<meta name=\"twitter:site\" content=\"@PescanovaCorp\" \/>\n<meta name=\"twitter:label1\" content=\"Est. reading time\" \/>\n\t<meta name=\"twitter:data1\" content=\"1 minute\" \/>\n<script type=\"application\/ld+json\" class=\"yoast-schema-graph\">{\"@context\":\"https:\/\/schema.org\",\"@graph\":[{\"@type\":\"WebPage\",\"@id\":\"https:\/\/www.nuevapescanova.com\/compania\/consejo-de-administracion\/d-marco-nieto-montero\/\",\"url\":\"https:\/\/www.nuevapescanova.com\/compania\/consejo-de-administracion\/d-marco-nieto-montero\/\",\"name\":\"D. Marco Nieto Montero - Nueva Pescanova\",\"isPartOf\":{\"@id\":\"https:\/\/www.nuevapescanova.com\/#website\"},\"datePublished\":\"2019-10-25T13:09:31+00:00\",\"dateModified\":\"2020-06-10T08:29:57+00:00\",\"breadcrumb\":{\"@id\":\"https:\/\/www.nuevapescanova.com\/compania\/consejo-de-administracion\/d-marco-nieto-montero\/#breadcrumb\"},\"inLanguage\":\"en-US\",\"potentialAction\":[{\"@type\":\"ReadAction\",\"target\":[\"https:\/\/www.nuevapescanova.com\/compania\/consejo-de-administracion\/d-marco-nieto-montero\/\"]}]},{\"@type\":\"BreadcrumbList\",\"@id\":\"https:\/\/www.nuevapescanova.com\/compania\/consejo-de-administracion\/d-marco-nieto-montero\/#breadcrumb\",\"itemListElement\":[{\"@type\":\"ListItem\",\"position\":1,\"name\":\"Portada\",\"item\":\"https:\/\/www.nuevapescanova.com\/en\/\"},{\"@type\":\"ListItem\",\"position\":2,\"name\":\"Company\",\"item\":\"https:\/\/www.nuevapescanova.com\/en\/company\/\"},{\"@type\":\"ListItem\",\"position\":3,\"name\":\"Board of directors\",\"item\":\"https:\/\/www.nuevapescanova.com\/compania\/consejo-de-administracion\/\"},{\"@type\":\"ListItem\",\"position\":4,\"name\":\"D. Marco Nieto Montero\"}]},{\"@type\":\"WebSite\",\"@id\":\"https:\/\/www.nuevapescanova.com\/#website\",\"url\":\"https:\/\/www.nuevapescanova.com\/\",\"name\":\"Nueva Pescanova\",\"description\":\"\",\"publisher\":{\"@id\":\"https:\/\/www.nuevapescanova.com\/#organization\"},\"potentialAction\":[{\"@type\":\"SearchAction\",\"target\":{\"@type\":\"EntryPoint\",\"urlTemplate\":\"https:\/\/www.nuevapescanova.com\/?s={search_term_string}\"},\"query-input\":{\"@type\":\"PropertyValueSpecification\",\"valueRequired\":true,\"valueName\":\"search_term_string\"}}],\"inLanguage\":\"en-US\"},{\"@type\":\"Organization\",\"@id\":\"https:\/\/www.nuevapescanova.com\/#organization\",\"name\":\"Nueva Pescanova\",\"url\":\"https:\/\/www.nuevapescanova.com\/\",\"logo\":{\"@type\":\"ImageObject\",\"inLanguage\":\"en-US\",\"@id\":\"https:\/\/www.nuevapescanova.com\/#\/schema\/logo\/image\/\",\"url\":\"https:\/\/www.nuevapescanova.com\/nuevapescanova\/wp-content\/uploads\/2023\/06\/Logo-Grupo-Nueva-Pescanova.jpg\",\"contentUrl\":\"https:\/\/www.nuevapescanova.com\/nuevapescanova\/wp-content\/uploads\/2023\/06\/Logo-Grupo-Nueva-Pescanova.jpg\",\"width\":800,\"height\":398,\"caption\":\"Nueva Pescanova\"},\"image\":{\"@id\":\"https:\/\/www.nuevapescanova.com\/#\/schema\/logo\/image\/\"},\"sameAs\":[\"https:\/\/x.com\/PescanovaCorp\",\"https:\/\/www.linkedin.com\/company\/nuevapescanova\/?originalSubdomain=es\"]}]}<\/script>\n<!-- \/ Yoast SEO plugin. -->","yoast_head_json":{"title":"D. Marco Nieto Montero - Nueva Pescanova","robots":{"index":"index","follow":"follow","max-snippet":"max-snippet:-1","max-image-preview":"max-image-preview:large","max-video-preview":"max-video-preview:-1"},"canonical":"https:\/\/www.nuevapescanova.com\/compania\/consejo-de-administracion\/d-marco-nieto-montero\/","og_locale":"en_US","og_type":"article","og_title":"D. Marco Nieto Montero - Nueva Pescanova","og_description":"[vc_row][vc_column width=&#8221;1\/3&#8243;][\/vc_column][vc_column width=&#8221;2\/3&#8243;][vc_column_text] Marco Nieto Montero Director Marco Nieto holds a Degree in Business Administration of the University of Wales. He holds several Master\u2019s degrees in [\u2026]","og_url":"https:\/\/www.nuevapescanova.com\/compania\/consejo-de-administracion\/d-marco-nieto-montero\/","og_site_name":"Nueva Pescanova","article_modified_time":"2020-06-10T08:29:57+00:00","twitter_card":"summary_large_image","twitter_site":"@PescanovaCorp","twitter_misc":{"Est. reading time":"1 minute"},"schema":{"@context":"https:\/\/schema.org","@graph":[{"@type":"WebPage","@id":"https:\/\/www.nuevapescanova.com\/compania\/consejo-de-administracion\/d-marco-nieto-montero\/","url":"https:\/\/www.nuevapescanova.com\/compania\/consejo-de-administracion\/d-marco-nieto-montero\/","name":"D. Marco Nieto Montero - Nueva Pescanova","isPartOf":{"@id":"https:\/\/www.nuevapescanova.com\/#website"},"datePublished":"2019-10-25T13:09:31+00:00","dateModified":"2020-06-10T08:29:57+00:00","breadcrumb":{"@id":"https:\/\/www.nuevapescanova.com\/compania\/consejo-de-administracion\/d-marco-nieto-montero\/#breadcrumb"},"inLanguage":"en-US","potentialAction":[{"@type":"ReadAction","target":["https:\/\/www.nuevapescanova.com\/compania\/consejo-de-administracion\/d-marco-nieto-montero\/"]}]},{"@type":"BreadcrumbList","@id":"https:\/\/www.nuevapescanova.com\/compania\/consejo-de-administracion\/d-marco-nieto-montero\/#breadcrumb","itemListElement":[{"@type":"ListItem","position":1,"name":"Portada","item":"https:\/\/www.nuevapescanova.com\/en\/"},{"@type":"ListItem","position":2,"name":"Company","item":"https:\/\/www.nuevapescanova.com\/en\/company\/"},{"@type":"ListItem","position":3,"name":"Board of directors","item":"https:\/\/www.nuevapescanova.com\/compania\/consejo-de-administracion\/"},{"@type":"ListItem","position":4,"name":"D. Marco Nieto Montero"}]},{"@type":"WebSite","@id":"https:\/\/www.nuevapescanova.com\/#website","url":"https:\/\/www.nuevapescanova.com\/","name":"Nueva Pescanova","description":"","publisher":{"@id":"https:\/\/www.nuevapescanova.com\/#organization"},"potentialAction":[{"@type":"SearchAction","target":{"@type":"EntryPoint","urlTemplate":"https:\/\/www.nuevapescanova.com\/?s={search_term_string}"},"query-input":{"@type":"PropertyValueSpecification","valueRequired":true,"valueName":"search_term_string"}}],"inLanguage":"en-US"},{"@type":"Organization","@id":"https:\/\/www.nuevapescanova.com\/#organization","name":"Nueva Pescanova","url":"https:\/\/www.nuevapescanova.com\/","logo":{"@type":"ImageObject","inLanguage":"en-US","@id":"https:\/\/www.nuevapescanova.com\/#\/schema\/logo\/image\/","url":"https:\/\/www.nuevapescanova.com\/nuevapescanova\/wp-content\/uploads\/2023\/06\/Logo-Grupo-Nueva-Pescanova.jpg","contentUrl":"https:\/\/www.nuevapescanova.com\/nuevapescanova\/wp-content\/uploads\/2023\/06\/Logo-Grupo-Nueva-Pescanova.jpg","width":800,"height":398,"caption":"Nueva Pescanova"},"image":{"@id":"https:\/\/www.nuevapescanova.com\/#\/schema\/logo\/image\/"},"sameAs":["https:\/\/x.com\/PescanovaCorp","https:\/\/www.linkedin.com\/company\/nuevapescanova\/?originalSubdomain=es"]}]}},"_links":{"self":[{"href":"https:\/\/www.nuevapescanova.com\/en\/wp-json\/wp\/v2\/pages\/10640","targetHints":{"allow":["GET"]}}],"collection":[{"href":"https:\/\/www.nuevapescanova.com\/en\/wp-json\/wp\/v2\/pages"}],"about":[{"href":"https:\/\/www.nuevapescanova.com\/en\/wp-json\/wp\/v2\/types\/page"}],"author":[{"embeddable":true,"href":"https:\/\/www.nuevapescanova.com\/en\/wp-json\/wp\/v2\/users\/3"}],"replies":[{"embeddable":true,"href":"https:\/\/www.nuevapescanova.com\/en\/wp-json\/wp\/v2\/comments?post=10640"}],"version-history":[{"count":0,"href":"https:\/\/www.nuevapescanova.com\/en\/wp-json\/wp\/v2\/pages\/10640\/revisions"}],"up":[{"embeddable":true,"href":"https:\/\/www.nuevapescanova.com\/en\/wp-json\/wp\/v2\/pages\/2724"}],"wp:attachment":[{"href":"https:\/\/www.nuevapescanova.com\/en\/wp-json\/wp\/v2\/media?parent=10640"}],"curies":[{"name":"wp","href":"https:\/\/api.w.org\/{rel}","templated":true}]}}