{"id":13352,"date":"2020-04-14T08:13:40","date_gmt":"2020-04-14T08:13:40","guid":{"rendered":"http:\/\/www.nuevapescanova.com\/?page_id=13352"},"modified":"2021-09-15T07:11:17","modified_gmt":"2021-09-15T07:11:17","slug":"d-javier-carral","status":"publish","type":"page","link":"https:\/\/www.nuevapescanova.com\/en\/company\/board-of-directors\/d-javier-carral\/","title":{"rendered":"D. Javier Carral"},"content":{"rendered":"<section class=\"wpb-content-wrapper\"><p>[vc_row][vc_column width=&#8221;1\/3&#8243;]<div class=\"photo_box element_classes  without-desc\"><div class=\"image_frame\"><div class=\"image_wrapper\"><div class=\"mask\"><\/div><img loading=\"lazy\" decoding=\"async\" class=\"scale-with-grid\" src=\"https:\/\/www.nuevapescanova.com\/nuevapescanova\/wp-content\/uploads\/2020\/09\/Carral.jpg\" alt=\"Carral\" width=\"300\" height=\"300\"\/><\/div><\/div><\/div>\n[\/vc_column][vc_column width=&#8221;2\/3&#8243;][vc_column_text]<\/p>\n<h2>Javier Carral<\/h2>\n<h4>Director<\/h4>\n<hr class=\" hr_color\" style=\"margin:0 auto 30px;\"\/>\n\n<p>Javier holds a degree in Economics and Business Sciences of the Complutense University of Madrid and an MBA of Huston University (USA).<\/p>\n<p>His professional career started in Banesto Mercado de Capitales. In 1994 he joined HSBC bank where he work in different divisions Treasury and Capital Markets, Private Banking, ending this period as President of HSBC Gesti\u00f3n SGIIC HSBC Gesti\u00f3n SGIIC.<\/p>\n<p>In 2000 he joined Caixa Galicia, where he held different responsibility positions: Director General of GesCaixa Galicia SGECR, Director of Financial Centres, Investments Director and Managing Director of Corporaci\u00f3n Industrial.<\/p>\n<p>In 2014 he is appointed Head of the Investees of ABANCA. He has been member of different boards of directors like Itinere Infraestructuras, R Cable, Cafento, Pl\u00e1sticos Ferro, Gas Galicia, Dinak, Cupa Group, Norvento, Continental Group, Helena Activos L\u00edquidos, Vigo Activo SCR, Sodiga SGECR, Chairman of Espacios Termol\u00fadicos and Vice-president of Tecnocom. He has also been member of the advisory boards of Unirisco, I+D Unifondo, Baring Iberia and Diana Capital.<\/p>\n<p>In 2021 he is appointed Executive Head of Investment Banking.<\/p>\n<p>At present he represents ABANCA in the boards of directors of Caser, Sogevinus Fine Wines and Veralia Corporaci\u00f3n de Productoras de Cine y Televisi\u00f3n.[\/vc_column_text][\/vc_column][\/vc_row]<\/p>\n<\/section>","protected":false},"excerpt":{"rendered":"<p>[vc_row][vc_column width=&#8221;1\/3&#8243;][\/vc_column][vc_column width=&#8221;2\/3&#8243;][vc_column_text] Javier Carral Director Javier holds a degree in Economics and Business Sciences of the Complutense University of Madrid and an MBA of Huston<span class=\"excerpt-hellip\"> [\u2026]<\/span><\/p>\n","protected":false},"author":3,"featured_media":0,"parent":2724,"menu_order":1,"comment_status":"closed","ping_status":"closed","template":"","meta":{"_acf_changed":false,"footnotes":""},"class_list":["post-13352","page","type-page","status-publish","hentry"],"acf":[],"yoast_head":"<!-- This site is optimized with the Yoast SEO plugin v25.9 - https:\/\/yoast.com\/wordpress\/plugins\/seo\/ -->\n<title>D. Javier Carral - Nueva Pescanova<\/title>\n<meta name=\"robots\" content=\"index, follow, max-snippet:-1, max-image-preview:large, max-video-preview:-1\" \/>\n<link rel=\"canonical\" href=\"https:\/\/www.nuevapescanova.com\/compania\/consejo-de-administracion\/javeri_carral\/\" \/>\n<meta property=\"og:locale\" content=\"en_US\" \/>\n<meta property=\"og:type\" content=\"article\" \/>\n<meta property=\"og:title\" content=\"D. Javier Carral - Nueva Pescanova\" \/>\n<meta property=\"og:description\" content=\"[vc_row][vc_column width=&#8221;1\/3&#8243;][\/vc_column][vc_column width=&#8221;2\/3&#8243;][vc_column_text] Javier Carral Director Javier holds a degree in Economics and Business Sciences of the Complutense University of Madrid and an MBA of Huston [\u2026]\" \/>\n<meta property=\"og:url\" content=\"https:\/\/www.nuevapescanova.com\/compania\/consejo-de-administracion\/javeri_carral\/\" \/>\n<meta property=\"og:site_name\" content=\"Nueva Pescanova\" \/>\n<meta property=\"article:modified_time\" content=\"2021-09-15T07:11:17+00:00\" \/>\n<meta name=\"twitter:card\" content=\"summary_large_image\" \/>\n<meta name=\"twitter:site\" content=\"@PescanovaCorp\" \/>\n<meta name=\"twitter:label1\" content=\"Est. reading time\" \/>\n\t<meta name=\"twitter:data1\" content=\"1 minute\" \/>\n<script type=\"application\/ld+json\" class=\"yoast-schema-graph\">{\"@context\":\"https:\/\/schema.org\",\"@graph\":[{\"@type\":\"WebPage\",\"@id\":\"https:\/\/www.nuevapescanova.com\/compania\/consejo-de-administracion\/javeri_carral\/\",\"url\":\"https:\/\/www.nuevapescanova.com\/compania\/consejo-de-administracion\/javeri_carral\/\",\"name\":\"D. Javier Carral - Nueva Pescanova\",\"isPartOf\":{\"@id\":\"https:\/\/www.nuevapescanova.com\/#website\"},\"datePublished\":\"2020-04-14T08:13:40+00:00\",\"dateModified\":\"2021-09-15T07:11:17+00:00\",\"breadcrumb\":{\"@id\":\"https:\/\/www.nuevapescanova.com\/compania\/consejo-de-administracion\/javeri_carral\/#breadcrumb\"},\"inLanguage\":\"en-US\",\"potentialAction\":[{\"@type\":\"ReadAction\",\"target\":[\"https:\/\/www.nuevapescanova.com\/compania\/consejo-de-administracion\/javeri_carral\/\"]}]},{\"@type\":\"BreadcrumbList\",\"@id\":\"https:\/\/www.nuevapescanova.com\/compania\/consejo-de-administracion\/javeri_carral\/#breadcrumb\",\"itemListElement\":[{\"@type\":\"ListItem\",\"position\":1,\"name\":\"Portada\",\"item\":\"https:\/\/www.nuevapescanova.com\/en\/\"},{\"@type\":\"ListItem\",\"position\":2,\"name\":\"Company\",\"item\":\"https:\/\/www.nuevapescanova.com\/en\/company\/\"},{\"@type\":\"ListItem\",\"position\":3,\"name\":\"Board of directors\",\"item\":\"https:\/\/www.nuevapescanova.com\/compania\/consejo-de-administracion\/\"},{\"@type\":\"ListItem\",\"position\":4,\"name\":\"D. Javier Carral\"}]},{\"@type\":\"WebSite\",\"@id\":\"https:\/\/www.nuevapescanova.com\/#website\",\"url\":\"https:\/\/www.nuevapescanova.com\/\",\"name\":\"Nueva Pescanova\",\"description\":\"\",\"publisher\":{\"@id\":\"https:\/\/www.nuevapescanova.com\/#organization\"},\"potentialAction\":[{\"@type\":\"SearchAction\",\"target\":{\"@type\":\"EntryPoint\",\"urlTemplate\":\"https:\/\/www.nuevapescanova.com\/?s={search_term_string}\"},\"query-input\":{\"@type\":\"PropertyValueSpecification\",\"valueRequired\":true,\"valueName\":\"search_term_string\"}}],\"inLanguage\":\"en-US\"},{\"@type\":\"Organization\",\"@id\":\"https:\/\/www.nuevapescanova.com\/#organization\",\"name\":\"Nueva Pescanova\",\"url\":\"https:\/\/www.nuevapescanova.com\/\",\"logo\":{\"@type\":\"ImageObject\",\"inLanguage\":\"en-US\",\"@id\":\"https:\/\/www.nuevapescanova.com\/#\/schema\/logo\/image\/\",\"url\":\"https:\/\/www.nuevapescanova.com\/nuevapescanova\/wp-content\/uploads\/2023\/06\/Logo-Grupo-Nueva-Pescanova.jpg\",\"contentUrl\":\"https:\/\/www.nuevapescanova.com\/nuevapescanova\/wp-content\/uploads\/2023\/06\/Logo-Grupo-Nueva-Pescanova.jpg\",\"width\":800,\"height\":398,\"caption\":\"Nueva Pescanova\"},\"image\":{\"@id\":\"https:\/\/www.nuevapescanova.com\/#\/schema\/logo\/image\/\"},\"sameAs\":[\"https:\/\/x.com\/PescanovaCorp\",\"https:\/\/www.linkedin.com\/company\/nuevapescanova\/?originalSubdomain=es\"]}]}<\/script>\n<!-- \/ Yoast SEO plugin. -->","yoast_head_json":{"title":"D. Javier Carral - Nueva Pescanova","robots":{"index":"index","follow":"follow","max-snippet":"max-snippet:-1","max-image-preview":"max-image-preview:large","max-video-preview":"max-video-preview:-1"},"canonical":"https:\/\/www.nuevapescanova.com\/compania\/consejo-de-administracion\/javeri_carral\/","og_locale":"en_US","og_type":"article","og_title":"D. Javier Carral - Nueva Pescanova","og_description":"[vc_row][vc_column width=&#8221;1\/3&#8243;][\/vc_column][vc_column width=&#8221;2\/3&#8243;][vc_column_text] Javier Carral Director Javier holds a degree in Economics and Business Sciences of the Complutense University of Madrid and an MBA of Huston [\u2026]","og_url":"https:\/\/www.nuevapescanova.com\/compania\/consejo-de-administracion\/javeri_carral\/","og_site_name":"Nueva Pescanova","article_modified_time":"2021-09-15T07:11:17+00:00","twitter_card":"summary_large_image","twitter_site":"@PescanovaCorp","twitter_misc":{"Est. reading time":"1 minute"},"schema":{"@context":"https:\/\/schema.org","@graph":[{"@type":"WebPage","@id":"https:\/\/www.nuevapescanova.com\/compania\/consejo-de-administracion\/javeri_carral\/","url":"https:\/\/www.nuevapescanova.com\/compania\/consejo-de-administracion\/javeri_carral\/","name":"D. Javier Carral - Nueva Pescanova","isPartOf":{"@id":"https:\/\/www.nuevapescanova.com\/#website"},"datePublished":"2020-04-14T08:13:40+00:00","dateModified":"2021-09-15T07:11:17+00:00","breadcrumb":{"@id":"https:\/\/www.nuevapescanova.com\/compania\/consejo-de-administracion\/javeri_carral\/#breadcrumb"},"inLanguage":"en-US","potentialAction":[{"@type":"ReadAction","target":["https:\/\/www.nuevapescanova.com\/compania\/consejo-de-administracion\/javeri_carral\/"]}]},{"@type":"BreadcrumbList","@id":"https:\/\/www.nuevapescanova.com\/compania\/consejo-de-administracion\/javeri_carral\/#breadcrumb","itemListElement":[{"@type":"ListItem","position":1,"name":"Portada","item":"https:\/\/www.nuevapescanova.com\/en\/"},{"@type":"ListItem","position":2,"name":"Company","item":"https:\/\/www.nuevapescanova.com\/en\/company\/"},{"@type":"ListItem","position":3,"name":"Board of directors","item":"https:\/\/www.nuevapescanova.com\/compania\/consejo-de-administracion\/"},{"@type":"ListItem","position":4,"name":"D. Javier Carral"}]},{"@type":"WebSite","@id":"https:\/\/www.nuevapescanova.com\/#website","url":"https:\/\/www.nuevapescanova.com\/","name":"Nueva Pescanova","description":"","publisher":{"@id":"https:\/\/www.nuevapescanova.com\/#organization"},"potentialAction":[{"@type":"SearchAction","target":{"@type":"EntryPoint","urlTemplate":"https:\/\/www.nuevapescanova.com\/?s={search_term_string}"},"query-input":{"@type":"PropertyValueSpecification","valueRequired":true,"valueName":"search_term_string"}}],"inLanguage":"en-US"},{"@type":"Organization","@id":"https:\/\/www.nuevapescanova.com\/#organization","name":"Nueva Pescanova","url":"https:\/\/www.nuevapescanova.com\/","logo":{"@type":"ImageObject","inLanguage":"en-US","@id":"https:\/\/www.nuevapescanova.com\/#\/schema\/logo\/image\/","url":"https:\/\/www.nuevapescanova.com\/nuevapescanova\/wp-content\/uploads\/2023\/06\/Logo-Grupo-Nueva-Pescanova.jpg","contentUrl":"https:\/\/www.nuevapescanova.com\/nuevapescanova\/wp-content\/uploads\/2023\/06\/Logo-Grupo-Nueva-Pescanova.jpg","width":800,"height":398,"caption":"Nueva Pescanova"},"image":{"@id":"https:\/\/www.nuevapescanova.com\/#\/schema\/logo\/image\/"},"sameAs":["https:\/\/x.com\/PescanovaCorp","https:\/\/www.linkedin.com\/company\/nuevapescanova\/?originalSubdomain=es"]}]}},"_links":{"self":[{"href":"https:\/\/www.nuevapescanova.com\/en\/wp-json\/wp\/v2\/pages\/13352","targetHints":{"allow":["GET"]}}],"collection":[{"href":"https:\/\/www.nuevapescanova.com\/en\/wp-json\/wp\/v2\/pages"}],"about":[{"href":"https:\/\/www.nuevapescanova.com\/en\/wp-json\/wp\/v2\/types\/page"}],"author":[{"embeddable":true,"href":"https:\/\/www.nuevapescanova.com\/en\/wp-json\/wp\/v2\/users\/3"}],"replies":[{"embeddable":true,"href":"https:\/\/www.nuevapescanova.com\/en\/wp-json\/wp\/v2\/comments?post=13352"}],"version-history":[{"count":2,"href":"https:\/\/www.nuevapescanova.com\/en\/wp-json\/wp\/v2\/pages\/13352\/revisions"}],"predecessor-version":[{"id":22489,"href":"https:\/\/www.nuevapescanova.com\/en\/wp-json\/wp\/v2\/pages\/13352\/revisions\/22489"}],"up":[{"embeddable":true,"href":"https:\/\/www.nuevapescanova.com\/en\/wp-json\/wp\/v2\/pages\/2724"}],"wp:attachment":[{"href":"https:\/\/www.nuevapescanova.com\/en\/wp-json\/wp\/v2\/media?parent=13352"}],"curies":[{"name":"wp","href":"https:\/\/api.w.org\/{rel}","templated":true}]}}