{"id":3005,"date":"2017-12-19T17:04:09","date_gmt":"2017-12-19T17:04:09","guid":{"rendered":"http:\/\/demo.nuevapescanova.com\/que-hacemos\/comercializamos\/"},"modified":"2025-10-16T10:38:43","modified_gmt":"2025-10-16T10:38:43","slug":"we-sell","status":"publish","type":"page","link":"https:\/\/www.nuevapescanova.com\/en\/what-we-do-2\/we-sell\/","title":{"rendered":"We sell"},"content":{"rendered":"<section class=\"wpb-content-wrapper\"><p>[vc_row][vc_column width=&#8221;1\/2&#8243;][vc_column_text el_class=&#8221;titulo&#8221;]We sell[\/vc_column_text][\/vc_column][vc_column width=&#8221;1\/2&#8243;][vc_column_text el_class=&#8221;titulo-historia&#8221; css=&#8221;.vc_custom_1520525987940{margin-top: 40px !important;}&#8221;]<\/p>\n<p style=\"text-align: right;\">We bring you the <strong>freshness<\/strong> of the <strong>sea<\/strong><\/p>\n<p>[\/vc_column_text][\/vc_column][\/vc_row][vc_row css=&#8221;.vc_custom_1516436638933{margin-top: 0px !important;margin-bottom: 0px !important;padding-top: 0px !important;padding-bottom: 0px !important;background-color: #ffffff !important;}&#8221;][vc_column][vc_row_inner css=&#8221;.vc_custom_1516473622805{margin-top: 0px !important;margin-bottom: 0px !important;padding-top: 0px !important;padding-bottom: 0px !important;}&#8221; el_class=&#8221;sombra&#8221;][vc_column_inner css=&#8221;.vc_custom_1516473631873{margin-bottom: 0px !important;padding-bottom: 0px !important;}&#8221;][vc_column_text]For over 60 years, we have been bringing the <strong>best seafood products to millions of households all around the world<\/strong>, making innovation, freshness and quality the hallmark of the Pescanova brand. Today, our products are present in <strong>80 countries of 5 continents<\/strong>.<\/p>\n<p>We were the first to introduce frozen seafood products to Spanish markets and many other countries. Since then, we have endeavored to<strong> anticipate consumer trends with fresh, ready-to-eat products and easy-to-prepare meals adapted to current consumption habits<\/strong>, such as &#8220;snacking at home&#8221; moments, without sacrificing health or taste.[\/vc_column_text][vc_column_text][\/vc_column_text][\/vc_column_inner][\/vc_row_inner][\/vc_column][\/vc_row][vc_row][vc_column][vc_column_text el_class=&#8221;titulo&#8221;]Business offices[\/vc_column_text][\/vc_column][\/vc_row][vc_row css=&#8221;.vc_custom_1516440124158{margin-top: 0px !important;margin-bottom: 0px !important;padding-top: 0px !important;padding-bottom: 0px !important;background-color: #ffffff !important;}&#8221;][vc_column][vc_single_image image=&#8221;1884&#8243; img_size=&#8221;full&#8221; css=&#8221;.vc_custom_1517144033637{margin-bottom: 0px !important;padding-bottom: 0px !important;}&#8221;][vc_row_inner equal_height=&#8221;yes&#8221; content_placement=&#8221;top&#8221; css=&#8221;.vc_custom_1516614228447{margin-top: 0px !important;margin-bottom: 0px !important;padding-top: 0px !important;padding-bottom: 0px !important;}&#8221;][vc_column_inner width=&#8221;1\/3&#8243; css=&#8221;.vc_custom_1516440146501{margin-top: 0px !important;margin-bottom: 0px !important;padding-top: 0px !important;padding-bottom: 0px !important;}&#8221;][vc_column_text css=&#8221;.vc_custom_1519925675857{margin-top: 0px !important;margin-bottom: 0px !important;padding-top: 0px !important;padding-bottom: 0px !important;}&#8221;]<\/p>\n<h4>Chapela Business Office<\/h4>\n<p>R\u00faa Jos\u00e9 Fern\u00e1ndez L\u00f3pez s\/n<br \/>\n36320 Chapela. Redondela.<\/p>\n<p>SPAIN<\/p>\n<p><a href=\"http:\/\/www.pescanova.es\" target=\"_blank\" rel=\"noopener noreferrer\">www.pescanova.es<\/a>[\/vc_column_text][\/vc_column_inner][vc_column_inner width=&#8221;1\/3&#8243; css=&#8221;.vc_custom_1516440153762{margin-top: 0px !important;margin-bottom: 0px !important;padding-top: 0px !important;padding-bottom: 0px !important;}&#8221;][vc_column_text css=&#8221;.vc_custom_1728314755497{margin-top: 0px !important;margin-bottom: 0px !important;padding-top: 0px !important;padding-bottom: 0px !important;}&#8221;]<\/p>\n<h4>Global Sales Office<\/h4>\n<p>C\/ Enrique Larreta, 3 &#8211; 1\u00ba A.<br \/>\n28036 Madrid<\/p>\n<p>SPAIN[\/vc_column_text][\/vc_column_inner][vc_column_inner width=&#8221;1\/3&#8243;][vc_column_text css=&#8221;.vc_custom_1574412590619{margin-top: 0px !important;margin-bottom: 0px !important;padding-top: 0px !important;padding-bottom: 0px !important;}&#8221;]<\/p>\n<h4>Nueva Pescanova France<\/h4>\n<p>5 Chemin Des Presses<br \/>\nTechnopolis \u2013 BAT P<br \/>\n06800 Cagnes-Sur-Mer<\/p>\n<p>FRANCE<\/p>\n<p><a href=\"http:\/\/www.pescanova.fr\" target=\"_blank\" rel=\"noopener noreferrer\">www.pescanova.fr<\/a>[\/vc_column_text][\/vc_column_inner][\/vc_row_inner][vc_row_inner css=&#8221;.vc_custom_1574412944091{margin-top: 40px !important;margin-bottom: 0px !important;padding-top: 0px !important;padding-bottom: 0px !important;}&#8221;][vc_column_inner width=&#8221;1\/3&#8243; css=&#8221;.vc_custom_1516440146501{margin-top: 0px !important;margin-bottom: 0px !important;padding-top: 0px !important;padding-bottom: 0px !important;}&#8221;][vc_column_text]<\/p>\n<h4>Pescanova Hellas<\/h4>\n<p>53 Pentelis Ave. &amp; 16-18 Patroklou Str.<br \/>\n15235, Vrilissia.<br \/>\nAthens<\/p>\n<p>GREECE<\/p>\n<p><a href=\"http:\/\/www.pescanova.gr\/\" target=\"_blank\" rel=\"noopener noreferrer\">www.pescanova.gr<\/a>[\/vc_column_text][\/vc_column_inner][vc_column_inner width=&#8221;1\/3&#8243; css=&#8221;.vc_custom_1516440153762{margin-top: 0px !important;margin-bottom: 0px !important;padding-top: 0px !important;padding-bottom: 0px !important;}&#8221;][vc_column_text]<\/p>\n<h4>Pescanova Italia, S.A<\/h4>\n<p>Via Ugo Bassi, 7<br \/>\n40121 Bologna (BO)<\/p>\n<p>ITALY<\/p>\n<p><a href=\"http:\/\/www.pescanova.it\/\" target=\"_blank\" rel=\"noopener noreferrer\">www.pescanova.it<\/a>[\/vc_column_text][\/vc_column_inner][vc_column_inner width=&#8221;1\/3&#8243;][vc_column_text]<\/p>\n<h4>Novaper\u00fa<\/h4>\n<p>Parque Industrial Indupark. Manzana G. Lotes 2 y 3<br \/>\n<span dir=\"ltr\">Chilca. Lima. Per\u00fa<br \/>\nTel: (+511) 617 4200<br \/>\n<a href=\"https:\/\/www.pescanova.pe\/\" target=\"_blank\" rel=\"noopener\">https:\/\/www.pescanova.pe\/<\/a><\/span>[\/vc_column_text][\/vc_column_inner][\/vc_row_inner][vc_row_inner css=&#8221;.vc_custom_1574412944091{margin-top: 40px !important;margin-bottom: 0px !important;padding-top: 0px !important;padding-bottom: 0px !important;}&#8221;][vc_column_inner width=&#8221;1\/3&#8243; css=&#8221;.vc_custom_1516440146501{margin-top: 0px !important;margin-bottom: 0px !important;padding-top: 0px !important;padding-bottom: 0px !important;}&#8221;][vc_column_text]<\/p>\n<h4>Pescanova USA<\/h4>\n<p>201 South Biscayne Boulevard, Suite 730<br \/>\nMiami, FL 33131<\/p>\n<p>USA<\/p>\n<p><a href=\"http:\/\/www.pescanovausa.com\" target=\"_blank\" rel=\"noopener noreferrer\">www.pescanovausa.com<\/a>[\/vc_column_text][\/vc_column_inner][vc_column_inner width=&#8221;1\/3&#8243;][vc_column_text]<\/p>\n<h4>Nueva Pescanova South Africa<\/h4>\n<p>Unit 8, Tyger Quays, Tyger waterfront<br \/>\nBellville, 7550<br \/>\nSOUTH AFRICA<\/p>\n<p><a href=\"http:\/\/www.pescanovaweb.co.za\" target=\"_blank\" rel=\"noopener\">www.pescanovaweb.co.za<\/a>[\/vc_column_text][\/vc_column_inner][vc_column_inner width=&#8221;1\/3&#8243;][vc_column_text]<\/p>\n<h4>Pescanova Portugal<\/h4>\n<p>Avenida Da Republica 1, B-4 1495-110, Alg\u00e9s<\/p>\n<p>PORTUGAL<\/p>\n<p><a href=\"http:\/\/www.pescanova.pt\" target=\"_blank\" rel=\"noopener noreferrer\">www.pescanova.pt<\/a>[\/vc_column_text][\/vc_column_inner][\/vc_row_inner][\/vc_column][\/vc_row][vc_row][vc_column][vc_empty_space height=&#8221;60px&#8221;][\/vc_column][\/vc_row]<\/p>\n<\/section>","protected":false},"excerpt":{"rendered":"<p>[vc_row][vc_column width=&#8221;1\/2&#8243;][vc_column_text el_class=&#8221;titulo&#8221;]We sell[\/vc_column_text][\/vc_column][vc_column width=&#8221;1\/2&#8243;][vc_column_text el_class=&#8221;titulo-historia&#8221; css=&#8221;.vc_custom_1520525987940{margin-top: 40px !important;}&#8221;] We bring you the freshness of the sea [\/vc_column_text][\/vc_column][\/vc_row][vc_row css=&#8221;.vc_custom_1516436638933{margin-top: 0px !important;margin-bottom: 0px !important;padding-top: 0px !important;padding-bottom: 0px<span class=\"excerpt-hellip\"> [\u2026]<\/span><\/p>\n","protected":false},"author":3,"featured_media":0,"parent":3001,"menu_order":4,"comment_status":"closed","ping_status":"closed","template":"","meta":{"_acf_changed":false,"footnotes":""},"class_list":["post-3005","page","type-page","status-publish","hentry"],"acf":[],"yoast_head":"<!-- This site is optimized with the Yoast SEO plugin v25.9 - https:\/\/yoast.com\/wordpress\/plugins\/seo\/ -->\n<title>We sell - Nueva Pescanova<\/title>\n<meta name=\"robots\" content=\"index, follow, max-snippet:-1, max-image-preview:large, max-video-preview:-1\" \/>\n<link rel=\"canonical\" href=\"https:\/\/www.nuevapescanova.com\/en\/what-we-do-2\/we-sell\/\" \/>\n<meta property=\"og:locale\" content=\"en_US\" \/>\n<meta property=\"og:type\" content=\"article\" \/>\n<meta property=\"og:title\" content=\"We sell - Nueva Pescanova\" \/>\n<meta property=\"og:description\" content=\"[vc_row][vc_column width=&#8221;1\/2&#8243;][vc_column_text el_class=&#8221;titulo&#8221;]We sell[\/vc_column_text][\/vc_column][vc_column width=&#8221;1\/2&#8243;][vc_column_text el_class=&#8221;titulo-historia&#8221; css=&#8221;.vc_custom_1520525987940{margin-top: 40px !important;}&#8221;] We bring you the freshness of the sea [\/vc_column_text][\/vc_column][\/vc_row][vc_row css=&#8221;.vc_custom_1516436638933{margin-top: 0px !important;margin-bottom: 0px !important;padding-top: 0px !important;padding-bottom: 0px [\u2026]\" \/>\n<meta property=\"og:url\" content=\"https:\/\/www.nuevapescanova.com\/en\/what-we-do-2\/we-sell\/\" \/>\n<meta property=\"og:site_name\" content=\"Nueva Pescanova\" \/>\n<meta property=\"article:modified_time\" content=\"2025-10-16T10:38:43+00:00\" \/>\n<meta name=\"twitter:card\" content=\"summary_large_image\" \/>\n<meta name=\"twitter:site\" content=\"@PescanovaCorp\" \/>\n<meta name=\"twitter:label1\" content=\"Est. reading time\" \/>\n\t<meta name=\"twitter:data1\" content=\"3 minutes\" \/>\n<script type=\"application\/ld+json\" class=\"yoast-schema-graph\">{\"@context\":\"https:\/\/schema.org\",\"@graph\":[{\"@type\":\"WebPage\",\"@id\":\"https:\/\/www.nuevapescanova.com\/en\/what-we-do-2\/we-sell\/\",\"url\":\"https:\/\/www.nuevapescanova.com\/en\/what-we-do-2\/we-sell\/\",\"name\":\"We sell - Nueva Pescanova\",\"isPartOf\":{\"@id\":\"https:\/\/www.nuevapescanova.com\/#website\"},\"datePublished\":\"2017-12-19T17:04:09+00:00\",\"dateModified\":\"2025-10-16T10:38:43+00:00\",\"breadcrumb\":{\"@id\":\"https:\/\/www.nuevapescanova.com\/en\/what-we-do-2\/we-sell\/#breadcrumb\"},\"inLanguage\":\"en-US\",\"potentialAction\":[{\"@type\":\"ReadAction\",\"target\":[\"https:\/\/www.nuevapescanova.com\/en\/what-we-do-2\/we-sell\/\"]}]},{\"@type\":\"BreadcrumbList\",\"@id\":\"https:\/\/www.nuevapescanova.com\/en\/what-we-do-2\/we-sell\/#breadcrumb\",\"itemListElement\":[{\"@type\":\"ListItem\",\"position\":1,\"name\":\"Portada\",\"item\":\"https:\/\/www.nuevapescanova.com\/en\/\"},{\"@type\":\"ListItem\",\"position\":2,\"name\":\"What we do\",\"item\":\"https:\/\/www.nuevapescanova.com\/en\/what-we-do-2\/\"},{\"@type\":\"ListItem\",\"position\":3,\"name\":\"We sell\"}]},{\"@type\":\"WebSite\",\"@id\":\"https:\/\/www.nuevapescanova.com\/#website\",\"url\":\"https:\/\/www.nuevapescanova.com\/\",\"name\":\"Nueva Pescanova\",\"description\":\"\",\"publisher\":{\"@id\":\"https:\/\/www.nuevapescanova.com\/#organization\"},\"potentialAction\":[{\"@type\":\"SearchAction\",\"target\":{\"@type\":\"EntryPoint\",\"urlTemplate\":\"https:\/\/www.nuevapescanova.com\/?s={search_term_string}\"},\"query-input\":{\"@type\":\"PropertyValueSpecification\",\"valueRequired\":true,\"valueName\":\"search_term_string\"}}],\"inLanguage\":\"en-US\"},{\"@type\":\"Organization\",\"@id\":\"https:\/\/www.nuevapescanova.com\/#organization\",\"name\":\"Nueva Pescanova\",\"url\":\"https:\/\/www.nuevapescanova.com\/\",\"logo\":{\"@type\":\"ImageObject\",\"inLanguage\":\"en-US\",\"@id\":\"https:\/\/www.nuevapescanova.com\/#\/schema\/logo\/image\/\",\"url\":\"https:\/\/www.nuevapescanova.com\/nuevapescanova\/wp-content\/uploads\/2023\/06\/Logo-Grupo-Nueva-Pescanova.jpg\",\"contentUrl\":\"https:\/\/www.nuevapescanova.com\/nuevapescanova\/wp-content\/uploads\/2023\/06\/Logo-Grupo-Nueva-Pescanova.jpg\",\"width\":800,\"height\":398,\"caption\":\"Nueva Pescanova\"},\"image\":{\"@id\":\"https:\/\/www.nuevapescanova.com\/#\/schema\/logo\/image\/\"},\"sameAs\":[\"https:\/\/x.com\/PescanovaCorp\",\"https:\/\/www.linkedin.com\/company\/nuevapescanova\/?originalSubdomain=es\"]}]}<\/script>\n<!-- \/ Yoast SEO plugin. -->","yoast_head_json":{"title":"We sell - Nueva Pescanova","robots":{"index":"index","follow":"follow","max-snippet":"max-snippet:-1","max-image-preview":"max-image-preview:large","max-video-preview":"max-video-preview:-1"},"canonical":"https:\/\/www.nuevapescanova.com\/en\/what-we-do-2\/we-sell\/","og_locale":"en_US","og_type":"article","og_title":"We sell - Nueva Pescanova","og_description":"[vc_row][vc_column width=&#8221;1\/2&#8243;][vc_column_text el_class=&#8221;titulo&#8221;]We sell[\/vc_column_text][\/vc_column][vc_column width=&#8221;1\/2&#8243;][vc_column_text el_class=&#8221;titulo-historia&#8221; css=&#8221;.vc_custom_1520525987940{margin-top: 40px !important;}&#8221;] We bring you the freshness of the sea [\/vc_column_text][\/vc_column][\/vc_row][vc_row css=&#8221;.vc_custom_1516436638933{margin-top: 0px !important;margin-bottom: 0px !important;padding-top: 0px !important;padding-bottom: 0px [\u2026]","og_url":"https:\/\/www.nuevapescanova.com\/en\/what-we-do-2\/we-sell\/","og_site_name":"Nueva Pescanova","article_modified_time":"2025-10-16T10:38:43+00:00","twitter_card":"summary_large_image","twitter_site":"@PescanovaCorp","twitter_misc":{"Est. reading time":"3 minutes"},"schema":{"@context":"https:\/\/schema.org","@graph":[{"@type":"WebPage","@id":"https:\/\/www.nuevapescanova.com\/en\/what-we-do-2\/we-sell\/","url":"https:\/\/www.nuevapescanova.com\/en\/what-we-do-2\/we-sell\/","name":"We sell - Nueva Pescanova","isPartOf":{"@id":"https:\/\/www.nuevapescanova.com\/#website"},"datePublished":"2017-12-19T17:04:09+00:00","dateModified":"2025-10-16T10:38:43+00:00","breadcrumb":{"@id":"https:\/\/www.nuevapescanova.com\/en\/what-we-do-2\/we-sell\/#breadcrumb"},"inLanguage":"en-US","potentialAction":[{"@type":"ReadAction","target":["https:\/\/www.nuevapescanova.com\/en\/what-we-do-2\/we-sell\/"]}]},{"@type":"BreadcrumbList","@id":"https:\/\/www.nuevapescanova.com\/en\/what-we-do-2\/we-sell\/#breadcrumb","itemListElement":[{"@type":"ListItem","position":1,"name":"Portada","item":"https:\/\/www.nuevapescanova.com\/en\/"},{"@type":"ListItem","position":2,"name":"What we do","item":"https:\/\/www.nuevapescanova.com\/en\/what-we-do-2\/"},{"@type":"ListItem","position":3,"name":"We sell"}]},{"@type":"WebSite","@id":"https:\/\/www.nuevapescanova.com\/#website","url":"https:\/\/www.nuevapescanova.com\/","name":"Nueva Pescanova","description":"","publisher":{"@id":"https:\/\/www.nuevapescanova.com\/#organization"},"potentialAction":[{"@type":"SearchAction","target":{"@type":"EntryPoint","urlTemplate":"https:\/\/www.nuevapescanova.com\/?s={search_term_string}"},"query-input":{"@type":"PropertyValueSpecification","valueRequired":true,"valueName":"search_term_string"}}],"inLanguage":"en-US"},{"@type":"Organization","@id":"https:\/\/www.nuevapescanova.com\/#organization","name":"Nueva Pescanova","url":"https:\/\/www.nuevapescanova.com\/","logo":{"@type":"ImageObject","inLanguage":"en-US","@id":"https:\/\/www.nuevapescanova.com\/#\/schema\/logo\/image\/","url":"https:\/\/www.nuevapescanova.com\/nuevapescanova\/wp-content\/uploads\/2023\/06\/Logo-Grupo-Nueva-Pescanova.jpg","contentUrl":"https:\/\/www.nuevapescanova.com\/nuevapescanova\/wp-content\/uploads\/2023\/06\/Logo-Grupo-Nueva-Pescanova.jpg","width":800,"height":398,"caption":"Nueva Pescanova"},"image":{"@id":"https:\/\/www.nuevapescanova.com\/#\/schema\/logo\/image\/"},"sameAs":["https:\/\/x.com\/PescanovaCorp","https:\/\/www.linkedin.com\/company\/nuevapescanova\/?originalSubdomain=es"]}]}},"_links":{"self":[{"href":"https:\/\/www.nuevapescanova.com\/en\/wp-json\/wp\/v2\/pages\/3005","targetHints":{"allow":["GET"]}}],"collection":[{"href":"https:\/\/www.nuevapescanova.com\/en\/wp-json\/wp\/v2\/pages"}],"about":[{"href":"https:\/\/www.nuevapescanova.com\/en\/wp-json\/wp\/v2\/types\/page"}],"author":[{"embeddable":true,"href":"https:\/\/www.nuevapescanova.com\/en\/wp-json\/wp\/v2\/users\/3"}],"replies":[{"embeddable":true,"href":"https:\/\/www.nuevapescanova.com\/en\/wp-json\/wp\/v2\/comments?post=3005"}],"version-history":[{"count":11,"href":"https:\/\/www.nuevapescanova.com\/en\/wp-json\/wp\/v2\/pages\/3005\/revisions"}],"predecessor-version":[{"id":46643,"href":"https:\/\/www.nuevapescanova.com\/en\/wp-json\/wp\/v2\/pages\/3005\/revisions\/46643"}],"up":[{"embeddable":true,"href":"https:\/\/www.nuevapescanova.com\/en\/wp-json\/wp\/v2\/pages\/3001"}],"wp:attachment":[{"href":"https:\/\/www.nuevapescanova.com\/en\/wp-json\/wp\/v2\/media?parent=3005"}],"curies":[{"name":"wp","href":"https:\/\/api.w.org\/{rel}","templated":true}]}}