{"id":3647,"date":"2017-12-14T13:43:53","date_gmt":"2017-12-14T13:43:53","guid":{"rendered":"http:\/\/demo.nuevapescanova.com\/company\/board-of-directors\/d-ignacio-gonzalez-hernandez\/"},"modified":"2023-01-25T16:45:04","modified_gmt":"2023-01-25T16:45:04","slug":"d-ignacio-gonzalez-hernandez","status":"publish","type":"page","link":"https:\/\/www.nuevapescanova.com\/en\/company\/board-of-directors\/d-ignacio-gonzalez-hernandez\/","title":{"rendered":"D. Ignacio Gonz\u00e1lez Hern\u00e1ndez"},"content":{"rendered":"<section class=\"wpb-content-wrapper\"><p>[vc_row][vc_column width=&#8221;1\/3&#8243;]<div class=\"photo_box element_classes  without-desc\"><div class=\"image_frame\"><div class=\"image_wrapper\"><div class=\"mask\"><\/div><img loading=\"lazy\" decoding=\"async\" class=\"scale-with-grid\" src=\"https:\/\/www.nuevapescanova.com\/nuevapescanova\/wp-content\/uploads\/2023\/01\/Ignacio-Gonzalez-web_.jpg\" alt=\"Ignacio-Gonzalez-web_\" width=\"300\" height=\"300\"\/><\/div><\/div><\/div>\n[\/vc_column][vc_column width=&#8221;2\/3&#8243;][vc_column_text]<\/p>\n<h2>Ignacio Gonz\u00e1lez Hern\u00e1ndez<\/h2>\n<p><strong>Director<\/strong><\/p>\n<hr class=\" hr_color\" style=\"margin:0 auto 30px;\"\/>\n\n<p>Ignacio Gonz\u00e1lez holds a <strong>Degree in Business Studies from<\/strong> <strong>ICADE<\/strong>.<\/p>\n<p>He started his professional career in <strong>Centros Comerciales Continente.<\/strong> After almost two decades working in the<strong> Carrefour Group <\/strong>holding various positions in the Marketing, Purchasing and Sales Departments, he joined the Global Executive Committee of the French multinational company, taking the position of the Group&#8217;s Purchasing Manager and Sales Manager in France.<\/p>\n<p>He subsequently joined the <strong>Campofrio Group<\/strong>, where he held two top positions: CEO of Campofr\u00edo Spain and General Manager of Southern Europe (Spain, Italy, Portugal) &amp; USA of the Campofr\u00edo Food Group (from April 2013 to January 2016), where he took over the cluster of Southern Europe and USA.<\/p>\n<p>Since February 2016 he <strong>has been the CEO of Nueva Pescanova SL<\/strong> and member of the <strong>Strategy and Trade Committee of the Board of Directors.<\/strong><\/p>\n<p>In addition, he holds the position of Chairman of the <strong>Spanish Association of Manufacturers and Distributors (AECOC)<\/strong> since June 2021.[\/vc_column_text][\/vc_column][\/vc_row]<\/p>\n<\/section>","protected":false},"excerpt":{"rendered":"<p>[vc_row][vc_column width=&#8221;1\/3&#8243;][\/vc_column][vc_column width=&#8221;2\/3&#8243;][vc_column_text] Ignacio Gonz\u00e1lez Hern\u00e1ndez Director Ignacio Gonz\u00e1lez holds a Degree in Business Studies from ICADE. He started his professional career in Centros Comerciales Continente.<span class=\"excerpt-hellip\"> [\u2026]<\/span><\/p>\n","protected":false},"author":3,"featured_media":0,"parent":2724,"menu_order":10,"comment_status":"closed","ping_status":"closed","template":"","meta":{"_acf_changed":false,"footnotes":""},"class_list":["post-3647","page","type-page","status-publish","hentry"],"acf":[],"yoast_head":"<!-- This site is optimized with the Yoast SEO plugin v25.9 - https:\/\/yoast.com\/wordpress\/plugins\/seo\/ -->\n<title>D. Ignacio Gonz\u00e1lez Hern\u00e1ndez - Nueva Pescanova<\/title>\n<meta name=\"robots\" content=\"index, follow, max-snippet:-1, max-image-preview:large, max-video-preview:-1\" \/>\n<link rel=\"canonical\" href=\"https:\/\/www.nuevapescanova.com\/compania\/consejo-de-administracion\/d-ignacio-gonzalez-hernandez\/\" \/>\n<meta property=\"og:locale\" content=\"en_US\" \/>\n<meta property=\"og:type\" content=\"article\" \/>\n<meta property=\"og:title\" content=\"D. Ignacio Gonz\u00e1lez Hern\u00e1ndez - Nueva Pescanova\" \/>\n<meta property=\"og:description\" content=\"[vc_row][vc_column width=&#8221;1\/3&#8243;][\/vc_column][vc_column width=&#8221;2\/3&#8243;][vc_column_text] Ignacio Gonz\u00e1lez Hern\u00e1ndez Director Ignacio Gonz\u00e1lez holds a Degree in Business Studies from ICADE. He started his professional career in Centros Comerciales Continente. [\u2026]\" \/>\n<meta property=\"og:url\" content=\"https:\/\/www.nuevapescanova.com\/compania\/consejo-de-administracion\/d-ignacio-gonzalez-hernandez\/\" \/>\n<meta property=\"og:site_name\" content=\"Nueva Pescanova\" \/>\n<meta property=\"article:modified_time\" content=\"2023-01-25T16:45:04+00:00\" \/>\n<meta name=\"twitter:card\" content=\"summary_large_image\" \/>\n<meta name=\"twitter:site\" content=\"@PescanovaCorp\" \/>\n<meta name=\"twitter:label1\" content=\"Est. reading time\" \/>\n\t<meta name=\"twitter:data1\" content=\"1 minute\" \/>\n<script type=\"application\/ld+json\" class=\"yoast-schema-graph\">{\"@context\":\"https:\/\/schema.org\",\"@graph\":[{\"@type\":\"WebPage\",\"@id\":\"https:\/\/www.nuevapescanova.com\/compania\/consejo-de-administracion\/d-ignacio-gonzalez-hernandez\/\",\"url\":\"https:\/\/www.nuevapescanova.com\/compania\/consejo-de-administracion\/d-ignacio-gonzalez-hernandez\/\",\"name\":\"D. Ignacio Gonz\u00e1lez Hern\u00e1ndez - Nueva Pescanova\",\"isPartOf\":{\"@id\":\"https:\/\/www.nuevapescanova.com\/#website\"},\"datePublished\":\"2017-12-14T13:43:53+00:00\",\"dateModified\":\"2023-01-25T16:45:04+00:00\",\"breadcrumb\":{\"@id\":\"https:\/\/www.nuevapescanova.com\/compania\/consejo-de-administracion\/d-ignacio-gonzalez-hernandez\/#breadcrumb\"},\"inLanguage\":\"en-US\",\"potentialAction\":[{\"@type\":\"ReadAction\",\"target\":[\"https:\/\/www.nuevapescanova.com\/compania\/consejo-de-administracion\/d-ignacio-gonzalez-hernandez\/\"]}]},{\"@type\":\"BreadcrumbList\",\"@id\":\"https:\/\/www.nuevapescanova.com\/compania\/consejo-de-administracion\/d-ignacio-gonzalez-hernandez\/#breadcrumb\",\"itemListElement\":[{\"@type\":\"ListItem\",\"position\":1,\"name\":\"Portada\",\"item\":\"https:\/\/www.nuevapescanova.com\/en\/\"},{\"@type\":\"ListItem\",\"position\":2,\"name\":\"Company\",\"item\":\"https:\/\/www.nuevapescanova.com\/en\/company\/\"},{\"@type\":\"ListItem\",\"position\":3,\"name\":\"Board of directors\",\"item\":\"https:\/\/www.nuevapescanova.com\/compania\/consejo-de-administracion\/\"},{\"@type\":\"ListItem\",\"position\":4,\"name\":\"D. Ignacio Gonz\u00e1lez Hern\u00e1ndez\"}]},{\"@type\":\"WebSite\",\"@id\":\"https:\/\/www.nuevapescanova.com\/#website\",\"url\":\"https:\/\/www.nuevapescanova.com\/\",\"name\":\"Nueva Pescanova\",\"description\":\"\",\"publisher\":{\"@id\":\"https:\/\/www.nuevapescanova.com\/#organization\"},\"potentialAction\":[{\"@type\":\"SearchAction\",\"target\":{\"@type\":\"EntryPoint\",\"urlTemplate\":\"https:\/\/www.nuevapescanova.com\/?s={search_term_string}\"},\"query-input\":{\"@type\":\"PropertyValueSpecification\",\"valueRequired\":true,\"valueName\":\"search_term_string\"}}],\"inLanguage\":\"en-US\"},{\"@type\":\"Organization\",\"@id\":\"https:\/\/www.nuevapescanova.com\/#organization\",\"name\":\"Nueva Pescanova\",\"url\":\"https:\/\/www.nuevapescanova.com\/\",\"logo\":{\"@type\":\"ImageObject\",\"inLanguage\":\"en-US\",\"@id\":\"https:\/\/www.nuevapescanova.com\/#\/schema\/logo\/image\/\",\"url\":\"https:\/\/www.nuevapescanova.com\/nuevapescanova\/wp-content\/uploads\/2023\/06\/Logo-Grupo-Nueva-Pescanova.jpg\",\"contentUrl\":\"https:\/\/www.nuevapescanova.com\/nuevapescanova\/wp-content\/uploads\/2023\/06\/Logo-Grupo-Nueva-Pescanova.jpg\",\"width\":800,\"height\":398,\"caption\":\"Nueva Pescanova\"},\"image\":{\"@id\":\"https:\/\/www.nuevapescanova.com\/#\/schema\/logo\/image\/\"},\"sameAs\":[\"https:\/\/x.com\/PescanovaCorp\",\"https:\/\/www.linkedin.com\/company\/nuevapescanova\/?originalSubdomain=es\"]}]}<\/script>\n<!-- \/ Yoast SEO plugin. -->","yoast_head_json":{"title":"D. Ignacio Gonz\u00e1lez Hern\u00e1ndez - Nueva Pescanova","robots":{"index":"index","follow":"follow","max-snippet":"max-snippet:-1","max-image-preview":"max-image-preview:large","max-video-preview":"max-video-preview:-1"},"canonical":"https:\/\/www.nuevapescanova.com\/compania\/consejo-de-administracion\/d-ignacio-gonzalez-hernandez\/","og_locale":"en_US","og_type":"article","og_title":"D. Ignacio Gonz\u00e1lez Hern\u00e1ndez - Nueva Pescanova","og_description":"[vc_row][vc_column width=&#8221;1\/3&#8243;][\/vc_column][vc_column width=&#8221;2\/3&#8243;][vc_column_text] Ignacio Gonz\u00e1lez Hern\u00e1ndez Director Ignacio Gonz\u00e1lez holds a Degree in Business Studies from ICADE. He started his professional career in Centros Comerciales Continente. [\u2026]","og_url":"https:\/\/www.nuevapescanova.com\/compania\/consejo-de-administracion\/d-ignacio-gonzalez-hernandez\/","og_site_name":"Nueva Pescanova","article_modified_time":"2023-01-25T16:45:04+00:00","twitter_card":"summary_large_image","twitter_site":"@PescanovaCorp","twitter_misc":{"Est. reading time":"1 minute"},"schema":{"@context":"https:\/\/schema.org","@graph":[{"@type":"WebPage","@id":"https:\/\/www.nuevapescanova.com\/compania\/consejo-de-administracion\/d-ignacio-gonzalez-hernandez\/","url":"https:\/\/www.nuevapescanova.com\/compania\/consejo-de-administracion\/d-ignacio-gonzalez-hernandez\/","name":"D. Ignacio Gonz\u00e1lez Hern\u00e1ndez - Nueva Pescanova","isPartOf":{"@id":"https:\/\/www.nuevapescanova.com\/#website"},"datePublished":"2017-12-14T13:43:53+00:00","dateModified":"2023-01-25T16:45:04+00:00","breadcrumb":{"@id":"https:\/\/www.nuevapescanova.com\/compania\/consejo-de-administracion\/d-ignacio-gonzalez-hernandez\/#breadcrumb"},"inLanguage":"en-US","potentialAction":[{"@type":"ReadAction","target":["https:\/\/www.nuevapescanova.com\/compania\/consejo-de-administracion\/d-ignacio-gonzalez-hernandez\/"]}]},{"@type":"BreadcrumbList","@id":"https:\/\/www.nuevapescanova.com\/compania\/consejo-de-administracion\/d-ignacio-gonzalez-hernandez\/#breadcrumb","itemListElement":[{"@type":"ListItem","position":1,"name":"Portada","item":"https:\/\/www.nuevapescanova.com\/en\/"},{"@type":"ListItem","position":2,"name":"Company","item":"https:\/\/www.nuevapescanova.com\/en\/company\/"},{"@type":"ListItem","position":3,"name":"Board of directors","item":"https:\/\/www.nuevapescanova.com\/compania\/consejo-de-administracion\/"},{"@type":"ListItem","position":4,"name":"D. Ignacio Gonz\u00e1lez Hern\u00e1ndez"}]},{"@type":"WebSite","@id":"https:\/\/www.nuevapescanova.com\/#website","url":"https:\/\/www.nuevapescanova.com\/","name":"Nueva Pescanova","description":"","publisher":{"@id":"https:\/\/www.nuevapescanova.com\/#organization"},"potentialAction":[{"@type":"SearchAction","target":{"@type":"EntryPoint","urlTemplate":"https:\/\/www.nuevapescanova.com\/?s={search_term_string}"},"query-input":{"@type":"PropertyValueSpecification","valueRequired":true,"valueName":"search_term_string"}}],"inLanguage":"en-US"},{"@type":"Organization","@id":"https:\/\/www.nuevapescanova.com\/#organization","name":"Nueva Pescanova","url":"https:\/\/www.nuevapescanova.com\/","logo":{"@type":"ImageObject","inLanguage":"en-US","@id":"https:\/\/www.nuevapescanova.com\/#\/schema\/logo\/image\/","url":"https:\/\/www.nuevapescanova.com\/nuevapescanova\/wp-content\/uploads\/2023\/06\/Logo-Grupo-Nueva-Pescanova.jpg","contentUrl":"https:\/\/www.nuevapescanova.com\/nuevapescanova\/wp-content\/uploads\/2023\/06\/Logo-Grupo-Nueva-Pescanova.jpg","width":800,"height":398,"caption":"Nueva Pescanova"},"image":{"@id":"https:\/\/www.nuevapescanova.com\/#\/schema\/logo\/image\/"},"sameAs":["https:\/\/x.com\/PescanovaCorp","https:\/\/www.linkedin.com\/company\/nuevapescanova\/?originalSubdomain=es"]}]}},"_links":{"self":[{"href":"https:\/\/www.nuevapescanova.com\/en\/wp-json\/wp\/v2\/pages\/3647","targetHints":{"allow":["GET"]}}],"collection":[{"href":"https:\/\/www.nuevapescanova.com\/en\/wp-json\/wp\/v2\/pages"}],"about":[{"href":"https:\/\/www.nuevapescanova.com\/en\/wp-json\/wp\/v2\/types\/page"}],"author":[{"embeddable":true,"href":"https:\/\/www.nuevapescanova.com\/en\/wp-json\/wp\/v2\/users\/3"}],"replies":[{"embeddable":true,"href":"https:\/\/www.nuevapescanova.com\/en\/wp-json\/wp\/v2\/comments?post=3647"}],"version-history":[{"count":4,"href":"https:\/\/www.nuevapescanova.com\/en\/wp-json\/wp\/v2\/pages\/3647\/revisions"}],"predecessor-version":[{"id":29958,"href":"https:\/\/www.nuevapescanova.com\/en\/wp-json\/wp\/v2\/pages\/3647\/revisions\/29958"}],"up":[{"embeddable":true,"href":"https:\/\/www.nuevapescanova.com\/en\/wp-json\/wp\/v2\/pages\/2724"}],"wp:attachment":[{"href":"https:\/\/www.nuevapescanova.com\/en\/wp-json\/wp\/v2\/media?parent=3647"}],"curies":[{"name":"wp","href":"https:\/\/api.w.org\/{rel}","templated":true}]}}