{"id":10624,"date":"2019-10-25T12:53:33","date_gmt":"2019-10-25T12:53:33","guid":{"rendered":"http:\/\/www.nuevapescanova.com\/?page_id=10624"},"modified":"2021-02-23T09:24:11","modified_gmt":"2021-02-23T09:24:11","slug":"m-jose-maria-benavent-valero","status":"publish","type":"page","link":"https:\/\/www.nuevapescanova.com\/fr\/compania\/conseil-dadministration\/m-jose-maria-benavent-valero\/","title":{"rendered":"M. Jos\u00e9 Mar\u00eda Benavent Valero"},"content":{"rendered":"<section class=\"wpb-content-wrapper\"><p>[vc_row][vc_column width=\u00a0\u00bb1\/3&Prime;]<div class=\"photo_box element_classes  without-desc\"><div class=\"image_frame\"><div class=\"image_wrapper\"><div class=\"mask\"><\/div><img loading=\"lazy\" decoding=\"async\" class=\"scale-with-grid\" src=\"https:\/\/www.nuevapescanova.com\/nuevapescanova\/wp-content\/uploads\/2020\/09\/Benavent.jpg\" alt=\"Benavent\" width=\"1642\" height=\"1642\"\/><\/div><\/div><\/div>\n[\/vc_column][vc_column width=\u00a0\u00bb2\/3&Prime;][vc_column_text]<\/p>\n<h2>Jos\u00e9 Mar\u00eda Benavent Valero<\/h2>\n<h4>Pr\u00e9sident<\/h4>\n<hr class=\" hr_color\" style=\"margin:0 auto 30px;\"\/>\n\n<p>Jos\u00e9 Mar\u00eda Benavent Valero poss\u00e8de une Licence en Sciences \u00e9conomiques et entrepreneuriales aupr\u00e8s de l\u2019Universit\u00e9 Complutense de Madrid, PDD aupr\u00e8s de l\u2019IESE, et AMP aupr\u00e8s du MIT Business School, Cambridge, MA, USA.<\/p>\n<p>Benavent a commenc\u00e9 sa carri\u00e8re professionnelle en 1989 en tant qu\u2019analyste du service d\u2019\u00e9tudes de la <strong>Banque d\u2019Espagne <\/strong>jusqu\u2019\u00e0 ce qu\u2019il int\u00e8gre <strong>Caixabank<\/strong> en 1994, o\u00f9 il a rempli plusieurs fonctions dans le d\u00e9partement de risques pour assumer post\u00e9rieurement celui de responsable aux risques. En 1998, et en raison de la lib\u00e9ralisation du Secteur des T\u00e9l\u00e9communications en Espagne, on lui a demand\u00e9 de participer au lancement d\u2019une compagnie Telco, <strong>R-Cable<\/strong>, dont il a \u00e9t\u00e9 son CFO jusqu\u2019en 2015, ann\u00e9e o\u00f9 il a continu\u00e9 sa trajectoire professionnelle dans le secteur en tant que Directeur financier du<strong> Groupe Euskaltel<\/strong>.<\/p>\n<p>Benavent a \u00e9t\u00e9 d\u00e9cern\u00e9 le <strong>prix au Meilleur CFO <\/strong>de la VI \u00e9dition des Prix \u00e0 l\u2019Excellence financi\u00e8re qui est accord\u00e9 par l\u2019Association espagnole de financiers d\u2019Entreprises (ASSET).<\/p>\n<p>En 2018, <strong>il rejoint le conseil d&rsquo;administration d&rsquo;ABANCA Servicios Financieros et son comit\u00e9 d&rsquo;audit et de risque en tant que membre ind\u00e9pendant<\/strong>. En juin 2019, il devient <strong>administrateur au sein du Groupe Nueva Pescanova<\/strong> et en avril 2020, il est nomm\u00e9 <strong>pr\u00e9sident ex\u00e9cutif<\/strong> de la soci\u00e9t\u00e9.[\/vc_column_text][\/vc_column][\/vc_row]<\/p>\n<\/section>","protected":false},"excerpt":{"rendered":"<p>[vc_row][vc_column width=\u00a0\u00bb1\/3&Prime;][\/vc_column][vc_column width=\u00a0\u00bb2\/3&Prime;][vc_column_text] Jos\u00e9 Mar\u00eda Benavent Valero Pr\u00e9sident Jos\u00e9 Mar\u00eda Benavent Valero poss\u00e8de une Licence en Sciences \u00e9conomiques et entrepreneuriales aupr\u00e8s de l\u2019Universit\u00e9 Complutense de Madrid,<span class=\"excerpt-hellip\"> [\u2026]<\/span><\/p>\n","protected":false},"author":3,"featured_media":0,"parent":2725,"menu_order":7,"comment_status":"closed","ping_status":"closed","template":"","meta":{"_acf_changed":false,"footnotes":""},"class_list":["post-10624","page","type-page","status-publish","hentry"],"acf":[],"yoast_head":"<!-- This site is optimized with the Yoast SEO plugin v25.9 - https:\/\/yoast.com\/wordpress\/plugins\/seo\/ -->\n<title>M. Jos\u00e9 Mar\u00eda Benavent Valero - Nueva Pescanova<\/title>\n<meta name=\"robots\" content=\"index, follow, max-snippet:-1, max-image-preview:large, max-video-preview:-1\" \/>\n<link rel=\"canonical\" href=\"https:\/\/www.nuevapescanova.com\/compania\/consejo-de-administracion\/d-jose-maria-benavent-valero\/\" \/>\n<meta property=\"og:locale\" content=\"fr_FR\" \/>\n<meta property=\"og:type\" content=\"article\" \/>\n<meta property=\"og:title\" content=\"M. Jos\u00e9 Mar\u00eda Benavent Valero - Nueva Pescanova\" \/>\n<meta property=\"og:description\" content=\"[vc_row][vc_column width=\u00a0\u00bb1\/3&Prime;][\/vc_column][vc_column width=\u00a0\u00bb2\/3&Prime;][vc_column_text] Jos\u00e9 Mar\u00eda Benavent Valero Pr\u00e9sident Jos\u00e9 Mar\u00eda Benavent Valero poss\u00e8de une Licence en Sciences \u00e9conomiques et entrepreneuriales aupr\u00e8s de l\u2019Universit\u00e9 Complutense de Madrid, [\u2026]\" \/>\n<meta property=\"og:url\" content=\"https:\/\/www.nuevapescanova.com\/compania\/consejo-de-administracion\/d-jose-maria-benavent-valero\/\" \/>\n<meta property=\"og:site_name\" content=\"Nueva Pescanova\" \/>\n<meta property=\"article:modified_time\" content=\"2021-02-23T09:24:11+00:00\" \/>\n<meta name=\"twitter:card\" content=\"summary_large_image\" \/>\n<meta name=\"twitter:site\" content=\"@PescanovaCorp\" \/>\n<meta name=\"twitter:label1\" content=\"Dur\u00e9e de lecture estim\u00e9e\" \/>\n\t<meta name=\"twitter:data1\" content=\"1 minute\" \/>\n<script type=\"application\/ld+json\" class=\"yoast-schema-graph\">{\"@context\":\"https:\/\/schema.org\",\"@graph\":[{\"@type\":\"WebPage\",\"@id\":\"https:\/\/www.nuevapescanova.com\/compania\/consejo-de-administracion\/d-jose-maria-benavent-valero\/\",\"url\":\"https:\/\/www.nuevapescanova.com\/compania\/consejo-de-administracion\/d-jose-maria-benavent-valero\/\",\"name\":\"M. Jos\u00e9 Mar\u00eda Benavent Valero - Nueva Pescanova\",\"isPartOf\":{\"@id\":\"https:\/\/www.nuevapescanova.com\/#website\"},\"datePublished\":\"2019-10-25T12:53:33+00:00\",\"dateModified\":\"2021-02-23T09:24:11+00:00\",\"breadcrumb\":{\"@id\":\"https:\/\/www.nuevapescanova.com\/compania\/consejo-de-administracion\/d-jose-maria-benavent-valero\/#breadcrumb\"},\"inLanguage\":\"fr-FR\",\"potentialAction\":[{\"@type\":\"ReadAction\",\"target\":[\"https:\/\/www.nuevapescanova.com\/compania\/consejo-de-administracion\/d-jose-maria-benavent-valero\/\"]}]},{\"@type\":\"BreadcrumbList\",\"@id\":\"https:\/\/www.nuevapescanova.com\/compania\/consejo-de-administracion\/d-jose-maria-benavent-valero\/#breadcrumb\",\"itemListElement\":[{\"@type\":\"ListItem\",\"position\":1,\"name\":\"Portada\",\"item\":\"https:\/\/www.nuevapescanova.com\/fr\/\"},{\"@type\":\"ListItem\",\"position\":2,\"name\":\"Soci\u00e9t\u00e9\",\"item\":\"https:\/\/www.nuevapescanova.com\/fr\/compania\/\"},{\"@type\":\"ListItem\",\"position\":3,\"name\":\"Conseil d\u00b4administration\",\"item\":\"https:\/\/www.nuevapescanova.com\/compania\/consejo-de-administracion\/\"},{\"@type\":\"ListItem\",\"position\":4,\"name\":\"M. Jos\u00e9 Mar\u00eda Benavent Valero\"}]},{\"@type\":\"WebSite\",\"@id\":\"https:\/\/www.nuevapescanova.com\/#website\",\"url\":\"https:\/\/www.nuevapescanova.com\/\",\"name\":\"Nueva Pescanova\",\"description\":\"\",\"publisher\":{\"@id\":\"https:\/\/www.nuevapescanova.com\/#organization\"},\"potentialAction\":[{\"@type\":\"SearchAction\",\"target\":{\"@type\":\"EntryPoint\",\"urlTemplate\":\"https:\/\/www.nuevapescanova.com\/?s={search_term_string}\"},\"query-input\":{\"@type\":\"PropertyValueSpecification\",\"valueRequired\":true,\"valueName\":\"search_term_string\"}}],\"inLanguage\":\"fr-FR\"},{\"@type\":\"Organization\",\"@id\":\"https:\/\/www.nuevapescanova.com\/#organization\",\"name\":\"Nueva Pescanova\",\"url\":\"https:\/\/www.nuevapescanova.com\/\",\"logo\":{\"@type\":\"ImageObject\",\"inLanguage\":\"fr-FR\",\"@id\":\"https:\/\/www.nuevapescanova.com\/#\/schema\/logo\/image\/\",\"url\":\"https:\/\/www.nuevapescanova.com\/nuevapescanova\/wp-content\/uploads\/2023\/06\/Logo-Grupo-Nueva-Pescanova.jpg\",\"contentUrl\":\"https:\/\/www.nuevapescanova.com\/nuevapescanova\/wp-content\/uploads\/2023\/06\/Logo-Grupo-Nueva-Pescanova.jpg\",\"width\":800,\"height\":398,\"caption\":\"Nueva Pescanova\"},\"image\":{\"@id\":\"https:\/\/www.nuevapescanova.com\/#\/schema\/logo\/image\/\"},\"sameAs\":[\"https:\/\/x.com\/PescanovaCorp\",\"https:\/\/www.linkedin.com\/company\/nuevapescanova\/?originalSubdomain=es\"]}]}<\/script>\n<!-- \/ Yoast SEO plugin. -->","yoast_head_json":{"title":"M. Jos\u00e9 Mar\u00eda Benavent Valero - Nueva Pescanova","robots":{"index":"index","follow":"follow","max-snippet":"max-snippet:-1","max-image-preview":"max-image-preview:large","max-video-preview":"max-video-preview:-1"},"canonical":"https:\/\/www.nuevapescanova.com\/compania\/consejo-de-administracion\/d-jose-maria-benavent-valero\/","og_locale":"fr_FR","og_type":"article","og_title":"M. Jos\u00e9 Mar\u00eda Benavent Valero - Nueva Pescanova","og_description":"[vc_row][vc_column width=\u00a0\u00bb1\/3&Prime;][\/vc_column][vc_column width=\u00a0\u00bb2\/3&Prime;][vc_column_text] Jos\u00e9 Mar\u00eda Benavent Valero Pr\u00e9sident Jos\u00e9 Mar\u00eda Benavent Valero poss\u00e8de une Licence en Sciences \u00e9conomiques et entrepreneuriales aupr\u00e8s de l\u2019Universit\u00e9 Complutense de Madrid, [\u2026]","og_url":"https:\/\/www.nuevapescanova.com\/compania\/consejo-de-administracion\/d-jose-maria-benavent-valero\/","og_site_name":"Nueva Pescanova","article_modified_time":"2021-02-23T09:24:11+00:00","twitter_card":"summary_large_image","twitter_site":"@PescanovaCorp","twitter_misc":{"Dur\u00e9e de lecture estim\u00e9e":"1 minute"},"schema":{"@context":"https:\/\/schema.org","@graph":[{"@type":"WebPage","@id":"https:\/\/www.nuevapescanova.com\/compania\/consejo-de-administracion\/d-jose-maria-benavent-valero\/","url":"https:\/\/www.nuevapescanova.com\/compania\/consejo-de-administracion\/d-jose-maria-benavent-valero\/","name":"M. Jos\u00e9 Mar\u00eda Benavent Valero - Nueva Pescanova","isPartOf":{"@id":"https:\/\/www.nuevapescanova.com\/#website"},"datePublished":"2019-10-25T12:53:33+00:00","dateModified":"2021-02-23T09:24:11+00:00","breadcrumb":{"@id":"https:\/\/www.nuevapescanova.com\/compania\/consejo-de-administracion\/d-jose-maria-benavent-valero\/#breadcrumb"},"inLanguage":"fr-FR","potentialAction":[{"@type":"ReadAction","target":["https:\/\/www.nuevapescanova.com\/compania\/consejo-de-administracion\/d-jose-maria-benavent-valero\/"]}]},{"@type":"BreadcrumbList","@id":"https:\/\/www.nuevapescanova.com\/compania\/consejo-de-administracion\/d-jose-maria-benavent-valero\/#breadcrumb","itemListElement":[{"@type":"ListItem","position":1,"name":"Portada","item":"https:\/\/www.nuevapescanova.com\/fr\/"},{"@type":"ListItem","position":2,"name":"Soci\u00e9t\u00e9","item":"https:\/\/www.nuevapescanova.com\/fr\/compania\/"},{"@type":"ListItem","position":3,"name":"Conseil d\u00b4administration","item":"https:\/\/www.nuevapescanova.com\/compania\/consejo-de-administracion\/"},{"@type":"ListItem","position":4,"name":"M. Jos\u00e9 Mar\u00eda Benavent Valero"}]},{"@type":"WebSite","@id":"https:\/\/www.nuevapescanova.com\/#website","url":"https:\/\/www.nuevapescanova.com\/","name":"Nueva Pescanova","description":"","publisher":{"@id":"https:\/\/www.nuevapescanova.com\/#organization"},"potentialAction":[{"@type":"SearchAction","target":{"@type":"EntryPoint","urlTemplate":"https:\/\/www.nuevapescanova.com\/?s={search_term_string}"},"query-input":{"@type":"PropertyValueSpecification","valueRequired":true,"valueName":"search_term_string"}}],"inLanguage":"fr-FR"},{"@type":"Organization","@id":"https:\/\/www.nuevapescanova.com\/#organization","name":"Nueva Pescanova","url":"https:\/\/www.nuevapescanova.com\/","logo":{"@type":"ImageObject","inLanguage":"fr-FR","@id":"https:\/\/www.nuevapescanova.com\/#\/schema\/logo\/image\/","url":"https:\/\/www.nuevapescanova.com\/nuevapescanova\/wp-content\/uploads\/2023\/06\/Logo-Grupo-Nueva-Pescanova.jpg","contentUrl":"https:\/\/www.nuevapescanova.com\/nuevapescanova\/wp-content\/uploads\/2023\/06\/Logo-Grupo-Nueva-Pescanova.jpg","width":800,"height":398,"caption":"Nueva Pescanova"},"image":{"@id":"https:\/\/www.nuevapescanova.com\/#\/schema\/logo\/image\/"},"sameAs":["https:\/\/x.com\/PescanovaCorp","https:\/\/www.linkedin.com\/company\/nuevapescanova\/?originalSubdomain=es"]}]}},"_links":{"self":[{"href":"https:\/\/www.nuevapescanova.com\/fr\/wp-json\/wp\/v2\/pages\/10624","targetHints":{"allow":["GET"]}}],"collection":[{"href":"https:\/\/www.nuevapescanova.com\/fr\/wp-json\/wp\/v2\/pages"}],"about":[{"href":"https:\/\/www.nuevapescanova.com\/fr\/wp-json\/wp\/v2\/types\/page"}],"author":[{"embeddable":true,"href":"https:\/\/www.nuevapescanova.com\/fr\/wp-json\/wp\/v2\/users\/3"}],"replies":[{"embeddable":true,"href":"https:\/\/www.nuevapescanova.com\/fr\/wp-json\/wp\/v2\/comments?post=10624"}],"version-history":[{"count":1,"href":"https:\/\/www.nuevapescanova.com\/fr\/wp-json\/wp\/v2\/pages\/10624\/revisions"}],"predecessor-version":[{"id":18632,"href":"https:\/\/www.nuevapescanova.com\/fr\/wp-json\/wp\/v2\/pages\/10624\/revisions\/18632"}],"up":[{"embeddable":true,"href":"https:\/\/www.nuevapescanova.com\/fr\/wp-json\/wp\/v2\/pages\/2725"}],"wp:attachment":[{"href":"https:\/\/www.nuevapescanova.com\/fr\/wp-json\/wp\/v2\/media?parent=10624"}],"curies":[{"name":"wp","href":"https:\/\/api.w.org\/{rel}","templated":true}]}}