{"id":10641,"date":"2019-10-25T13:09:07","date_gmt":"2019-10-25T13:09:07","guid":{"rendered":"http:\/\/www.nuevapescanova.com\/?page_id=10641"},"modified":"2020-06-10T08:58:39","modified_gmt":"2020-06-10T08:58:39","slug":"m-marco-nieto-montero","status":"publish","type":"page","link":"https:\/\/www.nuevapescanova.com\/fr\/compania\/conseil-dadministration\/m-marco-nieto-montero\/","title":{"rendered":"M. Marco Nieto Montero"},"content":{"rendered":"<section class=\"wpb-content-wrapper\"><p>[vc_row][vc_column width=\u00a0\u00bb1\/3&Prime;]<div class=\"photo_box element_classes  without-desc\"><div class=\"image_frame\"><div class=\"image_wrapper\"><div class=\"mask\"><\/div><img loading=\"lazy\" decoding=\"async\" class=\"scale-with-grid\" src=\"https:\/\/www.nuevapescanova.com\/nuevapescanova\/wp-content\/uploads\/2020\/06\/Marco_Nieto.jpg\" alt=\"Marco_Nieto\" width=\"300\" height=\"300\"\/><\/div><\/div><\/div>\n[\/vc_column][vc_column width=\u00a0\u00bb2\/3&Prime;][vc_column_text]<\/p>\n<h2>Marco Nieto Montero<\/h2>\n<h4>Administrateur<\/h4>\n<hr class=\" hr_color\" style=\"margin:0 auto 30px;\"\/>\n\n<p>Marco Nieto poss\u00e8de une <strong>Licence en Administration et Direction d\u2019Entreprises<\/strong> aupr\u00e8s de l\u2019Universit\u00e9 de Galles. Il poss\u00e8de un <strong>Master en March\u00e9s boursiers et d\u00e9riv\u00e9s financiers<\/strong> aupr\u00e8s de la FUE-UNED, en<strong> Direction et Gestion d\u2019affaires internationales<\/strong> aupr\u00e8s de l\u2019\u00c9cole d\u2019affaires Caixanova et un<strong> Dipl\u00f4me d\u2019\u00c9tudes avanc\u00e9es (<\/strong><strong><em>Master of Philosophy)<\/em> dans la sp\u00e9cialit\u00e9 d\u2019organisation d&rsquo;entreprises <\/strong>apr\u00e8s de l\u2019Universit\u00e9 de Vigo.<\/p>\n<p>Nieto Montero a d\u00e9velopp\u00e9 sa carri\u00e8re professionnelle dans le secteur bancaire en remplissant plusieurs postes de responsabilit\u00e9. Ainsi, en 1999 il a commenc\u00e9 a faire partie de l\u2019\u00e9quipe de <strong>Caixanova<\/strong> en tant qu\u2019analyste financier et de march\u00e9s, il a \u00e9t\u00e9 nomm\u00e9 Directeur d\u2019analyses de Risque de Cr\u00e9dit Expansion en 2007 et en 2009 il a assum\u00e9 la Direction d\u2019analyse de risque de Cr\u00e9dit. Suite \u00e0 la fusion avec Caixa Galicia en 2010, il a commenc\u00e9 \u00e0 mener la Direction de contr\u00f4le de risque de Cr\u00e9dit de <strong>Novacaixagalicia<\/strong> et, apr\u00e8s sa transformation en entit\u00e9 bancaire en 2011 sous le nom de <strong>NCG Banco<\/strong>, il est nomm\u00e9 Directeur de Contr\u00f4le et Suivi de risque de Cr\u00e9dit. Depuis 2014 il est Directeur de Suivi de Cr\u00e9dit chez <strong>ABANCA<\/strong>.<\/p>\n<p>De plus, et pour le compte d\u2019ABANCA, il est <strong>membre des Conseils d\u2019Administration<\/strong> de la Soci\u00e9t\u00e9 de Garantie r\u00e9ciproque des Provinces de Pontevedra et Ourense (<strong>SOGARPO<\/strong>), de la Soci\u00e9t\u00e9 de Garantie r\u00e9ciproque des Provinces de La Corogne et Lugo (<strong>AFIGAL<\/strong>), et de la Soci\u00e9t\u00e9 \u00e0 Capital risque <strong>SODIGA SCR<\/strong>. Au mois de juin 2019, il int\u00e8gre le <strong>Conseil d\u2019Administration de Nueva Pescanova SL pour le compte de Corporaci\u00f3n Empresarial y Financiera de Galicia SL<\/strong>.[\/vc_column_text][\/vc_column][\/vc_row]<\/p>\n<\/section>","protected":false},"excerpt":{"rendered":"<p>[vc_row][vc_column width=\u00a0\u00bb1\/3&Prime;][\/vc_column][vc_column width=\u00a0\u00bb2\/3&Prime;][vc_column_text] Marco Nieto Montero Administrateur Marco Nieto poss\u00e8de une Licence en Administration et Direction d\u2019Entreprises aupr\u00e8s de l\u2019Universit\u00e9 de Galles. Il poss\u00e8de un Master<span class=\"excerpt-hellip\"> [\u2026]<\/span><\/p>\n","protected":false},"author":3,"featured_media":0,"parent":2725,"menu_order":10,"comment_status":"closed","ping_status":"closed","template":"","meta":{"_acf_changed":false,"footnotes":""},"class_list":["post-10641","page","type-page","status-publish","hentry"],"acf":[],"yoast_head":"<!-- This site is optimized with the Yoast SEO plugin v25.9 - https:\/\/yoast.com\/wordpress\/plugins\/seo\/ -->\n<title>M. Marco Nieto Montero - Nueva Pescanova<\/title>\n<meta name=\"robots\" content=\"index, follow, max-snippet:-1, max-image-preview:large, max-video-preview:-1\" \/>\n<link rel=\"canonical\" href=\"https:\/\/www.nuevapescanova.com\/compania\/consejo-de-administracion\/d-marco-nieto-montero\/\" \/>\n<meta property=\"og:locale\" content=\"fr_FR\" \/>\n<meta property=\"og:type\" content=\"article\" \/>\n<meta property=\"og:title\" content=\"M. Marco Nieto Montero - Nueva Pescanova\" \/>\n<meta property=\"og:description\" content=\"[vc_row][vc_column width=\u00a0\u00bb1\/3&Prime;][\/vc_column][vc_column width=\u00a0\u00bb2\/3&Prime;][vc_column_text] Marco Nieto Montero Administrateur Marco Nieto poss\u00e8de une Licence en Administration et Direction d\u2019Entreprises aupr\u00e8s de l\u2019Universit\u00e9 de Galles. Il poss\u00e8de un Master [\u2026]\" \/>\n<meta property=\"og:url\" content=\"https:\/\/www.nuevapescanova.com\/compania\/consejo-de-administracion\/d-marco-nieto-montero\/\" \/>\n<meta property=\"og:site_name\" content=\"Nueva Pescanova\" \/>\n<meta property=\"article:modified_time\" content=\"2020-06-10T08:58:39+00:00\" \/>\n<meta name=\"twitter:card\" content=\"summary_large_image\" \/>\n<meta name=\"twitter:site\" content=\"@PescanovaCorp\" \/>\n<meta name=\"twitter:label1\" content=\"Dur\u00e9e de lecture estim\u00e9e\" \/>\n\t<meta name=\"twitter:data1\" content=\"2 minutes\" \/>\n<script type=\"application\/ld+json\" class=\"yoast-schema-graph\">{\"@context\":\"https:\/\/schema.org\",\"@graph\":[{\"@type\":\"WebPage\",\"@id\":\"https:\/\/www.nuevapescanova.com\/compania\/consejo-de-administracion\/d-marco-nieto-montero\/\",\"url\":\"https:\/\/www.nuevapescanova.com\/compania\/consejo-de-administracion\/d-marco-nieto-montero\/\",\"name\":\"M. Marco Nieto Montero - Nueva Pescanova\",\"isPartOf\":{\"@id\":\"https:\/\/www.nuevapescanova.com\/#website\"},\"datePublished\":\"2019-10-25T13:09:07+00:00\",\"dateModified\":\"2020-06-10T08:58:39+00:00\",\"breadcrumb\":{\"@id\":\"https:\/\/www.nuevapescanova.com\/compania\/consejo-de-administracion\/d-marco-nieto-montero\/#breadcrumb\"},\"inLanguage\":\"fr-FR\",\"potentialAction\":[{\"@type\":\"ReadAction\",\"target\":[\"https:\/\/www.nuevapescanova.com\/compania\/consejo-de-administracion\/d-marco-nieto-montero\/\"]}]},{\"@type\":\"BreadcrumbList\",\"@id\":\"https:\/\/www.nuevapescanova.com\/compania\/consejo-de-administracion\/d-marco-nieto-montero\/#breadcrumb\",\"itemListElement\":[{\"@type\":\"ListItem\",\"position\":1,\"name\":\"Portada\",\"item\":\"https:\/\/www.nuevapescanova.com\/fr\/\"},{\"@type\":\"ListItem\",\"position\":2,\"name\":\"Soci\u00e9t\u00e9\",\"item\":\"https:\/\/www.nuevapescanova.com\/fr\/compania\/\"},{\"@type\":\"ListItem\",\"position\":3,\"name\":\"Conseil d\u00b4administration\",\"item\":\"https:\/\/www.nuevapescanova.com\/compania\/consejo-de-administracion\/\"},{\"@type\":\"ListItem\",\"position\":4,\"name\":\"M. Marco Nieto Montero\"}]},{\"@type\":\"WebSite\",\"@id\":\"https:\/\/www.nuevapescanova.com\/#website\",\"url\":\"https:\/\/www.nuevapescanova.com\/\",\"name\":\"Nueva Pescanova\",\"description\":\"\",\"publisher\":{\"@id\":\"https:\/\/www.nuevapescanova.com\/#organization\"},\"potentialAction\":[{\"@type\":\"SearchAction\",\"target\":{\"@type\":\"EntryPoint\",\"urlTemplate\":\"https:\/\/www.nuevapescanova.com\/?s={search_term_string}\"},\"query-input\":{\"@type\":\"PropertyValueSpecification\",\"valueRequired\":true,\"valueName\":\"search_term_string\"}}],\"inLanguage\":\"fr-FR\"},{\"@type\":\"Organization\",\"@id\":\"https:\/\/www.nuevapescanova.com\/#organization\",\"name\":\"Nueva Pescanova\",\"url\":\"https:\/\/www.nuevapescanova.com\/\",\"logo\":{\"@type\":\"ImageObject\",\"inLanguage\":\"fr-FR\",\"@id\":\"https:\/\/www.nuevapescanova.com\/#\/schema\/logo\/image\/\",\"url\":\"https:\/\/www.nuevapescanova.com\/nuevapescanova\/wp-content\/uploads\/2023\/06\/Logo-Grupo-Nueva-Pescanova.jpg\",\"contentUrl\":\"https:\/\/www.nuevapescanova.com\/nuevapescanova\/wp-content\/uploads\/2023\/06\/Logo-Grupo-Nueva-Pescanova.jpg\",\"width\":800,\"height\":398,\"caption\":\"Nueva Pescanova\"},\"image\":{\"@id\":\"https:\/\/www.nuevapescanova.com\/#\/schema\/logo\/image\/\"},\"sameAs\":[\"https:\/\/x.com\/PescanovaCorp\",\"https:\/\/www.linkedin.com\/company\/nuevapescanova\/?originalSubdomain=es\"]}]}<\/script>\n<!-- \/ Yoast SEO plugin. -->","yoast_head_json":{"title":"M. Marco Nieto Montero - Nueva Pescanova","robots":{"index":"index","follow":"follow","max-snippet":"max-snippet:-1","max-image-preview":"max-image-preview:large","max-video-preview":"max-video-preview:-1"},"canonical":"https:\/\/www.nuevapescanova.com\/compania\/consejo-de-administracion\/d-marco-nieto-montero\/","og_locale":"fr_FR","og_type":"article","og_title":"M. Marco Nieto Montero - Nueva Pescanova","og_description":"[vc_row][vc_column width=\u00a0\u00bb1\/3&Prime;][\/vc_column][vc_column width=\u00a0\u00bb2\/3&Prime;][vc_column_text] Marco Nieto Montero Administrateur Marco Nieto poss\u00e8de une Licence en Administration et Direction d\u2019Entreprises aupr\u00e8s de l\u2019Universit\u00e9 de Galles. Il poss\u00e8de un Master [\u2026]","og_url":"https:\/\/www.nuevapescanova.com\/compania\/consejo-de-administracion\/d-marco-nieto-montero\/","og_site_name":"Nueva Pescanova","article_modified_time":"2020-06-10T08:58:39+00:00","twitter_card":"summary_large_image","twitter_site":"@PescanovaCorp","twitter_misc":{"Dur\u00e9e de lecture estim\u00e9e":"2 minutes"},"schema":{"@context":"https:\/\/schema.org","@graph":[{"@type":"WebPage","@id":"https:\/\/www.nuevapescanova.com\/compania\/consejo-de-administracion\/d-marco-nieto-montero\/","url":"https:\/\/www.nuevapescanova.com\/compania\/consejo-de-administracion\/d-marco-nieto-montero\/","name":"M. Marco Nieto Montero - Nueva Pescanova","isPartOf":{"@id":"https:\/\/www.nuevapescanova.com\/#website"},"datePublished":"2019-10-25T13:09:07+00:00","dateModified":"2020-06-10T08:58:39+00:00","breadcrumb":{"@id":"https:\/\/www.nuevapescanova.com\/compania\/consejo-de-administracion\/d-marco-nieto-montero\/#breadcrumb"},"inLanguage":"fr-FR","potentialAction":[{"@type":"ReadAction","target":["https:\/\/www.nuevapescanova.com\/compania\/consejo-de-administracion\/d-marco-nieto-montero\/"]}]},{"@type":"BreadcrumbList","@id":"https:\/\/www.nuevapescanova.com\/compania\/consejo-de-administracion\/d-marco-nieto-montero\/#breadcrumb","itemListElement":[{"@type":"ListItem","position":1,"name":"Portada","item":"https:\/\/www.nuevapescanova.com\/fr\/"},{"@type":"ListItem","position":2,"name":"Soci\u00e9t\u00e9","item":"https:\/\/www.nuevapescanova.com\/fr\/compania\/"},{"@type":"ListItem","position":3,"name":"Conseil d\u00b4administration","item":"https:\/\/www.nuevapescanova.com\/compania\/consejo-de-administracion\/"},{"@type":"ListItem","position":4,"name":"M. Marco Nieto Montero"}]},{"@type":"WebSite","@id":"https:\/\/www.nuevapescanova.com\/#website","url":"https:\/\/www.nuevapescanova.com\/","name":"Nueva Pescanova","description":"","publisher":{"@id":"https:\/\/www.nuevapescanova.com\/#organization"},"potentialAction":[{"@type":"SearchAction","target":{"@type":"EntryPoint","urlTemplate":"https:\/\/www.nuevapescanova.com\/?s={search_term_string}"},"query-input":{"@type":"PropertyValueSpecification","valueRequired":true,"valueName":"search_term_string"}}],"inLanguage":"fr-FR"},{"@type":"Organization","@id":"https:\/\/www.nuevapescanova.com\/#organization","name":"Nueva Pescanova","url":"https:\/\/www.nuevapescanova.com\/","logo":{"@type":"ImageObject","inLanguage":"fr-FR","@id":"https:\/\/www.nuevapescanova.com\/#\/schema\/logo\/image\/","url":"https:\/\/www.nuevapescanova.com\/nuevapescanova\/wp-content\/uploads\/2023\/06\/Logo-Grupo-Nueva-Pescanova.jpg","contentUrl":"https:\/\/www.nuevapescanova.com\/nuevapescanova\/wp-content\/uploads\/2023\/06\/Logo-Grupo-Nueva-Pescanova.jpg","width":800,"height":398,"caption":"Nueva Pescanova"},"image":{"@id":"https:\/\/www.nuevapescanova.com\/#\/schema\/logo\/image\/"},"sameAs":["https:\/\/x.com\/PescanovaCorp","https:\/\/www.linkedin.com\/company\/nuevapescanova\/?originalSubdomain=es"]}]}},"_links":{"self":[{"href":"https:\/\/www.nuevapescanova.com\/fr\/wp-json\/wp\/v2\/pages\/10641","targetHints":{"allow":["GET"]}}],"collection":[{"href":"https:\/\/www.nuevapescanova.com\/fr\/wp-json\/wp\/v2\/pages"}],"about":[{"href":"https:\/\/www.nuevapescanova.com\/fr\/wp-json\/wp\/v2\/types\/page"}],"author":[{"embeddable":true,"href":"https:\/\/www.nuevapescanova.com\/fr\/wp-json\/wp\/v2\/users\/3"}],"replies":[{"embeddable":true,"href":"https:\/\/www.nuevapescanova.com\/fr\/wp-json\/wp\/v2\/comments?post=10641"}],"version-history":[{"count":0,"href":"https:\/\/www.nuevapescanova.com\/fr\/wp-json\/wp\/v2\/pages\/10641\/revisions"}],"up":[{"embeddable":true,"href":"https:\/\/www.nuevapescanova.com\/fr\/wp-json\/wp\/v2\/pages\/2725"}],"wp:attachment":[{"href":"https:\/\/www.nuevapescanova.com\/fr\/wp-json\/wp\/v2\/media?parent=10641"}],"curies":[{"name":"wp","href":"https:\/\/api.w.org\/{rel}","templated":true}]}}