{"id":13283,"date":"2020-04-14T08:02:06","date_gmt":"2020-04-14T08:02:06","guid":{"rendered":"http:\/\/www.nuevapescanova.com\/?page_id=13283"},"modified":"2020-06-10T08:44:58","modified_gmt":"2020-06-10T08:44:58","slug":"jose_fafian","status":"publish","type":"page","link":"https:\/\/www.nuevapescanova.com\/fr\/compania\/conseil-dadministration\/jose_fafian\/","title":{"rendered":"D. Jos\u00e9 Fafi\u00e1n Seijo"},"content":{"rendered":"<section class=\"wpb-content-wrapper\"><p>[vc_row][vc_column width=\u00a0\u00bb1\/3&Prime;]<div class=\"photo_box element_classes  without-desc\"><div class=\"image_frame\"><div class=\"image_wrapper\"><div class=\"mask\"><\/div><img loading=\"lazy\" decoding=\"async\" class=\"scale-with-grid\" src=\"https:\/\/www.nuevapescanova.com\/nuevapescanova\/wp-content\/uploads\/2020\/06\/Jose_Fafian.jpg\" alt=\"Jose_Fafian\" width=\"300\" height=\"300\"\/><\/div><\/div><\/div>\n[\/vc_column][vc_column width=\u00a0\u00bb2\/3&Prime;][vc_column_text]<\/p>\n<h2>Jos\u00e9 Fafi\u00e1n Seijo<\/h2>\n<h4>Administrateur<\/h4>\n<hr class=\" hr_color\" style=\"margin:0 auto 30px;\"\/>\n\n<p>Ing\u00e9nieur technique industriel de l&rsquo;Universit\u00e9 de Vigo.<\/p>\n<p>Il a commenc\u00e9 sa carri\u00e8re professionnelle comme ing\u00e9nieur en organisation au Br\u00e9sil. Il a rejoint Pescanova en 1972, o\u00f9 il a exerc\u00e9 diff\u00e9rentes responsabilit\u00e9s dans diff\u00e9rents d\u00e9partements, notamment en tant que chef de d\u00e9l\u00e9gations, Directeur de la distribution, Directeur g\u00e9n\u00e9ral des soci\u00e9t\u00e9s Frigodis S.A. et Frivipesca Chapela S.A. et administrateur de Novaoceano, entre autres.<\/p>\n<p>Chez Nueva Pescanova, entre 2015 et 2016, il a \u00e9t\u00e9 responsable de l&rsquo;activit\u00e9 des usines en Espagne, en Irlande et au P\u00e9rou et, depuis lors, il est Directeur de transformation industrielle et membre du Comit\u00e9 ex\u00e9cutif de la soci\u00e9t\u00e9.[\/vc_column_text][\/vc_column][\/vc_row]<\/p>\n<\/section>","protected":false},"excerpt":{"rendered":"<p>[vc_row][vc_column width=\u00a0\u00bb1\/3&Prime;][\/vc_column][vc_column width=\u00a0\u00bb2\/3&Prime;][vc_column_text] Jos\u00e9 Fafi\u00e1n Seijo Administrateur Ing\u00e9nieur technique industriel de l&rsquo;Universit\u00e9 de Vigo. Il a commenc\u00e9 sa carri\u00e8re professionnelle comme ing\u00e9nieur en organisation au Br\u00e9sil.<span class=\"excerpt-hellip\"> [\u2026]<\/span><\/p>\n","protected":false},"author":3,"featured_media":0,"parent":2725,"menu_order":1,"comment_status":"closed","ping_status":"closed","template":"","meta":{"_acf_changed":false,"footnotes":""},"class_list":["post-13283","page","type-page","status-publish","hentry"],"acf":[],"yoast_head":"<!-- This site is optimized with the Yoast SEO plugin v25.9 - https:\/\/yoast.com\/wordpress\/plugins\/seo\/ -->\n<title>D. Jos\u00e9 Fafi\u00e1n Seijo - Nueva Pescanova<\/title>\n<meta name=\"robots\" content=\"index, follow, max-snippet:-1, max-image-preview:large, max-video-preview:-1\" \/>\n<link rel=\"canonical\" href=\"https:\/\/www.nuevapescanova.com\/compania\/consejo-de-administracion\/jose_fafian\/\" \/>\n<meta property=\"og:locale\" content=\"fr_FR\" \/>\n<meta property=\"og:type\" content=\"article\" \/>\n<meta property=\"og:title\" content=\"D. Jos\u00e9 Fafi\u00e1n Seijo - Nueva Pescanova\" \/>\n<meta property=\"og:description\" content=\"[vc_row][vc_column width=\u00a0\u00bb1\/3&Prime;][\/vc_column][vc_column width=\u00a0\u00bb2\/3&Prime;][vc_column_text] Jos\u00e9 Fafi\u00e1n Seijo Administrateur Ing\u00e9nieur technique industriel de l&rsquo;Universit\u00e9 de Vigo. Il a commenc\u00e9 sa carri\u00e8re professionnelle comme ing\u00e9nieur en organisation au Br\u00e9sil. [\u2026]\" \/>\n<meta property=\"og:url\" content=\"https:\/\/www.nuevapescanova.com\/compania\/consejo-de-administracion\/jose_fafian\/\" \/>\n<meta property=\"og:site_name\" content=\"Nueva Pescanova\" \/>\n<meta property=\"article:modified_time\" content=\"2020-06-10T08:44:58+00:00\" \/>\n<meta name=\"twitter:card\" content=\"summary_large_image\" \/>\n<meta name=\"twitter:site\" content=\"@PescanovaCorp\" \/>\n<meta name=\"twitter:label1\" content=\"Dur\u00e9e de lecture estim\u00e9e\" \/>\n\t<meta name=\"twitter:data1\" content=\"1 minute\" \/>\n<script type=\"application\/ld+json\" class=\"yoast-schema-graph\">{\"@context\":\"https:\/\/schema.org\",\"@graph\":[{\"@type\":\"WebPage\",\"@id\":\"https:\/\/www.nuevapescanova.com\/compania\/consejo-de-administracion\/jose_fafian\/\",\"url\":\"https:\/\/www.nuevapescanova.com\/compania\/consejo-de-administracion\/jose_fafian\/\",\"name\":\"D. Jos\u00e9 Fafi\u00e1n Seijo - Nueva Pescanova\",\"isPartOf\":{\"@id\":\"https:\/\/www.nuevapescanova.com\/#website\"},\"datePublished\":\"2020-04-14T08:02:06+00:00\",\"dateModified\":\"2020-06-10T08:44:58+00:00\",\"breadcrumb\":{\"@id\":\"https:\/\/www.nuevapescanova.com\/compania\/consejo-de-administracion\/jose_fafian\/#breadcrumb\"},\"inLanguage\":\"fr-FR\",\"potentialAction\":[{\"@type\":\"ReadAction\",\"target\":[\"https:\/\/www.nuevapescanova.com\/compania\/consejo-de-administracion\/jose_fafian\/\"]}]},{\"@type\":\"BreadcrumbList\",\"@id\":\"https:\/\/www.nuevapescanova.com\/compania\/consejo-de-administracion\/jose_fafian\/#breadcrumb\",\"itemListElement\":[{\"@type\":\"ListItem\",\"position\":1,\"name\":\"Portada\",\"item\":\"https:\/\/www.nuevapescanova.com\/fr\/\"},{\"@type\":\"ListItem\",\"position\":2,\"name\":\"Soci\u00e9t\u00e9\",\"item\":\"https:\/\/www.nuevapescanova.com\/fr\/compania\/\"},{\"@type\":\"ListItem\",\"position\":3,\"name\":\"Conseil d\u00b4administration\",\"item\":\"https:\/\/www.nuevapescanova.com\/compania\/consejo-de-administracion\/\"},{\"@type\":\"ListItem\",\"position\":4,\"name\":\"D. Jos\u00e9 Fafi\u00e1n Seijo\"}]},{\"@type\":\"WebSite\",\"@id\":\"https:\/\/www.nuevapescanova.com\/#website\",\"url\":\"https:\/\/www.nuevapescanova.com\/\",\"name\":\"Nueva Pescanova\",\"description\":\"\",\"publisher\":{\"@id\":\"https:\/\/www.nuevapescanova.com\/#organization\"},\"potentialAction\":[{\"@type\":\"SearchAction\",\"target\":{\"@type\":\"EntryPoint\",\"urlTemplate\":\"https:\/\/www.nuevapescanova.com\/?s={search_term_string}\"},\"query-input\":{\"@type\":\"PropertyValueSpecification\",\"valueRequired\":true,\"valueName\":\"search_term_string\"}}],\"inLanguage\":\"fr-FR\"},{\"@type\":\"Organization\",\"@id\":\"https:\/\/www.nuevapescanova.com\/#organization\",\"name\":\"Nueva Pescanova\",\"url\":\"https:\/\/www.nuevapescanova.com\/\",\"logo\":{\"@type\":\"ImageObject\",\"inLanguage\":\"fr-FR\",\"@id\":\"https:\/\/www.nuevapescanova.com\/#\/schema\/logo\/image\/\",\"url\":\"https:\/\/www.nuevapescanova.com\/nuevapescanova\/wp-content\/uploads\/2023\/06\/Logo-Grupo-Nueva-Pescanova.jpg\",\"contentUrl\":\"https:\/\/www.nuevapescanova.com\/nuevapescanova\/wp-content\/uploads\/2023\/06\/Logo-Grupo-Nueva-Pescanova.jpg\",\"width\":800,\"height\":398,\"caption\":\"Nueva Pescanova\"},\"image\":{\"@id\":\"https:\/\/www.nuevapescanova.com\/#\/schema\/logo\/image\/\"},\"sameAs\":[\"https:\/\/x.com\/PescanovaCorp\",\"https:\/\/www.linkedin.com\/company\/nuevapescanova\/?originalSubdomain=es\"]}]}<\/script>\n<!-- \/ Yoast SEO plugin. -->","yoast_head_json":{"title":"D. Jos\u00e9 Fafi\u00e1n Seijo - Nueva Pescanova","robots":{"index":"index","follow":"follow","max-snippet":"max-snippet:-1","max-image-preview":"max-image-preview:large","max-video-preview":"max-video-preview:-1"},"canonical":"https:\/\/www.nuevapescanova.com\/compania\/consejo-de-administracion\/jose_fafian\/","og_locale":"fr_FR","og_type":"article","og_title":"D. Jos\u00e9 Fafi\u00e1n Seijo - Nueva Pescanova","og_description":"[vc_row][vc_column width=\u00a0\u00bb1\/3&Prime;][\/vc_column][vc_column width=\u00a0\u00bb2\/3&Prime;][vc_column_text] Jos\u00e9 Fafi\u00e1n Seijo Administrateur Ing\u00e9nieur technique industriel de l&rsquo;Universit\u00e9 de Vigo. Il a commenc\u00e9 sa carri\u00e8re professionnelle comme ing\u00e9nieur en organisation au Br\u00e9sil. [\u2026]","og_url":"https:\/\/www.nuevapescanova.com\/compania\/consejo-de-administracion\/jose_fafian\/","og_site_name":"Nueva Pescanova","article_modified_time":"2020-06-10T08:44:58+00:00","twitter_card":"summary_large_image","twitter_site":"@PescanovaCorp","twitter_misc":{"Dur\u00e9e de lecture estim\u00e9e":"1 minute"},"schema":{"@context":"https:\/\/schema.org","@graph":[{"@type":"WebPage","@id":"https:\/\/www.nuevapescanova.com\/compania\/consejo-de-administracion\/jose_fafian\/","url":"https:\/\/www.nuevapescanova.com\/compania\/consejo-de-administracion\/jose_fafian\/","name":"D. Jos\u00e9 Fafi\u00e1n Seijo - Nueva Pescanova","isPartOf":{"@id":"https:\/\/www.nuevapescanova.com\/#website"},"datePublished":"2020-04-14T08:02:06+00:00","dateModified":"2020-06-10T08:44:58+00:00","breadcrumb":{"@id":"https:\/\/www.nuevapescanova.com\/compania\/consejo-de-administracion\/jose_fafian\/#breadcrumb"},"inLanguage":"fr-FR","potentialAction":[{"@type":"ReadAction","target":["https:\/\/www.nuevapescanova.com\/compania\/consejo-de-administracion\/jose_fafian\/"]}]},{"@type":"BreadcrumbList","@id":"https:\/\/www.nuevapescanova.com\/compania\/consejo-de-administracion\/jose_fafian\/#breadcrumb","itemListElement":[{"@type":"ListItem","position":1,"name":"Portada","item":"https:\/\/www.nuevapescanova.com\/fr\/"},{"@type":"ListItem","position":2,"name":"Soci\u00e9t\u00e9","item":"https:\/\/www.nuevapescanova.com\/fr\/compania\/"},{"@type":"ListItem","position":3,"name":"Conseil d\u00b4administration","item":"https:\/\/www.nuevapescanova.com\/compania\/consejo-de-administracion\/"},{"@type":"ListItem","position":4,"name":"D. Jos\u00e9 Fafi\u00e1n Seijo"}]},{"@type":"WebSite","@id":"https:\/\/www.nuevapescanova.com\/#website","url":"https:\/\/www.nuevapescanova.com\/","name":"Nueva Pescanova","description":"","publisher":{"@id":"https:\/\/www.nuevapescanova.com\/#organization"},"potentialAction":[{"@type":"SearchAction","target":{"@type":"EntryPoint","urlTemplate":"https:\/\/www.nuevapescanova.com\/?s={search_term_string}"},"query-input":{"@type":"PropertyValueSpecification","valueRequired":true,"valueName":"search_term_string"}}],"inLanguage":"fr-FR"},{"@type":"Organization","@id":"https:\/\/www.nuevapescanova.com\/#organization","name":"Nueva Pescanova","url":"https:\/\/www.nuevapescanova.com\/","logo":{"@type":"ImageObject","inLanguage":"fr-FR","@id":"https:\/\/www.nuevapescanova.com\/#\/schema\/logo\/image\/","url":"https:\/\/www.nuevapescanova.com\/nuevapescanova\/wp-content\/uploads\/2023\/06\/Logo-Grupo-Nueva-Pescanova.jpg","contentUrl":"https:\/\/www.nuevapescanova.com\/nuevapescanova\/wp-content\/uploads\/2023\/06\/Logo-Grupo-Nueva-Pescanova.jpg","width":800,"height":398,"caption":"Nueva Pescanova"},"image":{"@id":"https:\/\/www.nuevapescanova.com\/#\/schema\/logo\/image\/"},"sameAs":["https:\/\/x.com\/PescanovaCorp","https:\/\/www.linkedin.com\/company\/nuevapescanova\/?originalSubdomain=es"]}]}},"_links":{"self":[{"href":"https:\/\/www.nuevapescanova.com\/fr\/wp-json\/wp\/v2\/pages\/13283","targetHints":{"allow":["GET"]}}],"collection":[{"href":"https:\/\/www.nuevapescanova.com\/fr\/wp-json\/wp\/v2\/pages"}],"about":[{"href":"https:\/\/www.nuevapescanova.com\/fr\/wp-json\/wp\/v2\/types\/page"}],"author":[{"embeddable":true,"href":"https:\/\/www.nuevapescanova.com\/fr\/wp-json\/wp\/v2\/users\/3"}],"replies":[{"embeddable":true,"href":"https:\/\/www.nuevapescanova.com\/fr\/wp-json\/wp\/v2\/comments?post=13283"}],"version-history":[{"count":0,"href":"https:\/\/www.nuevapescanova.com\/fr\/wp-json\/wp\/v2\/pages\/13283\/revisions"}],"up":[{"embeddable":true,"href":"https:\/\/www.nuevapescanova.com\/fr\/wp-json\/wp\/v2\/pages\/2725"}],"wp:attachment":[{"href":"https:\/\/www.nuevapescanova.com\/fr\/wp-json\/wp\/v2\/media?parent=13283"}],"curies":[{"name":"wp","href":"https:\/\/api.w.org\/{rel}","templated":true}]}}