{"id":27247,"date":"2022-06-22T08:03:28","date_gmt":"2022-06-22T08:03:28","guid":{"rendered":"https:\/\/www.nuevapescanova.com\/?page_id=27247"},"modified":"2025-10-16T16:35:21","modified_gmt":"2025-10-16T16:35:21","slug":"que-hacemos-5-2","status":"publish","type":"page","link":"https:\/\/www.nuevapescanova.com\/fr\/que-hacemos-5-2\/","title":{"rendered":"Qu\u00b4est-ce que nous faisons?"},"content":{"rendered":"<section class=\"wpb-content-wrapper\"><p>[vc_row][vc_column width=\u00a0\u00bb1\/2&Prime;][vc_column_text el_class=\u00a0\u00bbtitulo\u00a0\u00bb]Qu\u00b4est-ce que nous faisons?[\/vc_column_text][\/vc_column][vc_column width=\u00a0\u00bb1\/2&Prime;][vc_column_text el_class=\u00a0\u00bbtitulo-historia\u00a0\u00bb css=\u00a0\u00bb.vc_custom_1674758398625{margin-top: 40px !important;}\u00a0\u00bb]<\/p>\n<p style=\"text-align: right;\">De la <strong>mer\u00a0<\/strong>\u00e0<strong>\u00a0l&rsquo;assiette<\/strong><\/p>\n<p>[\/vc_column_text][\/vc_column][\/vc_row][vc_row css=\u00a0\u00bb.vc_custom_1516301639771{background-color: #ffffff !important;}\u00a0\u00bb][vc_column][vc_row_inner css=\u00a0\u00bb.vc_custom_1516301922525{margin-bottom: 0px !important;padding-bottom: 0px !important;}\u00a0\u00bb][vc_column_inner css=\u00a0\u00bb.vc_custom_1516301928212{margin-bottom: 0px !important;padding-bottom: 0px !important;}\u00a0\u00bb][vc_column_text]Le\u00a0<strong>Grupo Nueva Pescanova<\/strong>\u00a0est une\u00a0<strong>soci\u00e9t\u00e9 multinationale espagnole sp\u00e9cialis\u00e9e dans la capture, la culture, la production et la commercialisation de produits de la mer<\/strong>, qui est n\u00e9e pour bouleverser l&rsquo;industrie halieutique et emmener la fra\u00eecheur du filet \u00e0 l&rsquo;assiette du consommateur.<\/p>\n<p>Pr\u00e8s de <strong>10.000 employ\u00e9s dans 4 continents<\/strong>, il s&rsquo;agit d&rsquo;une des rares multinationales des produits de la mer qui est pr\u00e9sente sur toute la cha\u00eene de valeur, de l&rsquo;origine jusqu&rsquo;\u00e0 la vente.<\/p>\n<p>L&rsquo;e<strong>ngagement avec la soci\u00e9t\u00e9<\/strong>\u00a0est une marque d&rsquo;identit\u00e9 de notre soci\u00e9t\u00e9. C&rsquo;est pour cela que nous parions sur la\u00a0<a tabindex=\"-1\" title=\"http:\/\/www.nuevapescanova.com\/fr\/compromiso\/responsabilidad-social-corporativa\/\" href=\"http:\/\/www.nuevapescanova.com\/fr\/compromiso\/responsabilidad-social-corporativa\/\" rel=\"noopener noreferrer\" aria-label=\"V\u00ednculo Responsabilit\u00e9 Corporative\"><strong>Responsabilit\u00e9 Corporative<\/strong><\/a>, les bonnes pratiques en mati\u00e8re de\u00a0<strong><a tabindex=\"-1\" title=\"http:\/\/www.nuevapescanova.com\/fr\/compromiso\/responsabilidad-social-corporativa\/calidad\/\" href=\"http:\/\/www.nuevapescanova.com\/fr\/compromiso\/responsabilidad-social-corporativa\/calidad\/\" rel=\"noopener noreferrer\" aria-label=\"V\u00ednculo Qualit\u00e9\">Qualit\u00e9<\/a><\/strong>\u00a0et d&rsquo;<a tabindex=\"-1\" title=\"http:\/\/www.nuevapescanova.com\/fr\/compromiso\/compromiso\/responsabilidad-social-corporativa\/nuestro-compromiso-con-el-planeta\/\" href=\"http:\/\/www.nuevapescanova.com\/fr\/compromiso\/compromiso\/responsabilidad-social-corporativa\/nuestro-compromiso-con-el-planeta\/\" rel=\"noopener noreferrer\" aria-label=\"V\u00ednculo Environnement\"><strong>Environnement<\/strong><\/a>\u00a0et\u00a0<a tabindex=\"-1\" title=\"http:\/\/www.nuevapescanova.com\/fr\/compromiso\/responsabilidad-social-corporativa\/innovacion\/\" href=\"http:\/\/www.nuevapescanova.com\/fr\/compromiso\/responsabilidad-social-corporativa\/innovacion\/\" rel=\"noopener noreferrer\" aria-label=\"V\u00ednculo l'innovation\"><strong>l&rsquo;innovation<\/strong><\/a>\u00a0constante.[\/vc_column_text][\/vc_column_inner][\/vc_row_inner][vc_row_inner css=\u00a0\u00bb.vc_custom_1516302051841{margin-top: 0px !important;margin-bottom: 0px !important;padding-top: 0px !important;padding-bottom: 0px !important;}\u00a0\u00bb][vc_column_inner width=\u00a0\u00bb1\/4&Prime; css=\u00a0\u00bb.vc_custom_1516302032864{margin-top: 0px !important;margin-bottom: 0px !important;padding-top: 0px !important;padding-bottom: 0px !important;}\u00a0\u00bb]<div class=\"hover_box\"><a href=\"https:\/\/www.nuevapescanova.com\/fr\/que-hacemos\/pescamos\/\" ><div class=\"hover_box_wrapper\"><img loading=\"lazy\" decoding=\"async\" class=\"scale-with-grid visible_photo\" src=\"https:\/\/www.nuevapescanova.com\/nuevapescanova\/wp-content\/uploads\/2023\/01\/pechons.jpg\" alt=\"pechons\" width=\"270\" height=\"240\"\/><img loading=\"lazy\" decoding=\"async\" class=\"scale-with-grid hidden_photo\" src=\"https:\/\/www.nuevapescanova.com\/nuevapescanova\/wp-content\/uploads\/2023\/01\/pechons.jpg\" alt=\"pechons\" width=\"270\" height=\"240\"\/><\/div><\/a><\/div>\n[\/vc_column_inner][vc_column_inner width=\u00a0\u00bb1\/4&Prime; css=\u00a0\u00bb.vc_custom_1516302026536{margin-top: 0px !important;margin-bottom: 0px !important;padding-top: 0px !important;padding-bottom: 0px !important;}\u00a0\u00bb]<div class=\"hover_box\"><a href=\"https:\/\/www.nuevapescanova.com\/fr\/que-hacemos\/cultivamos\/\" ><div class=\"hover_box_wrapper\"><img loading=\"lazy\" decoding=\"async\" class=\"scale-with-grid visible_photo\" src=\"https:\/\/www.nuevapescanova.com\/nuevapescanova\/wp-content\/uploads\/2023\/01\/cultivons.jpg\" alt=\"cultivons\" width=\"270\" height=\"240\"\/><img loading=\"lazy\" decoding=\"async\" class=\"scale-with-grid hidden_photo\" src=\"https:\/\/www.nuevapescanova.com\/nuevapescanova\/wp-content\/uploads\/2023\/01\/cultivons.jpg\" alt=\"cultivons\" width=\"270\" height=\"240\"\/><\/div><\/a><\/div>\n[\/vc_column_inner][vc_column_inner width=\u00a0\u00bb1\/4&Prime; css=\u00a0\u00bb.vc_custom_1516302038448{margin-top: 0px !important;margin-bottom: 0px !important;padding-top: 0px !important;padding-bottom: 0px !important;}\u00a0\u00bb]<div class=\"hover_box\"><a href=\"https:\/\/www.nuevapescanova.com\/fr\/que-hacemos\/elaboramos\/\" ><div class=\"hover_box_wrapper\"><img loading=\"lazy\" decoding=\"async\" class=\"scale-with-grid visible_photo\" src=\"https:\/\/www.nuevapescanova.com\/nuevapescanova\/wp-content\/uploads\/2023\/01\/elaborons.jpg\" alt=\"elaborons\" width=\"270\" height=\"240\"\/><img loading=\"lazy\" decoding=\"async\" class=\"scale-with-grid hidden_photo\" src=\"https:\/\/www.nuevapescanova.com\/nuevapescanova\/wp-content\/uploads\/2023\/01\/elaborons.jpg\" alt=\"elaborons\" width=\"270\" height=\"240\"\/><\/div><\/a><\/div>\n[\/vc_column_inner][vc_column_inner width=\u00a0\u00bb1\/4&Prime; css=\u00a0\u00bb.vc_custom_1516302045495{margin-top: 0px !important;margin-bottom: 0px !important;padding-top: 0px !important;padding-bottom: 0px !important;}\u00a0\u00bb]<div class=\"hover_box\"><a href=\"https:\/\/www.nuevapescanova.com\/fr\/que-hacemos\/comercializamos\/\" ><div class=\"hover_box_wrapper\"><img loading=\"lazy\" decoding=\"async\" class=\"scale-with-grid visible_photo\" src=\"https:\/\/www.nuevapescanova.com\/nuevapescanova\/wp-content\/uploads\/2023\/01\/commercialisons1.jpg\" alt=\"commercialisons1\" width=\"270\" height=\"240\"\/><img loading=\"lazy\" decoding=\"async\" class=\"scale-with-grid hidden_photo\" src=\"https:\/\/www.nuevapescanova.com\/nuevapescanova\/wp-content\/uploads\/2023\/01\/commercialisons1.jpg\" alt=\"commercialisons1\" width=\"270\" height=\"240\"\/><\/div><\/a><\/div>\n[\/vc_column_inner][\/vc_row_inner][vc_row_inner el_class=\u00a0\u00bbsombra\u00a0\u00bb css=\u00a0\u00bb.vc_custom_1516303087610{margin-bottom: 0px !important;padding-bottom: 0px !important;}\u00a0\u00bb][vc_column_inner css=\u00a0\u00bb.vc_custom_1516303069194{margin-top: 0px !important;margin-bottom: 0px !important;padding-top: 0px !important;padding-bottom: 0px !important;}\u00a0\u00bb][vc_column_text css=\u00a0\u00bb.vc_custom_1516303080819{margin-top: 0px !important;margin-bottom: 0px !important;padding-top: 50px !important;padding-right: 50px !important;padding-bottom: 50px !important;padding-left: 50px !important;background-image: url(http:\/\/demo.nuevapescanova.com\/wp-content\/uploads\/2018\/01\/atunes.jpg?id=1299) !important;background-position: center !important;background-repeat: no-repeat !important;background-size: cover !important;}\u00a0\u00bb]<\/p>\n<p style=\"text-align: center;\"><span style=\"color: #ffffff;\">El control desde el origen hasta su comercializaci\u00f3n es uno de nuestros valores diferenciales, permitiendo la trazabilidad en toda la cadena para ofrecer siempre la mejor calidad a los consumidores <\/span><\/p>\n<p>[\/vc_column_text][\/vc_column_inner][\/vc_row_inner][\/vc_column][\/vc_row][vc_row][vc_column][vc_empty_space height=\u00a0\u00bb60px\u00a0\u00bb][\/vc_column][\/vc_row]<\/p>\n<\/section>","protected":false},"excerpt":{"rendered":"<p>[vc_row][vc_column width=\u00a0\u00bb1\/2&Prime;][vc_column_text el_class=\u00a0\u00bbtitulo\u00a0\u00bb]Qu\u00b4est-ce que nous faisons?[\/vc_column_text][\/vc_column][vc_column width=\u00a0\u00bb1\/2&Prime;][vc_column_text el_class=\u00a0\u00bbtitulo-historia\u00a0\u00bb css=\u00a0\u00bb.vc_custom_1674758398625{margin-top: 40px !important;}\u00a0\u00bb] De la mer\u00a0\u00e0\u00a0l&rsquo;assiette [\/vc_column_text][\/vc_column][\/vc_row][vc_row css=\u00a0\u00bb.vc_custom_1516301639771{background-color: #ffffff !important;}\u00a0\u00bb][vc_column][vc_row_inner css=\u00a0\u00bb.vc_custom_1516301922525{margin-bottom: 0px !important;padding-bottom: 0px !important;}\u00a0\u00bb][vc_column_inner css=\u00a0\u00bb.vc_custom_1516301928212{margin-bottom: 0px !important;padding-bottom:<span class=\"excerpt-hellip\"> [\u2026]<\/span><\/p>\n","protected":false},"author":3,"featured_media":0,"parent":0,"menu_order":2,"comment_status":"closed","ping_status":"closed","template":"","meta":{"_acf_changed":false,"footnotes":""},"class_list":["post-27247","page","type-page","status-publish","hentry"],"acf":[],"yoast_head":"<!-- This site is optimized with the Yoast SEO plugin v25.9 - https:\/\/yoast.com\/wordpress\/plugins\/seo\/ -->\n<title>Qu\u00b4est-ce que nous faisons? - Nueva Pescanova<\/title>\n<meta name=\"robots\" content=\"index, follow, max-snippet:-1, max-image-preview:large, max-video-preview:-1\" \/>\n<link rel=\"canonical\" href=\"https:\/\/www.nuevapescanova.com\/fr\/que-hacemos-5-2\/\" \/>\n<meta property=\"og:locale\" content=\"fr_FR\" \/>\n<meta property=\"og:type\" content=\"article\" \/>\n<meta property=\"og:title\" content=\"Qu\u00b4est-ce que nous faisons? - Nueva Pescanova\" \/>\n<meta property=\"og:description\" content=\"[vc_row][vc_column width=\u00a0\u00bb1\/2&Prime;][vc_column_text el_class=\u00a0\u00bbtitulo\u00a0\u00bb]Qu\u00b4est-ce que nous faisons?[\/vc_column_text][\/vc_column][vc_column width=\u00a0\u00bb1\/2&Prime;][vc_column_text el_class=\u00a0\u00bbtitulo-historia\u00a0\u00bb css=\u00a0\u00bb.vc_custom_1674758398625{margin-top: 40px !important;}\u00a0\u00bb] De la mer\u00a0\u00e0\u00a0l&rsquo;assiette [\/vc_column_text][\/vc_column][\/vc_row][vc_row css=\u00a0\u00bb.vc_custom_1516301639771{background-color: #ffffff !important;}\u00a0\u00bb][vc_column][vc_row_inner css=\u00a0\u00bb.vc_custom_1516301922525{margin-bottom: 0px !important;padding-bottom: 0px !important;}\u00a0\u00bb][vc_column_inner css=\u00a0\u00bb.vc_custom_1516301928212{margin-bottom: 0px !important;padding-bottom: [\u2026]\" \/>\n<meta property=\"og:url\" content=\"https:\/\/www.nuevapescanova.com\/fr\/que-hacemos-5-2\/\" \/>\n<meta property=\"og:site_name\" content=\"Nueva Pescanova\" \/>\n<meta property=\"article:modified_time\" content=\"2025-10-16T16:35:21+00:00\" \/>\n<meta name=\"twitter:card\" content=\"summary_large_image\" \/>\n<meta name=\"twitter:site\" content=\"@PescanovaCorp\" \/>\n<meta name=\"twitter:label1\" content=\"Dur\u00e9e de lecture estim\u00e9e\" \/>\n\t<meta name=\"twitter:data1\" content=\"2 minutes\" \/>\n<script type=\"application\/ld+json\" class=\"yoast-schema-graph\">{\"@context\":\"https:\/\/schema.org\",\"@graph\":[{\"@type\":\"WebPage\",\"@id\":\"https:\/\/www.nuevapescanova.com\/fr\/que-hacemos-5-2\/\",\"url\":\"https:\/\/www.nuevapescanova.com\/fr\/que-hacemos-5-2\/\",\"name\":\"Qu\u00b4est-ce que nous faisons? - Nueva Pescanova\",\"isPartOf\":{\"@id\":\"https:\/\/www.nuevapescanova.com\/#website\"},\"datePublished\":\"2022-06-22T08:03:28+00:00\",\"dateModified\":\"2025-10-16T16:35:21+00:00\",\"breadcrumb\":{\"@id\":\"https:\/\/www.nuevapescanova.com\/fr\/que-hacemos-5-2\/#breadcrumb\"},\"inLanguage\":\"fr-FR\",\"potentialAction\":[{\"@type\":\"ReadAction\",\"target\":[\"https:\/\/www.nuevapescanova.com\/fr\/que-hacemos-5-2\/\"]}]},{\"@type\":\"BreadcrumbList\",\"@id\":\"https:\/\/www.nuevapescanova.com\/fr\/que-hacemos-5-2\/#breadcrumb\",\"itemListElement\":[{\"@type\":\"ListItem\",\"position\":1,\"name\":\"Portada\",\"item\":\"https:\/\/www.nuevapescanova.com\/fr\/\"},{\"@type\":\"ListItem\",\"position\":2,\"name\":\"Qu\u00b4est-ce que nous faisons?\"}]},{\"@type\":\"WebSite\",\"@id\":\"https:\/\/www.nuevapescanova.com\/#website\",\"url\":\"https:\/\/www.nuevapescanova.com\/\",\"name\":\"Nueva Pescanova\",\"description\":\"\",\"publisher\":{\"@id\":\"https:\/\/www.nuevapescanova.com\/#organization\"},\"potentialAction\":[{\"@type\":\"SearchAction\",\"target\":{\"@type\":\"EntryPoint\",\"urlTemplate\":\"https:\/\/www.nuevapescanova.com\/?s={search_term_string}\"},\"query-input\":{\"@type\":\"PropertyValueSpecification\",\"valueRequired\":true,\"valueName\":\"search_term_string\"}}],\"inLanguage\":\"fr-FR\"},{\"@type\":\"Organization\",\"@id\":\"https:\/\/www.nuevapescanova.com\/#organization\",\"name\":\"Nueva Pescanova\",\"url\":\"https:\/\/www.nuevapescanova.com\/\",\"logo\":{\"@type\":\"ImageObject\",\"inLanguage\":\"fr-FR\",\"@id\":\"https:\/\/www.nuevapescanova.com\/#\/schema\/logo\/image\/\",\"url\":\"https:\/\/www.nuevapescanova.com\/nuevapescanova\/wp-content\/uploads\/2023\/06\/Logo-Grupo-Nueva-Pescanova.jpg\",\"contentUrl\":\"https:\/\/www.nuevapescanova.com\/nuevapescanova\/wp-content\/uploads\/2023\/06\/Logo-Grupo-Nueva-Pescanova.jpg\",\"width\":800,\"height\":398,\"caption\":\"Nueva Pescanova\"},\"image\":{\"@id\":\"https:\/\/www.nuevapescanova.com\/#\/schema\/logo\/image\/\"},\"sameAs\":[\"https:\/\/x.com\/PescanovaCorp\",\"https:\/\/www.linkedin.com\/company\/nuevapescanova\/?originalSubdomain=es\"]}]}<\/script>\n<!-- \/ Yoast SEO plugin. -->","yoast_head_json":{"title":"Qu\u00b4est-ce que nous faisons? - Nueva Pescanova","robots":{"index":"index","follow":"follow","max-snippet":"max-snippet:-1","max-image-preview":"max-image-preview:large","max-video-preview":"max-video-preview:-1"},"canonical":"https:\/\/www.nuevapescanova.com\/fr\/que-hacemos-5-2\/","og_locale":"fr_FR","og_type":"article","og_title":"Qu\u00b4est-ce que nous faisons? - Nueva Pescanova","og_description":"[vc_row][vc_column width=\u00a0\u00bb1\/2&Prime;][vc_column_text el_class=\u00a0\u00bbtitulo\u00a0\u00bb]Qu\u00b4est-ce que nous faisons?[\/vc_column_text][\/vc_column][vc_column width=\u00a0\u00bb1\/2&Prime;][vc_column_text el_class=\u00a0\u00bbtitulo-historia\u00a0\u00bb css=\u00a0\u00bb.vc_custom_1674758398625{margin-top: 40px !important;}\u00a0\u00bb] De la mer\u00a0\u00e0\u00a0l&rsquo;assiette [\/vc_column_text][\/vc_column][\/vc_row][vc_row css=\u00a0\u00bb.vc_custom_1516301639771{background-color: #ffffff !important;}\u00a0\u00bb][vc_column][vc_row_inner css=\u00a0\u00bb.vc_custom_1516301922525{margin-bottom: 0px !important;padding-bottom: 0px !important;}\u00a0\u00bb][vc_column_inner css=\u00a0\u00bb.vc_custom_1516301928212{margin-bottom: 0px !important;padding-bottom: [\u2026]","og_url":"https:\/\/www.nuevapescanova.com\/fr\/que-hacemos-5-2\/","og_site_name":"Nueva Pescanova","article_modified_time":"2025-10-16T16:35:21+00:00","twitter_card":"summary_large_image","twitter_site":"@PescanovaCorp","twitter_misc":{"Dur\u00e9e de lecture estim\u00e9e":"2 minutes"},"schema":{"@context":"https:\/\/schema.org","@graph":[{"@type":"WebPage","@id":"https:\/\/www.nuevapescanova.com\/fr\/que-hacemos-5-2\/","url":"https:\/\/www.nuevapescanova.com\/fr\/que-hacemos-5-2\/","name":"Qu\u00b4est-ce que nous faisons? - Nueva Pescanova","isPartOf":{"@id":"https:\/\/www.nuevapescanova.com\/#website"},"datePublished":"2022-06-22T08:03:28+00:00","dateModified":"2025-10-16T16:35:21+00:00","breadcrumb":{"@id":"https:\/\/www.nuevapescanova.com\/fr\/que-hacemos-5-2\/#breadcrumb"},"inLanguage":"fr-FR","potentialAction":[{"@type":"ReadAction","target":["https:\/\/www.nuevapescanova.com\/fr\/que-hacemos-5-2\/"]}]},{"@type":"BreadcrumbList","@id":"https:\/\/www.nuevapescanova.com\/fr\/que-hacemos-5-2\/#breadcrumb","itemListElement":[{"@type":"ListItem","position":1,"name":"Portada","item":"https:\/\/www.nuevapescanova.com\/fr\/"},{"@type":"ListItem","position":2,"name":"Qu\u00b4est-ce que nous faisons?"}]},{"@type":"WebSite","@id":"https:\/\/www.nuevapescanova.com\/#website","url":"https:\/\/www.nuevapescanova.com\/","name":"Nueva Pescanova","description":"","publisher":{"@id":"https:\/\/www.nuevapescanova.com\/#organization"},"potentialAction":[{"@type":"SearchAction","target":{"@type":"EntryPoint","urlTemplate":"https:\/\/www.nuevapescanova.com\/?s={search_term_string}"},"query-input":{"@type":"PropertyValueSpecification","valueRequired":true,"valueName":"search_term_string"}}],"inLanguage":"fr-FR"},{"@type":"Organization","@id":"https:\/\/www.nuevapescanova.com\/#organization","name":"Nueva Pescanova","url":"https:\/\/www.nuevapescanova.com\/","logo":{"@type":"ImageObject","inLanguage":"fr-FR","@id":"https:\/\/www.nuevapescanova.com\/#\/schema\/logo\/image\/","url":"https:\/\/www.nuevapescanova.com\/nuevapescanova\/wp-content\/uploads\/2023\/06\/Logo-Grupo-Nueva-Pescanova.jpg","contentUrl":"https:\/\/www.nuevapescanova.com\/nuevapescanova\/wp-content\/uploads\/2023\/06\/Logo-Grupo-Nueva-Pescanova.jpg","width":800,"height":398,"caption":"Nueva Pescanova"},"image":{"@id":"https:\/\/www.nuevapescanova.com\/#\/schema\/logo\/image\/"},"sameAs":["https:\/\/x.com\/PescanovaCorp","https:\/\/www.linkedin.com\/company\/nuevapescanova\/?originalSubdomain=es"]}]}},"_links":{"self":[{"href":"https:\/\/www.nuevapescanova.com\/fr\/wp-json\/wp\/v2\/pages\/27247","targetHints":{"allow":["GET"]}}],"collection":[{"href":"https:\/\/www.nuevapescanova.com\/fr\/wp-json\/wp\/v2\/pages"}],"about":[{"href":"https:\/\/www.nuevapescanova.com\/fr\/wp-json\/wp\/v2\/types\/page"}],"author":[{"embeddable":true,"href":"https:\/\/www.nuevapescanova.com\/fr\/wp-json\/wp\/v2\/users\/3"}],"replies":[{"embeddable":true,"href":"https:\/\/www.nuevapescanova.com\/fr\/wp-json\/wp\/v2\/comments?post=27247"}],"version-history":[{"count":8,"href":"https:\/\/www.nuevapescanova.com\/fr\/wp-json\/wp\/v2\/pages\/27247\/revisions"}],"predecessor-version":[{"id":46683,"href":"https:\/\/www.nuevapescanova.com\/fr\/wp-json\/wp\/v2\/pages\/27247\/revisions\/46683"}],"wp:attachment":[{"href":"https:\/\/www.nuevapescanova.com\/fr\/wp-json\/wp\/v2\/media?parent=27247"}],"curies":[{"name":"wp","href":"https:\/\/api.w.org\/{rel}","templated":true}]}}