{"id":2749,"date":"2017-12-19T20:05:32","date_gmt":"2017-12-19T20:05:32","guid":{"rendered":"http:\/\/demo.nuevapescanova.com\/compromiso\/integridad-y-transparencia\/"},"modified":"2025-10-21T14:25:04","modified_gmt":"2025-10-21T14:25:04","slug":"integridad-y-transparencia-2","status":"publish","type":"page","link":"https:\/\/www.nuevapescanova.com\/fr\/compromiso\/responsabilidad-social-corporativa-2\/integridad-y-transparencia-2\/","title":{"rendered":"Int\u00e9grit\u00e9"},"content":{"rendered":"<section class=\"wpb-content-wrapper\"><p>[vc_row][vc_column][vc_column_text el_class=\u00a0\u00bbtitulo\u00a0\u00bb]\u00c9thique, int\u00e9grit\u00e9 et conformit\u00e9 r\u00e9glementaire[\/vc_column_text][\/vc_column][\/vc_row][vc_row css=\u00a0\u00bb.vc_custom_1516619648577{padding-bottom: 0px !important;background-color: #ffffff !important;}\u00a0\u00bb][vc_column css=\u00a0\u00bb.vc_custom_1516619741069{margin-bottom: 0px !important;}\u00a0\u00bb][vc_row_inner css=\u00a0\u00bb.vc_custom_1516618899217{margin-bottom: 0px !important;padding-bottom: 0px !important;}\u00a0\u00bb][vc_column_inner][vc_column_text]<\/p>\n<p>Le Groupe Nueva Pescanova, s\u2019engage \u00e0 veiller \u00e0 ce que toutes les entreprises du Groupe et leurs employ\u00e9s adoptent un comportement \u00e9thique, int\u00e8gre, responsable et transparent. \u00c0 cette fin, nous avons mis en place un <strong>Syst\u00e8me Normatif de Gouvernance Corporative et de Conformit\u00e9<\/strong>, compos\u00e9 de Notre Code d&rsquo;\u00c9thique et d&rsquo;autres r\u00e8gles internes.<\/p>\n<p>Le principal guide d\u2019action est <a href=\"https:\/\/www.nuevapescanova.com\/nuevapescanova\/wp-content\/uploads\/2023\/08\/Notre-Code-Ethice_v3_07_2023_APPROUVE-CONSEIL-31.07.2023.pdf\" target=\"_blank\" rel=\"noopener\"><strong>Notre Code d&rsquo;\u00c9thique<\/strong><\/a>, qui contient les r\u00e8gles de conduite de l&rsquo;entreprise, de ses employ\u00e9s et de ses collaborateurs. Tous nos employ\u00e9s et organes de direction adh\u00e8rent \u00e0 Notre Code d&rsquo;\u00c9thique et s&rsquo;engagent \u00e0 le respecter.<\/p>\n<p>Ces engagements sont \u00e9galement refl\u00e9t\u00e9s dans la <a href=\"https:\/\/www.nuevapescanova.com\/nuevapescanova\/wp-content\/uploads\/2025\/05\/NOTRE-CHARTE-ETHIQUE-ET-SOCIALE-DU-FOURNISSEUR-Comite-Executif-de-Nueva._.pdf\" target=\"_blank\" rel=\"noopener\"><strong>Charte \u00c9thique et Sociale du Fournisseur<\/strong><\/a><strong><u>,<\/u><\/strong> qui d\u00e9finit les principes et les normes de conduite professionnelle que nous exigeons de nos fournisseurs, y compris un engagement envers les droits de l&rsquo;homme et du travail, le respect de la l\u00e9gislation, l&rsquo;honn\u00eatet\u00e9 et l&rsquo;int\u00e9grit\u00e9, la transparence, le d\u00e9veloppement durable ainsi que la qualit\u00e9 et la s\u00e9curit\u00e9 des aliments.<\/p>\n<p>Notre Syst\u00e8me Normatif Interne comprend \u00e9galement les \u00e9l\u00e9ments suivants :<\/p>\n<ul>\n<li>Notre <a href=\"https:\/\/www.nuevapescanova.com\/nuevapescanova\/wp-content\/uploads\/2023\/02\/POLITIQUE-CORPORATIF-DE-PREVENTION-DES-RISQUES-PENAUX_v6_01_2023.pdf\" target=\"_blank\" rel=\"noopener\"><strong>Politique Corporative de Pr\u00e9vention des Risques P\u00e9naux<\/strong><\/a><strong>\u00a0<\/strong><\/li>\n<\/ul>\n<ul>\n<li><a href=\"https:\/\/www.nuevapescanova.com\/nuevapescanova\/wp-content\/uploads\/2022\/10\/NIG-AUT_CodeAntiCorruption_v3_10_2022_EXT.pdf\" target=\"_blank\" rel=\"noopener\"><strong>Le Code Anti-Corruption du Groupe Nueva Pescanova<\/strong><\/a> qui vise \u00e0 pr\u00e9venir les pratiques de corruption.<\/li>\n<\/ul>\n<p><a href=\"https:\/\/www.nuevapescanova.com\/nuevapescanova\/wp-content\/uploads\/2025\/01\/REGLAMENTO-UNIDAD-DE-CUMPLIMIENTO_v6_-Aprobada-29.11.2024.pdf\" target=\"_blank\" rel=\"noopener\"><strong>L&rsquo;Unit\u00e9 de Conformit\u00e9<\/strong><\/a> est un organe coll\u00e9gial interne et permanent, dot\u00e9 d&rsquo;autonomie et d&rsquo;ind\u00e9pendance d&rsquo;action, qui rend compte directement au Conseil d&rsquo;Administration du Groupe et qui est charg\u00e9, notamment, de veiller au respect effectif et \u00e0 l&rsquo;application de nos normes en mati\u00e8re d&rsquo;\u00e9thique, d&rsquo;int\u00e9grit\u00e9 et de conformit\u00e9 aux r\u00e9glementations (<em>Compliance<\/em>).<\/p>\n<p>L&rsquo;Unit\u00e9 de Conformit\u00e9 est l&rsquo;organe qui assure le traitement et la r\u00e9solution des communications re\u00e7ues par le biais de notre <a href=\"https:\/\/www.nuevapescanova.com\/fr\/canal_de_denonciations\/\" target=\"_blank\" rel=\"noopener\"><strong>CANAL DE D\u00c9NONCIATIONS<\/strong><\/a>, dont les conditions d&rsquo;utilisation, les r\u00e8gles de fonctionnement, les principes informateurs et les r\u00e8gles de proc\u00e9dure.<\/p>\n<p>&nbsp;<\/p>\n<p>[\/vc_column_text][vc_single_image image=\u00a0\u00bb2034&Prime; img_size=\u00a0\u00bbfull\u00a0\u00bb css=\u00a0\u00bb.vc_custom_1519922833895{margin-top: 0px !important;margin-bottom: 0px !important;padding-top: 0px !important;padding-bottom: 0px !important;}\u00a0\u00bb][\/vc_column_inner][\/vc_row_inner][vc_row_inner el_class=\u00a0\u00bbsombra\u00a0\u00bb css=\u00a0\u00bb.vc_custom_1516620347065{margin-top: 0px !important;margin-bottom: 0px !important;padding-top: 0px !important;padding-bottom: 0px !important;}\u00a0\u00bb][vc_column_inner width=\u00a0\u00bb1\/4&Prime; css=\u00a0\u00bb.vc_custom_1516620281776{margin-bottom: 0px !important;padding-bottom: 0px !important;}\u00a0\u00bb][vc_column_text][\/vc_column_text][\/vc_column_inner][vc_column_inner width=\u00a0\u00bb3\/4&Prime;][\/vc_column_inner][\/vc_row_inner][\/vc_column][\/vc_row][vc_row][vc_column][vc_empty_space height=\u00a0\u00bb60&Prime;][\/vc_column][\/vc_row]<\/p>\n<\/section>","protected":false},"excerpt":{"rendered":"<p>[vc_row][vc_column][vc_column_text el_class=\u00a0\u00bbtitulo\u00a0\u00bb]\u00c9thique, int\u00e9grit\u00e9 et conformit\u00e9 r\u00e9glementaire[\/vc_column_text][\/vc_column][\/vc_row][vc_row css=\u00a0\u00bb.vc_custom_1516619648577{padding-bottom: 0px !important;background-color: #ffffff !important;}\u00a0\u00bb][vc_column css=\u00a0\u00bb.vc_custom_1516619741069{margin-bottom: 0px !important;}\u00a0\u00bb][vc_row_inner css=\u00a0\u00bb.vc_custom_1516618899217{margin-bottom: 0px !important;padding-bottom: 0px !important;}\u00a0\u00bb][vc_column_inner][vc_column_text] Le Groupe Nueva Pescanova, s\u2019engage \u00e0 veiller<span class=\"excerpt-hellip\"> [\u2026]<\/span><\/p>\n","protected":false},"author":3,"featured_media":0,"parent":2739,"menu_order":3,"comment_status":"closed","ping_status":"closed","template":"","meta":{"_acf_changed":false,"footnotes":""},"class_list":["post-2749","page","type-page","status-publish","hentry"],"acf":[],"yoast_head":"<!-- This site is optimized with the Yoast SEO plugin v25.9 - https:\/\/yoast.com\/wordpress\/plugins\/seo\/ -->\n<title>Int\u00e9grit\u00e9 - Nueva Pescanova<\/title>\n<meta name=\"robots\" content=\"index, follow, max-snippet:-1, max-image-preview:large, max-video-preview:-1\" \/>\n<link rel=\"canonical\" href=\"https:\/\/www.nuevapescanova.com\/fr\/compromiso\/responsabilidad-social-corporativa-2\/integridad-y-transparencia-2\/\" \/>\n<meta property=\"og:locale\" content=\"fr_FR\" \/>\n<meta property=\"og:type\" content=\"article\" \/>\n<meta property=\"og:title\" content=\"Int\u00e9grit\u00e9 - Nueva Pescanova\" \/>\n<meta property=\"og:description\" content=\"[vc_row][vc_column][vc_column_text el_class=\u00a0\u00bbtitulo\u00a0\u00bb]\u00c9thique, int\u00e9grit\u00e9 et conformit\u00e9 r\u00e9glementaire[\/vc_column_text][\/vc_column][\/vc_row][vc_row css=\u00a0\u00bb.vc_custom_1516619648577{padding-bottom: 0px !important;background-color: #ffffff !important;}\u00a0\u00bb][vc_column css=\u00a0\u00bb.vc_custom_1516619741069{margin-bottom: 0px !important;}\u00a0\u00bb][vc_row_inner css=\u00a0\u00bb.vc_custom_1516618899217{margin-bottom: 0px !important;padding-bottom: 0px !important;}\u00a0\u00bb][vc_column_inner][vc_column_text] Le Groupe Nueva Pescanova, s\u2019engage \u00e0 veiller [\u2026]\" \/>\n<meta property=\"og:url\" content=\"https:\/\/www.nuevapescanova.com\/fr\/compromiso\/responsabilidad-social-corporativa-2\/integridad-y-transparencia-2\/\" \/>\n<meta property=\"og:site_name\" content=\"Nueva Pescanova\" \/>\n<meta property=\"article:modified_time\" content=\"2025-10-21T14:25:04+00:00\" \/>\n<meta name=\"twitter:card\" content=\"summary_large_image\" \/>\n<meta name=\"twitter:site\" content=\"@PescanovaCorp\" \/>\n<meta name=\"twitter:label1\" content=\"Dur\u00e9e de lecture estim\u00e9e\" \/>\n\t<meta name=\"twitter:data1\" content=\"2 minutes\" \/>\n<script type=\"application\/ld+json\" class=\"yoast-schema-graph\">{\"@context\":\"https:\/\/schema.org\",\"@graph\":[{\"@type\":\"WebPage\",\"@id\":\"https:\/\/www.nuevapescanova.com\/fr\/compromiso\/responsabilidad-social-corporativa-2\/integridad-y-transparencia-2\/\",\"url\":\"https:\/\/www.nuevapescanova.com\/fr\/compromiso\/responsabilidad-social-corporativa-2\/integridad-y-transparencia-2\/\",\"name\":\"Int\u00e9grit\u00e9 - Nueva Pescanova\",\"isPartOf\":{\"@id\":\"https:\/\/www.nuevapescanova.com\/#website\"},\"datePublished\":\"2017-12-19T20:05:32+00:00\",\"dateModified\":\"2025-10-21T14:25:04+00:00\",\"breadcrumb\":{\"@id\":\"https:\/\/www.nuevapescanova.com\/fr\/compromiso\/responsabilidad-social-corporativa-2\/integridad-y-transparencia-2\/#breadcrumb\"},\"inLanguage\":\"fr-FR\",\"potentialAction\":[{\"@type\":\"ReadAction\",\"target\":[\"https:\/\/www.nuevapescanova.com\/fr\/compromiso\/responsabilidad-social-corporativa-2\/integridad-y-transparencia-2\/\"]}]},{\"@type\":\"BreadcrumbList\",\"@id\":\"https:\/\/www.nuevapescanova.com\/fr\/compromiso\/responsabilidad-social-corporativa-2\/integridad-y-transparencia-2\/#breadcrumb\",\"itemListElement\":[{\"@type\":\"ListItem\",\"position\":1,\"name\":\"Portada\",\"item\":\"https:\/\/www.nuevapescanova.com\/fr\/\"},{\"@type\":\"ListItem\",\"position\":2,\"name\":\"Compromiso\",\"item\":\"https:\/\/www.nuevapescanova.com\/fr\/compromiso\/\"},{\"@type\":\"ListItem\",\"position\":3,\"name\":\"Responsabilit\u00e9 sociale d\u2019entreprise\",\"item\":\"https:\/\/www.nuevapescanova.com\/fr\/compromiso\/responsabilidad-social-corporativa-2\/\"},{\"@type\":\"ListItem\",\"position\":4,\"name\":\"Int\u00e9grit\u00e9\"}]},{\"@type\":\"WebSite\",\"@id\":\"https:\/\/www.nuevapescanova.com\/#website\",\"url\":\"https:\/\/www.nuevapescanova.com\/\",\"name\":\"Nueva Pescanova\",\"description\":\"\",\"publisher\":{\"@id\":\"https:\/\/www.nuevapescanova.com\/#organization\"},\"potentialAction\":[{\"@type\":\"SearchAction\",\"target\":{\"@type\":\"EntryPoint\",\"urlTemplate\":\"https:\/\/www.nuevapescanova.com\/?s={search_term_string}\"},\"query-input\":{\"@type\":\"PropertyValueSpecification\",\"valueRequired\":true,\"valueName\":\"search_term_string\"}}],\"inLanguage\":\"fr-FR\"},{\"@type\":\"Organization\",\"@id\":\"https:\/\/www.nuevapescanova.com\/#organization\",\"name\":\"Nueva Pescanova\",\"url\":\"https:\/\/www.nuevapescanova.com\/\",\"logo\":{\"@type\":\"ImageObject\",\"inLanguage\":\"fr-FR\",\"@id\":\"https:\/\/www.nuevapescanova.com\/#\/schema\/logo\/image\/\",\"url\":\"https:\/\/www.nuevapescanova.com\/nuevapescanova\/wp-content\/uploads\/2023\/06\/Logo-Grupo-Nueva-Pescanova.jpg\",\"contentUrl\":\"https:\/\/www.nuevapescanova.com\/nuevapescanova\/wp-content\/uploads\/2023\/06\/Logo-Grupo-Nueva-Pescanova.jpg\",\"width\":800,\"height\":398,\"caption\":\"Nueva Pescanova\"},\"image\":{\"@id\":\"https:\/\/www.nuevapescanova.com\/#\/schema\/logo\/image\/\"},\"sameAs\":[\"https:\/\/x.com\/PescanovaCorp\",\"https:\/\/www.linkedin.com\/company\/nuevapescanova\/?originalSubdomain=es\"]}]}<\/script>\n<!-- \/ Yoast SEO plugin. -->","yoast_head_json":{"title":"Int\u00e9grit\u00e9 - Nueva Pescanova","robots":{"index":"index","follow":"follow","max-snippet":"max-snippet:-1","max-image-preview":"max-image-preview:large","max-video-preview":"max-video-preview:-1"},"canonical":"https:\/\/www.nuevapescanova.com\/fr\/compromiso\/responsabilidad-social-corporativa-2\/integridad-y-transparencia-2\/","og_locale":"fr_FR","og_type":"article","og_title":"Int\u00e9grit\u00e9 - Nueva Pescanova","og_description":"[vc_row][vc_column][vc_column_text el_class=\u00a0\u00bbtitulo\u00a0\u00bb]\u00c9thique, int\u00e9grit\u00e9 et conformit\u00e9 r\u00e9glementaire[\/vc_column_text][\/vc_column][\/vc_row][vc_row css=\u00a0\u00bb.vc_custom_1516619648577{padding-bottom: 0px !important;background-color: #ffffff !important;}\u00a0\u00bb][vc_column css=\u00a0\u00bb.vc_custom_1516619741069{margin-bottom: 0px !important;}\u00a0\u00bb][vc_row_inner css=\u00a0\u00bb.vc_custom_1516618899217{margin-bottom: 0px !important;padding-bottom: 0px !important;}\u00a0\u00bb][vc_column_inner][vc_column_text] Le Groupe Nueva Pescanova, s\u2019engage \u00e0 veiller [\u2026]","og_url":"https:\/\/www.nuevapescanova.com\/fr\/compromiso\/responsabilidad-social-corporativa-2\/integridad-y-transparencia-2\/","og_site_name":"Nueva Pescanova","article_modified_time":"2025-10-21T14:25:04+00:00","twitter_card":"summary_large_image","twitter_site":"@PescanovaCorp","twitter_misc":{"Dur\u00e9e de lecture estim\u00e9e":"2 minutes"},"schema":{"@context":"https:\/\/schema.org","@graph":[{"@type":"WebPage","@id":"https:\/\/www.nuevapescanova.com\/fr\/compromiso\/responsabilidad-social-corporativa-2\/integridad-y-transparencia-2\/","url":"https:\/\/www.nuevapescanova.com\/fr\/compromiso\/responsabilidad-social-corporativa-2\/integridad-y-transparencia-2\/","name":"Int\u00e9grit\u00e9 - Nueva Pescanova","isPartOf":{"@id":"https:\/\/www.nuevapescanova.com\/#website"},"datePublished":"2017-12-19T20:05:32+00:00","dateModified":"2025-10-21T14:25:04+00:00","breadcrumb":{"@id":"https:\/\/www.nuevapescanova.com\/fr\/compromiso\/responsabilidad-social-corporativa-2\/integridad-y-transparencia-2\/#breadcrumb"},"inLanguage":"fr-FR","potentialAction":[{"@type":"ReadAction","target":["https:\/\/www.nuevapescanova.com\/fr\/compromiso\/responsabilidad-social-corporativa-2\/integridad-y-transparencia-2\/"]}]},{"@type":"BreadcrumbList","@id":"https:\/\/www.nuevapescanova.com\/fr\/compromiso\/responsabilidad-social-corporativa-2\/integridad-y-transparencia-2\/#breadcrumb","itemListElement":[{"@type":"ListItem","position":1,"name":"Portada","item":"https:\/\/www.nuevapescanova.com\/fr\/"},{"@type":"ListItem","position":2,"name":"Compromiso","item":"https:\/\/www.nuevapescanova.com\/fr\/compromiso\/"},{"@type":"ListItem","position":3,"name":"Responsabilit\u00e9 sociale d\u2019entreprise","item":"https:\/\/www.nuevapescanova.com\/fr\/compromiso\/responsabilidad-social-corporativa-2\/"},{"@type":"ListItem","position":4,"name":"Int\u00e9grit\u00e9"}]},{"@type":"WebSite","@id":"https:\/\/www.nuevapescanova.com\/#website","url":"https:\/\/www.nuevapescanova.com\/","name":"Nueva Pescanova","description":"","publisher":{"@id":"https:\/\/www.nuevapescanova.com\/#organization"},"potentialAction":[{"@type":"SearchAction","target":{"@type":"EntryPoint","urlTemplate":"https:\/\/www.nuevapescanova.com\/?s={search_term_string}"},"query-input":{"@type":"PropertyValueSpecification","valueRequired":true,"valueName":"search_term_string"}}],"inLanguage":"fr-FR"},{"@type":"Organization","@id":"https:\/\/www.nuevapescanova.com\/#organization","name":"Nueva Pescanova","url":"https:\/\/www.nuevapescanova.com\/","logo":{"@type":"ImageObject","inLanguage":"fr-FR","@id":"https:\/\/www.nuevapescanova.com\/#\/schema\/logo\/image\/","url":"https:\/\/www.nuevapescanova.com\/nuevapescanova\/wp-content\/uploads\/2023\/06\/Logo-Grupo-Nueva-Pescanova.jpg","contentUrl":"https:\/\/www.nuevapescanova.com\/nuevapescanova\/wp-content\/uploads\/2023\/06\/Logo-Grupo-Nueva-Pescanova.jpg","width":800,"height":398,"caption":"Nueva Pescanova"},"image":{"@id":"https:\/\/www.nuevapescanova.com\/#\/schema\/logo\/image\/"},"sameAs":["https:\/\/x.com\/PescanovaCorp","https:\/\/www.linkedin.com\/company\/nuevapescanova\/?originalSubdomain=es"]}]}},"_links":{"self":[{"href":"https:\/\/www.nuevapescanova.com\/fr\/wp-json\/wp\/v2\/pages\/2749","targetHints":{"allow":["GET"]}}],"collection":[{"href":"https:\/\/www.nuevapescanova.com\/fr\/wp-json\/wp\/v2\/pages"}],"about":[{"href":"https:\/\/www.nuevapescanova.com\/fr\/wp-json\/wp\/v2\/types\/page"}],"author":[{"embeddable":true,"href":"https:\/\/www.nuevapescanova.com\/fr\/wp-json\/wp\/v2\/users\/3"}],"replies":[{"embeddable":true,"href":"https:\/\/www.nuevapescanova.com\/fr\/wp-json\/wp\/v2\/comments?post=2749"}],"version-history":[{"count":40,"href":"https:\/\/www.nuevapescanova.com\/fr\/wp-json\/wp\/v2\/pages\/2749\/revisions"}],"predecessor-version":[{"id":46775,"href":"https:\/\/www.nuevapescanova.com\/fr\/wp-json\/wp\/v2\/pages\/2749\/revisions\/46775"}],"up":[{"embeddable":true,"href":"https:\/\/www.nuevapescanova.com\/fr\/wp-json\/wp\/v2\/pages\/2739"}],"wp:attachment":[{"href":"https:\/\/www.nuevapescanova.com\/fr\/wp-json\/wp\/v2\/media?parent=2749"}],"curies":[{"name":"wp","href":"https:\/\/api.w.org\/{rel}","templated":true}]}}