{"id":2751,"date":"2017-12-19T20:06:26","date_gmt":"2017-12-19T20:06:26","guid":{"rendered":"http:\/\/demo.nuevapescanova.com\/compromiso\/calidad\/"},"modified":"2022-05-11T08:03:32","modified_gmt":"2022-05-11T08:03:32","slug":"calidad","status":"publish","type":"page","link":"https:\/\/www.nuevapescanova.com\/fr\/compromiso\/responsabilidad-social-corporativa-2\/calidad\/","title":{"rendered":"Qualit\u00e9"},"content":{"rendered":"<section class=\"wpb-content-wrapper\"><p>[vc_row][vc_column][vc_column_text el_class=\u00a0\u00bbtitulo\u00a0\u00bb]Qualit\u00e9[\/vc_column_text][\/vc_column][\/vc_row][vc_row css=\u00a0\u00bb.vc_custom_1516619648577{padding-bottom: 0px !important;background-color: #ffffff !important;}\u00a0\u00bb][vc_column css=\u00a0\u00bb.vc_custom_1516619741069{margin-bottom: 0px !important;}\u00a0\u00bb][vc_row_inner css=\u00a0\u00bb.vc_custom_1516618899217{margin-bottom: 0px !important;padding-bottom: 0px !important;}\u00a0\u00bb][vc_column_inner][vc_column_text]La <strong>culture de la qualit\u00e9<\/strong> et de l&rsquo;<strong>excellence alimentaire<\/strong> est \u00e0 l&rsquo;origine du <strong>Groupe Nueva Pescanova<\/strong>. Le <strong>contr\u00f4le de toute la cha\u00eene de valeur<\/strong> du produit de la mer, depuis l&rsquo;origine jusqu&rsquo;\u00e0 la vente nous permet de <strong>garantir au maximum le contr\u00f4le et la tra\u00e7abilit\u00e9<\/strong> sur le produit.<\/p>\n<p>Notre politique de qualit\u00e9 et d&rsquo;innocuit\u00e9 alimentaire atteint tous les processus et les domaines de la soci\u00e9t\u00e9 avec un unique objectif\u00a0: <strong>mettre dans l&rsquo;assiette de millions de m\u00e9nages les meilleurs produits de la mer, ind\u00e9pendamment de leur lieu de capture ou de culture, en maintenant la fra\u00eecheur et en garantissant toutes ses propri\u00e9t\u00e9s pour une alimentation riche et saine<\/strong>.<\/p>\n<p>Nous garantissons la <strong>S\u00e9curit\u00e9 Alimentaire, la Qualit\u00e9 et le Respect L\u00e9gal<\/strong> par l&rsquo;interm\u00e9diaire de nos politiques et de nos normes internes, de la mise en place et de la certification par des organismes ind\u00e9pendants, de nos <strong>Syst\u00e8mes de Qualit\u00e9 et d&rsquo;Environnement<\/strong>, bas\u00e9s sur des normes reconnues au niveau international et l&rsquo;exigence de crit\u00e8res pareils \u00e0 nos fournisseurs.[\/vc_column_text][\/vc_column_inner][\/vc_row_inner][vc_row_inner el_class=\u00a0\u00bbsombra\u00a0\u00bb css=\u00a0\u00bb.vc_custom_1516620347065{margin-top: 0px !important;margin-bottom: 0px !important;padding-top: 0px !important;padding-bottom: 0px !important;}\u00a0\u00bb][vc_column_inner css=\u00a0\u00bb.vc_custom_1516620281776{margin-bottom: 0px !important;padding-bottom: 0px !important;}\u00a0\u00bb][vc_single_image image=\u00a0\u00bb26927&Prime; img_size=\u00a0\u00bbfull\u00a0\u00bb][\/vc_column_inner][\/vc_row_inner][\/vc_column][\/vc_row][vc_row][vc_column][vc_empty_space height=\u00a0\u00bb60&Prime;][\/vc_column][\/vc_row]<\/p>\n<\/section>","protected":false},"excerpt":{"rendered":"<p>[vc_row][vc_column][vc_column_text el_class=\u00a0\u00bbtitulo\u00a0\u00bb]Qualit\u00e9[\/vc_column_text][\/vc_column][\/vc_row][vc_row css=\u00a0\u00bb.vc_custom_1516619648577{padding-bottom: 0px !important;background-color: #ffffff !important;}\u00a0\u00bb][vc_column css=\u00a0\u00bb.vc_custom_1516619741069{margin-bottom: 0px !important;}\u00a0\u00bb][vc_row_inner css=\u00a0\u00bb.vc_custom_1516618899217{margin-bottom: 0px !important;padding-bottom: 0px !important;}\u00a0\u00bb][vc_column_inner][vc_column_text]La culture de la qualit\u00e9 et de l&rsquo;excellence alimentaire est \u00e0 l&rsquo;origine<span class=\"excerpt-hellip\"> [\u2026]<\/span><\/p>\n","protected":false},"author":3,"featured_media":0,"parent":2739,"menu_order":4,"comment_status":"closed","ping_status":"closed","template":"","meta":{"_acf_changed":false,"footnotes":""},"class_list":["post-2751","page","type-page","status-publish","hentry"],"acf":[],"yoast_head":"<!-- This site is optimized with the Yoast SEO plugin v25.9 - https:\/\/yoast.com\/wordpress\/plugins\/seo\/ -->\n<title>Qualit\u00e9 - Nueva Pescanova<\/title>\n<meta name=\"robots\" content=\"index, follow, max-snippet:-1, max-image-preview:large, max-video-preview:-1\" \/>\n<link rel=\"canonical\" href=\"https:\/\/www.nuevapescanova.com\/compromiso\/responsabilidad-social-corporativa-2\/calidad\/\" \/>\n<meta property=\"og:locale\" content=\"fr_FR\" \/>\n<meta property=\"og:type\" content=\"article\" \/>\n<meta property=\"og:title\" content=\"Qualit\u00e9 - Nueva Pescanova\" \/>\n<meta property=\"og:description\" content=\"[vc_row][vc_column][vc_column_text el_class=\u00a0\u00bbtitulo\u00a0\u00bb]Qualit\u00e9[\/vc_column_text][\/vc_column][\/vc_row][vc_row css=\u00a0\u00bb.vc_custom_1516619648577{padding-bottom: 0px !important;background-color: #ffffff !important;}\u00a0\u00bb][vc_column css=\u00a0\u00bb.vc_custom_1516619741069{margin-bottom: 0px !important;}\u00a0\u00bb][vc_row_inner css=\u00a0\u00bb.vc_custom_1516618899217{margin-bottom: 0px !important;padding-bottom: 0px !important;}\u00a0\u00bb][vc_column_inner][vc_column_text]La culture de la qualit\u00e9 et de l&rsquo;excellence alimentaire est \u00e0 l&rsquo;origine [\u2026]\" \/>\n<meta property=\"og:url\" content=\"https:\/\/www.nuevapescanova.com\/compromiso\/responsabilidad-social-corporativa-2\/calidad\/\" \/>\n<meta property=\"og:site_name\" content=\"Nueva Pescanova\" \/>\n<meta property=\"article:modified_time\" content=\"2022-05-11T08:03:32+00:00\" \/>\n<meta name=\"twitter:card\" content=\"summary_large_image\" \/>\n<meta name=\"twitter:site\" content=\"@PescanovaCorp\" \/>\n<meta name=\"twitter:label1\" content=\"Dur\u00e9e de lecture estim\u00e9e\" \/>\n\t<meta name=\"twitter:data1\" content=\"2 minutes\" \/>\n<script type=\"application\/ld+json\" class=\"yoast-schema-graph\">{\"@context\":\"https:\/\/schema.org\",\"@graph\":[{\"@type\":\"WebPage\",\"@id\":\"https:\/\/www.nuevapescanova.com\/compromiso\/responsabilidad-social-corporativa-2\/calidad\/\",\"url\":\"https:\/\/www.nuevapescanova.com\/compromiso\/responsabilidad-social-corporativa-2\/calidad\/\",\"name\":\"Qualit\u00e9 - Nueva Pescanova\",\"isPartOf\":{\"@id\":\"https:\/\/www.nuevapescanova.com\/#website\"},\"datePublished\":\"2017-12-19T20:06:26+00:00\",\"dateModified\":\"2022-05-11T08:03:32+00:00\",\"breadcrumb\":{\"@id\":\"https:\/\/www.nuevapescanova.com\/compromiso\/responsabilidad-social-corporativa-2\/calidad\/#breadcrumb\"},\"inLanguage\":\"fr-FR\",\"potentialAction\":[{\"@type\":\"ReadAction\",\"target\":[\"https:\/\/www.nuevapescanova.com\/compromiso\/responsabilidad-social-corporativa-2\/calidad\/\"]}]},{\"@type\":\"BreadcrumbList\",\"@id\":\"https:\/\/www.nuevapescanova.com\/compromiso\/responsabilidad-social-corporativa-2\/calidad\/#breadcrumb\",\"itemListElement\":[{\"@type\":\"ListItem\",\"position\":1,\"name\":\"Portada\",\"item\":\"https:\/\/www.nuevapescanova.com\/fr\/\"},{\"@type\":\"ListItem\",\"position\":2,\"name\":\"Compromiso\",\"item\":\"https:\/\/www.nuevapescanova.com\/fr\/compromiso\/\"},{\"@type\":\"ListItem\",\"position\":3,\"name\":\"Responsabilit\u00e9 sociale d\u2019entreprise\",\"item\":\"https:\/\/www.nuevapescanova.com\/fr\/compromiso\/responsabilidad-social-corporativa-2\/\"},{\"@type\":\"ListItem\",\"position\":4,\"name\":\"Qualit\u00e9\"}]},{\"@type\":\"WebSite\",\"@id\":\"https:\/\/www.nuevapescanova.com\/#website\",\"url\":\"https:\/\/www.nuevapescanova.com\/\",\"name\":\"Nueva Pescanova\",\"description\":\"\",\"publisher\":{\"@id\":\"https:\/\/www.nuevapescanova.com\/#organization\"},\"potentialAction\":[{\"@type\":\"SearchAction\",\"target\":{\"@type\":\"EntryPoint\",\"urlTemplate\":\"https:\/\/www.nuevapescanova.com\/?s={search_term_string}\"},\"query-input\":{\"@type\":\"PropertyValueSpecification\",\"valueRequired\":true,\"valueName\":\"search_term_string\"}}],\"inLanguage\":\"fr-FR\"},{\"@type\":\"Organization\",\"@id\":\"https:\/\/www.nuevapescanova.com\/#organization\",\"name\":\"Nueva Pescanova\",\"url\":\"https:\/\/www.nuevapescanova.com\/\",\"logo\":{\"@type\":\"ImageObject\",\"inLanguage\":\"fr-FR\",\"@id\":\"https:\/\/www.nuevapescanova.com\/#\/schema\/logo\/image\/\",\"url\":\"https:\/\/www.nuevapescanova.com\/nuevapescanova\/wp-content\/uploads\/2023\/06\/Logo-Grupo-Nueva-Pescanova.jpg\",\"contentUrl\":\"https:\/\/www.nuevapescanova.com\/nuevapescanova\/wp-content\/uploads\/2023\/06\/Logo-Grupo-Nueva-Pescanova.jpg\",\"width\":800,\"height\":398,\"caption\":\"Nueva Pescanova\"},\"image\":{\"@id\":\"https:\/\/www.nuevapescanova.com\/#\/schema\/logo\/image\/\"},\"sameAs\":[\"https:\/\/x.com\/PescanovaCorp\",\"https:\/\/www.linkedin.com\/company\/nuevapescanova\/?originalSubdomain=es\"]}]}<\/script>\n<!-- \/ Yoast SEO plugin. -->","yoast_head_json":{"title":"Qualit\u00e9 - Nueva Pescanova","robots":{"index":"index","follow":"follow","max-snippet":"max-snippet:-1","max-image-preview":"max-image-preview:large","max-video-preview":"max-video-preview:-1"},"canonical":"https:\/\/www.nuevapescanova.com\/compromiso\/responsabilidad-social-corporativa-2\/calidad\/","og_locale":"fr_FR","og_type":"article","og_title":"Qualit\u00e9 - Nueva Pescanova","og_description":"[vc_row][vc_column][vc_column_text el_class=\u00a0\u00bbtitulo\u00a0\u00bb]Qualit\u00e9[\/vc_column_text][\/vc_column][\/vc_row][vc_row css=\u00a0\u00bb.vc_custom_1516619648577{padding-bottom: 0px !important;background-color: #ffffff !important;}\u00a0\u00bb][vc_column css=\u00a0\u00bb.vc_custom_1516619741069{margin-bottom: 0px !important;}\u00a0\u00bb][vc_row_inner css=\u00a0\u00bb.vc_custom_1516618899217{margin-bottom: 0px !important;padding-bottom: 0px !important;}\u00a0\u00bb][vc_column_inner][vc_column_text]La culture de la qualit\u00e9 et de l&rsquo;excellence alimentaire est \u00e0 l&rsquo;origine [\u2026]","og_url":"https:\/\/www.nuevapescanova.com\/compromiso\/responsabilidad-social-corporativa-2\/calidad\/","og_site_name":"Nueva Pescanova","article_modified_time":"2022-05-11T08:03:32+00:00","twitter_card":"summary_large_image","twitter_site":"@PescanovaCorp","twitter_misc":{"Dur\u00e9e de lecture estim\u00e9e":"2 minutes"},"schema":{"@context":"https:\/\/schema.org","@graph":[{"@type":"WebPage","@id":"https:\/\/www.nuevapescanova.com\/compromiso\/responsabilidad-social-corporativa-2\/calidad\/","url":"https:\/\/www.nuevapescanova.com\/compromiso\/responsabilidad-social-corporativa-2\/calidad\/","name":"Qualit\u00e9 - Nueva Pescanova","isPartOf":{"@id":"https:\/\/www.nuevapescanova.com\/#website"},"datePublished":"2017-12-19T20:06:26+00:00","dateModified":"2022-05-11T08:03:32+00:00","breadcrumb":{"@id":"https:\/\/www.nuevapescanova.com\/compromiso\/responsabilidad-social-corporativa-2\/calidad\/#breadcrumb"},"inLanguage":"fr-FR","potentialAction":[{"@type":"ReadAction","target":["https:\/\/www.nuevapescanova.com\/compromiso\/responsabilidad-social-corporativa-2\/calidad\/"]}]},{"@type":"BreadcrumbList","@id":"https:\/\/www.nuevapescanova.com\/compromiso\/responsabilidad-social-corporativa-2\/calidad\/#breadcrumb","itemListElement":[{"@type":"ListItem","position":1,"name":"Portada","item":"https:\/\/www.nuevapescanova.com\/fr\/"},{"@type":"ListItem","position":2,"name":"Compromiso","item":"https:\/\/www.nuevapescanova.com\/fr\/compromiso\/"},{"@type":"ListItem","position":3,"name":"Responsabilit\u00e9 sociale d\u2019entreprise","item":"https:\/\/www.nuevapescanova.com\/fr\/compromiso\/responsabilidad-social-corporativa-2\/"},{"@type":"ListItem","position":4,"name":"Qualit\u00e9"}]},{"@type":"WebSite","@id":"https:\/\/www.nuevapescanova.com\/#website","url":"https:\/\/www.nuevapescanova.com\/","name":"Nueva Pescanova","description":"","publisher":{"@id":"https:\/\/www.nuevapescanova.com\/#organization"},"potentialAction":[{"@type":"SearchAction","target":{"@type":"EntryPoint","urlTemplate":"https:\/\/www.nuevapescanova.com\/?s={search_term_string}"},"query-input":{"@type":"PropertyValueSpecification","valueRequired":true,"valueName":"search_term_string"}}],"inLanguage":"fr-FR"},{"@type":"Organization","@id":"https:\/\/www.nuevapescanova.com\/#organization","name":"Nueva Pescanova","url":"https:\/\/www.nuevapescanova.com\/","logo":{"@type":"ImageObject","inLanguage":"fr-FR","@id":"https:\/\/www.nuevapescanova.com\/#\/schema\/logo\/image\/","url":"https:\/\/www.nuevapescanova.com\/nuevapescanova\/wp-content\/uploads\/2023\/06\/Logo-Grupo-Nueva-Pescanova.jpg","contentUrl":"https:\/\/www.nuevapescanova.com\/nuevapescanova\/wp-content\/uploads\/2023\/06\/Logo-Grupo-Nueva-Pescanova.jpg","width":800,"height":398,"caption":"Nueva Pescanova"},"image":{"@id":"https:\/\/www.nuevapescanova.com\/#\/schema\/logo\/image\/"},"sameAs":["https:\/\/x.com\/PescanovaCorp","https:\/\/www.linkedin.com\/company\/nuevapescanova\/?originalSubdomain=es"]}]}},"_links":{"self":[{"href":"https:\/\/www.nuevapescanova.com\/fr\/wp-json\/wp\/v2\/pages\/2751","targetHints":{"allow":["GET"]}}],"collection":[{"href":"https:\/\/www.nuevapescanova.com\/fr\/wp-json\/wp\/v2\/pages"}],"about":[{"href":"https:\/\/www.nuevapescanova.com\/fr\/wp-json\/wp\/v2\/types\/page"}],"author":[{"embeddable":true,"href":"https:\/\/www.nuevapescanova.com\/fr\/wp-json\/wp\/v2\/users\/3"}],"replies":[{"embeddable":true,"href":"https:\/\/www.nuevapescanova.com\/fr\/wp-json\/wp\/v2\/comments?post=2751"}],"version-history":[{"count":12,"href":"https:\/\/www.nuevapescanova.com\/fr\/wp-json\/wp\/v2\/pages\/2751\/revisions"}],"predecessor-version":[{"id":26932,"href":"https:\/\/www.nuevapescanova.com\/fr\/wp-json\/wp\/v2\/pages\/2751\/revisions\/26932"}],"up":[{"embeddable":true,"href":"https:\/\/www.nuevapescanova.com\/fr\/wp-json\/wp\/v2\/pages\/2739"}],"wp:attachment":[{"href":"https:\/\/www.nuevapescanova.com\/fr\/wp-json\/wp\/v2\/media?parent=2751"}],"curies":[{"name":"wp","href":"https:\/\/api.w.org\/{rel}","templated":true}]}}