{"id":2753,"date":"2017-12-19T20:07:55","date_gmt":"2017-12-19T20:07:55","guid":{"rendered":"http:\/\/demo.nuevapescanova.com\/compromiso\/innovacion\/"},"modified":"2026-01-09T10:43:45","modified_gmt":"2026-01-09T10:43:45","slug":"innovacion","status":"publish","type":"page","link":"https:\/\/www.nuevapescanova.com\/fr\/compromiso\/responsabilidad-social-corporativa-2\/innovacion\/","title":{"rendered":"Innovation"},"content":{"rendered":"<section class=\"wpb-content-wrapper\"><p>[vc_row][vc_column][vc_column_text el_class=\u00a0\u00bbtitulo\u00a0\u00bb]Innovation[\/vc_column_text][vc_column_text]Pescanova est n\u00e9e d&rsquo;une innovation\u00a0: la technologie de la surg\u00e9lation \u00e0 bord. Depuis ce moment-l\u00e0, nous pensons tous les jours \u00e0 am\u00e9liorer nos processus en les faisant plus comp\u00e9titif et durables et, surtout, \u00e0 d\u00e9velopper de nouvelles technologies, des m\u00e9thodes de production et des produits:[\/vc_column_text][\/vc_column][\/vc_row][vc_row css=\u00a0\u00bb.vc_custom_1517220182606{margin-bottom: 0px !important;padding-bottom: 0px !important;background-color: #ffffff !important;}\u00a0\u00bb][vc_column][vc_row_inner css=\u00a0\u00bb.vc_custom_1516622040683{margin-top: 0px !important;margin-bottom: 0px !important;padding-top: 0px !important;padding-bottom: 0px !important;}\u00a0\u00bb][vc_column_inner css=\u00a0\u00bb.vc_custom_1516622033570{margin-bottom: 0px !important;padding-bottom: 0px !important;}\u00a0\u00bb][vc_single_image image=\u00a0\u00bb5220&Prime; img_size=\u00a0\u00bbfull\u00a0\u00bb css=\u00a0\u00bb.vc_custom_1516731916307{margin-top: 0px !important;margin-bottom: 0px !important;padding-top: 0px !important;padding-bottom: 0px !important;}\u00a0\u00bb][\/vc_column_inner][\/vc_row_inner][vc_row_inner css=\u00a0\u00bb.vc_custom_1516619786786{margin-bottom: 0px !important;padding-bottom: 0px !important;}\u00a0\u00bb el_class=\u00a0\u00bbsombra\u00a0\u00bb][vc_column_inner width=\u00a0\u00bb1\/6&Prime;][\/vc_column_inner][vc_column_inner width=\u00a0\u00bb2\/3&Prime;][vc_column_text css=\u00a0\u00bb.vc_custom_1518870782385{margin-top: 0px !important;margin-bottom: 0px !important;padding-top: 0px !important;padding-bottom: 0px !important;}\u00a0\u00bb]<\/p>\n<h3 style=\"text-align: center;\">Nouvelles technologies<\/h3>\n<p style=\"text-align: center;\">En 1961, en extrapolant des concepts en mati\u00e8re de conservation du froid de l&rsquo;industrie de la viande, Pescanova a invent\u00e9 la technologie de la cong\u00e9lation \u00e0 bord qui a \u00e9t\u00e9 utilis\u00e9e pour la premi\u00e8re fois par le navire \u00ab\u00a0Lemos\u00a0\u00bb. Il a \u00e9t\u00e9 le premier bateau cong\u00e9lateur transoc\u00e9anique du monde.<\/p>\n<p style=\"text-align: center;\">Une r\u00e9volution technologique qui a permis \u00e0 partir de ce moment-l\u00e0 de p\u00eacher dans les riches et lointains lieux de p\u00eache de l&rsquo;h\u00e9misph\u00e8re Sud, en surgelant la capture \u00e0 bord pour sa correcte conservation, en prenant un virage de 180 degr\u00e9s \u00e0 l&rsquo;industrie halieutique mondiale.<\/p>\n<p>[\/vc_column_text][\/vc_column_inner][vc_column_inner width=\u00a0\u00bb1\/6&Prime;][\/vc_column_inner][\/vc_row_inner][\/vc_column][\/vc_row][vc_row css=\u00a0\u00bb.vc_custom_1516619759625{margin-top: 30px !important;margin-bottom: 0px !important;padding-bottom: 0px !important;background-color: #ffffff !important;}\u00a0\u00bb][vc_column][vc_row_inner css=\u00a0\u00bb.vc_custom_1516619686445{margin-bottom: 0px !important;padding-bottom: 0px !important;}\u00a0\u00bb][vc_column_inner][vc_single_image image=\u00a0\u00bb43781&Prime; img_size=\u00a0\u00bbfull\u00a0\u00bb css=\u00a0\u00bb.vc_custom_1741281496789{margin-top: 0px !important;margin-bottom: 0px !important;padding-top: 0px !important;padding-bottom: 0px !important;}\u00a0\u00bb][\/vc_column_inner][\/vc_row_inner][vc_row_inner css=\u00a0\u00bb.vc_custom_1516619786786{margin-bottom: 0px !important;padding-bottom: 0px !important;}\u00a0\u00bb el_class=\u00a0\u00bbsombra\u00a0\u00bb][vc_column_inner width=\u00a0\u00bb1\/6&Prime;][\/vc_column_inner][vc_column_inner width=\u00a0\u00bb2\/3&Prime;][vc_column_text css=\u00a0\u00bb.vc_custom_1518870810832{margin-top: 0px !important;margin-bottom: 0px !important;padding-top: 0px !important;padding-bottom: 0px !important;}\u00a0\u00bb]<\/p>\n<h3 style=\"text-align: center;\">M\u00e9thodes de p\u00eache<\/h3>\n<p style=\"text-align: center;\">En 1963 nous avons construit le premier chalutier \u00e0 rampe de l&rsquo;industrie navale espagnole capable de p\u00eacher par l&rsquo;arri\u00e8re (par la poupe) au lieu de le faire par le flanc, le \u00ab\u00a0Villalba\u00a0\u00bb ce qui a suppos\u00e9 une avanc\u00e9e majeure en mati\u00e8re d&rsquo;augmentation de la capacit\u00e9 de p\u00eache.<\/p>\n<p style=\"text-align: center;\">De nombreuses autres innovations ont suivi celle-ci et ont situ\u00e9 la flotte de Pescanova \u00e0 l&rsquo;avant-garde de l&rsquo;industrie halieutique mondiale.<\/p>\n<p>[\/vc_column_text][\/vc_column_inner][vc_column_inner width=\u00a0\u00bb1\/6&Prime;][\/vc_column_inner][\/vc_row_inner][\/vc_column][\/vc_row][vc_row css=\u00a0\u00bb.vc_custom_1516619759625{margin-top: 30px !important;margin-bottom: 0px !important;padding-bottom: 0px !important;background-color: #ffffff !important;}\u00a0\u00bb][vc_column][vc_row_inner css=\u00a0\u00bb.vc_custom_1516622184311{margin-top: 0px !important;margin-bottom: 0px !important;padding-top: 0px !important;padding-bottom: 0px !important;}\u00a0\u00bb][vc_column_inner][vc_single_image image=\u00a0\u00bb5130&Prime; img_size=\u00a0\u00bbfull\u00a0\u00bb css=\u00a0\u00bb.vc_custom_1516643930833{margin-top: 0px !important;margin-bottom: 0px !important;padding-top: 0px !important;padding-bottom: 0px !important;}\u00a0\u00bb][\/vc_column_inner][\/vc_row_inner][vc_row_inner css=\u00a0\u00bb.vc_custom_1516644096674{margin-top: 0px !important;margin-bottom: 0px !important;padding-top: 0px !important;padding-bottom: 0px !important;}\u00a0\u00bb][vc_column_inner width=\u00a0\u00bb1\/6&Prime;][\/vc_column_inner][vc_column_inner width=\u00a0\u00bb2\/3&Prime;][vc_column_text css=\u00a0\u00bb.vc_custom_1635253970542{margin-top: 0px !important;padding-top: 0px !important;}\u00a0\u00bb]<\/p>\n<h3 style=\"text-align: center;\">Aquaculture<\/h3>\n<p style=\"text-align: center;\">Depuis que nous avons commenc\u00e9 \u00e0 miser sur l&rsquo;aquaculture dans les ann\u00e9es 80 pour augmenter notre productivit\u00e9 en garantissant la rationalisation des ressources marines, nous n&rsquo;avons pas arr\u00eater d&rsquo;innover dans ce champ. Depuis l&rsquo;application de nouvelles techniques d&rsquo;aquaculture dans les cultures de grosses crevettes \u00e0 l&rsquo;\u00c9quateur, au Guatemala et au Nicaragua\u00a0; de tilapia au Br\u00e9sil ou de turbot en Espagne, jusqu&rsquo;au fer de lance de la R+D+i du Groupe Nueva Pescanova\u00a0: le <strong>Pescanova Biomarine Center<\/strong>.<\/p>\n<p>[\/vc_column_text][\/vc_column_inner][vc_column_inner width=\u00a0\u00bb1\/6&Prime;][\/vc_column_inner][\/vc_row_inner][vc_row_inner css=\u00a0\u00bb.vc_custom_1516644695696{margin-bottom: 0px !important;padding-bottom: 0px !important;}\u00a0\u00bb][vc_column_inner][vc_single_image image=\u00a0\u00bb23122&Prime; img_size=\u00a0\u00bbfull\u00a0\u00bb css=\u00a0\u00bb.vc_custom_1634549824779{margin-top: 0px !important;margin-bottom: 0px !important;padding-top: 0px !important;padding-bottom: 0px !important;}\u00a0\u00bb][\/vc_column_inner][\/vc_row_inner][vc_row_inner css=\u00a0\u00bb.vc_custom_1516622150431{margin-top: 0px !important;margin-bottom: 0px !important;padding-top: 0px !important;padding-bottom: 0px !important;}\u00a0\u00bb el_class=\u00a0\u00bbsombra\u00a0\u00bb][vc_column_inner width=\u00a0\u00bb1\/6&Prime;][\/vc_column_inner][vc_column_inner width=\u00a0\u00bb2\/3&Prime;][vc_column_text css=\u00a0\u00bb.vc_custom_1767955422701{margin-top: 0px !important;margin-bottom: 0px !important;padding-top: 0px !important;padding-bottom: 0px !important;}\u00a0\u00bb]<\/p>\n<p style=\"text-align: center;\">Le Pescanova Biomarine Center, situ\u00e9 \u00e0 O Grove (Galice, Espagne), est notre centre de R&amp;D&amp;I en aquaculture. Il s&rsquo;agit du premier centre priv\u00e9 de recherche en aquaculture en Espagne et l&rsquo;un des trois plus importants en Europe.<\/p>\n<p style=\"text-align: center;\">Il dispose d&rsquo;un espace de 4 000 m2 et est dot\u00e9 des derni\u00e8res technologies en mati\u00e8re de recherche aquacole.<\/p>\n<p style=\"text-align: center;\">Dans ce centre, un groupe de chercheurs r\u00e9alise une \u00e9tude de la g\u00e9n\u00e9tique, de la nutrition, de la sant\u00e9 et du bien-\u00eatre des animaux. Le travail de cette \u00e9quipe permettra non seulement d\u2019optimiser l&rsquo;\u00e9levage d&rsquo;esp\u00e8ces telles que le turbot ou les crevettes vannamei, mais aussi de faire progresser les techniques permettant d&rsquo;\u00e9tendre l&rsquo;aquaculture \u00e0 de nouvelles esp\u00e8ces. Au cours de l&rsquo;ann\u00e9e 2019, ils ont d&rsquo;ailleurs franchi un cap mondial en compl\u00e9tant, pour la premi\u00e8re fois dans l&rsquo;histoire, le cycle de reproduction du poulpe en aquaculture, parvenant ainsi non seulement \u00e0 ce que les sp\u00e9cimens n\u00e9s dans ce centre aient atteint l&rsquo;\u00e2ge adulte, mais aussi \u00e0 ce qu&rsquo;ils aient pu se reproduire en dehors de leur habitat naturel.<\/p>\n<p>[\/vc_column_text][\/vc_column_inner][vc_column_inner width=\u00a0\u00bb1\/6&Prime;][\/vc_column_inner][\/vc_row_inner][\/vc_column][\/vc_row][vc_row css=\u00a0\u00bb.vc_custom_1516619759625{margin-top: 30px !important;margin-bottom: 0px !important;padding-bottom: 0px !important;background-color: #ffffff !important;}\u00a0\u00bb][vc_column][vc_single_image image=\u00a0\u00bb27675&Prime; img_size=\u00a0\u00bbfull\u00a0\u00bb css=\u00a0\u00bb.vc_custom_1654698990583{margin-bottom: 0px !important;padding-bottom: 0px !important;}\u00a0\u00bb][vc_row_inner css=\u00a0\u00bb.vc_custom_1516622238373{margin-top: 0px !important;margin-bottom: 0px !important;padding-top: 0px !important;padding-bottom: 0px !important;}\u00a0\u00bb el_class=\u00a0\u00bbsombra\u00a0\u00bb][vc_column_inner width=\u00a0\u00bb1\/6&Prime;][\/vc_column_inner][vc_column_inner width=\u00a0\u00bb2\/3&Prime;][vc_column_text css=\u00a0\u00bb.vc_custom_1635320163083{margin-top: 0px !important;margin-bottom: 0px !important;padding-top: 0px !important;padding-bottom: 0px !important;}\u00a0\u00bb]<\/p>\n<h3 style=\"text-align: center;\">Produit<\/h3>\n<p style=\"text-align: center;\">Nous avons \u00e9t\u00e9 les pionniers dans l&rsquo;introduction du poisson surgel\u00e9 dans plusieurs pays, cr\u00e9ant ainsi une nouvelle cat\u00e9gorie qui s&rsquo;est rapidement inscrite dans les habitudes de consommation de millions de consommateurs. L&rsquo;innovation est dans notre ADN depuis nos origines et, pour cette raison, nous nous effor\u00e7ons de r\u00e9pondre aux besoins de nos consommateurs en leur proposant des solutions innovantes, saines et nutritives qui leur apportent une valeur ajout\u00e9e.<\/p>\n<p style=\"text-align: center;\">Nous voulons \u00eatre la meilleure entreprise alimentaire qui apporte la fra\u00eecheur de la mer \u00e0 la table du consommateur et nous jouissons d&rsquo;un grand avantage : nous pouvons offrir toutes les garanties de qualit\u00e9, de s\u00e9curit\u00e9 et de durabilit\u00e9 car nous sommes pr\u00e9sents tout au long de la cha\u00eene de valeur, de la p\u00eache ou de l&rsquo;\u00e9levage jusqu&rsquo;\u00e0 ce que le produit arrive chez les consommateurs.<\/p>\n<p>[\/vc_column_text][\/vc_column_inner][vc_column_inner width=\u00a0\u00bb1\/6&Prime;][\/vc_column_inner][\/vc_row_inner][\/vc_column][\/vc_row][vc_row][vc_column][vc_empty_space height=\u00a0\u00bb60&Prime;][\/vc_column][\/vc_row]<\/p>\n<\/section>","protected":false},"excerpt":{"rendered":"<p>[vc_row][vc_column][vc_column_text el_class=\u00a0\u00bbtitulo\u00a0\u00bb]Innovation[\/vc_column_text][vc_column_text]Pescanova est n\u00e9e d&rsquo;une innovation\u00a0: la technologie de la surg\u00e9lation \u00e0 bord. Depuis ce moment-l\u00e0, nous pensons tous les jours \u00e0 am\u00e9liorer nos processus en<span class=\"excerpt-hellip\"> [\u2026]<\/span><\/p>\n","protected":false},"author":3,"featured_media":0,"parent":2739,"menu_order":5,"comment_status":"closed","ping_status":"closed","template":"","meta":{"_acf_changed":false,"footnotes":""},"class_list":["post-2753","page","type-page","status-publish","hentry"],"acf":[],"yoast_head":"<!-- This site is optimized with the Yoast SEO plugin v25.9 - https:\/\/yoast.com\/wordpress\/plugins\/seo\/ -->\n<title>Innovation - Nueva Pescanova<\/title>\n<meta name=\"robots\" content=\"index, follow, max-snippet:-1, max-image-preview:large, max-video-preview:-1\" \/>\n<link rel=\"canonical\" href=\"https:\/\/www.nuevapescanova.com\/fr\/compromiso\/responsabilidad-social-corporativa-2\/innovacion\/\" \/>\n<meta property=\"og:locale\" content=\"fr_FR\" \/>\n<meta property=\"og:type\" content=\"article\" \/>\n<meta property=\"og:title\" content=\"Innovation - Nueva Pescanova\" \/>\n<meta property=\"og:description\" content=\"[vc_row][vc_column][vc_column_text el_class=\u00a0\u00bbtitulo\u00a0\u00bb]Innovation[\/vc_column_text][vc_column_text]Pescanova est n\u00e9e d&rsquo;une innovation\u00a0: la technologie de la surg\u00e9lation \u00e0 bord. Depuis ce moment-l\u00e0, nous pensons tous les jours \u00e0 am\u00e9liorer nos processus en [\u2026]\" \/>\n<meta property=\"og:url\" content=\"https:\/\/www.nuevapescanova.com\/fr\/compromiso\/responsabilidad-social-corporativa-2\/innovacion\/\" \/>\n<meta property=\"og:site_name\" content=\"Nueva Pescanova\" \/>\n<meta property=\"article:modified_time\" content=\"2026-01-09T10:43:45+00:00\" \/>\n<meta name=\"twitter:card\" content=\"summary_large_image\" \/>\n<meta name=\"twitter:site\" content=\"@PescanovaCorp\" \/>\n<meta name=\"twitter:label1\" content=\"Dur\u00e9e de lecture estim\u00e9e\" \/>\n\t<meta name=\"twitter:data1\" content=\"4 minutes\" \/>\n<script type=\"application\/ld+json\" class=\"yoast-schema-graph\">{\"@context\":\"https:\/\/schema.org\",\"@graph\":[{\"@type\":\"WebPage\",\"@id\":\"https:\/\/www.nuevapescanova.com\/fr\/compromiso\/responsabilidad-social-corporativa-2\/innovacion\/\",\"url\":\"https:\/\/www.nuevapescanova.com\/fr\/compromiso\/responsabilidad-social-corporativa-2\/innovacion\/\",\"name\":\"Innovation - Nueva Pescanova\",\"isPartOf\":{\"@id\":\"https:\/\/www.nuevapescanova.com\/#website\"},\"datePublished\":\"2017-12-19T20:07:55+00:00\",\"dateModified\":\"2026-01-09T10:43:45+00:00\",\"breadcrumb\":{\"@id\":\"https:\/\/www.nuevapescanova.com\/fr\/compromiso\/responsabilidad-social-corporativa-2\/innovacion\/#breadcrumb\"},\"inLanguage\":\"fr-FR\",\"potentialAction\":[{\"@type\":\"ReadAction\",\"target\":[\"https:\/\/www.nuevapescanova.com\/fr\/compromiso\/responsabilidad-social-corporativa-2\/innovacion\/\"]}]},{\"@type\":\"BreadcrumbList\",\"@id\":\"https:\/\/www.nuevapescanova.com\/fr\/compromiso\/responsabilidad-social-corporativa-2\/innovacion\/#breadcrumb\",\"itemListElement\":[{\"@type\":\"ListItem\",\"position\":1,\"name\":\"Portada\",\"item\":\"https:\/\/www.nuevapescanova.com\/fr\/\"},{\"@type\":\"ListItem\",\"position\":2,\"name\":\"Compromiso\",\"item\":\"https:\/\/www.nuevapescanova.com\/fr\/compromiso\/\"},{\"@type\":\"ListItem\",\"position\":3,\"name\":\"Responsabilit\u00e9 sociale d\u2019entreprise\",\"item\":\"https:\/\/www.nuevapescanova.com\/fr\/compromiso\/responsabilidad-social-corporativa-2\/\"},{\"@type\":\"ListItem\",\"position\":4,\"name\":\"Innovation\"}]},{\"@type\":\"WebSite\",\"@id\":\"https:\/\/www.nuevapescanova.com\/#website\",\"url\":\"https:\/\/www.nuevapescanova.com\/\",\"name\":\"Nueva Pescanova\",\"description\":\"\",\"publisher\":{\"@id\":\"https:\/\/www.nuevapescanova.com\/#organization\"},\"potentialAction\":[{\"@type\":\"SearchAction\",\"target\":{\"@type\":\"EntryPoint\",\"urlTemplate\":\"https:\/\/www.nuevapescanova.com\/?s={search_term_string}\"},\"query-input\":{\"@type\":\"PropertyValueSpecification\",\"valueRequired\":true,\"valueName\":\"search_term_string\"}}],\"inLanguage\":\"fr-FR\"},{\"@type\":\"Organization\",\"@id\":\"https:\/\/www.nuevapescanova.com\/#organization\",\"name\":\"Nueva Pescanova\",\"url\":\"https:\/\/www.nuevapescanova.com\/\",\"logo\":{\"@type\":\"ImageObject\",\"inLanguage\":\"fr-FR\",\"@id\":\"https:\/\/www.nuevapescanova.com\/#\/schema\/logo\/image\/\",\"url\":\"https:\/\/www.nuevapescanova.com\/nuevapescanova\/wp-content\/uploads\/2023\/06\/Logo-Grupo-Nueva-Pescanova.jpg\",\"contentUrl\":\"https:\/\/www.nuevapescanova.com\/nuevapescanova\/wp-content\/uploads\/2023\/06\/Logo-Grupo-Nueva-Pescanova.jpg\",\"width\":800,\"height\":398,\"caption\":\"Nueva Pescanova\"},\"image\":{\"@id\":\"https:\/\/www.nuevapescanova.com\/#\/schema\/logo\/image\/\"},\"sameAs\":[\"https:\/\/x.com\/PescanovaCorp\",\"https:\/\/www.linkedin.com\/company\/nuevapescanova\/?originalSubdomain=es\"]}]}<\/script>\n<!-- \/ Yoast SEO plugin. -->","yoast_head_json":{"title":"Innovation - Nueva Pescanova","robots":{"index":"index","follow":"follow","max-snippet":"max-snippet:-1","max-image-preview":"max-image-preview:large","max-video-preview":"max-video-preview:-1"},"canonical":"https:\/\/www.nuevapescanova.com\/fr\/compromiso\/responsabilidad-social-corporativa-2\/innovacion\/","og_locale":"fr_FR","og_type":"article","og_title":"Innovation - Nueva Pescanova","og_description":"[vc_row][vc_column][vc_column_text el_class=\u00a0\u00bbtitulo\u00a0\u00bb]Innovation[\/vc_column_text][vc_column_text]Pescanova est n\u00e9e d&rsquo;une innovation\u00a0: la technologie de la surg\u00e9lation \u00e0 bord. Depuis ce moment-l\u00e0, nous pensons tous les jours \u00e0 am\u00e9liorer nos processus en [\u2026]","og_url":"https:\/\/www.nuevapescanova.com\/fr\/compromiso\/responsabilidad-social-corporativa-2\/innovacion\/","og_site_name":"Nueva Pescanova","article_modified_time":"2026-01-09T10:43:45+00:00","twitter_card":"summary_large_image","twitter_site":"@PescanovaCorp","twitter_misc":{"Dur\u00e9e de lecture estim\u00e9e":"4 minutes"},"schema":{"@context":"https:\/\/schema.org","@graph":[{"@type":"WebPage","@id":"https:\/\/www.nuevapescanova.com\/fr\/compromiso\/responsabilidad-social-corporativa-2\/innovacion\/","url":"https:\/\/www.nuevapescanova.com\/fr\/compromiso\/responsabilidad-social-corporativa-2\/innovacion\/","name":"Innovation - Nueva Pescanova","isPartOf":{"@id":"https:\/\/www.nuevapescanova.com\/#website"},"datePublished":"2017-12-19T20:07:55+00:00","dateModified":"2026-01-09T10:43:45+00:00","breadcrumb":{"@id":"https:\/\/www.nuevapescanova.com\/fr\/compromiso\/responsabilidad-social-corporativa-2\/innovacion\/#breadcrumb"},"inLanguage":"fr-FR","potentialAction":[{"@type":"ReadAction","target":["https:\/\/www.nuevapescanova.com\/fr\/compromiso\/responsabilidad-social-corporativa-2\/innovacion\/"]}]},{"@type":"BreadcrumbList","@id":"https:\/\/www.nuevapescanova.com\/fr\/compromiso\/responsabilidad-social-corporativa-2\/innovacion\/#breadcrumb","itemListElement":[{"@type":"ListItem","position":1,"name":"Portada","item":"https:\/\/www.nuevapescanova.com\/fr\/"},{"@type":"ListItem","position":2,"name":"Compromiso","item":"https:\/\/www.nuevapescanova.com\/fr\/compromiso\/"},{"@type":"ListItem","position":3,"name":"Responsabilit\u00e9 sociale d\u2019entreprise","item":"https:\/\/www.nuevapescanova.com\/fr\/compromiso\/responsabilidad-social-corporativa-2\/"},{"@type":"ListItem","position":4,"name":"Innovation"}]},{"@type":"WebSite","@id":"https:\/\/www.nuevapescanova.com\/#website","url":"https:\/\/www.nuevapescanova.com\/","name":"Nueva Pescanova","description":"","publisher":{"@id":"https:\/\/www.nuevapescanova.com\/#organization"},"potentialAction":[{"@type":"SearchAction","target":{"@type":"EntryPoint","urlTemplate":"https:\/\/www.nuevapescanova.com\/?s={search_term_string}"},"query-input":{"@type":"PropertyValueSpecification","valueRequired":true,"valueName":"search_term_string"}}],"inLanguage":"fr-FR"},{"@type":"Organization","@id":"https:\/\/www.nuevapescanova.com\/#organization","name":"Nueva Pescanova","url":"https:\/\/www.nuevapescanova.com\/","logo":{"@type":"ImageObject","inLanguage":"fr-FR","@id":"https:\/\/www.nuevapescanova.com\/#\/schema\/logo\/image\/","url":"https:\/\/www.nuevapescanova.com\/nuevapescanova\/wp-content\/uploads\/2023\/06\/Logo-Grupo-Nueva-Pescanova.jpg","contentUrl":"https:\/\/www.nuevapescanova.com\/nuevapescanova\/wp-content\/uploads\/2023\/06\/Logo-Grupo-Nueva-Pescanova.jpg","width":800,"height":398,"caption":"Nueva Pescanova"},"image":{"@id":"https:\/\/www.nuevapescanova.com\/#\/schema\/logo\/image\/"},"sameAs":["https:\/\/x.com\/PescanovaCorp","https:\/\/www.linkedin.com\/company\/nuevapescanova\/?originalSubdomain=es"]}]}},"_links":{"self":[{"href":"https:\/\/www.nuevapescanova.com\/fr\/wp-json\/wp\/v2\/pages\/2753","targetHints":{"allow":["GET"]}}],"collection":[{"href":"https:\/\/www.nuevapescanova.com\/fr\/wp-json\/wp\/v2\/pages"}],"about":[{"href":"https:\/\/www.nuevapescanova.com\/fr\/wp-json\/wp\/v2\/types\/page"}],"author":[{"embeddable":true,"href":"https:\/\/www.nuevapescanova.com\/fr\/wp-json\/wp\/v2\/users\/3"}],"replies":[{"embeddable":true,"href":"https:\/\/www.nuevapescanova.com\/fr\/wp-json\/wp\/v2\/comments?post=2753"}],"version-history":[{"count":11,"href":"https:\/\/www.nuevapescanova.com\/fr\/wp-json\/wp\/v2\/pages\/2753\/revisions"}],"predecessor-version":[{"id":47217,"href":"https:\/\/www.nuevapescanova.com\/fr\/wp-json\/wp\/v2\/pages\/2753\/revisions\/47217"}],"up":[{"embeddable":true,"href":"https:\/\/www.nuevapescanova.com\/fr\/wp-json\/wp\/v2\/pages\/2739"}],"wp:attachment":[{"href":"https:\/\/www.nuevapescanova.com\/fr\/wp-json\/wp\/v2\/media?parent=2753"}],"curies":[{"name":"wp","href":"https:\/\/api.w.org\/{rel}","templated":true}]}}