{"id":2778,"date":"2017-12-20T07:07:51","date_gmt":"2017-12-20T07:07:51","guid":{"rendered":"http:\/\/demo.nuevapescanova.com\/personas\/trabaja-con-nosotros\/"},"modified":"2024-03-06T10:58:42","modified_gmt":"2024-03-06T10:58:42","slug":"trabaja-con-nosotros","status":"publish","type":"page","link":"https:\/\/www.nuevapescanova.com\/fr\/personas-2\/trabaja-con-nosotros\/","title":{"rendered":"Travaillez avec nous"},"content":{"rendered":"<section class=\"wpb-content-wrapper\"><p>[vc_row][vc_column width=\u00a0\u00bb1\/2&Prime;][vc_column_text el_class=\u00a0\u00bbtitulo\u00a0\u00bb]Travaillez avec nous[\/vc_column_text][\/vc_column][vc_column width=\u00a0\u00bb1\/2&Prime;][vc_column_text el_class=\u00a0\u00bbtitulo-historia\u00a0\u00bb css=\u00a0\u00bb.vc_custom_1520526314556{margin-top: 40px !important;}\u00a0\u00bb]<\/p>\n<p style=\"text-align: right;\"><strong>Rejoignez<\/strong> notre \u00ab\u00a0\u00e9quipage\u00a0\u00bb<\/p>\n<p>[\/vc_column_text][\/vc_column][\/vc_row][vc_row css=\u00a0\u00bb.vc_custom_1516650371493{margin-bottom: 0px !important;padding-bottom: 0px !important;background-color: #ffffff !important;}\u00a0\u00bb][vc_column][vc_row_inner css=\u00a0\u00bb.vc_custom_1516622040683{margin-top: 0px !important;margin-bottom: 0px !important;padding-top: 0px !important;padding-bottom: 0px !important;}\u00a0\u00bb][vc_column_inner css=\u00a0\u00bb.vc_custom_1516622033570{margin-bottom: 0px !important;padding-bottom: 0px !important;}\u00a0\u00bb][vc_single_image image=\u00a0\u00bb5184&Prime; img_size=\u00a0\u00bbfull\u00a0\u00bb css=\u00a0\u00bb.vc_custom_1516652125945{margin-top: 0px !important;margin-bottom: 0px !important;padding-top: 0px !important;padding-bottom: 0px !important;}\u00a0\u00bb][\/vc_column_inner][\/vc_row_inner][vc_row_inner css=\u00a0\u00bb.vc_custom_1516619786786{margin-bottom: 0px !important;padding-bottom: 0px !important;}\u00a0\u00bb el_class=\u00a0\u00bbsombra\u00a0\u00bb][vc_column_inner width=\u00a0\u00bb1\/6&Prime;][\/vc_column_inner][vc_column_inner width=\u00a0\u00bb2\/3&Prime;][vc_column_text css=\u00a0\u00bb.vc_custom_1518880491479{margin-top: 0px !important;margin-bottom: 0px !important;padding-top: 0px !important;padding-bottom: 0px !important;}\u00a0\u00bb]<\/p>\n<h2 style=\"text-align: center;\">Carri\u00e8res<\/h2>\n<p>Nous voulons <strong>attirer le meilleur talent<\/strong>. C&rsquo;est pour cela que nous faisons de grands efforts pour offrir \u00e0 nos professionnels des <strong>opportunit\u00e9s de travail et de d\u00e9veloppement qui permettent de grandir et de progresser dans leur carri\u00e8re<\/strong>.[\/vc_column_text][vc_column_text css=\u00a0\u00bb.vc_custom_1709722716468{margin-top: 30px !important;margin-bottom: 0px !important;padding-top: 0px !important;padding-bottom: 0px !important;}\u00a0\u00bb]<\/p>\n<h3 style=\"text-align: center;\">Offres d&#8217;emploi<\/h3>\n<p>Cliquez <strong><u><a href=\"https:\/\/nuevapescanova.wd3.myworkdayjobs.com\/fr-FR\/External\" target=\"_blank\" rel=\"noopener\">ICI<\/a><\/u><\/strong> pour lire. Nos offres d&#8217;emploi sont publi\u00e9es sur\u00a0<a href=\"https:\/\/www.linkedin.com\/company\/nuevapescanova\/jobs\/\" target=\"_blank\" rel=\"noopener noreferrer\"><strong>LINKEDIN.<\/strong><\/a>[\/vc_column_text][vc_single_image image=\u00a0\u00bb1790&Prime; img_size=\u00a0\u00bbmedium\u00a0\u00bb alignment=\u00a0\u00bbcenter\u00a0\u00bb onclick=\u00a0\u00bbcustom_link\u00a0\u00bb img_link_target=\u00a0\u00bb_blank\u00a0\u00bb link=\u00a0\u00bbhttps:\/\/www.linkedin.com\/jobs\/search\/?f_C=375765&amp;locationId=OTHERS.worldwide\u00a0\u00bb css=\u00a0\u00bb.vc_custom_1517302792243{margin-top: 30px !important;}\u00a0\u00bb][vc_column_text css=\u00a0\u00bb.vc_custom_1678967173547{margin-top: 30px !important;margin-bottom: 30px !important;padding-top: 0px !important;padding-bottom: 0px !important;}\u00a0\u00bb]<\/p>\n<h3 style=\"text-align: center;\">Envoyez-nous votre curriculum<\/h3>\n<p>Si aucune des offres ne correspond \u00e0 votre profil mais si vous pensez que vos aptitudes et vos comp\u00e9tences professionnelles s&rsquo;accordent \u00e0 notre projet et vous voulez commencer un nouveau d\u00e9fi professionnel.\u00a0<strong>Il sera incorpor\u00e9 \u00e0 notre base de donn\u00e9es<\/strong>.<\/p>\n<p style=\"text-align: center;\"><strong>Inscrivez-vous <a href=\"https:\/\/nuevapescanova.wd3.myworkdayjobs.com\/fr-FR\/External\/introduceYourself\" target=\"_blank\" rel=\"noopener\"><u>ICI<\/u><\/a>.<\/strong><\/p>\n<p style=\"text-align: center;\">Nos fichiers sont soumis \u00e0 la <strong>Loi espagnole de Protection de Donn\u00e9es<\/strong> et ils sont trait\u00e9s sous les principes \u00e9tablis, \u00e0 ce sujet, par la l\u00e9gislation espagnole.<\/p>\n<p>[\/vc_column_text][\/vc_column_inner][vc_column_inner width=\u00a0\u00bb1\/6&Prime;][\/vc_column_inner][\/vc_row_inner][\/vc_column][\/vc_row][vc_row css=\u00a0\u00bb.vc_custom_1516651027158{margin-top: 30px !important;margin-bottom: 0px !important;padding-bottom: 0px !important;background-color: #ffffff !important;}\u00a0\u00bb][vc_column][vc_row_inner css=\u00a0\u00bb.vc_custom_1516622040683{margin-top: 0px !important;margin-bottom: 0px !important;padding-top: 0px !important;padding-bottom: 0px !important;}\u00a0\u00bb][vc_column_inner css=\u00a0\u00bb.vc_custom_1516622033570{margin-bottom: 0px !important;padding-bottom: 0px !important;}\u00a0\u00bb][vc_single_image image=\u00a0\u00bb1914&Prime; img_size=\u00a0\u00bbfull\u00a0\u00bb css=\u00a0\u00bb.vc_custom_1517166074856{margin-top: 0px !important;margin-bottom: 0px !important;padding-top: 0px !important;padding-bottom: 0px !important;}\u00a0\u00bb][\/vc_column_inner][\/vc_row_inner][vc_row_inner css=\u00a0\u00bb.vc_custom_1516619786786{margin-bottom: 0px !important;padding-bottom: 0px !important;}\u00a0\u00bb el_class=\u00a0\u00bbsombra\u00a0\u00bb][vc_column_inner width=\u00a0\u00bb1\/6&Prime;][\/vc_column_inner][vc_column_inner width=\u00a0\u00bb2\/3&Prime;][vc_column_text css=\u00a0\u00bb.vc_custom_1678967213425{margin-top: 0px !important;margin-bottom: 0px !important;padding-top: 0px !important;padding-bottom: 0px !important;}\u00a0\u00bb]<\/p>\n<h2 style=\"text-align: center;\">Le Processus de S\u00e9lection<\/h2>\n<p style=\"text-align: center;\">Chez le <strong>Groupe Nueva Pescanova<\/strong>, nous sommes enchant\u00e9s que vous voulez rejoindre notre \u00e9quipage. Dans une <strong>organisation globale<\/strong> comme la n\u00f4tre il y a toujours des opportunit\u00e9s pour de nombreux profils professionnels.<\/p>\n<p style=\"text-align: center;\">Nos principes de s\u00e9lection sont caract\u00e9ris\u00e9s parce qu&rsquo;ils essaient toujours d&rsquo;incorporer \u00e0 notre projet de <strong>professionnels avec les m\u00e9rites et les capacit\u00e9s exig\u00e9es par chaque poste<\/strong> mais sans perdre de vue l&rsquo;ADN d&rsquo;une soci\u00e9t\u00e9 multinationale qui valorise le travail en \u00e9quipes multidisciplinaire pour r\u00e9aliser les enjeux et les d\u00e9fis marqu\u00e9s par le march\u00e9 et par les temps.<\/p>\n<p style=\"text-align: center;\">Nous croyons \u00e0 l&rsquo;<strong>\u00e9galit\u00e9 des chances<\/strong> et nous travaillons avec le plus grand respect et confidentialit\u00e9 pendant les processus de s\u00e9lection de nos candidats.<\/p>\n<p style=\"text-align: center;\">Avant de faire partie de notre organisation, nous voulons \u00eatre s\u00fbrs que vous \u00eates la personne correcte et, de m\u00eame, que nous sommes la soci\u00e9t\u00e9 qui vous convient. C&rsquo;est pour cela que nous suivons toujours le processus de s\u00e9lection d\u00e9taill\u00e9 ci-dessous\u00a0:<\/p>\n<h3 style=\"text-align: center;\"><span style=\"color: #bb0021;\">1<\/span><\/h3>\n<h3 style=\"text-align: center;\"><strong>Application EN LIGNE<\/strong><\/h3>\n<p>Notre processus d\u2019application est vraiment simple,\u00a0<strong>nous publions nos offres vacantes dans le <\/strong><a href=\"https:\/\/nuevapescanova.wd3.myworkdayjobs.com\/fr-FR\/External\" target=\"_blank\" rel=\"noopener\"><strong><u>LIEN SUIVANT<\/u><\/strong><\/a><strong>.<\/strong><\/p>\n<h4 style=\"text-align: center;\"><span style=\"color: #bb0021;\"><img loading=\"lazy\" decoding=\"async\" class=\"size-full wp-image-1684 aligncenter\" src=\"http:\/\/demo.nuevapescanova.com\/wp-content\/uploads\/2018\/01\/flechas.png\" alt=\"\" width=\"10\" height=\"30\" \/><\/span><\/h4>\n<h3 style=\"text-align: center;\"><span style=\"color: #bb0021;\">2<\/span><\/h3>\n<h3 style=\"text-align: center;\"><strong>Pr\u00e9s\u00e9lection<\/strong><\/h3>\n<p style=\"text-align: center;\">Ce processus peut \u00eatre un peu diff\u00e9rent selon le type de position que vous avez choisi. Dans la plupart des cas c&rsquo;est simple comme un coup de t\u00e9l\u00e9phone d&rsquo;une personne de notre \u00e9quipe.<\/p>\n<h4 style=\"text-align: center;\"><span style=\"color: #bb0021;\"><img loading=\"lazy\" decoding=\"async\" class=\"size-full wp-image-1684 aligncenter\" src=\"http:\/\/demo.nuevapescanova.com\/wp-content\/uploads\/2018\/01\/flechas.png\" alt=\"\" width=\"10\" height=\"30\" \/><\/span><\/h4>\n<h3 style=\"text-align: center;\"><span style=\"color: #bb0021;\">3<\/span><\/h3>\n<h3 style=\"text-align: center;\"><strong>Entretien<\/strong><\/h3>\n<p style=\"text-align: center;\">Si vous avez r\u00e9ussi la phase de pr\u00e9s\u00e9lection, nous vous inviterons \u00e0 tenir un entretien pr\u00e9sentiel ou virtuel avec le Manager ou responsable de la position que nous cherchons et avec quelqu&rsquo;un de notre \u00e9quipe de Personnes. Il s&rsquo;agit d&rsquo;une grande opportunit\u00e9 pour parler du processus plus en d\u00e9tail et pour conna\u00eetre mieux vos comp\u00e9tences et habilet\u00e9s et ajuster la position.<\/p>\n<h4 style=\"text-align: center;\"><span style=\"color: #bb0021;\"><img loading=\"lazy\" decoding=\"async\" class=\"size-full wp-image-1684 aligncenter\" src=\"http:\/\/demo.nuevapescanova.com\/wp-content\/uploads\/2018\/01\/flechas.png\" alt=\"\" width=\"10\" height=\"30\" \/><\/span><\/h4>\n<h3 style=\"text-align: center;\"><span style=\"color: #bb0021;\">4<\/span><\/h3>\n<h3 style=\"text-align: center;\"><strong>Offre<\/strong><\/h3>\n<p style=\"text-align: center;\">Si nous croyons que vous serez une personne de succ\u00e8s dans le Groupe Nuevo Pescanova, et si vous sentez la m\u00eame chose sur nous, cette partie du processus est celle que nous aimons le plus tous\u00a0: Nous vous ferons une offre\u00a0! Et nous esp\u00e8rerons votre incorporation au Groupe.<\/p>\n<p>[\/vc_column_text][\/vc_column_inner][vc_column_inner width=\u00a0\u00bb1\/6&Prime;][\/vc_column_inner][\/vc_row_inner][\/vc_column][\/vc_row][vc_row][vc_column][vc_empty_space height=\u00a0\u00bb60&Prime;][\/vc_column][\/vc_row]<\/p>\n<\/section>","protected":false},"excerpt":{"rendered":"<p>[vc_row][vc_column width=\u00a0\u00bb1\/2&Prime;][vc_column_text el_class=\u00a0\u00bbtitulo\u00a0\u00bb]Travaillez avec nous[\/vc_column_text][\/vc_column][vc_column width=\u00a0\u00bb1\/2&Prime;][vc_column_text el_class=\u00a0\u00bbtitulo-historia\u00a0\u00bb css=\u00a0\u00bb.vc_custom_1520526314556{margin-top: 40px !important;}\u00a0\u00bb] Rejoignez notre \u00ab\u00a0\u00e9quipage\u00a0\u00bb [\/vc_column_text][\/vc_column][\/vc_row][vc_row css=\u00a0\u00bb.vc_custom_1516650371493{margin-bottom: 0px !important;padding-bottom: 0px !important;background-color: #ffffff !important;}\u00a0\u00bb][vc_column][vc_row_inner css=\u00a0\u00bb.vc_custom_1516622040683{margin-top: 0px !important;margin-bottom: 0px !important;padding-top:<span class=\"excerpt-hellip\"> [\u2026]<\/span><\/p>\n","protected":false},"author":3,"featured_media":0,"parent":2775,"menu_order":0,"comment_status":"closed","ping_status":"closed","template":"","meta":{"_acf_changed":false,"footnotes":""},"class_list":["post-2778","page","type-page","status-publish","hentry"],"acf":[],"yoast_head":"<!-- This site is optimized with the Yoast SEO plugin v25.9 - https:\/\/yoast.com\/wordpress\/plugins\/seo\/ -->\n<title>Travaillez avec nous - Nueva Pescanova<\/title>\n<meta name=\"robots\" content=\"index, follow, max-snippet:-1, max-image-preview:large, max-video-preview:-1\" \/>\n<link rel=\"canonical\" href=\"https:\/\/www.nuevapescanova.com\/fr\/personas-2\/trabaja-con-nosotros\/\" \/>\n<meta property=\"og:locale\" content=\"fr_FR\" \/>\n<meta property=\"og:type\" content=\"article\" \/>\n<meta property=\"og:title\" content=\"Travaillez avec nous - Nueva Pescanova\" \/>\n<meta property=\"og:description\" content=\"[vc_row][vc_column width=\u00a0\u00bb1\/2&Prime;][vc_column_text el_class=\u00a0\u00bbtitulo\u00a0\u00bb]Travaillez avec nous[\/vc_column_text][\/vc_column][vc_column width=\u00a0\u00bb1\/2&Prime;][vc_column_text el_class=\u00a0\u00bbtitulo-historia\u00a0\u00bb css=\u00a0\u00bb.vc_custom_1520526314556{margin-top: 40px !important;}\u00a0\u00bb] Rejoignez notre \u00ab\u00a0\u00e9quipage\u00a0\u00bb [\/vc_column_text][\/vc_column][\/vc_row][vc_row css=\u00a0\u00bb.vc_custom_1516650371493{margin-bottom: 0px !important;padding-bottom: 0px !important;background-color: #ffffff !important;}\u00a0\u00bb][vc_column][vc_row_inner css=\u00a0\u00bb.vc_custom_1516622040683{margin-top: 0px !important;margin-bottom: 0px !important;padding-top: [\u2026]\" \/>\n<meta property=\"og:url\" content=\"https:\/\/www.nuevapescanova.com\/fr\/personas-2\/trabaja-con-nosotros\/\" \/>\n<meta property=\"og:site_name\" content=\"Nueva Pescanova\" \/>\n<meta property=\"article:modified_time\" content=\"2024-03-06T10:58:42+00:00\" \/>\n<meta property=\"og:image\" content=\"http:\/\/demo.nuevapescanova.com\/wp-content\/uploads\/2018\/01\/flechas.png\" \/>\n<meta name=\"twitter:card\" content=\"summary_large_image\" \/>\n<meta name=\"twitter:site\" content=\"@PescanovaCorp\" \/>\n<meta name=\"twitter:label1\" content=\"Dur\u00e9e de lecture estim\u00e9e\" \/>\n\t<meta name=\"twitter:data1\" content=\"4 minutes\" \/>\n<script type=\"application\/ld+json\" class=\"yoast-schema-graph\">{\"@context\":\"https:\/\/schema.org\",\"@graph\":[{\"@type\":\"WebPage\",\"@id\":\"https:\/\/www.nuevapescanova.com\/fr\/personas-2\/trabaja-con-nosotros\/\",\"url\":\"https:\/\/www.nuevapescanova.com\/fr\/personas-2\/trabaja-con-nosotros\/\",\"name\":\"Travaillez avec nous - Nueva Pescanova\",\"isPartOf\":{\"@id\":\"https:\/\/www.nuevapescanova.com\/#website\"},\"primaryImageOfPage\":{\"@id\":\"https:\/\/www.nuevapescanova.com\/fr\/personas-2\/trabaja-con-nosotros\/#primaryimage\"},\"image\":{\"@id\":\"https:\/\/www.nuevapescanova.com\/fr\/personas-2\/trabaja-con-nosotros\/#primaryimage\"},\"thumbnailUrl\":\"http:\/\/demo.nuevapescanova.com\/wp-content\/uploads\/2018\/01\/flechas.png\",\"datePublished\":\"2017-12-20T07:07:51+00:00\",\"dateModified\":\"2024-03-06T10:58:42+00:00\",\"breadcrumb\":{\"@id\":\"https:\/\/www.nuevapescanova.com\/fr\/personas-2\/trabaja-con-nosotros\/#breadcrumb\"},\"inLanguage\":\"fr-FR\",\"potentialAction\":[{\"@type\":\"ReadAction\",\"target\":[\"https:\/\/www.nuevapescanova.com\/fr\/personas-2\/trabaja-con-nosotros\/\"]}]},{\"@type\":\"ImageObject\",\"inLanguage\":\"fr-FR\",\"@id\":\"https:\/\/www.nuevapescanova.com\/fr\/personas-2\/trabaja-con-nosotros\/#primaryimage\",\"url\":\"http:\/\/demo.nuevapescanova.com\/wp-content\/uploads\/2018\/01\/flechas.png\",\"contentUrl\":\"http:\/\/demo.nuevapescanova.com\/wp-content\/uploads\/2018\/01\/flechas.png\"},{\"@type\":\"BreadcrumbList\",\"@id\":\"https:\/\/www.nuevapescanova.com\/fr\/personas-2\/trabaja-con-nosotros\/#breadcrumb\",\"itemListElement\":[{\"@type\":\"ListItem\",\"position\":1,\"name\":\"Portada\",\"item\":\"https:\/\/www.nuevapescanova.com\/fr\/\"},{\"@type\":\"ListItem\",\"position\":2,\"name\":\"Personnes\",\"item\":\"https:\/\/www.nuevapescanova.com\/fr\/personas-2\/\"},{\"@type\":\"ListItem\",\"position\":3,\"name\":\"Travaillez avec nous\"}]},{\"@type\":\"WebSite\",\"@id\":\"https:\/\/www.nuevapescanova.com\/#website\",\"url\":\"https:\/\/www.nuevapescanova.com\/\",\"name\":\"Nueva Pescanova\",\"description\":\"\",\"publisher\":{\"@id\":\"https:\/\/www.nuevapescanova.com\/#organization\"},\"potentialAction\":[{\"@type\":\"SearchAction\",\"target\":{\"@type\":\"EntryPoint\",\"urlTemplate\":\"https:\/\/www.nuevapescanova.com\/?s={search_term_string}\"},\"query-input\":{\"@type\":\"PropertyValueSpecification\",\"valueRequired\":true,\"valueName\":\"search_term_string\"}}],\"inLanguage\":\"fr-FR\"},{\"@type\":\"Organization\",\"@id\":\"https:\/\/www.nuevapescanova.com\/#organization\",\"name\":\"Nueva Pescanova\",\"url\":\"https:\/\/www.nuevapescanova.com\/\",\"logo\":{\"@type\":\"ImageObject\",\"inLanguage\":\"fr-FR\",\"@id\":\"https:\/\/www.nuevapescanova.com\/#\/schema\/logo\/image\/\",\"url\":\"https:\/\/www.nuevapescanova.com\/nuevapescanova\/wp-content\/uploads\/2023\/06\/Logo-Grupo-Nueva-Pescanova.jpg\",\"contentUrl\":\"https:\/\/www.nuevapescanova.com\/nuevapescanova\/wp-content\/uploads\/2023\/06\/Logo-Grupo-Nueva-Pescanova.jpg\",\"width\":800,\"height\":398,\"caption\":\"Nueva Pescanova\"},\"image\":{\"@id\":\"https:\/\/www.nuevapescanova.com\/#\/schema\/logo\/image\/\"},\"sameAs\":[\"https:\/\/x.com\/PescanovaCorp\",\"https:\/\/www.linkedin.com\/company\/nuevapescanova\/?originalSubdomain=es\"]}]}<\/script>\n<!-- \/ Yoast SEO plugin. -->","yoast_head_json":{"title":"Travaillez avec nous - Nueva Pescanova","robots":{"index":"index","follow":"follow","max-snippet":"max-snippet:-1","max-image-preview":"max-image-preview:large","max-video-preview":"max-video-preview:-1"},"canonical":"https:\/\/www.nuevapescanova.com\/fr\/personas-2\/trabaja-con-nosotros\/","og_locale":"fr_FR","og_type":"article","og_title":"Travaillez avec nous - Nueva Pescanova","og_description":"[vc_row][vc_column width=\u00a0\u00bb1\/2&Prime;][vc_column_text el_class=\u00a0\u00bbtitulo\u00a0\u00bb]Travaillez avec nous[\/vc_column_text][\/vc_column][vc_column width=\u00a0\u00bb1\/2&Prime;][vc_column_text el_class=\u00a0\u00bbtitulo-historia\u00a0\u00bb css=\u00a0\u00bb.vc_custom_1520526314556{margin-top: 40px !important;}\u00a0\u00bb] Rejoignez notre \u00ab\u00a0\u00e9quipage\u00a0\u00bb [\/vc_column_text][\/vc_column][\/vc_row][vc_row css=\u00a0\u00bb.vc_custom_1516650371493{margin-bottom: 0px !important;padding-bottom: 0px !important;background-color: #ffffff !important;}\u00a0\u00bb][vc_column][vc_row_inner css=\u00a0\u00bb.vc_custom_1516622040683{margin-top: 0px !important;margin-bottom: 0px !important;padding-top: [\u2026]","og_url":"https:\/\/www.nuevapescanova.com\/fr\/personas-2\/trabaja-con-nosotros\/","og_site_name":"Nueva Pescanova","article_modified_time":"2024-03-06T10:58:42+00:00","og_image":[{"url":"http:\/\/demo.nuevapescanova.com\/wp-content\/uploads\/2018\/01\/flechas.png","type":"","width":"","height":""}],"twitter_card":"summary_large_image","twitter_site":"@PescanovaCorp","twitter_misc":{"Dur\u00e9e de lecture estim\u00e9e":"4 minutes"},"schema":{"@context":"https:\/\/schema.org","@graph":[{"@type":"WebPage","@id":"https:\/\/www.nuevapescanova.com\/fr\/personas-2\/trabaja-con-nosotros\/","url":"https:\/\/www.nuevapescanova.com\/fr\/personas-2\/trabaja-con-nosotros\/","name":"Travaillez avec nous - Nueva Pescanova","isPartOf":{"@id":"https:\/\/www.nuevapescanova.com\/#website"},"primaryImageOfPage":{"@id":"https:\/\/www.nuevapescanova.com\/fr\/personas-2\/trabaja-con-nosotros\/#primaryimage"},"image":{"@id":"https:\/\/www.nuevapescanova.com\/fr\/personas-2\/trabaja-con-nosotros\/#primaryimage"},"thumbnailUrl":"http:\/\/demo.nuevapescanova.com\/wp-content\/uploads\/2018\/01\/flechas.png","datePublished":"2017-12-20T07:07:51+00:00","dateModified":"2024-03-06T10:58:42+00:00","breadcrumb":{"@id":"https:\/\/www.nuevapescanova.com\/fr\/personas-2\/trabaja-con-nosotros\/#breadcrumb"},"inLanguage":"fr-FR","potentialAction":[{"@type":"ReadAction","target":["https:\/\/www.nuevapescanova.com\/fr\/personas-2\/trabaja-con-nosotros\/"]}]},{"@type":"ImageObject","inLanguage":"fr-FR","@id":"https:\/\/www.nuevapescanova.com\/fr\/personas-2\/trabaja-con-nosotros\/#primaryimage","url":"http:\/\/demo.nuevapescanova.com\/wp-content\/uploads\/2018\/01\/flechas.png","contentUrl":"http:\/\/demo.nuevapescanova.com\/wp-content\/uploads\/2018\/01\/flechas.png"},{"@type":"BreadcrumbList","@id":"https:\/\/www.nuevapescanova.com\/fr\/personas-2\/trabaja-con-nosotros\/#breadcrumb","itemListElement":[{"@type":"ListItem","position":1,"name":"Portada","item":"https:\/\/www.nuevapescanova.com\/fr\/"},{"@type":"ListItem","position":2,"name":"Personnes","item":"https:\/\/www.nuevapescanova.com\/fr\/personas-2\/"},{"@type":"ListItem","position":3,"name":"Travaillez avec nous"}]},{"@type":"WebSite","@id":"https:\/\/www.nuevapescanova.com\/#website","url":"https:\/\/www.nuevapescanova.com\/","name":"Nueva Pescanova","description":"","publisher":{"@id":"https:\/\/www.nuevapescanova.com\/#organization"},"potentialAction":[{"@type":"SearchAction","target":{"@type":"EntryPoint","urlTemplate":"https:\/\/www.nuevapescanova.com\/?s={search_term_string}"},"query-input":{"@type":"PropertyValueSpecification","valueRequired":true,"valueName":"search_term_string"}}],"inLanguage":"fr-FR"},{"@type":"Organization","@id":"https:\/\/www.nuevapescanova.com\/#organization","name":"Nueva Pescanova","url":"https:\/\/www.nuevapescanova.com\/","logo":{"@type":"ImageObject","inLanguage":"fr-FR","@id":"https:\/\/www.nuevapescanova.com\/#\/schema\/logo\/image\/","url":"https:\/\/www.nuevapescanova.com\/nuevapescanova\/wp-content\/uploads\/2023\/06\/Logo-Grupo-Nueva-Pescanova.jpg","contentUrl":"https:\/\/www.nuevapescanova.com\/nuevapescanova\/wp-content\/uploads\/2023\/06\/Logo-Grupo-Nueva-Pescanova.jpg","width":800,"height":398,"caption":"Nueva Pescanova"},"image":{"@id":"https:\/\/www.nuevapescanova.com\/#\/schema\/logo\/image\/"},"sameAs":["https:\/\/x.com\/PescanovaCorp","https:\/\/www.linkedin.com\/company\/nuevapescanova\/?originalSubdomain=es"]}]}},"_links":{"self":[{"href":"https:\/\/www.nuevapescanova.com\/fr\/wp-json\/wp\/v2\/pages\/2778","targetHints":{"allow":["GET"]}}],"collection":[{"href":"https:\/\/www.nuevapescanova.com\/fr\/wp-json\/wp\/v2\/pages"}],"about":[{"href":"https:\/\/www.nuevapescanova.com\/fr\/wp-json\/wp\/v2\/types\/page"}],"author":[{"embeddable":true,"href":"https:\/\/www.nuevapescanova.com\/fr\/wp-json\/wp\/v2\/users\/3"}],"replies":[{"embeddable":true,"href":"https:\/\/www.nuevapescanova.com\/fr\/wp-json\/wp\/v2\/comments?post=2778"}],"version-history":[{"count":3,"href":"https:\/\/www.nuevapescanova.com\/fr\/wp-json\/wp\/v2\/pages\/2778\/revisions"}],"predecessor-version":[{"id":36408,"href":"https:\/\/www.nuevapescanova.com\/fr\/wp-json\/wp\/v2\/pages\/2778\/revisions\/36408"}],"up":[{"embeddable":true,"href":"https:\/\/www.nuevapescanova.com\/fr\/wp-json\/wp\/v2\/pages\/2775"}],"wp:attachment":[{"href":"https:\/\/www.nuevapescanova.com\/fr\/wp-json\/wp\/v2\/media?parent=2778"}],"curies":[{"name":"wp","href":"https:\/\/api.w.org\/{rel}","templated":true}]}}