{"id":30115,"date":"2023-01-31T10:21:11","date_gmt":"2023-01-31T10:21:11","guid":{"rendered":"https:\/\/www.nuevapescanova.com\/?page_id=30115"},"modified":"2026-02-03T10:21:46","modified_gmt":"2026-02-03T10:21:46","slug":"analyse-de-materialite","status":"publish","type":"page","link":"https:\/\/www.nuevapescanova.com\/fr\/compromiso\/responsabilidad-social-corporativa-2\/analyse-de-materialite\/","title":{"rendered":"Mat\u00e9rialit\u00e9"},"content":{"rendered":"<section class=\"wpb-content-wrapper\"><p>[vc_row css=\u00a0\u00bb.vc_custom_1516629082762{margin-bottom: 30px !important;padding-bottom: 0px !important;background-color: #ffffff !important;}\u00a0\u00bb][vc_column][vc_column_text el_class=\u00a0\u00bbtitulo\u00a0\u00bb css=\u00a0\u00bb.vc_custom_1675760855844{margin-top: 0px !important;padding-top: 0px !important;}\u00a0\u00bb]Mat\u00e9rialit\u00e9[\/vc_column_text][vc_row_inner el_class=\u00a0\u00bbsombra\u00a0\u00bb css=\u00a0\u00bb.vc_custom_1516627142348{margin-top: 0px !important;margin-bottom: 0px !important;padding-top: 0px !important;padding-bottom: 0px !important;}\u00a0\u00bb][vc_column_inner css=\u00a0\u00bb.vc_custom_1516627862820{margin-bottom: 0px !important;padding-bottom: 0px !important;}\u00a0\u00bb][vc_column_text]<\/p>\n<h3><strong>Relations avec nos parties prenantes<\/strong><\/h3>\n<p>La <strong>Politique d&rsquo;entreprise pour les relations institutionnelles du Groupe Nueva Pescanova<\/strong> vise \u00e0 \u00e9tablir et \u00e0 d\u00e9velopper un cadre de relations institutionnelles avec nos parties prenantes bas\u00e9 sur la collaboration, la transparence, l&rsquo;engagement et la communication bidirectionnelle capable de renforcer en permanence la confiance. Ces relations sont fond\u00e9es sur des principes solides d&rsquo;\u00e9thique des affaires et d&rsquo;int\u00e9grit\u00e9 institutionnelle, d&rsquo;\u00e9galit\u00e9 de traitement, de non-discrimination et d&rsquo;\u00e9coute active, afin de reconna\u00eetre les int\u00e9r\u00eats et les attentes l\u00e9gitimes des parties prenantes et de communiquer efficacement les informations sur les activit\u00e9s et les affaires du Groupe Nueva Pescanova.<\/p>\n<p>Sur la base de ces principes, nous avons con\u00e7u notre plan de <a href=\"https:\/\/www.nuevapescanova.com\/nuevapescanova\/wp-content\/uploads\/2025\/10\/GNPVA-Stakeholders-Relations-Management-EN.pdf\" target=\"_blank\" rel=\"noopener\"><u>Gestion des relations avec les parties prenantes<\/u><\/a>, reconnaissant qu&rsquo;il s&rsquo;agit d&rsquo;un \u00e9l\u00e9ment essentiel pour guider, entre autres, nos strat\u00e9gies de mat\u00e9rialit\u00e9 et de transparence, nous aidant \u00e0 assurer un mod\u00e8le d&rsquo;entreprise responsable et durable.<\/p>\n<p>Nous voulons continuer \u00e0 promouvoir l&rsquo;implication de nos parties prenantes dans la cr\u00e9ation de valeur partag\u00e9e par les entreprises du Groupe Nueva Pescanova, en r\u00e9ponse \u00e0 leurs int\u00e9r\u00eats et attentes l\u00e9gitimes, pour instaurer la confiance et consolider la r\u00e9putation d&rsquo;entreprise du Groupe, ainsi que de renforcer l&rsquo;implication avec les communaut\u00e9s o\u00f9 nous sommes pr\u00e9sents, en promouvant leur d\u00e9veloppement durable.<\/p>\n<p>&nbsp;<\/p>\n<h3><strong>Analyse de mat\u00e9rialit\u00e9<\/strong><\/h3>\n<p>La mat\u00e9rialit\u00e9 est un concept fondamental de la gestion d\u2019entreprise, car elle permet aux organisations d\u2019identifier les aspects les plus pertinents, ceux qui n\u00e9cessitent une priorisation ad\u00e9quate et une gestion active : les enjeux mat\u00e9riels.<\/p>\n<p>Dans le contexte r\u00e9glementaire actuel du reporting d\u2019entreprise, le concept de double mat\u00e9rialit\u00e9 a acquis une importance croissante. Cette approche analyse, d\u2019une part, la mani\u00e8re dont les risques et opportunit\u00e9s li\u00e9s \u00e0 la durabilit\u00e9 \u2014 au sens le plus large \u2014 peuvent influencer de mani\u00e8re significative la cr\u00e9ation de valeur, et, d\u2019autre part, l\u2019impact des activit\u00e9s de l\u2019entreprise sur la soci\u00e9t\u00e9 et l\u2019environnement. Adopter une perspective de double mat\u00e9rialit\u00e9 permet d\u2019obtenir une vision plus compl\u00e8te et rigoureuse de notre performance, en soutenant une prise de d\u00e9cision strat\u00e9gique align\u00e9e \u00e0 la fois sur les exigences r\u00e9glementaires et sur les attentes de nos parties prenantes.<\/p>\n<p>Dans le cadre de notre <strong>\u00c9valuation de la Double Mat\u00e9rialit\u00e9<\/strong>, nous identifions et \u00e9valuons de mani\u00e8re syst\u00e9matique les impacts r\u00e9els et potentiels de nos activit\u00e9s sur l\u2019environnement et la soci\u00e9t\u00e9, ainsi que les risques et opportunit\u00e9s li\u00e9s \u00e0 la durabilit\u00e9 susceptibles d\u2019affecter notre activit\u00e9. L\u2019application de ce cadre \u00e0 l\u2019ensemble de nos op\u00e9rations et de notre cha\u00eene de valeur nous a permis d\u2019\u00e9laborer une matrice de double mat\u00e9rialit\u00e9, en hi\u00e9rarchisant les principaux Impacts, Risques et Opportunit\u00e9s (IRO) et en \u00e9tablissant une base solide pour leur suivi continu et leur int\u00e9gration dans notre strat\u00e9gie d\u2019entreprise.<\/p>\n<p>Notre analyse met en \u00e9vidence que les domaines de durabilit\u00e9 les plus pertinents d\u2019un point de vue strat\u00e9gique comprennent <strong>E1 (Changement climatique<\/strong>), <strong>E3 (Ressources hydriques et marines)<\/strong>, <strong>E4 (Biodiversit\u00e9 et \u00e9cosyst\u00e8mes)<\/strong>, <strong>S1 (Personnel propre)<\/strong> et <strong>S4 (Consommateurs et utilisateurs finaux)<\/strong>. Ces sous-th\u00e9matiques constituent des priorit\u00e9s pour l\u2019entreprise et orientent nos efforts pour g\u00e9rer les risques, saisir les opportunit\u00e9s, att\u00e9nuer les impacts n\u00e9gatifs et renforcer les impacts positifs.<\/p>\n<p>Pour en savoir plus sur les r\u00e9sultats de ce processus, nous vous invitons \u00e0 t\u00e9l\u00e9charger le <a href=\"https:\/\/www.nuevapescanova.com\/nuevapescanova\/wp-content\/uploads\/2026\/02\/GNPVA-Double-Materiality-2025-EN.pdf\" target=\"_blank\" rel=\"noopener\">Rapport de Double Mat\u00e9rialit\u00e9 2025<\/a> du Groupe Nueva Pescanova (en anglais).<\/p>\n<p>Vous pouvez \u00e9galement consulter les analyses de mat\u00e9rialit\u00e9 de <a href=\"https:\/\/www.nuevapescanova.com\/nuevapescanova\/wp-content\/uploads\/2023\/01\/GNPVA-Materiality-Analysis-2023-EN.pdf\" target=\"_blank\" rel=\"noopener\">2023<\/a>, <a href=\"http:\/\/www.nuevapescanova.com\/nuevapescanova\/wp-content\/uploads\/2021\/04\/20210414-Materiality-Analysis-2021-EN.pdf\" target=\"_blank\" rel=\"noopener\">2021<\/a>, et <a href=\"http:\/\/www.nuevapescanova.com\/nuevapescanova\/wp-content\/uploads\/2019\/07\/20190425-Materiality-Analysis-FINAL-EN.pdf\" target=\"_blank\" rel=\"noopener\">2019<\/a>.<\/p>\n<p>&nbsp;<\/p>\n<h5>Matrice de double mat\u00e9rialit\u00e9 2025 du Groupe Nueva Pescanova :<\/h5>\n<p><a href=\"https:\/\/www.nuevapescanova.com\/nuevapescanova\/wp-content\/uploads\/2026\/02\/MaterialityMatrix_EN-scaled.png\"><img loading=\"lazy\" decoding=\"async\" class=\"alignleft size-full wp-image-47361\" src=\"https:\/\/www.nuevapescanova.com\/nuevapescanova\/wp-content\/uploads\/2026\/02\/MaterialityMatrix_EN-scaled.png\" alt=\"\" width=\"2560\" height=\"1853\" srcset=\"https:\/\/www.nuevapescanova.com\/nuevapescanova\/wp-content\/uploads\/2026\/02\/MaterialityMatrix_EN-scaled.png 2560w, https:\/\/www.nuevapescanova.com\/nuevapescanova\/wp-content\/uploads\/2026\/02\/MaterialityMatrix_EN-300x217.png 300w, https:\/\/www.nuevapescanova.com\/nuevapescanova\/wp-content\/uploads\/2026\/02\/MaterialityMatrix_EN-768x556.png 768w, https:\/\/www.nuevapescanova.com\/nuevapescanova\/wp-content\/uploads\/2026\/02\/MaterialityMatrix_EN-1536x1112.png 1536w, https:\/\/www.nuevapescanova.com\/nuevapescanova\/wp-content\/uploads\/2026\/02\/MaterialityMatrix_EN-2048x1482.png 2048w, https:\/\/www.nuevapescanova.com\/nuevapescanova\/wp-content\/uploads\/2026\/02\/MaterialityMatrix_EN-202x146.png 202w, https:\/\/www.nuevapescanova.com\/nuevapescanova\/wp-content\/uploads\/2026\/02\/MaterialityMatrix_EN-50x36.png 50w, https:\/\/www.nuevapescanova.com\/nuevapescanova\/wp-content\/uploads\/2026\/02\/MaterialityMatrix_EN-104x75.png 104w\" sizes=\"auto, (max-width: 2560px) 100vw, 2560px\" \/><\/a><\/p>\n<p>[\/vc_column_text][\/vc_column_inner][\/vc_row_inner][\/vc_column][\/vc_row][vc_row css=\u00a0\u00bb.vc_custom_1516984658033{margin-top: 30px !important;padding-bottom: 0px !important;background-color: #ffffff !important;}\u00a0\u00bb][vc_column css=\u00a0\u00bb.vc_custom_1516619741069{margin-bottom: 0px !important;}\u00a0\u00bb][vc_row_inner el_class=\u00a0\u00bbsombra\u00a0\u00bb css=\u00a0\u00bb.vc_custom_1516620347065{margin-top: 0px !important;margin-bottom: 0px !important;padding-top: 0px !important;padding-bottom: 0px !important;}\u00a0\u00bb][vc_column_inner width=\u00a0\u00bb1\/4&Prime; css=\u00a0\u00bb.vc_custom_1516620281776{margin-bottom: 0px !important;padding-bottom: 0px !important;}\u00a0\u00bb]<div class=\"hover_box\"><a href=\"http:\/\/..\/compromiso\/responsabilidad-social-corporativa\/nuestro-compromiso-con-el-planeta\/\" ><div class=\"hover_box_wrapper\"><img loading=\"lazy\" decoding=\"async\" class=\"scale-with-grid visible_photo\" src=\"https:\/\/www.nuevapescanova.com\/nuevapescanova\/wp-content\/uploads\/2018\/02\/planete.jpg\" alt=\"planete\" width=\"270\" height=\"240\"\/><img loading=\"lazy\" decoding=\"async\" class=\"scale-with-grid hidden_photo\" src=\"https:\/\/www.nuevapescanova.com\/nuevapescanova\/wp-content\/uploads\/2018\/02\/planete1.jpg\" alt=\"planete1\" width=\"270\" height=\"240\"\/><\/div><\/a><\/div>\n[\/vc_column_inner][vc_column_inner width=\u00a0\u00bb1\/4&Prime; css=\u00a0\u00bb.vc_custom_1516620292200{margin-bottom: 0px !important;padding-bottom: 0px !important;}\u00a0\u00bb]<div class=\"hover_box\"><a href=\"http:\/\/..\/compromiso\/responsabilidad-social-corporativa\/el-compromiso-con-nuestras-personas\/\" ><div class=\"hover_box_wrapper\"><img loading=\"lazy\" decoding=\"async\" class=\"scale-with-grid visible_photo\" src=\"https:\/\/www.nuevapescanova.com\/nuevapescanova\/wp-content\/uploads\/2018\/02\/personnes.jpg\" alt=\"personnes\" width=\"270\" height=\"240\"\/><img loading=\"lazy\" decoding=\"async\" class=\"scale-with-grid hidden_photo\" src=\"https:\/\/www.nuevapescanova.com\/nuevapescanova\/wp-content\/uploads\/2018\/02\/personnes1.jpg\" alt=\"personnes1\" width=\"270\" height=\"240\"\/><\/div><\/a><\/div>\n[\/vc_column_inner][vc_column_inner width=\u00a0\u00bb1\/4&Prime; css=\u00a0\u00bb.vc_custom_1516620287216{margin-bottom: 0px !important;padding-bottom: 0px !important;}\u00a0\u00bb]<div class=\"hover_box\"><a href=\"http:\/\/..\/compromiso\/responsabilidad-social-corporativa\/el-compromiso-con-nuestro-producto\/\" ><div class=\"hover_box_wrapper\"><img loading=\"lazy\" decoding=\"async\" class=\"scale-with-grid visible_photo\" src=\"https:\/\/www.nuevapescanova.com\/nuevapescanova\/wp-content\/uploads\/2018\/02\/produit.jpg\" alt=\"produit\" width=\"270\" height=\"240\"\/><img loading=\"lazy\" decoding=\"async\" class=\"scale-with-grid hidden_photo\" src=\"https:\/\/www.nuevapescanova.com\/nuevapescanova\/wp-content\/uploads\/2018\/02\/produit1.jpg\" alt=\"produit1\" width=\"270\" height=\"240\"\/><\/div><\/a><\/div>\n[\/vc_column_inner][vc_column_inner width=\u00a0\u00bb1\/4&Prime; css=\u00a0\u00bb.vc_custom_1516620299548{margin-bottom: 0px !important;padding-bottom: 0px !important;}\u00a0\u00bb]<div class=\"hover_box\"><a href=\"http:\/\/..\/compromiso\/responsabilidad-social-corporativa\/el-compromiso-con-las-comunidades\/\" ><div class=\"hover_box_wrapper\"><img loading=\"lazy\" decoding=\"async\" class=\"scale-with-grid visible_photo\" src=\"https:\/\/www.nuevapescanova.com\/nuevapescanova\/wp-content\/uploads\/2018\/02\/communautes.jpg\" alt=\"communautes\" width=\"270\" height=\"240\"\/><img loading=\"lazy\" decoding=\"async\" class=\"scale-with-grid hidden_photo\" src=\"https:\/\/www.nuevapescanova.com\/nuevapescanova\/wp-content\/uploads\/2018\/02\/communautes1.jpg\" alt=\"communautes1\" width=\"270\" height=\"240\"\/><\/div><\/a><\/div>\n[\/vc_column_inner][\/vc_row_inner][\/vc_column][\/vc_row][vc_row][vc_column][vc_empty_space height=\u00a0\u00bb60px\u00a0\u00bb][\/vc_column][\/vc_row]<\/p>\n<\/section>","protected":false},"excerpt":{"rendered":"<p>[vc_row css=\u00a0\u00bb.vc_custom_1516629082762{margin-bottom: 30px !important;padding-bottom: 0px !important;background-color: #ffffff !important;}\u00a0\u00bb][vc_column][vc_column_text el_class=\u00a0\u00bbtitulo\u00a0\u00bb css=\u00a0\u00bb.vc_custom_1675760855844{margin-top: 0px !important;padding-top: 0px !important;}\u00a0\u00bb]Mat\u00e9rialit\u00e9[\/vc_column_text][vc_row_inner el_class=\u00a0\u00bbsombra\u00a0\u00bb css=\u00a0\u00bb.vc_custom_1516627142348{margin-top: 0px !important;margin-bottom: 0px !important;padding-top: 0px !important;padding-bottom: 0px !important;}\u00a0\u00bb][vc_column_inner css=\u00a0\u00bb.vc_custom_1516627862820{margin-bottom: 0px<span class=\"excerpt-hellip\"> [\u2026]<\/span><\/p>\n","protected":false},"author":3,"featured_media":0,"parent":2739,"menu_order":0,"comment_status":"closed","ping_status":"closed","template":"","meta":{"_acf_changed":false,"footnotes":""},"class_list":["post-30115","page","type-page","status-publish","hentry"],"acf":[],"yoast_head":"<!-- This site is optimized with the Yoast SEO plugin v25.9 - https:\/\/yoast.com\/wordpress\/plugins\/seo\/ -->\n<title>Mat\u00e9rialit\u00e9 - Nueva Pescanova<\/title>\n<meta name=\"robots\" content=\"index, follow, max-snippet:-1, max-image-preview:large, max-video-preview:-1\" \/>\n<link rel=\"canonical\" href=\"https:\/\/www.nuevapescanova.com\/fr\/compromiso\/responsabilidad-social-corporativa-2\/analyse-de-materialite\/\" \/>\n<meta property=\"og:locale\" content=\"fr_FR\" \/>\n<meta property=\"og:type\" content=\"article\" \/>\n<meta property=\"og:title\" content=\"Mat\u00e9rialit\u00e9 - Nueva Pescanova\" \/>\n<meta property=\"og:description\" content=\"[vc_row css=\u00a0\u00bb.vc_custom_1516629082762{margin-bottom: 30px !important;padding-bottom: 0px !important;background-color: #ffffff !important;}\u00a0\u00bb][vc_column][vc_column_text el_class=\u00a0\u00bbtitulo\u00a0\u00bb css=\u00a0\u00bb.vc_custom_1675760855844{margin-top: 0px !important;padding-top: 0px !important;}\u00a0\u00bb]Mat\u00e9rialit\u00e9[\/vc_column_text][vc_row_inner el_class=\u00a0\u00bbsombra\u00a0\u00bb css=\u00a0\u00bb.vc_custom_1516627142348{margin-top: 0px !important;margin-bottom: 0px !important;padding-top: 0px !important;padding-bottom: 0px !important;}\u00a0\u00bb][vc_column_inner css=\u00a0\u00bb.vc_custom_1516627862820{margin-bottom: 0px [\u2026]\" \/>\n<meta property=\"og:url\" content=\"https:\/\/www.nuevapescanova.com\/fr\/compromiso\/responsabilidad-social-corporativa-2\/analyse-de-materialite\/\" \/>\n<meta property=\"og:site_name\" content=\"Nueva Pescanova\" \/>\n<meta property=\"article:modified_time\" content=\"2026-02-03T10:21:46+00:00\" \/>\n<meta property=\"og:image\" content=\"https:\/\/www.nuevapescanova.com\/nuevapescanova\/wp-content\/uploads\/2026\/02\/MaterialityMatrix_EN-scaled.png\" \/>\n\t<meta property=\"og:image:width\" content=\"2560\" \/>\n\t<meta property=\"og:image:height\" content=\"1853\" \/>\n\t<meta property=\"og:image:type\" content=\"image\/png\" \/>\n<meta name=\"twitter:card\" content=\"summary_large_image\" \/>\n<meta name=\"twitter:site\" content=\"@PescanovaCorp\" \/>\n<meta name=\"twitter:label1\" content=\"Dur\u00e9e de lecture estim\u00e9e\" \/>\n\t<meta name=\"twitter:data1\" content=\"4 minutes\" \/>\n<script type=\"application\/ld+json\" class=\"yoast-schema-graph\">{\"@context\":\"https:\/\/schema.org\",\"@graph\":[{\"@type\":\"WebPage\",\"@id\":\"https:\/\/www.nuevapescanova.com\/fr\/compromiso\/responsabilidad-social-corporativa-2\/analyse-de-materialite\/\",\"url\":\"https:\/\/www.nuevapescanova.com\/fr\/compromiso\/responsabilidad-social-corporativa-2\/analyse-de-materialite\/\",\"name\":\"Mat\u00e9rialit\u00e9 - Nueva Pescanova\",\"isPartOf\":{\"@id\":\"https:\/\/www.nuevapescanova.com\/#website\"},\"primaryImageOfPage\":{\"@id\":\"https:\/\/www.nuevapescanova.com\/fr\/compromiso\/responsabilidad-social-corporativa-2\/analyse-de-materialite\/#primaryimage\"},\"image\":{\"@id\":\"https:\/\/www.nuevapescanova.com\/fr\/compromiso\/responsabilidad-social-corporativa-2\/analyse-de-materialite\/#primaryimage\"},\"thumbnailUrl\":\"https:\/\/www.nuevapescanova.com\/nuevapescanova\/wp-content\/uploads\/2026\/02\/MaterialityMatrix_EN-scaled.png\",\"datePublished\":\"2023-01-31T10:21:11+00:00\",\"dateModified\":\"2026-02-03T10:21:46+00:00\",\"breadcrumb\":{\"@id\":\"https:\/\/www.nuevapescanova.com\/fr\/compromiso\/responsabilidad-social-corporativa-2\/analyse-de-materialite\/#breadcrumb\"},\"inLanguage\":\"fr-FR\",\"potentialAction\":[{\"@type\":\"ReadAction\",\"target\":[\"https:\/\/www.nuevapescanova.com\/fr\/compromiso\/responsabilidad-social-corporativa-2\/analyse-de-materialite\/\"]}]},{\"@type\":\"ImageObject\",\"inLanguage\":\"fr-FR\",\"@id\":\"https:\/\/www.nuevapescanova.com\/fr\/compromiso\/responsabilidad-social-corporativa-2\/analyse-de-materialite\/#primaryimage\",\"url\":\"https:\/\/www.nuevapescanova.com\/nuevapescanova\/wp-content\/uploads\/2026\/02\/MaterialityMatrix_EN-scaled.png\",\"contentUrl\":\"https:\/\/www.nuevapescanova.com\/nuevapescanova\/wp-content\/uploads\/2026\/02\/MaterialityMatrix_EN-scaled.png\"},{\"@type\":\"BreadcrumbList\",\"@id\":\"https:\/\/www.nuevapescanova.com\/fr\/compromiso\/responsabilidad-social-corporativa-2\/analyse-de-materialite\/#breadcrumb\",\"itemListElement\":[{\"@type\":\"ListItem\",\"position\":1,\"name\":\"Portada\",\"item\":\"https:\/\/www.nuevapescanova.com\/fr\/\"},{\"@type\":\"ListItem\",\"position\":2,\"name\":\"Compromiso\",\"item\":\"https:\/\/www.nuevapescanova.com\/fr\/compromiso\/\"},{\"@type\":\"ListItem\",\"position\":3,\"name\":\"Responsabilit\u00e9 sociale d\u2019entreprise\",\"item\":\"https:\/\/www.nuevapescanova.com\/fr\/compromiso\/responsabilidad-social-corporativa-2\/\"},{\"@type\":\"ListItem\",\"position\":4,\"name\":\"Mat\u00e9rialit\u00e9\"}]},{\"@type\":\"WebSite\",\"@id\":\"https:\/\/www.nuevapescanova.com\/#website\",\"url\":\"https:\/\/www.nuevapescanova.com\/\",\"name\":\"Nueva Pescanova\",\"description\":\"\",\"publisher\":{\"@id\":\"https:\/\/www.nuevapescanova.com\/#organization\"},\"potentialAction\":[{\"@type\":\"SearchAction\",\"target\":{\"@type\":\"EntryPoint\",\"urlTemplate\":\"https:\/\/www.nuevapescanova.com\/?s={search_term_string}\"},\"query-input\":{\"@type\":\"PropertyValueSpecification\",\"valueRequired\":true,\"valueName\":\"search_term_string\"}}],\"inLanguage\":\"fr-FR\"},{\"@type\":\"Organization\",\"@id\":\"https:\/\/www.nuevapescanova.com\/#organization\",\"name\":\"Nueva Pescanova\",\"url\":\"https:\/\/www.nuevapescanova.com\/\",\"logo\":{\"@type\":\"ImageObject\",\"inLanguage\":\"fr-FR\",\"@id\":\"https:\/\/www.nuevapescanova.com\/#\/schema\/logo\/image\/\",\"url\":\"https:\/\/www.nuevapescanova.com\/nuevapescanova\/wp-content\/uploads\/2023\/06\/Logo-Grupo-Nueva-Pescanova.jpg\",\"contentUrl\":\"https:\/\/www.nuevapescanova.com\/nuevapescanova\/wp-content\/uploads\/2023\/06\/Logo-Grupo-Nueva-Pescanova.jpg\",\"width\":800,\"height\":398,\"caption\":\"Nueva Pescanova\"},\"image\":{\"@id\":\"https:\/\/www.nuevapescanova.com\/#\/schema\/logo\/image\/\"},\"sameAs\":[\"https:\/\/x.com\/PescanovaCorp\",\"https:\/\/www.linkedin.com\/company\/nuevapescanova\/?originalSubdomain=es\"]}]}<\/script>\n<!-- \/ Yoast SEO plugin. -->","yoast_head_json":{"title":"Mat\u00e9rialit\u00e9 - Nueva Pescanova","robots":{"index":"index","follow":"follow","max-snippet":"max-snippet:-1","max-image-preview":"max-image-preview:large","max-video-preview":"max-video-preview:-1"},"canonical":"https:\/\/www.nuevapescanova.com\/fr\/compromiso\/responsabilidad-social-corporativa-2\/analyse-de-materialite\/","og_locale":"fr_FR","og_type":"article","og_title":"Mat\u00e9rialit\u00e9 - Nueva Pescanova","og_description":"[vc_row css=\u00a0\u00bb.vc_custom_1516629082762{margin-bottom: 30px !important;padding-bottom: 0px !important;background-color: #ffffff !important;}\u00a0\u00bb][vc_column][vc_column_text el_class=\u00a0\u00bbtitulo\u00a0\u00bb css=\u00a0\u00bb.vc_custom_1675760855844{margin-top: 0px !important;padding-top: 0px !important;}\u00a0\u00bb]Mat\u00e9rialit\u00e9[\/vc_column_text][vc_row_inner el_class=\u00a0\u00bbsombra\u00a0\u00bb css=\u00a0\u00bb.vc_custom_1516627142348{margin-top: 0px !important;margin-bottom: 0px !important;padding-top: 0px !important;padding-bottom: 0px !important;}\u00a0\u00bb][vc_column_inner css=\u00a0\u00bb.vc_custom_1516627862820{margin-bottom: 0px [\u2026]","og_url":"https:\/\/www.nuevapescanova.com\/fr\/compromiso\/responsabilidad-social-corporativa-2\/analyse-de-materialite\/","og_site_name":"Nueva Pescanova","article_modified_time":"2026-02-03T10:21:46+00:00","og_image":[{"width":2560,"height":1853,"url":"https:\/\/www.nuevapescanova.com\/nuevapescanova\/wp-content\/uploads\/2026\/02\/MaterialityMatrix_EN-scaled.png","type":"image\/png"}],"twitter_card":"summary_large_image","twitter_site":"@PescanovaCorp","twitter_misc":{"Dur\u00e9e de lecture estim\u00e9e":"4 minutes"},"schema":{"@context":"https:\/\/schema.org","@graph":[{"@type":"WebPage","@id":"https:\/\/www.nuevapescanova.com\/fr\/compromiso\/responsabilidad-social-corporativa-2\/analyse-de-materialite\/","url":"https:\/\/www.nuevapescanova.com\/fr\/compromiso\/responsabilidad-social-corporativa-2\/analyse-de-materialite\/","name":"Mat\u00e9rialit\u00e9 - Nueva Pescanova","isPartOf":{"@id":"https:\/\/www.nuevapescanova.com\/#website"},"primaryImageOfPage":{"@id":"https:\/\/www.nuevapescanova.com\/fr\/compromiso\/responsabilidad-social-corporativa-2\/analyse-de-materialite\/#primaryimage"},"image":{"@id":"https:\/\/www.nuevapescanova.com\/fr\/compromiso\/responsabilidad-social-corporativa-2\/analyse-de-materialite\/#primaryimage"},"thumbnailUrl":"https:\/\/www.nuevapescanova.com\/nuevapescanova\/wp-content\/uploads\/2026\/02\/MaterialityMatrix_EN-scaled.png","datePublished":"2023-01-31T10:21:11+00:00","dateModified":"2026-02-03T10:21:46+00:00","breadcrumb":{"@id":"https:\/\/www.nuevapescanova.com\/fr\/compromiso\/responsabilidad-social-corporativa-2\/analyse-de-materialite\/#breadcrumb"},"inLanguage":"fr-FR","potentialAction":[{"@type":"ReadAction","target":["https:\/\/www.nuevapescanova.com\/fr\/compromiso\/responsabilidad-social-corporativa-2\/analyse-de-materialite\/"]}]},{"@type":"ImageObject","inLanguage":"fr-FR","@id":"https:\/\/www.nuevapescanova.com\/fr\/compromiso\/responsabilidad-social-corporativa-2\/analyse-de-materialite\/#primaryimage","url":"https:\/\/www.nuevapescanova.com\/nuevapescanova\/wp-content\/uploads\/2026\/02\/MaterialityMatrix_EN-scaled.png","contentUrl":"https:\/\/www.nuevapescanova.com\/nuevapescanova\/wp-content\/uploads\/2026\/02\/MaterialityMatrix_EN-scaled.png"},{"@type":"BreadcrumbList","@id":"https:\/\/www.nuevapescanova.com\/fr\/compromiso\/responsabilidad-social-corporativa-2\/analyse-de-materialite\/#breadcrumb","itemListElement":[{"@type":"ListItem","position":1,"name":"Portada","item":"https:\/\/www.nuevapescanova.com\/fr\/"},{"@type":"ListItem","position":2,"name":"Compromiso","item":"https:\/\/www.nuevapescanova.com\/fr\/compromiso\/"},{"@type":"ListItem","position":3,"name":"Responsabilit\u00e9 sociale d\u2019entreprise","item":"https:\/\/www.nuevapescanova.com\/fr\/compromiso\/responsabilidad-social-corporativa-2\/"},{"@type":"ListItem","position":4,"name":"Mat\u00e9rialit\u00e9"}]},{"@type":"WebSite","@id":"https:\/\/www.nuevapescanova.com\/#website","url":"https:\/\/www.nuevapescanova.com\/","name":"Nueva Pescanova","description":"","publisher":{"@id":"https:\/\/www.nuevapescanova.com\/#organization"},"potentialAction":[{"@type":"SearchAction","target":{"@type":"EntryPoint","urlTemplate":"https:\/\/www.nuevapescanova.com\/?s={search_term_string}"},"query-input":{"@type":"PropertyValueSpecification","valueRequired":true,"valueName":"search_term_string"}}],"inLanguage":"fr-FR"},{"@type":"Organization","@id":"https:\/\/www.nuevapescanova.com\/#organization","name":"Nueva Pescanova","url":"https:\/\/www.nuevapescanova.com\/","logo":{"@type":"ImageObject","inLanguage":"fr-FR","@id":"https:\/\/www.nuevapescanova.com\/#\/schema\/logo\/image\/","url":"https:\/\/www.nuevapescanova.com\/nuevapescanova\/wp-content\/uploads\/2023\/06\/Logo-Grupo-Nueva-Pescanova.jpg","contentUrl":"https:\/\/www.nuevapescanova.com\/nuevapescanova\/wp-content\/uploads\/2023\/06\/Logo-Grupo-Nueva-Pescanova.jpg","width":800,"height":398,"caption":"Nueva Pescanova"},"image":{"@id":"https:\/\/www.nuevapescanova.com\/#\/schema\/logo\/image\/"},"sameAs":["https:\/\/x.com\/PescanovaCorp","https:\/\/www.linkedin.com\/company\/nuevapescanova\/?originalSubdomain=es"]}]}},"_links":{"self":[{"href":"https:\/\/www.nuevapescanova.com\/fr\/wp-json\/wp\/v2\/pages\/30115","targetHints":{"allow":["GET"]}}],"collection":[{"href":"https:\/\/www.nuevapescanova.com\/fr\/wp-json\/wp\/v2\/pages"}],"about":[{"href":"https:\/\/www.nuevapescanova.com\/fr\/wp-json\/wp\/v2\/types\/page"}],"author":[{"embeddable":true,"href":"https:\/\/www.nuevapescanova.com\/fr\/wp-json\/wp\/v2\/users\/3"}],"replies":[{"embeddable":true,"href":"https:\/\/www.nuevapescanova.com\/fr\/wp-json\/wp\/v2\/comments?post=30115"}],"version-history":[{"count":7,"href":"https:\/\/www.nuevapescanova.com\/fr\/wp-json\/wp\/v2\/pages\/30115\/revisions"}],"predecessor-version":[{"id":47381,"href":"https:\/\/www.nuevapescanova.com\/fr\/wp-json\/wp\/v2\/pages\/30115\/revisions\/47381"}],"up":[{"embeddable":true,"href":"https:\/\/www.nuevapescanova.com\/fr\/wp-json\/wp\/v2\/pages\/2739"}],"wp:attachment":[{"href":"https:\/\/www.nuevapescanova.com\/fr\/wp-json\/wp\/v2\/media?parent=30115"}],"curies":[{"name":"wp","href":"https:\/\/api.w.org\/{rel}","templated":true}]}}