{"id":30417,"date":"2023-01-31T17:58:11","date_gmt":"2023-01-31T17:58:11","guid":{"rendered":"https:\/\/www.nuevapescanova.com\/?page_id=30417"},"modified":"2025-10-22T11:07:03","modified_gmt":"2025-10-22T11:07:03","slug":"reconnaissances","status":"publish","type":"page","link":"https:\/\/www.nuevapescanova.com\/fr\/compromiso\/responsabilidad-social-corporativa-2\/reconnaissances\/","title":{"rendered":"Reconnaissances"},"content":{"rendered":"<section class=\"wpb-content-wrapper\"><p>[vc_row css=\u00a0\u00bb.vc_custom_1516629082762{margin-bottom: 30px !important;padding-bottom: 0px !important;background-color: #ffffff !important;}\u00a0\u00bb][vc_column][vc_column_text el_class=\u00a0\u00bbtitulo\u00a0\u00bb css=\u00a0\u00bb.vc_custom_1675187724196{margin-top: 0px !important;padding-top: 0px !important;}\u00a0\u00bb]<\/p>\n<h1>Reconnaissances<\/h1>\n<p>[\/vc_column_text][vc_row_inner el_class=\u00a0\u00bbsombra\u00a0\u00bb css=\u00a0\u00bb.vc_custom_1516627142348{margin-top: 0px !important;margin-bottom: 0px !important;padding-top: 0px !important;padding-bottom: 0px !important;}\u00a0\u00bb][vc_column_inner css=\u00a0\u00bb.vc_custom_1516627862820{margin-bottom: 0px !important;padding-bottom: 0px !important;}\u00a0\u00bb][vc_column_text]<\/p>\n<h3><strong>World Benchmarking Alliance (WBA)<\/strong><\/h3>\n<p>La <em>World Benchmarking Alliance<\/em> (WBA) (www.worldbenchmarkingalliance.org) nous a reconnus pour notre contribution significative au d\u00e9veloppement durable et \u00e0 l&rsquo;Agenda 2030 des Nations Unies, en promouvant des cha\u00eenes d&rsquo;approvisionnement plus durables et inclusives dans les secteurs o\u00f9 nous op\u00e9rons :<\/p>\n<ul>\n<li>Le <em>SEAFOOD STEWARDSHIP INDEX<\/em> \u00e9value comment les principales entreprises de produits de la mer dans le monde contribuent \u00e0 la gestion durable des oc\u00e9ans et des \u00e9cosyst\u00e8mes c\u00f4tiers et mettent en \u0153uvre des pratiques sociales responsables. Cette \u00e9valuation comprend les 30 entreprises de produits de la mer les plus influentes \u00e0 l&rsquo;\u00e9chelle mondiale.<\/li>\n<li>Le <em>FOOD AND AGRICULTURE BENCHMARK<\/em> incite les 350 entreprises les plus influentes dans le secteur de l&rsquo;alimentation et de l&rsquo;agriculture \u00e0 adopter des pratiques commerciales durables dans toutes leurs op\u00e9rations, ainsi qu&rsquo;\u00e0 utiliser leur influence pour encourager les partenaires de la cha\u00eene de valeur \u00e0 faire de m\u00eame.<\/li>\n<li>Le <em>NATURE BENCHMARK<\/em> examine comment les impacts des 816 entreprises \u00e9valu\u00e9es contribuent \u00e0 des \u00e9cosyst\u00e8mes stables et r\u00e9silients qui permettent \u00e0 l&rsquo;humanit\u00e9 et \u00e0 la nature de coexister dans les limites plan\u00e9taires, et comment les entreprises r\u00e9duisent leur impact et m\u00eame r\u00e9g\u00e9n\u00e8rent les \u00e9cosyst\u00e8mes.<\/li>\n<li>Le <em>SOCIAL BENCHMARK<\/em> \u00e9value les 2 000 entreprises les plus influentes au monde en fonction de leur responsabilit\u00e9 \u00e0 r\u00e9pondre aux attentes fondamentales de la soci\u00e9t\u00e9 en mati\u00e8re de respect des droits de l\u2019homme, de fourniture d\u2019un travail d\u00e9cent et de comportement \u00e9thique.<\/li>\n<\/ul>\n<p><a href=\"https:\/\/www.nuevapescanova.com\/nuevapescanova\/wp-content\/uploads\/2024\/11\/Reconocimientos-EN.png\"><img loading=\"lazy\" decoding=\"async\" class=\"aligncenter wp-image-41054\" src=\"https:\/\/www.nuevapescanova.com\/nuevapescanova\/wp-content\/uploads\/2024\/11\/Reconocimientos-EN.png\" alt=\"\" width=\"1224\" height=\"564\" srcset=\"https:\/\/www.nuevapescanova.com\/nuevapescanova\/wp-content\/uploads\/2024\/11\/Reconocimientos-EN.png 4126w, https:\/\/www.nuevapescanova.com\/nuevapescanova\/wp-content\/uploads\/2024\/11\/Reconocimientos-EN-300x138.png 300w, https:\/\/www.nuevapescanova.com\/nuevapescanova\/wp-content\/uploads\/2024\/11\/Reconocimientos-EN-768x354.png 768w, https:\/\/www.nuevapescanova.com\/nuevapescanova\/wp-content\/uploads\/2024\/11\/Reconocimientos-EN-1536x708.png 1536w, https:\/\/www.nuevapescanova.com\/nuevapescanova\/wp-content\/uploads\/2024\/11\/Reconocimientos-EN-2048x944.png 2048w, https:\/\/www.nuevapescanova.com\/nuevapescanova\/wp-content\/uploads\/2024\/11\/Reconocimientos-EN-260x120.png 260w, https:\/\/www.nuevapescanova.com\/nuevapescanova\/wp-content\/uploads\/2024\/11\/Reconocimientos-EN-50x23.png 50w, https:\/\/www.nuevapescanova.com\/nuevapescanova\/wp-content\/uploads\/2024\/11\/Reconocimientos-EN-150x69.png 150w\" sizes=\"auto, (max-width: 1224px) 100vw, 1224px\" \/><\/a><\/p>\n<p>Nous avons \u00e9galement \u00e9t\u00e9 \u00e9valu\u00e9s dans le <em>CHILDREN\u2019S RIGHTS BENCHMARK<\/em> par le <em>Global Child Forum<\/em> (globalchildforum.org) pour notre performance dans la minimisation des risques d&rsquo;impacts significatifs sur les droits des enfants. Notre r\u00e9sultat nous classe parmi les \u00ab <em>Achievers<\/em> \u00bb, indiquant que nous avons d\u00e9velopp\u00e9 et mis en \u0153uvre plusieurs politiques et pratiques qui traitent de l&rsquo;impact de l&rsquo;organisation sur les droits des enfants.<\/p>\n<p><a href=\"https:\/\/www.nuevapescanova.com\/nuevapescanova\/wp-content\/uploads\/2024\/11\/GCF-2023-EN.png\"><img loading=\"lazy\" decoding=\"async\" class=\"alignleft wp-image-41043\" src=\"https:\/\/www.nuevapescanova.com\/nuevapescanova\/wp-content\/uploads\/2024\/11\/GCF-2023-EN.png\" alt=\"\" width=\"550\" height=\"239\" srcset=\"https:\/\/www.nuevapescanova.com\/nuevapescanova\/wp-content\/uploads\/2024\/11\/GCF-2023-EN.png 2040w, https:\/\/www.nuevapescanova.com\/nuevapescanova\/wp-content\/uploads\/2024\/11\/GCF-2023-EN-300x130.png 300w, https:\/\/www.nuevapescanova.com\/nuevapescanova\/wp-content\/uploads\/2024\/11\/GCF-2023-EN-768x334.png 768w, https:\/\/www.nuevapescanova.com\/nuevapescanova\/wp-content\/uploads\/2024\/11\/GCF-2023-EN-1536x667.png 1536w, https:\/\/www.nuevapescanova.com\/nuevapescanova\/wp-content\/uploads\/2024\/11\/GCF-2023-EN-260x113.png 260w, https:\/\/www.nuevapescanova.com\/nuevapescanova\/wp-content\/uploads\/2024\/11\/GCF-2023-EN-50x22.png 50w, https:\/\/www.nuevapescanova.com\/nuevapescanova\/wp-content\/uploads\/2024\/11\/GCF-2023-EN-150x65.png 150w\" sizes=\"auto, (max-width: 550px) 100vw, 550px\" \/><\/a>[\/vc_column_text][vc_column_text][\/vc_column_text][\/vc_column_inner][\/vc_row_inner][\/vc_column][\/vc_row][vc_row css=\u00a0\u00bb.vc_custom_1516984658033{margin-top: 30px !important;padding-bottom: 0px !important;background-color: #ffffff !important;}\u00a0\u00bb][vc_column css=\u00a0\u00bb.vc_custom_1516619741069{margin-bottom: 0px !important;}\u00a0\u00bb][vc_row_inner el_class=\u00a0\u00bbsombra\u00a0\u00bb css=\u00a0\u00bb.vc_custom_1516620347065{margin-top: 0px !important;margin-bottom: 0px !important;padding-top: 0px !important;padding-bottom: 0px !important;}\u00a0\u00bb][vc_column_inner width=\u00a0\u00bb1\/4&Prime; css=\u00a0\u00bb.vc_custom_1516620281776{margin-bottom: 0px !important;padding-bottom: 0px !important;}\u00a0\u00bb]<div class=\"hover_box\"><a href=\"https:\/\/www.nuevapescanova.com\/fr\/compromiso\/responsabilidad-social-corporativa-2\/nuestro-compromiso-con-el-planeta\/\" ><div class=\"hover_box_wrapper\"><img loading=\"lazy\" decoding=\"async\" class=\"scale-with-grid visible_photo\" src=\"https:\/\/www.nuevapescanova.com\/nuevapescanova\/wp-content\/uploads\/2018\/02\/planete.jpg\" alt=\"planete\" width=\"270\" height=\"240\"\/><img loading=\"lazy\" decoding=\"async\" class=\"scale-with-grid hidden_photo\" src=\"https:\/\/www.nuevapescanova.com\/nuevapescanova\/wp-content\/uploads\/2018\/02\/planete1.jpg\" alt=\"planete1\" width=\"270\" height=\"240\"\/><\/div><\/a><\/div>\n[\/vc_column_inner][vc_column_inner width=\u00a0\u00bb1\/4&Prime; css=\u00a0\u00bb.vc_custom_1516620292200{margin-bottom: 0px !important;padding-bottom: 0px !important;}\u00a0\u00bb]<div class=\"hover_box\"><a href=\"https:\/\/www.nuevapescanova.com\/fr\/compromiso\/responsabilidad-social-corporativa-2\/el-compromiso-con-nuestras-personas\/\" ><div class=\"hover_box_wrapper\"><img loading=\"lazy\" decoding=\"async\" class=\"scale-with-grid visible_photo\" src=\"https:\/\/www.nuevapescanova.com\/nuevapescanova\/wp-content\/uploads\/2018\/02\/personnes.jpg\" alt=\"personnes\" width=\"270\" height=\"240\"\/><img loading=\"lazy\" decoding=\"async\" class=\"scale-with-grid hidden_photo\" src=\"https:\/\/www.nuevapescanova.com\/nuevapescanova\/wp-content\/uploads\/2018\/02\/personnes1.jpg\" alt=\"personnes1\" width=\"270\" height=\"240\"\/><\/div><\/a><\/div>\n[\/vc_column_inner][vc_column_inner width=\u00a0\u00bb1\/4&Prime; css=\u00a0\u00bb.vc_custom_1516620287216{margin-bottom: 0px !important;padding-bottom: 0px !important;}\u00a0\u00bb]<div class=\"hover_box\"><a href=\"https:\/\/www.nuevapescanova.com\/fr\/compromiso\/responsabilidad-social-corporativa-2\/el-compromiso-con-nuestro-producto\/\" ><div class=\"hover_box_wrapper\"><img loading=\"lazy\" decoding=\"async\" class=\"scale-with-grid visible_photo\" src=\"https:\/\/www.nuevapescanova.com\/nuevapescanova\/wp-content\/uploads\/2018\/02\/produit.jpg\" alt=\"produit\" width=\"270\" height=\"240\"\/><img loading=\"lazy\" decoding=\"async\" class=\"scale-with-grid hidden_photo\" src=\"https:\/\/www.nuevapescanova.com\/nuevapescanova\/wp-content\/uploads\/2018\/02\/produit1.jpg\" alt=\"produit1\" width=\"270\" height=\"240\"\/><\/div><\/a><\/div>\n[\/vc_column_inner][vc_column_inner width=\u00a0\u00bb1\/4&Prime; css=\u00a0\u00bb.vc_custom_1516620299548{margin-bottom: 0px !important;padding-bottom: 0px !important;}\u00a0\u00bb]<div class=\"hover_box\"><a href=\"https:\/\/www.nuevapescanova.com\/fr\/compromiso\/responsabilidad-social-corporativa-2\/el-compromiso-con-las-comunidades\/\" ><div class=\"hover_box_wrapper\"><img loading=\"lazy\" decoding=\"async\" class=\"scale-with-grid visible_photo\" src=\"https:\/\/www.nuevapescanova.com\/nuevapescanova\/wp-content\/uploads\/2018\/02\/communautes.jpg\" alt=\"communautes\" width=\"270\" height=\"240\"\/><img loading=\"lazy\" decoding=\"async\" class=\"scale-with-grid hidden_photo\" src=\"https:\/\/www.nuevapescanova.com\/nuevapescanova\/wp-content\/uploads\/2018\/02\/communautes1.jpg\" alt=\"communautes1\" width=\"270\" height=\"240\"\/><\/div><\/a><\/div>\n[\/vc_column_inner][\/vc_row_inner][\/vc_column][\/vc_row][vc_row][vc_column][vc_empty_space height=\u00a0\u00bb60px\u00a0\u00bb][\/vc_column][\/vc_row]<\/p>\n<\/section>","protected":false},"excerpt":{"rendered":"<p>[vc_row css=\u00a0\u00bb.vc_custom_1516629082762{margin-bottom: 30px !important;padding-bottom: 0px !important;background-color: #ffffff !important;}\u00a0\u00bb][vc_column][vc_column_text el_class=\u00a0\u00bbtitulo\u00a0\u00bb css=\u00a0\u00bb.vc_custom_1675187724196{margin-top: 0px !important;padding-top: 0px !important;}\u00a0\u00bb] Reconnaissances [\/vc_column_text][vc_row_inner el_class=\u00a0\u00bbsombra\u00a0\u00bb css=\u00a0\u00bb.vc_custom_1516627142348{margin-top: 0px !important;margin-bottom: 0px !important;padding-top: 0px !important;padding-bottom: 0px !important;}\u00a0\u00bb][vc_column_inner<span class=\"excerpt-hellip\"> [\u2026]<\/span><\/p>\n","protected":false},"author":3,"featured_media":0,"parent":2739,"menu_order":0,"comment_status":"closed","ping_status":"closed","template":"","meta":{"_acf_changed":false,"footnotes":""},"class_list":["post-30417","page","type-page","status-publish","hentry"],"acf":[],"yoast_head":"<!-- This site is optimized with the Yoast SEO plugin v25.9 - https:\/\/yoast.com\/wordpress\/plugins\/seo\/ -->\n<title>Reconnaissances - Nueva Pescanova<\/title>\n<meta name=\"robots\" content=\"index, follow, max-snippet:-1, max-image-preview:large, max-video-preview:-1\" \/>\n<link rel=\"canonical\" href=\"https:\/\/www.nuevapescanova.com\/fr\/compromiso\/responsabilidad-social-corporativa-2\/reconnaissances\/\" \/>\n<meta property=\"og:locale\" content=\"fr_FR\" \/>\n<meta property=\"og:type\" content=\"article\" \/>\n<meta property=\"og:title\" content=\"Reconnaissances - Nueva Pescanova\" \/>\n<meta property=\"og:description\" content=\"[vc_row css=\u00a0\u00bb.vc_custom_1516629082762{margin-bottom: 30px !important;padding-bottom: 0px !important;background-color: #ffffff !important;}\u00a0\u00bb][vc_column][vc_column_text el_class=\u00a0\u00bbtitulo\u00a0\u00bb css=\u00a0\u00bb.vc_custom_1675187724196{margin-top: 0px !important;padding-top: 0px !important;}\u00a0\u00bb] Reconnaissances [\/vc_column_text][vc_row_inner el_class=\u00a0\u00bbsombra\u00a0\u00bb css=\u00a0\u00bb.vc_custom_1516627142348{margin-top: 0px !important;margin-bottom: 0px !important;padding-top: 0px !important;padding-bottom: 0px !important;}\u00a0\u00bb][vc_column_inner [\u2026]\" \/>\n<meta property=\"og:url\" content=\"https:\/\/www.nuevapescanova.com\/fr\/compromiso\/responsabilidad-social-corporativa-2\/reconnaissances\/\" \/>\n<meta property=\"og:site_name\" content=\"Nueva Pescanova\" \/>\n<meta property=\"article:modified_time\" content=\"2025-10-22T11:07:03+00:00\" \/>\n<meta property=\"og:image\" content=\"https:\/\/www.nuevapescanova.com\/nuevapescanova\/wp-content\/uploads\/2024\/11\/Reconocimientos-EN-3024x1393.png\" \/>\n\t<meta property=\"og:image:width\" content=\"3024\" \/>\n\t<meta property=\"og:image:height\" content=\"1393\" \/>\n\t<meta property=\"og:image:type\" content=\"image\/png\" \/>\n<meta name=\"twitter:card\" content=\"summary_large_image\" \/>\n<meta name=\"twitter:site\" content=\"@PescanovaCorp\" \/>\n<meta name=\"twitter:label1\" content=\"Dur\u00e9e de lecture estim\u00e9e\" \/>\n\t<meta name=\"twitter:data1\" content=\"3 minutes\" \/>\n<script type=\"application\/ld+json\" class=\"yoast-schema-graph\">{\"@context\":\"https:\/\/schema.org\",\"@graph\":[{\"@type\":\"WebPage\",\"@id\":\"https:\/\/www.nuevapescanova.com\/fr\/compromiso\/responsabilidad-social-corporativa-2\/reconnaissances\/\",\"url\":\"https:\/\/www.nuevapescanova.com\/fr\/compromiso\/responsabilidad-social-corporativa-2\/reconnaissances\/\",\"name\":\"Reconnaissances - Nueva Pescanova\",\"isPartOf\":{\"@id\":\"https:\/\/www.nuevapescanova.com\/#website\"},\"primaryImageOfPage\":{\"@id\":\"https:\/\/www.nuevapescanova.com\/fr\/compromiso\/responsabilidad-social-corporativa-2\/reconnaissances\/#primaryimage\"},\"image\":{\"@id\":\"https:\/\/www.nuevapescanova.com\/fr\/compromiso\/responsabilidad-social-corporativa-2\/reconnaissances\/#primaryimage\"},\"thumbnailUrl\":\"https:\/\/www.nuevapescanova.com\/nuevapescanova\/wp-content\/uploads\/2024\/11\/Reconocimientos-EN.png\",\"datePublished\":\"2023-01-31T17:58:11+00:00\",\"dateModified\":\"2025-10-22T11:07:03+00:00\",\"breadcrumb\":{\"@id\":\"https:\/\/www.nuevapescanova.com\/fr\/compromiso\/responsabilidad-social-corporativa-2\/reconnaissances\/#breadcrumb\"},\"inLanguage\":\"fr-FR\",\"potentialAction\":[{\"@type\":\"ReadAction\",\"target\":[\"https:\/\/www.nuevapescanova.com\/fr\/compromiso\/responsabilidad-social-corporativa-2\/reconnaissances\/\"]}]},{\"@type\":\"ImageObject\",\"inLanguage\":\"fr-FR\",\"@id\":\"https:\/\/www.nuevapescanova.com\/fr\/compromiso\/responsabilidad-social-corporativa-2\/reconnaissances\/#primaryimage\",\"url\":\"https:\/\/www.nuevapescanova.com\/nuevapescanova\/wp-content\/uploads\/2024\/11\/Reconocimientos-EN.png\",\"contentUrl\":\"https:\/\/www.nuevapescanova.com\/nuevapescanova\/wp-content\/uploads\/2024\/11\/Reconocimientos-EN.png\"},{\"@type\":\"BreadcrumbList\",\"@id\":\"https:\/\/www.nuevapescanova.com\/fr\/compromiso\/responsabilidad-social-corporativa-2\/reconnaissances\/#breadcrumb\",\"itemListElement\":[{\"@type\":\"ListItem\",\"position\":1,\"name\":\"Portada\",\"item\":\"https:\/\/www.nuevapescanova.com\/fr\/\"},{\"@type\":\"ListItem\",\"position\":2,\"name\":\"Compromiso\",\"item\":\"https:\/\/www.nuevapescanova.com\/fr\/compromiso\/\"},{\"@type\":\"ListItem\",\"position\":3,\"name\":\"Responsabilit\u00e9 sociale d\u2019entreprise\",\"item\":\"https:\/\/www.nuevapescanova.com\/fr\/compromiso\/responsabilidad-social-corporativa-2\/\"},{\"@type\":\"ListItem\",\"position\":4,\"name\":\"Reconnaissances\"}]},{\"@type\":\"WebSite\",\"@id\":\"https:\/\/www.nuevapescanova.com\/#website\",\"url\":\"https:\/\/www.nuevapescanova.com\/\",\"name\":\"Nueva Pescanova\",\"description\":\"\",\"publisher\":{\"@id\":\"https:\/\/www.nuevapescanova.com\/#organization\"},\"potentialAction\":[{\"@type\":\"SearchAction\",\"target\":{\"@type\":\"EntryPoint\",\"urlTemplate\":\"https:\/\/www.nuevapescanova.com\/?s={search_term_string}\"},\"query-input\":{\"@type\":\"PropertyValueSpecification\",\"valueRequired\":true,\"valueName\":\"search_term_string\"}}],\"inLanguage\":\"fr-FR\"},{\"@type\":\"Organization\",\"@id\":\"https:\/\/www.nuevapescanova.com\/#organization\",\"name\":\"Nueva Pescanova\",\"url\":\"https:\/\/www.nuevapescanova.com\/\",\"logo\":{\"@type\":\"ImageObject\",\"inLanguage\":\"fr-FR\",\"@id\":\"https:\/\/www.nuevapescanova.com\/#\/schema\/logo\/image\/\",\"url\":\"https:\/\/www.nuevapescanova.com\/nuevapescanova\/wp-content\/uploads\/2023\/06\/Logo-Grupo-Nueva-Pescanova.jpg\",\"contentUrl\":\"https:\/\/www.nuevapescanova.com\/nuevapescanova\/wp-content\/uploads\/2023\/06\/Logo-Grupo-Nueva-Pescanova.jpg\",\"width\":800,\"height\":398,\"caption\":\"Nueva Pescanova\"},\"image\":{\"@id\":\"https:\/\/www.nuevapescanova.com\/#\/schema\/logo\/image\/\"},\"sameAs\":[\"https:\/\/x.com\/PescanovaCorp\",\"https:\/\/www.linkedin.com\/company\/nuevapescanova\/?originalSubdomain=es\"]}]}<\/script>\n<!-- \/ Yoast SEO plugin. -->","yoast_head_json":{"title":"Reconnaissances - Nueva Pescanova","robots":{"index":"index","follow":"follow","max-snippet":"max-snippet:-1","max-image-preview":"max-image-preview:large","max-video-preview":"max-video-preview:-1"},"canonical":"https:\/\/www.nuevapescanova.com\/fr\/compromiso\/responsabilidad-social-corporativa-2\/reconnaissances\/","og_locale":"fr_FR","og_type":"article","og_title":"Reconnaissances - Nueva Pescanova","og_description":"[vc_row css=\u00a0\u00bb.vc_custom_1516629082762{margin-bottom: 30px !important;padding-bottom: 0px !important;background-color: #ffffff !important;}\u00a0\u00bb][vc_column][vc_column_text el_class=\u00a0\u00bbtitulo\u00a0\u00bb css=\u00a0\u00bb.vc_custom_1675187724196{margin-top: 0px !important;padding-top: 0px !important;}\u00a0\u00bb] Reconnaissances [\/vc_column_text][vc_row_inner el_class=\u00a0\u00bbsombra\u00a0\u00bb css=\u00a0\u00bb.vc_custom_1516627142348{margin-top: 0px !important;margin-bottom: 0px !important;padding-top: 0px !important;padding-bottom: 0px !important;}\u00a0\u00bb][vc_column_inner [\u2026]","og_url":"https:\/\/www.nuevapescanova.com\/fr\/compromiso\/responsabilidad-social-corporativa-2\/reconnaissances\/","og_site_name":"Nueva Pescanova","article_modified_time":"2025-10-22T11:07:03+00:00","og_image":[{"width":3024,"height":1393,"url":"https:\/\/www.nuevapescanova.com\/nuevapescanova\/wp-content\/uploads\/2024\/11\/Reconocimientos-EN-3024x1393.png","type":"image\/png"}],"twitter_card":"summary_large_image","twitter_site":"@PescanovaCorp","twitter_misc":{"Dur\u00e9e de lecture estim\u00e9e":"3 minutes"},"schema":{"@context":"https:\/\/schema.org","@graph":[{"@type":"WebPage","@id":"https:\/\/www.nuevapescanova.com\/fr\/compromiso\/responsabilidad-social-corporativa-2\/reconnaissances\/","url":"https:\/\/www.nuevapescanova.com\/fr\/compromiso\/responsabilidad-social-corporativa-2\/reconnaissances\/","name":"Reconnaissances - Nueva Pescanova","isPartOf":{"@id":"https:\/\/www.nuevapescanova.com\/#website"},"primaryImageOfPage":{"@id":"https:\/\/www.nuevapescanova.com\/fr\/compromiso\/responsabilidad-social-corporativa-2\/reconnaissances\/#primaryimage"},"image":{"@id":"https:\/\/www.nuevapescanova.com\/fr\/compromiso\/responsabilidad-social-corporativa-2\/reconnaissances\/#primaryimage"},"thumbnailUrl":"https:\/\/www.nuevapescanova.com\/nuevapescanova\/wp-content\/uploads\/2024\/11\/Reconocimientos-EN.png","datePublished":"2023-01-31T17:58:11+00:00","dateModified":"2025-10-22T11:07:03+00:00","breadcrumb":{"@id":"https:\/\/www.nuevapescanova.com\/fr\/compromiso\/responsabilidad-social-corporativa-2\/reconnaissances\/#breadcrumb"},"inLanguage":"fr-FR","potentialAction":[{"@type":"ReadAction","target":["https:\/\/www.nuevapescanova.com\/fr\/compromiso\/responsabilidad-social-corporativa-2\/reconnaissances\/"]}]},{"@type":"ImageObject","inLanguage":"fr-FR","@id":"https:\/\/www.nuevapescanova.com\/fr\/compromiso\/responsabilidad-social-corporativa-2\/reconnaissances\/#primaryimage","url":"https:\/\/www.nuevapescanova.com\/nuevapescanova\/wp-content\/uploads\/2024\/11\/Reconocimientos-EN.png","contentUrl":"https:\/\/www.nuevapescanova.com\/nuevapescanova\/wp-content\/uploads\/2024\/11\/Reconocimientos-EN.png"},{"@type":"BreadcrumbList","@id":"https:\/\/www.nuevapescanova.com\/fr\/compromiso\/responsabilidad-social-corporativa-2\/reconnaissances\/#breadcrumb","itemListElement":[{"@type":"ListItem","position":1,"name":"Portada","item":"https:\/\/www.nuevapescanova.com\/fr\/"},{"@type":"ListItem","position":2,"name":"Compromiso","item":"https:\/\/www.nuevapescanova.com\/fr\/compromiso\/"},{"@type":"ListItem","position":3,"name":"Responsabilit\u00e9 sociale d\u2019entreprise","item":"https:\/\/www.nuevapescanova.com\/fr\/compromiso\/responsabilidad-social-corporativa-2\/"},{"@type":"ListItem","position":4,"name":"Reconnaissances"}]},{"@type":"WebSite","@id":"https:\/\/www.nuevapescanova.com\/#website","url":"https:\/\/www.nuevapescanova.com\/","name":"Nueva Pescanova","description":"","publisher":{"@id":"https:\/\/www.nuevapescanova.com\/#organization"},"potentialAction":[{"@type":"SearchAction","target":{"@type":"EntryPoint","urlTemplate":"https:\/\/www.nuevapescanova.com\/?s={search_term_string}"},"query-input":{"@type":"PropertyValueSpecification","valueRequired":true,"valueName":"search_term_string"}}],"inLanguage":"fr-FR"},{"@type":"Organization","@id":"https:\/\/www.nuevapescanova.com\/#organization","name":"Nueva Pescanova","url":"https:\/\/www.nuevapescanova.com\/","logo":{"@type":"ImageObject","inLanguage":"fr-FR","@id":"https:\/\/www.nuevapescanova.com\/#\/schema\/logo\/image\/","url":"https:\/\/www.nuevapescanova.com\/nuevapescanova\/wp-content\/uploads\/2023\/06\/Logo-Grupo-Nueva-Pescanova.jpg","contentUrl":"https:\/\/www.nuevapescanova.com\/nuevapescanova\/wp-content\/uploads\/2023\/06\/Logo-Grupo-Nueva-Pescanova.jpg","width":800,"height":398,"caption":"Nueva Pescanova"},"image":{"@id":"https:\/\/www.nuevapescanova.com\/#\/schema\/logo\/image\/"},"sameAs":["https:\/\/x.com\/PescanovaCorp","https:\/\/www.linkedin.com\/company\/nuevapescanova\/?originalSubdomain=es"]}]}},"_links":{"self":[{"href":"https:\/\/www.nuevapescanova.com\/fr\/wp-json\/wp\/v2\/pages\/30417","targetHints":{"allow":["GET"]}}],"collection":[{"href":"https:\/\/www.nuevapescanova.com\/fr\/wp-json\/wp\/v2\/pages"}],"about":[{"href":"https:\/\/www.nuevapescanova.com\/fr\/wp-json\/wp\/v2\/types\/page"}],"author":[{"embeddable":true,"href":"https:\/\/www.nuevapescanova.com\/fr\/wp-json\/wp\/v2\/users\/3"}],"replies":[{"embeddable":true,"href":"https:\/\/www.nuevapescanova.com\/fr\/wp-json\/wp\/v2\/comments?post=30417"}],"version-history":[{"count":12,"href":"https:\/\/www.nuevapescanova.com\/fr\/wp-json\/wp\/v2\/pages\/30417\/revisions"}],"predecessor-version":[{"id":46813,"href":"https:\/\/www.nuevapescanova.com\/fr\/wp-json\/wp\/v2\/pages\/30417\/revisions\/46813"}],"up":[{"embeddable":true,"href":"https:\/\/www.nuevapescanova.com\/fr\/wp-json\/wp\/v2\/pages\/2739"}],"wp:attachment":[{"href":"https:\/\/www.nuevapescanova.com\/fr\/wp-json\/wp\/v2\/media?parent=30417"}],"curies":[{"name":"wp","href":"https:\/\/api.w.org\/{rel}","templated":true}]}}