{"id":3065,"date":"2017-12-26T19:30:33","date_gmt":"2017-12-26T19:30:33","guid":{"rendered":"http:\/\/demo.nuevapescanova.com\/politica-de-cookies\/"},"modified":"2020-10-15T18:19:35","modified_gmt":"2020-10-15T18:19:35","slug":"politique-de-cookies","status":"publish","type":"page","link":"https:\/\/www.nuevapescanova.com\/fr\/politique-de-cookies\/","title":{"rendered":"Politique de cookies"},"content":{"rendered":"<section class=\"wpb-content-wrapper\"><p>[vc_row css=\u00a0\u00bb.vc_custom_1516351154553{margin-top: 75px !important;margin-bottom: 0px !important;}\u00a0\u00bb][vc_column][vc_column_text css=\u00a0\u00bb.vc_custom_1516350938183{margin-bottom: 0px !important;padding-bottom: 0px !important;}\u00a0\u00bb]<span class=\"destacado\">Politique de cookies<\/span>[\/vc_column_text][vc_row_inner css=\u00a0\u00bb.vc_custom_1516351186038{margin-top: 8px !important;margin-right: 0px !important;margin-bottom: 0px !important;margin-left: 0px !important;padding-top: 0px !important;padding-right: 0px !important;padding-bottom: 0px !important;padding-left: 0px !important;background-color: #ffffff !important;}\u00a0\u00bb el_class=\u00a0\u00bbsombra\u00a0\u00bb][vc_column_inner][vc_column_text css=\u00a0\u00bb.vc_custom_1602785971956{margin-bottom: 0px !important;padding-bottom: 0px !important;}\u00a0\u00bb]Un cookie est un fichier qui est t\u00e9l\u00e9charg\u00e9 dans le dispositif de l\u2019utilisateur lorsqu\u2019il acc\u00e8de \u00e0 certaines pages web pour stocker et r\u00e9cup\u00e9rer des informations sur la navigation effectu\u00e9e depuis ce dispositif.<\/p>\n<p>Le pr\u00e9sent site utilise les cookies d\u00e9crits ci-apr\u00e8s\u00a0:<\/p>\n<p>Ce site web utilise les\u00a0<strong>cookies propres\u00a0<\/strong>d\u00e9taill\u00e9s ci-dessous\u00a0:<\/p>\n<ul>\n<li>Cookies de s\u00e9ance, pour garantir que les utilisateurs qui \u00e9crivent des commentaires sur le blog son des personnes humaines et non des applications. Nous luttons ainsi contre le\u00a0<em>spam<\/em>.<\/li>\n<\/ul>\n<p>Ce site web utilise les\u00a0<strong>cookies de tiers\u00a0<\/strong>d\u00e9taill\u00e9s ci-dessous\u00a0:<\/p>\n<ul>\n<li>Google Analytics\u00a0: Il stock des cookies pour pouvoir r\u00e9aliser de statistiques sur le trafic et le volume de visite de ce site web. En utilisant ce site, vous permettez le traitement de vos informations par Google. Dans ce sens, l\u2019exercice de n\u2019importe quel droit devra \u00eatre dirig\u00e9 directement \u00e0 Google.<\/li>\n<li>R\u00e9seaux sociaux\u00a0: Chaque r\u00e9seau social utilise ses propres cookies pour que vous puissiez cliquer sur des boutons comme\u00a0<em>J\u2019aime<\/em>ou\u00a0<em>Partager<\/em>.<\/li>\n<\/ul>\n<p>Vous pouvez d\u00e9sactiver l&rsquo;utilisation des cookies ou modifier vos param\u00e8tres ici :\u00a0 <a id=\"wt-cli-settings-btn\" tabindex=\"0\" role='button' style=\"display:inline-block; background:#000; border-radius:2px; text-align:center; font-size:12px; padding:5px 8px; margin-left:10px; border:solid 0px #fff; margin-top:15px; line-height:20px;\" class=\"wt-cli-element medium cli-plugin-button cli-plugin-main-button cli_settings_button\" >D\u00e9finir les cookies<\/a>[\/vc_column_text][\/vc_column_inner][\/vc_row_inner][vc_empty_space height=\u00a0\u00bb60px\u00a0\u00bb][\/vc_column][\/vc_row]<\/p>\n<\/section>","protected":false},"excerpt":{"rendered":"<p>[vc_row css=\u00a0\u00bb.vc_custom_1516351154553{margin-top: 75px !important;margin-bottom: 0px !important;}\u00a0\u00bb][vc_column][vc_column_text css=\u00a0\u00bb.vc_custom_1516350938183{margin-bottom: 0px !important;padding-bottom: 0px !important;}\u00a0\u00bb]Politique de cookies[\/vc_column_text][vc_row_inner css=\u00a0\u00bb.vc_custom_1516351186038{margin-top: 8px !important;margin-right: 0px !important;margin-bottom: 0px !important;margin-left: 0px !important;padding-top: 0px !important;padding-right: 0px !important;padding-bottom:<span class=\"excerpt-hellip\"> [\u2026]<\/span><\/p>\n","protected":false},"author":3,"featured_media":0,"parent":0,"menu_order":0,"comment_status":"closed","ping_status":"closed","template":"","meta":{"_acf_changed":false,"footnotes":""},"class_list":["post-3065","page","type-page","status-publish","hentry"],"acf":[],"yoast_head":"<!-- This site is optimized with the Yoast SEO plugin v25.9 - https:\/\/yoast.com\/wordpress\/plugins\/seo\/ -->\n<title>Politique de cookies - Nueva Pescanova<\/title>\n<meta name=\"robots\" content=\"index, follow, max-snippet:-1, max-image-preview:large, max-video-preview:-1\" \/>\n<link rel=\"canonical\" href=\"https:\/\/www.nuevapescanova.com\/fr\/politique-de-cookies\/\" \/>\n<meta property=\"og:locale\" content=\"fr_FR\" \/>\n<meta property=\"og:type\" content=\"article\" \/>\n<meta property=\"og:title\" content=\"Politique de cookies - Nueva Pescanova\" \/>\n<meta property=\"og:description\" content=\"[vc_row css=\u00a0\u00bb.vc_custom_1516351154553{margin-top: 75px !important;margin-bottom: 0px !important;}\u00a0\u00bb][vc_column][vc_column_text css=\u00a0\u00bb.vc_custom_1516350938183{margin-bottom: 0px !important;padding-bottom: 0px !important;}\u00a0\u00bb]Politique de cookies[\/vc_column_text][vc_row_inner css=\u00a0\u00bb.vc_custom_1516351186038{margin-top: 8px !important;margin-right: 0px !important;margin-bottom: 0px !important;margin-left: 0px !important;padding-top: 0px !important;padding-right: 0px !important;padding-bottom: [\u2026]\" \/>\n<meta property=\"og:url\" content=\"https:\/\/www.nuevapescanova.com\/fr\/politique-de-cookies\/\" \/>\n<meta property=\"og:site_name\" content=\"Nueva Pescanova\" \/>\n<meta property=\"article:modified_time\" content=\"2020-10-15T18:19:35+00:00\" \/>\n<meta name=\"twitter:card\" content=\"summary_large_image\" \/>\n<meta name=\"twitter:site\" content=\"@PescanovaCorp\" \/>\n<meta name=\"twitter:label1\" content=\"Dur\u00e9e de lecture estim\u00e9e\" \/>\n\t<meta name=\"twitter:data1\" content=\"1 minute\" \/>\n<script type=\"application\/ld+json\" class=\"yoast-schema-graph\">{\"@context\":\"https:\/\/schema.org\",\"@graph\":[{\"@type\":\"WebPage\",\"@id\":\"https:\/\/www.nuevapescanova.com\/fr\/politique-de-cookies\/\",\"url\":\"https:\/\/www.nuevapescanova.com\/fr\/politique-de-cookies\/\",\"name\":\"Politique de cookies - Nueva Pescanova\",\"isPartOf\":{\"@id\":\"https:\/\/www.nuevapescanova.com\/#website\"},\"datePublished\":\"2017-12-26T19:30:33+00:00\",\"dateModified\":\"2020-10-15T18:19:35+00:00\",\"breadcrumb\":{\"@id\":\"https:\/\/www.nuevapescanova.com\/fr\/politique-de-cookies\/#breadcrumb\"},\"inLanguage\":\"fr-FR\",\"potentialAction\":[{\"@type\":\"ReadAction\",\"target\":[\"https:\/\/www.nuevapescanova.com\/fr\/politique-de-cookies\/\"]}]},{\"@type\":\"BreadcrumbList\",\"@id\":\"https:\/\/www.nuevapescanova.com\/fr\/politique-de-cookies\/#breadcrumb\",\"itemListElement\":[{\"@type\":\"ListItem\",\"position\":1,\"name\":\"Portada\",\"item\":\"https:\/\/www.nuevapescanova.com\/fr\/\"},{\"@type\":\"ListItem\",\"position\":2,\"name\":\"Politique de cookies\"}]},{\"@type\":\"WebSite\",\"@id\":\"https:\/\/www.nuevapescanova.com\/#website\",\"url\":\"https:\/\/www.nuevapescanova.com\/\",\"name\":\"Nueva Pescanova\",\"description\":\"\",\"publisher\":{\"@id\":\"https:\/\/www.nuevapescanova.com\/#organization\"},\"potentialAction\":[{\"@type\":\"SearchAction\",\"target\":{\"@type\":\"EntryPoint\",\"urlTemplate\":\"https:\/\/www.nuevapescanova.com\/?s={search_term_string}\"},\"query-input\":{\"@type\":\"PropertyValueSpecification\",\"valueRequired\":true,\"valueName\":\"search_term_string\"}}],\"inLanguage\":\"fr-FR\"},{\"@type\":\"Organization\",\"@id\":\"https:\/\/www.nuevapescanova.com\/#organization\",\"name\":\"Nueva Pescanova\",\"url\":\"https:\/\/www.nuevapescanova.com\/\",\"logo\":{\"@type\":\"ImageObject\",\"inLanguage\":\"fr-FR\",\"@id\":\"https:\/\/www.nuevapescanova.com\/#\/schema\/logo\/image\/\",\"url\":\"https:\/\/www.nuevapescanova.com\/nuevapescanova\/wp-content\/uploads\/2023\/06\/Logo-Grupo-Nueva-Pescanova.jpg\",\"contentUrl\":\"https:\/\/www.nuevapescanova.com\/nuevapescanova\/wp-content\/uploads\/2023\/06\/Logo-Grupo-Nueva-Pescanova.jpg\",\"width\":800,\"height\":398,\"caption\":\"Nueva Pescanova\"},\"image\":{\"@id\":\"https:\/\/www.nuevapescanova.com\/#\/schema\/logo\/image\/\"},\"sameAs\":[\"https:\/\/x.com\/PescanovaCorp\",\"https:\/\/www.linkedin.com\/company\/nuevapescanova\/?originalSubdomain=es\"]}]}<\/script>\n<!-- \/ Yoast SEO plugin. -->","yoast_head_json":{"title":"Politique de cookies - Nueva Pescanova","robots":{"index":"index","follow":"follow","max-snippet":"max-snippet:-1","max-image-preview":"max-image-preview:large","max-video-preview":"max-video-preview:-1"},"canonical":"https:\/\/www.nuevapescanova.com\/fr\/politique-de-cookies\/","og_locale":"fr_FR","og_type":"article","og_title":"Politique de cookies - Nueva Pescanova","og_description":"[vc_row css=\u00a0\u00bb.vc_custom_1516351154553{margin-top: 75px !important;margin-bottom: 0px !important;}\u00a0\u00bb][vc_column][vc_column_text css=\u00a0\u00bb.vc_custom_1516350938183{margin-bottom: 0px !important;padding-bottom: 0px !important;}\u00a0\u00bb]Politique de cookies[\/vc_column_text][vc_row_inner css=\u00a0\u00bb.vc_custom_1516351186038{margin-top: 8px !important;margin-right: 0px !important;margin-bottom: 0px !important;margin-left: 0px !important;padding-top: 0px !important;padding-right: 0px !important;padding-bottom: [\u2026]","og_url":"https:\/\/www.nuevapescanova.com\/fr\/politique-de-cookies\/","og_site_name":"Nueva Pescanova","article_modified_time":"2020-10-15T18:19:35+00:00","twitter_card":"summary_large_image","twitter_site":"@PescanovaCorp","twitter_misc":{"Dur\u00e9e de lecture estim\u00e9e":"1 minute"},"schema":{"@context":"https:\/\/schema.org","@graph":[{"@type":"WebPage","@id":"https:\/\/www.nuevapescanova.com\/fr\/politique-de-cookies\/","url":"https:\/\/www.nuevapescanova.com\/fr\/politique-de-cookies\/","name":"Politique de cookies - Nueva Pescanova","isPartOf":{"@id":"https:\/\/www.nuevapescanova.com\/#website"},"datePublished":"2017-12-26T19:30:33+00:00","dateModified":"2020-10-15T18:19:35+00:00","breadcrumb":{"@id":"https:\/\/www.nuevapescanova.com\/fr\/politique-de-cookies\/#breadcrumb"},"inLanguage":"fr-FR","potentialAction":[{"@type":"ReadAction","target":["https:\/\/www.nuevapescanova.com\/fr\/politique-de-cookies\/"]}]},{"@type":"BreadcrumbList","@id":"https:\/\/www.nuevapescanova.com\/fr\/politique-de-cookies\/#breadcrumb","itemListElement":[{"@type":"ListItem","position":1,"name":"Portada","item":"https:\/\/www.nuevapescanova.com\/fr\/"},{"@type":"ListItem","position":2,"name":"Politique de cookies"}]},{"@type":"WebSite","@id":"https:\/\/www.nuevapescanova.com\/#website","url":"https:\/\/www.nuevapescanova.com\/","name":"Nueva Pescanova","description":"","publisher":{"@id":"https:\/\/www.nuevapescanova.com\/#organization"},"potentialAction":[{"@type":"SearchAction","target":{"@type":"EntryPoint","urlTemplate":"https:\/\/www.nuevapescanova.com\/?s={search_term_string}"},"query-input":{"@type":"PropertyValueSpecification","valueRequired":true,"valueName":"search_term_string"}}],"inLanguage":"fr-FR"},{"@type":"Organization","@id":"https:\/\/www.nuevapescanova.com\/#organization","name":"Nueva Pescanova","url":"https:\/\/www.nuevapescanova.com\/","logo":{"@type":"ImageObject","inLanguage":"fr-FR","@id":"https:\/\/www.nuevapescanova.com\/#\/schema\/logo\/image\/","url":"https:\/\/www.nuevapescanova.com\/nuevapescanova\/wp-content\/uploads\/2023\/06\/Logo-Grupo-Nueva-Pescanova.jpg","contentUrl":"https:\/\/www.nuevapescanova.com\/nuevapescanova\/wp-content\/uploads\/2023\/06\/Logo-Grupo-Nueva-Pescanova.jpg","width":800,"height":398,"caption":"Nueva Pescanova"},"image":{"@id":"https:\/\/www.nuevapescanova.com\/#\/schema\/logo\/image\/"},"sameAs":["https:\/\/x.com\/PescanovaCorp","https:\/\/www.linkedin.com\/company\/nuevapescanova\/?originalSubdomain=es"]}]}},"_links":{"self":[{"href":"https:\/\/www.nuevapescanova.com\/fr\/wp-json\/wp\/v2\/pages\/3065","targetHints":{"allow":["GET"]}}],"collection":[{"href":"https:\/\/www.nuevapescanova.com\/fr\/wp-json\/wp\/v2\/pages"}],"about":[{"href":"https:\/\/www.nuevapescanova.com\/fr\/wp-json\/wp\/v2\/types\/page"}],"author":[{"embeddable":true,"href":"https:\/\/www.nuevapescanova.com\/fr\/wp-json\/wp\/v2\/users\/3"}],"replies":[{"embeddable":true,"href":"https:\/\/www.nuevapescanova.com\/fr\/wp-json\/wp\/v2\/comments?post=3065"}],"version-history":[{"count":1,"href":"https:\/\/www.nuevapescanova.com\/fr\/wp-json\/wp\/v2\/pages\/3065\/revisions"}],"predecessor-version":[{"id":16303,"href":"https:\/\/www.nuevapescanova.com\/fr\/wp-json\/wp\/v2\/pages\/3065\/revisions\/16303"}],"wp:attachment":[{"href":"https:\/\/www.nuevapescanova.com\/fr\/wp-json\/wp\/v2\/media?parent=3065"}],"curies":[{"name":"wp","href":"https:\/\/api.w.org\/{rel}","templated":true}]}}