{"id":30786,"date":"2023-02-08T12:28:40","date_gmt":"2023-02-08T12:28:40","guid":{"rendered":"https:\/\/www.nuevapescanova.com\/?page_id=30786"},"modified":"2025-10-22T11:09:14","modified_gmt":"2025-10-22T11:09:14","slug":"programmecompensation-environnementale","status":"publish","type":"page","link":"https:\/\/www.nuevapescanova.com\/fr\/compromiso\/responsabilidad-social-corporativa-2\/programmecompensation-environnementale\/","title":{"rendered":"Programme de Compensation Environnementale"},"content":{"rendered":"<section class=\"wpb-content-wrapper\"><p>[vc_row css=\u00a0\u00bb.vc_custom_1516629082762{margin-bottom: 30px !important;padding-bottom: 0px !important;background-color: #ffffff !important;}\u00a0\u00bb][vc_column][vc_column_text el_class=\u00a0\u00bbtitulo\u00a0\u00bb css=\u00a0\u00bb.vc_custom_1675859254022{margin-top: 0px !important;padding-top: 0px !important;}\u00a0\u00bb]<strong>Programme de Compensation Environnementale<\/strong>[\/vc_column_text][vc_row_inner css=\u00a0\u00bb.vc_custom_1622136509029{margin-bottom: 0px !important;}\u00a0\u00bb][vc_column_inner][vc_column_text]Il existe de nombreux exemples de la mani\u00e8re dont les activit\u00e9s humaines b\u00e9n\u00e9ficient des biens et services offerts par le capital naturel.<\/p>\n<p>Nous consid\u00e9rons qu&rsquo;il est crucial de conserver la disponibilit\u00e9 des ressources naturelles, la diversit\u00e9 biologique et l&rsquo;approvisionnement en services \u00e9cosyst\u00e9miques (par exemple, la production d&rsquo;aliments, de fibres et d&rsquo;eau), la r\u00e9gulation (par exemple, le climat, les maladies et les risques naturels), le soutien (par exemple, le cycle des nutriments et la pollinisation des cultures) et culturelles (par exemple, les valeurs spirituelles, esth\u00e9tiques et r\u00e9cr\u00e9atives), pour assurer la production et la r\u00e9g\u00e9n\u00e9ration des avantages dont nous d\u00e9pendons tous.<\/p>\n<p>On distingue la compensation des impacts g\u00e9n\u00e9r\u00e9s par l&rsquo;\u00e9puisement des ressources naturelles et l&rsquo;\u00e9mission de polluants et la compensation de la perte potentielle de biodiversit\u00e9 r\u00e9sultant des activit\u00e9s humaines. Nous nous concentrons sur la restauration des habitats et des populations d&rsquo;esp\u00e8ces susceptibles d&rsquo;\u00eatre n\u00e9gativement affect\u00e9es par nos activit\u00e9s ou notre pr\u00e9sence et sur la contribution \u00e0 la restauration des fonctions \u00e9cologiques. Pour cela, nous nous engageons \u00e0 mettre en place des mesures de compensation capables de sauvegarder la capacit\u00e9 productive et r\u00e9g\u00e9n\u00e9ratrice des \u00e9cosyst\u00e8mes naturels et d&rsquo;assurer les services associ\u00e9s, ou de reconstituer des ressources similaires \u00e0 celles affect\u00e9es.<\/p>\n<p>Conform\u00e9ment \u00e0 ces mesures et inspir\u00e9s par les principes int\u00e9gr\u00e9s dans nos politiques de <a href=\"http:\/\/www.nuevapescanova.com\/nuevapescanova\/wp-content\/uploads\/2019\/06\/P-POLITIQUE-CORPORATIF-DE-RESPO-NSABILIT%C3%89-SOCIALE-CORPORATIVE-DU-GROUPE-NUEVA-PESCANOVA-Conseil-dadministration-27-mars-2019.pdf\" target=\"_blank\" rel=\"noopener\">Responsabilit\u00e9 sociale d&rsquo;entreprise<\/a> et de <a href=\"https:\/\/www.nuevapescanova.com\/nuevapescanova\/wp-content\/uploads\/2022\/03\/P-PE_DURABILITE_GROUPE-NUEVA-PESCANOVA-v2_04_2021_FR.pdf\" target=\"_blank\" rel=\"noopener\">Durabilit\u00e9<\/a>, nous avons \u00e9tabli le <a href=\"https:\/\/www.nuevapescanova.com\/nuevapescanova\/wp-content\/uploads\/2025\/10\/GNPVA-Environmental-Compensation-Programme-EN.pdf\" target=\"_blank\" rel=\"noopener\"><strong><u>Programme de compensation environnementale du Groupe Nueva Pescanova<\/u><\/strong><\/a>.[\/vc_column_text][\/vc_column_inner][\/vc_row_inner][vc_row_inner css=\u00a0\u00bb.vc_custom_1622127434824{margin-top: 0px !important;margin-bottom: 0px !important;padding-top: 0px !important;padding-bottom: 0px !important;}\u00a0\u00bb el_class=\u00a0\u00bbsombra\u00a0\u00bb][vc_column_inner css=\u00a0\u00bb.vc_custom_1516627862820{margin-bottom: 0px !important;padding-bottom: 0px !important;}\u00a0\u00bb][\/vc_column_inner][\/vc_row_inner][\/vc_column][\/vc_row][vc_row css=\u00a0\u00bb.vc_custom_1516984479619{margin-top: 30px !important;padding-bottom: 0px !important;background-color: #ffffff !important;}\u00a0\u00bb][vc_column css=\u00a0\u00bb.vc_custom_1516619741069{margin-bottom: 0px !important;}\u00a0\u00bb][vc_row_inner el_class=\u00a0\u00bbsombra\u00a0\u00bb css=\u00a0\u00bb.vc_custom_1516620347065{margin-top: 0px !important;margin-bottom: 0px !important;padding-top: 0px !important;padding-bottom: 0px !important;}\u00a0\u00bb][vc_column_inner width=\u00a0\u00bb1\/4&Prime; css=\u00a0\u00bb.vc_custom_1516620281776{margin-bottom: 0px !important;padding-bottom: 0px !important;}\u00a0\u00bb]<div class=\"hover_box\"><a href=\"https:\/\/www.nuevapescanova.com\/fr\/compromiso\/responsabilidad-social-corporativa-2\/nuestro-compromiso-con-el-planeta\/\" ><div class=\"hover_box_wrapper\"><img loading=\"lazy\" decoding=\"async\" class=\"scale-with-grid visible_photo\" src=\"https:\/\/www.nuevapescanova.com\/nuevapescanova\/wp-content\/uploads\/2018\/02\/planete.jpg\" alt=\"planete\" width=\"270\" height=\"240\"\/><img loading=\"lazy\" decoding=\"async\" class=\"scale-with-grid hidden_photo\" src=\"https:\/\/www.nuevapescanova.com\/nuevapescanova\/wp-content\/uploads\/2018\/02\/planete1.jpg\" alt=\"planete1\" width=\"270\" height=\"240\"\/><\/div><\/a><\/div>\n[\/vc_column_inner][vc_column_inner width=\u00a0\u00bb1\/4&Prime; css=\u00a0\u00bb.vc_custom_1516620292200{margin-bottom: 0px !important;padding-bottom: 0px !important;}\u00a0\u00bb]<div class=\"hover_box\"><a href=\"https:\/\/www.nuevapescanova.com\/fr\/compromiso\/responsabilidad-social-corporativa-2\/el-compromiso-con-nuestras-personas\/\" ><div class=\"hover_box_wrapper\"><img loading=\"lazy\" decoding=\"async\" class=\"scale-with-grid visible_photo\" src=\"https:\/\/www.nuevapescanova.com\/nuevapescanova\/wp-content\/uploads\/2018\/02\/personnes.jpg\" alt=\"personnes\" width=\"270\" height=\"240\"\/><img loading=\"lazy\" decoding=\"async\" class=\"scale-with-grid hidden_photo\" src=\"https:\/\/www.nuevapescanova.com\/nuevapescanova\/wp-content\/uploads\/2018\/02\/personnes1.jpg\" alt=\"personnes1\" width=\"270\" height=\"240\"\/><\/div><\/a><\/div>\n[\/vc_column_inner][vc_column_inner width=\u00a0\u00bb1\/4&Prime; css=\u00a0\u00bb.vc_custom_1516620287216{margin-bottom: 0px !important;padding-bottom: 0px !important;}\u00a0\u00bb]<div class=\"hover_box\"><a href=\"https:\/\/www.nuevapescanova.com\/fr\/compromiso\/responsabilidad-social-corporativa-2\/el-compromiso-con-nuestro-producto\/\" ><div class=\"hover_box_wrapper\"><img loading=\"lazy\" decoding=\"async\" class=\"scale-with-grid visible_photo\" src=\"https:\/\/www.nuevapescanova.com\/nuevapescanova\/wp-content\/uploads\/2018\/02\/produit.jpg\" alt=\"produit\" width=\"270\" height=\"240\"\/><img loading=\"lazy\" decoding=\"async\" class=\"scale-with-grid hidden_photo\" src=\"https:\/\/www.nuevapescanova.com\/nuevapescanova\/wp-content\/uploads\/2018\/02\/produit1.jpg\" alt=\"produit1\" width=\"270\" height=\"240\"\/><\/div><\/a><\/div>\n[\/vc_column_inner][vc_column_inner width=\u00a0\u00bb1\/4&Prime; css=\u00a0\u00bb.vc_custom_1516620299548{margin-bottom: 0px !important;padding-bottom: 0px !important;}\u00a0\u00bb]<div class=\"hover_box\"><a href=\"https:\/\/www.nuevapescanova.com\/fr\/compromiso\/responsabilidad-social-corporativa-2\/el-compromiso-con-las-comunidades\/\" ><div class=\"hover_box_wrapper\"><img loading=\"lazy\" decoding=\"async\" class=\"scale-with-grid visible_photo\" src=\"https:\/\/www.nuevapescanova.com\/nuevapescanova\/wp-content\/uploads\/2018\/02\/communautes.jpg\" alt=\"communautes\" width=\"270\" height=\"240\"\/><img loading=\"lazy\" decoding=\"async\" class=\"scale-with-grid hidden_photo\" src=\"https:\/\/www.nuevapescanova.com\/nuevapescanova\/wp-content\/uploads\/2018\/02\/communautes1.jpg\" alt=\"communautes1\" width=\"270\" height=\"240\"\/><\/div><\/a><\/div>\n[\/vc_column_inner][\/vc_row_inner][\/vc_column][\/vc_row][vc_row][vc_column][vc_empty_space height=\u00a0\u00bb60px\u00a0\u00bb][\/vc_column][\/vc_row]<\/p>\n<\/section>","protected":false},"excerpt":{"rendered":"<p>[vc_row css=\u00a0\u00bb.vc_custom_1516629082762{margin-bottom: 30px !important;padding-bottom: 0px !important;background-color: #ffffff !important;}\u00a0\u00bb][vc_column][vc_column_text el_class=\u00a0\u00bbtitulo\u00a0\u00bb css=\u00a0\u00bb.vc_custom_1675859254022{margin-top: 0px !important;padding-top: 0px !important;}\u00a0\u00bb]Programme de Compensation Environnementale[\/vc_column_text][vc_row_inner css=\u00a0\u00bb.vc_custom_1622136509029{margin-bottom: 0px !important;}\u00a0\u00bb][vc_column_inner][vc_column_text]Il existe de nombreux exemples de la<span class=\"excerpt-hellip\"> [\u2026]<\/span><\/p>\n","protected":false},"author":3,"featured_media":0,"parent":2739,"menu_order":0,"comment_status":"closed","ping_status":"closed","template":"","meta":{"_acf_changed":false,"footnotes":""},"class_list":["post-30786","page","type-page","status-publish","hentry"],"acf":[],"yoast_head":"<!-- This site is optimized with the Yoast SEO plugin v25.9 - https:\/\/yoast.com\/wordpress\/plugins\/seo\/ -->\n<title>Programme de Compensation Environnementale - Nueva Pescanova<\/title>\n<meta name=\"robots\" content=\"index, follow, max-snippet:-1, max-image-preview:large, max-video-preview:-1\" \/>\n<link rel=\"canonical\" href=\"https:\/\/www.nuevapescanova.com\/fr\/compromiso\/responsabilidad-social-corporativa-2\/programmecompensation-environnementale\/\" \/>\n<meta property=\"og:locale\" content=\"fr_FR\" \/>\n<meta property=\"og:type\" content=\"article\" \/>\n<meta property=\"og:title\" content=\"Programme de Compensation Environnementale - Nueva Pescanova\" \/>\n<meta property=\"og:description\" content=\"[vc_row css=\u00a0\u00bb.vc_custom_1516629082762{margin-bottom: 30px !important;padding-bottom: 0px !important;background-color: #ffffff !important;}\u00a0\u00bb][vc_column][vc_column_text el_class=\u00a0\u00bbtitulo\u00a0\u00bb css=\u00a0\u00bb.vc_custom_1675859254022{margin-top: 0px !important;padding-top: 0px !important;}\u00a0\u00bb]Programme de Compensation Environnementale[\/vc_column_text][vc_row_inner css=\u00a0\u00bb.vc_custom_1622136509029{margin-bottom: 0px !important;}\u00a0\u00bb][vc_column_inner][vc_column_text]Il existe de nombreux exemples de la [\u2026]\" \/>\n<meta property=\"og:url\" content=\"https:\/\/www.nuevapescanova.com\/fr\/compromiso\/responsabilidad-social-corporativa-2\/programmecompensation-environnementale\/\" \/>\n<meta property=\"og:site_name\" content=\"Nueva Pescanova\" \/>\n<meta property=\"article:modified_time\" content=\"2025-10-22T11:09:14+00:00\" \/>\n<meta name=\"twitter:card\" content=\"summary_large_image\" \/>\n<meta name=\"twitter:site\" content=\"@PescanovaCorp\" \/>\n<meta name=\"twitter:label1\" content=\"Dur\u00e9e de lecture estim\u00e9e\" \/>\n\t<meta name=\"twitter:data1\" content=\"4 minutes\" \/>\n<script type=\"application\/ld+json\" class=\"yoast-schema-graph\">{\"@context\":\"https:\/\/schema.org\",\"@graph\":[{\"@type\":\"WebPage\",\"@id\":\"https:\/\/www.nuevapescanova.com\/fr\/compromiso\/responsabilidad-social-corporativa-2\/programmecompensation-environnementale\/\",\"url\":\"https:\/\/www.nuevapescanova.com\/fr\/compromiso\/responsabilidad-social-corporativa-2\/programmecompensation-environnementale\/\",\"name\":\"Programme de Compensation Environnementale - Nueva Pescanova\",\"isPartOf\":{\"@id\":\"https:\/\/www.nuevapescanova.com\/#website\"},\"datePublished\":\"2023-02-08T12:28:40+00:00\",\"dateModified\":\"2025-10-22T11:09:14+00:00\",\"breadcrumb\":{\"@id\":\"https:\/\/www.nuevapescanova.com\/fr\/compromiso\/responsabilidad-social-corporativa-2\/programmecompensation-environnementale\/#breadcrumb\"},\"inLanguage\":\"fr-FR\",\"potentialAction\":[{\"@type\":\"ReadAction\",\"target\":[\"https:\/\/www.nuevapescanova.com\/fr\/compromiso\/responsabilidad-social-corporativa-2\/programmecompensation-environnementale\/\"]}]},{\"@type\":\"BreadcrumbList\",\"@id\":\"https:\/\/www.nuevapescanova.com\/fr\/compromiso\/responsabilidad-social-corporativa-2\/programmecompensation-environnementale\/#breadcrumb\",\"itemListElement\":[{\"@type\":\"ListItem\",\"position\":1,\"name\":\"Portada\",\"item\":\"https:\/\/www.nuevapescanova.com\/fr\/\"},{\"@type\":\"ListItem\",\"position\":2,\"name\":\"Compromiso\",\"item\":\"https:\/\/www.nuevapescanova.com\/fr\/compromiso\/\"},{\"@type\":\"ListItem\",\"position\":3,\"name\":\"Responsabilit\u00e9 sociale d\u2019entreprise\",\"item\":\"https:\/\/www.nuevapescanova.com\/fr\/compromiso\/responsabilidad-social-corporativa-2\/\"},{\"@type\":\"ListItem\",\"position\":4,\"name\":\"Programme de Compensation Environnementale\"}]},{\"@type\":\"WebSite\",\"@id\":\"https:\/\/www.nuevapescanova.com\/#website\",\"url\":\"https:\/\/www.nuevapescanova.com\/\",\"name\":\"Nueva Pescanova\",\"description\":\"\",\"publisher\":{\"@id\":\"https:\/\/www.nuevapescanova.com\/#organization\"},\"potentialAction\":[{\"@type\":\"SearchAction\",\"target\":{\"@type\":\"EntryPoint\",\"urlTemplate\":\"https:\/\/www.nuevapescanova.com\/?s={search_term_string}\"},\"query-input\":{\"@type\":\"PropertyValueSpecification\",\"valueRequired\":true,\"valueName\":\"search_term_string\"}}],\"inLanguage\":\"fr-FR\"},{\"@type\":\"Organization\",\"@id\":\"https:\/\/www.nuevapescanova.com\/#organization\",\"name\":\"Nueva Pescanova\",\"url\":\"https:\/\/www.nuevapescanova.com\/\",\"logo\":{\"@type\":\"ImageObject\",\"inLanguage\":\"fr-FR\",\"@id\":\"https:\/\/www.nuevapescanova.com\/#\/schema\/logo\/image\/\",\"url\":\"https:\/\/www.nuevapescanova.com\/nuevapescanova\/wp-content\/uploads\/2023\/06\/Logo-Grupo-Nueva-Pescanova.jpg\",\"contentUrl\":\"https:\/\/www.nuevapescanova.com\/nuevapescanova\/wp-content\/uploads\/2023\/06\/Logo-Grupo-Nueva-Pescanova.jpg\",\"width\":800,\"height\":398,\"caption\":\"Nueva Pescanova\"},\"image\":{\"@id\":\"https:\/\/www.nuevapescanova.com\/#\/schema\/logo\/image\/\"},\"sameAs\":[\"https:\/\/x.com\/PescanovaCorp\",\"https:\/\/www.linkedin.com\/company\/nuevapescanova\/?originalSubdomain=es\"]}]}<\/script>\n<!-- \/ Yoast SEO plugin. -->","yoast_head_json":{"title":"Programme de Compensation Environnementale - Nueva Pescanova","robots":{"index":"index","follow":"follow","max-snippet":"max-snippet:-1","max-image-preview":"max-image-preview:large","max-video-preview":"max-video-preview:-1"},"canonical":"https:\/\/www.nuevapescanova.com\/fr\/compromiso\/responsabilidad-social-corporativa-2\/programmecompensation-environnementale\/","og_locale":"fr_FR","og_type":"article","og_title":"Programme de Compensation Environnementale - Nueva Pescanova","og_description":"[vc_row css=\u00a0\u00bb.vc_custom_1516629082762{margin-bottom: 30px !important;padding-bottom: 0px !important;background-color: #ffffff !important;}\u00a0\u00bb][vc_column][vc_column_text el_class=\u00a0\u00bbtitulo\u00a0\u00bb css=\u00a0\u00bb.vc_custom_1675859254022{margin-top: 0px !important;padding-top: 0px !important;}\u00a0\u00bb]Programme de Compensation Environnementale[\/vc_column_text][vc_row_inner css=\u00a0\u00bb.vc_custom_1622136509029{margin-bottom: 0px !important;}\u00a0\u00bb][vc_column_inner][vc_column_text]Il existe de nombreux exemples de la [\u2026]","og_url":"https:\/\/www.nuevapescanova.com\/fr\/compromiso\/responsabilidad-social-corporativa-2\/programmecompensation-environnementale\/","og_site_name":"Nueva Pescanova","article_modified_time":"2025-10-22T11:09:14+00:00","twitter_card":"summary_large_image","twitter_site":"@PescanovaCorp","twitter_misc":{"Dur\u00e9e de lecture estim\u00e9e":"4 minutes"},"schema":{"@context":"https:\/\/schema.org","@graph":[{"@type":"WebPage","@id":"https:\/\/www.nuevapescanova.com\/fr\/compromiso\/responsabilidad-social-corporativa-2\/programmecompensation-environnementale\/","url":"https:\/\/www.nuevapescanova.com\/fr\/compromiso\/responsabilidad-social-corporativa-2\/programmecompensation-environnementale\/","name":"Programme de Compensation Environnementale - Nueva Pescanova","isPartOf":{"@id":"https:\/\/www.nuevapescanova.com\/#website"},"datePublished":"2023-02-08T12:28:40+00:00","dateModified":"2025-10-22T11:09:14+00:00","breadcrumb":{"@id":"https:\/\/www.nuevapescanova.com\/fr\/compromiso\/responsabilidad-social-corporativa-2\/programmecompensation-environnementale\/#breadcrumb"},"inLanguage":"fr-FR","potentialAction":[{"@type":"ReadAction","target":["https:\/\/www.nuevapescanova.com\/fr\/compromiso\/responsabilidad-social-corporativa-2\/programmecompensation-environnementale\/"]}]},{"@type":"BreadcrumbList","@id":"https:\/\/www.nuevapescanova.com\/fr\/compromiso\/responsabilidad-social-corporativa-2\/programmecompensation-environnementale\/#breadcrumb","itemListElement":[{"@type":"ListItem","position":1,"name":"Portada","item":"https:\/\/www.nuevapescanova.com\/fr\/"},{"@type":"ListItem","position":2,"name":"Compromiso","item":"https:\/\/www.nuevapescanova.com\/fr\/compromiso\/"},{"@type":"ListItem","position":3,"name":"Responsabilit\u00e9 sociale d\u2019entreprise","item":"https:\/\/www.nuevapescanova.com\/fr\/compromiso\/responsabilidad-social-corporativa-2\/"},{"@type":"ListItem","position":4,"name":"Programme de Compensation Environnementale"}]},{"@type":"WebSite","@id":"https:\/\/www.nuevapescanova.com\/#website","url":"https:\/\/www.nuevapescanova.com\/","name":"Nueva Pescanova","description":"","publisher":{"@id":"https:\/\/www.nuevapescanova.com\/#organization"},"potentialAction":[{"@type":"SearchAction","target":{"@type":"EntryPoint","urlTemplate":"https:\/\/www.nuevapescanova.com\/?s={search_term_string}"},"query-input":{"@type":"PropertyValueSpecification","valueRequired":true,"valueName":"search_term_string"}}],"inLanguage":"fr-FR"},{"@type":"Organization","@id":"https:\/\/www.nuevapescanova.com\/#organization","name":"Nueva Pescanova","url":"https:\/\/www.nuevapescanova.com\/","logo":{"@type":"ImageObject","inLanguage":"fr-FR","@id":"https:\/\/www.nuevapescanova.com\/#\/schema\/logo\/image\/","url":"https:\/\/www.nuevapescanova.com\/nuevapescanova\/wp-content\/uploads\/2023\/06\/Logo-Grupo-Nueva-Pescanova.jpg","contentUrl":"https:\/\/www.nuevapescanova.com\/nuevapescanova\/wp-content\/uploads\/2023\/06\/Logo-Grupo-Nueva-Pescanova.jpg","width":800,"height":398,"caption":"Nueva Pescanova"},"image":{"@id":"https:\/\/www.nuevapescanova.com\/#\/schema\/logo\/image\/"},"sameAs":["https:\/\/x.com\/PescanovaCorp","https:\/\/www.linkedin.com\/company\/nuevapescanova\/?originalSubdomain=es"]}]}},"_links":{"self":[{"href":"https:\/\/www.nuevapescanova.com\/fr\/wp-json\/wp\/v2\/pages\/30786","targetHints":{"allow":["GET"]}}],"collection":[{"href":"https:\/\/www.nuevapescanova.com\/fr\/wp-json\/wp\/v2\/pages"}],"about":[{"href":"https:\/\/www.nuevapescanova.com\/fr\/wp-json\/wp\/v2\/types\/page"}],"author":[{"embeddable":true,"href":"https:\/\/www.nuevapescanova.com\/fr\/wp-json\/wp\/v2\/users\/3"}],"replies":[{"embeddable":true,"href":"https:\/\/www.nuevapescanova.com\/fr\/wp-json\/wp\/v2\/comments?post=30786"}],"version-history":[{"count":4,"href":"https:\/\/www.nuevapescanova.com\/fr\/wp-json\/wp\/v2\/pages\/30786\/revisions"}],"predecessor-version":[{"id":46816,"href":"https:\/\/www.nuevapescanova.com\/fr\/wp-json\/wp\/v2\/pages\/30786\/revisions\/46816"}],"up":[{"embeddable":true,"href":"https:\/\/www.nuevapescanova.com\/fr\/wp-json\/wp\/v2\/pages\/2739"}],"wp:attachment":[{"href":"https:\/\/www.nuevapescanova.com\/fr\/wp-json\/wp\/v2\/media?parent=30786"}],"curies":[{"name":"wp","href":"https:\/\/api.w.org\/{rel}","templated":true}]}}