{"id":30915,"date":"2023-02-09T17:31:32","date_gmt":"2023-02-09T17:31:32","guid":{"rendered":"https:\/\/www.nuevapescanova.com\/?page_id=30915"},"modified":"2025-10-22T10:31:22","modified_gmt":"2025-10-22T10:31:22","slug":"nutrition","status":"publish","type":"page","link":"https:\/\/www.nuevapescanova.com\/fr\/compromiso\/responsabilidad-social-corporativa-2\/nutrition\/","title":{"rendered":"Programme de nutrition et de sant\u00e9"},"content":{"rendered":"<section class=\"wpb-content-wrapper\"><p>[vc_row css=\u00a0\u00bb.vc_custom_1516629082762{margin-bottom: 30px !important;padding-bottom: 0px !important;background-color: #ffffff !important;}\u00a0\u00bb][vc_column][vc_column_text el_class=\u00a0\u00bbtitulo\u00a0\u00bb css=\u00a0\u00bb.vc_custom_1675963710084{margin-top: 0px !important;padding-top: 0px !important;}\u00a0\u00bb]Programme de nutrition et de sant\u00e9<\/p>\n<p>[\/vc_column_text][vc_row_inner el_class=\u00a0\u00bbsombra\u00a0\u00bb css=\u00a0\u00bb.vc_custom_1516627142348{margin-top: 0px !important;margin-bottom: 0px !important;padding-top: 0px !important;padding-bottom: 0px !important;}\u00a0\u00bb][vc_column_inner css=\u00a0\u00bb.vc_custom_1516627862820{margin-bottom: 0px !important;padding-bottom: 0px !important;}\u00a0\u00bb][vc_column_text]Pour le Groupe Nueva Pescanova, la nutrition est un pilier fondamental dans la soci\u00e9t\u00e9 d&rsquo;aujourd&rsquo;hui, o\u00f9 la qualit\u00e9 de l&rsquo;alimentation et les saines habitudes de vie jouent un r\u00f4le cl\u00e9 pour la croissance et le maintien d&rsquo;une bonne sant\u00e9 \u00e0 toutes les \u00e9tapes de la vie. Notre objectif est de contribuer positivement au bien-\u00eatre et \u00e0 la sant\u00e9 de tous ceux qui font partie de notre cha\u00eene de valeur. C&rsquo;est pourquoi nous avons un engagement ferme envers la nutrition en termes de nos produits, de nos employ\u00e9s et de nos communaut\u00e9s partenaires.<\/p>\n<p>&nbsp;<\/p>\n<h3>Produit<\/h3>\n<p>Notre engagement est de fournir aux march\u00e9s des produits de la mer nutritifs, sains, savoureux et innovants, produits de mani\u00e8re responsable. Le Principe 3<sup>e<\/sup> de notre <a href=\"https:\/\/www.nuevapescanova.com\/nuevapescanova\/wp-content\/uploads\/2022\/03\/P-PE_DURABILITE_GROUPE-NUEVA-PESCANOVA-v2_04_2021_FR.pdf\" target=\"_blank\" rel=\"noopener\">Politique de D\u00e9veloppement Durable<\/a> formalise notre engagement pour <strong>la nutrition et la sant\u00e9<\/strong> \u00e0 travers nos produits en \u00e9tablissant que : \u00ab\u00a0<em>Nos produits contribuent positivement \u00e0 la sant\u00e9 et au bien-\u00eatre de nos consommateurs<\/em>\u00ab\u00a0. Nous avons concr\u00e9tis\u00e9 ce principe dans les 5 engagements nutritionnels suivants \u00e0 travers nos produits :<\/p>\n<p><a href=\"https:\/\/www.nuevapescanova.com\/nuevapescanova\/wp-content\/uploads\/2023\/02\/1_FR.png\"><img loading=\"lazy\" decoding=\"async\" class=\"aligncenter wp-image-30921\" src=\"https:\/\/www.nuevapescanova.com\/nuevapescanova\/wp-content\/uploads\/2023\/02\/1_FR.png\" alt=\"\" width=\"600\" height=\"363\" srcset=\"https:\/\/www.nuevapescanova.com\/nuevapescanova\/wp-content\/uploads\/2023\/02\/1_FR.png 3319w, https:\/\/www.nuevapescanova.com\/nuevapescanova\/wp-content\/uploads\/2023\/02\/1_FR-300x181.png 300w, https:\/\/www.nuevapescanova.com\/nuevapescanova\/wp-content\/uploads\/2023\/02\/1_FR-768x464.png 768w, https:\/\/www.nuevapescanova.com\/nuevapescanova\/wp-content\/uploads\/2023\/02\/1_FR-1536x929.png 1536w, https:\/\/www.nuevapescanova.com\/nuevapescanova\/wp-content\/uploads\/2023\/02\/1_FR-2048x1238.png 2048w, https:\/\/www.nuevapescanova.com\/nuevapescanova\/wp-content\/uploads\/2023\/02\/1_FR-241x146.png 241w, https:\/\/www.nuevapescanova.com\/nuevapescanova\/wp-content\/uploads\/2023\/02\/1_FR-50x30.png 50w, https:\/\/www.nuevapescanova.com\/nuevapescanova\/wp-content\/uploads\/2023\/02\/1_FR-124x75.png 124w\" sizes=\"auto, (max-width: 600px) 100vw, 600px\" \/><\/a><\/p>\n<p>Chacun de ces engagements est d\u00e9clin\u00e9 en une s\u00e9rie de principes, d&rsquo;actions et d&rsquo;objectifs v\u00e9rifiables dans le rapport d\u00e9taill\u00e9 sur <a href=\"https:\/\/www.nuevapescanova.com\/nuevapescanova\/wp-content\/uploads\/2023\/02\/GNPVA-Nutrition-and-Health-Programme-PRODUCT-EN.pdf\" target=\"_blank\" rel=\"noopener\">l&rsquo;<u>Engagement Nutritionnel \u00e0 travers Nos Produits<\/u><\/a>.<\/p>\n<p>&nbsp;<\/p>\n<h3>Alimentation saine au travail<\/h3>\n<p>Nos collaborateurs sont le principal atout de notre entreprise et c&rsquo;est un engagement du Groupe de garantir <strong>la sant\u00e9 et le bien-\u00eatre<\/strong> des travailleurs en promouvant un environnement de travail sain pour tous.<\/p>\n<p>C&rsquo;est pourquoi nous avons mis en place un <a href=\"https:\/\/www.nuevapescanova.com\/nuevapescanova\/wp-content\/uploads\/2023\/02\/GNPVA-Nutrition-and-Health-Programme-PEOPLE-EN.pdf\" target=\"_blank\" rel=\"noopener\"><u>Programme de nutrition et de sant\u00e9 pour nos collaborateurs<\/u><\/a> bas\u00e9 sur 4 engagements :<\/p>\n<p><a href=\"https:\/\/www.nuevapescanova.com\/nuevapescanova\/wp-content\/uploads\/2023\/02\/2_FR.png\"><img loading=\"lazy\" decoding=\"async\" class=\"aligncenter wp-image-30925\" src=\"https:\/\/www.nuevapescanova.com\/nuevapescanova\/wp-content\/uploads\/2023\/02\/2_FR.png\" alt=\"\" width=\"500\" height=\"469\" srcset=\"https:\/\/www.nuevapescanova.com\/nuevapescanova\/wp-content\/uploads\/2023\/02\/2_FR.png 2584w, https:\/\/www.nuevapescanova.com\/nuevapescanova\/wp-content\/uploads\/2023\/02\/2_FR-300x282.png 300w, https:\/\/www.nuevapescanova.com\/nuevapescanova\/wp-content\/uploads\/2023\/02\/2_FR-768x721.png 768w, https:\/\/www.nuevapescanova.com\/nuevapescanova\/wp-content\/uploads\/2023\/02\/2_FR-1536x1441.png 1536w, https:\/\/www.nuevapescanova.com\/nuevapescanova\/wp-content\/uploads\/2023\/02\/2_FR-2048x1922.png 2048w, https:\/\/www.nuevapescanova.com\/nuevapescanova\/wp-content\/uploads\/2023\/02\/2_FR-156x146.png 156w, https:\/\/www.nuevapescanova.com\/nuevapescanova\/wp-content\/uploads\/2023\/02\/2_FR-50x47.png 50w, https:\/\/www.nuevapescanova.com\/nuevapescanova\/wp-content\/uploads\/2023\/02\/2_FR-80x75.png 80w\" sizes=\"auto, (max-width: 500px) 100vw, 500px\" \/><\/a><\/p>\n<p>&nbsp;<\/p>\n<p>Les objectifs, les actions et les progr\u00e8s du Programme peuvent \u00eatre consult\u00e9s dans le rapport d\u00e9taill\u00e9 sur l&rsquo;<a href=\"https:\/\/www.nuevapescanova.com\/nuevapescanova\/wp-content\/uploads\/2023\/02\/GNPVA-Nutrition-and-Health-Programme-PEOPLE-EN.pdf\" target=\"_blank\" rel=\"noopener\"><u>Engagement nutritionnel envers notre peuple<\/u>.<\/a><\/p>\n<p>&nbsp;<\/p>\n<h3>Communaut\u00e9s<\/h3>\n<p>Le principe 4<sup>e<\/sup> de notre <a href=\"https:\/\/www.nuevapescanova.com\/nuevapescanova\/wp-content\/uploads\/2022\/03\/P-PE_DURABILITE_GROUPE-NUEVA-PESCANOVA-v2_04_2021_FR.pdf\" target=\"_blank\" rel=\"noopener\">Politique de D\u00e9veloppement Durable<\/a> \u00e9tablit que \u00ab\u00a0<em>Nous contribuons positivement \u00e0 la Qualit\u00e9 de Vie des communaut\u00e9s dans lesquelles nous vivons et travaillons<\/em>\u00ab\u00a0.<\/p>\n<p>Contribuer positivement \u00e0 la <strong>qualit\u00e9 de vie<\/strong> de nos communaut\u00e9s implique de contribuer \u00e0 l&rsquo;am\u00e9lioration de leur \u00e9tat nutritionnel et c&rsquo;est pourquoi nous exprimons notre engagement \u00e0 am\u00e9liorer la qualit\u00e9 de l&rsquo;alimentation de nos communaut\u00e9s partenaires, en luttant contre l&rsquo;ins\u00e9curit\u00e9 alimentaire et la malnutrition avec un accent sur les groupes vuln\u00e9rables de la population et travailleurs de notre cha\u00eene d&rsquo;approvisionnement.<\/p>\n<p>Les actions que nous d\u00e9veloppons dans nos communaut\u00e9s se retrouvent dans le rapport d\u00e9taill\u00e9 sur l<a href=\"https:\/\/www.nuevapescanova.com\/nuevapescanova\/wp-content\/uploads\/2023\/02\/GNPVA-Nutrition-and-Health-Programme-COMMUNITIES-EN.pdf\" target=\"_blank\" rel=\"noopener\">&lsquo;<u>Engagement nutritionnel envers nos communaut\u00e9s<\/u><\/a>.[\/vc_column_text][\/vc_column_inner][\/vc_row_inner][\/vc_column][\/vc_row][vc_row css=\u00a0\u00bb.vc_custom_1516984658033{margin-top: 30px !important;padding-bottom: 0px !important;background-color: #ffffff !important;}\u00a0\u00bb][vc_column css=\u00a0\u00bb.vc_custom_1516619741069{margin-bottom: 0px !important;}\u00a0\u00bb][vc_row_inner el_class=\u00a0\u00bbsombra\u00a0\u00bb css=\u00a0\u00bb.vc_custom_1516620347065{margin-top: 0px !important;margin-bottom: 0px !important;padding-top: 0px !important;padding-bottom: 0px !important;}\u00a0\u00bb][vc_column_inner width=\u00a0\u00bb1\/4&Prime; css=\u00a0\u00bb.vc_custom_1516620281776{margin-bottom: 0px !important;padding-bottom: 0px !important;}\u00a0\u00bb]<div class=\"hover_box\"><a href=\"https:\/\/www.nuevapescanova.com\/fr\/compromiso\/responsabilidad-social-corporativa-2\/nuestro-compromiso-con-el-planeta\/\" ><div class=\"hover_box_wrapper\"><img loading=\"lazy\" decoding=\"async\" class=\"scale-with-grid visible_photo\" src=\"https:\/\/www.nuevapescanova.com\/nuevapescanova\/wp-content\/uploads\/2018\/02\/planete.jpg\" alt=\"planete\" width=\"270\" height=\"240\"\/><img loading=\"lazy\" decoding=\"async\" class=\"scale-with-grid hidden_photo\" src=\"https:\/\/www.nuevapescanova.com\/nuevapescanova\/wp-content\/uploads\/2018\/02\/planete1.jpg\" alt=\"planete1\" width=\"270\" height=\"240\"\/><\/div><\/a><\/div>\n[\/vc_column_inner][vc_column_inner width=\u00a0\u00bb1\/4&Prime; css=\u00a0\u00bb.vc_custom_1516620292200{margin-bottom: 0px !important;padding-bottom: 0px !important;}\u00a0\u00bb]<div class=\"hover_box\"><a href=\"https:\/\/www.nuevapescanova.com\/fr\/compromiso\/responsabilidad-social-corporativa-2\/el-compromiso-con-nuestras-personas\/\" ><div class=\"hover_box_wrapper\"><img loading=\"lazy\" decoding=\"async\" class=\"scale-with-grid visible_photo\" src=\"https:\/\/www.nuevapescanova.com\/nuevapescanova\/wp-content\/uploads\/2018\/02\/personnes.jpg\" alt=\"personnes\" width=\"270\" height=\"240\"\/><img loading=\"lazy\" decoding=\"async\" class=\"scale-with-grid hidden_photo\" src=\"https:\/\/www.nuevapescanova.com\/nuevapescanova\/wp-content\/uploads\/2018\/02\/personnes1.jpg\" alt=\"personnes1\" width=\"270\" height=\"240\"\/><\/div><\/a><\/div>\n[\/vc_column_inner][vc_column_inner width=\u00a0\u00bb1\/4&Prime; css=\u00a0\u00bb.vc_custom_1516620287216{margin-bottom: 0px !important;padding-bottom: 0px !important;}\u00a0\u00bb]<div class=\"hover_box\"><a href=\"https:\/\/www.nuevapescanova.com\/fr\/compromiso\/responsabilidad-social-corporativa-2\/el-compromiso-con-nuestro-producto\/\" ><div class=\"hover_box_wrapper\"><img loading=\"lazy\" decoding=\"async\" class=\"scale-with-grid visible_photo\" src=\"https:\/\/www.nuevapescanova.com\/nuevapescanova\/wp-content\/uploads\/2018\/02\/produit.jpg\" alt=\"produit\" width=\"270\" height=\"240\"\/><img loading=\"lazy\" decoding=\"async\" class=\"scale-with-grid hidden_photo\" src=\"https:\/\/www.nuevapescanova.com\/nuevapescanova\/wp-content\/uploads\/2018\/02\/produit1.jpg\" alt=\"produit1\" width=\"270\" height=\"240\"\/><\/div><\/a><\/div>\n[\/vc_column_inner][vc_column_inner width=\u00a0\u00bb1\/4&Prime; css=\u00a0\u00bb.vc_custom_1516620299548{margin-bottom: 0px !important;padding-bottom: 0px !important;}\u00a0\u00bb]<div class=\"hover_box\"><a href=\"https:\/\/www.nuevapescanova.com\/fr\/compromiso\/responsabilidad-social-corporativa-2\/el-compromiso-con-las-comunidades\/\" ><div class=\"hover_box_wrapper\"><img loading=\"lazy\" decoding=\"async\" class=\"scale-with-grid visible_photo\" src=\"https:\/\/www.nuevapescanova.com\/nuevapescanova\/wp-content\/uploads\/2018\/02\/communautes.jpg\" alt=\"communautes\" width=\"270\" height=\"240\"\/><img loading=\"lazy\" decoding=\"async\" class=\"scale-with-grid hidden_photo\" src=\"https:\/\/www.nuevapescanova.com\/nuevapescanova\/wp-content\/uploads\/2018\/02\/communautes1.jpg\" alt=\"communautes1\" width=\"270\" height=\"240\"\/><\/div><\/a><\/div>\n[\/vc_column_inner][\/vc_row_inner][\/vc_column][\/vc_row][vc_row][vc_column][vc_empty_space height=\u00a0\u00bb60px\u00a0\u00bb][\/vc_column][\/vc_row]<\/p>\n<\/section>","protected":false},"excerpt":{"rendered":"<p>[vc_row css=\u00a0\u00bb.vc_custom_1516629082762{margin-bottom: 30px !important;padding-bottom: 0px !important;background-color: #ffffff !important;}\u00a0\u00bb][vc_column][vc_column_text el_class=\u00a0\u00bbtitulo\u00a0\u00bb css=\u00a0\u00bb.vc_custom_1675963710084{margin-top: 0px !important;padding-top: 0px !important;}\u00a0\u00bb]Programme de nutrition et de sant\u00e9 [\/vc_column_text][vc_row_inner el_class=\u00a0\u00bbsombra\u00a0\u00bb css=\u00a0\u00bb.vc_custom_1516627142348{margin-top: 0px !important;margin-bottom: 0px !important;padding-top:<span class=\"excerpt-hellip\"> [\u2026]<\/span><\/p>\n","protected":false},"author":3,"featured_media":0,"parent":2739,"menu_order":0,"comment_status":"closed","ping_status":"closed","template":"","meta":{"_acf_changed":false,"footnotes":""},"class_list":["post-30915","page","type-page","status-publish","hentry"],"acf":[],"yoast_head":"<!-- This site is optimized with the Yoast SEO plugin v25.9 - https:\/\/yoast.com\/wordpress\/plugins\/seo\/ -->\n<title>Programme de nutrition et de sant\u00e9 - Nueva Pescanova<\/title>\n<meta name=\"robots\" content=\"index, follow, max-snippet:-1, max-image-preview:large, max-video-preview:-1\" \/>\n<link rel=\"canonical\" href=\"https:\/\/www.nuevapescanova.com\/fr\/compromiso\/responsabilidad-social-corporativa-2\/nutrition\/\" \/>\n<meta property=\"og:locale\" content=\"fr_FR\" \/>\n<meta property=\"og:type\" content=\"article\" \/>\n<meta property=\"og:title\" content=\"Programme de nutrition et de sant\u00e9 - Nueva Pescanova\" \/>\n<meta property=\"og:description\" content=\"[vc_row css=\u00a0\u00bb.vc_custom_1516629082762{margin-bottom: 30px !important;padding-bottom: 0px !important;background-color: #ffffff !important;}\u00a0\u00bb][vc_column][vc_column_text el_class=\u00a0\u00bbtitulo\u00a0\u00bb css=\u00a0\u00bb.vc_custom_1675963710084{margin-top: 0px !important;padding-top: 0px !important;}\u00a0\u00bb]Programme de nutrition et de sant\u00e9 [\/vc_column_text][vc_row_inner el_class=\u00a0\u00bbsombra\u00a0\u00bb css=\u00a0\u00bb.vc_custom_1516627142348{margin-top: 0px !important;margin-bottom: 0px !important;padding-top: [\u2026]\" \/>\n<meta property=\"og:url\" content=\"https:\/\/www.nuevapescanova.com\/fr\/compromiso\/responsabilidad-social-corporativa-2\/nutrition\/\" \/>\n<meta property=\"og:site_name\" content=\"Nueva Pescanova\" \/>\n<meta property=\"article:modified_time\" content=\"2025-10-22T10:31:22+00:00\" \/>\n<meta property=\"og:image\" content=\"https:\/\/www.nuevapescanova.com\/nuevapescanova\/wp-content\/uploads\/2023\/02\/1_FR.png\" \/>\n\t<meta property=\"og:image:width\" content=\"3319\" \/>\n\t<meta property=\"og:image:height\" content=\"2007\" \/>\n\t<meta property=\"og:image:type\" content=\"image\/png\" \/>\n<meta name=\"twitter:card\" content=\"summary_large_image\" \/>\n<meta name=\"twitter:site\" content=\"@PescanovaCorp\" \/>\n<meta name=\"twitter:label1\" content=\"Dur\u00e9e de lecture estim\u00e9e\" \/>\n\t<meta name=\"twitter:data1\" content=\"5 minutes\" \/>\n<script type=\"application\/ld+json\" class=\"yoast-schema-graph\">{\"@context\":\"https:\/\/schema.org\",\"@graph\":[{\"@type\":\"WebPage\",\"@id\":\"https:\/\/www.nuevapescanova.com\/fr\/compromiso\/responsabilidad-social-corporativa-2\/nutrition\/\",\"url\":\"https:\/\/www.nuevapescanova.com\/fr\/compromiso\/responsabilidad-social-corporativa-2\/nutrition\/\",\"name\":\"Programme de nutrition et de sant\u00e9 - Nueva Pescanova\",\"isPartOf\":{\"@id\":\"https:\/\/www.nuevapescanova.com\/#website\"},\"primaryImageOfPage\":{\"@id\":\"https:\/\/www.nuevapescanova.com\/fr\/compromiso\/responsabilidad-social-corporativa-2\/nutrition\/#primaryimage\"},\"image\":{\"@id\":\"https:\/\/www.nuevapescanova.com\/fr\/compromiso\/responsabilidad-social-corporativa-2\/nutrition\/#primaryimage\"},\"thumbnailUrl\":\"https:\/\/www.nuevapescanova.com\/nuevapescanova\/wp-content\/uploads\/2023\/02\/1_FR.png\",\"datePublished\":\"2023-02-09T17:31:32+00:00\",\"dateModified\":\"2025-10-22T10:31:22+00:00\",\"breadcrumb\":{\"@id\":\"https:\/\/www.nuevapescanova.com\/fr\/compromiso\/responsabilidad-social-corporativa-2\/nutrition\/#breadcrumb\"},\"inLanguage\":\"fr-FR\",\"potentialAction\":[{\"@type\":\"ReadAction\",\"target\":[\"https:\/\/www.nuevapescanova.com\/fr\/compromiso\/responsabilidad-social-corporativa-2\/nutrition\/\"]}]},{\"@type\":\"ImageObject\",\"inLanguage\":\"fr-FR\",\"@id\":\"https:\/\/www.nuevapescanova.com\/fr\/compromiso\/responsabilidad-social-corporativa-2\/nutrition\/#primaryimage\",\"url\":\"https:\/\/www.nuevapescanova.com\/nuevapescanova\/wp-content\/uploads\/2023\/02\/1_FR.png\",\"contentUrl\":\"https:\/\/www.nuevapescanova.com\/nuevapescanova\/wp-content\/uploads\/2023\/02\/1_FR.png\"},{\"@type\":\"BreadcrumbList\",\"@id\":\"https:\/\/www.nuevapescanova.com\/fr\/compromiso\/responsabilidad-social-corporativa-2\/nutrition\/#breadcrumb\",\"itemListElement\":[{\"@type\":\"ListItem\",\"position\":1,\"name\":\"Portada\",\"item\":\"https:\/\/www.nuevapescanova.com\/fr\/\"},{\"@type\":\"ListItem\",\"position\":2,\"name\":\"Compromiso\",\"item\":\"https:\/\/www.nuevapescanova.com\/fr\/compromiso\/\"},{\"@type\":\"ListItem\",\"position\":3,\"name\":\"Responsabilit\u00e9 sociale d\u2019entreprise\",\"item\":\"https:\/\/www.nuevapescanova.com\/fr\/compromiso\/responsabilidad-social-corporativa-2\/\"},{\"@type\":\"ListItem\",\"position\":4,\"name\":\"Programme de nutrition et de sant\u00e9\"}]},{\"@type\":\"WebSite\",\"@id\":\"https:\/\/www.nuevapescanova.com\/#website\",\"url\":\"https:\/\/www.nuevapescanova.com\/\",\"name\":\"Nueva Pescanova\",\"description\":\"\",\"publisher\":{\"@id\":\"https:\/\/www.nuevapescanova.com\/#organization\"},\"potentialAction\":[{\"@type\":\"SearchAction\",\"target\":{\"@type\":\"EntryPoint\",\"urlTemplate\":\"https:\/\/www.nuevapescanova.com\/?s={search_term_string}\"},\"query-input\":{\"@type\":\"PropertyValueSpecification\",\"valueRequired\":true,\"valueName\":\"search_term_string\"}}],\"inLanguage\":\"fr-FR\"},{\"@type\":\"Organization\",\"@id\":\"https:\/\/www.nuevapescanova.com\/#organization\",\"name\":\"Nueva Pescanova\",\"url\":\"https:\/\/www.nuevapescanova.com\/\",\"logo\":{\"@type\":\"ImageObject\",\"inLanguage\":\"fr-FR\",\"@id\":\"https:\/\/www.nuevapescanova.com\/#\/schema\/logo\/image\/\",\"url\":\"https:\/\/www.nuevapescanova.com\/nuevapescanova\/wp-content\/uploads\/2023\/06\/Logo-Grupo-Nueva-Pescanova.jpg\",\"contentUrl\":\"https:\/\/www.nuevapescanova.com\/nuevapescanova\/wp-content\/uploads\/2023\/06\/Logo-Grupo-Nueva-Pescanova.jpg\",\"width\":800,\"height\":398,\"caption\":\"Nueva Pescanova\"},\"image\":{\"@id\":\"https:\/\/www.nuevapescanova.com\/#\/schema\/logo\/image\/\"},\"sameAs\":[\"https:\/\/x.com\/PescanovaCorp\",\"https:\/\/www.linkedin.com\/company\/nuevapescanova\/?originalSubdomain=es\"]}]}<\/script>\n<!-- \/ Yoast SEO plugin. -->","yoast_head_json":{"title":"Programme de nutrition et de sant\u00e9 - Nueva Pescanova","robots":{"index":"index","follow":"follow","max-snippet":"max-snippet:-1","max-image-preview":"max-image-preview:large","max-video-preview":"max-video-preview:-1"},"canonical":"https:\/\/www.nuevapescanova.com\/fr\/compromiso\/responsabilidad-social-corporativa-2\/nutrition\/","og_locale":"fr_FR","og_type":"article","og_title":"Programme de nutrition et de sant\u00e9 - Nueva Pescanova","og_description":"[vc_row css=\u00a0\u00bb.vc_custom_1516629082762{margin-bottom: 30px !important;padding-bottom: 0px !important;background-color: #ffffff !important;}\u00a0\u00bb][vc_column][vc_column_text el_class=\u00a0\u00bbtitulo\u00a0\u00bb css=\u00a0\u00bb.vc_custom_1675963710084{margin-top: 0px !important;padding-top: 0px !important;}\u00a0\u00bb]Programme de nutrition et de sant\u00e9 [\/vc_column_text][vc_row_inner el_class=\u00a0\u00bbsombra\u00a0\u00bb css=\u00a0\u00bb.vc_custom_1516627142348{margin-top: 0px !important;margin-bottom: 0px !important;padding-top: [\u2026]","og_url":"https:\/\/www.nuevapescanova.com\/fr\/compromiso\/responsabilidad-social-corporativa-2\/nutrition\/","og_site_name":"Nueva Pescanova","article_modified_time":"2025-10-22T10:31:22+00:00","og_image":[{"width":3319,"height":2007,"url":"https:\/\/www.nuevapescanova.com\/nuevapescanova\/wp-content\/uploads\/2023\/02\/1_FR.png","type":"image\/png"}],"twitter_card":"summary_large_image","twitter_site":"@PescanovaCorp","twitter_misc":{"Dur\u00e9e de lecture estim\u00e9e":"5 minutes"},"schema":{"@context":"https:\/\/schema.org","@graph":[{"@type":"WebPage","@id":"https:\/\/www.nuevapescanova.com\/fr\/compromiso\/responsabilidad-social-corporativa-2\/nutrition\/","url":"https:\/\/www.nuevapescanova.com\/fr\/compromiso\/responsabilidad-social-corporativa-2\/nutrition\/","name":"Programme de nutrition et de sant\u00e9 - Nueva Pescanova","isPartOf":{"@id":"https:\/\/www.nuevapescanova.com\/#website"},"primaryImageOfPage":{"@id":"https:\/\/www.nuevapescanova.com\/fr\/compromiso\/responsabilidad-social-corporativa-2\/nutrition\/#primaryimage"},"image":{"@id":"https:\/\/www.nuevapescanova.com\/fr\/compromiso\/responsabilidad-social-corporativa-2\/nutrition\/#primaryimage"},"thumbnailUrl":"https:\/\/www.nuevapescanova.com\/nuevapescanova\/wp-content\/uploads\/2023\/02\/1_FR.png","datePublished":"2023-02-09T17:31:32+00:00","dateModified":"2025-10-22T10:31:22+00:00","breadcrumb":{"@id":"https:\/\/www.nuevapescanova.com\/fr\/compromiso\/responsabilidad-social-corporativa-2\/nutrition\/#breadcrumb"},"inLanguage":"fr-FR","potentialAction":[{"@type":"ReadAction","target":["https:\/\/www.nuevapescanova.com\/fr\/compromiso\/responsabilidad-social-corporativa-2\/nutrition\/"]}]},{"@type":"ImageObject","inLanguage":"fr-FR","@id":"https:\/\/www.nuevapescanova.com\/fr\/compromiso\/responsabilidad-social-corporativa-2\/nutrition\/#primaryimage","url":"https:\/\/www.nuevapescanova.com\/nuevapescanova\/wp-content\/uploads\/2023\/02\/1_FR.png","contentUrl":"https:\/\/www.nuevapescanova.com\/nuevapescanova\/wp-content\/uploads\/2023\/02\/1_FR.png"},{"@type":"BreadcrumbList","@id":"https:\/\/www.nuevapescanova.com\/fr\/compromiso\/responsabilidad-social-corporativa-2\/nutrition\/#breadcrumb","itemListElement":[{"@type":"ListItem","position":1,"name":"Portada","item":"https:\/\/www.nuevapescanova.com\/fr\/"},{"@type":"ListItem","position":2,"name":"Compromiso","item":"https:\/\/www.nuevapescanova.com\/fr\/compromiso\/"},{"@type":"ListItem","position":3,"name":"Responsabilit\u00e9 sociale d\u2019entreprise","item":"https:\/\/www.nuevapescanova.com\/fr\/compromiso\/responsabilidad-social-corporativa-2\/"},{"@type":"ListItem","position":4,"name":"Programme de nutrition et de sant\u00e9"}]},{"@type":"WebSite","@id":"https:\/\/www.nuevapescanova.com\/#website","url":"https:\/\/www.nuevapescanova.com\/","name":"Nueva Pescanova","description":"","publisher":{"@id":"https:\/\/www.nuevapescanova.com\/#organization"},"potentialAction":[{"@type":"SearchAction","target":{"@type":"EntryPoint","urlTemplate":"https:\/\/www.nuevapescanova.com\/?s={search_term_string}"},"query-input":{"@type":"PropertyValueSpecification","valueRequired":true,"valueName":"search_term_string"}}],"inLanguage":"fr-FR"},{"@type":"Organization","@id":"https:\/\/www.nuevapescanova.com\/#organization","name":"Nueva Pescanova","url":"https:\/\/www.nuevapescanova.com\/","logo":{"@type":"ImageObject","inLanguage":"fr-FR","@id":"https:\/\/www.nuevapescanova.com\/#\/schema\/logo\/image\/","url":"https:\/\/www.nuevapescanova.com\/nuevapescanova\/wp-content\/uploads\/2023\/06\/Logo-Grupo-Nueva-Pescanova.jpg","contentUrl":"https:\/\/www.nuevapescanova.com\/nuevapescanova\/wp-content\/uploads\/2023\/06\/Logo-Grupo-Nueva-Pescanova.jpg","width":800,"height":398,"caption":"Nueva Pescanova"},"image":{"@id":"https:\/\/www.nuevapescanova.com\/#\/schema\/logo\/image\/"},"sameAs":["https:\/\/x.com\/PescanovaCorp","https:\/\/www.linkedin.com\/company\/nuevapescanova\/?originalSubdomain=es"]}]}},"_links":{"self":[{"href":"https:\/\/www.nuevapescanova.com\/fr\/wp-json\/wp\/v2\/pages\/30915","targetHints":{"allow":["GET"]}}],"collection":[{"href":"https:\/\/www.nuevapescanova.com\/fr\/wp-json\/wp\/v2\/pages"}],"about":[{"href":"https:\/\/www.nuevapescanova.com\/fr\/wp-json\/wp\/v2\/types\/page"}],"author":[{"embeddable":true,"href":"https:\/\/www.nuevapescanova.com\/fr\/wp-json\/wp\/v2\/users\/3"}],"replies":[{"embeddable":true,"href":"https:\/\/www.nuevapescanova.com\/fr\/wp-json\/wp\/v2\/comments?post=30915"}],"version-history":[{"count":4,"href":"https:\/\/www.nuevapescanova.com\/fr\/wp-json\/wp\/v2\/pages\/30915\/revisions"}],"predecessor-version":[{"id":46810,"href":"https:\/\/www.nuevapescanova.com\/fr\/wp-json\/wp\/v2\/pages\/30915\/revisions\/46810"}],"up":[{"embeddable":true,"href":"https:\/\/www.nuevapescanova.com\/fr\/wp-json\/wp\/v2\/pages\/2739"}],"wp:attachment":[{"href":"https:\/\/www.nuevapescanova.com\/fr\/wp-json\/wp\/v2\/media?parent=30915"}],"curies":[{"name":"wp","href":"https:\/\/api.w.org\/{rel}","templated":true}]}}