
{"id":3192,"date":"2017-12-19T10:22:46","date_gmt":"2017-12-19T10:22:46","guid":{"rendered":"http:\/\/demo.nuevapescanova.com\/que-hacemos\/pescamos\/"},"modified":"2025-09-29T15:28:22","modified_gmt":"2025-09-29T15:28:22","slug":"pescamos","status":"publish","type":"page","link":"https:\/\/www.nuevapescanova.com\/fr\/pescamos\/","title":{"rendered":"Nous p\u00eachons"},"content":{"rendered":"<section class=\"wpb-content-wrapper\"><p>[vc_row][vc_column width=\u00a0\u00bb1\/2&Prime;][vc_column_text el_class=\u00a0\u00bbtitulo\u00a0\u00bb]Nous p\u00eachons[\/vc_column_text][\/vc_column][vc_column width=\u00a0\u00bb1\/2&Prime;][vc_column_text el_class=\u00a0\u00bbtitulo-historia\u00a0\u00bb css=\u00a0\u00bb.vc_custom_1759159690823{margin-top: 40px !important;}\u00a0\u00bb]<\/p>\n<p style=\"text-align: right;\"><strong>53<\/strong>\u00a0navires dans l&rsquo;<strong>h\u00e9misph\u00e8re Sud<\/strong><\/p>\n<p>[\/vc_column_text][\/vc_column][\/vc_row][vc_row css=\u00a0\u00bb.vc_custom_1516614379512{margin-top: 0px !important;margin-bottom: 0px !important;padding-top: 0px !important;padding-bottom: 0px !important;background-color: #ffffff !important;}\u00a0\u00bb][vc_column][vc_row_inner css=\u00a0\u00bb.vc_custom_1516436648202{margin-top: 0px !important;margin-bottom: 0px !important;padding-top: 0px !important;padding-bottom: 0px !important;}\u00a0\u00bb][vc_column_inner][vc_column_text]<strong>Depuis 1961 nous sillonnons les mers<\/strong> en cherchant les meilleurs lieux de p\u00eache du monde. Nous avons \u00e9t\u00e9 <strong>pionniers<\/strong> dans la construction du <strong>premier navire qui incorporait la technologie de cong\u00e9lation \u00e0 bord<\/strong>. D&rsquo;autres sont venus, qui ont \u00e9t\u00e9, \u00e0 ce moment-l\u00e0, les plus <strong>grands navires cong\u00e9lateurs du monde et pionniers dans le traitement de poisson en haute mer<\/strong>.<\/p>\n<p>Actuellement, notre <strong>flotte est form\u00e9e par 53 navires<\/strong>, cong\u00e9lateurs et r\u00e9frig\u00e9rateurs qui p\u00eachent dans les principaux lieux de p\u00eache de l&rsquo;h\u00e9misph\u00e8re Sud en <strong>capturant et en s\u00e9lectionnant les meilleures esp\u00e8ces marines<\/strong>. Chalutiers, chalutiers \u00e0 tangons, chalutiers \u00e0 c\u00e9phalopodes et palangriers sp\u00e9cialis\u00e9s dans la p\u00eache de merlu, des baudroies, des castagnoles ou des abad\u00e8ches roses en Namibie, de grosses crevettes au Mozambique, de crevettes rouges, crevettes roses et crabes en Angola et de crevettes g\u00e9antes, de merlu noir, aussi connu comme toothfish, et d&rsquo;encornet en Argentine.[\/vc_column_text][\/vc_column_inner][\/vc_row_inner][vc_row_inner][vc_column_inner width=\u00a0\u00bb1\/2&Prime;][vc_column_text]<span class=\"titulo1\">Nous renouvelons notre flotte<\/span><\/p>\n<p>Notre engagement avec <a href=\"..\/..\/..\/..\/fr\/compromiso\/innovacion\/\"><strong>l&rsquo;Innovation<\/strong><\/a> est clair et <strong>l&rsquo;am\u00e9lioration constante<\/strong> dans toutes nos activit\u00e9s a provoqu\u00e9 la <strong>r\u00e9novation d&rsquo;une partie de la flotte avec la construction de nouveaux navires<\/strong> pour la Namibie et le Mozambique.[\/vc_column_text][\/vc_column_inner][vc_column_inner width=\u00a0\u00bb1\/2&Prime;][vc_raw_html]JTNDdmlkZW8lMjBpZCUzRCUyMnNhbXBsZU1vdmllJTIyJTIwd2lkdGglM0QlMjI0NDAlMjIlMjBoZWlnaHQlM0QlMjIyNDglMjIlMjBwcmVsb2FkJTNEJTIyJTIyJTIwbG9vcCUyMGNvbnRyb2xzJTNEJTIyJTIyJTIwcG9zdGVyJTNEJTIyaHR0cCUzQSUyRiUyRnd3dy5udWV2YXBlc2Nhbm92YS5jb20lMkZudWV2YXBlc2Nhbm92YSUyRndwLWNvbnRlbnQlMkZ1cGxvYWRzJTJGMjAxOCUyRjAxJTJGcGVzY2Fub3ZhLXZpZGVvLmpwZyUyMiUzRSUwQSUwOSUzQ3NvdXJjZSUyMHNyYyUzRCUyMmh0dHAlM0ElMkYlMkZ3d3cubnVldmFwZXNjYW5vdmEuY29tJTJGbnVldmFwZXNjYW5vdmElMkZ3cC1jb250ZW50JTJGdXBsb2FkcyUyRjIwMTglMkYwMSUyRnBlc2Nhbm92YS5tcDQlMjIlMjB0eXBlJTNEJTIydmlkZW8lMkZtcDQlM0IlMjBjb2RlY3MlM0QlMjZxdW90JTNCYXZjMS40MkUwMUUlMkMlMjBtcDRhLjQwLjIlMjZxdW90JTNCJTIyJTNFJTBBJTA5JTNDc291cmNlJTIwc3JjJTNEJTIyaHR0cCUzQSUyRiUyRnd3dy5udWV2YXBlc2Nhbm92YS5jb20lMkZudWV2YXBlc2Nhbm92YSUyRndwLWNvbnRlbnQlMkZ1cGxvYWRzJTJGMjAxOCUyRjAxJTJGcGVzY2Fub3ZhLndlYm0lMjIlMjB0eXBlJTNEJTIydmlkZW8lMkZ3ZWJtJTNCJTIwY29kZWNzJTNEJTI2cXVvdCUzQnZwOCUyQyUyMHZvcmJpcyUyNnF1b3QlM0IlMjIlM0UlMEElM0MlMkZ2aWRlbyUzRQ==[\/vc_raw_html][\/vc_column_inner][\/vc_row_inner][vc_row_inner el_class=\u00a0\u00bbsombra\u00a0\u00bb css=\u00a0\u00bb.vc_custom_1516614415691{margin-top: 0px !important;margin-bottom: 0px !important;padding-top: 0px !important;padding-bottom: 0px !important;}\u00a0\u00bb][vc_column_inner][vc_single_image image=\u00a0\u00bb31249&Prime; img_size=\u00a0\u00bbfull\u00a0\u00bb alignment=\u00a0\u00bbcenter\u00a0\u00bb css=\u00a0\u00bb.vc_custom_1677690457431{margin-top: 0px !important;margin-bottom: 0px !important;padding-top: 0px !important;padding-bottom: 0px !important;}\u00a0\u00bb][\/vc_column_inner][\/vc_row_inner][\/vc_column][\/vc_row][vc_row][vc_column][vc_column_text el_class=\u00a0\u00bbtitulo\u00a0\u00bb]Am\u00e9rique[\/vc_column_text][\/vc_column][\/vc_row][vc_row css=\u00a0\u00bb.vc_custom_1516440124158{margin-top: 0px !important;margin-bottom: 0px !important;padding-top: 0px !important;padding-bottom: 0px !important;background-color: #ffffff !important;}\u00a0\u00bb][vc_column][vc_row_inner css=\u00a0\u00bb.vc_custom_1516439024274{margin-top: 0px !important;margin-bottom: 0px !important;padding-top: 0px !important;padding-bottom: 0px !important;}\u00a0\u00bb][vc_column_inner width=\u00a0\u00bb1\/6&Prime; css=\u00a0\u00bb.vc_custom_1516440146501{margin-top: 0px !important;margin-bottom: 0px !important;padding-top: 0px !important;padding-bottom: 0px !important;}\u00a0\u00bb][vc_column_text el_class=\u00a0\u00bbtitulo1&Prime;]ARGENOVA[\/vc_column_text][vc_empty_space height=\u00a0\u00bb15px\u00a0\u00bb][vc_single_image image=\u00a0\u00bb4857&Prime; img_size=\u00a0\u00bbfull\u00a0\u00bb][\/vc_column_inner][vc_column_inner width=\u00a0\u00bb2\/6&Prime; css=\u00a0\u00bb.vc_custom_1516440153762{margin-top: 0px !important;margin-bottom: 0px !important;padding-top: 0px !important;padding-bottom: 0px !important;}\u00a0\u00bb][vc_column_text]Elle poss\u00e8de l\u2019une des plus grandes flottes du Groupe et parmi les produits qu\u2019elle p\u00eache se trouvent la crevette g\u00e9ante, l&rsquo;encornet et le merlu noir, \u00e9galement connu comme toothfish ou chilean seabass.<\/p>\n<p>Elle a commenc\u00e9 ses op\u00e9rations il y a 30 ans, son si\u00e8ge se trouve \u00e0 Puerto Deseado, province de Santa Cruz, dans la Patagonie argentine, o\u00f9 elle dispose d&rsquo;une usine de traitement et d&rsquo;un r\u00e9frig\u00e9rateur. Elle a en plus une flotte form\u00e9e par 16 navires, desquels douze sont des chalutiers \u00e0 tangons, deux chalutiers c\u00e9phalopodiers, un chalutier y un palangrier.[\/vc_column_text][\/vc_column_inner][vc_column_inner width=\u00a0\u00bb3\/6&Prime; css=\u00a0\u00bb.vc_custom_1516440131653{margin-top: 0px !important;margin-bottom: 0px !important;padding-top: 0px !important;padding-bottom: 0px !important;}\u00a0\u00bb][vc_single_image image=\u00a0\u00bb4860&Prime; img_size=\u00a0\u00bbfull\u00a0\u00bb][\/vc_column_inner][\/vc_row_inner][\/vc_column][\/vc_row][vc_row][vc_column][vc_column_text el_class=\u00a0\u00bbtitulo\u00a0\u00bb]Afrique[\/vc_column_text][\/vc_column][\/vc_row][vc_row css=\u00a0\u00bb.vc_custom_1516440124158{margin-top: 0px !important;margin-bottom: 0px !important;padding-top: 0px !important;padding-bottom: 0px !important;background-color: #ffffff !important;}\u00a0\u00bb][vc_column][vc_row_inner css=\u00a0\u00bb.vc_custom_1516439024274{margin-top: 0px !important;margin-bottom: 0px !important;padding-top: 0px !important;padding-bottom: 0px !important;}\u00a0\u00bb][vc_column_inner width=\u00a0\u00bb1\/6&Prime; css=\u00a0\u00bb.vc_custom_1516440146501{margin-top: 0px !important;margin-bottom: 0px !important;padding-top: 0px !important;padding-bottom: 0px !important;}\u00a0\u00bb][vc_column_text el_class=\u00a0\u00bbtitulo1&Prime; css=\u00a0\u00bb.vc_custom_1677673319143{padding-bottom: 25px !important;}\u00a0\u00bb]NOVA PESQUEIRA LOBITO[\/vc_column_text][vc_single_image image=\u00a0\u00bb4857&Prime; img_size=\u00a0\u00bbfull\u00a0\u00bb][\/vc_column_inner][vc_column_inner width=\u00a0\u00bb2\/6&Prime; css=\u00a0\u00bb.vc_custom_1516440153762{margin-top: 0px !important;margin-bottom: 0px !important;padding-top: 0px !important;padding-bottom: 0px !important;}\u00a0\u00bb][vc_column_text]Elle se trouve \u00e0 Benguela (Angola), il s&rsquo;agit d\u2019une des p\u00eacheries du Groupe dans le continent africain et elle est sp\u00e9cialis\u00e9e dans la capture de crevettes rouges, de crevettes roses et de crabes.[\/vc_column_text][\/vc_column_inner][vc_column_inner width=\u00a0\u00bb3\/6&Prime; css=\u00a0\u00bb.vc_custom_1516440131653{margin-top: 0px !important;margin-bottom: 0px !important;padding-top: 0px !important;padding-bottom: 0px !important;}\u00a0\u00bb][vc_single_image image=\u00a0\u00bb23280&Prime; img_size=\u00a0\u00bbfull\u00a0\u00bb][\/vc_column_inner][\/vc_row_inner][vc_separator][vc_row_inner css=\u00a0\u00bb.vc_custom_1516439024274{margin-top: 0px !important;margin-bottom: 0px !important;padding-top: 0px !important;padding-bottom: 0px !important;}\u00a0\u00bb][vc_column_inner width=\u00a0\u00bb1\/6&Prime; css=\u00a0\u00bb.vc_custom_1516440146501{margin-top: 0px !important;margin-bottom: 0px !important;padding-top: 0px !important;padding-bottom: 0px !important;}\u00a0\u00bb][vc_column_text el_class=\u00a0\u00bbtitulo1&Prime;]NOVANAM[\/vc_column_text][vc_empty_space height=\u00a0\u00bb15px\u00a0\u00bb][vc_single_image image=\u00a0\u00bb4857&Prime; img_size=\u00a0\u00bbfull\u00a0\u00bb][\/vc_column_inner][vc_column_inner width=\u00a0\u00bb2\/6&Prime; css=\u00a0\u00bb.vc_custom_1516440153762{margin-top: 0px !important;margin-bottom: 0px !important;padding-top: 0px !important;padding-bottom: 0px !important;}\u00a0\u00bb][vc_column_text]Ses bateaux de p\u00eache r\u00e9frig\u00e9r\u00e9s d\u00e9chargent dans les quais namibiens fondamentalement du merlu, bien que l\u2019on traite \u00e9galement et on commercialise le \u00ab\u00a0bycatch\u00a0\u00bb (prises accessoires), compos\u00e9 en majorit\u00e9 par des baudroies, des castagnoles ou des abad\u00e8ches roses. Elle se compose de deux usines en Namibie, une \u00e0 Walvis Bay et l\u2019autre \u00e0 L\u00fcderitz\u00a0; cette derni\u00e8re est le plus grand centre de traitement de merlu de toute l\u2019Afrique.[\/vc_column_text][\/vc_column_inner][vc_column_inner width=\u00a0\u00bb3\/6&Prime; css=\u00a0\u00bb.vc_custom_1516440131653{margin-top: 0px !important;margin-bottom: 0px !important;padding-top: 0px !important;padding-bottom: 0px !important;}\u00a0\u00bb][vc_single_image image=\u00a0\u00bb23279&Prime; img_size=\u00a0\u00bbfull\u00a0\u00bb][\/vc_column_inner][\/vc_row_inner][vc_separator][vc_row_inner el_class=\u00a0\u00bbsombra\u00a0\u00bb css=\u00a0\u00bb.vc_custom_1516440118212{margin-top: 0px !important;margin-bottom: 0px !important;padding-top: 0px !important;padding-bottom: 0px !important;}\u00a0\u00bb][vc_column_inner width=\u00a0\u00bb1\/6&Prime; css=\u00a0\u00bb.vc_custom_1516440474475{margin-top: 0px !important;margin-bottom: 0px !important;padding-top: 0px !important;padding-bottom: 0px !important;}\u00a0\u00bb][vc_column_text el_class=\u00a0\u00bbtitulo1&Prime; css=\u00a0\u00bb.vc_custom_1516458316221{margin-top: 0px !important;padding-top: 0px !important;}\u00a0\u00bb]PESCAMAR[\/vc_column_text][vc_empty_space height=\u00a0\u00bb15px\u00a0\u00bb][vc_single_image image=\u00a0\u00bb4857&Prime; img_size=\u00a0\u00bbfull\u00a0\u00bb css=\u00a0\u00bb.vc_custom_1516440455262{margin-bottom: 0px !important;padding-bottom: 0px !important;}\u00a0\u00bb][\/vc_column_inner][vc_column_inner width=\u00a0\u00bb2\/6&Prime;][vc_column_text css=\u00a0\u00bb.vc_custom_1642417699597{margin-top: 0px !important;margin-bottom: 0px !important;padding-top: 0px !important;padding-bottom: 0px !important;}\u00a0\u00bb]Elle se trouve \u00e0 Beira (Mozambique), elle poss\u00e8de la plus grande flotte de p\u00eache du Groupe, comptant 30 bateaux. Elle a commenc\u00e9 son activit\u00e9 en 1980 et elle est sp\u00e9cialis\u00e9e dans la p\u00eache de diverses esp\u00e8ces de crevettes, fondamentalement tigre, banana, Brown, ivoire et jumbo[\/vc_column_text][\/vc_column_inner][vc_column_inner width=\u00a0\u00bb3\/6&Prime; css=\u00a0\u00bb.vc_custom_1516440435315{margin-top: 0px !important;margin-bottom: 0px !important;padding-top: 0px !important;padding-bottom: 0px !important;}\u00a0\u00bb][vc_single_image image=\u00a0\u00bb4872&Prime; img_size=\u00a0\u00bbfull\u00a0\u00bb css=\u00a0\u00bb.vc_custom_1516458456542{margin-top: 0px !important;margin-bottom: 0px !important;padding-top: 0px !important;padding-bottom: 0px !important;}\u00a0\u00bb][\/vc_column_inner][\/vc_row_inner][\/vc_column][\/vc_row][vc_row][vc_column][vc_empty_space height=\u00a0\u00bb60px\u00a0\u00bb][\/vc_column][\/vc_row]<\/p>\n<\/section>","protected":false},"excerpt":{"rendered":"<p>[vc_row][vc_column width=\u00a0\u00bb1\/2&Prime;][vc_column_text el_class=\u00a0\u00bbtitulo\u00a0\u00bb]Nous p\u00eachons[\/vc_column_text][\/vc_column][vc_column width=\u00a0\u00bb1\/2&Prime;][vc_column_text el_class=\u00a0\u00bbtitulo-historia\u00a0\u00bb css=\u00a0\u00bb.vc_custom_1759159690823{margin-top: 40px !important;}\u00a0\u00bb] 53\u00a0navires dans l&rsquo;h\u00e9misph\u00e8re Sud [\/vc_column_text][\/vc_column][\/vc_row][vc_row css=\u00a0\u00bb.vc_custom_1516614379512{margin-top: 0px !important;margin-bottom: 0px !important;padding-top: 0px !important;padding-bottom: 0px !important;background-color: #ffffff !important;}\u00a0\u00bb][vc_column][vc_row_inner css=\u00a0\u00bb.vc_custom_1516436648202{margin-top:<span class=\"excerpt-hellip\"> [\u2026]<\/span><\/p>\n","protected":false},"author":3,"featured_media":0,"parent":0,"menu_order":1,"comment_status":"closed","ping_status":"closed","template":"","meta":{"_acf_changed":false,"footnotes":""},"class_list":["post-3192","page","type-page","status-publish","hentry"],"acf":[],"yoast_head":"<!-- This site is optimized with the Yoast SEO plugin v25.9 - https:\/\/yoast.com\/wordpress\/plugins\/seo\/ -->\n<title>Nous p\u00eachons - Nueva Pescanova<\/title>\n<meta name=\"robots\" content=\"index, follow, max-snippet:-1, max-image-preview:large, max-video-preview:-1\" \/>\n<link rel=\"canonical\" href=\"https:\/\/www.nuevapescanova.com\/fr\/pescamos\/\" \/>\n<meta property=\"og:locale\" content=\"fr_FR\" \/>\n<meta property=\"og:type\" content=\"article\" \/>\n<meta property=\"og:title\" content=\"Nous p\u00eachons - Nueva Pescanova\" \/>\n<meta property=\"og:description\" content=\"[vc_row][vc_column width=\u00a0\u00bb1\/2&Prime;][vc_column_text el_class=\u00a0\u00bbtitulo\u00a0\u00bb]Nous p\u00eachons[\/vc_column_text][\/vc_column][vc_column width=\u00a0\u00bb1\/2&Prime;][vc_column_text el_class=\u00a0\u00bbtitulo-historia\u00a0\u00bb css=\u00a0\u00bb.vc_custom_1759159690823{margin-top: 40px !important;}\u00a0\u00bb] 53\u00a0navires dans l&rsquo;h\u00e9misph\u00e8re Sud [\/vc_column_text][\/vc_column][\/vc_row][vc_row css=\u00a0\u00bb.vc_custom_1516614379512{margin-top: 0px !important;margin-bottom: 0px !important;padding-top: 0px !important;padding-bottom: 0px !important;background-color: #ffffff !important;}\u00a0\u00bb][vc_column][vc_row_inner css=\u00a0\u00bb.vc_custom_1516436648202{margin-top: [\u2026]\" \/>\n<meta property=\"og:url\" content=\"https:\/\/www.nuevapescanova.com\/fr\/pescamos\/\" \/>\n<meta property=\"og:site_name\" content=\"Nueva Pescanova\" \/>\n<meta property=\"article:modified_time\" content=\"2025-09-29T15:28:22+00:00\" \/>\n<meta name=\"twitter:card\" content=\"summary_large_image\" \/>\n<meta name=\"twitter:site\" content=\"@PescanovaCorp\" \/>\n<meta name=\"twitter:label1\" content=\"Dur\u00e9e de lecture estim\u00e9e\" \/>\n\t<meta name=\"twitter:data1\" content=\"6 minutes\" \/>\n<script type=\"application\/ld+json\" class=\"yoast-schema-graph\">{\"@context\":\"https:\/\/schema.org\",\"@graph\":[{\"@type\":\"WebPage\",\"@id\":\"https:\/\/www.nuevapescanova.com\/fr\/pescamos\/\",\"url\":\"https:\/\/www.nuevapescanova.com\/fr\/pescamos\/\",\"name\":\"Nous p\u00eachons - Nueva Pescanova\",\"isPartOf\":{\"@id\":\"https:\/\/www.nuevapescanova.com\/#website\"},\"datePublished\":\"2017-12-19T10:22:46+00:00\",\"dateModified\":\"2025-09-29T15:28:22+00:00\",\"breadcrumb\":{\"@id\":\"https:\/\/www.nuevapescanova.com\/fr\/pescamos\/#breadcrumb\"},\"inLanguage\":\"fr-FR\",\"potentialAction\":[{\"@type\":\"ReadAction\",\"target\":[\"https:\/\/www.nuevapescanova.com\/fr\/pescamos\/\"]}]},{\"@type\":\"BreadcrumbList\",\"@id\":\"https:\/\/www.nuevapescanova.com\/fr\/pescamos\/#breadcrumb\",\"itemListElement\":[{\"@type\":\"ListItem\",\"position\":1,\"name\":\"Portada\",\"item\":\"https:\/\/www.nuevapescanova.com\/fr\/\"},{\"@type\":\"ListItem\",\"position\":2,\"name\":\"Nous p\u00eachons\"}]},{\"@type\":\"WebSite\",\"@id\":\"https:\/\/www.nuevapescanova.com\/#website\",\"url\":\"https:\/\/www.nuevapescanova.com\/\",\"name\":\"Nueva Pescanova\",\"description\":\"\",\"publisher\":{\"@id\":\"https:\/\/www.nuevapescanova.com\/#organization\"},\"potentialAction\":[{\"@type\":\"SearchAction\",\"target\":{\"@type\":\"EntryPoint\",\"urlTemplate\":\"https:\/\/www.nuevapescanova.com\/?s={search_term_string}\"},\"query-input\":{\"@type\":\"PropertyValueSpecification\",\"valueRequired\":true,\"valueName\":\"search_term_string\"}}],\"inLanguage\":\"fr-FR\"},{\"@type\":\"Organization\",\"@id\":\"https:\/\/www.nuevapescanova.com\/#organization\",\"name\":\"Nueva Pescanova\",\"url\":\"https:\/\/www.nuevapescanova.com\/\",\"logo\":{\"@type\":\"ImageObject\",\"inLanguage\":\"fr-FR\",\"@id\":\"https:\/\/www.nuevapescanova.com\/#\/schema\/logo\/image\/\",\"url\":\"https:\/\/www.nuevapescanova.com\/nuevapescanova\/wp-content\/uploads\/2023\/06\/Logo-Grupo-Nueva-Pescanova.jpg\",\"contentUrl\":\"https:\/\/www.nuevapescanova.com\/nuevapescanova\/wp-content\/uploads\/2023\/06\/Logo-Grupo-Nueva-Pescanova.jpg\",\"width\":800,\"height\":398,\"caption\":\"Nueva Pescanova\"},\"image\":{\"@id\":\"https:\/\/www.nuevapescanova.com\/#\/schema\/logo\/image\/\"},\"sameAs\":[\"https:\/\/x.com\/PescanovaCorp\",\"https:\/\/www.linkedin.com\/company\/nuevapescanova\/?originalSubdomain=es\"]}]}<\/script>\n<!-- \/ Yoast SEO plugin. -->","yoast_head_json":{"title":"Nous p\u00eachons - Nueva Pescanova","robots":{"index":"index","follow":"follow","max-snippet":"max-snippet:-1","max-image-preview":"max-image-preview:large","max-video-preview":"max-video-preview:-1"},"canonical":"https:\/\/www.nuevapescanova.com\/fr\/pescamos\/","og_locale":"fr_FR","og_type":"article","og_title":"Nous p\u00eachons - Nueva Pescanova","og_description":"[vc_row][vc_column width=\u00a0\u00bb1\/2&Prime;][vc_column_text el_class=\u00a0\u00bbtitulo\u00a0\u00bb]Nous p\u00eachons[\/vc_column_text][\/vc_column][vc_column width=\u00a0\u00bb1\/2&Prime;][vc_column_text el_class=\u00a0\u00bbtitulo-historia\u00a0\u00bb css=\u00a0\u00bb.vc_custom_1759159690823{margin-top: 40px !important;}\u00a0\u00bb] 53\u00a0navires dans l&rsquo;h\u00e9misph\u00e8re Sud [\/vc_column_text][\/vc_column][\/vc_row][vc_row css=\u00a0\u00bb.vc_custom_1516614379512{margin-top: 0px !important;margin-bottom: 0px !important;padding-top: 0px !important;padding-bottom: 0px !important;background-color: #ffffff !important;}\u00a0\u00bb][vc_column][vc_row_inner css=\u00a0\u00bb.vc_custom_1516436648202{margin-top: [\u2026]","og_url":"https:\/\/www.nuevapescanova.com\/fr\/pescamos\/","og_site_name":"Nueva Pescanova","article_modified_time":"2025-09-29T15:28:22+00:00","twitter_card":"summary_large_image","twitter_site":"@PescanovaCorp","twitter_misc":{"Dur\u00e9e de lecture estim\u00e9e":"6 minutes"},"schema":{"@context":"https:\/\/schema.org","@graph":[{"@type":"WebPage","@id":"https:\/\/www.nuevapescanova.com\/fr\/pescamos\/","url":"https:\/\/www.nuevapescanova.com\/fr\/pescamos\/","name":"Nous p\u00eachons - Nueva Pescanova","isPartOf":{"@id":"https:\/\/www.nuevapescanova.com\/#website"},"datePublished":"2017-12-19T10:22:46+00:00","dateModified":"2025-09-29T15:28:22+00:00","breadcrumb":{"@id":"https:\/\/www.nuevapescanova.com\/fr\/pescamos\/#breadcrumb"},"inLanguage":"fr-FR","potentialAction":[{"@type":"ReadAction","target":["https:\/\/www.nuevapescanova.com\/fr\/pescamos\/"]}]},{"@type":"BreadcrumbList","@id":"https:\/\/www.nuevapescanova.com\/fr\/pescamos\/#breadcrumb","itemListElement":[{"@type":"ListItem","position":1,"name":"Portada","item":"https:\/\/www.nuevapescanova.com\/fr\/"},{"@type":"ListItem","position":2,"name":"Nous p\u00eachons"}]},{"@type":"WebSite","@id":"https:\/\/www.nuevapescanova.com\/#website","url":"https:\/\/www.nuevapescanova.com\/","name":"Nueva Pescanova","description":"","publisher":{"@id":"https:\/\/www.nuevapescanova.com\/#organization"},"potentialAction":[{"@type":"SearchAction","target":{"@type":"EntryPoint","urlTemplate":"https:\/\/www.nuevapescanova.com\/?s={search_term_string}"},"query-input":{"@type":"PropertyValueSpecification","valueRequired":true,"valueName":"search_term_string"}}],"inLanguage":"fr-FR"},{"@type":"Organization","@id":"https:\/\/www.nuevapescanova.com\/#organization","name":"Nueva Pescanova","url":"https:\/\/www.nuevapescanova.com\/","logo":{"@type":"ImageObject","inLanguage":"fr-FR","@id":"https:\/\/www.nuevapescanova.com\/#\/schema\/logo\/image\/","url":"https:\/\/www.nuevapescanova.com\/nuevapescanova\/wp-content\/uploads\/2023\/06\/Logo-Grupo-Nueva-Pescanova.jpg","contentUrl":"https:\/\/www.nuevapescanova.com\/nuevapescanova\/wp-content\/uploads\/2023\/06\/Logo-Grupo-Nueva-Pescanova.jpg","width":800,"height":398,"caption":"Nueva Pescanova"},"image":{"@id":"https:\/\/www.nuevapescanova.com\/#\/schema\/logo\/image\/"},"sameAs":["https:\/\/x.com\/PescanovaCorp","https:\/\/www.linkedin.com\/company\/nuevapescanova\/?originalSubdomain=es"]}]}},"_links":{"self":[{"href":"https:\/\/www.nuevapescanova.com\/fr\/wp-json\/wp\/v2\/pages\/3192","targetHints":{"allow":["GET"]}}],"collection":[{"href":"https:\/\/www.nuevapescanova.com\/fr\/wp-json\/wp\/v2\/pages"}],"about":[{"href":"https:\/\/www.nuevapescanova.com\/fr\/wp-json\/wp\/v2\/types\/page"}],"author":[{"embeddable":true,"href":"https:\/\/www.nuevapescanova.com\/fr\/wp-json\/wp\/v2\/users\/3"}],"replies":[{"embeddable":true,"href":"https:\/\/www.nuevapescanova.com\/fr\/wp-json\/wp\/v2\/comments?post=3192"}],"version-history":[{"count":12,"href":"https:\/\/www.nuevapescanova.com\/fr\/wp-json\/wp\/v2\/pages\/3192\/revisions"}],"predecessor-version":[{"id":46383,"href":"https:\/\/www.nuevapescanova.com\/fr\/wp-json\/wp\/v2\/pages\/3192\/revisions\/46383"}],"wp:attachment":[{"href":"https:\/\/www.nuevapescanova.com\/fr\/wp-json\/wp\/v2\/media?parent=3192"}],"curies":[{"name":"wp","href":"https:\/\/api.w.org\/{rel}","templated":true}]}}