{"id":3195,"date":"2017-12-19T17:04:09","date_gmt":"2017-12-19T17:04:09","guid":{"rendered":"http:\/\/demo.nuevapescanova.com\/que-hacemos\/comercializamos\/"},"modified":"2025-10-16T10:46:11","modified_gmt":"2025-10-16T10:46:11","slug":"comercializamos","status":"publish","type":"page","link":"https:\/\/www.nuevapescanova.com\/fr\/comercializamos\/","title":{"rendered":"Nous commercialisons"},"content":{"rendered":"<section class=\"wpb-content-wrapper\"><p>[vc_row][vc_column width=\u00a0\u00bb1\/2&Prime;][vc_column_text el_class=\u00a0\u00bbtitulo\u00a0\u00bb]Nous commercialisons[\/vc_column_text][\/vc_column][vc_column width=\u00a0\u00bb1\/2&Prime;][vc_column_text el_class=\u00a0\u00bbtitulo-historia\u00a0\u00bb css=\u00a0\u00bb.vc_custom_1520526005156{margin-top: 40px !important;}\u00a0\u00bb]<\/p>\n<p style=\"text-align: right;\">Nous vous emmenons la <strong>fra\u00eecheur<\/strong> de la <strong>mer<\/strong><\/p>\n<p>[\/vc_column_text][\/vc_column][\/vc_row][vc_row css=\u00a0\u00bb.vc_custom_1516436638933{margin-top: 0px !important;margin-bottom: 0px !important;padding-top: 0px !important;padding-bottom: 0px !important;background-color: #ffffff !important;}\u00a0\u00bb][vc_column][vc_row_inner css=\u00a0\u00bb.vc_custom_1516473622805{margin-top: 0px !important;margin-bottom: 0px !important;padding-top: 0px !important;padding-bottom: 0px !important;}\u00a0\u00bb el_class=\u00a0\u00bbsombra\u00a0\u00bb][vc_column_inner css=\u00a0\u00bb.vc_custom_1516473631873{margin-bottom: 0px !important;padding-bottom: 0px !important;}\u00a0\u00bb][vc_column_text]Il y a plus de 60 ans que nous mettons dans l&rsquo;assiette des m\u00e9nages du monte entier les meilleurs produits de la mer, en faisant de <strong>l&rsquo;innovation<\/strong>, de la fra\u00eecheur et de la <strong>qualit\u00e9<\/strong> les signes distinctifs de la marque Pescanova. Actuellement, nos produits sont vendus dans <strong>80 pays de 5 continents<\/strong>.<\/p>\n<p>Nous avons \u00e9t\u00e9 les premiers \u00e0 introduire les produits de la mer surgel\u00e9s en Espagne et dans beaucoup d&rsquo;autres pays. Depuis ce moment-l\u00e0 nous avons toujours essay\u00e9 <strong>d&rsquo;anticiper les nouvelles tendances de consommation<\/strong>, avec des<strong> produits frais et pr\u00eat \u00e0 prendre, des plats faciles \u00e0 pr\u00e9parer et qui s&rsquo;adaptent aux derni\u00e8res habitudes de consommation<\/strong>, comme les moments de \u00ab\u00a0<em>snacking<\/em> \u00e0 la maison\u00a0\u00bb, sans renoncer \u00e0 la sant\u00e9 et au plaisir.[\/vc_column_text][vc_column_text][\/vc_column_text][\/vc_column_inner][\/vc_row_inner][\/vc_column][\/vc_row][vc_row][vc_column][vc_column_text el_class=\u00a0\u00bbtitulo\u00a0\u00bb]Bureaux commerciaux[\/vc_column_text][\/vc_column][\/vc_row][vc_row css=\u00a0\u00bb.vc_custom_1516440124158{margin-top: 0px !important;margin-bottom: 0px !important;padding-top: 0px !important;padding-bottom: 0px !important;background-color: #ffffff !important;}\u00a0\u00bb][vc_column][vc_single_image image=\u00a0\u00bb1884&Prime; img_size=\u00a0\u00bbfull\u00a0\u00bb css=\u00a0\u00bb.vc_custom_1517144033637{margin-bottom: 0px !important;padding-bottom: 0px !important;}\u00a0\u00bb][vc_row_inner equal_height=\u00a0\u00bbyes\u00a0\u00bb content_placement=\u00a0\u00bbtop\u00a0\u00bb css=\u00a0\u00bb.vc_custom_1516614228447{margin-top: 0px !important;margin-bottom: 0px !important;padding-top: 0px !important;padding-bottom: 0px !important;}\u00a0\u00bb][vc_column_inner width=\u00a0\u00bb1\/3&Prime; css=\u00a0\u00bb.vc_custom_1516440146501{margin-top: 0px !important;margin-bottom: 0px !important;padding-top: 0px !important;padding-bottom: 0px !important;}\u00a0\u00bb][vc_column_text css=\u00a0\u00bb.vc_custom_1520534264078{margin-top: 0px !important;margin-bottom: 0px !important;padding-top: 0px !important;padding-bottom: 0px !important;}\u00a0\u00bb]<\/p>\n<h4>Bureau Commercial Chapela<\/h4>\n<p>R\u00faa Jos\u00e9 Fern\u00e1ndez L\u00f3pez s\/n<br \/>\n36320 Chapela. Redondela.<\/p>\n<p>ESPAGNE<\/p>\n<p><a href=\"http:\/\/www.pescanova.es\" target=\"_blank\" rel=\"noopener noreferrer\">www.pescanova.es<\/a>[\/vc_column_text][\/vc_column_inner][vc_column_inner width=\u00a0\u00bb1\/3&Prime; css=\u00a0\u00bb.vc_custom_1516440153762{margin-top: 0px !important;margin-bottom: 0px !important;padding-top: 0px !important;padding-bottom: 0px !important;}\u00a0\u00bb][vc_column_text css=\u00a0\u00bb.vc_custom_1728314807497{margin-top: 0px !important;margin-bottom: 0px !important;padding-top: 0px !important;padding-bottom: 0px !important;}\u00a0\u00bb]<\/p>\n<h4>Bureau Commercial Madrid \u2013 Trading Mayor<\/h4>\n<p>C\/ Enrique Larreta, 3 &#8211; 1\u00ba A.<br \/>\n28036 Madrid<\/p>\n<p>ESPAGNE[\/vc_column_text][\/vc_column_inner][vc_column_inner width=\u00a0\u00bb1\/3&Prime;][vc_column_text css=\u00a0\u00bb.vc_custom_1574412685996{margin-top: 0px !important;margin-bottom: 0px !important;padding-top: 0px !important;padding-bottom: 0px !important;}\u00a0\u00bb]<\/p>\n<h4>Nueva Pescanova France<\/h4>\n<p>5 Chemin Des Presses<br \/>\nTechnopolis \u2013 BAT P<br \/>\n06800 Cagnes-Sur-Mer<\/p>\n<p>FRANCE<\/p>\n<p><a href=\"http:\/\/www.pescanova.fr\" target=\"_blank\" rel=\"noopener noreferrer\">www.pescanova.fr<\/a>[\/vc_column_text][\/vc_column_inner][\/vc_row_inner][vc_row_inner equal_height=\u00a0\u00bbyes\u00a0\u00bb content_placement=\u00a0\u00bbtop\u00a0\u00bb css=\u00a0\u00bb.vc_custom_1517171230655{margin-top: 40px !important;margin-bottom: 0px !important;padding-top: 0px !important;padding-bottom: 0px !important;}\u00a0\u00bb][vc_column_inner width=\u00a0\u00bb1\/3&Prime; css=\u00a0\u00bb.vc_custom_1516440146501{margin-top: 0px !important;margin-bottom: 0px !important;padding-top: 0px !important;padding-bottom: 0px !important;}\u00a0\u00bb][vc_column_text css=\u00a0\u00bb.vc_custom_1574353971308{margin-top: 0px !important;margin-bottom: 0px !important;padding-top: 0px !important;padding-bottom: 0px !important;}\u00a0\u00bb]<\/p>\n<h4>Pescanova Hellas<\/h4>\n<p>53 Pentelis Ave. &amp; 16-18 Patroklou Str.<br \/>\n15235, Vrilissia.<br \/>\nAthens<\/p>\n<p>GR\u00c8CE<\/p>\n<p><a href=\"http:\/\/www.pescanova.gr\" target=\"_blank\" rel=\"noopener noreferrer\">www.pescanova.gr<\/a>[\/vc_column_text][\/vc_column_inner][vc_column_inner width=\u00a0\u00bb1\/3&Prime; css=\u00a0\u00bb.vc_custom_1516440153762{margin-top: 0px !important;margin-bottom: 0px !important;padding-top: 0px !important;padding-bottom: 0px !important;}\u00a0\u00bb][vc_column_text css=\u00a0\u00bb.vc_custom_1574353984980{margin-top: 0px !important;margin-bottom: 0px !important;padding-top: 0px !important;padding-bottom: 0px !important;}\u00a0\u00bb]<\/p>\n<h4>Pescanova Italia, S.A<\/h4>\n<p>Via Ugo Bassi, 7<br \/>\n40121 Bologna (BO)<\/p>\n<p>ITALIE<\/p>\n<p><a href=\"http:\/\/www.pescanova.it\" target=\"_blank\" rel=\"noopener noreferrer\">www.pescanova.it<\/a>[\/vc_column_text][\/vc_column_inner][vc_column_inner width=\u00a0\u00bb1\/3&Prime;][vc_column_text]<\/p>\n<h4>Novaper\u00fa<\/h4>\n<p>Parque Industrial Indupark. Manzana G. Lotes 2 y 3<br \/>\n<span dir=\"ltr\">Chilca. Lima. Perou<br \/>\nTel: (+511) 617 4200<br \/>\n<a href=\"https:\/\/www.pescanova.pe\/\" target=\"_blank\" rel=\"noopener\">https:\/\/www.pescanova.pe\/<\/a><\/span>[\/vc_column_text][\/vc_column_inner][\/vc_row_inner][vc_row_inner equal_height=\u00a0\u00bbyes\u00a0\u00bb content_placement=\u00a0\u00bbtop\u00a0\u00bb css=\u00a0\u00bb.vc_custom_1517171230655{margin-top: 40px !important;margin-bottom: 0px !important;padding-top: 0px !important;padding-bottom: 0px !important;}\u00a0\u00bb][vc_column_inner width=\u00a0\u00bb1\/3&Prime; css=\u00a0\u00bb.vc_custom_1516440153762{margin-top: 0px !important;margin-bottom: 0px !important;padding-top: 0px !important;padding-bottom: 0px !important;}\u00a0\u00bb][vc_column_text css=\u00a0\u00bb.vc_custom_1729527242442{margin-top: 0px !important;margin-bottom: 0px !important;padding-top: 0px !important;padding-bottom: 0px !important;}\u00a0\u00bb]<\/p>\n<h4>Pescanova USA<\/h4>\n<p>201 South Biscayne Boulevard, Suite 730<br \/>\nMiami, FL 33131<\/p>\n<p>EU<\/p>\n<p><a href=\"http:\/\/www.pescanovausa.com\" target=\"_blank\" rel=\"noopener noreferrer\">www.pescanovausa.com<\/a>[\/vc_column_text][\/vc_column_inner][vc_column_inner width=\u00a0\u00bb1\/3&Prime;][vc_column_text]<\/p>\n<h4>Nueva Pescanova South Africa<\/h4>\n<p>Unit 8, Tyger Quays, Tyger waterfront<br \/>\nBellville, 7550<\/p>\n<p>AFRIQUE DO SUL<\/p>\n<p><a href=\"http:\/\/www.pescanovaweb.co.za\" target=\"_blank\" rel=\"noopener\">www.pescanovaweb.co.za<\/a>[\/vc_column_text][\/vc_column_inner][vc_column_inner width=\u00a0\u00bb1\/3&Prime;][vc_column_text]<\/p>\n<h4>Pescanova Portugal<\/h4>\n<p>Avenida Da Republica 1, B-4 1495-110, Alg\u00e9s<\/p>\n<p>PORTUGAL<\/p>\n<p><a href=\"http:\/\/www.pescanova.pt\" target=\"_blank\" rel=\"noopener noreferrer\">www.pescanova.pt<\/a>[\/vc_column_text][\/vc_column_inner][\/vc_row_inner][\/vc_column][\/vc_row][vc_row][vc_column][vc_empty_space height=\u00a0\u00bb60px\u00a0\u00bb][\/vc_column][\/vc_row]<\/p>\n<\/section>","protected":false},"excerpt":{"rendered":"<p>[vc_row][vc_column width=\u00a0\u00bb1\/2&Prime;][vc_column_text el_class=\u00a0\u00bbtitulo\u00a0\u00bb]Nous commercialisons[\/vc_column_text][\/vc_column][vc_column width=\u00a0\u00bb1\/2&Prime;][vc_column_text el_class=\u00a0\u00bbtitulo-historia\u00a0\u00bb css=\u00a0\u00bb.vc_custom_1520526005156{margin-top: 40px !important;}\u00a0\u00bb] Nous vous emmenons la fra\u00eecheur de la mer [\/vc_column_text][\/vc_column][\/vc_row][vc_row css=\u00a0\u00bb.vc_custom_1516436638933{margin-top: 0px !important;margin-bottom: 0px !important;padding-top: 0px !important;padding-bottom: 0px<span class=\"excerpt-hellip\"> [\u2026]<\/span><\/p>\n","protected":false},"author":3,"featured_media":0,"parent":0,"menu_order":4,"comment_status":"closed","ping_status":"closed","template":"","meta":{"_acf_changed":false,"footnotes":""},"class_list":["post-3195","page","type-page","status-publish","hentry"],"acf":[],"yoast_head":"<!-- This site is optimized with the Yoast SEO plugin v25.9 - https:\/\/yoast.com\/wordpress\/plugins\/seo\/ -->\n<title>Nous commercialisons - Nueva Pescanova<\/title>\n<meta name=\"robots\" content=\"index, follow, max-snippet:-1, max-image-preview:large, max-video-preview:-1\" \/>\n<link rel=\"canonical\" href=\"https:\/\/www.nuevapescanova.com\/fr\/comercializamos\/\" \/>\n<meta property=\"og:locale\" content=\"fr_FR\" \/>\n<meta property=\"og:type\" content=\"article\" \/>\n<meta property=\"og:title\" content=\"Nous commercialisons - Nueva Pescanova\" \/>\n<meta property=\"og:description\" content=\"[vc_row][vc_column width=\u00a0\u00bb1\/2&Prime;][vc_column_text el_class=\u00a0\u00bbtitulo\u00a0\u00bb]Nous commercialisons[\/vc_column_text][\/vc_column][vc_column width=\u00a0\u00bb1\/2&Prime;][vc_column_text el_class=\u00a0\u00bbtitulo-historia\u00a0\u00bb css=\u00a0\u00bb.vc_custom_1520526005156{margin-top: 40px !important;}\u00a0\u00bb] Nous vous emmenons la fra\u00eecheur de la mer [\/vc_column_text][\/vc_column][\/vc_row][vc_row css=\u00a0\u00bb.vc_custom_1516436638933{margin-top: 0px !important;margin-bottom: 0px !important;padding-top: 0px !important;padding-bottom: 0px [\u2026]\" \/>\n<meta property=\"og:url\" content=\"https:\/\/www.nuevapescanova.com\/fr\/comercializamos\/\" \/>\n<meta property=\"og:site_name\" content=\"Nueva Pescanova\" \/>\n<meta property=\"article:modified_time\" content=\"2025-10-16T10:46:11+00:00\" \/>\n<meta name=\"twitter:card\" content=\"summary_large_image\" \/>\n<meta name=\"twitter:site\" content=\"@PescanovaCorp\" \/>\n<meta name=\"twitter:label1\" content=\"Dur\u00e9e de lecture estim\u00e9e\" \/>\n\t<meta name=\"twitter:data1\" content=\"3 minutes\" \/>\n<script type=\"application\/ld+json\" class=\"yoast-schema-graph\">{\"@context\":\"https:\/\/schema.org\",\"@graph\":[{\"@type\":\"WebPage\",\"@id\":\"https:\/\/www.nuevapescanova.com\/fr\/comercializamos\/\",\"url\":\"https:\/\/www.nuevapescanova.com\/fr\/comercializamos\/\",\"name\":\"Nous commercialisons - Nueva Pescanova\",\"isPartOf\":{\"@id\":\"https:\/\/www.nuevapescanova.com\/#website\"},\"datePublished\":\"2017-12-19T17:04:09+00:00\",\"dateModified\":\"2025-10-16T10:46:11+00:00\",\"breadcrumb\":{\"@id\":\"https:\/\/www.nuevapescanova.com\/fr\/comercializamos\/#breadcrumb\"},\"inLanguage\":\"fr-FR\",\"potentialAction\":[{\"@type\":\"ReadAction\",\"target\":[\"https:\/\/www.nuevapescanova.com\/fr\/comercializamos\/\"]}]},{\"@type\":\"BreadcrumbList\",\"@id\":\"https:\/\/www.nuevapescanova.com\/fr\/comercializamos\/#breadcrumb\",\"itemListElement\":[{\"@type\":\"ListItem\",\"position\":1,\"name\":\"Portada\",\"item\":\"https:\/\/www.nuevapescanova.com\/fr\/\"},{\"@type\":\"ListItem\",\"position\":2,\"name\":\"Nous commercialisons\"}]},{\"@type\":\"WebSite\",\"@id\":\"https:\/\/www.nuevapescanova.com\/#website\",\"url\":\"https:\/\/www.nuevapescanova.com\/\",\"name\":\"Nueva Pescanova\",\"description\":\"\",\"publisher\":{\"@id\":\"https:\/\/www.nuevapescanova.com\/#organization\"},\"potentialAction\":[{\"@type\":\"SearchAction\",\"target\":{\"@type\":\"EntryPoint\",\"urlTemplate\":\"https:\/\/www.nuevapescanova.com\/?s={search_term_string}\"},\"query-input\":{\"@type\":\"PropertyValueSpecification\",\"valueRequired\":true,\"valueName\":\"search_term_string\"}}],\"inLanguage\":\"fr-FR\"},{\"@type\":\"Organization\",\"@id\":\"https:\/\/www.nuevapescanova.com\/#organization\",\"name\":\"Nueva Pescanova\",\"url\":\"https:\/\/www.nuevapescanova.com\/\",\"logo\":{\"@type\":\"ImageObject\",\"inLanguage\":\"fr-FR\",\"@id\":\"https:\/\/www.nuevapescanova.com\/#\/schema\/logo\/image\/\",\"url\":\"https:\/\/www.nuevapescanova.com\/nuevapescanova\/wp-content\/uploads\/2023\/06\/Logo-Grupo-Nueva-Pescanova.jpg\",\"contentUrl\":\"https:\/\/www.nuevapescanova.com\/nuevapescanova\/wp-content\/uploads\/2023\/06\/Logo-Grupo-Nueva-Pescanova.jpg\",\"width\":800,\"height\":398,\"caption\":\"Nueva Pescanova\"},\"image\":{\"@id\":\"https:\/\/www.nuevapescanova.com\/#\/schema\/logo\/image\/\"},\"sameAs\":[\"https:\/\/x.com\/PescanovaCorp\",\"https:\/\/www.linkedin.com\/company\/nuevapescanova\/?originalSubdomain=es\"]}]}<\/script>\n<!-- \/ Yoast SEO plugin. -->","yoast_head_json":{"title":"Nous commercialisons - Nueva Pescanova","robots":{"index":"index","follow":"follow","max-snippet":"max-snippet:-1","max-image-preview":"max-image-preview:large","max-video-preview":"max-video-preview:-1"},"canonical":"https:\/\/www.nuevapescanova.com\/fr\/comercializamos\/","og_locale":"fr_FR","og_type":"article","og_title":"Nous commercialisons - Nueva Pescanova","og_description":"[vc_row][vc_column width=\u00a0\u00bb1\/2&Prime;][vc_column_text el_class=\u00a0\u00bbtitulo\u00a0\u00bb]Nous commercialisons[\/vc_column_text][\/vc_column][vc_column width=\u00a0\u00bb1\/2&Prime;][vc_column_text el_class=\u00a0\u00bbtitulo-historia\u00a0\u00bb css=\u00a0\u00bb.vc_custom_1520526005156{margin-top: 40px !important;}\u00a0\u00bb] Nous vous emmenons la fra\u00eecheur de la mer [\/vc_column_text][\/vc_column][\/vc_row][vc_row css=\u00a0\u00bb.vc_custom_1516436638933{margin-top: 0px !important;margin-bottom: 0px !important;padding-top: 0px !important;padding-bottom: 0px [\u2026]","og_url":"https:\/\/www.nuevapescanova.com\/fr\/comercializamos\/","og_site_name":"Nueva Pescanova","article_modified_time":"2025-10-16T10:46:11+00:00","twitter_card":"summary_large_image","twitter_site":"@PescanovaCorp","twitter_misc":{"Dur\u00e9e de lecture estim\u00e9e":"3 minutes"},"schema":{"@context":"https:\/\/schema.org","@graph":[{"@type":"WebPage","@id":"https:\/\/www.nuevapescanova.com\/fr\/comercializamos\/","url":"https:\/\/www.nuevapescanova.com\/fr\/comercializamos\/","name":"Nous commercialisons - Nueva Pescanova","isPartOf":{"@id":"https:\/\/www.nuevapescanova.com\/#website"},"datePublished":"2017-12-19T17:04:09+00:00","dateModified":"2025-10-16T10:46:11+00:00","breadcrumb":{"@id":"https:\/\/www.nuevapescanova.com\/fr\/comercializamos\/#breadcrumb"},"inLanguage":"fr-FR","potentialAction":[{"@type":"ReadAction","target":["https:\/\/www.nuevapescanova.com\/fr\/comercializamos\/"]}]},{"@type":"BreadcrumbList","@id":"https:\/\/www.nuevapescanova.com\/fr\/comercializamos\/#breadcrumb","itemListElement":[{"@type":"ListItem","position":1,"name":"Portada","item":"https:\/\/www.nuevapescanova.com\/fr\/"},{"@type":"ListItem","position":2,"name":"Nous commercialisons"}]},{"@type":"WebSite","@id":"https:\/\/www.nuevapescanova.com\/#website","url":"https:\/\/www.nuevapescanova.com\/","name":"Nueva Pescanova","description":"","publisher":{"@id":"https:\/\/www.nuevapescanova.com\/#organization"},"potentialAction":[{"@type":"SearchAction","target":{"@type":"EntryPoint","urlTemplate":"https:\/\/www.nuevapescanova.com\/?s={search_term_string}"},"query-input":{"@type":"PropertyValueSpecification","valueRequired":true,"valueName":"search_term_string"}}],"inLanguage":"fr-FR"},{"@type":"Organization","@id":"https:\/\/www.nuevapescanova.com\/#organization","name":"Nueva Pescanova","url":"https:\/\/www.nuevapescanova.com\/","logo":{"@type":"ImageObject","inLanguage":"fr-FR","@id":"https:\/\/www.nuevapescanova.com\/#\/schema\/logo\/image\/","url":"https:\/\/www.nuevapescanova.com\/nuevapescanova\/wp-content\/uploads\/2023\/06\/Logo-Grupo-Nueva-Pescanova.jpg","contentUrl":"https:\/\/www.nuevapescanova.com\/nuevapescanova\/wp-content\/uploads\/2023\/06\/Logo-Grupo-Nueva-Pescanova.jpg","width":800,"height":398,"caption":"Nueva Pescanova"},"image":{"@id":"https:\/\/www.nuevapescanova.com\/#\/schema\/logo\/image\/"},"sameAs":["https:\/\/x.com\/PescanovaCorp","https:\/\/www.linkedin.com\/company\/nuevapescanova\/?originalSubdomain=es"]}]}},"_links":{"self":[{"href":"https:\/\/www.nuevapescanova.com\/fr\/wp-json\/wp\/v2\/pages\/3195","targetHints":{"allow":["GET"]}}],"collection":[{"href":"https:\/\/www.nuevapescanova.com\/fr\/wp-json\/wp\/v2\/pages"}],"about":[{"href":"https:\/\/www.nuevapescanova.com\/fr\/wp-json\/wp\/v2\/types\/page"}],"author":[{"embeddable":true,"href":"https:\/\/www.nuevapescanova.com\/fr\/wp-json\/wp\/v2\/users\/3"}],"replies":[{"embeddable":true,"href":"https:\/\/www.nuevapescanova.com\/fr\/wp-json\/wp\/v2\/comments?post=3195"}],"version-history":[{"count":12,"href":"https:\/\/www.nuevapescanova.com\/fr\/wp-json\/wp\/v2\/pages\/3195\/revisions"}],"predecessor-version":[{"id":46644,"href":"https:\/\/www.nuevapescanova.com\/fr\/wp-json\/wp\/v2\/pages\/3195\/revisions\/46644"}],"wp:attachment":[{"href":"https:\/\/www.nuevapescanova.com\/fr\/wp-json\/wp\/v2\/media?parent=3195"}],"curies":[{"name":"wp","href":"https:\/\/api.w.org\/{rel}","templated":true}]}}