{"id":3648,"date":"2017-12-14T13:43:53","date_gmt":"2017-12-14T13:43:53","guid":{"rendered":"http:\/\/demo.nuevapescanova.com\/compania\/consejo-de-administracion\/d-ignacio-gonzalez-hernandez\/"},"modified":"2023-01-25T16:29:10","modified_gmt":"2023-01-25T16:29:10","slug":"d-ignacio-gonzalez-hernandez","status":"publish","type":"page","link":"https:\/\/www.nuevapescanova.com\/fr\/compania\/conseil-dadministration\/d-ignacio-gonzalez-hernandez\/","title":{"rendered":"M. Ignacio Gonz\u00e1lez Hern\u00e1ndez"},"content":{"rendered":"<section class=\"wpb-content-wrapper\"><p>[vc_row][vc_column width=\u00a0\u00bb1\/3&Prime;]<div class=\"photo_box element_classes  without-desc\"><div class=\"image_frame\"><div class=\"image_wrapper\"><div class=\"mask\"><\/div><img loading=\"lazy\" decoding=\"async\" class=\"scale-with-grid\" src=\"https:\/\/www.nuevapescanova.com\/nuevapescanova\/wp-content\/uploads\/2023\/01\/Ignacio-Gonzalez-web_.jpg\" alt=\"Ignacio-Gonzalez-web_\" width=\"300\" height=\"300\"\/><\/div><\/div><\/div>\n[\/vc_column][vc_column width=\u00a0\u00bb2\/3&Prime;][vc_column_text]<\/p>\n<h2>Ignacio Gonz\u00e1lez Hern\u00e1ndez<\/h2>\n<h4>Administrateur<\/h4>\n<hr class=\" hr_color\" style=\"margin:0 auto 30px;\"\/>\n\n<p>M. Ignacio Gonz\u00e1lez a <strong>un dipl\u00f4me en<\/strong> <strong>Sciences de l&rsquo;Entreprise par l&rsquo;ICADE<\/strong>.<\/p>\n<p>Il a commenc\u00e9 son parcours professionnel dans les <strong>Centres Commerciaux Continente<\/strong>. Pendant presque deux d\u00e9cennies d&rsquo;engagement au <strong>Grupo Carrefour<\/strong>, et apr\u00e8s avoir occup\u00e9 diff\u00e9rents postes dans le domaine du Marketing, des Achats et Commerical il est arriv\u00e9 au Comit\u00e9 Ex\u00e9cutif mondial de la multinationale fran\u00e7aise en assumant la Direction d&rsquo;Achats du Groupe et la Direction commercial de la France.<\/p>\n<p>Apr\u00e8s, il s&rsquo;est incorpor\u00e9 au <strong>Grupo Campofr\u00edo<\/strong> et il a occup\u00e9 deux postes de grande responsabilit\u00e9\u00a0: PDG de Campofr\u00edo Espa\u00f1a et General Manager Southern Europe (Spain, Italy, Portugal) &amp; USA de Campofr\u00edo Food Group (d&rsquo;avril 2013 au mois de janvier 2016), o\u00f9 il se responsabilise du cluster Sud de l&rsquo;Europe y des USA.<\/p>\n<p>Depuis le mois de janvier de l&rsquo;ann\u00e9e 2016, il est <strong>Pr\u00e9sident-Directeur g\u00e9n\u00e9ral (PDG) de Nueva Pescanova SL<\/strong>\u00a0et il est membre de la\u00a0<strong>Commission Commerciale et de Strat\u00e9gie du Conseil d&rsquo;Administration<\/strong>.<\/p>\n<p>En outre, depuis juin 2021, il est pr\u00e9sident de <strong>l\u2019association espagnole de producteurs et distributeurs (AECOC)<\/strong>.[\/vc_column_text][\/vc_column][\/vc_row]<\/p>\n<\/section>","protected":false},"excerpt":{"rendered":"<p>[vc_row][vc_column width=\u00a0\u00bb1\/3&Prime;][\/vc_column][vc_column width=\u00a0\u00bb2\/3&Prime;][vc_column_text] Ignacio Gonz\u00e1lez Hern\u00e1ndez Administrateur M. Ignacio Gonz\u00e1lez a un dipl\u00f4me en Sciences de l&rsquo;Entreprise par l&rsquo;ICADE. Il a commenc\u00e9 son parcours professionnel dans<span class=\"excerpt-hellip\"> [\u2026]<\/span><\/p>\n","protected":false},"author":3,"featured_media":0,"parent":2725,"menu_order":10,"comment_status":"closed","ping_status":"closed","template":"","meta":{"_acf_changed":false,"footnotes":""},"class_list":["post-3648","page","type-page","status-publish","hentry"],"acf":[],"yoast_head":"<!-- This site is optimized with the Yoast SEO plugin v25.9 - https:\/\/yoast.com\/wordpress\/plugins\/seo\/ -->\n<title>M. Ignacio Gonz\u00e1lez Hern\u00e1ndez - Nueva Pescanova<\/title>\n<meta name=\"robots\" content=\"index, follow, max-snippet:-1, max-image-preview:large, max-video-preview:-1\" \/>\n<link rel=\"canonical\" href=\"https:\/\/www.nuevapescanova.com\/compania\/consejo-de-administracion\/d-ignacio-gonzalez-hernandez\/\" \/>\n<meta property=\"og:locale\" content=\"fr_FR\" \/>\n<meta property=\"og:type\" content=\"article\" \/>\n<meta property=\"og:title\" content=\"M. Ignacio Gonz\u00e1lez Hern\u00e1ndez - Nueva Pescanova\" \/>\n<meta property=\"og:description\" content=\"[vc_row][vc_column width=\u00a0\u00bb1\/3&Prime;][\/vc_column][vc_column width=\u00a0\u00bb2\/3&Prime;][vc_column_text] Ignacio Gonz\u00e1lez Hern\u00e1ndez Administrateur M. Ignacio Gonz\u00e1lez a un dipl\u00f4me en Sciences de l&rsquo;Entreprise par l&rsquo;ICADE. Il a commenc\u00e9 son parcours professionnel dans [\u2026]\" \/>\n<meta property=\"og:url\" content=\"https:\/\/www.nuevapescanova.com\/compania\/consejo-de-administracion\/d-ignacio-gonzalez-hernandez\/\" \/>\n<meta property=\"og:site_name\" content=\"Nueva Pescanova\" \/>\n<meta property=\"article:modified_time\" content=\"2023-01-25T16:29:10+00:00\" \/>\n<meta name=\"twitter:card\" content=\"summary_large_image\" \/>\n<meta name=\"twitter:site\" content=\"@PescanovaCorp\" \/>\n<meta name=\"twitter:label1\" content=\"Dur\u00e9e de lecture estim\u00e9e\" \/>\n\t<meta name=\"twitter:data1\" content=\"1 minute\" \/>\n<script type=\"application\/ld+json\" class=\"yoast-schema-graph\">{\"@context\":\"https:\/\/schema.org\",\"@graph\":[{\"@type\":\"WebPage\",\"@id\":\"https:\/\/www.nuevapescanova.com\/compania\/consejo-de-administracion\/d-ignacio-gonzalez-hernandez\/\",\"url\":\"https:\/\/www.nuevapescanova.com\/compania\/consejo-de-administracion\/d-ignacio-gonzalez-hernandez\/\",\"name\":\"M. Ignacio Gonz\u00e1lez Hern\u00e1ndez - Nueva Pescanova\",\"isPartOf\":{\"@id\":\"https:\/\/www.nuevapescanova.com\/#website\"},\"datePublished\":\"2017-12-14T13:43:53+00:00\",\"dateModified\":\"2023-01-25T16:29:10+00:00\",\"breadcrumb\":{\"@id\":\"https:\/\/www.nuevapescanova.com\/compania\/consejo-de-administracion\/d-ignacio-gonzalez-hernandez\/#breadcrumb\"},\"inLanguage\":\"fr-FR\",\"potentialAction\":[{\"@type\":\"ReadAction\",\"target\":[\"https:\/\/www.nuevapescanova.com\/compania\/consejo-de-administracion\/d-ignacio-gonzalez-hernandez\/\"]}]},{\"@type\":\"BreadcrumbList\",\"@id\":\"https:\/\/www.nuevapescanova.com\/compania\/consejo-de-administracion\/d-ignacio-gonzalez-hernandez\/#breadcrumb\",\"itemListElement\":[{\"@type\":\"ListItem\",\"position\":1,\"name\":\"Portada\",\"item\":\"https:\/\/www.nuevapescanova.com\/fr\/\"},{\"@type\":\"ListItem\",\"position\":2,\"name\":\"Soci\u00e9t\u00e9\",\"item\":\"https:\/\/www.nuevapescanova.com\/fr\/compania\/\"},{\"@type\":\"ListItem\",\"position\":3,\"name\":\"Conseil d\u00b4administration\",\"item\":\"https:\/\/www.nuevapescanova.com\/compania\/consejo-de-administracion\/\"},{\"@type\":\"ListItem\",\"position\":4,\"name\":\"M. Ignacio Gonz\u00e1lez Hern\u00e1ndez\"}]},{\"@type\":\"WebSite\",\"@id\":\"https:\/\/www.nuevapescanova.com\/#website\",\"url\":\"https:\/\/www.nuevapescanova.com\/\",\"name\":\"Nueva Pescanova\",\"description\":\"\",\"publisher\":{\"@id\":\"https:\/\/www.nuevapescanova.com\/#organization\"},\"potentialAction\":[{\"@type\":\"SearchAction\",\"target\":{\"@type\":\"EntryPoint\",\"urlTemplate\":\"https:\/\/www.nuevapescanova.com\/?s={search_term_string}\"},\"query-input\":{\"@type\":\"PropertyValueSpecification\",\"valueRequired\":true,\"valueName\":\"search_term_string\"}}],\"inLanguage\":\"fr-FR\"},{\"@type\":\"Organization\",\"@id\":\"https:\/\/www.nuevapescanova.com\/#organization\",\"name\":\"Nueva Pescanova\",\"url\":\"https:\/\/www.nuevapescanova.com\/\",\"logo\":{\"@type\":\"ImageObject\",\"inLanguage\":\"fr-FR\",\"@id\":\"https:\/\/www.nuevapescanova.com\/#\/schema\/logo\/image\/\",\"url\":\"https:\/\/www.nuevapescanova.com\/nuevapescanova\/wp-content\/uploads\/2023\/06\/Logo-Grupo-Nueva-Pescanova.jpg\",\"contentUrl\":\"https:\/\/www.nuevapescanova.com\/nuevapescanova\/wp-content\/uploads\/2023\/06\/Logo-Grupo-Nueva-Pescanova.jpg\",\"width\":800,\"height\":398,\"caption\":\"Nueva Pescanova\"},\"image\":{\"@id\":\"https:\/\/www.nuevapescanova.com\/#\/schema\/logo\/image\/\"},\"sameAs\":[\"https:\/\/x.com\/PescanovaCorp\",\"https:\/\/www.linkedin.com\/company\/nuevapescanova\/?originalSubdomain=es\"]}]}<\/script>\n<!-- \/ Yoast SEO plugin. -->","yoast_head_json":{"title":"M. Ignacio Gonz\u00e1lez Hern\u00e1ndez - Nueva Pescanova","robots":{"index":"index","follow":"follow","max-snippet":"max-snippet:-1","max-image-preview":"max-image-preview:large","max-video-preview":"max-video-preview:-1"},"canonical":"https:\/\/www.nuevapescanova.com\/compania\/consejo-de-administracion\/d-ignacio-gonzalez-hernandez\/","og_locale":"fr_FR","og_type":"article","og_title":"M. Ignacio Gonz\u00e1lez Hern\u00e1ndez - Nueva Pescanova","og_description":"[vc_row][vc_column width=\u00a0\u00bb1\/3&Prime;][\/vc_column][vc_column width=\u00a0\u00bb2\/3&Prime;][vc_column_text] Ignacio Gonz\u00e1lez Hern\u00e1ndez Administrateur M. Ignacio Gonz\u00e1lez a un dipl\u00f4me en Sciences de l&rsquo;Entreprise par l&rsquo;ICADE. Il a commenc\u00e9 son parcours professionnel dans [\u2026]","og_url":"https:\/\/www.nuevapescanova.com\/compania\/consejo-de-administracion\/d-ignacio-gonzalez-hernandez\/","og_site_name":"Nueva Pescanova","article_modified_time":"2023-01-25T16:29:10+00:00","twitter_card":"summary_large_image","twitter_site":"@PescanovaCorp","twitter_misc":{"Dur\u00e9e de lecture estim\u00e9e":"1 minute"},"schema":{"@context":"https:\/\/schema.org","@graph":[{"@type":"WebPage","@id":"https:\/\/www.nuevapescanova.com\/compania\/consejo-de-administracion\/d-ignacio-gonzalez-hernandez\/","url":"https:\/\/www.nuevapescanova.com\/compania\/consejo-de-administracion\/d-ignacio-gonzalez-hernandez\/","name":"M. Ignacio Gonz\u00e1lez Hern\u00e1ndez - Nueva Pescanova","isPartOf":{"@id":"https:\/\/www.nuevapescanova.com\/#website"},"datePublished":"2017-12-14T13:43:53+00:00","dateModified":"2023-01-25T16:29:10+00:00","breadcrumb":{"@id":"https:\/\/www.nuevapescanova.com\/compania\/consejo-de-administracion\/d-ignacio-gonzalez-hernandez\/#breadcrumb"},"inLanguage":"fr-FR","potentialAction":[{"@type":"ReadAction","target":["https:\/\/www.nuevapescanova.com\/compania\/consejo-de-administracion\/d-ignacio-gonzalez-hernandez\/"]}]},{"@type":"BreadcrumbList","@id":"https:\/\/www.nuevapescanova.com\/compania\/consejo-de-administracion\/d-ignacio-gonzalez-hernandez\/#breadcrumb","itemListElement":[{"@type":"ListItem","position":1,"name":"Portada","item":"https:\/\/www.nuevapescanova.com\/fr\/"},{"@type":"ListItem","position":2,"name":"Soci\u00e9t\u00e9","item":"https:\/\/www.nuevapescanova.com\/fr\/compania\/"},{"@type":"ListItem","position":3,"name":"Conseil d\u00b4administration","item":"https:\/\/www.nuevapescanova.com\/compania\/consejo-de-administracion\/"},{"@type":"ListItem","position":4,"name":"M. Ignacio Gonz\u00e1lez Hern\u00e1ndez"}]},{"@type":"WebSite","@id":"https:\/\/www.nuevapescanova.com\/#website","url":"https:\/\/www.nuevapescanova.com\/","name":"Nueva Pescanova","description":"","publisher":{"@id":"https:\/\/www.nuevapescanova.com\/#organization"},"potentialAction":[{"@type":"SearchAction","target":{"@type":"EntryPoint","urlTemplate":"https:\/\/www.nuevapescanova.com\/?s={search_term_string}"},"query-input":{"@type":"PropertyValueSpecification","valueRequired":true,"valueName":"search_term_string"}}],"inLanguage":"fr-FR"},{"@type":"Organization","@id":"https:\/\/www.nuevapescanova.com\/#organization","name":"Nueva Pescanova","url":"https:\/\/www.nuevapescanova.com\/","logo":{"@type":"ImageObject","inLanguage":"fr-FR","@id":"https:\/\/www.nuevapescanova.com\/#\/schema\/logo\/image\/","url":"https:\/\/www.nuevapescanova.com\/nuevapescanova\/wp-content\/uploads\/2023\/06\/Logo-Grupo-Nueva-Pescanova.jpg","contentUrl":"https:\/\/www.nuevapescanova.com\/nuevapescanova\/wp-content\/uploads\/2023\/06\/Logo-Grupo-Nueva-Pescanova.jpg","width":800,"height":398,"caption":"Nueva Pescanova"},"image":{"@id":"https:\/\/www.nuevapescanova.com\/#\/schema\/logo\/image\/"},"sameAs":["https:\/\/x.com\/PescanovaCorp","https:\/\/www.linkedin.com\/company\/nuevapescanova\/?originalSubdomain=es"]}]}},"_links":{"self":[{"href":"https:\/\/www.nuevapescanova.com\/fr\/wp-json\/wp\/v2\/pages\/3648","targetHints":{"allow":["GET"]}}],"collection":[{"href":"https:\/\/www.nuevapescanova.com\/fr\/wp-json\/wp\/v2\/pages"}],"about":[{"href":"https:\/\/www.nuevapescanova.com\/fr\/wp-json\/wp\/v2\/types\/page"}],"author":[{"embeddable":true,"href":"https:\/\/www.nuevapescanova.com\/fr\/wp-json\/wp\/v2\/users\/3"}],"replies":[{"embeddable":true,"href":"https:\/\/www.nuevapescanova.com\/fr\/wp-json\/wp\/v2\/comments?post=3648"}],"version-history":[{"count":3,"href":"https:\/\/www.nuevapescanova.com\/fr\/wp-json\/wp\/v2\/pages\/3648\/revisions"}],"predecessor-version":[{"id":29954,"href":"https:\/\/www.nuevapescanova.com\/fr\/wp-json\/wp\/v2\/pages\/3648\/revisions\/29954"}],"up":[{"embeddable":true,"href":"https:\/\/www.nuevapescanova.com\/fr\/wp-json\/wp\/v2\/pages\/2725"}],"wp:attachment":[{"href":"https:\/\/www.nuevapescanova.com\/fr\/wp-json\/wp\/v2\/media?parent=3648"}],"curies":[{"name":"wp","href":"https:\/\/api.w.org\/{rel}","templated":true}]}}