{"id":37021,"date":"2024-04-24T16:06:30","date_gmt":"2024-04-24T16:06:30","guid":{"rendered":"https:\/\/www.nuevapescanova.com\/?page_id=37021"},"modified":"2025-10-21T13:59:01","modified_gmt":"2025-10-21T13:59:01","slug":"canal_de_denonciations","status":"publish","type":"page","link":"https:\/\/www.nuevapescanova.com\/fr\/canal_de_denonciations\/","title":{"rendered":"Canal de d\u00e9nonciations"},"content":{"rendered":"<section class=\"wpb-content-wrapper\"><p>[vc_row css=\u00a0\u00bb.vc_custom_1516351154553{margin-top: 75px !important;margin-bottom: 0px !important;}\u00a0\u00bb][vc_column][vc_column_text css=\u00a0\u00bb.vc_custom_1713974602693{margin-bottom: 0px !important;padding-bottom: 0px !important;}\u00a0\u00bb]<span class=\"destacado\">Canal de d\u00e9nonciations<\/span>[\/vc_column_text][vc_row_inner css=\u00a0\u00bb.vc_custom_1516351186038{margin-top: 8px !important;margin-right: 0px !important;margin-bottom: 0px !important;margin-left: 0px !important;padding-top: 0px !important;padding-right: 0px !important;padding-bottom: 0px !important;padding-left: 0px !important;background-color: #ffffff !important;}\u00a0\u00bb el_class=\u00a0\u00bbsombra\u00a0\u00bb][vc_column_inner][vc_column_text css=\u00a0\u00bb.vc_custom_1761055137940{margin-bottom: 0px !important;padding-bottom: 0px !important;}\u00a0\u00bb]<strong>FID\u00c8LES A NOTRE ADN<\/strong><\/p>\n<p>La conduite \u00e9thique est l&rsquo;un des engagements explicites que nous assumons dans l&rsquo;ADN du Groupe Nueva Pescanova. Afin de donner un contenu concret \u00e0 ces valeurs, principes et r\u00e8gles de conduite \u00e9thique, nous nous sommes dot\u00e9s d&rsquo;un ensemble de normes d&rsquo;\u00e9thique professionnelle, d&rsquo;int\u00e9grit\u00e9 institutionnelle et de conformit\u00e9 (<em>compliance<\/em>) qui guident notre conduite professionnelle en tant que Groupe et celle de chacun des professionnels qui le composent, et ce sans exception.<\/p>\n<p><strong>NOTRE CANAL DE CONFORMIT\u00c9<\/strong><\/p>\n<p>Le Canal de Conformit\u00e9 du Groupe Nueva Pescanova est un moyen de communication global, direct et int\u00e9gr\u00e9 par lequel toute personne physique, employ\u00e9e ou non du Groupe (employ\u00e9s, fournisseurs, clients, autres parties prenantes et tiers en g\u00e9n\u00e9ral) et de n&rsquo;importe quel endroit du monde, peut soumettre \u00e0 l&rsquo;Unit\u00e9 de Conformit\u00e9, de mani\u00e8re transparente et confidentielle, m\u00eame anonymement, des requ\u00eates ou des plaintes dans le cadre de notre syst\u00e8me d&rsquo;\u00e9thique professionnelle, d&rsquo;int\u00e9grit\u00e9 institutionnelle et de conformit\u00e9 r\u00e9glementaire (questions li\u00e9es \u00e0 la Conformit\u00e9). Notre Unit\u00e9 de Conformit\u00e9 est un organe interne, coll\u00e9gial et permanent, autonome et ind\u00e9pendant, qui a notamment pour mission d&rsquo;assurer le respect effectif et la conformit\u00e9 de notre syst\u00e8me de Conformit\u00e9.<\/p>\n<p>Par cons\u00e9quent, le Canal de Conformit\u00e9, en raison de sa nature m\u00eame, exige des utilisateurs (faisant ou non partie du Groupe Nueva Pescanova) qu&rsquo;ils l&rsquo;utilisent de mani\u00e8re responsable, raisonnable, proportionnelle et juste. Il est donc formellement interdit aux utilisateurs de r\u00e9aliser des communications ou de fournir des informations avec une mauvaise foi manifeste, \u00e0 des fins malveillantes ou dans le but de porter injustement atteinte \u00e0 l&rsquo;honneur, \u00e0 la vie priv\u00e9e ou \u00e0 la r\u00e9putation d&rsquo;une personne. Les utilisateurs devront agir de bonne foi, \u00eatre respectueux et suivre les r\u00e8gles de biens\u00e9ance et de savoir-vivre. Le Groupe Nueva Pescanova ne peut \u00eatre tenu responsable des propos d\u00e9sobligeants ou mensongers qu&rsquo;un utilisateur du canal pourrait formuler \u00e0 l&rsquo;encontre d&rsquo;un tiers, sans pr\u00e9judice des actions l\u00e9gales qui, le cas \u00e9ch\u00e9ant, pourraient \u00eatre exerc\u00e9es par la partie concern\u00e9e contre l&rsquo;utilisateur qui utilise le canal \u00e0 des fins malveillantes. L&rsquo;utilisateur du canal doit \u00e9galement s&rsquo;assurer que les donn\u00e9es personnelles qu&rsquo;il fournit sont vraies, exactes, compl\u00e8tes et \u00e0 jour.<\/p>\n<p>Les conditions d&rsquo;utilisation, les r\u00e8gles de fonctionnement, les principes directeurs et les r\u00e8gles de proc\u00e9dure du canal sont r\u00e9gis par le <a href=\"https:\/\/www.nuevapescanova.com\/nuevapescanova\/wp-content\/uploads\/2025\/06\/RTO_CanalConformite_v3_07_2023_APPROUVE-CONSEIL-31.07.2023.pdf\" target=\"_blank\" rel=\"noopener\"><strong><em>R\u00e8glement du Canal de Conformit\u00e9 du Groupe Nueva Pescanova<\/em><\/strong><\/a>.<\/p>\n<p>Pour assurer les meilleurs niveaux de confidentialit\u00e9, de protection des donn\u00e9es personnelles, de respect de la vie priv\u00e9e et de s\u00e9curit\u00e9 de l&rsquo;information, ainsi qu&rsquo;une gestion s\u00fbre, transparente, agile et tra\u00e7able des communications faites (en particulier lorsqu&rsquo;elles sont anonymes), le Groupe Nueva Pescanova dispose d&rsquo;un outil technologique<em>, WhistleBlower<\/em>, g\u00e9r\u00e9 par un fournisseur externe sp\u00e9cialis\u00e9 dans ce type de syst\u00e8mes d&rsquo;information et qui utilise des normes de s\u00e9curit\u00e9 de la plus haute exigence. \u00c0 travers de <em>WhistleBlower<\/em>, il est possible de :<\/p>\n<ul>\n<li>CONSULTER. En cliquant <a href=\"https:\/\/whistleblowersoftware.com\/secure\/consultas-gruponuevapescanova\" target=\"_blank\" rel=\"noopener\"><strong><em>ICI<\/em><\/strong><\/a>, vous pouvez contacter l&rsquo;Unit\u00e9 de Conformit\u00e9 pour clarifier des doutes d&rsquo;interpr\u00e9tation, pour demander des conseils sur la fa\u00e7on de proc\u00e9der dans un cas particulier, pour r\u00e9soudre des situations d\u00e9licates pour lesquelles il est n\u00e9cessaire d&rsquo;obtenir une opinion sur la fa\u00e7on de r\u00e9soudre un probl\u00e8me de conformit\u00e9 \u00e9thique ou r\u00e9glementaire, pour obtenir des conseils sur un probl\u00e8me ou une question de conformit\u00e9, etc.<\/li>\n<\/ul>\n<ul>\n<li>SIGNALER. En cliquant <a href=\"https:\/\/whistleblowersoftware.com\/secure\/canal-denuncias-gruponuevapescanova\" target=\"_blank\" rel=\"noopener\"><strong><em>ICI<\/em><\/strong><\/a>, vous pouvez informer l&rsquo;Unit\u00e9 de Conformit\u00e9 de situations, d&rsquo;actions, de comportements ou de conduites (actifs ou passifs) qui affectent un professionnel du Groupe Nueva Pescanova (ou des tiers li\u00e9s) et qui pourraient \u00eatre suppos\u00e9s ill\u00e9gaux, illicites, irr\u00e9guliers ou, en somme, contraires aux r\u00e8gles et aux normes de notre Code \u00c9thique, de la Charte \u00c9thique et Sociale du Fournisseur, de la Politique Corporative pour la Pr\u00e9vention des Risques Criminels ou du Code Anti-Corruption, entre autres normes de notre Syst\u00e8me Normatif de Gouvernance Corporative et de Conformit\u00e9.<\/li>\n<\/ul>\n<p>Pour effectuer un signalement \u00e0 travers <em>WhistleBlower<\/em>, vous devez, en plus du R\u00e8glement du Canal de Conformit\u00e9, lire et accepter express\u00e9ment la <a href=\"https:\/\/www.nuevapescanova.com\/nuevapescanova\/wp-content\/uploads\/2023\/08\/NIG-AUT_PolitiqueConfidentialiteWhistleB_v2_08_2023.pdf\" target=\"_blank\" rel=\"noopener\"><strong><em>Politique de Confidentialit\u00e9 de WhistleBlower du Groupe Nueva Pescanova<\/em><\/strong><\/a><strong><em>.<\/em><\/strong>[\/vc_column_text][\/vc_column_inner][\/vc_row_inner][vc_empty_space height=\u00a0\u00bb60px\u00a0\u00bb][\/vc_column][\/vc_row]<\/p>\n<\/section>","protected":false},"excerpt":{"rendered":"<p>[vc_row css=\u00a0\u00bb.vc_custom_1516351154553{margin-top: 75px !important;margin-bottom: 0px !important;}\u00a0\u00bb][vc_column][vc_column_text css=\u00a0\u00bb.vc_custom_1713974602693{margin-bottom: 0px !important;padding-bottom: 0px !important;}\u00a0\u00bb]Canal de d\u00e9nonciations[\/vc_column_text][vc_row_inner css=\u00a0\u00bb.vc_custom_1516351186038{margin-top: 8px !important;margin-right: 0px !important;margin-bottom: 0px !important;margin-left: 0px !important;padding-top: 0px !important;padding-right: 0px !important;padding-bottom:<span class=\"excerpt-hellip\"> [\u2026]<\/span><\/p>\n","protected":false},"author":3,"featured_media":0,"parent":0,"menu_order":0,"comment_status":"closed","ping_status":"closed","template":"","meta":{"_acf_changed":false,"footnotes":""},"class_list":["post-37021","page","type-page","status-publish","hentry"],"acf":[],"yoast_head":"<!-- This site is optimized with the Yoast SEO plugin v25.9 - https:\/\/yoast.com\/wordpress\/plugins\/seo\/ -->\n<title>Canal de d\u00e9nonciations - Nueva Pescanova<\/title>\n<meta name=\"robots\" content=\"index, follow, max-snippet:-1, max-image-preview:large, max-video-preview:-1\" \/>\n<link rel=\"canonical\" href=\"https:\/\/www.nuevapescanova.com\/fr\/canal_de_denonciations\/\" \/>\n<meta property=\"og:locale\" content=\"fr_FR\" \/>\n<meta property=\"og:type\" content=\"article\" \/>\n<meta property=\"og:title\" content=\"Canal de d\u00e9nonciations - Nueva Pescanova\" \/>\n<meta property=\"og:description\" content=\"[vc_row css=\u00a0\u00bb.vc_custom_1516351154553{margin-top: 75px !important;margin-bottom: 0px !important;}\u00a0\u00bb][vc_column][vc_column_text css=\u00a0\u00bb.vc_custom_1713974602693{margin-bottom: 0px !important;padding-bottom: 0px !important;}\u00a0\u00bb]Canal de d\u00e9nonciations[\/vc_column_text][vc_row_inner css=\u00a0\u00bb.vc_custom_1516351186038{margin-top: 8px !important;margin-right: 0px !important;margin-bottom: 0px !important;margin-left: 0px !important;padding-top: 0px !important;padding-right: 0px !important;padding-bottom: [\u2026]\" \/>\n<meta property=\"og:url\" content=\"https:\/\/www.nuevapescanova.com\/fr\/canal_de_denonciations\/\" \/>\n<meta property=\"og:site_name\" content=\"Nueva Pescanova\" \/>\n<meta property=\"article:modified_time\" content=\"2025-10-21T13:59:01+00:00\" \/>\n<meta name=\"twitter:card\" content=\"summary_large_image\" \/>\n<meta name=\"twitter:site\" content=\"@PescanovaCorp\" \/>\n<meta name=\"twitter:label1\" content=\"Dur\u00e9e de lecture estim\u00e9e\" \/>\n\t<meta name=\"twitter:data1\" content=\"4 minutes\" \/>\n<script type=\"application\/ld+json\" class=\"yoast-schema-graph\">{\"@context\":\"https:\/\/schema.org\",\"@graph\":[{\"@type\":\"WebPage\",\"@id\":\"https:\/\/www.nuevapescanova.com\/fr\/canal_de_denonciations\/\",\"url\":\"https:\/\/www.nuevapescanova.com\/fr\/canal_de_denonciations\/\",\"name\":\"Canal de d\u00e9nonciations - Nueva Pescanova\",\"isPartOf\":{\"@id\":\"https:\/\/www.nuevapescanova.com\/#website\"},\"datePublished\":\"2024-04-24T16:06:30+00:00\",\"dateModified\":\"2025-10-21T13:59:01+00:00\",\"breadcrumb\":{\"@id\":\"https:\/\/www.nuevapescanova.com\/fr\/canal_de_denonciations\/#breadcrumb\"},\"inLanguage\":\"fr-FR\",\"potentialAction\":[{\"@type\":\"ReadAction\",\"target\":[\"https:\/\/www.nuevapescanova.com\/fr\/canal_de_denonciations\/\"]}]},{\"@type\":\"BreadcrumbList\",\"@id\":\"https:\/\/www.nuevapescanova.com\/fr\/canal_de_denonciations\/#breadcrumb\",\"itemListElement\":[{\"@type\":\"ListItem\",\"position\":1,\"name\":\"Portada\",\"item\":\"https:\/\/www.nuevapescanova.com\/fr\/\"},{\"@type\":\"ListItem\",\"position\":2,\"name\":\"Canal de d\u00e9nonciations\"}]},{\"@type\":\"WebSite\",\"@id\":\"https:\/\/www.nuevapescanova.com\/#website\",\"url\":\"https:\/\/www.nuevapescanova.com\/\",\"name\":\"Nueva Pescanova\",\"description\":\"\",\"publisher\":{\"@id\":\"https:\/\/www.nuevapescanova.com\/#organization\"},\"potentialAction\":[{\"@type\":\"SearchAction\",\"target\":{\"@type\":\"EntryPoint\",\"urlTemplate\":\"https:\/\/www.nuevapescanova.com\/?s={search_term_string}\"},\"query-input\":{\"@type\":\"PropertyValueSpecification\",\"valueRequired\":true,\"valueName\":\"search_term_string\"}}],\"inLanguage\":\"fr-FR\"},{\"@type\":\"Organization\",\"@id\":\"https:\/\/www.nuevapescanova.com\/#organization\",\"name\":\"Nueva Pescanova\",\"url\":\"https:\/\/www.nuevapescanova.com\/\",\"logo\":{\"@type\":\"ImageObject\",\"inLanguage\":\"fr-FR\",\"@id\":\"https:\/\/www.nuevapescanova.com\/#\/schema\/logo\/image\/\",\"url\":\"https:\/\/www.nuevapescanova.com\/nuevapescanova\/wp-content\/uploads\/2023\/06\/Logo-Grupo-Nueva-Pescanova.jpg\",\"contentUrl\":\"https:\/\/www.nuevapescanova.com\/nuevapescanova\/wp-content\/uploads\/2023\/06\/Logo-Grupo-Nueva-Pescanova.jpg\",\"width\":800,\"height\":398,\"caption\":\"Nueva Pescanova\"},\"image\":{\"@id\":\"https:\/\/www.nuevapescanova.com\/#\/schema\/logo\/image\/\"},\"sameAs\":[\"https:\/\/x.com\/PescanovaCorp\",\"https:\/\/www.linkedin.com\/company\/nuevapescanova\/?originalSubdomain=es\"]}]}<\/script>\n<!-- \/ Yoast SEO plugin. -->","yoast_head_json":{"title":"Canal de d\u00e9nonciations - Nueva Pescanova","robots":{"index":"index","follow":"follow","max-snippet":"max-snippet:-1","max-image-preview":"max-image-preview:large","max-video-preview":"max-video-preview:-1"},"canonical":"https:\/\/www.nuevapescanova.com\/fr\/canal_de_denonciations\/","og_locale":"fr_FR","og_type":"article","og_title":"Canal de d\u00e9nonciations - Nueva Pescanova","og_description":"[vc_row css=\u00a0\u00bb.vc_custom_1516351154553{margin-top: 75px !important;margin-bottom: 0px !important;}\u00a0\u00bb][vc_column][vc_column_text css=\u00a0\u00bb.vc_custom_1713974602693{margin-bottom: 0px !important;padding-bottom: 0px !important;}\u00a0\u00bb]Canal de d\u00e9nonciations[\/vc_column_text][vc_row_inner css=\u00a0\u00bb.vc_custom_1516351186038{margin-top: 8px !important;margin-right: 0px !important;margin-bottom: 0px !important;margin-left: 0px !important;padding-top: 0px !important;padding-right: 0px !important;padding-bottom: [\u2026]","og_url":"https:\/\/www.nuevapescanova.com\/fr\/canal_de_denonciations\/","og_site_name":"Nueva Pescanova","article_modified_time":"2025-10-21T13:59:01+00:00","twitter_card":"summary_large_image","twitter_site":"@PescanovaCorp","twitter_misc":{"Dur\u00e9e de lecture estim\u00e9e":"4 minutes"},"schema":{"@context":"https:\/\/schema.org","@graph":[{"@type":"WebPage","@id":"https:\/\/www.nuevapescanova.com\/fr\/canal_de_denonciations\/","url":"https:\/\/www.nuevapescanova.com\/fr\/canal_de_denonciations\/","name":"Canal de d\u00e9nonciations - Nueva Pescanova","isPartOf":{"@id":"https:\/\/www.nuevapescanova.com\/#website"},"datePublished":"2024-04-24T16:06:30+00:00","dateModified":"2025-10-21T13:59:01+00:00","breadcrumb":{"@id":"https:\/\/www.nuevapescanova.com\/fr\/canal_de_denonciations\/#breadcrumb"},"inLanguage":"fr-FR","potentialAction":[{"@type":"ReadAction","target":["https:\/\/www.nuevapescanova.com\/fr\/canal_de_denonciations\/"]}]},{"@type":"BreadcrumbList","@id":"https:\/\/www.nuevapescanova.com\/fr\/canal_de_denonciations\/#breadcrumb","itemListElement":[{"@type":"ListItem","position":1,"name":"Portada","item":"https:\/\/www.nuevapescanova.com\/fr\/"},{"@type":"ListItem","position":2,"name":"Canal de d\u00e9nonciations"}]},{"@type":"WebSite","@id":"https:\/\/www.nuevapescanova.com\/#website","url":"https:\/\/www.nuevapescanova.com\/","name":"Nueva Pescanova","description":"","publisher":{"@id":"https:\/\/www.nuevapescanova.com\/#organization"},"potentialAction":[{"@type":"SearchAction","target":{"@type":"EntryPoint","urlTemplate":"https:\/\/www.nuevapescanova.com\/?s={search_term_string}"},"query-input":{"@type":"PropertyValueSpecification","valueRequired":true,"valueName":"search_term_string"}}],"inLanguage":"fr-FR"},{"@type":"Organization","@id":"https:\/\/www.nuevapescanova.com\/#organization","name":"Nueva Pescanova","url":"https:\/\/www.nuevapescanova.com\/","logo":{"@type":"ImageObject","inLanguage":"fr-FR","@id":"https:\/\/www.nuevapescanova.com\/#\/schema\/logo\/image\/","url":"https:\/\/www.nuevapescanova.com\/nuevapescanova\/wp-content\/uploads\/2023\/06\/Logo-Grupo-Nueva-Pescanova.jpg","contentUrl":"https:\/\/www.nuevapescanova.com\/nuevapescanova\/wp-content\/uploads\/2023\/06\/Logo-Grupo-Nueva-Pescanova.jpg","width":800,"height":398,"caption":"Nueva Pescanova"},"image":{"@id":"https:\/\/www.nuevapescanova.com\/#\/schema\/logo\/image\/"},"sameAs":["https:\/\/x.com\/PescanovaCorp","https:\/\/www.linkedin.com\/company\/nuevapescanova\/?originalSubdomain=es"]}]}},"_links":{"self":[{"href":"https:\/\/www.nuevapescanova.com\/fr\/wp-json\/wp\/v2\/pages\/37021","targetHints":{"allow":["GET"]}}],"collection":[{"href":"https:\/\/www.nuevapescanova.com\/fr\/wp-json\/wp\/v2\/pages"}],"about":[{"href":"https:\/\/www.nuevapescanova.com\/fr\/wp-json\/wp\/v2\/types\/page"}],"author":[{"embeddable":true,"href":"https:\/\/www.nuevapescanova.com\/fr\/wp-json\/wp\/v2\/users\/3"}],"replies":[{"embeddable":true,"href":"https:\/\/www.nuevapescanova.com\/fr\/wp-json\/wp\/v2\/comments?post=37021"}],"version-history":[{"count":9,"href":"https:\/\/www.nuevapescanova.com\/fr\/wp-json\/wp\/v2\/pages\/37021\/revisions"}],"predecessor-version":[{"id":46770,"href":"https:\/\/www.nuevapescanova.com\/fr\/wp-json\/wp\/v2\/pages\/37021\/revisions\/46770"}],"wp:attachment":[{"href":"https:\/\/www.nuevapescanova.com\/fr\/wp-json\/wp\/v2\/media?parent=37021"}],"curies":[{"name":"wp","href":"https:\/\/api.w.org\/{rel}","templated":true}]}}