{"id":6331,"date":"2018-06-07T17:21:02","date_gmt":"2018-06-07T17:21:02","guid":{"rendered":"http:\/\/www.nuevapescanova.com\/politica-de-privacidad\/"},"modified":"2025-11-17T11:04:14","modified_gmt":"2025-11-17T11:04:14","slug":"politique-de-confidentialite","status":"publish","type":"page","link":"https:\/\/www.nuevapescanova.com\/fr\/politique-de-confidentialite\/","title":{"rendered":"Politique de confidentialit\u00e9"},"content":{"rendered":"<section class=\"wpb-content-wrapper\"><p>[vc_row css=\u00a0\u00bb.vc_custom_1516351154553{margin-top: 75px !important;margin-bottom: 0px !important;}\u00a0\u00bb][vc_column][vc_column_text css=\u00a0\u00bb.vc_custom_1528476635888{margin-bottom: 0px !important;padding-bottom: 0px !important;}\u00a0\u00bb]<\/p>\n<p><span class=\"destacado\">Politique de confidentialit\u00e9<\/span><\/p>\n<p>[\/vc_column_text][vc_row_inner css=\u00a0\u00bb.vc_custom_1516351186038{margin-top: 8px !important;margin-right: 0px !important;margin-bottom: 0px !important;margin-left: 0px !important;padding-top: 0px !important;padding-right: 0px !important;padding-bottom: 0px !important;padding-left: 0px !important;background-color: #ffffff !important;}\u00a0\u00bb el_class=\u00a0\u00bbsombra\u00a0\u00bb][vc_column_inner][vc_column_text css=\u00a0\u00bb.vc_custom_1528392057648{margin-bottom: 0px !important;padding-bottom: 0px !important;}\u00a0\u00bb]<\/p>\n<p><strong>1. Responsable du traitement des donn\u00e9es<\/strong><\/p>\n<p>Le responsable du traitement des donn\u00e9es est le Propri\u00e9taire du Site Web, dont les donn\u00e9es compl\u00e8tes sont : Nueva Pescanova, S.L., avec NIF B94123908 et adresse \u00e0 R\u00faa Jos\u00e9 Fern\u00e1ndez L\u00f3pez, S\/n. 36320. Chapela. Redondela. Pontevedra. Espagne (ci-apr\u00e8s, \u00ab Nueva Pescanova \u00bb).<\/p>\n<p><strong>2. Donn\u00e9es trait\u00e9es, finalit\u00e9s et p\u00e9riode de conservation<\/strong><\/p>\n<ol>\n<li><u>Donn\u00e9es trait\u00e9es :<\/u><\/li>\n<\/ol>\n<p>En envoyant le formulaire figurant dans l&rsquo;onglet \u00ab CONTACT \u00bb du Site Web, vos nom et pr\u00e9nom, votre adresse \u00e9lectronique et votre num\u00e9ro de t\u00e9l\u00e9phone de contact sont trait\u00e9s, ainsi que toute autre donn\u00e9e personnelle que vous pourriez indiquer dans l&rsquo;espace pr\u00e9vu pour le \u00ab MESSAGE \u00bb.<\/p>\n<p>\u00c0 travers les liens fournis dans la section \u00ab TRAVAILLEZ AVEC NOUS \u00bb du Web, l&rsquo;Utilisateur pourra s&rsquo;inscrire au portail de l&#8217;emploi du Groupe Nueva Pescanova afin de conna\u00eetre nos offres d&#8217;emploi et nous envoyer son CV. Outre les donn\u00e9es personnelles qui peuvent \u00eatre contenues dans le CV, dans le formulaire d&rsquo;inscription\/cr\u00e9ation de compte du portail d&#8217;emploi, le nom, le pr\u00e9nom, le num\u00e9ro d&rsquo;identification, le NIE (num\u00e9ro d&rsquo;identification fiscal \u00e9tranger) ou le passeport\/autre, le courriel de contact et un mot de passe d&rsquo;acc\u00e8s personnel et non transf\u00e9rable seront fournis, le tout conform\u00e9ment \u00e0 la politique de confidentialit\u00e9 sp\u00e9cifique dudit portail, que l&rsquo;Utilisateur devra lire, comprendre et accepter express\u00e9ment en cochant la case correspondante.<\/p>\n<p>Lors de la navigation, des donn\u00e9es telles que l&rsquo;adresse IP attribu\u00e9e par votre fournisseur peuvent \u00eatre transmises ou, dans le cas du portail de l&#8217;emploi, l&rsquo;authentification peut se faire par le biais de certains profils sociaux associ\u00e9s \u00e0 l&rsquo;Utilisateur (tels que LinkedIn ou InfoJobs).<\/p>\n<ol start=\"2\">\n<li><u>Finalit\u00e9s :<\/u><\/li>\n<\/ol>\n<p>Les donn\u00e9es personnelles fournies \u00e0 travers la section \u00ab CONTACT \u00bb du Site Web seront utilis\u00e9es exclusivement pour r\u00e9pondre en temps utile \u00e0 la question ou au probl\u00e8me pos\u00e9.<\/p>\n<p>Les donn\u00e9es personnelles fournies lors de l&rsquo;enregistrement\/cr\u00e9ation d&rsquo;un compte sur le portail de l&#8217;emploi ou par l&rsquo;envoi d&rsquo;un CV, seront utilis\u00e9es pour \u00eatre incorpor\u00e9es dans la base de donn\u00e9es des candidats afin d&rsquo;\u00eatre prises en compte dans les processus de s\u00e9lection, pr\u00e9sents et futurs, bien que le Propri\u00e9taire se r\u00e9serve le droit de les supprimer imm\u00e9diatement.<\/p>\n<ol start=\"3\">\n<li><u>Conservation :<\/u><\/li>\n<\/ol>\n<p>Les donn\u00e9es personnelles fournies \u00e0 travers la section \u00ab CONTACT \u00bb du Site Web seront supprim\u00e9es une fois que le probl\u00e8me pos\u00e9 par l&rsquo;Utilisateur aura \u00e9t\u00e9 trait\u00e9 et r\u00e9solu.<\/p>\n<p>Les donn\u00e9es \u00e0 caract\u00e8re personnel trait\u00e9es lors de l&rsquo;inscription sur le portail de l&#8217;emploi ou de l&rsquo;envoi d&rsquo;un CV seront conserv\u00e9es pendant une p\u00e9riode de deux ans \u00e0 compter de leur r\u00e9ception, \u00e0 moins que l&rsquo;Utilisateur n&rsquo;envoie au pr\u00e9alable une demande d&rsquo;annulation, d&rsquo;opposition au traitement ou de suppression.<\/p>\n<p><strong>3. L\u00e9gitimit\u00e9 du traitement<\/strong><\/p>\n<p>La base de l\u00e9gitimit\u00e9 du traitement des donn\u00e9es personnelles de l&rsquo;Utilisateur sur ce Site Web est le consentement expr\u00e8s de l&rsquo;Utilisateur donn\u00e9 en cochant la case d&rsquo;acceptation de la politique de confidentialit\u00e9 et en cliquant sur envoyer. Ce consentement sera toujours r\u00e9vocable et pourra \u00eatre exerc\u00e9 \u00e0 tout moment.<\/p>\n<p>Dans le cas o\u00f9 Nueva Pescanova souhaite traiter vos donn\u00e9es pour une finalit\u00e9 autre que celles indiqu\u00e9es, vous recevrez, avant ledit traitement, des informations sur cette nouvelle finalit\u00e9 et il vous sera demand\u00e9 de donner un nouveau consentement.<\/p>\n<p>L&rsquo;Utilisateur sera le seul responsable dans le cas o\u00f9 il aurait fourni des donn\u00e9es fausses, inexactes, incompl\u00e8tes ou p\u00e9rim\u00e9es.<\/p>\n<p><strong>4. Communication et acc\u00e9s aux donn\u00e9es<\/strong><\/p>\n<p>En r\u00e8gle g\u00e9n\u00e9rale, les donn\u00e9es ne seront pas transf\u00e9r\u00e9es ou communiqu\u00e9es \u00e0 des tiers. Dans le cas d&rsquo;informations relatives au curriculum, afin d&rsquo;augmenter les possibilit\u00e9s de recrutement du candidat, Nueva Pescanova, S.L., pourra transf\u00e9rer ces informations \u00e0 d&rsquo;autres entreprises, mais exclusivement \u00e0 celles appartenant au GROUPE NUEVA PESCANOVA et assujetties aux politiques corporatives et au programme de conformit\u00e9 en mati\u00e8re de protection des donn\u00e9es personnelles du Groupe Nueva Pescanova.<\/p>\n<p><strong>5. Transmission internationale des donn\u00e9es<\/strong><\/p>\n<p>Sauf dans les cas d\u00e9crits dans la section pr\u00e9c\u00e9dente, aucune transmission de ce type n&rsquo;est pr\u00e9vue.<\/p>\n<p><strong>6. L&rsquo;exercice des droits<\/strong><\/p>\n<p>Toute personne a le droit de savoir si des donn\u00e9es \u00e0 caract\u00e8re personnel la concernant sont trait\u00e9es ou non. Les parties int\u00e9ress\u00e9es ont le droit d&rsquo;acc\u00e9der \u00e0 leurs donn\u00e9es personnelles, ainsi que de demander la rectification des donn\u00e9es inexactes ou, le cas \u00e9ch\u00e9ant, de demander leur suppression lorsque, entre autres raisons, les donn\u00e9es ne sont plus n\u00e9cessaires aux fins pour lesquelles elles ont \u00e9t\u00e9 collect\u00e9es. Dans certaines circonstances, les personnes concern\u00e9es peuvent demander la limitation du traitement de leurs donn\u00e9es ou s&rsquo;opposer au traitement de leurs donn\u00e9es, auquel cas nous ne conserverons les donn\u00e9es que pour l&rsquo;exercice ou la d\u00e9fense de droits. Dans le cas o\u00f9 vous souhaitez exercer votre droit \u00e0 la portabilit\u00e9, les donn\u00e9es seront fournies au nouveau Responsable du traitement dans les formats et les conditions pr\u00e9vus par la l\u00e9gislation applicable.<\/p>\n<p>Vous pouvez exercer ces droits concernant vos donn\u00e9es personnelles en envoyant un courriel \u00e0 l\u2019adresse comite.datos.privacidad@nuevapescanova.com.<\/p>\n<p>Dans le cas o\u00f9 l&rsquo;Utilisateur consid\u00e8re que ses droits individuels sur ses donn\u00e9es personnelles ont \u00e9t\u00e9 viol\u00e9s, il est inform\u00e9 qu&rsquo;il a \u00e9galement le droit de d\u00e9poser une plainte aupr\u00e8s de l&rsquo;Agence espagnole de protection des donn\u00e9es (<a href=\"mailto:https:\/\/www.aepd.es\/es\">https:\/\/www.aepd.es\/es).<\/a><\/p>\n<p>[\/vc_column_text][\/vc_column_inner][\/vc_row_inner][vc_empty_space height=\u00a0\u00bb60px\u00a0\u00bb][\/vc_column][\/vc_row]<\/p>\n<\/section>","protected":false},"excerpt":{"rendered":"<p>[vc_row css=\u00a0\u00bb.vc_custom_1516351154553{margin-top: 75px !important;margin-bottom: 0px !important;}\u00a0\u00bb][vc_column][vc_column_text css=\u00a0\u00bb.vc_custom_1528476635888{margin-bottom: 0px !important;padding-bottom: 0px !important;}\u00a0\u00bb] Politique de confidentialit\u00e9 [\/vc_column_text][vc_row_inner css=\u00a0\u00bb.vc_custom_1516351186038{margin-top: 8px !important;margin-right: 0px !important;margin-bottom: 0px !important;margin-left: 0px !important;padding-top: 0px !important;padding-right:<span class=\"excerpt-hellip\"> [\u2026]<\/span><\/p>\n","protected":false},"author":3,"featured_media":0,"parent":0,"menu_order":0,"comment_status":"closed","ping_status":"closed","template":"","meta":{"_acf_changed":false,"footnotes":""},"class_list":["post-6331","page","type-page","status-publish","hentry"],"acf":[],"yoast_head":"<!-- This site is optimized with the Yoast SEO plugin v25.9 - https:\/\/yoast.com\/wordpress\/plugins\/seo\/ -->\n<title>Politique de confidentialit\u00e9 - Nueva Pescanova<\/title>\n<meta name=\"robots\" content=\"index, follow, max-snippet:-1, max-image-preview:large, max-video-preview:-1\" \/>\n<link rel=\"canonical\" href=\"https:\/\/www.nuevapescanova.com\/fr\/politique-de-confidentialite\/\" \/>\n<meta property=\"og:locale\" content=\"fr_FR\" \/>\n<meta property=\"og:type\" content=\"article\" \/>\n<meta property=\"og:title\" content=\"Politique de confidentialit\u00e9 - Nueva Pescanova\" \/>\n<meta property=\"og:description\" content=\"[vc_row css=\u00a0\u00bb.vc_custom_1516351154553{margin-top: 75px !important;margin-bottom: 0px !important;}\u00a0\u00bb][vc_column][vc_column_text css=\u00a0\u00bb.vc_custom_1528476635888{margin-bottom: 0px !important;padding-bottom: 0px !important;}\u00a0\u00bb] Politique de confidentialit\u00e9 [\/vc_column_text][vc_row_inner css=\u00a0\u00bb.vc_custom_1516351186038{margin-top: 8px !important;margin-right: 0px !important;margin-bottom: 0px !important;margin-left: 0px !important;padding-top: 0px !important;padding-right: [\u2026]\" \/>\n<meta property=\"og:url\" content=\"https:\/\/www.nuevapescanova.com\/fr\/politique-de-confidentialite\/\" \/>\n<meta property=\"og:site_name\" content=\"Nueva Pescanova\" \/>\n<meta property=\"article:modified_time\" content=\"2025-11-17T11:04:14+00:00\" \/>\n<meta name=\"twitter:card\" content=\"summary_large_image\" \/>\n<meta name=\"twitter:site\" content=\"@PescanovaCorp\" \/>\n<meta name=\"twitter:label1\" content=\"Dur\u00e9e de lecture estim\u00e9e\" \/>\n\t<meta name=\"twitter:data1\" content=\"5 minutes\" \/>\n<script type=\"application\/ld+json\" class=\"yoast-schema-graph\">{\"@context\":\"https:\/\/schema.org\",\"@graph\":[{\"@type\":\"WebPage\",\"@id\":\"https:\/\/www.nuevapescanova.com\/fr\/politique-de-confidentialite\/\",\"url\":\"https:\/\/www.nuevapescanova.com\/fr\/politique-de-confidentialite\/\",\"name\":\"Politique de confidentialit\u00e9 - Nueva Pescanova\",\"isPartOf\":{\"@id\":\"https:\/\/www.nuevapescanova.com\/#website\"},\"datePublished\":\"2018-06-07T17:21:02+00:00\",\"dateModified\":\"2025-11-17T11:04:14+00:00\",\"breadcrumb\":{\"@id\":\"https:\/\/www.nuevapescanova.com\/fr\/politique-de-confidentialite\/#breadcrumb\"},\"inLanguage\":\"fr-FR\",\"potentialAction\":[{\"@type\":\"ReadAction\",\"target\":[\"https:\/\/www.nuevapescanova.com\/fr\/politique-de-confidentialite\/\"]}]},{\"@type\":\"BreadcrumbList\",\"@id\":\"https:\/\/www.nuevapescanova.com\/fr\/politique-de-confidentialite\/#breadcrumb\",\"itemListElement\":[{\"@type\":\"ListItem\",\"position\":1,\"name\":\"Portada\",\"item\":\"https:\/\/www.nuevapescanova.com\/fr\/\"},{\"@type\":\"ListItem\",\"position\":2,\"name\":\"Politique de confidentialit\u00e9\"}]},{\"@type\":\"WebSite\",\"@id\":\"https:\/\/www.nuevapescanova.com\/#website\",\"url\":\"https:\/\/www.nuevapescanova.com\/\",\"name\":\"Nueva Pescanova\",\"description\":\"\",\"publisher\":{\"@id\":\"https:\/\/www.nuevapescanova.com\/#organization\"},\"potentialAction\":[{\"@type\":\"SearchAction\",\"target\":{\"@type\":\"EntryPoint\",\"urlTemplate\":\"https:\/\/www.nuevapescanova.com\/?s={search_term_string}\"},\"query-input\":{\"@type\":\"PropertyValueSpecification\",\"valueRequired\":true,\"valueName\":\"search_term_string\"}}],\"inLanguage\":\"fr-FR\"},{\"@type\":\"Organization\",\"@id\":\"https:\/\/www.nuevapescanova.com\/#organization\",\"name\":\"Nueva Pescanova\",\"url\":\"https:\/\/www.nuevapescanova.com\/\",\"logo\":{\"@type\":\"ImageObject\",\"inLanguage\":\"fr-FR\",\"@id\":\"https:\/\/www.nuevapescanova.com\/#\/schema\/logo\/image\/\",\"url\":\"https:\/\/www.nuevapescanova.com\/nuevapescanova\/wp-content\/uploads\/2023\/06\/Logo-Grupo-Nueva-Pescanova.jpg\",\"contentUrl\":\"https:\/\/www.nuevapescanova.com\/nuevapescanova\/wp-content\/uploads\/2023\/06\/Logo-Grupo-Nueva-Pescanova.jpg\",\"width\":800,\"height\":398,\"caption\":\"Nueva Pescanova\"},\"image\":{\"@id\":\"https:\/\/www.nuevapescanova.com\/#\/schema\/logo\/image\/\"},\"sameAs\":[\"https:\/\/x.com\/PescanovaCorp\",\"https:\/\/www.linkedin.com\/company\/nuevapescanova\/?originalSubdomain=es\"]}]}<\/script>\n<!-- \/ Yoast SEO plugin. -->","yoast_head_json":{"title":"Politique de confidentialit\u00e9 - Nueva Pescanova","robots":{"index":"index","follow":"follow","max-snippet":"max-snippet:-1","max-image-preview":"max-image-preview:large","max-video-preview":"max-video-preview:-1"},"canonical":"https:\/\/www.nuevapescanova.com\/fr\/politique-de-confidentialite\/","og_locale":"fr_FR","og_type":"article","og_title":"Politique de confidentialit\u00e9 - Nueva Pescanova","og_description":"[vc_row css=\u00a0\u00bb.vc_custom_1516351154553{margin-top: 75px !important;margin-bottom: 0px !important;}\u00a0\u00bb][vc_column][vc_column_text css=\u00a0\u00bb.vc_custom_1528476635888{margin-bottom: 0px !important;padding-bottom: 0px !important;}\u00a0\u00bb] Politique de confidentialit\u00e9 [\/vc_column_text][vc_row_inner css=\u00a0\u00bb.vc_custom_1516351186038{margin-top: 8px !important;margin-right: 0px !important;margin-bottom: 0px !important;margin-left: 0px !important;padding-top: 0px !important;padding-right: [\u2026]","og_url":"https:\/\/www.nuevapescanova.com\/fr\/politique-de-confidentialite\/","og_site_name":"Nueva Pescanova","article_modified_time":"2025-11-17T11:04:14+00:00","twitter_card":"summary_large_image","twitter_site":"@PescanovaCorp","twitter_misc":{"Dur\u00e9e de lecture estim\u00e9e":"5 minutes"},"schema":{"@context":"https:\/\/schema.org","@graph":[{"@type":"WebPage","@id":"https:\/\/www.nuevapescanova.com\/fr\/politique-de-confidentialite\/","url":"https:\/\/www.nuevapescanova.com\/fr\/politique-de-confidentialite\/","name":"Politique de confidentialit\u00e9 - Nueva Pescanova","isPartOf":{"@id":"https:\/\/www.nuevapescanova.com\/#website"},"datePublished":"2018-06-07T17:21:02+00:00","dateModified":"2025-11-17T11:04:14+00:00","breadcrumb":{"@id":"https:\/\/www.nuevapescanova.com\/fr\/politique-de-confidentialite\/#breadcrumb"},"inLanguage":"fr-FR","potentialAction":[{"@type":"ReadAction","target":["https:\/\/www.nuevapescanova.com\/fr\/politique-de-confidentialite\/"]}]},{"@type":"BreadcrumbList","@id":"https:\/\/www.nuevapescanova.com\/fr\/politique-de-confidentialite\/#breadcrumb","itemListElement":[{"@type":"ListItem","position":1,"name":"Portada","item":"https:\/\/www.nuevapescanova.com\/fr\/"},{"@type":"ListItem","position":2,"name":"Politique de confidentialit\u00e9"}]},{"@type":"WebSite","@id":"https:\/\/www.nuevapescanova.com\/#website","url":"https:\/\/www.nuevapescanova.com\/","name":"Nueva Pescanova","description":"","publisher":{"@id":"https:\/\/www.nuevapescanova.com\/#organization"},"potentialAction":[{"@type":"SearchAction","target":{"@type":"EntryPoint","urlTemplate":"https:\/\/www.nuevapescanova.com\/?s={search_term_string}"},"query-input":{"@type":"PropertyValueSpecification","valueRequired":true,"valueName":"search_term_string"}}],"inLanguage":"fr-FR"},{"@type":"Organization","@id":"https:\/\/www.nuevapescanova.com\/#organization","name":"Nueva Pescanova","url":"https:\/\/www.nuevapescanova.com\/","logo":{"@type":"ImageObject","inLanguage":"fr-FR","@id":"https:\/\/www.nuevapescanova.com\/#\/schema\/logo\/image\/","url":"https:\/\/www.nuevapescanova.com\/nuevapescanova\/wp-content\/uploads\/2023\/06\/Logo-Grupo-Nueva-Pescanova.jpg","contentUrl":"https:\/\/www.nuevapescanova.com\/nuevapescanova\/wp-content\/uploads\/2023\/06\/Logo-Grupo-Nueva-Pescanova.jpg","width":800,"height":398,"caption":"Nueva Pescanova"},"image":{"@id":"https:\/\/www.nuevapescanova.com\/#\/schema\/logo\/image\/"},"sameAs":["https:\/\/x.com\/PescanovaCorp","https:\/\/www.linkedin.com\/company\/nuevapescanova\/?originalSubdomain=es"]}]}},"_links":{"self":[{"href":"https:\/\/www.nuevapescanova.com\/fr\/wp-json\/wp\/v2\/pages\/6331","targetHints":{"allow":["GET"]}}],"collection":[{"href":"https:\/\/www.nuevapescanova.com\/fr\/wp-json\/wp\/v2\/pages"}],"about":[{"href":"https:\/\/www.nuevapescanova.com\/fr\/wp-json\/wp\/v2\/types\/page"}],"author":[{"embeddable":true,"href":"https:\/\/www.nuevapescanova.com\/fr\/wp-json\/wp\/v2\/users\/3"}],"replies":[{"embeddable":true,"href":"https:\/\/www.nuevapescanova.com\/fr\/wp-json\/wp\/v2\/comments?post=6331"}],"version-history":[{"count":4,"href":"https:\/\/www.nuevapescanova.com\/fr\/wp-json\/wp\/v2\/pages\/6331\/revisions"}],"predecessor-version":[{"id":47169,"href":"https:\/\/www.nuevapescanova.com\/fr\/wp-json\/wp\/v2\/pages\/6331\/revisions\/47169"}],"wp:attachment":[{"href":"https:\/\/www.nuevapescanova.com\/fr\/wp-json\/wp\/v2\/media?parent=6331"}],"curies":[{"name":"wp","href":"https:\/\/api.w.org\/{rel}","templated":true}]}}