{"id":8648,"date":"2019-05-28T09:14:52","date_gmt":"2019-05-28T09:14:52","guid":{"rendered":"http:\/\/www.nuevapescanova.com\/compromiso\/responsabilidad-social-corporativa\/contribucion-al-desarrollo-sostenible\/"},"modified":"2025-10-22T10:24:55","modified_gmt":"2025-10-22T10:24:55","slug":"contribution-au-developpement-durable","status":"publish","type":"page","link":"https:\/\/www.nuevapescanova.com\/fr\/compromiso\/responsabilidad-social-corporativa-2\/contribution-au-developpement-durable\/","title":{"rendered":"Contribution au d\u00e9veloppement durable"},"content":{"rendered":"<section class=\"wpb-content-wrapper\"><p>[vc_row css=\u00a0\u00bb.vc_custom_1516629082762{margin-bottom: 30px !important;padding-bottom: 0px !important;background-color: #ffffff !important;}\u00a0\u00bb][vc_column][vc_column_text el_class=\u00a0\u00bbtitulo\u00a0\u00bb css=\u00a0\u00bb.vc_custom_1561720128927{margin-top: 0px !important;padding-top: 0px !important;}\u00a0\u00bb]Contribution au d\u00e9veloppement durable[\/vc_column_text][vc_row_inner el_class=\u00a0\u00bbsombra\u00a0\u00bb css=\u00a0\u00bb.vc_custom_1516627142348{margin-top: 0px !important;margin-bottom: 0px !important;padding-top: 0px !important;padding-bottom: 0px !important;}\u00a0\u00bb][vc_column_inner css=\u00a0\u00bb.vc_custom_1516627862820{margin-bottom: 0px !important;padding-bottom: 0px !important;}\u00a0\u00bb][vc_column_text]Les ODD guident nos efforts pour prot\u00e9ger l\u2019environnement et am\u00e9liorer les conditions de vie. \u00c0 travers notre Programme d\u2019Action Responsable (RAP), nous suivons les projets men\u00e9s dans l\u2019ensemble du Groupe et mesurons leur impact sur les ODD.<\/p>\n<p>Les r\u00e9sultats de ces actions sont pr\u00e9sent\u00e9s dans le <a href=\"https:\/\/www.nuevapescanova.com\/nuevapescanova\/wp-content\/uploads\/2025\/09\/GNPVA-report-SDG-2022-23-EN.pdf\" target=\"_blank\" rel=\"noopener\"><u>Rapport de Contribution au D\u00e9veloppement Durable du Groupe Nueva Pescanova <\/u><u>2022<\/u><\/a>, les rapports pr\u00e9c\u00e9dents \u00e9tant disponibles pour <a href=\"https:\/\/www.nuevapescanova.com\/nuevapescanova\/wp-content\/uploads\/2022\/10\/EN_20220720-INFORME-ODS-2021-master.pdf\" target=\"_blank\" rel=\"noopener\">2021<\/a>, <a href=\"https:\/\/www.nuevapescanova.com\/nuevapescanova\/wp-content\/uploads\/2021\/06\/20210629-INFORME-ODS-2020.pdf\" target=\"_blank\" rel=\"noopener\"><u>2020<\/u><\/a>,\u00a0<a href=\"https:\/\/www.nuevapescanova.com\/nuevapescanova\/wp-content\/uploads\/2020\/06\/20200515-II-INFORME-CONTRIB-DES-SOSTENIBLE-2.pdf\" target=\"_blank\" rel=\"noopener\"><u>2019<\/u><\/a> et <a href=\"https:\/\/www.nuevapescanova.com\/nuevapescanova\/wp-content\/uploads\/2020\/06\/Contribuci\u00f3n-del-Grupo-Nueva-Pescanova-a-los-ODS.pdf\" target=\"_blank\" rel=\"noopener\"><u>2018<\/u><\/a>.<\/p>\n<h4>Align\u00e9 sur l&rsquo;Agenda 2030 de l&rsquo;ONU<\/h4>\n<p>Au sein du Groupe Nueva Pescanova, nous consid\u00e9rons l\u2019Agenda 2030 de l\u2019ONU comme une feuille de route pour relever les d\u00e9fis mondiaux. Ses 17 Objectifs de D\u00e9veloppement Durable (ODD) soulignent le r\u00f4le du secteur priv\u00e9 dans la promotion de la productivit\u00e9, de la croissance inclusive et de la cr\u00e9ation d\u2019emplois.<\/p>\n<p>Nous alignons notre strat\u00e9gie sur ces objectifs, suivons nos progr\u00e8s et visons \u00e0 g\u00e9n\u00e9rer des impacts positifs et durables pour les personnes et la plan\u00e8te.<\/p>\n<h4>Le Pacte Mondial des Nations Unies<\/h4>\n<p>En tant que membres du R\u00e9seau espagnol du Pacte mondial, nous soutenons le Pacte mondial des Nations Unies, la plus grande initiative au monde en mati\u00e8re de responsabilit\u00e9 des entreprises.<\/p>\n<p>Nous avons adopt\u00e9 ses 10 Principes relatifs aux droits de l\u2019Homme, aux droits du travail, \u00e0 l\u2019environnement et \u00e0 la lutte contre la corruption, en les int\u00e9grant \u00e0 notre strat\u00e9gie, notre gouvernance et nos op\u00e9rations quotidiennes. Cela renforce une culture d\u2019int\u00e9grit\u00e9 et de responsabilit\u00e9, fond\u00e9e sur les grands accords internationaux.<\/p>\n<h4>Principes pour un Oc\u00e9an Durable<\/h4>\n<p>Des oc\u00e9ans en bonne sant\u00e9 sont essentiels, et les entreprises doivent agir pour les prot\u00e9ger. Nous avons adh\u00e9r\u00e9 aux Principes pour un oc\u00e9an durable, en int\u00e9grant leurs 9 engagements et en soutenant les 5 objectifs pour un oc\u00e9an florissant.<\/p>\n<p>Nous nous concentrons sur les produits de la mer durables, en assurant une tra\u00e7abilit\u00e9 compl\u00e8te de tous les produits PESCANOVA, qu\u2019ils proviennent de nos propres activit\u00e9s ou de fournisseurs de confiance. Nous participons \u00e9galement au Dialogue mondial sur la tra\u00e7abilit\u00e9 des produits de la mer (GDST), en adoptant et en contribuant \u00e0 ses normes.<\/p>\n<h4><strong>Engag\u00e9s pour la Protection de la Biodiversit\u00e9<\/strong><\/h4>\n<p>Nous reconnaissons que la biodiversit\u00e9 est essentielle \u00e0 la sant\u00e9 des \u00e9cosyst\u00e8mes, \u00e0 la durabilit\u00e9 des p\u00eaches et \u00e0 la r\u00e9silience des syst\u00e8mes alimentaires, en fournissant des services vitaux tels que le cycle des nutriments, la s\u00e9questration du carbone, la purification de l\u2019eau et la protection des c\u00f4tes.<\/p>\n<p>Gr\u00e2ce \u00e0 des pratiques responsables et \u00e0 des partenariats avec des organisations environnementales et des communaut\u00e9s locales, nous prot\u00e9geons les habitats, minimisons les impacts sur les \u00e9cosyst\u00e8mes et soutenons des projets de conservation. Ces actions contribuent \u00e0 enrayer la perte de biodiversit\u00e9, \u00e0 renforcer la r\u00e9silience des \u00e9cosyst\u00e8mes et \u00e0 pr\u00e9server les ressources naturelles pour les g\u00e9n\u00e9rations futures.<\/p>\n<h4><strong>Ambition Climatique<\/strong><\/h4>\n<p>La crise climatique est l\u2019un des plus grands d\u00e9fis actuels.<\/p>\n<p>En r\u00e9ponse \u00e0 l\u2019appel \u00e0 l\u2019action du Pacte mondial des Nations Unies, nous visons la neutralit\u00e9 carbone d\u2019ici 2040. Notre plan de d\u00e9carbonation comprend l\u2019am\u00e9lioration de l\u2019efficacit\u00e9 \u00e9nerg\u00e9tique, le recours aux \u00e9nergies renouvelables, la r\u00e9duction des \u00e9missions et la compensation de celles qui ne peuvent pas encore \u00eatre \u00e9limin\u00e9es.[\/vc_column_text][vc_column_text][\/vc_column_text][\/vc_column_inner][\/vc_row_inner][\/vc_column][\/vc_row][vc_row css=\u00a0\u00bb.vc_custom_1516984658033{margin-top: 30px !important;padding-bottom: 0px !important;background-color: #ffffff !important;}\u00a0\u00bb][vc_column css=\u00a0\u00bb.vc_custom_1516619741069{margin-bottom: 0px !important;}\u00a0\u00bb][vc_row_inner el_class=\u00a0\u00bbsombra\u00a0\u00bb css=\u00a0\u00bb.vc_custom_1516620347065{margin-top: 0px !important;margin-bottom: 0px !important;padding-top: 0px !important;padding-bottom: 0px !important;}\u00a0\u00bb][vc_column_inner width=\u00a0\u00bb1\/4&Prime; css=\u00a0\u00bb.vc_custom_1516620281776{margin-bottom: 0px !important;padding-bottom: 0px !important;}\u00a0\u00bb]<div class=\"hover_box\"><a href=\"https:\/\/www.nuevapescanova.com\/fr\/compromiso\/responsabilidad-social-corporativa-2\/nuestro-compromiso-con-el-planeta\/\" ><div class=\"hover_box_wrapper\"><img loading=\"lazy\" decoding=\"async\" class=\"scale-with-grid visible_photo\" src=\"https:\/\/www.nuevapescanova.com\/nuevapescanova\/wp-content\/uploads\/2018\/02\/planete.jpg\" alt=\"planete\" width=\"270\" height=\"240\"\/><img loading=\"lazy\" decoding=\"async\" class=\"scale-with-grid hidden_photo\" src=\"https:\/\/www.nuevapescanova.com\/nuevapescanova\/wp-content\/uploads\/2018\/02\/planete1.jpg\" alt=\"planete1\" width=\"270\" height=\"240\"\/><\/div><\/a><\/div>\n[\/vc_column_inner][vc_column_inner width=\u00a0\u00bb1\/4&Prime; css=\u00a0\u00bb.vc_custom_1516620292200{margin-bottom: 0px !important;padding-bottom: 0px !important;}\u00a0\u00bb]<div class=\"hover_box\"><a href=\"https:\/\/www.nuevapescanova.com\/fr\/compromiso\/responsabilidad-social-corporativa-2\/el-compromiso-con-nuestras-personas\/\" ><div class=\"hover_box_wrapper\"><img loading=\"lazy\" decoding=\"async\" class=\"scale-with-grid visible_photo\" src=\"https:\/\/www.nuevapescanova.com\/nuevapescanova\/wp-content\/uploads\/2018\/02\/personnes.jpg\" alt=\"personnes\" width=\"270\" height=\"240\"\/><img loading=\"lazy\" decoding=\"async\" class=\"scale-with-grid hidden_photo\" src=\"https:\/\/www.nuevapescanova.com\/nuevapescanova\/wp-content\/uploads\/2018\/02\/personnes1.jpg\" alt=\"personnes1\" width=\"270\" height=\"240\"\/><\/div><\/a><\/div>\n[\/vc_column_inner][vc_column_inner width=\u00a0\u00bb1\/4&Prime; css=\u00a0\u00bb.vc_custom_1516620287216{margin-bottom: 0px !important;padding-bottom: 0px !important;}\u00a0\u00bb]<div class=\"hover_box\"><a href=\"https:\/\/www.nuevapescanova.com\/fr\/compromiso\/responsabilidad-social-corporativa-2\/el-compromiso-con-nuestro-producto\/\" ><div class=\"hover_box_wrapper\"><img loading=\"lazy\" decoding=\"async\" class=\"scale-with-grid visible_photo\" src=\"https:\/\/www.nuevapescanova.com\/nuevapescanova\/wp-content\/uploads\/2018\/02\/produit.jpg\" alt=\"produit\" width=\"270\" height=\"240\"\/><img loading=\"lazy\" decoding=\"async\" class=\"scale-with-grid hidden_photo\" src=\"https:\/\/www.nuevapescanova.com\/nuevapescanova\/wp-content\/uploads\/2018\/02\/produit1.jpg\" alt=\"produit1\" width=\"270\" height=\"240\"\/><\/div><\/a><\/div>\n[\/vc_column_inner][vc_column_inner width=\u00a0\u00bb1\/4&Prime; css=\u00a0\u00bb.vc_custom_1516620299548{margin-bottom: 0px !important;padding-bottom: 0px !important;}\u00a0\u00bb]<div class=\"hover_box\"><a href=\"https:\/\/www.nuevapescanova.com\/fr\/compromiso\/responsabilidad-social-corporativa-2\/el-compromiso-con-las-comunidades\/\" ><div class=\"hover_box_wrapper\"><img loading=\"lazy\" decoding=\"async\" class=\"scale-with-grid visible_photo\" src=\"https:\/\/www.nuevapescanova.com\/nuevapescanova\/wp-content\/uploads\/2018\/02\/communautes.jpg\" alt=\"communautes\" width=\"270\" height=\"240\"\/><img loading=\"lazy\" decoding=\"async\" class=\"scale-with-grid hidden_photo\" src=\"https:\/\/www.nuevapescanova.com\/nuevapescanova\/wp-content\/uploads\/2018\/02\/communautes1.jpg\" alt=\"communautes1\" width=\"270\" height=\"240\"\/><\/div><\/a><\/div>\n[\/vc_column_inner][\/vc_row_inner][\/vc_column][\/vc_row][vc_row][vc_column][vc_empty_space height=\u00a0\u00bb60px\u00a0\u00bb][\/vc_column][\/vc_row]<\/p>\n<\/section>","protected":false},"excerpt":{"rendered":"<p>[vc_row css=\u00a0\u00bb.vc_custom_1516629082762{margin-bottom: 30px !important;padding-bottom: 0px !important;background-color: #ffffff !important;}\u00a0\u00bb][vc_column][vc_column_text el_class=\u00a0\u00bbtitulo\u00a0\u00bb css=\u00a0\u00bb.vc_custom_1561720128927{margin-top: 0px !important;padding-top: 0px !important;}\u00a0\u00bb]Contribution au d\u00e9veloppement durable[\/vc_column_text][vc_row_inner el_class=\u00a0\u00bbsombra\u00a0\u00bb css=\u00a0\u00bb.vc_custom_1516627142348{margin-top: 0px !important;margin-bottom: 0px !important;padding-top: 0px !important;padding-bottom: 0px<span class=\"excerpt-hellip\"> [\u2026]<\/span><\/p>\n","protected":false},"author":3,"featured_media":0,"parent":2739,"menu_order":0,"comment_status":"closed","ping_status":"closed","template":"","meta":{"_acf_changed":false,"footnotes":""},"class_list":["post-8648","page","type-page","status-publish","hentry"],"acf":[],"yoast_head":"<!-- This site is optimized with the Yoast SEO plugin v25.9 - https:\/\/yoast.com\/wordpress\/plugins\/seo\/ -->\n<title>Contribution au d\u00e9veloppement durable - Nueva Pescanova<\/title>\n<meta name=\"robots\" content=\"index, follow, max-snippet:-1, max-image-preview:large, max-video-preview:-1\" \/>\n<link rel=\"canonical\" href=\"https:\/\/www.nuevapescanova.com\/fr\/compromiso\/responsabilidad-social-corporativa-2\/contribution-au-developpement-durable\/\" \/>\n<meta property=\"og:locale\" content=\"fr_FR\" \/>\n<meta property=\"og:type\" content=\"article\" \/>\n<meta property=\"og:title\" content=\"Contribution au d\u00e9veloppement durable - Nueva Pescanova\" \/>\n<meta property=\"og:description\" content=\"[vc_row css=\u00a0\u00bb.vc_custom_1516629082762{margin-bottom: 30px !important;padding-bottom: 0px !important;background-color: #ffffff !important;}\u00a0\u00bb][vc_column][vc_column_text el_class=\u00a0\u00bbtitulo\u00a0\u00bb css=\u00a0\u00bb.vc_custom_1561720128927{margin-top: 0px !important;padding-top: 0px !important;}\u00a0\u00bb]Contribution au d\u00e9veloppement durable[\/vc_column_text][vc_row_inner el_class=\u00a0\u00bbsombra\u00a0\u00bb css=\u00a0\u00bb.vc_custom_1516627142348{margin-top: 0px !important;margin-bottom: 0px !important;padding-top: 0px !important;padding-bottom: 0px [\u2026]\" \/>\n<meta property=\"og:url\" content=\"https:\/\/www.nuevapescanova.com\/fr\/compromiso\/responsabilidad-social-corporativa-2\/contribution-au-developpement-durable\/\" \/>\n<meta property=\"og:site_name\" content=\"Nueva Pescanova\" \/>\n<meta property=\"article:modified_time\" content=\"2025-10-22T10:24:55+00:00\" \/>\n<meta name=\"twitter:card\" content=\"summary_large_image\" \/>\n<meta name=\"twitter:site\" content=\"@PescanovaCorp\" \/>\n<meta name=\"twitter:label1\" content=\"Dur\u00e9e de lecture estim\u00e9e\" \/>\n\t<meta name=\"twitter:data1\" content=\"5 minutes\" \/>\n<script type=\"application\/ld+json\" class=\"yoast-schema-graph\">{\"@context\":\"https:\/\/schema.org\",\"@graph\":[{\"@type\":\"WebPage\",\"@id\":\"https:\/\/www.nuevapescanova.com\/fr\/compromiso\/responsabilidad-social-corporativa-2\/contribution-au-developpement-durable\/\",\"url\":\"https:\/\/www.nuevapescanova.com\/fr\/compromiso\/responsabilidad-social-corporativa-2\/contribution-au-developpement-durable\/\",\"name\":\"Contribution au d\u00e9veloppement durable - Nueva Pescanova\",\"isPartOf\":{\"@id\":\"https:\/\/www.nuevapescanova.com\/#website\"},\"datePublished\":\"2019-05-28T09:14:52+00:00\",\"dateModified\":\"2025-10-22T10:24:55+00:00\",\"breadcrumb\":{\"@id\":\"https:\/\/www.nuevapescanova.com\/fr\/compromiso\/responsabilidad-social-corporativa-2\/contribution-au-developpement-durable\/#breadcrumb\"},\"inLanguage\":\"fr-FR\",\"potentialAction\":[{\"@type\":\"ReadAction\",\"target\":[\"https:\/\/www.nuevapescanova.com\/fr\/compromiso\/responsabilidad-social-corporativa-2\/contribution-au-developpement-durable\/\"]}]},{\"@type\":\"BreadcrumbList\",\"@id\":\"https:\/\/www.nuevapescanova.com\/fr\/compromiso\/responsabilidad-social-corporativa-2\/contribution-au-developpement-durable\/#breadcrumb\",\"itemListElement\":[{\"@type\":\"ListItem\",\"position\":1,\"name\":\"Portada\",\"item\":\"https:\/\/www.nuevapescanova.com\/fr\/\"},{\"@type\":\"ListItem\",\"position\":2,\"name\":\"Compromiso\",\"item\":\"https:\/\/www.nuevapescanova.com\/fr\/compromiso\/\"},{\"@type\":\"ListItem\",\"position\":3,\"name\":\"Responsabilit\u00e9 sociale d\u2019entreprise\",\"item\":\"https:\/\/www.nuevapescanova.com\/fr\/compromiso\/responsabilidad-social-corporativa-2\/\"},{\"@type\":\"ListItem\",\"position\":4,\"name\":\"Contribution au d\u00e9veloppement durable\"}]},{\"@type\":\"WebSite\",\"@id\":\"https:\/\/www.nuevapescanova.com\/#website\",\"url\":\"https:\/\/www.nuevapescanova.com\/\",\"name\":\"Nueva Pescanova\",\"description\":\"\",\"publisher\":{\"@id\":\"https:\/\/www.nuevapescanova.com\/#organization\"},\"potentialAction\":[{\"@type\":\"SearchAction\",\"target\":{\"@type\":\"EntryPoint\",\"urlTemplate\":\"https:\/\/www.nuevapescanova.com\/?s={search_term_string}\"},\"query-input\":{\"@type\":\"PropertyValueSpecification\",\"valueRequired\":true,\"valueName\":\"search_term_string\"}}],\"inLanguage\":\"fr-FR\"},{\"@type\":\"Organization\",\"@id\":\"https:\/\/www.nuevapescanova.com\/#organization\",\"name\":\"Nueva Pescanova\",\"url\":\"https:\/\/www.nuevapescanova.com\/\",\"logo\":{\"@type\":\"ImageObject\",\"inLanguage\":\"fr-FR\",\"@id\":\"https:\/\/www.nuevapescanova.com\/#\/schema\/logo\/image\/\",\"url\":\"https:\/\/www.nuevapescanova.com\/nuevapescanova\/wp-content\/uploads\/2023\/06\/Logo-Grupo-Nueva-Pescanova.jpg\",\"contentUrl\":\"https:\/\/www.nuevapescanova.com\/nuevapescanova\/wp-content\/uploads\/2023\/06\/Logo-Grupo-Nueva-Pescanova.jpg\",\"width\":800,\"height\":398,\"caption\":\"Nueva Pescanova\"},\"image\":{\"@id\":\"https:\/\/www.nuevapescanova.com\/#\/schema\/logo\/image\/\"},\"sameAs\":[\"https:\/\/x.com\/PescanovaCorp\",\"https:\/\/www.linkedin.com\/company\/nuevapescanova\/?originalSubdomain=es\"]}]}<\/script>\n<!-- \/ Yoast SEO plugin. -->","yoast_head_json":{"title":"Contribution au d\u00e9veloppement durable - Nueva Pescanova","robots":{"index":"index","follow":"follow","max-snippet":"max-snippet:-1","max-image-preview":"max-image-preview:large","max-video-preview":"max-video-preview:-1"},"canonical":"https:\/\/www.nuevapescanova.com\/fr\/compromiso\/responsabilidad-social-corporativa-2\/contribution-au-developpement-durable\/","og_locale":"fr_FR","og_type":"article","og_title":"Contribution au d\u00e9veloppement durable - Nueva Pescanova","og_description":"[vc_row css=\u00a0\u00bb.vc_custom_1516629082762{margin-bottom: 30px !important;padding-bottom: 0px !important;background-color: #ffffff !important;}\u00a0\u00bb][vc_column][vc_column_text el_class=\u00a0\u00bbtitulo\u00a0\u00bb css=\u00a0\u00bb.vc_custom_1561720128927{margin-top: 0px !important;padding-top: 0px !important;}\u00a0\u00bb]Contribution au d\u00e9veloppement durable[\/vc_column_text][vc_row_inner el_class=\u00a0\u00bbsombra\u00a0\u00bb css=\u00a0\u00bb.vc_custom_1516627142348{margin-top: 0px !important;margin-bottom: 0px !important;padding-top: 0px !important;padding-bottom: 0px [\u2026]","og_url":"https:\/\/www.nuevapescanova.com\/fr\/compromiso\/responsabilidad-social-corporativa-2\/contribution-au-developpement-durable\/","og_site_name":"Nueva Pescanova","article_modified_time":"2025-10-22T10:24:55+00:00","twitter_card":"summary_large_image","twitter_site":"@PescanovaCorp","twitter_misc":{"Dur\u00e9e de lecture estim\u00e9e":"5 minutes"},"schema":{"@context":"https:\/\/schema.org","@graph":[{"@type":"WebPage","@id":"https:\/\/www.nuevapescanova.com\/fr\/compromiso\/responsabilidad-social-corporativa-2\/contribution-au-developpement-durable\/","url":"https:\/\/www.nuevapescanova.com\/fr\/compromiso\/responsabilidad-social-corporativa-2\/contribution-au-developpement-durable\/","name":"Contribution au d\u00e9veloppement durable - Nueva Pescanova","isPartOf":{"@id":"https:\/\/www.nuevapescanova.com\/#website"},"datePublished":"2019-05-28T09:14:52+00:00","dateModified":"2025-10-22T10:24:55+00:00","breadcrumb":{"@id":"https:\/\/www.nuevapescanova.com\/fr\/compromiso\/responsabilidad-social-corporativa-2\/contribution-au-developpement-durable\/#breadcrumb"},"inLanguage":"fr-FR","potentialAction":[{"@type":"ReadAction","target":["https:\/\/www.nuevapescanova.com\/fr\/compromiso\/responsabilidad-social-corporativa-2\/contribution-au-developpement-durable\/"]}]},{"@type":"BreadcrumbList","@id":"https:\/\/www.nuevapescanova.com\/fr\/compromiso\/responsabilidad-social-corporativa-2\/contribution-au-developpement-durable\/#breadcrumb","itemListElement":[{"@type":"ListItem","position":1,"name":"Portada","item":"https:\/\/www.nuevapescanova.com\/fr\/"},{"@type":"ListItem","position":2,"name":"Compromiso","item":"https:\/\/www.nuevapescanova.com\/fr\/compromiso\/"},{"@type":"ListItem","position":3,"name":"Responsabilit\u00e9 sociale d\u2019entreprise","item":"https:\/\/www.nuevapescanova.com\/fr\/compromiso\/responsabilidad-social-corporativa-2\/"},{"@type":"ListItem","position":4,"name":"Contribution au d\u00e9veloppement durable"}]},{"@type":"WebSite","@id":"https:\/\/www.nuevapescanova.com\/#website","url":"https:\/\/www.nuevapescanova.com\/","name":"Nueva Pescanova","description":"","publisher":{"@id":"https:\/\/www.nuevapescanova.com\/#organization"},"potentialAction":[{"@type":"SearchAction","target":{"@type":"EntryPoint","urlTemplate":"https:\/\/www.nuevapescanova.com\/?s={search_term_string}"},"query-input":{"@type":"PropertyValueSpecification","valueRequired":true,"valueName":"search_term_string"}}],"inLanguage":"fr-FR"},{"@type":"Organization","@id":"https:\/\/www.nuevapescanova.com\/#organization","name":"Nueva Pescanova","url":"https:\/\/www.nuevapescanova.com\/","logo":{"@type":"ImageObject","inLanguage":"fr-FR","@id":"https:\/\/www.nuevapescanova.com\/#\/schema\/logo\/image\/","url":"https:\/\/www.nuevapescanova.com\/nuevapescanova\/wp-content\/uploads\/2023\/06\/Logo-Grupo-Nueva-Pescanova.jpg","contentUrl":"https:\/\/www.nuevapescanova.com\/nuevapescanova\/wp-content\/uploads\/2023\/06\/Logo-Grupo-Nueva-Pescanova.jpg","width":800,"height":398,"caption":"Nueva Pescanova"},"image":{"@id":"https:\/\/www.nuevapescanova.com\/#\/schema\/logo\/image\/"},"sameAs":["https:\/\/x.com\/PescanovaCorp","https:\/\/www.linkedin.com\/company\/nuevapescanova\/?originalSubdomain=es"]}]}},"_links":{"self":[{"href":"https:\/\/www.nuevapescanova.com\/fr\/wp-json\/wp\/v2\/pages\/8648","targetHints":{"allow":["GET"]}}],"collection":[{"href":"https:\/\/www.nuevapescanova.com\/fr\/wp-json\/wp\/v2\/pages"}],"about":[{"href":"https:\/\/www.nuevapescanova.com\/fr\/wp-json\/wp\/v2\/types\/page"}],"author":[{"embeddable":true,"href":"https:\/\/www.nuevapescanova.com\/fr\/wp-json\/wp\/v2\/users\/3"}],"replies":[{"embeddable":true,"href":"https:\/\/www.nuevapescanova.com\/fr\/wp-json\/wp\/v2\/comments?post=8648"}],"version-history":[{"count":19,"href":"https:\/\/www.nuevapescanova.com\/fr\/wp-json\/wp\/v2\/pages\/8648\/revisions"}],"predecessor-version":[{"id":46808,"href":"https:\/\/www.nuevapescanova.com\/fr\/wp-json\/wp\/v2\/pages\/8648\/revisions\/46808"}],"up":[{"embeddable":true,"href":"https:\/\/www.nuevapescanova.com\/fr\/wp-json\/wp\/v2\/pages\/2739"}],"wp:attachment":[{"href":"https:\/\/www.nuevapescanova.com\/fr\/wp-json\/wp\/v2\/media?parent=8648"}],"curies":[{"name":"wp","href":"https:\/\/api.w.org\/{rel}","templated":true}]}}