{"id":16604,"date":"2017-12-26T19:44:51","date_gmt":"2017-12-26T19:44:51","guid":{"rendered":"http:\/\/www.nuevapescanova.com\/aviso-legal\/"},"modified":"2022-02-01T15:17:30","modified_gmt":"2022-02-01T15:17:30","slug":"aviso-legal","status":"publish","type":"page","link":"https:\/\/www.nuevapescanova.com\/gl\/aviso-legal\/","title":{"rendered":"Aviso Legal"},"content":{"rendered":"<section class=\"wpb-content-wrapper\"><p>[vc_row css=&#8221;.vc_custom_1516351154553{margin-top: 75px !important;margin-bottom: 0px !important;}&#8221;][vc_column][vc_column_text css=&#8221;.vc_custom_1528476621480{margin-bottom: 0px !important;padding-bottom: 0px !important;}&#8221;]<\/p>\n<p><span class=\"destacado\">Aviso Legal<\/span><\/p>\n<p>[\/vc_column_text][vc_row_inner css=&#8221;.vc_custom_1516351186038{margin-top: 8px !important;margin-right: 0px !important;margin-bottom: 0px !important;margin-left: 0px !important;padding-top: 0px !important;padding-right: 0px !important;padding-bottom: 0px !important;padding-left: 0px !important;background-color: #ffffff !important;}&#8221; el_class=&#8221;sombra&#8221;][vc_column_inner][vc_column_text css=&#8221;.vc_custom_1643728647250{margin-bottom: 0px !important;padding-bottom: 0px !important;}&#8221;]<strong>1. IDENTIFICACI\u00d3N DO TITULAR DA WEB<\/strong><\/p>\n<p>En cumprimento da Lei 34\/2002, do 11 de xullo, de servizos da sociedade da informaci\u00f3n e de comercio electr\u00f3nico, inf\u00f3rmase de que os datos identificativos do titular do sitio web <a href=\"https:\/\/www.nuevapescanova.com\/\">https:\/\/www.nuevapescanova.com\/<\/a> son os seguintes:<\/p>\n<p>Raz\u00f3n social: Nueva Pescanova, S.L.<\/p>\n<p>CIF\/NIF: B94123908<\/p>\n<p>Rexistro: sociedade rexistrada no Rexistro Mercantil de Pontevedra, no folio 40 do libro 4054 de Sociedades, inscrici\u00f3n 1.\u00aa da folla PO-58757.<\/p>\n<p>Domicilio social: r\u00faa Jos\u00e9 Fern\u00e1ndez L\u00f3pez, s\/n, 36320, Chapela-Redondela (Pontevedra, Espa\u00f1a)<\/p>\n<p>Tel\u00e9fono: +34 986818100<\/p>\n<p>Fax: +34 986818393<\/p>\n<p>Para os efectos aclaratorios, Nueva Pescanova, S.L., quedar\u00e1 identificada en todo o documento como \u201co titular\u201d.<\/p>\n<p><strong>2. OBXECTO <\/strong><\/p>\n<p>Mediante este aviso legal e condici\u00f3ns xerais de uso da web o titular informa os usuarios da p\u00e1xina web da s\u00faa propiedade <a href=\"https:\/\/www.nuevapescanova.es\/\">https:\/\/www.nuevapescanova.es\/<\/a> (en diante, \u201cportal\u201d ou \u201cweb\u201d indistintamente), sobre as condici\u00f3ns de uso desta.<\/p>\n<p>O presente aviso legal e condici\u00f3ns xerais de uso son aplicables a aquelas persoas f\u00edsicas maiores de 18 anos, ou persoas xur\u00eddicas, que accedan aos contidos da web e\/ou fagan uso dos servizos prestados na web. Os menores de 18 anos ou incapaces deber\u00e1n facer uso da web baixo a enteira responsabilidade dos seus pais, representantes ou titores legais, e estes deber\u00e1n acompa\u00f1ar, supervisar ou tomar as precauci\u00f3ns oportunas durante a navegaci\u00f3n daqueles polas p\u00e1xinas web.<\/p>\n<p><strong>3. CONDICI\u00d3NS DE ACCESO E USO<\/strong><\/p>\n<p>A utilizaci\u00f3n da web require de conexi\u00f3n a internet. A dispo\u00f1ibilidade e a calidade do acceso non dependen do titular. O titular non se responsabiliza de ning\u00fan aspecto relacionado co servizo de acceso a internet do usuario.<\/p>\n<p>O acceso \u00e1 web \u00e9 libre e atrib\u00faelle a quen o realiza a condici\u00f3n de usuario. O usuario debe pois, ler e entender o presente aviso legal e condici\u00f3ns xerais de uso antes de proceder \u00e1 navegaci\u00f3n e\/ou uso dos servizos, o que supo\u00f1er\u00e1 a s\u00faa expresa aceptaci\u00f3n e adhesi\u00f3n a estas, e queda vinculado por este, as\u00ed como demais documentaci\u00f3n relacionada, polo que se non est\u00e1 vostede de acordo con toda ela non debe usar esta web.<\/p>\n<p>O usuario obr\u00edgase a:<\/p>\n<ul>\n<li>Utilizar a web de conformidade coa lexislaci\u00f3n vixente, o presente aviso legal e condici\u00f3ns xerais de uso, respectando os dereitos de propiedade intelectual do titular ou de terceiros, os bos costumes, a boa fe e a \u201cnetiqueta\u201d, \u00e9 dicir, ao conxunto de normas de comportamento xeral na internet;<\/li>\n<li>Realizar un uso dilixente dos recursos e a non realizar, a trav\u00e9s dos servizos que pon \u00e1 s\u00faa disposici\u00f3n o titular, ningunha acci\u00f3n que cause dano ou alteraci\u00f3ns dos contidos ou obstaculice o bo funcionamento do portal, e comprom\u00e9tese expresamente polo s\u00f3 uso desta a non causar problemas t\u00e9cnicos de calquera \u00edndole, transferir elementos susceptibles de portar virus inform\u00e1ticos ou danar, interferir ou interceptar total ou parcialmente o portal;<\/li>\n<li>O usuario aceptar\u00e1 os termos e condici\u00f3ns dun servizo ou recurso concreto cando estas fosen necesarias, o que ser\u00e1 explicitamente requirido no seu caso e;<\/li>\n<li>Non poder\u00e1 facer uso da web f\u00f3ra dos termos aceptados polas presentes condici\u00f3ns de uso, concretamente para fins il\u00edcitos, contrarios \u00e1 lei, a moral ou \u00e1 orde p\u00fablica en calquera das s\u00faas expresi\u00f3ns, ou constitutivas de delito. En ning\u00fan caso, realizar\u00e1 acci\u00f3ns que resulten ofensivas para o bo nome e imaxe comercial do titular, outros usuarios do portal ou para terceiros.<\/li>\n<\/ul>\n<p>De igual maneira, en caso de permitirse comentarios ou entradas de opini\u00f3ns, o titular non se responsabilizar\u00e1 en ning\u00fan caso das opini\u00f3ns vertidas por terceiros, a\u00ednda que se reserva o dereito para retirar ou mesmo non publicar aqueles que resulten ofensivos ou inapropiados ou, na s\u00faa falta, cando tivese co\u00f1ecemento efectivo do contido do publicado.<\/p>\n<p>O titular reservase o dereito para denegar ou retirar o acceso \u00e1 web en calquera momento e sen necesidade de aviso previo a aqueles usuarios que non cumpran as presentes condici\u00f3ns xerais de uso.<\/p>\n<p><strong>4. PROPIEDADE INTELECTUAL E INDUSTRIAL<\/strong><\/p>\n<p>O titular pos\u00fae todos os dereitos sobre os contidos que se mostran na web, e en especial pos\u00fae todos os dereitos sobre ela, os seus logos, nomes comerciais, marcas, debuxos industriais, estrutura, imaxes, dese\u00f1os, textos, gr\u00e1ficos, bot\u00f3ns, elementos constitutivos do c\u00f3digo obxecto, a programaci\u00f3n e enxe\u00f1er\u00eda do c\u00f3digo fonte ou calquera outros signos susceptibles de utilizaci\u00f3n industrial e comercial. Todos estes elementos, ademais das publicaci\u00f3ns inclu\u00eddas, est\u00e1n protexidos pola normativa espa\u00f1ola e europea sobre propiedade intelectual e industrial e at\u00f3panse suxeitos a dereitos de propiedade intelectual e industrial do titular e\/ou de terceiros titulares destes, que autorizaron debidamente a s\u00faa inclusi\u00f3n no portal.<\/p>\n<p>En ning\u00fan caso se entender\u00e1 que se concede licenza ningunha ou se efect\u00faa renuncia, transmisi\u00f3n, cesi\u00f3n total ou parcial dos devanditos dereitos nin se confire ning\u00fan dereito nin expectativa de dereito. Queda totalmente prohibida calquera alteraci\u00f3n, reproduci\u00f3n, adaptaci\u00f3n, modificaci\u00f3n ou comunicaci\u00f3n p\u00fablica da totalidade ou parte dos contidos da web, efectuada de calquera forma ou por calquera medio, mec\u00e1nico, manual ou outro, sen a autorizaci\u00f3n previa e expresa do titular.<\/p>\n<p>Non se poder\u00e1 establecer ning\u00fan v\u00ednculo a esta web desde calquera outra web sen o previo e expreso consentimento do titular. Calquera ligaz\u00f3n realizada \u00e1 web haber\u00e1 de dirixirse \u00e1 \u201chome\u201d ou p\u00e1xina de inicio, e prohibirase a realizaci\u00f3n de ligaz\u00f3ns profundas ou dirixidas a outros contidos distintos do mencionado.<\/p>\n<p>De igual maneira queda prohibida a pr\u00e1ctica de navegaci\u00f3n sobre marcos ou \u201cframes\u201d.<\/p>\n<p>A existencia de enlaces de terceiros na web do titular, salvo manifestaci\u00f3n expresa en contrario, facil\u00edtanse para os efectos informativos, sen que o titular te\u00f1a control ning\u00fan sobre o contido ou materiais destes. Por tanto, o titular non acepta ning\u00fan tipo de responsabilidade por calquera dano ou perda derivado do seu uso. O titular res\u00e9rvase o dereito de retirar de modo unilateral e en calquera momento os links que aparecen na s\u00faa web.<\/p>\n<p><strong>5. RESPONSABILIDADE DO TITULAR <\/strong><\/p>\n<p>O titular realiza todos os seus mellores esforzos por manter actualizada a s\u00faa web para que o usuario poida acceder a esta en todo momento e para que a web non sufra interrupci\u00f3ns, pero non pode garantir a ausencia de fallos tecnol\u00f3xicos, nin garantir a permanente dispo\u00f1ibilidade do portal e dos servizos contidos nel. En consecuencia, o titular non se far\u00e1 responsable polos danos e perdas de natureza que puidesen derivarse de, con car\u00e1cter meramente enunciativo e non limitativo (i) a falta de dispo\u00f1ibilidade do portal, de fallos no acceso debido a desconexi\u00f3ns, avar\u00edas, sobrecargas ou ca\u00eddas da rede, internet ou outros sistemas electr\u00f3nicos, non imputables ao titular, (ii) suspensi\u00f3ns temporais do portal, (ii) virus inform\u00e1ticos ou (iii) por causas de forza maior.<\/p>\n<p>No caso de usuarios menores de idade ou incapaces ser\u00e1n os seus pais, representantes ou titores legais, os responsables de que estes accedan \u00e1 web, aos produtos ou contidos, ou se rexistren, polo que lles recomendamos acompa\u00f1ar, supervisar ou tomar as precauci\u00f3ns oportunas durante a navegaci\u00f3n por p\u00e1xinas web.<\/p>\n<p><strong>6. MODIFICACI\u00d3N DO AVISO LEGAL E SUSPENSI\u00d3N DA WEB <\/strong><\/p>\n<p>O titular res\u00e9rvase o dereito de actualizar, modificar ou eliminar o aviso legal e as condici\u00f3ns, a s\u00faa configuraci\u00f3n, as prestaci\u00f3ns e servizos en calquera momento e sen necesidade de aviso previo.<\/p>\n<p>O titular poder\u00e1, sen necesidade de aviso previo, suspender temporalmente o contido da web por raz\u00f3ns de mantemento ou reparaci\u00f3n dos seus sistemas e introducir os cambios que estime oportunos nesta. O titular excl\u00fae calquera responsabilidade polos danos e perdas de calquera natureza derivados do exercicio das facultades definidas neste apartado.<\/p>\n<p><strong>7. COMUNICACI\u00d3NS E NOTIFICACI\u00d3NS <\/strong><\/p>\n<p>As comunicaci\u00f3ns e notificaci\u00f3ns por parte do usuario ao titular, deber\u00e1n efectuarse a trav\u00e9s do formulario de \u201cCONTACTO\u201d da web (<a href=\"https:\/\/www.nuevapescanova.com\/contacto\/),%20r\">https:\/\/www.nuevapescanova.com\/contacto\/)<\/a>, e deberanse cubrir os campos marcados como obrigatorios e ler e aceptar expresamente a pol\u00edtica de privacidade mediante o marcado da casa habilitada para o efecto. As comunicaci\u00f3ns do titular ao usuario realizaranse conforme os datos facilitados polo usuario no formulario de contacto.<\/p>\n<p><strong>8. PROTECCI\u00d3N DE DATOS DE CAR\u00c1CTER PERSOAL<\/strong><\/p>\n<p>O titular adoptou todas as medidas de seguridade, tanto t\u00e9cnicas como organizativas, esixidas pola normativa en protecci\u00f3n de datos, m\u00e1is concretamente segundo a Lei org\u00e1nica 3\/2018, do 5 de decembro, de protecci\u00f3n de datos de car\u00e1cter persoal e garant\u00eda dos dereitos dixitais e o Regulamento 2016\/679 europeo de protecci\u00f3n de datos (Regulamento xeral de protecci\u00f3n de datos). Poder\u00e1 atoparse toda a informaci\u00f3n a este respecto no apartado denominado Pol\u00edtica de Privacidade.<\/p>\n<p><strong>9. NULIDADE DAS CL\u00c1USULAS <\/strong><\/p>\n<p>Se calquera contido deste aviso legal e condici\u00f3ns xerais de uso do portal fose declarada total ou parcialmente nulo ou ineficaz, por resoluci\u00f3n firme ditada por unha autoridade competente, a dita declaraci\u00f3n afectar\u00e1 tan s\u00f3 ao contido ou parte deste que resulte nulo ou ineficaz, e permanecer\u00e1 en vigor o resto de termos deste aviso legal e condici\u00f3ns xerais de uso. Nese caso terase tal contido ou a parte deste que resulte afectada, por non posto, e o titular efectuar\u00e1 as modificaci\u00f3ns pertinentes no per\u00edodo de tempo m\u00e1is breve posible.<\/p>\n<p><strong>10. LEXISLACI\u00d3N E XURISDICI\u00d3N APLICABLE <\/strong><\/p>\n<p>O presente aviso lei e condici\u00f3ns xerais de uso do portal, as\u00ed como calquera relaci\u00f3n entre o titular e o usuario, queda sometida \u00e1 lexislaci\u00f3n espa\u00f1ola.<\/p>\n<p>Con car\u00e1cter xeral, calquera controversia que puidese xurdir en relaci\u00f3n coas presentes condici\u00f3ns someterase aos xulgados e tribunais da cidade de Vigo, con renuncia a calquera outro foro. Se o usuario tivese a condici\u00f3n de \u201cConsumidor\u201d conforme ao Real decreto lexislativo 1\/2007, do 16 de novembro, polo que se aproba o texto refundido da Lei xeral para a defensa dos consumidores e usuarios e outras leis complementarias, ser\u00e1n competentes os xulgados e tribunais do domicilio do consumidor para resoluci\u00f3n de calquera controversia que puidese xurdir.[\/vc_column_text][\/vc_column_inner][\/vc_row_inner][vc_empty_space height=&#8221;60px&#8221;][\/vc_column][\/vc_row]<\/p>\n<\/section>","protected":false},"excerpt":{"rendered":"<p>[vc_row css=&#8221;.vc_custom_1516351154553{margin-top: 75px !important;margin-bottom: 0px !important;}&#8221;][vc_column][vc_column_text css=&#8221;.vc_custom_1528476621480{margin-bottom: 0px !important;padding-bottom: 0px !important;}&#8221;] Aviso Legal [\/vc_column_text][vc_row_inner css=&#8221;.vc_custom_1516351186038{margin-top: 8px !important;margin-right: 0px !important;margin-bottom: 0px !important;margin-left: 0px !important;padding-top: 0px !important;padding-right: 0px<span class=\"excerpt-hellip\"> [\u2026]<\/span><\/p>\n","protected":false},"author":3,"featured_media":0,"parent":0,"menu_order":0,"comment_status":"closed","ping_status":"closed","template":"","meta":{"_acf_changed":false,"footnotes":""},"class_list":["post-16604","page","type-page","status-publish","hentry"],"acf":[],"yoast_head":"<!-- This site is optimized with the Yoast SEO plugin v25.9 - https:\/\/yoast.com\/wordpress\/plugins\/seo\/ -->\n<title>Aviso Legal - Nueva Pescanova<\/title>\n<meta name=\"robots\" content=\"index, follow, max-snippet:-1, max-image-preview:large, max-video-preview:-1\" \/>\n<link rel=\"canonical\" href=\"https:\/\/www.nuevapescanova.com\/aviso-legal\/\" \/>\n<meta property=\"og:locale\" content=\"gl_ES\" \/>\n<meta property=\"og:type\" content=\"article\" \/>\n<meta property=\"og:title\" content=\"Aviso Legal - Nueva Pescanova\" \/>\n<meta property=\"og:description\" content=\"[vc_row css=&#8221;.vc_custom_1516351154553{margin-top: 75px !important;margin-bottom: 0px !important;}&#8221;][vc_column][vc_column_text css=&#8221;.vc_custom_1528476621480{margin-bottom: 0px !important;padding-bottom: 0px !important;}&#8221;] Aviso Legal [\/vc_column_text][vc_row_inner css=&#8221;.vc_custom_1516351186038{margin-top: 8px !important;margin-right: 0px !important;margin-bottom: 0px !important;margin-left: 0px !important;padding-top: 0px !important;padding-right: 0px [\u2026]\" \/>\n<meta property=\"og:url\" content=\"https:\/\/www.nuevapescanova.com\/aviso-legal\/\" \/>\n<meta property=\"og:site_name\" content=\"Nueva Pescanova\" \/>\n<meta property=\"article:modified_time\" content=\"2022-02-01T15:17:30+00:00\" \/>\n<meta name=\"twitter:card\" content=\"summary_large_image\" \/>\n<meta name=\"twitter:site\" content=\"@PescanovaCorp\" \/>\n<meta name=\"twitter:label1\" content=\"Est. reading time\" \/>\n\t<meta name=\"twitter:data1\" content=\"9 minutes\" \/>\n<script type=\"application\/ld+json\" class=\"yoast-schema-graph\">{\"@context\":\"https:\/\/schema.org\",\"@graph\":[{\"@type\":\"WebPage\",\"@id\":\"https:\/\/www.nuevapescanova.com\/aviso-legal\/\",\"url\":\"https:\/\/www.nuevapescanova.com\/aviso-legal\/\",\"name\":\"Aviso Legal - Nueva Pescanova\",\"isPartOf\":{\"@id\":\"https:\/\/www.nuevapescanova.com\/#website\"},\"datePublished\":\"2017-12-26T19:44:51+00:00\",\"dateModified\":\"2022-02-01T15:17:30+00:00\",\"breadcrumb\":{\"@id\":\"https:\/\/www.nuevapescanova.com\/aviso-legal\/#breadcrumb\"},\"inLanguage\":\"gl-ES\",\"potentialAction\":[{\"@type\":\"ReadAction\",\"target\":[\"https:\/\/www.nuevapescanova.com\/aviso-legal\/\"]}]},{\"@type\":\"BreadcrumbList\",\"@id\":\"https:\/\/www.nuevapescanova.com\/aviso-legal\/#breadcrumb\",\"itemListElement\":[{\"@type\":\"ListItem\",\"position\":1,\"name\":\"Portada\",\"item\":\"https:\/\/www.nuevapescanova.com\/gl\/\"},{\"@type\":\"ListItem\",\"position\":2,\"name\":\"Aviso Legal\"}]},{\"@type\":\"WebSite\",\"@id\":\"https:\/\/www.nuevapescanova.com\/#website\",\"url\":\"https:\/\/www.nuevapescanova.com\/\",\"name\":\"Nueva Pescanova\",\"description\":\"\",\"publisher\":{\"@id\":\"https:\/\/www.nuevapescanova.com\/#organization\"},\"potentialAction\":[{\"@type\":\"SearchAction\",\"target\":{\"@type\":\"EntryPoint\",\"urlTemplate\":\"https:\/\/www.nuevapescanova.com\/?s={search_term_string}\"},\"query-input\":{\"@type\":\"PropertyValueSpecification\",\"valueRequired\":true,\"valueName\":\"search_term_string\"}}],\"inLanguage\":\"gl-ES\"},{\"@type\":\"Organization\",\"@id\":\"https:\/\/www.nuevapescanova.com\/#organization\",\"name\":\"Nueva Pescanova\",\"url\":\"https:\/\/www.nuevapescanova.com\/\",\"logo\":{\"@type\":\"ImageObject\",\"inLanguage\":\"gl-ES\",\"@id\":\"https:\/\/www.nuevapescanova.com\/#\/schema\/logo\/image\/\",\"url\":\"https:\/\/www.nuevapescanova.com\/nuevapescanova\/wp-content\/uploads\/2023\/06\/Logo-Grupo-Nueva-Pescanova.jpg\",\"contentUrl\":\"https:\/\/www.nuevapescanova.com\/nuevapescanova\/wp-content\/uploads\/2023\/06\/Logo-Grupo-Nueva-Pescanova.jpg\",\"width\":800,\"height\":398,\"caption\":\"Nueva Pescanova\"},\"image\":{\"@id\":\"https:\/\/www.nuevapescanova.com\/#\/schema\/logo\/image\/\"},\"sameAs\":[\"https:\/\/x.com\/PescanovaCorp\",\"https:\/\/www.linkedin.com\/company\/nuevapescanova\/?originalSubdomain=es\"]}]}<\/script>\n<!-- \/ Yoast SEO plugin. -->","yoast_head_json":{"title":"Aviso Legal - Nueva Pescanova","robots":{"index":"index","follow":"follow","max-snippet":"max-snippet:-1","max-image-preview":"max-image-preview:large","max-video-preview":"max-video-preview:-1"},"canonical":"https:\/\/www.nuevapescanova.com\/aviso-legal\/","og_locale":"gl_ES","og_type":"article","og_title":"Aviso Legal - Nueva Pescanova","og_description":"[vc_row css=&#8221;.vc_custom_1516351154553{margin-top: 75px !important;margin-bottom: 0px !important;}&#8221;][vc_column][vc_column_text css=&#8221;.vc_custom_1528476621480{margin-bottom: 0px !important;padding-bottom: 0px !important;}&#8221;] Aviso Legal [\/vc_column_text][vc_row_inner css=&#8221;.vc_custom_1516351186038{margin-top: 8px !important;margin-right: 0px !important;margin-bottom: 0px !important;margin-left: 0px !important;padding-top: 0px !important;padding-right: 0px [\u2026]","og_url":"https:\/\/www.nuevapescanova.com\/aviso-legal\/","og_site_name":"Nueva Pescanova","article_modified_time":"2022-02-01T15:17:30+00:00","twitter_card":"summary_large_image","twitter_site":"@PescanovaCorp","twitter_misc":{"Est. reading time":"9 minutes"},"schema":{"@context":"https:\/\/schema.org","@graph":[{"@type":"WebPage","@id":"https:\/\/www.nuevapescanova.com\/aviso-legal\/","url":"https:\/\/www.nuevapescanova.com\/aviso-legal\/","name":"Aviso Legal - Nueva Pescanova","isPartOf":{"@id":"https:\/\/www.nuevapescanova.com\/#website"},"datePublished":"2017-12-26T19:44:51+00:00","dateModified":"2022-02-01T15:17:30+00:00","breadcrumb":{"@id":"https:\/\/www.nuevapescanova.com\/aviso-legal\/#breadcrumb"},"inLanguage":"gl-ES","potentialAction":[{"@type":"ReadAction","target":["https:\/\/www.nuevapescanova.com\/aviso-legal\/"]}]},{"@type":"BreadcrumbList","@id":"https:\/\/www.nuevapescanova.com\/aviso-legal\/#breadcrumb","itemListElement":[{"@type":"ListItem","position":1,"name":"Portada","item":"https:\/\/www.nuevapescanova.com\/gl\/"},{"@type":"ListItem","position":2,"name":"Aviso Legal"}]},{"@type":"WebSite","@id":"https:\/\/www.nuevapescanova.com\/#website","url":"https:\/\/www.nuevapescanova.com\/","name":"Nueva Pescanova","description":"","publisher":{"@id":"https:\/\/www.nuevapescanova.com\/#organization"},"potentialAction":[{"@type":"SearchAction","target":{"@type":"EntryPoint","urlTemplate":"https:\/\/www.nuevapescanova.com\/?s={search_term_string}"},"query-input":{"@type":"PropertyValueSpecification","valueRequired":true,"valueName":"search_term_string"}}],"inLanguage":"gl-ES"},{"@type":"Organization","@id":"https:\/\/www.nuevapescanova.com\/#organization","name":"Nueva Pescanova","url":"https:\/\/www.nuevapescanova.com\/","logo":{"@type":"ImageObject","inLanguage":"gl-ES","@id":"https:\/\/www.nuevapescanova.com\/#\/schema\/logo\/image\/","url":"https:\/\/www.nuevapescanova.com\/nuevapescanova\/wp-content\/uploads\/2023\/06\/Logo-Grupo-Nueva-Pescanova.jpg","contentUrl":"https:\/\/www.nuevapescanova.com\/nuevapescanova\/wp-content\/uploads\/2023\/06\/Logo-Grupo-Nueva-Pescanova.jpg","width":800,"height":398,"caption":"Nueva Pescanova"},"image":{"@id":"https:\/\/www.nuevapescanova.com\/#\/schema\/logo\/image\/"},"sameAs":["https:\/\/x.com\/PescanovaCorp","https:\/\/www.linkedin.com\/company\/nuevapescanova\/?originalSubdomain=es"]}]}},"_links":{"self":[{"href":"https:\/\/www.nuevapescanova.com\/gl\/wp-json\/wp\/v2\/pages\/16604","targetHints":{"allow":["GET"]}}],"collection":[{"href":"https:\/\/www.nuevapescanova.com\/gl\/wp-json\/wp\/v2\/pages"}],"about":[{"href":"https:\/\/www.nuevapescanova.com\/gl\/wp-json\/wp\/v2\/types\/page"}],"author":[{"embeddable":true,"href":"https:\/\/www.nuevapescanova.com\/gl\/wp-json\/wp\/v2\/users\/3"}],"replies":[{"embeddable":true,"href":"https:\/\/www.nuevapescanova.com\/gl\/wp-json\/wp\/v2\/comments?post=16604"}],"version-history":[{"count":6,"href":"https:\/\/www.nuevapescanova.com\/gl\/wp-json\/wp\/v2\/pages\/16604\/revisions"}],"predecessor-version":[{"id":24986,"href":"https:\/\/www.nuevapescanova.com\/gl\/wp-json\/wp\/v2\/pages\/16604\/revisions\/24986"}],"wp:attachment":[{"href":"https:\/\/www.nuevapescanova.com\/gl\/wp-json\/wp\/v2\/media?parent=16604"}],"curies":[{"name":"wp","href":"https:\/\/api.w.org\/{rel}","templated":true}]}}