{"id":16608,"date":"2018-06-07T17:21:02","date_gmt":"2018-06-07T17:21:02","guid":{"rendered":"http:\/\/www.nuevapescanova.com\/politica-de-privacidad\/"},"modified":"2025-11-17T11:04:43","modified_gmt":"2025-11-17T11:04:43","slug":"politica-de-privacidad","status":"publish","type":"page","link":"https:\/\/www.nuevapescanova.com\/gl\/politica-de-privacidad\/","title":{"rendered":"Pol\u00edtica de privacidade"},"content":{"rendered":"<section class=\"wpb-content-wrapper\"><p>[vc_row css=&#8221;.vc_custom_1516351154553{margin-top: 75px !important;margin-bottom: 0px !important;}&#8221;][vc_column][vc_column_text css=&#8221;.vc_custom_1604869957497{margin-bottom: 0px !important;padding-bottom: 0px !important;}&#8221;]<span class=\"destacado\">Pol\u00edtica de Privacidade<\/span>[\/vc_column_text][vc_row_inner css=&#8221;.vc_custom_1516351186038{margin-top: 8px !important;margin-right: 0px !important;margin-bottom: 0px !important;margin-left: 0px !important;padding-top: 0px !important;padding-right: 0px !important;padding-bottom: 0px !important;padding-left: 0px !important;background-color: #ffffff !important;}&#8221; el_class=&#8221;sombra&#8221;][vc_column_inner][vc_column_text css=&#8221;.vc_custom_1763377482470{margin-bottom: 0px !important;padding-bottom: 0px !important;}&#8221;]<strong>1. RESPONSABLE DO TRATAMENTO <\/strong><\/p>\n<p>O responsable do tratamento corresp\u00f3ndese co do titular do sitio web, cuxos datos completos son: Nueva Pescanova, S.L., con CIF B94123908 e domicilio en R\u00faa Jos\u00e9 Fern\u00e1ndez L\u00f3pez, S\/n. 36320. Chapela. Redondela. Pontevedra. Espa\u00f1a (en diante, \u201cNueva Pescanova\u201d).<\/p>\n<p><strong>2. DATOS TRATADOS, FINALIDADES E PRAZO DE CONSERVACI\u00d3N<\/strong><\/p>\n<ol>\n<li><u>Datos tratados<\/u>:<\/li>\n<\/ol>\n<p>A trav\u00e9s do env\u00edo do formulario da pestana \u201cCONTACTO\u201d da web tr\u00e1tanse o teu nome e apelidos, correo electr\u00f3nico e tel\u00e9fono de contacto, ademais de calquera outro dato de car\u00e1cter persoal que puideses introducir no espazo destinado a \u201cMENSAXE\u201d.<\/p>\n<p>A trav\u00e9s das ligaz\u00f3ns habilitadas no apartado \u201cTRABALLA CONNOSCO\u201d da web o usuario poder\u00e1 rexistrarse no portal de emprego do Grupo Nueva Pescanova co fin de co\u00f1ecer as nosas ofertas de emprego e facernos chegar o seu CV. Ademais dos datos persoais que se puidesen conter no CV, no formulario de rexistro\/crear unha conta do portal de emprego facilitaranse o nome, apelidos, n\u00famero de DNI, NIE ou pasaporte\/outro, correo electr\u00f3nico de contacto e elixirase un contrasinal de acceso persoal e intransferible, todo iso conforme \u00e1 pol\u00edtica de privacidade espec\u00edfica do devandito portal, a cal o usuario haber\u00e1 de ler, entender e aceptar expresamente mediante o marcado da correspondente casa.<\/p>\n<p>Durante a navegaci\u00f3n, poder\u00e1n facilitarse datos como a direcci\u00f3n IP asignada polo seu provedor ou, no caso do portal de emprego, a autenticaci\u00f3n pode facerse a trav\u00e9s de determinados perf\u00eds sociais asociados ao usuario (como LinkedIn ou InfoJobs).<\/p>\n<ol start=\"2\">\n<li><u>Finalidades<\/u>:<\/li>\n<\/ol>\n<p>Os datos persoais facilitados a trav\u00e9s do apartado \u201cCONTACTO\u201d da web ser\u00e1n utilizados exclusivamente para atender e contestar oportunamente \u00e1 cuesti\u00f3n ou asunto exposto.<\/p>\n<p>Os datos persoais facilitados a trav\u00e9s do rexistro\/crear unha conta no portal de emprego ou mediante a remisi\u00f3n dun CV, ser\u00e1n utilizados para a s\u00faa incorporaci\u00f3n na base de datos de candidatos coa fin de poder ter en conta en procesos de selecci\u00f3n, presentes e futuros, a\u00ednda que o titular res\u00e9rvase o dereito para eliminalos directamente.<\/p>\n<ol start=\"3\">\n<li><u>Conservaci\u00f3n<\/u>:<\/li>\n<\/ol>\n<p>Os datos persoais facilitados a trav\u00e9s do apartado \u201cCONTACTO\u201d da web ser\u00e1n borrados unha vez deuse curso e respondido \u00e1 cuesti\u00f3n exposta polo usuario.<\/p>\n<p>Os datos persoais tratados con ocasi\u00f3n do rexistro no portal de emprego ou da remisi\u00f3n dun CV, conservaranse por un per\u00edodo de dous anos desde a s\u00faa recepci\u00f3n, salvo que o Usuario faga chegar antes a s\u00faa solicitude de cancelaci\u00f3n, oposici\u00f3n ao tratamento ou supresi\u00f3n.<\/p>\n<p><strong>3. LEXITIMACI\u00d3N DO TRATAMENTO <\/strong><\/p>\n<p>A base de lexitimaci\u00f3n do tratamento dos datos persoais do usuario neste sitio web \u00e9 o consentimento expreso do usuario dado ao marcar a casa de aceptaci\u00f3n da pol\u00edtica de privacidade e clicando enviar. Este consentimento ser\u00e1 sempre revogable e poder\u00e1 exercerse en calquera momento.<\/p>\n<p>No caso de que Nueva Pescanova desexase tratar os seus datos para unha finalidade distinta \u00e1s indicadas proporcionar\u00e1selle, antes de devandito tratamento, informaci\u00f3n sobre esa nova finalidade e requirir\u00e1selle para que preste un novo consentimento.<\/p>\n<p>O usuario ser\u00e1 o \u00fanico responsable no suposto de facilitar datos falsos, inexactos, incompletos ou non actualizados.<\/p>\n<p><strong>4. COMUNICACI\u00d3N E ACCESO AOS DATOS <\/strong><\/p>\n<p>Como regra xeral, os datos non ser\u00e1n obxecto de cesi\u00f3n nin comunicaci\u00f3n a terceiros. No caso da informaci\u00f3n curricular, co obxectivo de ampliar as posibilidades de contrataci\u00f3n do candidato, Nueva Pescanova, S.L., poder\u00e1 ceder a informaci\u00f3n a outras empresas, pero exclusivamente \u00e1s pertencentes ao GRUPO NUEVA PESCANOVA, as cales se atopan suxeitas \u00e1s pol\u00edticas corporativas e programa de cumprimento en materia de protecci\u00f3n de datos persoais do Grupo Nueva Pescanova.<\/p>\n<p><strong>5. TRANSFERENCIA INTERNACIONAL DE DATOS <\/strong><\/p>\n<p>Non se prev\u00e9n, a salvo do descrito no apartado anterior.<\/p>\n<p><strong>6. EXERCICIO DE DEREITOS <\/strong><\/p>\n<p>Calquera persoa ten dereito a obter confirmaci\u00f3n acerca de se se est\u00e1 procedendo ao tratamento de datos persoais que lles concirnan, ou non. As persoas interesadas te\u00f1en dereito a acceder aos seus datos persoais, as\u00ed como a solicitar a rectificaci\u00f3n dos datos inexactos ou, no seu caso, solicitar a s\u00faa supresi\u00f3n cando, entre outros motivos, os datos xa non sexan necesarios para os fins que foron recollidos. En determinadas circunstancias, os interesados poder\u00e1n solicitar a limitaci\u00f3n do tratamento dos seus datos ou opo\u00f1erse ao tratamento dos mesmos, nese caso unicamente conservar\u00e9molos para o exercicio ou a defensa de reclamaci\u00f3ns. No caso de que se desexe exercer o dereito de portabilidade, facilitar\u00e1nselle os datos ao novo responsable nos formatos e baixo as condici\u00f3ns prescritas na lexislaci\u00f3n aplicable.<\/p>\n<p>Podes exercer estes dereitos sobre os teus datos persoais enviando unha comunicaci\u00f3n por correo electr\u00f3nico ao enderezo comite.datos.privacidad@nuevapescanova.com.<\/p>\n<p>No caso de que o usuario considere que se vulneraron os seus dereitos individuais sobre os seus datos de car\u00e1cter persoal queda informado de que tam\u00e9n lle asiste o dereito para presentar unha reclamaci\u00f3n ante a Axencia Espa\u00f1ola de Protecci\u00f3n de Datos (<a href=\"https:\/\/www.aepd.es\/es\">https:\/\/www.aepd.es\/es<\/a>).[\/vc_column_text][\/vc_column_inner][\/vc_row_inner][vc_empty_space height=&#8221;60px&#8221;][\/vc_column][\/vc_row]<\/p>\n<\/section>","protected":false},"excerpt":{"rendered":"<p>[vc_row css=&#8221;.vc_custom_1516351154553{margin-top: 75px !important;margin-bottom: 0px !important;}&#8221;][vc_column][vc_column_text css=&#8221;.vc_custom_1604869957497{margin-bottom: 0px !important;padding-bottom: 0px !important;}&#8221;]Pol\u00edtica de Privacidade[\/vc_column_text][vc_row_inner css=&#8221;.vc_custom_1516351186038{margin-top: 8px !important;margin-right: 0px !important;margin-bottom: 0px !important;margin-left: 0px !important;padding-top: 0px !important;padding-right: 0px !important;padding-bottom:<span class=\"excerpt-hellip\"> [\u2026]<\/span><\/p>\n","protected":false},"author":3,"featured_media":0,"parent":0,"menu_order":0,"comment_status":"closed","ping_status":"closed","template":"","meta":{"_acf_changed":false,"footnotes":""},"class_list":["post-16608","page","type-page","status-publish","hentry"],"acf":[],"yoast_head":"<!-- This site is optimized with the Yoast SEO plugin v25.9 - https:\/\/yoast.com\/wordpress\/plugins\/seo\/ -->\n<title>Pol\u00edtica de privacidade - Nueva Pescanova<\/title>\n<meta name=\"robots\" content=\"index, follow, max-snippet:-1, max-image-preview:large, max-video-preview:-1\" \/>\n<link rel=\"canonical\" href=\"https:\/\/www.nuevapescanova.com\/gl\/politica-de-privacidad\/\" \/>\n<meta property=\"og:locale\" content=\"gl_ES\" \/>\n<meta property=\"og:type\" content=\"article\" \/>\n<meta property=\"og:title\" content=\"Pol\u00edtica de privacidade - Nueva Pescanova\" \/>\n<meta property=\"og:description\" content=\"[vc_row css=&#8221;.vc_custom_1516351154553{margin-top: 75px !important;margin-bottom: 0px !important;}&#8221;][vc_column][vc_column_text css=&#8221;.vc_custom_1604869957497{margin-bottom: 0px !important;padding-bottom: 0px !important;}&#8221;]Pol\u00edtica de Privacidade[\/vc_column_text][vc_row_inner css=&#8221;.vc_custom_1516351186038{margin-top: 8px !important;margin-right: 0px !important;margin-bottom: 0px !important;margin-left: 0px !important;padding-top: 0px !important;padding-right: 0px !important;padding-bottom: [\u2026]\" \/>\n<meta property=\"og:url\" content=\"https:\/\/www.nuevapescanova.com\/gl\/politica-de-privacidad\/\" \/>\n<meta property=\"og:site_name\" content=\"Nueva Pescanova\" \/>\n<meta property=\"article:modified_time\" content=\"2025-11-17T11:04:43+00:00\" \/>\n<meta name=\"twitter:card\" content=\"summary_large_image\" \/>\n<meta name=\"twitter:site\" content=\"@PescanovaCorp\" \/>\n<meta name=\"twitter:label1\" content=\"Est. reading time\" \/>\n\t<meta name=\"twitter:data1\" content=\"5 minutes\" \/>\n<script type=\"application\/ld+json\" class=\"yoast-schema-graph\">{\"@context\":\"https:\/\/schema.org\",\"@graph\":[{\"@type\":\"WebPage\",\"@id\":\"https:\/\/www.nuevapescanova.com\/gl\/politica-de-privacidad\/\",\"url\":\"https:\/\/www.nuevapescanova.com\/gl\/politica-de-privacidad\/\",\"name\":\"Pol\u00edtica de privacidade - Nueva Pescanova\",\"isPartOf\":{\"@id\":\"https:\/\/www.nuevapescanova.com\/#website\"},\"datePublished\":\"2018-06-07T17:21:02+00:00\",\"dateModified\":\"2025-11-17T11:04:43+00:00\",\"breadcrumb\":{\"@id\":\"https:\/\/www.nuevapescanova.com\/gl\/politica-de-privacidad\/#breadcrumb\"},\"inLanguage\":\"gl-ES\",\"potentialAction\":[{\"@type\":\"ReadAction\",\"target\":[\"https:\/\/www.nuevapescanova.com\/gl\/politica-de-privacidad\/\"]}]},{\"@type\":\"BreadcrumbList\",\"@id\":\"https:\/\/www.nuevapescanova.com\/gl\/politica-de-privacidad\/#breadcrumb\",\"itemListElement\":[{\"@type\":\"ListItem\",\"position\":1,\"name\":\"Portada\",\"item\":\"https:\/\/www.nuevapescanova.com\/gl\/\"},{\"@type\":\"ListItem\",\"position\":2,\"name\":\"Pol\u00edtica de privacidade\"}]},{\"@type\":\"WebSite\",\"@id\":\"https:\/\/www.nuevapescanova.com\/#website\",\"url\":\"https:\/\/www.nuevapescanova.com\/\",\"name\":\"Nueva Pescanova\",\"description\":\"\",\"publisher\":{\"@id\":\"https:\/\/www.nuevapescanova.com\/#organization\"},\"potentialAction\":[{\"@type\":\"SearchAction\",\"target\":{\"@type\":\"EntryPoint\",\"urlTemplate\":\"https:\/\/www.nuevapescanova.com\/?s={search_term_string}\"},\"query-input\":{\"@type\":\"PropertyValueSpecification\",\"valueRequired\":true,\"valueName\":\"search_term_string\"}}],\"inLanguage\":\"gl-ES\"},{\"@type\":\"Organization\",\"@id\":\"https:\/\/www.nuevapescanova.com\/#organization\",\"name\":\"Nueva Pescanova\",\"url\":\"https:\/\/www.nuevapescanova.com\/\",\"logo\":{\"@type\":\"ImageObject\",\"inLanguage\":\"gl-ES\",\"@id\":\"https:\/\/www.nuevapescanova.com\/#\/schema\/logo\/image\/\",\"url\":\"https:\/\/www.nuevapescanova.com\/nuevapescanova\/wp-content\/uploads\/2023\/06\/Logo-Grupo-Nueva-Pescanova.jpg\",\"contentUrl\":\"https:\/\/www.nuevapescanova.com\/nuevapescanova\/wp-content\/uploads\/2023\/06\/Logo-Grupo-Nueva-Pescanova.jpg\",\"width\":800,\"height\":398,\"caption\":\"Nueva Pescanova\"},\"image\":{\"@id\":\"https:\/\/www.nuevapescanova.com\/#\/schema\/logo\/image\/\"},\"sameAs\":[\"https:\/\/x.com\/PescanovaCorp\",\"https:\/\/www.linkedin.com\/company\/nuevapescanova\/?originalSubdomain=es\"]}]}<\/script>\n<!-- \/ Yoast SEO plugin. -->","yoast_head_json":{"title":"Pol\u00edtica de privacidade - Nueva Pescanova","robots":{"index":"index","follow":"follow","max-snippet":"max-snippet:-1","max-image-preview":"max-image-preview:large","max-video-preview":"max-video-preview:-1"},"canonical":"https:\/\/www.nuevapescanova.com\/gl\/politica-de-privacidad\/","og_locale":"gl_ES","og_type":"article","og_title":"Pol\u00edtica de privacidade - Nueva Pescanova","og_description":"[vc_row css=&#8221;.vc_custom_1516351154553{margin-top: 75px !important;margin-bottom: 0px !important;}&#8221;][vc_column][vc_column_text css=&#8221;.vc_custom_1604869957497{margin-bottom: 0px !important;padding-bottom: 0px !important;}&#8221;]Pol\u00edtica de Privacidade[\/vc_column_text][vc_row_inner css=&#8221;.vc_custom_1516351186038{margin-top: 8px !important;margin-right: 0px !important;margin-bottom: 0px !important;margin-left: 0px !important;padding-top: 0px !important;padding-right: 0px !important;padding-bottom: [\u2026]","og_url":"https:\/\/www.nuevapescanova.com\/gl\/politica-de-privacidad\/","og_site_name":"Nueva Pescanova","article_modified_time":"2025-11-17T11:04:43+00:00","twitter_card":"summary_large_image","twitter_site":"@PescanovaCorp","twitter_misc":{"Est. reading time":"5 minutes"},"schema":{"@context":"https:\/\/schema.org","@graph":[{"@type":"WebPage","@id":"https:\/\/www.nuevapescanova.com\/gl\/politica-de-privacidad\/","url":"https:\/\/www.nuevapescanova.com\/gl\/politica-de-privacidad\/","name":"Pol\u00edtica de privacidade - Nueva Pescanova","isPartOf":{"@id":"https:\/\/www.nuevapescanova.com\/#website"},"datePublished":"2018-06-07T17:21:02+00:00","dateModified":"2025-11-17T11:04:43+00:00","breadcrumb":{"@id":"https:\/\/www.nuevapescanova.com\/gl\/politica-de-privacidad\/#breadcrumb"},"inLanguage":"gl-ES","potentialAction":[{"@type":"ReadAction","target":["https:\/\/www.nuevapescanova.com\/gl\/politica-de-privacidad\/"]}]},{"@type":"BreadcrumbList","@id":"https:\/\/www.nuevapescanova.com\/gl\/politica-de-privacidad\/#breadcrumb","itemListElement":[{"@type":"ListItem","position":1,"name":"Portada","item":"https:\/\/www.nuevapescanova.com\/gl\/"},{"@type":"ListItem","position":2,"name":"Pol\u00edtica de privacidade"}]},{"@type":"WebSite","@id":"https:\/\/www.nuevapescanova.com\/#website","url":"https:\/\/www.nuevapescanova.com\/","name":"Nueva Pescanova","description":"","publisher":{"@id":"https:\/\/www.nuevapescanova.com\/#organization"},"potentialAction":[{"@type":"SearchAction","target":{"@type":"EntryPoint","urlTemplate":"https:\/\/www.nuevapescanova.com\/?s={search_term_string}"},"query-input":{"@type":"PropertyValueSpecification","valueRequired":true,"valueName":"search_term_string"}}],"inLanguage":"gl-ES"},{"@type":"Organization","@id":"https:\/\/www.nuevapescanova.com\/#organization","name":"Nueva Pescanova","url":"https:\/\/www.nuevapescanova.com\/","logo":{"@type":"ImageObject","inLanguage":"gl-ES","@id":"https:\/\/www.nuevapescanova.com\/#\/schema\/logo\/image\/","url":"https:\/\/www.nuevapescanova.com\/nuevapescanova\/wp-content\/uploads\/2023\/06\/Logo-Grupo-Nueva-Pescanova.jpg","contentUrl":"https:\/\/www.nuevapescanova.com\/nuevapescanova\/wp-content\/uploads\/2023\/06\/Logo-Grupo-Nueva-Pescanova.jpg","width":800,"height":398,"caption":"Nueva Pescanova"},"image":{"@id":"https:\/\/www.nuevapescanova.com\/#\/schema\/logo\/image\/"},"sameAs":["https:\/\/x.com\/PescanovaCorp","https:\/\/www.linkedin.com\/company\/nuevapescanova\/?originalSubdomain=es"]}]}},"_links":{"self":[{"href":"https:\/\/www.nuevapescanova.com\/gl\/wp-json\/wp\/v2\/pages\/16608","targetHints":{"allow":["GET"]}}],"collection":[{"href":"https:\/\/www.nuevapescanova.com\/gl\/wp-json\/wp\/v2\/pages"}],"about":[{"href":"https:\/\/www.nuevapescanova.com\/gl\/wp-json\/wp\/v2\/types\/page"}],"author":[{"embeddable":true,"href":"https:\/\/www.nuevapescanova.com\/gl\/wp-json\/wp\/v2\/users\/3"}],"replies":[{"embeddable":true,"href":"https:\/\/www.nuevapescanova.com\/gl\/wp-json\/wp\/v2\/comments?post=16608"}],"version-history":[{"count":7,"href":"https:\/\/www.nuevapescanova.com\/gl\/wp-json\/wp\/v2\/pages\/16608\/revisions"}],"predecessor-version":[{"id":47170,"href":"https:\/\/www.nuevapescanova.com\/gl\/wp-json\/wp\/v2\/pages\/16608\/revisions\/47170"}],"wp:attachment":[{"href":"https:\/\/www.nuevapescanova.com\/gl\/wp-json\/wp\/v2\/media?parent=16608"}],"curies":[{"name":"wp","href":"https:\/\/api.w.org\/{rel}","templated":true}]}}