{"id":16612,"date":"2017-12-26T19:30:33","date_gmt":"2017-12-26T19:30:33","guid":{"rendered":"http:\/\/www.nuevapescanova.com\/politica-de-cookies\/"},"modified":"2020-11-08T21:21:25","modified_gmt":"2020-11-08T21:21:25","slug":"politica-de-cookies","status":"publish","type":"page","link":"https:\/\/www.nuevapescanova.com\/gl\/politica-de-cookies\/","title":{"rendered":"Pol\u00edtica de cookies"},"content":{"rendered":"<section class=\"wpb-content-wrapper\"><p>[vc_row css=&#8221;.vc_custom_1516351154553{margin-top: 75px !important;margin-bottom: 0px !important;}&#8221;][vc_column][vc_column_text css=&#8221;.vc_custom_1528477173288{margin-bottom: 0px !important;padding-bottom: 0px !important;}&#8221;]<span class=\"destacado\">Pol\u00edtica de cookies<\/span>[\/vc_column_text][vc_row_inner css=&#8221;.vc_custom_1516351186038{margin-top: 8px !important;margin-right: 0px !important;margin-bottom: 0px !important;margin-left: 0px !important;padding-top: 0px !important;padding-right: 0px !important;padding-bottom: 0px !important;padding-left: 0px !important;background-color: #ffffff !important;}&#8221; el_class=&#8221;sombra&#8221;][vc_column_inner][vc_column_text css=&#8221;.vc_custom_1604870481496{margin-bottom: 0px !important;padding-bottom: 0px !important;}&#8221;]Unha cookie \u00e9 un ficheiro que se descarga no dispositivo do usuario ao acceder a determinadas p\u00e1xinas web para almacenar e recuperar informaci\u00f3n sobre a navegaci\u00f3n que se efect\u00faa desde o devandito equipo.<\/p>\n<p>Neste sitio web util\u00edzanse as cookies que se detallan a continuaci\u00f3n:<\/p>\n<p>Este sitio web utiliza as seguintes <strong>cookies propias<\/strong>:<\/p>\n<ul>\n<li>\u2022 Cookies de sesi\u00f3n, para garantir que os usuarios que escriban comentarios no blogue sexan humanos e non aplicaci\u00f3ns automatizadas. Desta forma comb\u00e1tese o correo lixo.<\/li>\n<\/ul>\n<p>Este sitio web utiliza as seguintes <strong>cookies de terceros<\/strong>:<\/p>\n<ul>\n<li>Google Analytics: Almacena cookies para poder elaborar estat\u00edsticas sobre o tr\u00e1fico e volume de visitas desta web. Ao utilizar este sitio web est\u00e1 a consentir o tratamento de informaci\u00f3n acerca de vostede por Google. Por tanto, o exercicio de calquera dereito neste sentido deber\u00e1 facelo comunicando directamente con Google.<\/li>\n<li>Redes sociales: Cada rede social utiliza as s\u00faas propias cookies para que vostede poida picar en bot\u00f3ns do tipo G\u00fastame ou Compartir.<\/li>\n<\/ul>\n<p>Pode desactivar o uso das cookies ou modificar a s\u00faa configuraci\u00f3n aqu\u00ed: <a id=\"wt-cli-settings-btn\" tabindex=\"0\" role='button' style=\"display:inline-block; background:#000; border-radius:2px; text-align:center; font-size:12px; padding:5px 8px; margin-left:10px; border:solid 0px #fff; margin-top:15px; line-height:20px;\" class=\"wt-cli-element medium cli-plugin-button cli-plugin-main-button cli_settings_button\" >Configurar Cookies<\/a>[\/vc_column_text][\/vc_column_inner][\/vc_row_inner][vc_empty_space height=&#8221;60px&#8221;][\/vc_column][\/vc_row]<\/p>\n<\/section>","protected":false},"excerpt":{"rendered":"<p>[vc_row css=&#8221;.vc_custom_1516351154553{margin-top: 75px !important;margin-bottom: 0px !important;}&#8221;][vc_column][vc_column_text css=&#8221;.vc_custom_1528477173288{margin-bottom: 0px !important;padding-bottom: 0px !important;}&#8221;]Pol\u00edtica de cookies[\/vc_column_text][vc_row_inner css=&#8221;.vc_custom_1516351186038{margin-top: 8px !important;margin-right: 0px !important;margin-bottom: 0px !important;margin-left: 0px !important;padding-top: 0px !important;padding-right: 0px !important;padding-bottom:<span class=\"excerpt-hellip\"> [\u2026]<\/span><\/p>\n","protected":false},"author":3,"featured_media":0,"parent":0,"menu_order":0,"comment_status":"closed","ping_status":"closed","template":"","meta":{"_acf_changed":false,"footnotes":""},"class_list":["post-16612","page","type-page","status-publish","hentry"],"acf":[],"yoast_head":"<!-- This site is optimized with the Yoast SEO plugin v25.9 - https:\/\/yoast.com\/wordpress\/plugins\/seo\/ -->\n<title>Pol\u00edtica de cookies - Nueva Pescanova<\/title>\n<meta name=\"robots\" content=\"index, follow, max-snippet:-1, max-image-preview:large, max-video-preview:-1\" \/>\n<link rel=\"canonical\" href=\"https:\/\/www.nuevapescanova.com\/politica-de-cookies\/\" \/>\n<meta property=\"og:locale\" content=\"gl_ES\" \/>\n<meta property=\"og:type\" content=\"article\" \/>\n<meta property=\"og:title\" content=\"Pol\u00edtica de cookies - Nueva Pescanova\" \/>\n<meta property=\"og:description\" content=\"[vc_row css=&#8221;.vc_custom_1516351154553{margin-top: 75px !important;margin-bottom: 0px !important;}&#8221;][vc_column][vc_column_text css=&#8221;.vc_custom_1528477173288{margin-bottom: 0px !important;padding-bottom: 0px !important;}&#8221;]Pol\u00edtica de cookies[\/vc_column_text][vc_row_inner css=&#8221;.vc_custom_1516351186038{margin-top: 8px !important;margin-right: 0px !important;margin-bottom: 0px !important;margin-left: 0px !important;padding-top: 0px !important;padding-right: 0px !important;padding-bottom: [\u2026]\" \/>\n<meta property=\"og:url\" content=\"https:\/\/www.nuevapescanova.com\/politica-de-cookies\/\" \/>\n<meta property=\"og:site_name\" content=\"Nueva Pescanova\" \/>\n<meta property=\"article:modified_time\" content=\"2020-11-08T21:21:25+00:00\" \/>\n<meta name=\"twitter:card\" content=\"summary_large_image\" \/>\n<meta name=\"twitter:site\" content=\"@PescanovaCorp\" \/>\n<meta name=\"twitter:label1\" content=\"Est. reading time\" \/>\n\t<meta name=\"twitter:data1\" content=\"1 minute\" \/>\n<script type=\"application\/ld+json\" class=\"yoast-schema-graph\">{\"@context\":\"https:\/\/schema.org\",\"@graph\":[{\"@type\":\"WebPage\",\"@id\":\"https:\/\/www.nuevapescanova.com\/politica-de-cookies\/\",\"url\":\"https:\/\/www.nuevapescanova.com\/politica-de-cookies\/\",\"name\":\"Pol\u00edtica de cookies - Nueva Pescanova\",\"isPartOf\":{\"@id\":\"https:\/\/www.nuevapescanova.com\/#website\"},\"datePublished\":\"2017-12-26T19:30:33+00:00\",\"dateModified\":\"2020-11-08T21:21:25+00:00\",\"breadcrumb\":{\"@id\":\"https:\/\/www.nuevapescanova.com\/politica-de-cookies\/#breadcrumb\"},\"inLanguage\":\"gl-ES\",\"potentialAction\":[{\"@type\":\"ReadAction\",\"target\":[\"https:\/\/www.nuevapescanova.com\/politica-de-cookies\/\"]}]},{\"@type\":\"BreadcrumbList\",\"@id\":\"https:\/\/www.nuevapescanova.com\/politica-de-cookies\/#breadcrumb\",\"itemListElement\":[{\"@type\":\"ListItem\",\"position\":1,\"name\":\"Portada\",\"item\":\"https:\/\/www.nuevapescanova.com\/gl\/\"},{\"@type\":\"ListItem\",\"position\":2,\"name\":\"Pol\u00edtica de cookies\"}]},{\"@type\":\"WebSite\",\"@id\":\"https:\/\/www.nuevapescanova.com\/#website\",\"url\":\"https:\/\/www.nuevapescanova.com\/\",\"name\":\"Nueva Pescanova\",\"description\":\"\",\"publisher\":{\"@id\":\"https:\/\/www.nuevapescanova.com\/#organization\"},\"potentialAction\":[{\"@type\":\"SearchAction\",\"target\":{\"@type\":\"EntryPoint\",\"urlTemplate\":\"https:\/\/www.nuevapescanova.com\/?s={search_term_string}\"},\"query-input\":{\"@type\":\"PropertyValueSpecification\",\"valueRequired\":true,\"valueName\":\"search_term_string\"}}],\"inLanguage\":\"gl-ES\"},{\"@type\":\"Organization\",\"@id\":\"https:\/\/www.nuevapescanova.com\/#organization\",\"name\":\"Nueva Pescanova\",\"url\":\"https:\/\/www.nuevapescanova.com\/\",\"logo\":{\"@type\":\"ImageObject\",\"inLanguage\":\"gl-ES\",\"@id\":\"https:\/\/www.nuevapescanova.com\/#\/schema\/logo\/image\/\",\"url\":\"https:\/\/www.nuevapescanova.com\/nuevapescanova\/wp-content\/uploads\/2023\/06\/Logo-Grupo-Nueva-Pescanova.jpg\",\"contentUrl\":\"https:\/\/www.nuevapescanova.com\/nuevapescanova\/wp-content\/uploads\/2023\/06\/Logo-Grupo-Nueva-Pescanova.jpg\",\"width\":800,\"height\":398,\"caption\":\"Nueva Pescanova\"},\"image\":{\"@id\":\"https:\/\/www.nuevapescanova.com\/#\/schema\/logo\/image\/\"},\"sameAs\":[\"https:\/\/x.com\/PescanovaCorp\",\"https:\/\/www.linkedin.com\/company\/nuevapescanova\/?originalSubdomain=es\"]}]}<\/script>\n<!-- \/ Yoast SEO plugin. -->","yoast_head_json":{"title":"Pol\u00edtica de cookies - Nueva Pescanova","robots":{"index":"index","follow":"follow","max-snippet":"max-snippet:-1","max-image-preview":"max-image-preview:large","max-video-preview":"max-video-preview:-1"},"canonical":"https:\/\/www.nuevapescanova.com\/politica-de-cookies\/","og_locale":"gl_ES","og_type":"article","og_title":"Pol\u00edtica de cookies - Nueva Pescanova","og_description":"[vc_row css=&#8221;.vc_custom_1516351154553{margin-top: 75px !important;margin-bottom: 0px !important;}&#8221;][vc_column][vc_column_text css=&#8221;.vc_custom_1528477173288{margin-bottom: 0px !important;padding-bottom: 0px !important;}&#8221;]Pol\u00edtica de cookies[\/vc_column_text][vc_row_inner css=&#8221;.vc_custom_1516351186038{margin-top: 8px !important;margin-right: 0px !important;margin-bottom: 0px !important;margin-left: 0px !important;padding-top: 0px !important;padding-right: 0px !important;padding-bottom: [\u2026]","og_url":"https:\/\/www.nuevapescanova.com\/politica-de-cookies\/","og_site_name":"Nueva Pescanova","article_modified_time":"2020-11-08T21:21:25+00:00","twitter_card":"summary_large_image","twitter_site":"@PescanovaCorp","twitter_misc":{"Est. reading time":"1 minute"},"schema":{"@context":"https:\/\/schema.org","@graph":[{"@type":"WebPage","@id":"https:\/\/www.nuevapescanova.com\/politica-de-cookies\/","url":"https:\/\/www.nuevapescanova.com\/politica-de-cookies\/","name":"Pol\u00edtica de cookies - Nueva Pescanova","isPartOf":{"@id":"https:\/\/www.nuevapescanova.com\/#website"},"datePublished":"2017-12-26T19:30:33+00:00","dateModified":"2020-11-08T21:21:25+00:00","breadcrumb":{"@id":"https:\/\/www.nuevapescanova.com\/politica-de-cookies\/#breadcrumb"},"inLanguage":"gl-ES","potentialAction":[{"@type":"ReadAction","target":["https:\/\/www.nuevapescanova.com\/politica-de-cookies\/"]}]},{"@type":"BreadcrumbList","@id":"https:\/\/www.nuevapescanova.com\/politica-de-cookies\/#breadcrumb","itemListElement":[{"@type":"ListItem","position":1,"name":"Portada","item":"https:\/\/www.nuevapescanova.com\/gl\/"},{"@type":"ListItem","position":2,"name":"Pol\u00edtica de cookies"}]},{"@type":"WebSite","@id":"https:\/\/www.nuevapescanova.com\/#website","url":"https:\/\/www.nuevapescanova.com\/","name":"Nueva Pescanova","description":"","publisher":{"@id":"https:\/\/www.nuevapescanova.com\/#organization"},"potentialAction":[{"@type":"SearchAction","target":{"@type":"EntryPoint","urlTemplate":"https:\/\/www.nuevapescanova.com\/?s={search_term_string}"},"query-input":{"@type":"PropertyValueSpecification","valueRequired":true,"valueName":"search_term_string"}}],"inLanguage":"gl-ES"},{"@type":"Organization","@id":"https:\/\/www.nuevapescanova.com\/#organization","name":"Nueva Pescanova","url":"https:\/\/www.nuevapescanova.com\/","logo":{"@type":"ImageObject","inLanguage":"gl-ES","@id":"https:\/\/www.nuevapescanova.com\/#\/schema\/logo\/image\/","url":"https:\/\/www.nuevapescanova.com\/nuevapescanova\/wp-content\/uploads\/2023\/06\/Logo-Grupo-Nueva-Pescanova.jpg","contentUrl":"https:\/\/www.nuevapescanova.com\/nuevapescanova\/wp-content\/uploads\/2023\/06\/Logo-Grupo-Nueva-Pescanova.jpg","width":800,"height":398,"caption":"Nueva Pescanova"},"image":{"@id":"https:\/\/www.nuevapescanova.com\/#\/schema\/logo\/image\/"},"sameAs":["https:\/\/x.com\/PescanovaCorp","https:\/\/www.linkedin.com\/company\/nuevapescanova\/?originalSubdomain=es"]}]}},"_links":{"self":[{"href":"https:\/\/www.nuevapescanova.com\/gl\/wp-json\/wp\/v2\/pages\/16612","targetHints":{"allow":["GET"]}}],"collection":[{"href":"https:\/\/www.nuevapescanova.com\/gl\/wp-json\/wp\/v2\/pages"}],"about":[{"href":"https:\/\/www.nuevapescanova.com\/gl\/wp-json\/wp\/v2\/types\/page"}],"author":[{"embeddable":true,"href":"https:\/\/www.nuevapescanova.com\/gl\/wp-json\/wp\/v2\/users\/3"}],"replies":[{"embeddable":true,"href":"https:\/\/www.nuevapescanova.com\/gl\/wp-json\/wp\/v2\/comments?post=16612"}],"version-history":[{"count":2,"href":"https:\/\/www.nuevapescanova.com\/gl\/wp-json\/wp\/v2\/pages\/16612\/revisions"}],"predecessor-version":[{"id":16614,"href":"https:\/\/www.nuevapescanova.com\/gl\/wp-json\/wp\/v2\/pages\/16612\/revisions\/16614"}],"wp:attachment":[{"href":"https:\/\/www.nuevapescanova.com\/gl\/wp-json\/wp\/v2\/media?parent=16612"}],"curies":[{"name":"wp","href":"https:\/\/api.w.org\/{rel}","templated":true}]}}