{"id":16636,"date":"2017-12-13T20:50:27","date_gmt":"2017-12-13T20:50:27","guid":{"rendered":"http:\/\/www.nuevapescanova.com\/compania\/consejo-de-administracion\/"},"modified":"2024-08-21T12:18:57","modified_gmt":"2024-08-21T12:18:57","slug":"consejo-de-administracion","status":"publish","type":"page","link":"https:\/\/www.nuevapescanova.com\/gl\/compania\/consejo-de-administracion\/","title":{"rendered":"Consello de Administraci\u00f3n"},"content":{"rendered":"<section class=\"wpb-content-wrapper\"><p>[vc_row][vc_column][vc_column_text el_class=&#8221;titulo&#8221;]CONSELLO DE ADMINISTRACI\u00d3N[\/vc_column_text][\/vc_column][\/vc_row][vc_row][vc_column][vc_row_inner css=&#8221;.vc_custom_1515753480615{margin-bottom: 0px !important;}&#8221;][vc_column_inner][vc_column_text]O Consello de Administraci\u00f3n \u00e9 o m\u00e1ximo \u00f3rgano de decisi\u00f3n do Grupo Nueva Pescanova. Est\u00e1 formado por <strong>4\u00a0membros<\/strong>:[\/vc_column_text][\/vc_column_inner][\/vc_row_inner][\/vc_column][\/vc_row][vc_row][vc_column][vc_column_text el_class=&#8221;titulo&#8221;]Presidente[\/vc_column_text][vc_row_inner css=&#8221;.vc_custom_1515752107473{background-color: #ffffff !important;}&#8221;][vc_column_inner]<div class=\"team team_horizontal\"><div class=\"image_frame photo no_link scale-with-grid\"><div class=\"image_wrapper\"><a href=\"https:\/\/www.nuevapescanova.com\/gl\/compania\/consejo-de-administracion\/d-jose-maria-benavent-valero-2\/\" ><img loading=\"lazy\" decoding=\"async\" class=\"scale-with-grid\" src=\"https:\/\/www.nuevapescanova.com\/nuevapescanova\/wp-content\/uploads\/2020\/09\/Benavent.jpg\" alt=\"Benavent\" width=\"1200\" height=\"1200\"\/><\/a><\/div><\/div><div class=\"desc_wrapper clearfix\"><h4><a href=\"https:\/\/www.nuevapescanova.com\/gl\/compania\/consejo-de-administracion\/d-jose-maria-benavent-valero-2\/\" >Jos\u00e9 Mar\u00eda Benavent Valero<\/a><\/h4><p class=\"subtitle\">Presidente do Grupo Nueva Pescanova<\/p><hr class=\"hr_color\" \/><div class=\"desc\"><\/div><\/div><\/div>\n[\/vc_column_inner][\/vc_row_inner][\/vc_column][\/vc_row][vc_row][vc_column][vc_row_inner css=&#8221;.vc_custom_1515752234142{background-color: #ffffff !important;}&#8221;][vc_column_inner width=&#8221;1\/3&#8243;]<div class=\"team team_vertical\"><div class=\"image_frame photo no_link scale-with-grid\"><div class=\"image_wrapper\"><img loading=\"lazy\" decoding=\"async\" class=\"scale-with-grid\" src=\"https:\/\/www.nuevapescanova.com\/nuevapescanova\/wp-content\/uploads\/2023\/09\/Jorge-Escudero-CEO.jpeg\" alt=\"Jorge Escudero &#8211; CEO\" width=\"422\" height=\"429\"\/><\/div><\/div><div class=\"desc_wrapper clearfix\"><h4>Jorge Escudero<\/h4><p class=\"subtitle\">CEO<\/p><hr class=\"hr_color\" \/><div class=\"desc\"><\/div><\/div><\/div>\n[\/vc_column_inner][vc_column_inner width=&#8221;1\/3&#8243;]<div class=\"team team_vertical\"><div class=\"image_frame photo no_link scale-with-grid\"><div class=\"image_wrapper\"><img loading=\"lazy\" decoding=\"async\" class=\"scale-with-grid\" src=\"https:\/\/www.nuevapescanova.com\/nuevapescanova\/wp-content\/uploads\/2020\/09\/Carral.jpg\" alt=\"Carral\" width=\"300\" height=\"300\"\/><\/div><\/div><div class=\"desc_wrapper clearfix\"><h4>Javier Carral<\/h4><p class=\"subtitle\">Conselleiro<\/p><hr class=\"hr_color\" \/><div class=\"desc\"><\/div><\/div><\/div>\n[\/vc_column_inner][vc_column_inner width=&#8221;1\/3&#8243;]<div class=\"team team_vertical\"><div class=\"image_frame photo no_link scale-with-grid\"><div class=\"image_wrapper\"><img loading=\"lazy\" decoding=\"async\" class=\"scale-with-grid\" src=\"https:\/\/www.nuevapescanova.com\/nuevapescanova\/wp-content\/uploads\/2020\/06\/Marco_Nieto.jpg\" alt=\"Marco_Nieto\" width=\"300\" height=\"300\"\/><\/div><\/div><div class=\"desc_wrapper clearfix\"><h4>Marco Nieto Montero<\/h4><p class=\"subtitle\">Conselleiro<\/p><hr class=\"hr_color\" \/><div class=\"desc\"><\/div><\/div><\/div>\n[\/vc_column_inner][\/vc_row_inner][\/vc_column][\/vc_row]<\/p>\n<\/section>","protected":false},"excerpt":{"rendered":"<p>[vc_row][vc_column][vc_column_text el_class=&#8221;titulo&#8221;]CONSELLO DE ADMINISTRACI\u00d3N[\/vc_column_text][\/vc_column][\/vc_row][vc_row][vc_column][vc_row_inner css=&#8221;.vc_custom_1515753480615{margin-bottom: 0px !important;}&#8221;][vc_column_inner][vc_column_text]O Consello de Administraci\u00f3n \u00e9 o m\u00e1ximo \u00f3rgano de decisi\u00f3n do Grupo Nueva Pescanova. Est\u00e1 formado por 4\u00a0membros:[\/vc_column_text][\/vc_column_inner][\/vc_row_inner][\/vc_column][\/vc_row][vc_row][vc_column][vc_column_text el_class=&#8221;titulo&#8221;]Presidente[\/vc_column_text][vc_row_inner css=&#8221;.vc_custom_1515752107473{background-color:<span class=\"excerpt-hellip\"> [\u2026]<\/span><\/p>\n","protected":false},"author":3,"featured_media":0,"parent":16615,"menu_order":4,"comment_status":"closed","ping_status":"closed","template":"","meta":{"_acf_changed":false,"footnotes":""},"class_list":["post-16636","page","type-page","status-publish","hentry"],"acf":[],"yoast_head":"<!-- This site is optimized with the Yoast SEO plugin v25.9 - https:\/\/yoast.com\/wordpress\/plugins\/seo\/ -->\n<title>Consello de Administraci\u00f3n - Nueva Pescanova<\/title>\n<meta name=\"robots\" content=\"index, follow, max-snippet:-1, max-image-preview:large, max-video-preview:-1\" \/>\n<link rel=\"canonical\" href=\"https:\/\/www.nuevapescanova.com\/gl\/compania\/consejo-de-administracion\/\" \/>\n<meta property=\"og:locale\" content=\"gl_ES\" \/>\n<meta property=\"og:type\" content=\"article\" \/>\n<meta property=\"og:title\" content=\"Consello de Administraci\u00f3n - Nueva Pescanova\" \/>\n<meta property=\"og:description\" content=\"[vc_row][vc_column][vc_column_text el_class=&#8221;titulo&#8221;]CONSELLO DE ADMINISTRACI\u00d3N[\/vc_column_text][\/vc_column][\/vc_row][vc_row][vc_column][vc_row_inner css=&#8221;.vc_custom_1515753480615{margin-bottom: 0px !important;}&#8221;][vc_column_inner][vc_column_text]O Consello de Administraci\u00f3n \u00e9 o m\u00e1ximo \u00f3rgano de decisi\u00f3n do Grupo Nueva Pescanova. Est\u00e1 formado por 4\u00a0membros:[\/vc_column_text][\/vc_column_inner][\/vc_row_inner][\/vc_column][\/vc_row][vc_row][vc_column][vc_column_text el_class=&#8221;titulo&#8221;]Presidente[\/vc_column_text][vc_row_inner css=&#8221;.vc_custom_1515752107473{background-color: [\u2026]\" \/>\n<meta property=\"og:url\" content=\"https:\/\/www.nuevapescanova.com\/gl\/compania\/consejo-de-administracion\/\" \/>\n<meta property=\"og:site_name\" content=\"Nueva Pescanova\" \/>\n<meta property=\"article:modified_time\" content=\"2024-08-21T12:18:57+00:00\" \/>\n<meta name=\"twitter:card\" content=\"summary_large_image\" \/>\n<meta name=\"twitter:site\" content=\"@PescanovaCorp\" \/>\n<meta name=\"twitter:label1\" content=\"Est. reading time\" \/>\n\t<meta name=\"twitter:data1\" content=\"1 minute\" \/>\n<script type=\"application\/ld+json\" class=\"yoast-schema-graph\">{\"@context\":\"https:\/\/schema.org\",\"@graph\":[{\"@type\":\"WebPage\",\"@id\":\"https:\/\/www.nuevapescanova.com\/gl\/compania\/consejo-de-administracion\/\",\"url\":\"https:\/\/www.nuevapescanova.com\/gl\/compania\/consejo-de-administracion\/\",\"name\":\"Consello de Administraci\u00f3n - Nueva Pescanova\",\"isPartOf\":{\"@id\":\"https:\/\/www.nuevapescanova.com\/#website\"},\"datePublished\":\"2017-12-13T20:50:27+00:00\",\"dateModified\":\"2024-08-21T12:18:57+00:00\",\"breadcrumb\":{\"@id\":\"https:\/\/www.nuevapescanova.com\/gl\/compania\/consejo-de-administracion\/#breadcrumb\"},\"inLanguage\":\"gl-ES\",\"potentialAction\":[{\"@type\":\"ReadAction\",\"target\":[\"https:\/\/www.nuevapescanova.com\/gl\/compania\/consejo-de-administracion\/\"]}]},{\"@type\":\"BreadcrumbList\",\"@id\":\"https:\/\/www.nuevapescanova.com\/gl\/compania\/consejo-de-administracion\/#breadcrumb\",\"itemListElement\":[{\"@type\":\"ListItem\",\"position\":1,\"name\":\"Portada\",\"item\":\"https:\/\/www.nuevapescanova.com\/gl\/\"},{\"@type\":\"ListItem\",\"position\":2,\"name\":\"Compa\u00f1\u00eda\",\"item\":\"https:\/\/www.nuevapescanova.com\/gl\/compania\/\"},{\"@type\":\"ListItem\",\"position\":3,\"name\":\"Consello de Administraci\u00f3n\"}]},{\"@type\":\"WebSite\",\"@id\":\"https:\/\/www.nuevapescanova.com\/#website\",\"url\":\"https:\/\/www.nuevapescanova.com\/\",\"name\":\"Nueva Pescanova\",\"description\":\"\",\"publisher\":{\"@id\":\"https:\/\/www.nuevapescanova.com\/#organization\"},\"potentialAction\":[{\"@type\":\"SearchAction\",\"target\":{\"@type\":\"EntryPoint\",\"urlTemplate\":\"https:\/\/www.nuevapescanova.com\/?s={search_term_string}\"},\"query-input\":{\"@type\":\"PropertyValueSpecification\",\"valueRequired\":true,\"valueName\":\"search_term_string\"}}],\"inLanguage\":\"gl-ES\"},{\"@type\":\"Organization\",\"@id\":\"https:\/\/www.nuevapescanova.com\/#organization\",\"name\":\"Nueva Pescanova\",\"url\":\"https:\/\/www.nuevapescanova.com\/\",\"logo\":{\"@type\":\"ImageObject\",\"inLanguage\":\"gl-ES\",\"@id\":\"https:\/\/www.nuevapescanova.com\/#\/schema\/logo\/image\/\",\"url\":\"https:\/\/www.nuevapescanova.com\/nuevapescanova\/wp-content\/uploads\/2023\/06\/Logo-Grupo-Nueva-Pescanova.jpg\",\"contentUrl\":\"https:\/\/www.nuevapescanova.com\/nuevapescanova\/wp-content\/uploads\/2023\/06\/Logo-Grupo-Nueva-Pescanova.jpg\",\"width\":800,\"height\":398,\"caption\":\"Nueva Pescanova\"},\"image\":{\"@id\":\"https:\/\/www.nuevapescanova.com\/#\/schema\/logo\/image\/\"},\"sameAs\":[\"https:\/\/x.com\/PescanovaCorp\",\"https:\/\/www.linkedin.com\/company\/nuevapescanova\/?originalSubdomain=es\"]}]}<\/script>\n<!-- \/ Yoast SEO plugin. -->","yoast_head_json":{"title":"Consello de Administraci\u00f3n - Nueva Pescanova","robots":{"index":"index","follow":"follow","max-snippet":"max-snippet:-1","max-image-preview":"max-image-preview:large","max-video-preview":"max-video-preview:-1"},"canonical":"https:\/\/www.nuevapescanova.com\/gl\/compania\/consejo-de-administracion\/","og_locale":"gl_ES","og_type":"article","og_title":"Consello de Administraci\u00f3n - Nueva Pescanova","og_description":"[vc_row][vc_column][vc_column_text el_class=&#8221;titulo&#8221;]CONSELLO DE ADMINISTRACI\u00d3N[\/vc_column_text][\/vc_column][\/vc_row][vc_row][vc_column][vc_row_inner css=&#8221;.vc_custom_1515753480615{margin-bottom: 0px !important;}&#8221;][vc_column_inner][vc_column_text]O Consello de Administraci\u00f3n \u00e9 o m\u00e1ximo \u00f3rgano de decisi\u00f3n do Grupo Nueva Pescanova. Est\u00e1 formado por 4\u00a0membros:[\/vc_column_text][\/vc_column_inner][\/vc_row_inner][\/vc_column][\/vc_row][vc_row][vc_column][vc_column_text el_class=&#8221;titulo&#8221;]Presidente[\/vc_column_text][vc_row_inner css=&#8221;.vc_custom_1515752107473{background-color: [\u2026]","og_url":"https:\/\/www.nuevapescanova.com\/gl\/compania\/consejo-de-administracion\/","og_site_name":"Nueva Pescanova","article_modified_time":"2024-08-21T12:18:57+00:00","twitter_card":"summary_large_image","twitter_site":"@PescanovaCorp","twitter_misc":{"Est. reading time":"1 minute"},"schema":{"@context":"https:\/\/schema.org","@graph":[{"@type":"WebPage","@id":"https:\/\/www.nuevapescanova.com\/gl\/compania\/consejo-de-administracion\/","url":"https:\/\/www.nuevapescanova.com\/gl\/compania\/consejo-de-administracion\/","name":"Consello de Administraci\u00f3n - Nueva Pescanova","isPartOf":{"@id":"https:\/\/www.nuevapescanova.com\/#website"},"datePublished":"2017-12-13T20:50:27+00:00","dateModified":"2024-08-21T12:18:57+00:00","breadcrumb":{"@id":"https:\/\/www.nuevapescanova.com\/gl\/compania\/consejo-de-administracion\/#breadcrumb"},"inLanguage":"gl-ES","potentialAction":[{"@type":"ReadAction","target":["https:\/\/www.nuevapescanova.com\/gl\/compania\/consejo-de-administracion\/"]}]},{"@type":"BreadcrumbList","@id":"https:\/\/www.nuevapescanova.com\/gl\/compania\/consejo-de-administracion\/#breadcrumb","itemListElement":[{"@type":"ListItem","position":1,"name":"Portada","item":"https:\/\/www.nuevapescanova.com\/gl\/"},{"@type":"ListItem","position":2,"name":"Compa\u00f1\u00eda","item":"https:\/\/www.nuevapescanova.com\/gl\/compania\/"},{"@type":"ListItem","position":3,"name":"Consello de Administraci\u00f3n"}]},{"@type":"WebSite","@id":"https:\/\/www.nuevapescanova.com\/#website","url":"https:\/\/www.nuevapescanova.com\/","name":"Nueva Pescanova","description":"","publisher":{"@id":"https:\/\/www.nuevapescanova.com\/#organization"},"potentialAction":[{"@type":"SearchAction","target":{"@type":"EntryPoint","urlTemplate":"https:\/\/www.nuevapescanova.com\/?s={search_term_string}"},"query-input":{"@type":"PropertyValueSpecification","valueRequired":true,"valueName":"search_term_string"}}],"inLanguage":"gl-ES"},{"@type":"Organization","@id":"https:\/\/www.nuevapescanova.com\/#organization","name":"Nueva Pescanova","url":"https:\/\/www.nuevapescanova.com\/","logo":{"@type":"ImageObject","inLanguage":"gl-ES","@id":"https:\/\/www.nuevapescanova.com\/#\/schema\/logo\/image\/","url":"https:\/\/www.nuevapescanova.com\/nuevapescanova\/wp-content\/uploads\/2023\/06\/Logo-Grupo-Nueva-Pescanova.jpg","contentUrl":"https:\/\/www.nuevapescanova.com\/nuevapescanova\/wp-content\/uploads\/2023\/06\/Logo-Grupo-Nueva-Pescanova.jpg","width":800,"height":398,"caption":"Nueva Pescanova"},"image":{"@id":"https:\/\/www.nuevapescanova.com\/#\/schema\/logo\/image\/"},"sameAs":["https:\/\/x.com\/PescanovaCorp","https:\/\/www.linkedin.com\/company\/nuevapescanova\/?originalSubdomain=es"]}]}},"_links":{"self":[{"href":"https:\/\/www.nuevapescanova.com\/gl\/wp-json\/wp\/v2\/pages\/16636","targetHints":{"allow":["GET"]}}],"collection":[{"href":"https:\/\/www.nuevapescanova.com\/gl\/wp-json\/wp\/v2\/pages"}],"about":[{"href":"https:\/\/www.nuevapescanova.com\/gl\/wp-json\/wp\/v2\/types\/page"}],"author":[{"embeddable":true,"href":"https:\/\/www.nuevapescanova.com\/gl\/wp-json\/wp\/v2\/users\/3"}],"replies":[{"embeddable":true,"href":"https:\/\/www.nuevapescanova.com\/gl\/wp-json\/wp\/v2\/comments?post=16636"}],"version-history":[{"count":10,"href":"https:\/\/www.nuevapescanova.com\/gl\/wp-json\/wp\/v2\/pages\/16636\/revisions"}],"predecessor-version":[{"id":38119,"href":"https:\/\/www.nuevapescanova.com\/gl\/wp-json\/wp\/v2\/pages\/16636\/revisions\/38119"}],"up":[{"embeddable":true,"href":"https:\/\/www.nuevapescanova.com\/gl\/wp-json\/wp\/v2\/pages\/16615"}],"wp:attachment":[{"href":"https:\/\/www.nuevapescanova.com\/gl\/wp-json\/wp\/v2\/media?parent=16636"}],"curies":[{"name":"wp","href":"https:\/\/api.w.org\/{rel}","templated":true}]}}