{"id":16650,"date":"2019-10-25T12:40:17","date_gmt":"2019-10-25T12:40:17","guid":{"rendered":"http:\/\/www.nuevapescanova.com\/compania\/consejo-de-administracion\/d-jose-maria-benavent-valero\/"},"modified":"2021-02-22T11:57:24","modified_gmt":"2021-02-22T11:57:24","slug":"d-jose-maria-benavent-valero","status":"publish","type":"page","link":"https:\/\/www.nuevapescanova.com\/gl\/compania\/consejo-de-administracion\/d-jose-maria-benavent-valero\/","title":{"rendered":"D. Jos\u00e9 Mar\u00eda Benavent Valero"},"content":{"rendered":"<section class=\"wpb-content-wrapper\"><p>[vc_row][vc_column width=&#8221;1\/3&#8243;]<div class=\"photo_box element_classes  without-desc\"><div class=\"image_frame\"><div class=\"image_wrapper\"><div class=\"mask\"><\/div><img loading=\"lazy\" decoding=\"async\" class=\"scale-with-grid\" src=\"https:\/\/www.nuevapescanova.com\/nuevapescanova\/wp-content\/uploads\/2020\/09\/Benavent.jpg\" alt=\"Benavent\" width=\"1200\" height=\"1200\"\/><\/div><\/div><\/div>\n[\/vc_column][vc_column width=&#8221;2\/3&#8243;][vc_column_text]<\/p>\n<h2>Jos\u00e9 Mar\u00eda Benavent Valero<\/h2>\n<p><strong>Presidente do Grupo Nueva Pescanova<\/strong><\/p>\n<hr class=\" hr_color\" style=\"margin:0 auto 30px;\"\/>\n\n<p>Jos\u00e9 Mar\u00eda Benavent Valero \u00e9 Licenciado en Ciencias Econ\u00f3micas e Empresariais pola Universidade Complutense de Madrid, Programa de Desenvolvemento Directivo (PDD) por IESE, e AMP polo MIT Business School (Cambridge, MA, USA).<\/p>\n<p>Benavent iniciou a s\u00faa carreira profesional en 1989 como analista do servizo de estudos do <strong>Banco de Espa\u00f1a<\/strong> ata a s\u00faa incorporaci\u00f3n a <strong>Caixabank<\/strong> en 1994, onde ocupou diversas funci\u00f3ns no departamento de riscos ata asumir posteriormente o de responsable de riscos. En 1998, e con motivo da liberalizaci\u00f3n do sector das telecomunicaci\u00f3ns en Espa\u00f1a, ped\u00eduselle participar no lanzamento dunha compa\u00f1\u00eda telco, <strong>R-Cable<\/strong>, da que foi o seu CFO ata 2015, ano en que continuou a s\u00faa traxectoria profesional no sector como director financeiro do <strong>Grupo <\/strong>Euskaltel.<\/p>\n<p>Benavent foi distinguido co <strong>premio \u00f3 Mellor <\/strong>CFO da VI edici\u00f3n dos Premios \u00e1 Excelencia Financeira que concede a Asociaci\u00f3n Espa\u00f1ola de Financeiros de Empresa (ASSET).<\/p>\n<p>No ano 2018 asume o cargo de <strong>membro independente do Consello de Administraci\u00f3n de ABANCA<\/strong> Servizos Financeiros e da s\u00faa <strong>Comisi\u00f3n de Auditor\u00eda e Risco<\/strong>. En xu\u00f1o de 2019 incorp\u00f3rase como <strong>conselleiro do Grupo Nueva Pescanova<\/strong> e en abril de 2020 \u00e9 nomeado <strong>presidente executivo da compa\u00f1\u00eda<\/strong>.[\/vc_column_text][\/vc_column][\/vc_row]<\/p>\n<\/section>","protected":false},"excerpt":{"rendered":"<p>[vc_row][vc_column width=&#8221;1\/3&#8243;][\/vc_column][vc_column width=&#8221;2\/3&#8243;][vc_column_text] Jos\u00e9 Mar\u00eda Benavent Valero Presidente do Grupo Nueva Pescanova Jos\u00e9 Mar\u00eda Benavent Valero \u00e9 Licenciado en Ciencias Econ\u00f3micas e Empresariais pola Universidade Complutense<span class=\"excerpt-hellip\"> [\u2026]<\/span><\/p>\n","protected":false},"author":3,"featured_media":0,"parent":16636,"menu_order":7,"comment_status":"closed","ping_status":"closed","template":"","meta":{"_acf_changed":false,"footnotes":""},"class_list":["post-16650","page","type-page","status-publish","hentry"],"acf":[],"yoast_head":"<!-- This site is optimized with the Yoast SEO plugin v25.9 - https:\/\/yoast.com\/wordpress\/plugins\/seo\/ -->\n<title>D. Jos\u00e9 Mar\u00eda Benavent Valero - Nueva Pescanova<\/title>\n<meta name=\"robots\" content=\"index, follow, max-snippet:-1, max-image-preview:large, max-video-preview:-1\" \/>\n<link rel=\"canonical\" href=\"https:\/\/www.nuevapescanova.com\/gl\/compania\/consejo-de-administracion\/d-jose-maria-benavent-valero\/\" \/>\n<meta property=\"og:locale\" content=\"gl_ES\" \/>\n<meta property=\"og:type\" content=\"article\" \/>\n<meta property=\"og:title\" content=\"D. Jos\u00e9 Mar\u00eda Benavent Valero - Nueva Pescanova\" \/>\n<meta property=\"og:description\" content=\"[vc_row][vc_column width=&#8221;1\/3&#8243;][\/vc_column][vc_column width=&#8221;2\/3&#8243;][vc_column_text] Jos\u00e9 Mar\u00eda Benavent Valero Presidente do Grupo Nueva Pescanova Jos\u00e9 Mar\u00eda Benavent Valero \u00e9 Licenciado en Ciencias Econ\u00f3micas e Empresariais pola Universidade Complutense [\u2026]\" \/>\n<meta property=\"og:url\" content=\"https:\/\/www.nuevapescanova.com\/gl\/compania\/consejo-de-administracion\/d-jose-maria-benavent-valero\/\" \/>\n<meta property=\"og:site_name\" content=\"Nueva Pescanova\" \/>\n<meta property=\"article:modified_time\" content=\"2021-02-22T11:57:24+00:00\" \/>\n<meta name=\"twitter:card\" content=\"summary_large_image\" \/>\n<meta name=\"twitter:site\" content=\"@PescanovaCorp\" \/>\n<meta name=\"twitter:label1\" content=\"Est. reading time\" \/>\n\t<meta name=\"twitter:data1\" content=\"1 minute\" \/>\n<script type=\"application\/ld+json\" class=\"yoast-schema-graph\">{\"@context\":\"https:\/\/schema.org\",\"@graph\":[{\"@type\":\"WebPage\",\"@id\":\"https:\/\/www.nuevapescanova.com\/gl\/compania\/consejo-de-administracion\/d-jose-maria-benavent-valero\/\",\"url\":\"https:\/\/www.nuevapescanova.com\/gl\/compania\/consejo-de-administracion\/d-jose-maria-benavent-valero\/\",\"name\":\"D. Jos\u00e9 Mar\u00eda Benavent Valero - Nueva Pescanova\",\"isPartOf\":{\"@id\":\"https:\/\/www.nuevapescanova.com\/#website\"},\"datePublished\":\"2019-10-25T12:40:17+00:00\",\"dateModified\":\"2021-02-22T11:57:24+00:00\",\"breadcrumb\":{\"@id\":\"https:\/\/www.nuevapescanova.com\/gl\/compania\/consejo-de-administracion\/d-jose-maria-benavent-valero\/#breadcrumb\"},\"inLanguage\":\"gl-ES\",\"potentialAction\":[{\"@type\":\"ReadAction\",\"target\":[\"https:\/\/www.nuevapescanova.com\/gl\/compania\/consejo-de-administracion\/d-jose-maria-benavent-valero\/\"]}]},{\"@type\":\"BreadcrumbList\",\"@id\":\"https:\/\/www.nuevapescanova.com\/gl\/compania\/consejo-de-administracion\/d-jose-maria-benavent-valero\/#breadcrumb\",\"itemListElement\":[{\"@type\":\"ListItem\",\"position\":1,\"name\":\"Portada\",\"item\":\"https:\/\/www.nuevapescanova.com\/gl\/\"},{\"@type\":\"ListItem\",\"position\":2,\"name\":\"Compa\u00f1\u00eda\",\"item\":\"https:\/\/www.nuevapescanova.com\/gl\/compania\/\"},{\"@type\":\"ListItem\",\"position\":3,\"name\":\"Consello de Administraci\u00f3n\",\"item\":\"https:\/\/www.nuevapescanova.com\/gl\/compania\/consejo-de-administracion\/\"},{\"@type\":\"ListItem\",\"position\":4,\"name\":\"D. Jos\u00e9 Mar\u00eda Benavent Valero\"}]},{\"@type\":\"WebSite\",\"@id\":\"https:\/\/www.nuevapescanova.com\/#website\",\"url\":\"https:\/\/www.nuevapescanova.com\/\",\"name\":\"Nueva Pescanova\",\"description\":\"\",\"publisher\":{\"@id\":\"https:\/\/www.nuevapescanova.com\/#organization\"},\"potentialAction\":[{\"@type\":\"SearchAction\",\"target\":{\"@type\":\"EntryPoint\",\"urlTemplate\":\"https:\/\/www.nuevapescanova.com\/?s={search_term_string}\"},\"query-input\":{\"@type\":\"PropertyValueSpecification\",\"valueRequired\":true,\"valueName\":\"search_term_string\"}}],\"inLanguage\":\"gl-ES\"},{\"@type\":\"Organization\",\"@id\":\"https:\/\/www.nuevapescanova.com\/#organization\",\"name\":\"Nueva Pescanova\",\"url\":\"https:\/\/www.nuevapescanova.com\/\",\"logo\":{\"@type\":\"ImageObject\",\"inLanguage\":\"gl-ES\",\"@id\":\"https:\/\/www.nuevapescanova.com\/#\/schema\/logo\/image\/\",\"url\":\"https:\/\/www.nuevapescanova.com\/nuevapescanova\/wp-content\/uploads\/2023\/06\/Logo-Grupo-Nueva-Pescanova.jpg\",\"contentUrl\":\"https:\/\/www.nuevapescanova.com\/nuevapescanova\/wp-content\/uploads\/2023\/06\/Logo-Grupo-Nueva-Pescanova.jpg\",\"width\":800,\"height\":398,\"caption\":\"Nueva Pescanova\"},\"image\":{\"@id\":\"https:\/\/www.nuevapescanova.com\/#\/schema\/logo\/image\/\"},\"sameAs\":[\"https:\/\/x.com\/PescanovaCorp\",\"https:\/\/www.linkedin.com\/company\/nuevapescanova\/?originalSubdomain=es\"]}]}<\/script>\n<!-- \/ Yoast SEO plugin. -->","yoast_head_json":{"title":"D. Jos\u00e9 Mar\u00eda Benavent Valero - Nueva Pescanova","robots":{"index":"index","follow":"follow","max-snippet":"max-snippet:-1","max-image-preview":"max-image-preview:large","max-video-preview":"max-video-preview:-1"},"canonical":"https:\/\/www.nuevapescanova.com\/gl\/compania\/consejo-de-administracion\/d-jose-maria-benavent-valero\/","og_locale":"gl_ES","og_type":"article","og_title":"D. Jos\u00e9 Mar\u00eda Benavent Valero - Nueva Pescanova","og_description":"[vc_row][vc_column width=&#8221;1\/3&#8243;][\/vc_column][vc_column width=&#8221;2\/3&#8243;][vc_column_text] Jos\u00e9 Mar\u00eda Benavent Valero Presidente do Grupo Nueva Pescanova Jos\u00e9 Mar\u00eda Benavent Valero \u00e9 Licenciado en Ciencias Econ\u00f3micas e Empresariais pola Universidade Complutense [\u2026]","og_url":"https:\/\/www.nuevapescanova.com\/gl\/compania\/consejo-de-administracion\/d-jose-maria-benavent-valero\/","og_site_name":"Nueva Pescanova","article_modified_time":"2021-02-22T11:57:24+00:00","twitter_card":"summary_large_image","twitter_site":"@PescanovaCorp","twitter_misc":{"Est. reading time":"1 minute"},"schema":{"@context":"https:\/\/schema.org","@graph":[{"@type":"WebPage","@id":"https:\/\/www.nuevapescanova.com\/gl\/compania\/consejo-de-administracion\/d-jose-maria-benavent-valero\/","url":"https:\/\/www.nuevapescanova.com\/gl\/compania\/consejo-de-administracion\/d-jose-maria-benavent-valero\/","name":"D. Jos\u00e9 Mar\u00eda Benavent Valero - Nueva Pescanova","isPartOf":{"@id":"https:\/\/www.nuevapescanova.com\/#website"},"datePublished":"2019-10-25T12:40:17+00:00","dateModified":"2021-02-22T11:57:24+00:00","breadcrumb":{"@id":"https:\/\/www.nuevapescanova.com\/gl\/compania\/consejo-de-administracion\/d-jose-maria-benavent-valero\/#breadcrumb"},"inLanguage":"gl-ES","potentialAction":[{"@type":"ReadAction","target":["https:\/\/www.nuevapescanova.com\/gl\/compania\/consejo-de-administracion\/d-jose-maria-benavent-valero\/"]}]},{"@type":"BreadcrumbList","@id":"https:\/\/www.nuevapescanova.com\/gl\/compania\/consejo-de-administracion\/d-jose-maria-benavent-valero\/#breadcrumb","itemListElement":[{"@type":"ListItem","position":1,"name":"Portada","item":"https:\/\/www.nuevapescanova.com\/gl\/"},{"@type":"ListItem","position":2,"name":"Compa\u00f1\u00eda","item":"https:\/\/www.nuevapescanova.com\/gl\/compania\/"},{"@type":"ListItem","position":3,"name":"Consello de Administraci\u00f3n","item":"https:\/\/www.nuevapescanova.com\/gl\/compania\/consejo-de-administracion\/"},{"@type":"ListItem","position":4,"name":"D. Jos\u00e9 Mar\u00eda Benavent Valero"}]},{"@type":"WebSite","@id":"https:\/\/www.nuevapescanova.com\/#website","url":"https:\/\/www.nuevapescanova.com\/","name":"Nueva Pescanova","description":"","publisher":{"@id":"https:\/\/www.nuevapescanova.com\/#organization"},"potentialAction":[{"@type":"SearchAction","target":{"@type":"EntryPoint","urlTemplate":"https:\/\/www.nuevapescanova.com\/?s={search_term_string}"},"query-input":{"@type":"PropertyValueSpecification","valueRequired":true,"valueName":"search_term_string"}}],"inLanguage":"gl-ES"},{"@type":"Organization","@id":"https:\/\/www.nuevapescanova.com\/#organization","name":"Nueva Pescanova","url":"https:\/\/www.nuevapescanova.com\/","logo":{"@type":"ImageObject","inLanguage":"gl-ES","@id":"https:\/\/www.nuevapescanova.com\/#\/schema\/logo\/image\/","url":"https:\/\/www.nuevapescanova.com\/nuevapescanova\/wp-content\/uploads\/2023\/06\/Logo-Grupo-Nueva-Pescanova.jpg","contentUrl":"https:\/\/www.nuevapescanova.com\/nuevapescanova\/wp-content\/uploads\/2023\/06\/Logo-Grupo-Nueva-Pescanova.jpg","width":800,"height":398,"caption":"Nueva Pescanova"},"image":{"@id":"https:\/\/www.nuevapescanova.com\/#\/schema\/logo\/image\/"},"sameAs":["https:\/\/x.com\/PescanovaCorp","https:\/\/www.linkedin.com\/company\/nuevapescanova\/?originalSubdomain=es"]}]}},"_links":{"self":[{"href":"https:\/\/www.nuevapescanova.com\/gl\/wp-json\/wp\/v2\/pages\/16650","targetHints":{"allow":["GET"]}}],"collection":[{"href":"https:\/\/www.nuevapescanova.com\/gl\/wp-json\/wp\/v2\/pages"}],"about":[{"href":"https:\/\/www.nuevapescanova.com\/gl\/wp-json\/wp\/v2\/types\/page"}],"author":[{"embeddable":true,"href":"https:\/\/www.nuevapescanova.com\/gl\/wp-json\/wp\/v2\/users\/3"}],"replies":[{"embeddable":true,"href":"https:\/\/www.nuevapescanova.com\/gl\/wp-json\/wp\/v2\/comments?post=16650"}],"version-history":[{"count":6,"href":"https:\/\/www.nuevapescanova.com\/gl\/wp-json\/wp\/v2\/pages\/16650\/revisions"}],"predecessor-version":[{"id":18624,"href":"https:\/\/www.nuevapescanova.com\/gl\/wp-json\/wp\/v2\/pages\/16650\/revisions\/18624"}],"up":[{"embeddable":true,"href":"https:\/\/www.nuevapescanova.com\/gl\/wp-json\/wp\/v2\/pages\/16636"}],"wp:attachment":[{"href":"https:\/\/www.nuevapescanova.com\/gl\/wp-json\/wp\/v2\/media?parent=16650"}],"curies":[{"name":"wp","href":"https:\/\/api.w.org\/{rel}","templated":true}]}}