{"id":16654,"date":"2017-12-14T13:43:53","date_gmt":"2017-12-14T13:43:53","guid":{"rendered":"http:\/\/www.nuevapescanova.com\/compania\/consejo-de-administracion\/d-ignacio-gonzalez-hernandez\/"},"modified":"2023-01-25T16:45:34","modified_gmt":"2023-01-25T16:45:34","slug":"d-ignacio-gonzalez-hernandez","status":"publish","type":"page","link":"https:\/\/www.nuevapescanova.com\/gl\/compania\/consejo-de-administracion\/d-ignacio-gonzalez-hernandez\/","title":{"rendered":"D. Ignacio Gonz\u00e1lez Hern\u00e1ndez"},"content":{"rendered":"<section class=\"wpb-content-wrapper\"><p>[vc_row][vc_column width=&#8221;1\/3&#8243;]<div class=\"photo_box element_classes  without-desc\"><div class=\"image_frame\"><div class=\"image_wrapper\"><div class=\"mask\"><\/div><img loading=\"lazy\" decoding=\"async\" class=\"scale-with-grid\" src=\"https:\/\/www.nuevapescanova.com\/nuevapescanova\/wp-content\/uploads\/2023\/01\/Ignacio-Gonzalez-web_.jpg\" alt=\"Ignacio-Gonzalez-web_\" width=\"300\" height=\"300\"\/><\/div><\/div><\/div>\n[\/vc_column][vc_column width=&#8221;2\/3&#8243;][vc_column_text]<\/p>\n<h2>Ignacio Gonz\u00e1lez Hern\u00e1ndez<\/h2>\n<p><strong>Conselleiro<\/strong><\/p>\n<hr class=\" hr_color\" style=\"margin:0 auto 30px;\"\/>\n\n<p>Ignacio Gonz\u00e1lez \u00e9 <strong>licenciado en Ciencias Empresariais por ICADE<\/strong>.<\/p>\n<p>Iniciou a s\u00faa traxectoria profesional en <strong>Centros Comerciais Continente<\/strong>. En case d\u00faas d\u00e9cadas de dedicaci\u00f3n ao <strong>Grupo Carrefour<\/strong>, e tras ocupar distintas posici\u00f3ns no \u00e1mbito de M\u00e1rketing, Compras e Comercial, chegou ao Comit\u00e9 Executivo Mundial da multinacional francesa, onde asumiu a Direcci\u00f3n de Compras do Grupo e a Direcci\u00f3n Comercial de Francia.<\/p>\n<p>Posteriormente, incorp\u00f3rase ao <strong>Grupo Campofr\u00edo<\/strong>, no que ocupa dous postos de m\u00e1xima responsabilidade: CEO de Campofr\u00edo Espa\u00f1a e xeral manager Southern Europe (Spain, Italy, Portugal) &amp; USA de Campofr\u00edo Food Group (de abril do 2013 a xaneiro de 2016), onde se responsabiliza do agrupaci\u00f3n industrial Sur de Europa e USA.<\/p>\n<p>Dende febreiro de 2016 \u00e9 <strong>conselleiro delegado (CEO) de Nueva Pescanova S.L.<\/strong> e <strong>conselleiro<\/strong> do <strong>Consello de Administraci\u00f3n<\/strong>.<\/p>\n<p>Ademais, dende xu\u00f1o de 2021, \u00e9 presidente de <strong>AECOC<\/strong>.[\/vc_column_text][\/vc_column][\/vc_row]<\/p>\n<\/section>","protected":false},"excerpt":{"rendered":"<p>[vc_row][vc_column width=&#8221;1\/3&#8243;][\/vc_column][vc_column width=&#8221;2\/3&#8243;][vc_column_text] Ignacio Gonz\u00e1lez Hern\u00e1ndez Conselleiro Ignacio Gonz\u00e1lez \u00e9 licenciado en Ciencias Empresariais por ICADE. Iniciou a s\u00faa traxectoria profesional en Centros Comerciais Continente. En<span class=\"excerpt-hellip\"> [\u2026]<\/span><\/p>\n","protected":false},"author":3,"featured_media":0,"parent":16636,"menu_order":10,"comment_status":"closed","ping_status":"closed","template":"","meta":{"_acf_changed":false,"footnotes":""},"class_list":["post-16654","page","type-page","status-publish","hentry"],"acf":[],"yoast_head":"<!-- This site is optimized with the Yoast SEO plugin v25.9 - https:\/\/yoast.com\/wordpress\/plugins\/seo\/ -->\n<title>D. Ignacio Gonz\u00e1lez Hern\u00e1ndez - Nueva Pescanova<\/title>\n<meta name=\"robots\" content=\"index, follow, max-snippet:-1, max-image-preview:large, max-video-preview:-1\" \/>\n<link rel=\"canonical\" href=\"https:\/\/www.nuevapescanova.com\/gl\/compania\/consejo-de-administracion\/d-ignacio-gonzalez-hernandez\/\" \/>\n<meta property=\"og:locale\" content=\"gl_ES\" \/>\n<meta property=\"og:type\" content=\"article\" \/>\n<meta property=\"og:title\" content=\"D. Ignacio Gonz\u00e1lez Hern\u00e1ndez - Nueva Pescanova\" \/>\n<meta property=\"og:description\" content=\"[vc_row][vc_column width=&#8221;1\/3&#8243;][\/vc_column][vc_column width=&#8221;2\/3&#8243;][vc_column_text] Ignacio Gonz\u00e1lez Hern\u00e1ndez Conselleiro Ignacio Gonz\u00e1lez \u00e9 licenciado en Ciencias Empresariais por ICADE. Iniciou a s\u00faa traxectoria profesional en Centros Comerciais Continente. En [\u2026]\" \/>\n<meta property=\"og:url\" content=\"https:\/\/www.nuevapescanova.com\/gl\/compania\/consejo-de-administracion\/d-ignacio-gonzalez-hernandez\/\" \/>\n<meta property=\"og:site_name\" content=\"Nueva Pescanova\" \/>\n<meta property=\"article:modified_time\" content=\"2023-01-25T16:45:34+00:00\" \/>\n<meta name=\"twitter:card\" content=\"summary_large_image\" \/>\n<meta name=\"twitter:site\" content=\"@PescanovaCorp\" \/>\n<meta name=\"twitter:label1\" content=\"Est. reading time\" \/>\n\t<meta name=\"twitter:data1\" content=\"1 minute\" \/>\n<script type=\"application\/ld+json\" class=\"yoast-schema-graph\">{\"@context\":\"https:\/\/schema.org\",\"@graph\":[{\"@type\":\"WebPage\",\"@id\":\"https:\/\/www.nuevapescanova.com\/gl\/compania\/consejo-de-administracion\/d-ignacio-gonzalez-hernandez\/\",\"url\":\"https:\/\/www.nuevapescanova.com\/gl\/compania\/consejo-de-administracion\/d-ignacio-gonzalez-hernandez\/\",\"name\":\"D. Ignacio Gonz\u00e1lez Hern\u00e1ndez - Nueva Pescanova\",\"isPartOf\":{\"@id\":\"https:\/\/www.nuevapescanova.com\/#website\"},\"datePublished\":\"2017-12-14T13:43:53+00:00\",\"dateModified\":\"2023-01-25T16:45:34+00:00\",\"breadcrumb\":{\"@id\":\"https:\/\/www.nuevapescanova.com\/gl\/compania\/consejo-de-administracion\/d-ignacio-gonzalez-hernandez\/#breadcrumb\"},\"inLanguage\":\"gl-ES\",\"potentialAction\":[{\"@type\":\"ReadAction\",\"target\":[\"https:\/\/www.nuevapescanova.com\/gl\/compania\/consejo-de-administracion\/d-ignacio-gonzalez-hernandez\/\"]}]},{\"@type\":\"BreadcrumbList\",\"@id\":\"https:\/\/www.nuevapescanova.com\/gl\/compania\/consejo-de-administracion\/d-ignacio-gonzalez-hernandez\/#breadcrumb\",\"itemListElement\":[{\"@type\":\"ListItem\",\"position\":1,\"name\":\"Portada\",\"item\":\"https:\/\/www.nuevapescanova.com\/gl\/\"},{\"@type\":\"ListItem\",\"position\":2,\"name\":\"Compa\u00f1\u00eda\",\"item\":\"https:\/\/www.nuevapescanova.com\/gl\/compania\/\"},{\"@type\":\"ListItem\",\"position\":3,\"name\":\"Consello de Administraci\u00f3n\",\"item\":\"https:\/\/www.nuevapescanova.com\/gl\/compania\/consejo-de-administracion\/\"},{\"@type\":\"ListItem\",\"position\":4,\"name\":\"D. Ignacio Gonz\u00e1lez Hern\u00e1ndez\"}]},{\"@type\":\"WebSite\",\"@id\":\"https:\/\/www.nuevapescanova.com\/#website\",\"url\":\"https:\/\/www.nuevapescanova.com\/\",\"name\":\"Nueva Pescanova\",\"description\":\"\",\"publisher\":{\"@id\":\"https:\/\/www.nuevapescanova.com\/#organization\"},\"potentialAction\":[{\"@type\":\"SearchAction\",\"target\":{\"@type\":\"EntryPoint\",\"urlTemplate\":\"https:\/\/www.nuevapescanova.com\/?s={search_term_string}\"},\"query-input\":{\"@type\":\"PropertyValueSpecification\",\"valueRequired\":true,\"valueName\":\"search_term_string\"}}],\"inLanguage\":\"gl-ES\"},{\"@type\":\"Organization\",\"@id\":\"https:\/\/www.nuevapescanova.com\/#organization\",\"name\":\"Nueva Pescanova\",\"url\":\"https:\/\/www.nuevapescanova.com\/\",\"logo\":{\"@type\":\"ImageObject\",\"inLanguage\":\"gl-ES\",\"@id\":\"https:\/\/www.nuevapescanova.com\/#\/schema\/logo\/image\/\",\"url\":\"https:\/\/www.nuevapescanova.com\/nuevapescanova\/wp-content\/uploads\/2023\/06\/Logo-Grupo-Nueva-Pescanova.jpg\",\"contentUrl\":\"https:\/\/www.nuevapescanova.com\/nuevapescanova\/wp-content\/uploads\/2023\/06\/Logo-Grupo-Nueva-Pescanova.jpg\",\"width\":800,\"height\":398,\"caption\":\"Nueva Pescanova\"},\"image\":{\"@id\":\"https:\/\/www.nuevapescanova.com\/#\/schema\/logo\/image\/\"},\"sameAs\":[\"https:\/\/x.com\/PescanovaCorp\",\"https:\/\/www.linkedin.com\/company\/nuevapescanova\/?originalSubdomain=es\"]}]}<\/script>\n<!-- \/ Yoast SEO plugin. -->","yoast_head_json":{"title":"D. Ignacio Gonz\u00e1lez Hern\u00e1ndez - Nueva Pescanova","robots":{"index":"index","follow":"follow","max-snippet":"max-snippet:-1","max-image-preview":"max-image-preview:large","max-video-preview":"max-video-preview:-1"},"canonical":"https:\/\/www.nuevapescanova.com\/gl\/compania\/consejo-de-administracion\/d-ignacio-gonzalez-hernandez\/","og_locale":"gl_ES","og_type":"article","og_title":"D. Ignacio Gonz\u00e1lez Hern\u00e1ndez - Nueva Pescanova","og_description":"[vc_row][vc_column width=&#8221;1\/3&#8243;][\/vc_column][vc_column width=&#8221;2\/3&#8243;][vc_column_text] Ignacio Gonz\u00e1lez Hern\u00e1ndez Conselleiro Ignacio Gonz\u00e1lez \u00e9 licenciado en Ciencias Empresariais por ICADE. Iniciou a s\u00faa traxectoria profesional en Centros Comerciais Continente. En [\u2026]","og_url":"https:\/\/www.nuevapescanova.com\/gl\/compania\/consejo-de-administracion\/d-ignacio-gonzalez-hernandez\/","og_site_name":"Nueva Pescanova","article_modified_time":"2023-01-25T16:45:34+00:00","twitter_card":"summary_large_image","twitter_site":"@PescanovaCorp","twitter_misc":{"Est. reading time":"1 minute"},"schema":{"@context":"https:\/\/schema.org","@graph":[{"@type":"WebPage","@id":"https:\/\/www.nuevapescanova.com\/gl\/compania\/consejo-de-administracion\/d-ignacio-gonzalez-hernandez\/","url":"https:\/\/www.nuevapescanova.com\/gl\/compania\/consejo-de-administracion\/d-ignacio-gonzalez-hernandez\/","name":"D. Ignacio Gonz\u00e1lez Hern\u00e1ndez - Nueva Pescanova","isPartOf":{"@id":"https:\/\/www.nuevapescanova.com\/#website"},"datePublished":"2017-12-14T13:43:53+00:00","dateModified":"2023-01-25T16:45:34+00:00","breadcrumb":{"@id":"https:\/\/www.nuevapescanova.com\/gl\/compania\/consejo-de-administracion\/d-ignacio-gonzalez-hernandez\/#breadcrumb"},"inLanguage":"gl-ES","potentialAction":[{"@type":"ReadAction","target":["https:\/\/www.nuevapescanova.com\/gl\/compania\/consejo-de-administracion\/d-ignacio-gonzalez-hernandez\/"]}]},{"@type":"BreadcrumbList","@id":"https:\/\/www.nuevapescanova.com\/gl\/compania\/consejo-de-administracion\/d-ignacio-gonzalez-hernandez\/#breadcrumb","itemListElement":[{"@type":"ListItem","position":1,"name":"Portada","item":"https:\/\/www.nuevapescanova.com\/gl\/"},{"@type":"ListItem","position":2,"name":"Compa\u00f1\u00eda","item":"https:\/\/www.nuevapescanova.com\/gl\/compania\/"},{"@type":"ListItem","position":3,"name":"Consello de Administraci\u00f3n","item":"https:\/\/www.nuevapescanova.com\/gl\/compania\/consejo-de-administracion\/"},{"@type":"ListItem","position":4,"name":"D. Ignacio Gonz\u00e1lez Hern\u00e1ndez"}]},{"@type":"WebSite","@id":"https:\/\/www.nuevapescanova.com\/#website","url":"https:\/\/www.nuevapescanova.com\/","name":"Nueva Pescanova","description":"","publisher":{"@id":"https:\/\/www.nuevapescanova.com\/#organization"},"potentialAction":[{"@type":"SearchAction","target":{"@type":"EntryPoint","urlTemplate":"https:\/\/www.nuevapescanova.com\/?s={search_term_string}"},"query-input":{"@type":"PropertyValueSpecification","valueRequired":true,"valueName":"search_term_string"}}],"inLanguage":"gl-ES"},{"@type":"Organization","@id":"https:\/\/www.nuevapescanova.com\/#organization","name":"Nueva Pescanova","url":"https:\/\/www.nuevapescanova.com\/","logo":{"@type":"ImageObject","inLanguage":"gl-ES","@id":"https:\/\/www.nuevapescanova.com\/#\/schema\/logo\/image\/","url":"https:\/\/www.nuevapescanova.com\/nuevapescanova\/wp-content\/uploads\/2023\/06\/Logo-Grupo-Nueva-Pescanova.jpg","contentUrl":"https:\/\/www.nuevapescanova.com\/nuevapescanova\/wp-content\/uploads\/2023\/06\/Logo-Grupo-Nueva-Pescanova.jpg","width":800,"height":398,"caption":"Nueva Pescanova"},"image":{"@id":"https:\/\/www.nuevapescanova.com\/#\/schema\/logo\/image\/"},"sameAs":["https:\/\/x.com\/PescanovaCorp","https:\/\/www.linkedin.com\/company\/nuevapescanova\/?originalSubdomain=es"]}]}},"_links":{"self":[{"href":"https:\/\/www.nuevapescanova.com\/gl\/wp-json\/wp\/v2\/pages\/16654","targetHints":{"allow":["GET"]}}],"collection":[{"href":"https:\/\/www.nuevapescanova.com\/gl\/wp-json\/wp\/v2\/pages"}],"about":[{"href":"https:\/\/www.nuevapescanova.com\/gl\/wp-json\/wp\/v2\/types\/page"}],"author":[{"embeddable":true,"href":"https:\/\/www.nuevapescanova.com\/gl\/wp-json\/wp\/v2\/users\/3"}],"replies":[{"embeddable":true,"href":"https:\/\/www.nuevapescanova.com\/gl\/wp-json\/wp\/v2\/comments?post=16654"}],"version-history":[{"count":7,"href":"https:\/\/www.nuevapescanova.com\/gl\/wp-json\/wp\/v2\/pages\/16654\/revisions"}],"predecessor-version":[{"id":21163,"href":"https:\/\/www.nuevapescanova.com\/gl\/wp-json\/wp\/v2\/pages\/16654\/revisions\/21163"}],"up":[{"embeddable":true,"href":"https:\/\/www.nuevapescanova.com\/gl\/wp-json\/wp\/v2\/pages\/16636"}],"wp:attachment":[{"href":"https:\/\/www.nuevapescanova.com\/gl\/wp-json\/wp\/v2\/media?parent=16654"}],"curies":[{"name":"wp","href":"https:\/\/api.w.org\/{rel}","templated":true}]}}