{"id":16736,"date":"2017-12-19T10:22:46","date_gmt":"2017-12-19T10:22:46","guid":{"rendered":"http:\/\/www.nuevapescanova.com\/que-facemos\/pescamos\/"},"modified":"2025-10-16T15:11:45","modified_gmt":"2025-10-16T15:11:45","slug":"pescamos","status":"publish","type":"page","link":"https:\/\/www.nuevapescanova.com\/gl\/que-facemos-2\/pescamos\/","title":{"rendered":"Pescamos"},"content":{"rendered":"<section class=\"wpb-content-wrapper\"><p>[vc_row][vc_column width=&#8221;1\/2&#8243;][vc_column_text el_class=&#8221;titulo&#8221;]Pescamos[\/vc_column_text][\/vc_column][vc_column width=&#8221;1\/2&#8243;][vc_column_text el_class=&#8221;titulo-historia&#8221; css=&#8221;.vc_custom_1759159374341{margin-top: 40px !important;}&#8221;]<\/p>\n<p style=\"text-align: right;\"><strong>53<\/strong>\u00a0barcos no <strong>Hemisferio Sur<\/strong><\/p>\n<p>[\/vc_column_text][\/vc_column][\/vc_row][vc_row css=&#8221;.vc_custom_1516614379512{margin-top: 0px !important;margin-bottom: 0px !important;padding-top: 0px !important;padding-bottom: 0px !important;background-color: #ffffff !important;}&#8221;][vc_column][vc_row_inner css=&#8221;.vc_custom_1516436648202{margin-top: 0px !important;margin-bottom: 0px !important;padding-top: 0px !important;padding-bottom: 0px !important;}&#8221;][vc_column_inner][vc_column_text]<strong>Desde 1961 sucamos os mares<\/strong> en busca dos mellores caladoiros do mundo. Fomos <strong>pioneiros<\/strong> coa construci\u00f3n do <strong>primeiro buque en incorporar a tecnolox\u00eda de conxelaci\u00f3n a bordo<\/strong>. Segu\u00edronlle outros, que no seu momento foron os <strong>maiores barcos conxeladores do mundo, e pioneiros no procesado de peixe en alta mar<\/strong>.<\/p>\n<p>Actualmente, a nosa <strong>frota est\u00e1 composta por 53 buques<\/strong>, tanto conxeladores como fresqueiros, que pescan nos principais caladoiros do hemisferio sur, <strong>capturando e seleccionando as mellores especies mari\u00f1as<\/strong>. Arrastreiros, tangoneiros, poteiros e palangreiros especializados na pesca de pescada, rape, palometa e rosada en Namibia, lagostino e gamba en Mozambique, gamba vermella, gamba branca e cangrexo en Angola e gamb\u00f3n, pota e pescada negra, tam\u00e9n co\u00f1ecida como toothfish, en Arxentina.[\/vc_column_text][\/vc_column_inner][\/vc_row_inner][vc_row_inner][vc_column_inner width=&#8221;1\/2&#8243;][vc_column_text]<span class=\"titulo1\">Renovamos a nosa frota<\/span><\/p>\n<p>O noso claro compromiso coa <strong>Innovaci\u00f3n<\/strong> e a <strong>mellora constante<\/strong> en todos os nosos focos de actividade motivou a <strong>renovaci\u00f3n de parte da frota coa construci\u00f3n de novos buques<\/strong> para Namibia e Mozambique.[\/vc_column_text][\/vc_column_inner][vc_column_inner width=&#8221;1\/2&#8243;][vc_raw_html]JTNDdmlkZW8lMjBpZCUzRCUyMnNhbXBsZU1vdmllJTIyJTIwd2lkdGglM0QlMjI0NDAlMjIlMjBoZWlnaHQlM0QlMjIyNDglMjIlMjBwcmVsb2FkJTNEJTIyJTIyJTIwbG9vcCUyMGNvbnRyb2xzJTNEJTIyJTIyJTIwcG9zdGVyJTNEJTIyaHR0cCUzQSUyRiUyRnd3dy5udWV2YXBlc2Nhbm92YS5jb20lMkZudWV2YXBlc2Nhbm92YSUyRndwLWNvbnRlbnQlMkZ1cGxvYWRzJTJGMjAxOCUyRjAxJTJGcGVzY2Fub3ZhLXZpZGVvLmpwZyUyMiUzRSUwQSUwOSUzQ3NvdXJjZSUyMHNyYyUzRCUyMmh0dHAlM0ElMkYlMkZ3d3cubnVldmFwZXNjYW5vdmEuY29tJTJGbnVldmFwZXNjYW5vdmElMkZ3cC1jb250ZW50JTJGdXBsb2FkcyUyRjIwMTglMkYwMSUyRnBlc2Nhbm92YS5tcDQlMjIlMjB0eXBlJTNEJTIydmlkZW8lMkZtcDQlM0IlMjBjb2RlY3MlM0QlMjZxdW90JTNCYXZjMS40MkUwMUUlMkMlMjBtcDRhLjQwLjIlMjZxdW90JTNCJTIyJTNFJTBBJTA5JTNDc291cmNlJTIwc3JjJTNEJTIyaHR0cCUzQSUyRiUyRnd3dy5udWV2YXBlc2Nhbm92YS5jb20lMkZudWV2YXBlc2Nhbm92YSUyRndwLWNvbnRlbnQlMkZ1cGxvYWRzJTJGMjAxOCUyRjAxJTJGcGVzY2Fub3ZhLndlYm0lMjIlMjB0eXBlJTNEJTIydmlkZW8lMkZ3ZWJtJTNCJTIwY29kZWNzJTNEJTI2cXVvdCUzQnZwOCUyQyUyMHZvcmJpcyUyNnF1b3QlM0IlMjIlM0UlMEElM0MlMkZ2aWRlbyUzRQ==[\/vc_raw_html][\/vc_column_inner][\/vc_row_inner][vc_row_inner el_class=&#8221;sombra&#8221; css=&#8221;.vc_custom_1516614415691{margin-top: 0px !important;margin-bottom: 0px !important;padding-top: 0px !important;padding-bottom: 0px !important;}&#8221;][vc_column_inner][vc_single_image image=&#8221;31246&#8243; img_size=&#8221;full&#8221; alignment=&#8221;center&#8221; css=&#8221;.vc_custom_1677690412730{margin-top: 0px !important;margin-bottom: 0px !important;padding-top: 0px !important;padding-bottom: 0px !important;}&#8221;][\/vc_column_inner][\/vc_row_inner][\/vc_column][\/vc_row][vc_row][vc_column][vc_column_text el_class=&#8221;titulo&#8221;]Am\u00e9rica[\/vc_column_text][\/vc_column][\/vc_row][vc_row css=&#8221;.vc_custom_1516440124158{margin-top: 0px !important;margin-bottom: 0px !important;padding-top: 0px !important;padding-bottom: 0px !important;background-color: #ffffff !important;}&#8221;][vc_column][vc_row_inner css=&#8221;.vc_custom_1516439024274{margin-top: 0px !important;margin-bottom: 0px !important;padding-top: 0px !important;padding-bottom: 0px !important;}&#8221;][vc_column_inner width=&#8221;1\/6&#8243; css=&#8221;.vc_custom_1516440146501{margin-top: 0px !important;margin-bottom: 0px !important;padding-top: 0px !important;padding-bottom: 0px !important;}&#8221;][vc_column_text el_class=&#8221;titulo1&#8243;]ARGENOVA[\/vc_column_text][vc_empty_space height=&#8221;15px&#8221;][vc_single_image image=&#8221;23255&#8243; img_size=&#8221;full&#8221;][\/vc_column_inner][vc_column_inner width=&#8221;2\/6&#8243; css=&#8221;.vc_custom_1516440153762{margin-top: 0px !important;margin-bottom: 0px !important;padding-top: 0px !important;padding-bottom: 0px !important;}&#8221;][vc_column_text]Pos\u00fae unha das maiores frotas do Grupo e entre os produtos que pesca at\u00f3pase o gamb\u00f3n arxentino, a pota e a pescada negra, tam\u00e9n co\u00f1ecida como toothfish ou chilean seabass.<\/p>\n<p>Comezou as s\u00faas operaci\u00f3ns hai 30 anos, con base en Puerto Deseado, provincia de Santa Cruz, na Patagonia arxentina, onde conta cunha planta de proceso e un frigor\u00edfico. Conta ademais cunha frota composta por 16 buques, dos cales doce son tangoneas, dous poteiros, un arrastreiro e un palangreiro.[\/vc_column_text][\/vc_column_inner][vc_column_inner width=&#8221;3\/6&#8243; css=&#8221;.vc_custom_1516440131653{margin-top: 0px !important;margin-bottom: 0px !important;padding-top: 0px !important;padding-bottom: 0px !important;}&#8221;][vc_single_image image=&#8221;23256&#8243; img_size=&#8221;full&#8221;][\/vc_column_inner][\/vc_row_inner][\/vc_column][\/vc_row][vc_row][vc_column][vc_column_text el_class=&#8221;titulo&#8221;]\u00c1frica[\/vc_column_text][\/vc_column][\/vc_row][vc_row css=&#8221;.vc_custom_1516440124158{margin-top: 0px !important;margin-bottom: 0px !important;padding-top: 0px !important;padding-bottom: 0px !important;background-color: #ffffff !important;}&#8221;][vc_column][vc_row_inner css=&#8221;.vc_custom_1516439024274{margin-top: 0px !important;margin-bottom: 0px !important;padding-top: 0px !important;padding-bottom: 0px !important;}&#8221;][vc_column_inner width=&#8221;1\/6&#8243; css=&#8221;.vc_custom_1516440146501{margin-top: 0px !important;margin-bottom: 0px !important;padding-top: 0px !important;padding-bottom: 0px !important;}&#8221;][vc_column_text el_class=&#8221;titulo1&#8243; css=&#8221;.vc_custom_1677673292990{padding-bottom: 25px !important;}&#8221;]NOVA PESQUEIRA LOBITO[\/vc_column_text][vc_single_image image=&#8221;23255&#8243; img_size=&#8221;full&#8221;][\/vc_column_inner][vc_column_inner width=&#8221;2\/6&#8243; css=&#8221;.vc_custom_1516440153762{margin-top: 0px !important;margin-bottom: 0px !important;padding-top: 0px !important;padding-bottom: 0px !important;}&#8221;][vc_column_text]Situada en Benguela (Angola), \u00e9 unha das pesqueiras do Grupo no continente africano e est\u00e1 especializada na captura de gamba vermella, gamba branca e cangrexo.[\/vc_column_text][\/vc_column_inner][vc_column_inner width=&#8221;3\/6&#8243; css=&#8221;.vc_custom_1516440131653{margin-top: 0px !important;margin-bottom: 0px !important;padding-top: 0px !important;padding-bottom: 0px !important;}&#8221;][vc_single_image image=&#8221;23265&#8243; img_size=&#8221;full&#8221;][\/vc_column_inner][\/vc_row_inner][vc_separator][vc_row_inner css=&#8221;.vc_custom_1516439024274{margin-top: 0px !important;margin-bottom: 0px !important;padding-top: 0px !important;padding-bottom: 0px !important;}&#8221;][vc_column_inner width=&#8221;1\/6&#8243; css=&#8221;.vc_custom_1516440146501{margin-top: 0px !important;margin-bottom: 0px !important;padding-top: 0px !important;padding-bottom: 0px !important;}&#8221;][vc_column_text el_class=&#8221;titulo1&#8243;]NOVANAM[\/vc_column_text][vc_empty_space height=&#8221;15px&#8221;][vc_single_image image=&#8221;23255&#8243; img_size=&#8221;full&#8221;][\/vc_column_inner][vc_column_inner width=&#8221;2\/6&#8243; css=&#8221;.vc_custom_1516440153762{margin-top: 0px !important;margin-bottom: 0px !important;padding-top: 0px !important;padding-bottom: 0px !important;}&#8221;][vc_column_text]Os seus barcos fresqueiros descargan nos peiraos namibios fundamentalmente pescada, a\u00ednda que tam\u00e9n se procesa e comercializa o \u2018bycatch\u2019, integrado na s\u00faa maior\u00eda por rape, palometa ou rosada. Conta con d\u00faas f\u00e1bricas en Namibia, unha en Walvis Bay e outra en L\u00fcderitz; esta \u00faltima \u00e9 o maior centro de procesado de pescada de toda \u00c1frica.[\/vc_column_text][\/vc_column_inner][vc_column_inner width=&#8221;3\/6&#8243; css=&#8221;.vc_custom_1516440131653{margin-top: 0px !important;margin-bottom: 0px !important;padding-top: 0px !important;padding-bottom: 0px !important;}&#8221;][vc_single_image image=&#8221;23264&#8243; img_size=&#8221;full&#8221;][\/vc_column_inner][\/vc_row_inner][vc_separator][vc_row_inner el_class=&#8221;sombra&#8221; css=&#8221;.vc_custom_1516440118212{margin-top: 0px !important;margin-bottom: 0px !important;padding-top: 0px !important;padding-bottom: 0px !important;}&#8221;][vc_column_inner width=&#8221;1\/6&#8243; css=&#8221;.vc_custom_1516440474475{margin-top: 0px !important;margin-bottom: 0px !important;padding-top: 0px !important;padding-bottom: 0px !important;}&#8221;][vc_column_text el_class=&#8221;titulo1&#8243; css=&#8221;.vc_custom_1516458316221{margin-top: 0px !important;padding-top: 0px !important;}&#8221;]PESCAMAR[\/vc_column_text][vc_empty_space height=&#8221;15px&#8221;][vc_single_image image=&#8221;23255&#8243; img_size=&#8221;full&#8221; css=&#8221;.vc_custom_1516440455262{margin-bottom: 0px !important;padding-bottom: 0px !important;}&#8221;][\/vc_column_inner][vc_column_inner width=&#8221;2\/6&#8243;][vc_column_text css=&#8221;.vc_custom_1642417616461{margin-top: 0px !important;margin-bottom: 0px !important;padding-top: 0px !important;padding-bottom: 0px !important;}&#8221;]Situada en Beira (Mozambique), pos\u00fae a maior frota pesqueira do Grupo, sumando 30 barcos. Iniciou a s\u00faa actividade en 1980 e est\u00e1 especializada na pesca de diversas especies de lagostino, fundamentalmente jumbo, tigre, banana e Brown.[\/vc_column_text][\/vc_column_inner][vc_column_inner width=&#8221;3\/6&#8243; css=&#8221;.vc_custom_1516440435315{margin-top: 0px !important;margin-bottom: 0px !important;padding-top: 0px !important;padding-bottom: 0px !important;}&#8221;][vc_single_image image=&#8221;23260&#8243; img_size=&#8221;full&#8221; css=&#8221;.vc_custom_1516458456542{margin-top: 0px !important;margin-bottom: 0px !important;padding-top: 0px !important;padding-bottom: 0px !important;}&#8221;][\/vc_column_inner][\/vc_row_inner][\/vc_column][\/vc_row][vc_row][vc_column][vc_empty_space height=&#8221;60px&#8221;][\/vc_column][\/vc_row]<\/p>\n<\/section>","protected":false},"excerpt":{"rendered":"<p>[vc_row][vc_column width=&#8221;1\/2&#8243;][vc_column_text el_class=&#8221;titulo&#8221;]Pescamos[\/vc_column_text][\/vc_column][vc_column width=&#8221;1\/2&#8243;][vc_column_text el_class=&#8221;titulo-historia&#8221; css=&#8221;.vc_custom_1759159374341{margin-top: 40px !important;}&#8221;] 53\u00a0barcos no Hemisferio Sur [\/vc_column_text][\/vc_column][\/vc_row][vc_row css=&#8221;.vc_custom_1516614379512{margin-top: 0px !important;margin-bottom: 0px !important;padding-top: 0px !important;padding-bottom: 0px !important;background-color: #ffffff !important;}&#8221;][vc_column][vc_row_inner css=&#8221;.vc_custom_1516436648202{margin-top: 0px<span class=\"excerpt-hellip\"> [\u2026]<\/span><\/p>\n","protected":false},"author":3,"featured_media":0,"parent":16731,"menu_order":1,"comment_status":"closed","ping_status":"closed","template":"","meta":{"_acf_changed":false,"footnotes":""},"class_list":["post-16736","page","type-page","status-publish","hentry"],"acf":[],"yoast_head":"<!-- This site is optimized with the Yoast SEO plugin v25.9 - https:\/\/yoast.com\/wordpress\/plugins\/seo\/ -->\n<title>Pescamos - Nueva Pescanova<\/title>\n<meta name=\"robots\" content=\"index, follow, max-snippet:-1, max-image-preview:large, max-video-preview:-1\" \/>\n<link rel=\"canonical\" href=\"https:\/\/www.nuevapescanova.com\/gl\/que-facemos-2\/pescamos\/\" \/>\n<meta property=\"og:locale\" content=\"gl_ES\" \/>\n<meta property=\"og:type\" content=\"article\" \/>\n<meta property=\"og:title\" content=\"Pescamos - Nueva Pescanova\" \/>\n<meta property=\"og:description\" content=\"[vc_row][vc_column width=&#8221;1\/2&#8243;][vc_column_text el_class=&#8221;titulo&#8221;]Pescamos[\/vc_column_text][\/vc_column][vc_column width=&#8221;1\/2&#8243;][vc_column_text el_class=&#8221;titulo-historia&#8221; css=&#8221;.vc_custom_1759159374341{margin-top: 40px !important;}&#8221;] 53\u00a0barcos no Hemisferio Sur [\/vc_column_text][\/vc_column][\/vc_row][vc_row css=&#8221;.vc_custom_1516614379512{margin-top: 0px !important;margin-bottom: 0px !important;padding-top: 0px !important;padding-bottom: 0px !important;background-color: #ffffff !important;}&#8221;][vc_column][vc_row_inner css=&#8221;.vc_custom_1516436648202{margin-top: 0px [\u2026]\" \/>\n<meta property=\"og:url\" content=\"https:\/\/www.nuevapescanova.com\/gl\/que-facemos-2\/pescamos\/\" \/>\n<meta property=\"og:site_name\" content=\"Nueva Pescanova\" \/>\n<meta property=\"article:modified_time\" content=\"2025-10-16T15:11:45+00:00\" \/>\n<meta name=\"twitter:card\" content=\"summary_large_image\" \/>\n<meta name=\"twitter:site\" content=\"@PescanovaCorp\" \/>\n<meta name=\"twitter:label1\" content=\"Est. reading time\" \/>\n\t<meta name=\"twitter:data1\" content=\"5 minutes\" \/>\n<script type=\"application\/ld+json\" class=\"yoast-schema-graph\">{\"@context\":\"https:\/\/schema.org\",\"@graph\":[{\"@type\":\"WebPage\",\"@id\":\"https:\/\/www.nuevapescanova.com\/gl\/que-facemos-2\/pescamos\/\",\"url\":\"https:\/\/www.nuevapescanova.com\/gl\/que-facemos-2\/pescamos\/\",\"name\":\"Pescamos - Nueva Pescanova\",\"isPartOf\":{\"@id\":\"https:\/\/www.nuevapescanova.com\/#website\"},\"datePublished\":\"2017-12-19T10:22:46+00:00\",\"dateModified\":\"2025-10-16T15:11:45+00:00\",\"breadcrumb\":{\"@id\":\"https:\/\/www.nuevapescanova.com\/gl\/que-facemos-2\/pescamos\/#breadcrumb\"},\"inLanguage\":\"gl-ES\",\"potentialAction\":[{\"@type\":\"ReadAction\",\"target\":[\"https:\/\/www.nuevapescanova.com\/gl\/que-facemos-2\/pescamos\/\"]}]},{\"@type\":\"BreadcrumbList\",\"@id\":\"https:\/\/www.nuevapescanova.com\/gl\/que-facemos-2\/pescamos\/#breadcrumb\",\"itemListElement\":[{\"@type\":\"ListItem\",\"position\":1,\"name\":\"Portada\",\"item\":\"https:\/\/www.nuevapescanova.com\/gl\/\"},{\"@type\":\"ListItem\",\"position\":2,\"name\":\"Que facemos\",\"item\":\"https:\/\/www.nuevapescanova.com\/gl\/que-facemos-2\/\"},{\"@type\":\"ListItem\",\"position\":3,\"name\":\"Pescamos\"}]},{\"@type\":\"WebSite\",\"@id\":\"https:\/\/www.nuevapescanova.com\/#website\",\"url\":\"https:\/\/www.nuevapescanova.com\/\",\"name\":\"Nueva Pescanova\",\"description\":\"\",\"publisher\":{\"@id\":\"https:\/\/www.nuevapescanova.com\/#organization\"},\"potentialAction\":[{\"@type\":\"SearchAction\",\"target\":{\"@type\":\"EntryPoint\",\"urlTemplate\":\"https:\/\/www.nuevapescanova.com\/?s={search_term_string}\"},\"query-input\":{\"@type\":\"PropertyValueSpecification\",\"valueRequired\":true,\"valueName\":\"search_term_string\"}}],\"inLanguage\":\"gl-ES\"},{\"@type\":\"Organization\",\"@id\":\"https:\/\/www.nuevapescanova.com\/#organization\",\"name\":\"Nueva Pescanova\",\"url\":\"https:\/\/www.nuevapescanova.com\/\",\"logo\":{\"@type\":\"ImageObject\",\"inLanguage\":\"gl-ES\",\"@id\":\"https:\/\/www.nuevapescanova.com\/#\/schema\/logo\/image\/\",\"url\":\"https:\/\/www.nuevapescanova.com\/nuevapescanova\/wp-content\/uploads\/2023\/06\/Logo-Grupo-Nueva-Pescanova.jpg\",\"contentUrl\":\"https:\/\/www.nuevapescanova.com\/nuevapescanova\/wp-content\/uploads\/2023\/06\/Logo-Grupo-Nueva-Pescanova.jpg\",\"width\":800,\"height\":398,\"caption\":\"Nueva Pescanova\"},\"image\":{\"@id\":\"https:\/\/www.nuevapescanova.com\/#\/schema\/logo\/image\/\"},\"sameAs\":[\"https:\/\/x.com\/PescanovaCorp\",\"https:\/\/www.linkedin.com\/company\/nuevapescanova\/?originalSubdomain=es\"]}]}<\/script>\n<!-- \/ Yoast SEO plugin. -->","yoast_head_json":{"title":"Pescamos - Nueva Pescanova","robots":{"index":"index","follow":"follow","max-snippet":"max-snippet:-1","max-image-preview":"max-image-preview:large","max-video-preview":"max-video-preview:-1"},"canonical":"https:\/\/www.nuevapescanova.com\/gl\/que-facemos-2\/pescamos\/","og_locale":"gl_ES","og_type":"article","og_title":"Pescamos - Nueva Pescanova","og_description":"[vc_row][vc_column width=&#8221;1\/2&#8243;][vc_column_text el_class=&#8221;titulo&#8221;]Pescamos[\/vc_column_text][\/vc_column][vc_column width=&#8221;1\/2&#8243;][vc_column_text el_class=&#8221;titulo-historia&#8221; css=&#8221;.vc_custom_1759159374341{margin-top: 40px !important;}&#8221;] 53\u00a0barcos no Hemisferio Sur [\/vc_column_text][\/vc_column][\/vc_row][vc_row css=&#8221;.vc_custom_1516614379512{margin-top: 0px !important;margin-bottom: 0px !important;padding-top: 0px !important;padding-bottom: 0px !important;background-color: #ffffff !important;}&#8221;][vc_column][vc_row_inner css=&#8221;.vc_custom_1516436648202{margin-top: 0px [\u2026]","og_url":"https:\/\/www.nuevapescanova.com\/gl\/que-facemos-2\/pescamos\/","og_site_name":"Nueva Pescanova","article_modified_time":"2025-10-16T15:11:45+00:00","twitter_card":"summary_large_image","twitter_site":"@PescanovaCorp","twitter_misc":{"Est. reading time":"5 minutes"},"schema":{"@context":"https:\/\/schema.org","@graph":[{"@type":"WebPage","@id":"https:\/\/www.nuevapescanova.com\/gl\/que-facemos-2\/pescamos\/","url":"https:\/\/www.nuevapescanova.com\/gl\/que-facemos-2\/pescamos\/","name":"Pescamos - Nueva Pescanova","isPartOf":{"@id":"https:\/\/www.nuevapescanova.com\/#website"},"datePublished":"2017-12-19T10:22:46+00:00","dateModified":"2025-10-16T15:11:45+00:00","breadcrumb":{"@id":"https:\/\/www.nuevapescanova.com\/gl\/que-facemos-2\/pescamos\/#breadcrumb"},"inLanguage":"gl-ES","potentialAction":[{"@type":"ReadAction","target":["https:\/\/www.nuevapescanova.com\/gl\/que-facemos-2\/pescamos\/"]}]},{"@type":"BreadcrumbList","@id":"https:\/\/www.nuevapescanova.com\/gl\/que-facemos-2\/pescamos\/#breadcrumb","itemListElement":[{"@type":"ListItem","position":1,"name":"Portada","item":"https:\/\/www.nuevapescanova.com\/gl\/"},{"@type":"ListItem","position":2,"name":"Que facemos","item":"https:\/\/www.nuevapescanova.com\/gl\/que-facemos-2\/"},{"@type":"ListItem","position":3,"name":"Pescamos"}]},{"@type":"WebSite","@id":"https:\/\/www.nuevapescanova.com\/#website","url":"https:\/\/www.nuevapescanova.com\/","name":"Nueva Pescanova","description":"","publisher":{"@id":"https:\/\/www.nuevapescanova.com\/#organization"},"potentialAction":[{"@type":"SearchAction","target":{"@type":"EntryPoint","urlTemplate":"https:\/\/www.nuevapescanova.com\/?s={search_term_string}"},"query-input":{"@type":"PropertyValueSpecification","valueRequired":true,"valueName":"search_term_string"}}],"inLanguage":"gl-ES"},{"@type":"Organization","@id":"https:\/\/www.nuevapescanova.com\/#organization","name":"Nueva Pescanova","url":"https:\/\/www.nuevapescanova.com\/","logo":{"@type":"ImageObject","inLanguage":"gl-ES","@id":"https:\/\/www.nuevapescanova.com\/#\/schema\/logo\/image\/","url":"https:\/\/www.nuevapescanova.com\/nuevapescanova\/wp-content\/uploads\/2023\/06\/Logo-Grupo-Nueva-Pescanova.jpg","contentUrl":"https:\/\/www.nuevapescanova.com\/nuevapescanova\/wp-content\/uploads\/2023\/06\/Logo-Grupo-Nueva-Pescanova.jpg","width":800,"height":398,"caption":"Nueva Pescanova"},"image":{"@id":"https:\/\/www.nuevapescanova.com\/#\/schema\/logo\/image\/"},"sameAs":["https:\/\/x.com\/PescanovaCorp","https:\/\/www.linkedin.com\/company\/nuevapescanova\/?originalSubdomain=es"]}]}},"_links":{"self":[{"href":"https:\/\/www.nuevapescanova.com\/gl\/wp-json\/wp\/v2\/pages\/16736","targetHints":{"allow":["GET"]}}],"collection":[{"href":"https:\/\/www.nuevapescanova.com\/gl\/wp-json\/wp\/v2\/pages"}],"about":[{"href":"https:\/\/www.nuevapescanova.com\/gl\/wp-json\/wp\/v2\/types\/page"}],"author":[{"embeddable":true,"href":"https:\/\/www.nuevapescanova.com\/gl\/wp-json\/wp\/v2\/users\/3"}],"replies":[{"embeddable":true,"href":"https:\/\/www.nuevapescanova.com\/gl\/wp-json\/wp\/v2\/comments?post=16736"}],"version-history":[{"count":18,"href":"https:\/\/www.nuevapescanova.com\/gl\/wp-json\/wp\/v2\/pages\/16736\/revisions"}],"predecessor-version":[{"id":46667,"href":"https:\/\/www.nuevapescanova.com\/gl\/wp-json\/wp\/v2\/pages\/16736\/revisions\/46667"}],"up":[{"embeddable":true,"href":"https:\/\/www.nuevapescanova.com\/gl\/wp-json\/wp\/v2\/pages\/16731"}],"wp:attachment":[{"href":"https:\/\/www.nuevapescanova.com\/gl\/wp-json\/wp\/v2\/media?parent=16736"}],"curies":[{"name":"wp","href":"https:\/\/api.w.org\/{rel}","templated":true}]}}