{"id":16743,"date":"2017-12-19T17:04:09","date_gmt":"2017-12-19T17:04:09","guid":{"rendered":"http:\/\/www.nuevapescanova.com\/que-facemos\/comercializamos\/"},"modified":"2025-10-16T10:47:53","modified_gmt":"2025-10-16T10:47:53","slug":"comercializamos","status":"publish","type":"page","link":"https:\/\/www.nuevapescanova.com\/gl\/que-facemos-2\/comercializamos\/","title":{"rendered":"Comercializamos"},"content":{"rendered":"<section class=\"wpb-content-wrapper\"><p>[vc_row][vc_column width=&#8221;1\/2&#8243;][vc_column_text el_class=&#8221;titulo&#8221;]Comercializamos[\/vc_column_text][\/vc_column][vc_column width=&#8221;1\/2&#8243;][vc_column_text el_class=&#8221;titulo-historia&#8221; css=&#8221;.vc_custom_1519667501913{margin-top: 40px !important;}&#8221;]<\/p>\n<p style=\"text-align: right;\">Te llevamos la <strong>frescura<\/strong> del <strong>mar<\/strong><\/p>\n<p>[\/vc_column_text][\/vc_column][\/vc_row][vc_row css=&#8221;.vc_custom_1516436638933{margin-top: 0px !important;margin-bottom: 0px !important;padding-top: 0px !important;padding-bottom: 0px !important;background-color: #ffffff !important;}&#8221;][vc_column][vc_row_inner css=&#8221;.vc_custom_1516473622805{margin-top: 0px !important;margin-bottom: 0px !important;padding-top: 0px !important;padding-bottom: 0px !important;}&#8221; el_class=&#8221;sombra&#8221;][vc_column_inner css=&#8221;.vc_custom_1516473631873{margin-bottom: 0px !important;padding-bottom: 0px !important;}&#8221;][vc_column_text]Levamos m\u00e1is de 60 anos achegando os <strong>mellores produtos do mar a mill\u00f3ns de fogares de todo o mundo<\/strong>, facendo da <strong>innovaci\u00f3n<\/strong>, a frescura e a <strong>calidade<\/strong> os sinais de identidade da marca Pescanova. Hoxe, os nosos produtos est\u00e1n presentes en <strong>80 pa\u00edses de 5 continentes<\/strong>.<\/p>\n<p>Fomos os primeiros en introducir os produtos do mar conxelados en Espa\u00f1a e noutros moitos pa\u00edses. Desde ent\u00f3n, sempre tentamos a<strong>diantarnos \u00e1s novas tendencias de consumo, <\/strong>con<strong> produtos frescos e listos para tomar, pratos f\u00e1ciles de preparar e que se adaptan aos \u00faltimos h\u00e1bitos de consumo<\/strong>, como os momentos de \u201caperitivo no fogar\u201d, sen renunciar \u00e1 sa\u00fade e ao pracer.[\/vc_column_text][vc_column_text][\/vc_column_text][\/vc_column_inner][\/vc_row_inner][\/vc_column][\/vc_row][vc_row][vc_column][vc_column_text el_class=&#8221;titulo&#8221;]Oficinas comerciais[\/vc_column_text][\/vc_column][\/vc_row][vc_row css=&#8221;.vc_custom_1516440124158{margin-top: 0px !important;margin-bottom: 0px !important;padding-top: 0px !important;padding-bottom: 0px !important;background-color: #ffffff !important;}&#8221;][vc_column][vc_single_image image=&#8221;1884&#8243; img_size=&#8221;full&#8221; css=&#8221;.vc_custom_1517144033637{margin-bottom: 0px !important;padding-bottom: 0px !important;}&#8221;][vc_row_inner equal_height=&#8221;yes&#8221; content_placement=&#8221;top&#8221; css=&#8221;.vc_custom_1516614228447{margin-top: 0px !important;margin-bottom: 0px !important;padding-top: 0px !important;padding-bottom: 0px !important;}&#8221;][vc_column_inner width=&#8221;1\/3&#8243; css=&#8221;.vc_custom_1516440146501{margin-top: 0px !important;margin-bottom: 0px !important;padding-top: 0px !important;padding-bottom: 0px !important;}&#8221;][vc_column_text css=&#8221;.vc_custom_1517171108768{margin-top: 0px !important;margin-bottom: 0px !important;padding-top: 0px !important;padding-bottom: 0px !important;}&#8221;]<\/p>\n<h4>Oficina Comercial Chapela<\/h4>\n<p>R\u00faa Jos\u00e9 Fern\u00e1ndez L\u00f3pez s\/n<br \/>\n36320 Chapela. Redondela.<\/p>\n<p>ESPA\u00d1A<\/p>\n<p><a href=\"http:\/\/www.pescanova.es\" target=\"_blank\" rel=\"noopener noreferrer\">www.pescanova.es<\/a>[\/vc_column_text][\/vc_column_inner][vc_column_inner width=&#8221;1\/3&#8243; css=&#8221;.vc_custom_1516440153762{margin-top: 0px !important;margin-bottom: 0px !important;padding-top: 0px !important;padding-bottom: 0px !important;}&#8221;][vc_column_text css=&#8221;.vc_custom_1728315063664{margin-top: 0px !important;margin-bottom: 0px !important;padding-top: 0px !important;padding-bottom: 0px !important;}&#8221;]<\/p>\n<h4>Oficina Comercial Madrid \u00c1rea Trading-Mayor (Global Sales)<\/h4>\n<p>C\/ Enrique Larreta, 3 \u2013 1\u00ba A.<br \/>\n28036 Madrid<\/p>\n<p>ESPA\u00d1A[\/vc_column_text][\/vc_column_inner][vc_column_inner width=&#8221;1\/3&#8243;][vc_column_text css=&#8221;.vc_custom_1574412769901{margin-top: 0px !important;margin-bottom: 0px !important;padding-top: 0px !important;padding-bottom: 0px !important;}&#8221;]<\/p>\n<h4>Nueva Pescanova France<\/h4>\n<p>5 Chemin Des Presses<br \/>\nTechnopolis \u2013 BAT P<br \/>\n06800 Cagnes-Sur-Mer<\/p>\n<p>FRANCIA<\/p>\n<p><a href=\"http:\/\/www.pescanova.fr\" target=\"_blank\" rel=\"noopener noreferrer\">www.pescanova.fr<\/a>[\/vc_column_text][\/vc_column_inner][\/vc_row_inner][vc_row_inner equal_height=&#8221;yes&#8221; content_placement=&#8221;top&#8221; css=&#8221;.vc_custom_1517171230655{margin-top: 40px !important;margin-bottom: 0px !important;padding-top: 0px !important;padding-bottom: 0px !important;}&#8221;][vc_column_inner width=&#8221;1\/3&#8243; css=&#8221;.vc_custom_1516440146501{margin-top: 0px !important;margin-bottom: 0px !important;padding-top: 0px !important;padding-bottom: 0px !important;}&#8221;][vc_column_text css=&#8221;.vc_custom_1574353794515{margin-top: 0px !important;margin-bottom: 0px !important;padding-top: 0px !important;padding-bottom: 0px !important;}&#8221;]<\/p>\n<h4>Pescanova Hellas<\/h4>\n<p>53 Pentelis Ave. &amp; 16-18 Patroklou Str.<br \/>\n15235, Vrilissia.<br \/>\nAthens<\/p>\n<p>GRECIA<\/p>\n<p><a href=\"http:\/\/www.pescanova.gr\" target=\"_blank\" rel=\"noopener noreferrer\">www.pescanova.gr<\/a>[\/vc_column_text][\/vc_column_inner][vc_column_inner width=&#8221;1\/3&#8243; css=&#8221;.vc_custom_1516440153762{margin-top: 0px !important;margin-bottom: 0px !important;padding-top: 0px !important;padding-bottom: 0px !important;}&#8221;][vc_column_text css=&#8221;.vc_custom_1574353757618{margin-top: 0px !important;margin-bottom: 0px !important;padding-top: 0px !important;padding-bottom: 0px !important;}&#8221;]<\/p>\n<h4>Pescanova Italia, S.A<\/h4>\n<p>Via Ugo Bassi, 7<br \/>\n40121 Bologna (BO)<\/p>\n<p>ITALIA<\/p>\n<p><a href=\"http:\/\/www.pescanova.it\" target=\"_blank\" rel=\"noopener noreferrer\">www.pescanova.it<\/a>[\/vc_column_text][\/vc_column_inner][vc_column_inner width=&#8221;1\/3&#8243;][vc_column_text]<\/p>\n<h4>Novaper\u00fa<\/h4>\n<p>Parque Industrial Indupark. Manzana G. Lotes 2 y 3<br \/>\n<span dir=\"ltr\">Chilca. Lima. Per\u00fa<br \/>\nTel: (+511) 617 4200<br \/>\n<a href=\"https:\/\/www.pescanova.pe\/\" target=\"_blank\" rel=\"noopener\">https:\/\/www.pescanova.pe\/<\/a><\/span>[\/vc_column_text][\/vc_column_inner][\/vc_row_inner][vc_row_inner equal_height=&#8221;yes&#8221; content_placement=&#8221;top&#8221; css=&#8221;.vc_custom_1517171230655{margin-top: 40px !important;margin-bottom: 0px !important;padding-top: 0px !important;padding-bottom: 0px !important;}&#8221;][vc_column_inner width=&#8221;1\/3&#8243; css=&#8221;.vc_custom_1516440146501{margin-top: 0px !important;margin-bottom: 0px !important;padding-top: 0px !important;padding-bottom: 0px !important;}&#8221;][vc_column_text css=&#8221;.vc_custom_1729527273857{margin-top: 0px !important;margin-bottom: 0px !important;padding-top: 0px !important;padding-bottom: 0px !important;}&#8221;]<\/p>\n<h4>Pescanova USA<\/h4>\n<p>201 South Biscayne Boulevard, Suite 730<br \/>\nMiami, FL 33131<\/p>\n<p>EEUU<\/p>\n<p><a href=\"http:\/\/www.pescanovausa.com\" target=\"_blank\" rel=\"noopener noreferrer\">www.pescanovausa.com<\/a>[\/vc_column_text][\/vc_column_inner][vc_column_inner width=&#8221;1\/3&#8243;][vc_column_text]<\/p>\n<h4>Nueva Pescanova South Africa<\/h4>\n<p>Unit 8, Tyger Quays, Tyger waterfront<br \/>\nBellville, 7550<\/p>\n<p>SUD\u00c1FRICA<\/p>\n<p><a href=\"http:\/\/www.pescanovaweb.co.za\" target=\"_blank\" rel=\"noopener\">www.pescanovaweb.co.za<\/a>[\/vc_column_text][\/vc_column_inner][vc_column_inner width=&#8221;1\/3&#8243;][vc_column_text]<\/p>\n<h4>Pescanova Portugal<\/h4>\n<p>Avenida Da Republica 1, B-4 1495-110, Alg\u00e9s<\/p>\n<p>PORTUGAL<\/p>\n<p><a href=\"http:\/\/www.pescanova.pt\" target=\"_blank\" rel=\"noopener noreferrer\">www.pescanova.pt<\/a>[\/vc_column_text][\/vc_column_inner][\/vc_row_inner][\/vc_column][\/vc_row][vc_row][vc_column][vc_column_text el_class=&#8221;titulo&#8221;]Fish Solutions[\/vc_column_text][\/vc_column][\/vc_row][vc_row css=&#8221;.vc_custom_1516440124158{margin-top: 0px !important;margin-bottom: 0px !important;padding-top: 0px !important;padding-bottom: 0px !important;background-color: #ffffff !important;}&#8221;][vc_column][vc_row_inner css=&#8221;.vc_custom_1517171236303{margin-top: 40px !important;margin-bottom: 0px !important;padding-top: 0px !important;padding-bottom: 0px !important;}&#8221; el_class=&#8221;sombra&#8221;][vc_column_inner width=&#8221;1\/4&#8243; css=&#8221;.vc_custom_1516440146501{margin-top: 0px !important;margin-bottom: 0px !important;padding-top: 0px !important;padding-bottom: 0px !important;}&#8221;][vc_single_image image=&#8221;18384&#8243; img_size=&#8221;full&#8221;][\/vc_column_inner][vc_column_inner width=&#8221;3\/4&#8243; css=&#8221;.vc_custom_1516440153762{margin-top: 0px !important;margin-bottom: 0px !important;padding-top: 0px !important;padding-bottom: 0px !important;}&#8221;][vc_column_text css=&#8221;.vc_custom_1612367778511{margin-top: 0px !important;margin-bottom: 0px !important;padding-top: 0px !important;padding-bottom: 0px !important;}&#8221;]<a href=\"https:\/\/fishsolutions.pescanova.es\/\" target=\"_blank\" rel=\"noopener\">Fish Solutions<\/a> \u00e9 a p\u00e1xina web que creamos especificamente para o sector hostaleiro. O seu obxectivo \u00e9 apoiar aos profesionais cunha oferta de produtos e cun asesoramento especializado para a xesti\u00f3n do seu negocio.<\/p>\n<p>&nbsp;<\/p>\n<p>M\u00e1is informaci\u00f3n en <a href=\"https:\/\/fishsolutions.pescanova.es\/\" target=\"_blank\" rel=\"noopener\">fishsolutions.pescanova.es<\/a><\/p>\n<p>[\/vc_column_text][\/vc_column_inner][\/vc_row_inner][\/vc_column][\/vc_row][vc_row][vc_column][vc_empty_space height=&#8221;60px&#8221;][\/vc_column][\/vc_row]<\/p>\n<\/section>","protected":false},"excerpt":{"rendered":"<p>[vc_row][vc_column width=&#8221;1\/2&#8243;][vc_column_text el_class=&#8221;titulo&#8221;]Comercializamos[\/vc_column_text][\/vc_column][vc_column width=&#8221;1\/2&#8243;][vc_column_text el_class=&#8221;titulo-historia&#8221; css=&#8221;.vc_custom_1519667501913{margin-top: 40px !important;}&#8221;] Te llevamos la frescura del mar [\/vc_column_text][\/vc_column][\/vc_row][vc_row css=&#8221;.vc_custom_1516436638933{margin-top: 0px !important;margin-bottom: 0px !important;padding-top: 0px !important;padding-bottom: 0px !important;background-color: #ffffff !important;}&#8221;][vc_column][vc_row_inner<span class=\"excerpt-hellip\"> [\u2026]<\/span><\/p>\n","protected":false},"author":3,"featured_media":0,"parent":16731,"menu_order":4,"comment_status":"closed","ping_status":"closed","template":"","meta":{"_acf_changed":false,"footnotes":""},"class_list":["post-16743","page","type-page","status-publish","hentry"],"acf":[],"yoast_head":"<!-- This site is optimized with the Yoast SEO plugin v25.9 - https:\/\/yoast.com\/wordpress\/plugins\/seo\/ -->\n<title>Comercializamos - Nueva Pescanova<\/title>\n<meta name=\"robots\" content=\"index, follow, max-snippet:-1, max-image-preview:large, max-video-preview:-1\" \/>\n<link rel=\"canonical\" href=\"https:\/\/www.nuevapescanova.com\/gl\/que-facemos-2\/comercializamos\/\" \/>\n<meta property=\"og:locale\" content=\"gl_ES\" \/>\n<meta property=\"og:type\" content=\"article\" \/>\n<meta property=\"og:title\" content=\"Comercializamos - Nueva Pescanova\" \/>\n<meta property=\"og:description\" content=\"[vc_row][vc_column width=&#8221;1\/2&#8243;][vc_column_text el_class=&#8221;titulo&#8221;]Comercializamos[\/vc_column_text][\/vc_column][vc_column width=&#8221;1\/2&#8243;][vc_column_text el_class=&#8221;titulo-historia&#8221; css=&#8221;.vc_custom_1519667501913{margin-top: 40px !important;}&#8221;] Te llevamos la frescura del mar [\/vc_column_text][\/vc_column][\/vc_row][vc_row css=&#8221;.vc_custom_1516436638933{margin-top: 0px !important;margin-bottom: 0px !important;padding-top: 0px !important;padding-bottom: 0px !important;background-color: #ffffff !important;}&#8221;][vc_column][vc_row_inner [\u2026]\" \/>\n<meta property=\"og:url\" content=\"https:\/\/www.nuevapescanova.com\/gl\/que-facemos-2\/comercializamos\/\" \/>\n<meta property=\"og:site_name\" content=\"Nueva Pescanova\" \/>\n<meta property=\"article:modified_time\" content=\"2025-10-16T10:47:53+00:00\" \/>\n<meta name=\"twitter:card\" content=\"summary_large_image\" \/>\n<meta name=\"twitter:site\" content=\"@PescanovaCorp\" \/>\n<meta name=\"twitter:label1\" content=\"Est. reading time\" \/>\n\t<meta name=\"twitter:data1\" content=\"3 minutes\" \/>\n<script type=\"application\/ld+json\" class=\"yoast-schema-graph\">{\"@context\":\"https:\/\/schema.org\",\"@graph\":[{\"@type\":\"WebPage\",\"@id\":\"https:\/\/www.nuevapescanova.com\/gl\/que-facemos-2\/comercializamos\/\",\"url\":\"https:\/\/www.nuevapescanova.com\/gl\/que-facemos-2\/comercializamos\/\",\"name\":\"Comercializamos - Nueva Pescanova\",\"isPartOf\":{\"@id\":\"https:\/\/www.nuevapescanova.com\/#website\"},\"datePublished\":\"2017-12-19T17:04:09+00:00\",\"dateModified\":\"2025-10-16T10:47:53+00:00\",\"breadcrumb\":{\"@id\":\"https:\/\/www.nuevapescanova.com\/gl\/que-facemos-2\/comercializamos\/#breadcrumb\"},\"inLanguage\":\"gl-ES\",\"potentialAction\":[{\"@type\":\"ReadAction\",\"target\":[\"https:\/\/www.nuevapescanova.com\/gl\/que-facemos-2\/comercializamos\/\"]}]},{\"@type\":\"BreadcrumbList\",\"@id\":\"https:\/\/www.nuevapescanova.com\/gl\/que-facemos-2\/comercializamos\/#breadcrumb\",\"itemListElement\":[{\"@type\":\"ListItem\",\"position\":1,\"name\":\"Portada\",\"item\":\"https:\/\/www.nuevapescanova.com\/gl\/\"},{\"@type\":\"ListItem\",\"position\":2,\"name\":\"Que facemos\",\"item\":\"https:\/\/www.nuevapescanova.com\/gl\/que-facemos-2\/\"},{\"@type\":\"ListItem\",\"position\":3,\"name\":\"Comercializamos\"}]},{\"@type\":\"WebSite\",\"@id\":\"https:\/\/www.nuevapescanova.com\/#website\",\"url\":\"https:\/\/www.nuevapescanova.com\/\",\"name\":\"Nueva Pescanova\",\"description\":\"\",\"publisher\":{\"@id\":\"https:\/\/www.nuevapescanova.com\/#organization\"},\"potentialAction\":[{\"@type\":\"SearchAction\",\"target\":{\"@type\":\"EntryPoint\",\"urlTemplate\":\"https:\/\/www.nuevapescanova.com\/?s={search_term_string}\"},\"query-input\":{\"@type\":\"PropertyValueSpecification\",\"valueRequired\":true,\"valueName\":\"search_term_string\"}}],\"inLanguage\":\"gl-ES\"},{\"@type\":\"Organization\",\"@id\":\"https:\/\/www.nuevapescanova.com\/#organization\",\"name\":\"Nueva Pescanova\",\"url\":\"https:\/\/www.nuevapescanova.com\/\",\"logo\":{\"@type\":\"ImageObject\",\"inLanguage\":\"gl-ES\",\"@id\":\"https:\/\/www.nuevapescanova.com\/#\/schema\/logo\/image\/\",\"url\":\"https:\/\/www.nuevapescanova.com\/nuevapescanova\/wp-content\/uploads\/2023\/06\/Logo-Grupo-Nueva-Pescanova.jpg\",\"contentUrl\":\"https:\/\/www.nuevapescanova.com\/nuevapescanova\/wp-content\/uploads\/2023\/06\/Logo-Grupo-Nueva-Pescanova.jpg\",\"width\":800,\"height\":398,\"caption\":\"Nueva Pescanova\"},\"image\":{\"@id\":\"https:\/\/www.nuevapescanova.com\/#\/schema\/logo\/image\/\"},\"sameAs\":[\"https:\/\/x.com\/PescanovaCorp\",\"https:\/\/www.linkedin.com\/company\/nuevapescanova\/?originalSubdomain=es\"]}]}<\/script>\n<!-- \/ Yoast SEO plugin. -->","yoast_head_json":{"title":"Comercializamos - Nueva Pescanova","robots":{"index":"index","follow":"follow","max-snippet":"max-snippet:-1","max-image-preview":"max-image-preview:large","max-video-preview":"max-video-preview:-1"},"canonical":"https:\/\/www.nuevapescanova.com\/gl\/que-facemos-2\/comercializamos\/","og_locale":"gl_ES","og_type":"article","og_title":"Comercializamos - Nueva Pescanova","og_description":"[vc_row][vc_column width=&#8221;1\/2&#8243;][vc_column_text el_class=&#8221;titulo&#8221;]Comercializamos[\/vc_column_text][\/vc_column][vc_column width=&#8221;1\/2&#8243;][vc_column_text el_class=&#8221;titulo-historia&#8221; css=&#8221;.vc_custom_1519667501913{margin-top: 40px !important;}&#8221;] Te llevamos la frescura del mar [\/vc_column_text][\/vc_column][\/vc_row][vc_row css=&#8221;.vc_custom_1516436638933{margin-top: 0px !important;margin-bottom: 0px !important;padding-top: 0px !important;padding-bottom: 0px !important;background-color: #ffffff !important;}&#8221;][vc_column][vc_row_inner [\u2026]","og_url":"https:\/\/www.nuevapescanova.com\/gl\/que-facemos-2\/comercializamos\/","og_site_name":"Nueva Pescanova","article_modified_time":"2025-10-16T10:47:53+00:00","twitter_card":"summary_large_image","twitter_site":"@PescanovaCorp","twitter_misc":{"Est. reading time":"3 minutes"},"schema":{"@context":"https:\/\/schema.org","@graph":[{"@type":"WebPage","@id":"https:\/\/www.nuevapescanova.com\/gl\/que-facemos-2\/comercializamos\/","url":"https:\/\/www.nuevapescanova.com\/gl\/que-facemos-2\/comercializamos\/","name":"Comercializamos - Nueva Pescanova","isPartOf":{"@id":"https:\/\/www.nuevapescanova.com\/#website"},"datePublished":"2017-12-19T17:04:09+00:00","dateModified":"2025-10-16T10:47:53+00:00","breadcrumb":{"@id":"https:\/\/www.nuevapescanova.com\/gl\/que-facemos-2\/comercializamos\/#breadcrumb"},"inLanguage":"gl-ES","potentialAction":[{"@type":"ReadAction","target":["https:\/\/www.nuevapescanova.com\/gl\/que-facemos-2\/comercializamos\/"]}]},{"@type":"BreadcrumbList","@id":"https:\/\/www.nuevapescanova.com\/gl\/que-facemos-2\/comercializamos\/#breadcrumb","itemListElement":[{"@type":"ListItem","position":1,"name":"Portada","item":"https:\/\/www.nuevapescanova.com\/gl\/"},{"@type":"ListItem","position":2,"name":"Que facemos","item":"https:\/\/www.nuevapescanova.com\/gl\/que-facemos-2\/"},{"@type":"ListItem","position":3,"name":"Comercializamos"}]},{"@type":"WebSite","@id":"https:\/\/www.nuevapescanova.com\/#website","url":"https:\/\/www.nuevapescanova.com\/","name":"Nueva Pescanova","description":"","publisher":{"@id":"https:\/\/www.nuevapescanova.com\/#organization"},"potentialAction":[{"@type":"SearchAction","target":{"@type":"EntryPoint","urlTemplate":"https:\/\/www.nuevapescanova.com\/?s={search_term_string}"},"query-input":{"@type":"PropertyValueSpecification","valueRequired":true,"valueName":"search_term_string"}}],"inLanguage":"gl-ES"},{"@type":"Organization","@id":"https:\/\/www.nuevapescanova.com\/#organization","name":"Nueva Pescanova","url":"https:\/\/www.nuevapescanova.com\/","logo":{"@type":"ImageObject","inLanguage":"gl-ES","@id":"https:\/\/www.nuevapescanova.com\/#\/schema\/logo\/image\/","url":"https:\/\/www.nuevapescanova.com\/nuevapescanova\/wp-content\/uploads\/2023\/06\/Logo-Grupo-Nueva-Pescanova.jpg","contentUrl":"https:\/\/www.nuevapescanova.com\/nuevapescanova\/wp-content\/uploads\/2023\/06\/Logo-Grupo-Nueva-Pescanova.jpg","width":800,"height":398,"caption":"Nueva Pescanova"},"image":{"@id":"https:\/\/www.nuevapescanova.com\/#\/schema\/logo\/image\/"},"sameAs":["https:\/\/x.com\/PescanovaCorp","https:\/\/www.linkedin.com\/company\/nuevapescanova\/?originalSubdomain=es"]}]}},"_links":{"self":[{"href":"https:\/\/www.nuevapescanova.com\/gl\/wp-json\/wp\/v2\/pages\/16743","targetHints":{"allow":["GET"]}}],"collection":[{"href":"https:\/\/www.nuevapescanova.com\/gl\/wp-json\/wp\/v2\/pages"}],"about":[{"href":"https:\/\/www.nuevapescanova.com\/gl\/wp-json\/wp\/v2\/types\/page"}],"author":[{"embeddable":true,"href":"https:\/\/www.nuevapescanova.com\/gl\/wp-json\/wp\/v2\/users\/3"}],"replies":[{"embeddable":true,"href":"https:\/\/www.nuevapescanova.com\/gl\/wp-json\/wp\/v2\/comments?post=16743"}],"version-history":[{"count":19,"href":"https:\/\/www.nuevapescanova.com\/gl\/wp-json\/wp\/v2\/pages\/16743\/revisions"}],"predecessor-version":[{"id":16761,"href":"https:\/\/www.nuevapescanova.com\/gl\/wp-json\/wp\/v2\/pages\/16743\/revisions\/16761"}],"up":[{"embeddable":true,"href":"https:\/\/www.nuevapescanova.com\/gl\/wp-json\/wp\/v2\/pages\/16731"}],"wp:attachment":[{"href":"https:\/\/www.nuevapescanova.com\/gl\/wp-json\/wp\/v2\/media?parent=16743"}],"curies":[{"name":"wp","href":"https:\/\/api.w.org\/{rel}","templated":true}]}}