{"id":16763,"date":"2017-11-22T18:44:44","date_gmt":"2017-11-22T18:44:44","guid":{"rendered":"http:\/\/www.nuevapescanova.com\/compromiso\/"},"modified":"2020-11-09T09:04:00","modified_gmt":"2020-11-09T09:04:00","slug":"compromiso","status":"publish","type":"page","link":"https:\/\/www.nuevapescanova.com\/gl\/compromiso\/","title":{"rendered":"Compromiso"},"content":{"rendered":"<section class=\"wpb-content-wrapper\"><p>[vc_row][vc_column][vc_column_text el_class=&#8221;titulo&#8221;]Pesca sostenible y cuidado del medioambiente[\/vc_column_text][\/vc_column][\/vc_row][vc_row css=&#8221;.vc_custom_1516617196308{background-color: #ffffff !important;}&#8221;][vc_column][vc_column_text css=&#8221;.vc_custom_1516617956918{margin-bottom: 15px !important;}&#8221;]Desde nuestros or\u00edgenes, el compromiso medioambiental y la racionalizaci\u00f3n de la industria pesquera han sido pilares estrat\u00e9gicos del Grupo Nueva Pescanova. Trabajamos de una manera \u00e9tica cumpliendo con los requisitos legales y las medidas internacionales en materia de pesca, delimitando la captura y creando periodos de veda que garanticen la preservaci\u00f3n de los caladeros, produciendo de forma responsable en nuestras granjas de acuicultura e invirtiendo en tecnolog\u00edas y procesos para minimizar el impacto medioambiental de nuestras factor\u00edas y buques.[\/vc_column_text][vc_row_inner css=&#8221;.vc_custom_1516617837863{margin-bottom: 0px !important;padding-bottom: 0px !important;}&#8221;][vc_column_inner width=&#8221;2\/3&#8243;][vc_column_text css=&#8221;.vc_custom_1516707827039{margin-bottom: 0px !important;padding-bottom: 0px !important;}&#8221;]Nuestro compromiso con el medio ambiente y la sostenibilidad, y la labor de mejora continua en este campo, son avaladas por certificaciones y acreditaciones internacionalmente reconocidos que hacen referencia a los est\u00e1ndares de la actividad pesquera, de cultivo y de los procesos de producci\u00f3n de los productos del mar:<\/p>\n<ul>\n<li>A.P. Global- En mejores pr\u00e1cticas de cultivo.<\/li>\n<li>BAP- Certificaci\u00f3n de Mejores Pr\u00e1cticas en Acuicultura.<\/li>\n<li>FS- Certificaci\u00f3n de est\u00e1ndares Internacionales de Alimentos.<\/li>\n<li>British Retail Consortium (BRC)- Est\u00e1ndar mundial para la certificaci\u00f3n de inocuidad de alimentos.<\/li>\n<\/ul>\n<p>Contamos con una Pol\u00edtica de Medio Ambiente y Sostenibilidad propia que pone el foco en tres grandes \u00e1reas:<\/p>\n<ul>\n<li>El desarrollo sostenible.<\/li>\n<li>La conservaci\u00f3n de los ecosistemas.<\/li>\n<li>La racionalizaci\u00f3n de la actividad pesquera.<\/li>\n<\/ul>\n<p>Adem\u00e1s, tenemos nuestro propio Certificado de Pesca Sostenible (Pescanova Blue), que ha sido creado bas\u00e1ndonos en el cumplimiento del C\u00f3digo de Conducta para la Pesca Responsable de la FAO, el ecoetiquetado de los peces y los productos del mar.[\/vc_column_text][vc_column_text css=&#8221;.vc_custom_1516707802870{margin-bottom: 0px !important;padding-bottom: 0px !important;}&#8221;][\/vc_column_text][vc_column_text css=&#8221;.vc_custom_1516707819269{margin-bottom: 0px !important;padding-bottom: 0px !important;}&#8221;][\/vc_column_text][\/vc_column_inner][vc_column_inner width=&#8221;1\/3&#8243;][vc_single_image image=&#8221;1491&#8243; img_size=&#8221;full&#8221; alignment=&#8221;center&#8221; css=&#8221;.vc_custom_1516617792979{margin-top: 0px !important;margin-bottom: 0px !important;padding-top: 0px !important;padding-bottom: 0px !important;}&#8221;][\/vc_column_inner][\/vc_row_inner][vc_single_image image=&#8221;1493&#8243; img_size=&#8221;full&#8221; css=&#8221;.vc_custom_1516707877232{margin-top: 30px !important;margin-bottom: 0px !important;padding-top: 0px !important;padding-bottom: 0px !important;}&#8221;][vc_row_inner el_class=&#8221;sombra&#8221; css=&#8221;.vc_custom_1516617733162{margin-top: 0px !important;margin-bottom: 0px !important;padding-top: 0px !important;padding-bottom: 0px !important;}&#8221;][vc_column_inner css=&#8221;.vc_custom_1516617721665{margin-top: 0px !important;padding-top: 0px !important;}&#8221;][vc_column_text css=&#8221;.vc_custom_1516617539137{margin-bottom: 0px !important;padding-bottom: 0px !important;}&#8221;]Para avanzar en nuestro compromiso, tambi\u00e9n colaboramos con asociaciones de pesca y acuicultura sostenible, como la Asociaci\u00f3n de Pesca Sostenible (SFP) y la Alianza Mundial para la Acuicultura (GAA).<\/p>\n<p>Invertimos en tecnolog\u00edas y procesos para minimizar el impacto medioambiental de nuestras factor\u00edas y buques. Igualmente, la actividad extractiva del Grupo se realiza mediante la delimitaci\u00f3n de capturas o la creaci\u00f3n de per\u00edodos suficientemente largos de veda que garanticen la preservaci\u00f3n de los caladeros.<\/p>\n<p>En el Grupo Nueva Pescanova participamos activamente con los gobiernos de los pa\u00edses en donde desarrollamos nuestras actividades pesqueras, para un progresivo y mejor ordenamiento jur\u00eddico y biol\u00f3gico de sus recursos marinos.[\/vc_column_text][\/vc_column_inner][\/vc_row_inner][\/vc_column][\/vc_row][vc_row][vc_column][vc_empty_space height=&#8221;60px&#8221;][\/vc_column][\/vc_row]<\/p>\n<\/section>","protected":false},"excerpt":{"rendered":"<p>[vc_row][vc_column][vc_column_text el_class=&#8221;titulo&#8221;]Pesca sostenible y cuidado del medioambiente[\/vc_column_text][\/vc_column][\/vc_row][vc_row css=&#8221;.vc_custom_1516617196308{background-color: #ffffff !important;}&#8221;][vc_column][vc_column_text css=&#8221;.vc_custom_1516617956918{margin-bottom: 15px !important;}&#8221;]Desde nuestros or\u00edgenes, el compromiso medioambiental y la racionalizaci\u00f3n de la industria pesquera han<span class=\"excerpt-hellip\"> [\u2026]<\/span><\/p>\n","protected":false},"author":3,"featured_media":0,"parent":0,"menu_order":3,"comment_status":"closed","ping_status":"closed","template":"","meta":{"_acf_changed":false,"footnotes":""},"class_list":["post-16763","page","type-page","status-publish","hentry"],"acf":[],"yoast_head":"<!-- This site is optimized with the Yoast SEO plugin v25.9 - https:\/\/yoast.com\/wordpress\/plugins\/seo\/ -->\n<title>Compromiso - Nueva Pescanova<\/title>\n<meta name=\"robots\" content=\"index, follow, max-snippet:-1, max-image-preview:large, max-video-preview:-1\" \/>\n<link rel=\"canonical\" href=\"https:\/\/www.nuevapescanova.com\/compromiso\/\" \/>\n<meta property=\"og:locale\" content=\"gl_ES\" \/>\n<meta property=\"og:type\" content=\"article\" \/>\n<meta property=\"og:title\" content=\"Compromiso - Nueva Pescanova\" \/>\n<meta property=\"og:description\" content=\"[vc_row][vc_column][vc_column_text el_class=&#8221;titulo&#8221;]Pesca sostenible y cuidado del medioambiente[\/vc_column_text][\/vc_column][\/vc_row][vc_row css=&#8221;.vc_custom_1516617196308{background-color: #ffffff !important;}&#8221;][vc_column][vc_column_text css=&#8221;.vc_custom_1516617956918{margin-bottom: 15px !important;}&#8221;]Desde nuestros or\u00edgenes, el compromiso medioambiental y la racionalizaci\u00f3n de la industria pesquera han [\u2026]\" \/>\n<meta property=\"og:url\" content=\"https:\/\/www.nuevapescanova.com\/compromiso\/\" \/>\n<meta property=\"og:site_name\" content=\"Nueva Pescanova\" \/>\n<meta property=\"article:modified_time\" content=\"2020-11-09T09:04:00+00:00\" \/>\n<meta name=\"twitter:card\" content=\"summary_large_image\" \/>\n<meta name=\"twitter:site\" content=\"@PescanovaCorp\" \/>\n<meta name=\"twitter:label1\" content=\"Est. reading time\" \/>\n\t<meta name=\"twitter:data1\" content=\"3 minutes\" \/>\n<script type=\"application\/ld+json\" class=\"yoast-schema-graph\">{\"@context\":\"https:\/\/schema.org\",\"@graph\":[{\"@type\":\"WebPage\",\"@id\":\"https:\/\/www.nuevapescanova.com\/compromiso\/\",\"url\":\"https:\/\/www.nuevapescanova.com\/compromiso\/\",\"name\":\"Compromiso - Nueva Pescanova\",\"isPartOf\":{\"@id\":\"https:\/\/www.nuevapescanova.com\/#website\"},\"datePublished\":\"2017-11-22T18:44:44+00:00\",\"dateModified\":\"2020-11-09T09:04:00+00:00\",\"breadcrumb\":{\"@id\":\"https:\/\/www.nuevapescanova.com\/compromiso\/#breadcrumb\"},\"inLanguage\":\"gl-ES\",\"potentialAction\":[{\"@type\":\"ReadAction\",\"target\":[\"https:\/\/www.nuevapescanova.com\/compromiso\/\"]}]},{\"@type\":\"BreadcrumbList\",\"@id\":\"https:\/\/www.nuevapescanova.com\/compromiso\/#breadcrumb\",\"itemListElement\":[{\"@type\":\"ListItem\",\"position\":1,\"name\":\"Portada\",\"item\":\"https:\/\/www.nuevapescanova.com\/gl\/\"},{\"@type\":\"ListItem\",\"position\":2,\"name\":\"Compromiso\"}]},{\"@type\":\"WebSite\",\"@id\":\"https:\/\/www.nuevapescanova.com\/#website\",\"url\":\"https:\/\/www.nuevapescanova.com\/\",\"name\":\"Nueva Pescanova\",\"description\":\"\",\"publisher\":{\"@id\":\"https:\/\/www.nuevapescanova.com\/#organization\"},\"potentialAction\":[{\"@type\":\"SearchAction\",\"target\":{\"@type\":\"EntryPoint\",\"urlTemplate\":\"https:\/\/www.nuevapescanova.com\/?s={search_term_string}\"},\"query-input\":{\"@type\":\"PropertyValueSpecification\",\"valueRequired\":true,\"valueName\":\"search_term_string\"}}],\"inLanguage\":\"gl-ES\"},{\"@type\":\"Organization\",\"@id\":\"https:\/\/www.nuevapescanova.com\/#organization\",\"name\":\"Nueva Pescanova\",\"url\":\"https:\/\/www.nuevapescanova.com\/\",\"logo\":{\"@type\":\"ImageObject\",\"inLanguage\":\"gl-ES\",\"@id\":\"https:\/\/www.nuevapescanova.com\/#\/schema\/logo\/image\/\",\"url\":\"https:\/\/www.nuevapescanova.com\/nuevapescanova\/wp-content\/uploads\/2023\/06\/Logo-Grupo-Nueva-Pescanova.jpg\",\"contentUrl\":\"https:\/\/www.nuevapescanova.com\/nuevapescanova\/wp-content\/uploads\/2023\/06\/Logo-Grupo-Nueva-Pescanova.jpg\",\"width\":800,\"height\":398,\"caption\":\"Nueva Pescanova\"},\"image\":{\"@id\":\"https:\/\/www.nuevapescanova.com\/#\/schema\/logo\/image\/\"},\"sameAs\":[\"https:\/\/x.com\/PescanovaCorp\",\"https:\/\/www.linkedin.com\/company\/nuevapescanova\/?originalSubdomain=es\"]}]}<\/script>\n<!-- \/ Yoast SEO plugin. -->","yoast_head_json":{"title":"Compromiso - Nueva Pescanova","robots":{"index":"index","follow":"follow","max-snippet":"max-snippet:-1","max-image-preview":"max-image-preview:large","max-video-preview":"max-video-preview:-1"},"canonical":"https:\/\/www.nuevapescanova.com\/compromiso\/","og_locale":"gl_ES","og_type":"article","og_title":"Compromiso - Nueva Pescanova","og_description":"[vc_row][vc_column][vc_column_text el_class=&#8221;titulo&#8221;]Pesca sostenible y cuidado del medioambiente[\/vc_column_text][\/vc_column][\/vc_row][vc_row css=&#8221;.vc_custom_1516617196308{background-color: #ffffff !important;}&#8221;][vc_column][vc_column_text css=&#8221;.vc_custom_1516617956918{margin-bottom: 15px !important;}&#8221;]Desde nuestros or\u00edgenes, el compromiso medioambiental y la racionalizaci\u00f3n de la industria pesquera han [\u2026]","og_url":"https:\/\/www.nuevapescanova.com\/compromiso\/","og_site_name":"Nueva Pescanova","article_modified_time":"2020-11-09T09:04:00+00:00","twitter_card":"summary_large_image","twitter_site":"@PescanovaCorp","twitter_misc":{"Est. reading time":"3 minutes"},"schema":{"@context":"https:\/\/schema.org","@graph":[{"@type":"WebPage","@id":"https:\/\/www.nuevapescanova.com\/compromiso\/","url":"https:\/\/www.nuevapescanova.com\/compromiso\/","name":"Compromiso - Nueva Pescanova","isPartOf":{"@id":"https:\/\/www.nuevapescanova.com\/#website"},"datePublished":"2017-11-22T18:44:44+00:00","dateModified":"2020-11-09T09:04:00+00:00","breadcrumb":{"@id":"https:\/\/www.nuevapescanova.com\/compromiso\/#breadcrumb"},"inLanguage":"gl-ES","potentialAction":[{"@type":"ReadAction","target":["https:\/\/www.nuevapescanova.com\/compromiso\/"]}]},{"@type":"BreadcrumbList","@id":"https:\/\/www.nuevapescanova.com\/compromiso\/#breadcrumb","itemListElement":[{"@type":"ListItem","position":1,"name":"Portada","item":"https:\/\/www.nuevapescanova.com\/gl\/"},{"@type":"ListItem","position":2,"name":"Compromiso"}]},{"@type":"WebSite","@id":"https:\/\/www.nuevapescanova.com\/#website","url":"https:\/\/www.nuevapescanova.com\/","name":"Nueva Pescanova","description":"","publisher":{"@id":"https:\/\/www.nuevapescanova.com\/#organization"},"potentialAction":[{"@type":"SearchAction","target":{"@type":"EntryPoint","urlTemplate":"https:\/\/www.nuevapescanova.com\/?s={search_term_string}"},"query-input":{"@type":"PropertyValueSpecification","valueRequired":true,"valueName":"search_term_string"}}],"inLanguage":"gl-ES"},{"@type":"Organization","@id":"https:\/\/www.nuevapescanova.com\/#organization","name":"Nueva Pescanova","url":"https:\/\/www.nuevapescanova.com\/","logo":{"@type":"ImageObject","inLanguage":"gl-ES","@id":"https:\/\/www.nuevapescanova.com\/#\/schema\/logo\/image\/","url":"https:\/\/www.nuevapescanova.com\/nuevapescanova\/wp-content\/uploads\/2023\/06\/Logo-Grupo-Nueva-Pescanova.jpg","contentUrl":"https:\/\/www.nuevapescanova.com\/nuevapescanova\/wp-content\/uploads\/2023\/06\/Logo-Grupo-Nueva-Pescanova.jpg","width":800,"height":398,"caption":"Nueva Pescanova"},"image":{"@id":"https:\/\/www.nuevapescanova.com\/#\/schema\/logo\/image\/"},"sameAs":["https:\/\/x.com\/PescanovaCorp","https:\/\/www.linkedin.com\/company\/nuevapescanova\/?originalSubdomain=es"]}]}},"_links":{"self":[{"href":"https:\/\/www.nuevapescanova.com\/gl\/wp-json\/wp\/v2\/pages\/16763","targetHints":{"allow":["GET"]}}],"collection":[{"href":"https:\/\/www.nuevapescanova.com\/gl\/wp-json\/wp\/v2\/pages"}],"about":[{"href":"https:\/\/www.nuevapescanova.com\/gl\/wp-json\/wp\/v2\/types\/page"}],"author":[{"embeddable":true,"href":"https:\/\/www.nuevapescanova.com\/gl\/wp-json\/wp\/v2\/users\/3"}],"replies":[{"embeddable":true,"href":"https:\/\/www.nuevapescanova.com\/gl\/wp-json\/wp\/v2\/comments?post=16763"}],"version-history":[{"count":2,"href":"https:\/\/www.nuevapescanova.com\/gl\/wp-json\/wp\/v2\/pages\/16763\/revisions"}],"predecessor-version":[{"id":17506,"href":"https:\/\/www.nuevapescanova.com\/gl\/wp-json\/wp\/v2\/pages\/16763\/revisions\/17506"}],"wp:attachment":[{"href":"https:\/\/www.nuevapescanova.com\/gl\/wp-json\/wp\/v2\/media?parent=16763"}],"curies":[{"name":"wp","href":"https:\/\/api.w.org\/{rel}","templated":true}]}}