{"id":16784,"date":"2018-01-22T15:02:29","date_gmt":"2018-01-22T15:02:29","guid":{"rendered":"http:\/\/www.nuevapescanova.com\/compromiso\/responsabilidade-social-corporativa\/el-compromiso-con-nuestro-producto\/"},"modified":"2025-10-16T15:19:13","modified_gmt":"2025-10-16T15:19:13","slug":"o-compromiso-co-noso-produto","status":"publish","type":"page","link":"https:\/\/www.nuevapescanova.com\/gl\/compromiso\/responsabilidade-social-corporativa-2\/o-compromiso-co-noso-produto\/","title":{"rendered":"O compromiso co noso produto"},"content":{"rendered":"<section class=\"wpb-content-wrapper\"><p>[vc_row css=&#8221;.vc_custom_1516631797742{background-color: #ffffff !important;}&#8221;][vc_column][vc_row_inner css=&#8221;.vc_custom_1516633070911{margin-bottom: 0px !important;padding-bottom: 0px !important;}&#8221;][vc_column_inner width=&#8221;1\/3&#8243; css=&#8221;.vc_custom_1516632901364{margin-top: 0px !important;margin-bottom: 0px !important;padding-top: 0px !important;padding-bottom: 0px !important;}&#8221;][vc_single_image image=&#8221;23013&#8243; img_size=&#8221;full&#8221; css=&#8221;.vc_custom_1516633382410{margin-top: -10px !important;margin-bottom: 0px !important;padding-top: 0px !important;padding-bottom: 0px !important;}&#8221;][\/vc_column_inner][vc_column_inner width=&#8221;2\/3&#8243; css=&#8221;.vc_custom_1516632896564{margin-top: 0px !important;margin-bottom: 0px !important;padding-top: 0px !important;padding-bottom: 0px !important;}&#8221;][vc_column_text el_class=&#8221;titulo&#8221; css=&#8221;.vc_custom_1634848520851{margin-top: 0px !important;padding-top: 0px !important;}&#8221;]O compromiso con\/do noso produto[\/vc_column_text][vc_column_text css=&#8221;.vc_custom_1634848529431{margin-top: 0px !important;margin-bottom: 0px !important;padding-top: 0px !important;padding-bottom: 0px !important;}&#8221;]O noso compromiso \u00e9 facilitar o acceso aos mercados de produtos do mar, nutritivos, sans, saborosos e innovadores, producidos de xeito responsable.[\/vc_column_text][\/vc_column_inner][\/vc_row_inner][vc_row_inner][vc_column_inner width=&#8221;1\/2&#8243;][vc_column_text css=&#8221;.vc_custom_1760627943917{margin-top: 0px !important;margin-bottom: 0px !important;padding-top: 0px !important;padding-bottom: 0px !important;}&#8221;]<\/p>\n<h4>Gobernanza<\/h4>\n<p>Para guiar a nosa acci\u00f3n responsable no piar do produto, de acordo coa nosa pol\u00edtica de RSE, desenvolvemos a <a href=\"http:\/\/www.nuevapescanova.com\/nuevapescanova\/wp-content\/uploads\/2021\/06\/P_POLITICA-CORPORATIVA-DE-CALIDAD-Y-SEGURIDAD-ALIMENTARIA-DEL-GRUPO-NUEVA-PESCANOVA.pdf\" target=\"_blank\" rel=\"noopener\">Pol\u00edtica Corporativa de Seguridade e Calidade dos Alimentos do Grupo Nueva Pescanova<\/a>.<\/p>\n<p>Esta pol\u00edtica establece o alcance e os principios do noso compromiso coa calidade e a seguridade alimentaria. \u00c9 a nosa referencia para definir os obxectivos das acci\u00f3ns que garantan a calidade, seguridade alimentaria e excelencia dos produtos do Grupo Nueva Pescanova. Tam\u00e9n contrib\u00fae \u00e1 promoci\u00f3n dunha cultura de calidade e excelencia entre todos os nosos profesionais.<\/p>\n<p>Esta pol\u00edtica comprom\u00e9tenos a:<\/p>\n<ul>\n<li>Consumidor como base da nosa oferta de valor.<\/li>\n<li>Os nosos produtos cumpren os m\u00e1is estritos niveis de seguridade e calidade dos alimentos.<\/li>\n<li>Os procesos de produci\u00f3n da nosa cadea de valor baseados na eficiencia e a sustentabilidade.<\/li>\n<\/ul>\n<p>[\/vc_column_text][\/vc_column_inner][vc_column_inner width=&#8221;1\/2&#8243;][vc_column_text css=&#8221;.vc_custom_1634848630246{margin-top: 0px !important;margin-bottom: 0px !important;padding-top: 0px !important;padding-bottom: 0px !important;}&#8221;]Os principios nos que se basean a calidade e a seguridade alimentaria no grupo son:<\/p>\n<ul>\n<li>Foco no consumidor.<\/li>\n<li>Compromiso da Direcci\u00f3n.<\/li>\n<li>A implicaci\u00f3n de toda a organizaci\u00f3n.<\/li>\n<li>Actuar cos provedores.<\/li>\n<li>An\u00e1lise de riscos.<\/li>\n<li>Decisi\u00f3ns baseadas en probas e datos.<\/li>\n<li>Mellora continua.<\/li>\n<li>Formaci\u00f3n, informaci\u00f3n e sensibilizaci\u00f3n.<\/li>\n<li>Superioridade do produto.<\/li>\n<li>A disposici\u00f3n dos obxectivos.<\/li>\n<li>Eficiencia e singularidade na xesti\u00f3n.<\/li>\n<\/ul>\n<p>[\/vc_column_text][\/vc_column_inner][\/vc_row_inner][vc_row_inner el_class=&#8221;sombra&#8221; css=&#8221;.vc_custom_1516632802995{margin-top: 0px !important;margin-bottom: 0px !important;padding-top: 0px !important;padding-bottom: 0px !important;}&#8221;][vc_column_inner width=&#8221;1\/3&#8243; css=&#8221;.vc_custom_1516633024056{margin-top: 0px !important;padding-top: 0px !important;}&#8221;][vc_single_image image=&#8221;23008&#8243; img_size=&#8221;800&#215;480&#8243; css=&#8221;.vc_custom_1633962986622{margin-top: 0px !important;margin-bottom: 0px !important;padding-top: 0px !important;padding-bottom: 0px !important;}&#8221;][vc_column_text css=&#8221;.vc_custom_1604916778189{margin-top: 0px !important;margin-bottom: 20px !important;padding-top: 0px !important;}&#8221;]<\/p>\n<h4>Produtos do mar innovadores, nutritivos e saudables<\/h4>\n<p>[\/vc_column_text][vc_column_text css=&#8221;.vc_custom_1604916785096{margin-top: 0px !important;padding-top: 0px !important;}&#8221;]Estamos comprometidos en ofrecerlles aos consumidores produtos do mar innovadores e saudables, investigando e comunicando a importancia do valor nutritivo dos produtos na s\u00faa dieta.[\/vc_column_text][\/vc_column_inner][vc_column_inner width=&#8221;1\/3&#8243; css=&#8221;.vc_custom_1516633029016{margin-top: 0px !important;padding-top: 0px !important;}&#8221;][vc_single_image image=&#8221;21779&#8243; img_size=&#8221;full&#8221; css=&#8221;.vc_custom_1633962448513{margin-top: 0px !important;margin-bottom: 0px !important;padding-top: 0px !important;padding-bottom: 0px !important;}&#8221;][vc_column_text css=&#8221;.vc_custom_1604916793958{margin-top: 0px !important;margin-bottom: 20px !important;padding-top: 0px !important;}&#8221;]<\/p>\n<h4>Produtos do mar seguros e de calidade<\/h4>\n<p>[\/vc_column_text][vc_column_text css=&#8221;.vc_custom_1604916799941{margin-top: 0px !important;padding-top: 0px !important;}&#8221;]Ofrec\u00e9moslles aos nosos clientes e consumidores produtos de orixe mari\u00f1a que garanten a s\u00faa seguridade alimentaria, respectando os m\u00e1is altos est\u00e1ndares de calidade.[\/vc_column_text][\/vc_column_inner][vc_column_inner width=&#8221;1\/3&#8243; css=&#8221;.vc_custom_1516633036320{margin-top: 0px !important;padding-top: 0px !important;}&#8221;][vc_single_image image=&#8221;22970&#8243; img_size=&#8221;800&#215;500&#8243; css=&#8221;.vc_custom_1633962474158{margin-top: 0px !important;margin-bottom: 0px !important;padding-top: 0px !important;padding-bottom: 0px !important;}&#8221;][vc_column_text css=&#8221;.vc_custom_1604916808015{margin-top: 0px !important;margin-bottom: 20px !important;padding-top: 0px !important;}&#8221;]<\/p>\n<h4>Produtos do mar responsables e sustentables<\/h4>\n<p>[\/vc_column_text][vc_column_text css=&#8221;.vc_custom_1604916814357{margin-top: 0px !important;padding-top: 0px !important;}&#8221;]Compromet\u00e9monos co desenvolvemento de produtos do mar sustentables e responsables, optimizando a definici\u00f3n, o dese\u00f1o dos nosos produtos e procesos, atendendo a criterios de eficiencia e desempe\u00f1o ambiental.[\/vc_column_text][\/vc_column_inner][\/vc_row_inner][\/vc_column][\/vc_row][vc_row disable_element=&#8221;yes&#8221; css=&#8221;.vc_custom_1760627951380{margin-top: 30px !important;padding-bottom: 0px !important;background-color: #ffffff !important;}&#8221;][vc_column css=&#8221;.vc_custom_1516619741069{margin-bottom: 0px !important;}&#8221;][vc_row_inner el_class=&#8221;sombra&#8221; css=&#8221;.vc_custom_1516620347065{margin-top: 0px !important;margin-bottom: 0px !important;padding-top: 0px !important;padding-bottom: 0px !important;}&#8221;][vc_column_inner width=&#8221;1\/4&#8243; css=&#8221;.vc_custom_1516620281776{margin-bottom: 0px !important;padding-bottom: 0px !important;}&#8221;]<div class=\"hover_box\"><a href=\"http:\/\/..\/compromiso\/responsabilidad-social-corporativa\/nuestro-compromiso-con-el-planeta\/\" ><div class=\"hover_box_wrapper\"><img loading=\"lazy\" decoding=\"async\" class=\"scale-with-grid visible_photo\" src=\"https:\/\/www.nuevapescanova.com\/nuevapescanova\/wp-content\/uploads\/2018\/01\/planeta-2.jpg\" alt=\"planeta\" width=\"400\" height=\"357\"\/><img loading=\"lazy\" decoding=\"async\" class=\"scale-with-grid hidden_photo\" src=\"https:\/\/www.nuevapescanova.com\/nuevapescanova\/wp-content\/uploads\/2018\/01\/planeta_on-1.jpg\" alt=\"planeta_on\" width=\"400\" height=\"357\"\/><\/div><\/a><\/div>\n[\/vc_column_inner][vc_column_inner width=&#8221;1\/4&#8243; css=&#8221;.vc_custom_1516620292200{margin-bottom: 0px !important;padding-bottom: 0px !important;}&#8221;]<div class=\"hover_box\"><a href=\"http:\/\/..\/compromiso\/responsabilidad-social-corporativa\/el-compromiso-con-nuestras-personas\/\" ><div class=\"hover_box_wrapper\"><img loading=\"lazy\" decoding=\"async\" class=\"scale-with-grid visible_photo\" src=\"https:\/\/www.nuevapescanova.com\/nuevapescanova\/wp-content\/uploads\/2020\/11\/personas-off-gal.png\" alt=\"personas-off-gal\" width=\"391\" height=\"349\"\/><img loading=\"lazy\" decoding=\"async\" class=\"scale-with-grid hidden_photo\" src=\"https:\/\/www.nuevapescanova.com\/nuevapescanova\/wp-content\/uploads\/2020\/11\/personas-on-gal.png\" alt=\"personas-on-gal\" width=\"391\" height=\"349\"\/><\/div><\/a><\/div>\n[\/vc_column_inner][vc_column_inner width=&#8221;1\/4&#8243; css=&#8221;.vc_custom_1516620287216{margin-bottom: 0px !important;padding-bottom: 0px !important;}&#8221;]<div class=\"hover_box\"><a href=\"http:\/\/..\/compromiso\/responsabilidad-social-corporativa\/el-compromiso-con-nuestro-producto\/\" ><div class=\"hover_box_wrapper\"><img loading=\"lazy\" decoding=\"async\" class=\"scale-with-grid visible_photo\" src=\"https:\/\/www.nuevapescanova.com\/nuevapescanova\/wp-content\/uploads\/2020\/11\/producto-on-gal.png\" alt=\"producto-on-gal\" width=\"392\" height=\"349\"\/><img loading=\"lazy\" decoding=\"async\" class=\"scale-with-grid hidden_photo\" src=\"https:\/\/www.nuevapescanova.com\/nuevapescanova\/wp-content\/uploads\/2020\/11\/producto-off_gal.png\" alt=\"producto-off_gal\" width=\"392\" height=\"349\"\/><\/div><\/a><\/div>\n[\/vc_column_inner][vc_column_inner width=&#8221;1\/4&#8243; css=&#8221;.vc_custom_1516620299548{margin-bottom: 0px !important;padding-bottom: 0px !important;}&#8221;]<div class=\"hover_box\"><a href=\"http:\/\/..\/compromiso\/responsabilidad-social-corporativa\/el-compromiso-con-las-comunidades\/\" ><div class=\"hover_box_wrapper\"><img loading=\"lazy\" decoding=\"async\" class=\"scale-with-grid visible_photo\" src=\"https:\/\/www.nuevapescanova.com\/nuevapescanova\/wp-content\/uploads\/2018\/01\/comunidades-2.jpg\" alt=\"comunidades\" width=\"400\" height=\"357\"\/><img loading=\"lazy\" decoding=\"async\" class=\"scale-with-grid hidden_photo\" src=\"https:\/\/www.nuevapescanova.com\/nuevapescanova\/wp-content\/uploads\/2018\/01\/comunidades-on-1.jpg\" alt=\"comunidades-on\" width=\"400\" height=\"357\"\/><\/div><\/a><\/div>\n[\/vc_column_inner][\/vc_row_inner][\/vc_column][\/vc_row][vc_row][vc_column][vc_empty_space height=&#8221;60px&#8221;][\/vc_column][\/vc_row]<\/p>\n<\/section>","protected":false},"excerpt":{"rendered":"<p>[vc_row css=&#8221;.vc_custom_1516631797742{background-color: #ffffff !important;}&#8221;][vc_column][vc_row_inner css=&#8221;.vc_custom_1516633070911{margin-bottom: 0px !important;padding-bottom: 0px !important;}&#8221;][vc_column_inner width=&#8221;1\/3&#8243; css=&#8221;.vc_custom_1516632901364{margin-top: 0px !important;margin-bottom: 0px !important;padding-top: 0px !important;padding-bottom: 0px !important;}&#8221;][vc_single_image image=&#8221;23013&#8243; img_size=&#8221;full&#8221; css=&#8221;.vc_custom_1516633382410{margin-top: -10px !important;margin-bottom: 0px !important;padding-top:<span class=\"excerpt-hellip\"> [\u2026]<\/span><\/p>\n","protected":false},"author":3,"featured_media":0,"parent":16768,"menu_order":0,"comment_status":"closed","ping_status":"closed","template":"","meta":{"_acf_changed":false,"footnotes":""},"class_list":["post-16784","page","type-page","status-publish","hentry"],"acf":[],"yoast_head":"<!-- This site is optimized with the Yoast SEO plugin v25.9 - https:\/\/yoast.com\/wordpress\/plugins\/seo\/ -->\n<title>O compromiso co noso produto - Nueva Pescanova<\/title>\n<meta name=\"robots\" content=\"index, follow, max-snippet:-1, max-image-preview:large, max-video-preview:-1\" \/>\n<link rel=\"canonical\" href=\"https:\/\/www.nuevapescanova.com\/gl\/compromiso\/responsabilidade-social-corporativa-2\/o-compromiso-co-noso-produto\/\" \/>\n<meta property=\"og:locale\" content=\"gl_ES\" \/>\n<meta property=\"og:type\" content=\"article\" \/>\n<meta property=\"og:title\" content=\"O compromiso co noso produto - Nueva Pescanova\" \/>\n<meta property=\"og:description\" content=\"[vc_row css=&#8221;.vc_custom_1516631797742{background-color: #ffffff !important;}&#8221;][vc_column][vc_row_inner css=&#8221;.vc_custom_1516633070911{margin-bottom: 0px !important;padding-bottom: 0px !important;}&#8221;][vc_column_inner width=&#8221;1\/3&#8243; css=&#8221;.vc_custom_1516632901364{margin-top: 0px !important;margin-bottom: 0px !important;padding-top: 0px !important;padding-bottom: 0px !important;}&#8221;][vc_single_image image=&#8221;23013&#8243; img_size=&#8221;full&#8221; css=&#8221;.vc_custom_1516633382410{margin-top: -10px !important;margin-bottom: 0px !important;padding-top: [\u2026]\" \/>\n<meta property=\"og:url\" content=\"https:\/\/www.nuevapescanova.com\/gl\/compromiso\/responsabilidade-social-corporativa-2\/o-compromiso-co-noso-produto\/\" \/>\n<meta property=\"og:site_name\" content=\"Nueva Pescanova\" \/>\n<meta property=\"article:modified_time\" content=\"2025-10-16T15:19:13+00:00\" \/>\n<meta name=\"twitter:card\" content=\"summary_large_image\" \/>\n<meta name=\"twitter:site\" content=\"@PescanovaCorp\" \/>\n<meta name=\"twitter:label1\" content=\"Est. reading time\" \/>\n\t<meta name=\"twitter:data1\" content=\"5 minutes\" \/>\n<script type=\"application\/ld+json\" class=\"yoast-schema-graph\">{\"@context\":\"https:\/\/schema.org\",\"@graph\":[{\"@type\":\"WebPage\",\"@id\":\"https:\/\/www.nuevapescanova.com\/gl\/compromiso\/responsabilidade-social-corporativa-2\/o-compromiso-co-noso-produto\/\",\"url\":\"https:\/\/www.nuevapescanova.com\/gl\/compromiso\/responsabilidade-social-corporativa-2\/o-compromiso-co-noso-produto\/\",\"name\":\"O compromiso co noso produto - Nueva Pescanova\",\"isPartOf\":{\"@id\":\"https:\/\/www.nuevapescanova.com\/#website\"},\"datePublished\":\"2018-01-22T15:02:29+00:00\",\"dateModified\":\"2025-10-16T15:19:13+00:00\",\"breadcrumb\":{\"@id\":\"https:\/\/www.nuevapescanova.com\/gl\/compromiso\/responsabilidade-social-corporativa-2\/o-compromiso-co-noso-produto\/#breadcrumb\"},\"inLanguage\":\"gl-ES\",\"potentialAction\":[{\"@type\":\"ReadAction\",\"target\":[\"https:\/\/www.nuevapescanova.com\/gl\/compromiso\/responsabilidade-social-corporativa-2\/o-compromiso-co-noso-produto\/\"]}]},{\"@type\":\"BreadcrumbList\",\"@id\":\"https:\/\/www.nuevapescanova.com\/gl\/compromiso\/responsabilidade-social-corporativa-2\/o-compromiso-co-noso-produto\/#breadcrumb\",\"itemListElement\":[{\"@type\":\"ListItem\",\"position\":1,\"name\":\"Portada\",\"item\":\"https:\/\/www.nuevapescanova.com\/gl\/\"},{\"@type\":\"ListItem\",\"position\":2,\"name\":\"Compromiso\",\"item\":\"https:\/\/www.nuevapescanova.com\/compromiso\/\"},{\"@type\":\"ListItem\",\"position\":3,\"name\":\"Responsabilidade Social Corporativa\",\"item\":\"https:\/\/www.nuevapescanova.com\/compromiso\/responsabilidad-social-corporativa-2\/\"},{\"@type\":\"ListItem\",\"position\":4,\"name\":\"O compromiso co noso produto\"}]},{\"@type\":\"WebSite\",\"@id\":\"https:\/\/www.nuevapescanova.com\/#website\",\"url\":\"https:\/\/www.nuevapescanova.com\/\",\"name\":\"Nueva Pescanova\",\"description\":\"\",\"publisher\":{\"@id\":\"https:\/\/www.nuevapescanova.com\/#organization\"},\"potentialAction\":[{\"@type\":\"SearchAction\",\"target\":{\"@type\":\"EntryPoint\",\"urlTemplate\":\"https:\/\/www.nuevapescanova.com\/?s={search_term_string}\"},\"query-input\":{\"@type\":\"PropertyValueSpecification\",\"valueRequired\":true,\"valueName\":\"search_term_string\"}}],\"inLanguage\":\"gl-ES\"},{\"@type\":\"Organization\",\"@id\":\"https:\/\/www.nuevapescanova.com\/#organization\",\"name\":\"Nueva Pescanova\",\"url\":\"https:\/\/www.nuevapescanova.com\/\",\"logo\":{\"@type\":\"ImageObject\",\"inLanguage\":\"gl-ES\",\"@id\":\"https:\/\/www.nuevapescanova.com\/#\/schema\/logo\/image\/\",\"url\":\"https:\/\/www.nuevapescanova.com\/nuevapescanova\/wp-content\/uploads\/2023\/06\/Logo-Grupo-Nueva-Pescanova.jpg\",\"contentUrl\":\"https:\/\/www.nuevapescanova.com\/nuevapescanova\/wp-content\/uploads\/2023\/06\/Logo-Grupo-Nueva-Pescanova.jpg\",\"width\":800,\"height\":398,\"caption\":\"Nueva Pescanova\"},\"image\":{\"@id\":\"https:\/\/www.nuevapescanova.com\/#\/schema\/logo\/image\/\"},\"sameAs\":[\"https:\/\/x.com\/PescanovaCorp\",\"https:\/\/www.linkedin.com\/company\/nuevapescanova\/?originalSubdomain=es\"]}]}<\/script>\n<!-- \/ Yoast SEO plugin. -->","yoast_head_json":{"title":"O compromiso co noso produto - Nueva Pescanova","robots":{"index":"index","follow":"follow","max-snippet":"max-snippet:-1","max-image-preview":"max-image-preview:large","max-video-preview":"max-video-preview:-1"},"canonical":"https:\/\/www.nuevapescanova.com\/gl\/compromiso\/responsabilidade-social-corporativa-2\/o-compromiso-co-noso-produto\/","og_locale":"gl_ES","og_type":"article","og_title":"O compromiso co noso produto - Nueva Pescanova","og_description":"[vc_row css=&#8221;.vc_custom_1516631797742{background-color: #ffffff !important;}&#8221;][vc_column][vc_row_inner css=&#8221;.vc_custom_1516633070911{margin-bottom: 0px !important;padding-bottom: 0px !important;}&#8221;][vc_column_inner width=&#8221;1\/3&#8243; css=&#8221;.vc_custom_1516632901364{margin-top: 0px !important;margin-bottom: 0px !important;padding-top: 0px !important;padding-bottom: 0px !important;}&#8221;][vc_single_image image=&#8221;23013&#8243; img_size=&#8221;full&#8221; css=&#8221;.vc_custom_1516633382410{margin-top: -10px !important;margin-bottom: 0px !important;padding-top: [\u2026]","og_url":"https:\/\/www.nuevapescanova.com\/gl\/compromiso\/responsabilidade-social-corporativa-2\/o-compromiso-co-noso-produto\/","og_site_name":"Nueva Pescanova","article_modified_time":"2025-10-16T15:19:13+00:00","twitter_card":"summary_large_image","twitter_site":"@PescanovaCorp","twitter_misc":{"Est. reading time":"5 minutes"},"schema":{"@context":"https:\/\/schema.org","@graph":[{"@type":"WebPage","@id":"https:\/\/www.nuevapescanova.com\/gl\/compromiso\/responsabilidade-social-corporativa-2\/o-compromiso-co-noso-produto\/","url":"https:\/\/www.nuevapescanova.com\/gl\/compromiso\/responsabilidade-social-corporativa-2\/o-compromiso-co-noso-produto\/","name":"O compromiso co noso produto - Nueva Pescanova","isPartOf":{"@id":"https:\/\/www.nuevapescanova.com\/#website"},"datePublished":"2018-01-22T15:02:29+00:00","dateModified":"2025-10-16T15:19:13+00:00","breadcrumb":{"@id":"https:\/\/www.nuevapescanova.com\/gl\/compromiso\/responsabilidade-social-corporativa-2\/o-compromiso-co-noso-produto\/#breadcrumb"},"inLanguage":"gl-ES","potentialAction":[{"@type":"ReadAction","target":["https:\/\/www.nuevapescanova.com\/gl\/compromiso\/responsabilidade-social-corporativa-2\/o-compromiso-co-noso-produto\/"]}]},{"@type":"BreadcrumbList","@id":"https:\/\/www.nuevapescanova.com\/gl\/compromiso\/responsabilidade-social-corporativa-2\/o-compromiso-co-noso-produto\/#breadcrumb","itemListElement":[{"@type":"ListItem","position":1,"name":"Portada","item":"https:\/\/www.nuevapescanova.com\/gl\/"},{"@type":"ListItem","position":2,"name":"Compromiso","item":"https:\/\/www.nuevapescanova.com\/compromiso\/"},{"@type":"ListItem","position":3,"name":"Responsabilidade Social Corporativa","item":"https:\/\/www.nuevapescanova.com\/compromiso\/responsabilidad-social-corporativa-2\/"},{"@type":"ListItem","position":4,"name":"O compromiso co noso produto"}]},{"@type":"WebSite","@id":"https:\/\/www.nuevapescanova.com\/#website","url":"https:\/\/www.nuevapescanova.com\/","name":"Nueva Pescanova","description":"","publisher":{"@id":"https:\/\/www.nuevapescanova.com\/#organization"},"potentialAction":[{"@type":"SearchAction","target":{"@type":"EntryPoint","urlTemplate":"https:\/\/www.nuevapescanova.com\/?s={search_term_string}"},"query-input":{"@type":"PropertyValueSpecification","valueRequired":true,"valueName":"search_term_string"}}],"inLanguage":"gl-ES"},{"@type":"Organization","@id":"https:\/\/www.nuevapescanova.com\/#organization","name":"Nueva Pescanova","url":"https:\/\/www.nuevapescanova.com\/","logo":{"@type":"ImageObject","inLanguage":"gl-ES","@id":"https:\/\/www.nuevapescanova.com\/#\/schema\/logo\/image\/","url":"https:\/\/www.nuevapescanova.com\/nuevapescanova\/wp-content\/uploads\/2023\/06\/Logo-Grupo-Nueva-Pescanova.jpg","contentUrl":"https:\/\/www.nuevapescanova.com\/nuevapescanova\/wp-content\/uploads\/2023\/06\/Logo-Grupo-Nueva-Pescanova.jpg","width":800,"height":398,"caption":"Nueva Pescanova"},"image":{"@id":"https:\/\/www.nuevapescanova.com\/#\/schema\/logo\/image\/"},"sameAs":["https:\/\/x.com\/PescanovaCorp","https:\/\/www.linkedin.com\/company\/nuevapescanova\/?originalSubdomain=es"]}]}},"_links":{"self":[{"href":"https:\/\/www.nuevapescanova.com\/gl\/wp-json\/wp\/v2\/pages\/16784","targetHints":{"allow":["GET"]}}],"collection":[{"href":"https:\/\/www.nuevapescanova.com\/gl\/wp-json\/wp\/v2\/pages"}],"about":[{"href":"https:\/\/www.nuevapescanova.com\/gl\/wp-json\/wp\/v2\/types\/page"}],"author":[{"embeddable":true,"href":"https:\/\/www.nuevapescanova.com\/gl\/wp-json\/wp\/v2\/users\/3"}],"replies":[{"embeddable":true,"href":"https:\/\/www.nuevapescanova.com\/gl\/wp-json\/wp\/v2\/comments?post=16784"}],"version-history":[{"count":9,"href":"https:\/\/www.nuevapescanova.com\/gl\/wp-json\/wp\/v2\/pages\/16784\/revisions"}],"predecessor-version":[{"id":46669,"href":"https:\/\/www.nuevapescanova.com\/gl\/wp-json\/wp\/v2\/pages\/16784\/revisions\/46669"}],"up":[{"embeddable":true,"href":"https:\/\/www.nuevapescanova.com\/gl\/wp-json\/wp\/v2\/pages\/16768"}],"wp:attachment":[{"href":"https:\/\/www.nuevapescanova.com\/gl\/wp-json\/wp\/v2\/media?parent=16784"}],"curies":[{"name":"wp","href":"https:\/\/api.w.org\/{rel}","templated":true}]}}