{"id":16794,"date":"2019-06-25T16:49:11","date_gmt":"2019-06-25T16:49:11","guid":{"rendered":"http:\/\/www.nuevapescanova.com\/compromiso\/responsabilidade-social-corporativa\/pescanova-blue\/"},"modified":"2025-10-22T13:01:52","modified_gmt":"2025-10-22T13:01:52","slug":"pescanova-blue","status":"publish","type":"page","link":"https:\/\/www.nuevapescanova.com\/gl\/compromiso\/responsabilidade-social-corporativa-2\/pescanova-blue\/","title":{"rendered":"Pescanova Blue"},"content":{"rendered":"<section class=\"wpb-content-wrapper\"><p>[vc_row css=&#8221;.vc_custom_1516629082762{margin-bottom: 30px !important;padding-bottom: 0px !important;background-color: #ffffff !important;}&#8221;][vc_column][vc_column_text el_class=&#8221;titulo&#8221; css=&#8221;.vc_custom_1641389241361{margin-top: 0px !important;padding-top: 0px !important;}&#8221;]<strong>O noso programa de sustentabilidade \u2018Pescanova Blue\u2019<\/strong>[\/vc_column_text][vc_row_inner][vc_column_inner][vc_column_text]En li\u00f1a coa nosa Pol\u00edtica Corporativa de Sustentabilidade, o Programa de Sustentabilidade \u2018Pescanova Blue\u2019 \u00e9 a resposta operativa do Grupo Nueva Pescanova ao posicionamento dos piares do seu programa de Responsabilidade Social Corporativa (estes piares son: Planeta, Persoas, Produto e Comunidades).<\/p>\n<p>Deste xeito, queremos contribu\u00edr ao fomento dunha cultura da responsabilidade empresarial baseada na creaci\u00f3n de valor compartido para a sociedade e os demais interesados, preservando o medio natural no que desenvolvemos a nosa actividade, garantindo o desenvolvemento profesional e persoal dos nosos traballadores, facilitando o acceso aos produtos do mar aos nosos consumidores e favorecendo o desenvolvemento das comunidades nas que estamos presentes.<\/p>\n<p>O Programa de Sustentabilidade \u2018Pescanova Blue\u2019 promove operaci\u00f3ns e pr\u00e1cticas m\u00e1is sostibles nos seus aspectos biol\u00f3xicos, ambientais, tecnol\u00f3xicos, econ\u00f3micos, comerciais e sociais, a trav\u00e9s de:<\/p>\n<ul>\n<li>A definici\u00f3n de cinco principios de sustentabilidade nas \u00e1reas de abastecemento sostible, responsabilidade laboral, operaci\u00f3ns responsables, comunidades m\u00e1is pr\u00f3speras e comportamento \u00e9tico e recto, ali\u00f1ados coas nosas obrigas e obxectivos de cumprimento normativo.<\/li>\n<li>Un sistema de validaci\u00f3n de evidencias de sustentabilidade nos seus \u00e1mbitos ambiental, social e econ\u00f3mico.<\/li>\n<li>Un plan integrado de iniciativas destinado a orientar e documentar o uso responsable e sostible dos recursos naturais e da enerx\u00eda nas actividades que desenvolven as empresas do Grupo Nueva Pescanova.<\/li>\n<\/ul>\n<p>[\/vc_column_text][\/vc_column_inner][\/vc_row_inner][vc_row_inner][vc_column_inner][vc_column_text]<\/p>\n<h4><strong>A nosa visi\u00f3n da sustentabilidade<\/strong><\/h4>\n<p>[\/vc_column_text][vc_column_text]No Grupo Nueva Pescanova ali\u00f1amos a nosa Pol\u00edtica Corporativa de Sustentabilidade cos <a href=\"https:\/\/www.nuevapescanova.com\/gl\/compromiso\/responsabilidade-social-corporativa\/contribucion-ao-desenvolvemento-sustentable\/\" target=\"_blank\" rel=\"noopener\">Obxectivos de Desenvolvemento Sostible (ODS) das Naci\u00f3ns Unidas (ONU) enmarcados na s\u00faa Axenda 2030<\/a>. Reco\u00f1ecemos os principios de desenvolvemento sostible e a definici\u00f3n de sustentabilidade que ofrece a Comisi\u00f3n Mundial da ONU. sobre Medio Ambiente e Desenvolvemento (o Informe Brundtland de 1987) como \u201c<em>satisfacer as necesidades do presente sen comprometer a capacidade das xeraci\u00f3ns futuras para satisfacer as s\u00faas propias necesidades<\/em>\u201c.<\/p>\n<p>O desenvolvemento sostible e a actuaci\u00f3n responsable son aspectos ineludibles e esenciais da cultura empresarial do Grupo Nueva Pescanova, porque as nosas actividades est\u00e1n determinadas polo car\u00e1cter extractivo e\/ou de consumo dos recursos naturais, xa sexan pesqueiros, acu\u00edcolas ou de elaboraci\u00f3n e comercializaci\u00f3n. dos produtos do mar.<\/p>\n<p>O valor intr\u00ednseco dos recursos naturais debe ser trasladado sempre ao produto final ofrecido ao consumidor de forma responsable, co fin de contribu\u00edr \u00e1 sustentabilidade das nosas actividades. De forma complementaria, o beneficio que xeran as actividades do Grupo enm\u00e1rcase tam\u00e9n no \u00e1mbito social e econ\u00f3mico, mediante a creaci\u00f3n de valor compartido, emprego, co\u00f1ecemento, infraestruturas, xerando valor material e inmaterial\u00a0en beneficio da sociedade e dos grupos de interese do Grupo Nueva Pescanova.<\/p>\n<p>A conservaci\u00f3n dos recursos naturais, a preservaci\u00f3n dos servizos que ofrecen os ecosistemas dos que dependemos e a xeraci\u00f3n de beneficios sociais e econ\u00f3micos derivados dunha actuaci\u00f3n responsable, en beneficio tanto das xeraci\u00f3ns presentes como das futuras, enmarcan a definici\u00f3n de\u00a0<strong>Sustentabilidade<\/strong>\u00a0para o Grupo Nueva Pescanova.[\/vc_column_text][\/vc_column_inner][\/vc_row_inner][vc_row_inner][vc_column_inner][vc_column_text]<\/p>\n<h4><strong>\u00c1mbito e principios de sustentabilidade<\/strong><\/h4>\n<p>[\/vc_column_text][vc_single_image image=&#8221;24628&#8243; img_size=&#8221;full&#8221; alignment=&#8221;center&#8221;][vc_column_text]<strong>SUBMINISTRO SOSTIBLE<\/strong><\/p>\n<p>O noso obxectivo \u00e9 que o 100% das especies que pescamos, cultivamos ou compramos amosen unha orixe sostible e unha transformaci\u00f3n realizada de forma responsable, cumprindo o 1\u00ba principio de sustentabilidade: \u201c<em>Pescamos, cultivamos e producimos de forma sostible e respectando o planeta<\/em>\u201c.<\/p>\n<p><strong>RESPONSABILIDADE LABORAL<\/strong><\/p>\n<p>O noso obxectivo \u00e9 que o 100% das persoas que integran o cadro de persoal das empresas do Grupo Nueva Pescanova se beneficien dun emprego legal, xusto e digno, formalizado e acreditado mediante contrato de traballo en vigor conforme \u00e1 lexislaci\u00f3n aplicable, coa implantaci\u00f3n do oportuno plans de xesti\u00f3n de talento, diversidade e igualdade, contrataci\u00f3n, sa\u00fade e seguridade no traballo e formaci\u00f3n e desenvolvemento profesional, coa respectiva evidencia documental, cumprindo o 2\u00ba principio de sustentabilidade: \u201c<em>Diversidade, seguridade e crecemento persoal e profesional dos nosos profesionais<\/em>\u201c.<\/p>\n<p><strong>EXCELENCIA DO PRODUTO<\/strong><\/p>\n<p>O noso obxectivo \u00e9 que o 100% dos produtos ofrecidos coa marca Pescanova amosen alg\u00fan efecto beneficioso sobre a sa\u00fade do consumidor, como a presenza de \u00e1cidos graxos beneficiosos para a sa\u00fade humana (como omega 3 EPA e DHA), prote\u00ednas de alto valor. biol\u00f3xicos, vitaminas (como B12, B3, D, E, A), minerais (como f\u00f3sforo, selenio, zinc, ferro, cobre, iodo, magnesio, potasio, calcio), incorporaci\u00f3n de ingredientes con reco\u00f1ecidos efectos positivos para a sa\u00fade humana. ou, finalmente, a mellora continua das formulaci\u00f3ns dos nosos produtos alimenticios elaborados (como reduci\u00f3n de graxas, sal, glute, lactosa, ou outros); minimizando ou evitando completamente os nutrientes a limitar, na medida do posible: graxa total, graxa saturada, graxa trans, azucres ou sal; todo isto cun estrito cumprimento da lexislaci\u00f3n en materia de calidade e seguridade alimentaria para os consumidores, e con referencia \u00e1 seguridade e calidade dos alimentos na s\u00faa manipulaci\u00f3n ou proceso de produci\u00f3n, mediante unha certificaci\u00f3n reco\u00f1ecida internacionalmente, cumprindo o 3\u00ba principio de sustentabilidade: \u201c<em>Os nosos produtos contrib\u00faen positivamente \u00e1 sa\u00fade e ao benestar dos nosos consumidores<\/em>\u201d.<\/p>\n<p><strong>COMUNIDADES M\u00c1IS PROSPERAS<\/strong><\/p>\n<p>O noso obxectivo \u00e9 que o 100% das comunidades onde estamos presentes se beneficien de proxectos de transferencia de co\u00f1ecemento, creaci\u00f3n de emprego e estabilidade laboral, investimento en activos ou infraestruturas, ou obra social, coa respectiva documentaci\u00f3n en memoria anual ou formato equivalente, cumprindo co 4\u00ba principio de sustentabilidade: \u201c<em>Melloramos a calidade de vida das comunidades nas que vivimos e traballamos<\/em>\u201d.<\/p>\n<p><strong>COMPORTAMENTO \u00c9TICO E INTEGRAL ALINEADO COAS NOSAS OBRIGAS E OBXECTIVOS DE CUMPRIMENTO NORMATIVO<\/strong><\/p>\n<p>O noso obxectivo \u00e9 o cumprimento integral da normativa legal aplicable en cada lugar onde desenvolvemos a nosa actividade e das disposici\u00f3ns que conforman o noso Sistema Regulador de Goberno Corporativo e Cumprimento, que en moitas ocasi\u00f3ns van m\u00e1is al\u00e1 do simple cumprimento legal, establecendo est\u00e1ndares m\u00e1is elevados e observando o 5\u00ba principio de sustentabilidade: \u201c<em>Cumprimos todos os requisitos \u00e9ticos e legais<\/em>\u201d.[\/vc_column_text][\/vc_column_inner][\/vc_row_inner][vc_row_inner][vc_column_inner][vc_column_text el_class=&#8221;titulo&#8221; css=&#8221;.vc_custom_1720437252322{margin-top: 0px !important;padding-top: 0px !important;}&#8221;]<strong>Evidencias de sustentabilidade<\/strong>[\/vc_column_text][vc_column_text][\/vc_column_text][vc_column_text]<\/p>\n<p>O sistema de reco\u00f1ecemento de evidencias de sustentabilidade das materias primas dos produtos do mar Pescanova destaca aquelas que, segundo o noso Programa de Sustentabilidade \u2018Pescanova Blue\u2019, demostran o cumprimento dunha das seguintes opci\u00f3ns:[\/vc_column_text][\/vc_column_inner][\/vc_row_inner][vc_row_inner][vc_column_inner width=&#8221;1\/6&#8243;][vc_single_image image=&#8221;17365&#8243; img_size=&#8221;full&#8221; alignment=&#8221;center&#8221;][\/vc_column_inner][vc_column_inner width=&#8221;2\/6&#8243;][vc_column_text]Tipo I \u2013 Certificados de auditor\u00eda de terceiros de referencias de sustentabilidade pesqueiras ou acu\u00edcolas privadas (etiquetas ecol\u00f3xicas) que cumpren os principios de pesca responsable da FAO reco\u00f1ecidos pola\u00a0<a href=\"https:\/\/www.ourgssi.org\/gssi-recognized-certifcation\/\" target=\"_blank\" rel=\"noopener\">Global Sustainable Seafood Initiative<\/a>\u00a0(GSSI).[\/vc_column_text][\/vc_column_inner][vc_column_inner width=&#8221;1\/6&#8243;][vc_single_image image=&#8221;20376&#8243; img_size=&#8221;full&#8221; alignment=&#8221;center&#8221;][\/vc_column_inner][vc_column_inner width=&#8221;2\/6&#8243;][vc_column_text]Tipo II \u2013 Cumprimento dos requisitos do Referencial Privado de Pesca Sostible Grupo Nueva Pescanova nos pa\u00edses ou especies para os que estea vixente.[\/vc_column_text][\/vc_column_inner][\/vc_row_inner][vc_row_inner][vc_column_inner width=&#8221;1\/6&#8243;][vc_single_image image=&#8221;20372&#8243; img_size=&#8221;full&#8221; alignment=&#8221;center&#8221;][\/vc_column_inner][vc_column_inner width=&#8221;2\/6&#8243;][vc_column_text]Tipo III \u2013 Acci\u00f3ns complementarias de sustentabilidade pesqueira e\/ou acu\u00edcola, tales como proxectos de mellora pesqueira (<a href=\"https:\/\/fisheryprogress.org\/\" target=\"_blank\" rel=\"noopener\">fishery improvement projects<\/a>, FIP) ou de acuicultura (AIP), de car\u00e1cter integral e fiable, xestionadas e documentadas de forma transparente e adecuada.[\/vc_column_text][\/vc_column_inner][vc_column_inner width=&#8221;1\/6&#8243;][vc_single_image image=&#8221;20368&#8243; img_size=&#8221;full&#8221; alignment=&#8221;center&#8221;][\/vc_column_inner][vc_column_inner width=&#8221;2\/6&#8243;][vc_column_text]Tipo IV \u2013 Cumprimento dos criterios de avaliaci\u00f3n do rendemento pesqueiro segundo as medidas de sustentabilidade globalmente aceptadas segundo a plataforma de elaboraci\u00f3n de perfiles cient\u00edficos\u00a0<a href=\"https:\/\/www.fishsource.org\/\" target=\"_blank\" rel=\"noopener\">FishSource<\/a>.[\/vc_column_text][\/vc_column_inner][\/vc_row_inner][\/vc_column][\/vc_row][vc_row css=&#8221;.vc_custom_1516984658033{margin-top: 30px !important;padding-bottom: 0px !important;background-color: #ffffff !important;}&#8221;][vc_column css=&#8221;.vc_custom_1516619741069{margin-bottom: 0px !important;}&#8221;][vc_row_inner el_class=&#8221;sombra&#8221; css=&#8221;.vc_custom_1516620347065{margin-top: 0px !important;margin-bottom: 0px !important;padding-top: 0px !important;padding-bottom: 0px !important;}&#8221;][vc_column_inner width=&#8221;1\/4&#8243; css=&#8221;.vc_custom_1516620281776{margin-bottom: 0px !important;padding-bottom: 0px !important;}&#8221;]<div class=\"hover_box\"><a href=\"https:\/\/www.nuevapescanova.com\/gl\/compromiso\/responsabilidade-social-corporativa-2\/o-noso-compromiso-co-planeta\/\" ><div class=\"hover_box_wrapper\"><img loading=\"lazy\" decoding=\"async\" class=\"scale-with-grid visible_photo\" src=\"https:\/\/www.nuevapescanova.com\/nuevapescanova\/wp-content\/uploads\/2018\/01\/planeta-2.jpg\" alt=\"planeta\" width=\"400\" height=\"357\"\/><img loading=\"lazy\" decoding=\"async\" class=\"scale-with-grid hidden_photo\" src=\"https:\/\/www.nuevapescanova.com\/nuevapescanova\/wp-content\/uploads\/2018\/01\/planeta_on-1.jpg\" alt=\"planeta_on\" width=\"400\" height=\"357\"\/><\/div><\/a><\/div>\n[\/vc_column_inner][vc_column_inner width=&#8221;1\/4&#8243; css=&#8221;.vc_custom_1516620292200{margin-bottom: 0px !important;padding-bottom: 0px !important;}&#8221;]<div class=\"hover_box\"><a href=\"https:\/\/www.nuevapescanova.com\/gl\/compromiso\/responsabilidade-social-corporativa-2\/o-compromiso-coas-nosas-persoas\/\" ><div class=\"hover_box_wrapper\"><img loading=\"lazy\" decoding=\"async\" class=\"scale-with-grid visible_photo\" src=\"https:\/\/www.nuevapescanova.com\/nuevapescanova\/wp-content\/uploads\/2020\/11\/personas-off-gal.png\" alt=\"personas-off-gal\" width=\"391\" height=\"349\"\/><img loading=\"lazy\" decoding=\"async\" class=\"scale-with-grid hidden_photo\" src=\"https:\/\/www.nuevapescanova.com\/nuevapescanova\/wp-content\/uploads\/2020\/11\/personas-on-gal.png\" alt=\"personas-on-gal\" width=\"391\" height=\"349\"\/><\/div><\/a><\/div>\n[\/vc_column_inner][vc_column_inner width=&#8221;1\/4&#8243; css=&#8221;.vc_custom_1516620287216{margin-bottom: 0px !important;padding-bottom: 0px !important;}&#8221;]<div class=\"hover_box\"><a href=\"https:\/\/www.nuevapescanova.com\/gl\/compromiso\/responsabilidade-social-corporativa-2\/o-compromiso-co-noso-produto\/\" ><div class=\"hover_box_wrapper\"><img loading=\"lazy\" decoding=\"async\" class=\"scale-with-grid visible_photo\" src=\"https:\/\/www.nuevapescanova.com\/nuevapescanova\/wp-content\/uploads\/2020\/11\/producto-on-gal.png\" alt=\"producto-on-gal\" width=\"392\" height=\"349\"\/><img loading=\"lazy\" decoding=\"async\" class=\"scale-with-grid hidden_photo\" src=\"https:\/\/www.nuevapescanova.com\/nuevapescanova\/wp-content\/uploads\/2020\/11\/producto-off_gal.png\" alt=\"producto-off_gal\" width=\"392\" height=\"349\"\/><\/div><\/a><\/div>\n[\/vc_column_inner][vc_column_inner width=&#8221;1\/4&#8243; css=&#8221;.vc_custom_1516620299548{margin-bottom: 0px !important;padding-bottom: 0px !important;}&#8221;]<div class=\"hover_box\"><a href=\"https:\/\/www.nuevapescanova.com\/gl\/compromiso\/responsabilidade-social-corporativa-2\/o-compromiso-coas-comunidades\/\" ><div class=\"hover_box_wrapper\"><img loading=\"lazy\" decoding=\"async\" class=\"scale-with-grid visible_photo\" src=\"https:\/\/www.nuevapescanova.com\/nuevapescanova\/wp-content\/uploads\/2018\/01\/comunidades-2.jpg\" alt=\"comunidades\" width=\"400\" height=\"357\"\/><img loading=\"lazy\" decoding=\"async\" class=\"scale-with-grid hidden_photo\" src=\"https:\/\/www.nuevapescanova.com\/nuevapescanova\/wp-content\/uploads\/2018\/01\/comunidades-on-1.jpg\" alt=\"comunidades-on\" width=\"400\" height=\"357\"\/><\/div><\/a><\/div>\n[\/vc_column_inner][\/vc_row_inner][\/vc_column][\/vc_row][vc_row][vc_column][vc_empty_space height=&#8221;60px&#8221;][\/vc_column][\/vc_row]<\/p>\n<\/section>","protected":false},"excerpt":{"rendered":"<p>[vc_row css=&#8221;.vc_custom_1516629082762{margin-bottom: 30px !important;padding-bottom: 0px !important;background-color: #ffffff !important;}&#8221;][vc_column][vc_column_text el_class=&#8221;titulo&#8221; css=&#8221;.vc_custom_1641389241361{margin-top: 0px !important;padding-top: 0px !important;}&#8221;]O noso programa de sustentabilidade \u2018Pescanova Blue\u2019[\/vc_column_text][vc_row_inner][vc_column_inner][vc_column_text]En li\u00f1a coa nosa Pol\u00edtica Corporativa de<span class=\"excerpt-hellip\"> [\u2026]<\/span><\/p>\n","protected":false},"author":3,"featured_media":0,"parent":16768,"menu_order":0,"comment_status":"closed","ping_status":"closed","template":"","meta":{"_acf_changed":false,"footnotes":""},"class_list":["post-16794","page","type-page","status-publish","hentry"],"acf":[],"yoast_head":"<!-- This site is optimized with the Yoast SEO plugin v25.9 - https:\/\/yoast.com\/wordpress\/plugins\/seo\/ -->\n<title>Pescanova Blue - Nueva Pescanova<\/title>\n<meta name=\"robots\" content=\"index, follow, max-snippet:-1, max-image-preview:large, max-video-preview:-1\" \/>\n<link rel=\"canonical\" href=\"https:\/\/www.nuevapescanova.com\/gl\/compromiso\/responsabilidade-social-corporativa-2\/pescanova-blue\/\" \/>\n<meta property=\"og:locale\" content=\"gl_ES\" \/>\n<meta property=\"og:type\" content=\"article\" \/>\n<meta property=\"og:title\" content=\"Pescanova Blue - Nueva Pescanova\" \/>\n<meta property=\"og:description\" content=\"[vc_row css=&#8221;.vc_custom_1516629082762{margin-bottom: 30px !important;padding-bottom: 0px !important;background-color: #ffffff !important;}&#8221;][vc_column][vc_column_text el_class=&#8221;titulo&#8221; css=&#8221;.vc_custom_1641389241361{margin-top: 0px !important;padding-top: 0px !important;}&#8221;]O noso programa de sustentabilidade \u2018Pescanova Blue\u2019[\/vc_column_text][vc_row_inner][vc_column_inner][vc_column_text]En li\u00f1a coa nosa Pol\u00edtica Corporativa de [\u2026]\" \/>\n<meta property=\"og:url\" content=\"https:\/\/www.nuevapescanova.com\/gl\/compromiso\/responsabilidade-social-corporativa-2\/pescanova-blue\/\" \/>\n<meta property=\"og:site_name\" content=\"Nueva Pescanova\" \/>\n<meta property=\"article:modified_time\" content=\"2025-10-22T13:01:52+00:00\" \/>\n<meta name=\"twitter:card\" content=\"summary_large_image\" \/>\n<meta name=\"twitter:site\" content=\"@PescanovaCorp\" \/>\n<meta name=\"twitter:label1\" content=\"Est. reading time\" \/>\n\t<meta name=\"twitter:data1\" content=\"6 minutes\" \/>\n<script type=\"application\/ld+json\" class=\"yoast-schema-graph\">{\"@context\":\"https:\/\/schema.org\",\"@graph\":[{\"@type\":\"WebPage\",\"@id\":\"https:\/\/www.nuevapescanova.com\/gl\/compromiso\/responsabilidade-social-corporativa-2\/pescanova-blue\/\",\"url\":\"https:\/\/www.nuevapescanova.com\/gl\/compromiso\/responsabilidade-social-corporativa-2\/pescanova-blue\/\",\"name\":\"Pescanova Blue - Nueva Pescanova\",\"isPartOf\":{\"@id\":\"https:\/\/www.nuevapescanova.com\/#website\"},\"datePublished\":\"2019-06-25T16:49:11+00:00\",\"dateModified\":\"2025-10-22T13:01:52+00:00\",\"breadcrumb\":{\"@id\":\"https:\/\/www.nuevapescanova.com\/gl\/compromiso\/responsabilidade-social-corporativa-2\/pescanova-blue\/#breadcrumb\"},\"inLanguage\":\"gl-ES\",\"potentialAction\":[{\"@type\":\"ReadAction\",\"target\":[\"https:\/\/www.nuevapescanova.com\/gl\/compromiso\/responsabilidade-social-corporativa-2\/pescanova-blue\/\"]}]},{\"@type\":\"BreadcrumbList\",\"@id\":\"https:\/\/www.nuevapescanova.com\/gl\/compromiso\/responsabilidade-social-corporativa-2\/pescanova-blue\/#breadcrumb\",\"itemListElement\":[{\"@type\":\"ListItem\",\"position\":1,\"name\":\"Portada\",\"item\":\"https:\/\/www.nuevapescanova.com\/gl\/\"},{\"@type\":\"ListItem\",\"position\":2,\"name\":\"Compromiso\",\"item\":\"https:\/\/www.nuevapescanova.com\/compromiso\/\"},{\"@type\":\"ListItem\",\"position\":3,\"name\":\"Responsabilidade Social Corporativa\",\"item\":\"https:\/\/www.nuevapescanova.com\/compromiso\/responsabilidad-social-corporativa-2\/\"},{\"@type\":\"ListItem\",\"position\":4,\"name\":\"Pescanova Blue\"}]},{\"@type\":\"WebSite\",\"@id\":\"https:\/\/www.nuevapescanova.com\/#website\",\"url\":\"https:\/\/www.nuevapescanova.com\/\",\"name\":\"Nueva Pescanova\",\"description\":\"\",\"publisher\":{\"@id\":\"https:\/\/www.nuevapescanova.com\/#organization\"},\"potentialAction\":[{\"@type\":\"SearchAction\",\"target\":{\"@type\":\"EntryPoint\",\"urlTemplate\":\"https:\/\/www.nuevapescanova.com\/?s={search_term_string}\"},\"query-input\":{\"@type\":\"PropertyValueSpecification\",\"valueRequired\":true,\"valueName\":\"search_term_string\"}}],\"inLanguage\":\"gl-ES\"},{\"@type\":\"Organization\",\"@id\":\"https:\/\/www.nuevapescanova.com\/#organization\",\"name\":\"Nueva Pescanova\",\"url\":\"https:\/\/www.nuevapescanova.com\/\",\"logo\":{\"@type\":\"ImageObject\",\"inLanguage\":\"gl-ES\",\"@id\":\"https:\/\/www.nuevapescanova.com\/#\/schema\/logo\/image\/\",\"url\":\"https:\/\/www.nuevapescanova.com\/nuevapescanova\/wp-content\/uploads\/2023\/06\/Logo-Grupo-Nueva-Pescanova.jpg\",\"contentUrl\":\"https:\/\/www.nuevapescanova.com\/nuevapescanova\/wp-content\/uploads\/2023\/06\/Logo-Grupo-Nueva-Pescanova.jpg\",\"width\":800,\"height\":398,\"caption\":\"Nueva Pescanova\"},\"image\":{\"@id\":\"https:\/\/www.nuevapescanova.com\/#\/schema\/logo\/image\/\"},\"sameAs\":[\"https:\/\/x.com\/PescanovaCorp\",\"https:\/\/www.linkedin.com\/company\/nuevapescanova\/?originalSubdomain=es\"]}]}<\/script>\n<!-- \/ Yoast SEO plugin. -->","yoast_head_json":{"title":"Pescanova Blue - Nueva Pescanova","robots":{"index":"index","follow":"follow","max-snippet":"max-snippet:-1","max-image-preview":"max-image-preview:large","max-video-preview":"max-video-preview:-1"},"canonical":"https:\/\/www.nuevapescanova.com\/gl\/compromiso\/responsabilidade-social-corporativa-2\/pescanova-blue\/","og_locale":"gl_ES","og_type":"article","og_title":"Pescanova Blue - Nueva Pescanova","og_description":"[vc_row css=&#8221;.vc_custom_1516629082762{margin-bottom: 30px !important;padding-bottom: 0px !important;background-color: #ffffff !important;}&#8221;][vc_column][vc_column_text el_class=&#8221;titulo&#8221; css=&#8221;.vc_custom_1641389241361{margin-top: 0px !important;padding-top: 0px !important;}&#8221;]O noso programa de sustentabilidade \u2018Pescanova Blue\u2019[\/vc_column_text][vc_row_inner][vc_column_inner][vc_column_text]En li\u00f1a coa nosa Pol\u00edtica Corporativa de [\u2026]","og_url":"https:\/\/www.nuevapescanova.com\/gl\/compromiso\/responsabilidade-social-corporativa-2\/pescanova-blue\/","og_site_name":"Nueva Pescanova","article_modified_time":"2025-10-22T13:01:52+00:00","twitter_card":"summary_large_image","twitter_site":"@PescanovaCorp","twitter_misc":{"Est. reading time":"6 minutes"},"schema":{"@context":"https:\/\/schema.org","@graph":[{"@type":"WebPage","@id":"https:\/\/www.nuevapescanova.com\/gl\/compromiso\/responsabilidade-social-corporativa-2\/pescanova-blue\/","url":"https:\/\/www.nuevapescanova.com\/gl\/compromiso\/responsabilidade-social-corporativa-2\/pescanova-blue\/","name":"Pescanova Blue - Nueva Pescanova","isPartOf":{"@id":"https:\/\/www.nuevapescanova.com\/#website"},"datePublished":"2019-06-25T16:49:11+00:00","dateModified":"2025-10-22T13:01:52+00:00","breadcrumb":{"@id":"https:\/\/www.nuevapescanova.com\/gl\/compromiso\/responsabilidade-social-corporativa-2\/pescanova-blue\/#breadcrumb"},"inLanguage":"gl-ES","potentialAction":[{"@type":"ReadAction","target":["https:\/\/www.nuevapescanova.com\/gl\/compromiso\/responsabilidade-social-corporativa-2\/pescanova-blue\/"]}]},{"@type":"BreadcrumbList","@id":"https:\/\/www.nuevapescanova.com\/gl\/compromiso\/responsabilidade-social-corporativa-2\/pescanova-blue\/#breadcrumb","itemListElement":[{"@type":"ListItem","position":1,"name":"Portada","item":"https:\/\/www.nuevapescanova.com\/gl\/"},{"@type":"ListItem","position":2,"name":"Compromiso","item":"https:\/\/www.nuevapescanova.com\/compromiso\/"},{"@type":"ListItem","position":3,"name":"Responsabilidade Social Corporativa","item":"https:\/\/www.nuevapescanova.com\/compromiso\/responsabilidad-social-corporativa-2\/"},{"@type":"ListItem","position":4,"name":"Pescanova Blue"}]},{"@type":"WebSite","@id":"https:\/\/www.nuevapescanova.com\/#website","url":"https:\/\/www.nuevapescanova.com\/","name":"Nueva Pescanova","description":"","publisher":{"@id":"https:\/\/www.nuevapescanova.com\/#organization"},"potentialAction":[{"@type":"SearchAction","target":{"@type":"EntryPoint","urlTemplate":"https:\/\/www.nuevapescanova.com\/?s={search_term_string}"},"query-input":{"@type":"PropertyValueSpecification","valueRequired":true,"valueName":"search_term_string"}}],"inLanguage":"gl-ES"},{"@type":"Organization","@id":"https:\/\/www.nuevapescanova.com\/#organization","name":"Nueva Pescanova","url":"https:\/\/www.nuevapescanova.com\/","logo":{"@type":"ImageObject","inLanguage":"gl-ES","@id":"https:\/\/www.nuevapescanova.com\/#\/schema\/logo\/image\/","url":"https:\/\/www.nuevapescanova.com\/nuevapescanova\/wp-content\/uploads\/2023\/06\/Logo-Grupo-Nueva-Pescanova.jpg","contentUrl":"https:\/\/www.nuevapescanova.com\/nuevapescanova\/wp-content\/uploads\/2023\/06\/Logo-Grupo-Nueva-Pescanova.jpg","width":800,"height":398,"caption":"Nueva Pescanova"},"image":{"@id":"https:\/\/www.nuevapescanova.com\/#\/schema\/logo\/image\/"},"sameAs":["https:\/\/x.com\/PescanovaCorp","https:\/\/www.linkedin.com\/company\/nuevapescanova\/?originalSubdomain=es"]}]}},"_links":{"self":[{"href":"https:\/\/www.nuevapescanova.com\/gl\/wp-json\/wp\/v2\/pages\/16794","targetHints":{"allow":["GET"]}}],"collection":[{"href":"https:\/\/www.nuevapescanova.com\/gl\/wp-json\/wp\/v2\/pages"}],"about":[{"href":"https:\/\/www.nuevapescanova.com\/gl\/wp-json\/wp\/v2\/types\/page"}],"author":[{"embeddable":true,"href":"https:\/\/www.nuevapescanova.com\/gl\/wp-json\/wp\/v2\/users\/3"}],"replies":[{"embeddable":true,"href":"https:\/\/www.nuevapescanova.com\/gl\/wp-json\/wp\/v2\/comments?post=16794"}],"version-history":[{"count":17,"href":"https:\/\/www.nuevapescanova.com\/gl\/wp-json\/wp\/v2\/pages\/16794\/revisions"}],"predecessor-version":[{"id":46817,"href":"https:\/\/www.nuevapescanova.com\/gl\/wp-json\/wp\/v2\/pages\/16794\/revisions\/46817"}],"up":[{"embeddable":true,"href":"https:\/\/www.nuevapescanova.com\/gl\/wp-json\/wp\/v2\/pages\/16768"}],"wp:attachment":[{"href":"https:\/\/www.nuevapescanova.com\/gl\/wp-json\/wp\/v2\/media?parent=16794"}],"curies":[{"name":"wp","href":"https:\/\/api.w.org\/{rel}","templated":true}]}}