{"id":16811,"date":"2019-05-28T09:14:52","date_gmt":"2019-05-28T09:14:52","guid":{"rendered":"http:\/\/www.nuevapescanova.com\/compromiso\/responsabilidade-social-corporativa\/contribucion-al-desarrollo-sostenible\/"},"modified":"2025-09-19T12:07:07","modified_gmt":"2025-09-19T12:07:07","slug":"contribucion-ao-desenvolvemento-sustentable-2","status":"publish","type":"page","link":"https:\/\/www.nuevapescanova.com\/gl\/compromiso\/responsabilidade-social-corporativa-2\/contribucion-ao-desenvolvemento-sustentable-2\/","title":{"rendered":"Contribuci\u00f3n ao desenvolvemento sustentable"},"content":{"rendered":"<section class=\"wpb-content-wrapper\"><p>[vc_row css=&#8221;.vc_custom_1516629082762{margin-bottom: 30px !important;padding-bottom: 0px !important;background-color: #ffffff !important;}&#8221;][vc_column][vc_column_text el_class=&#8221;titulo&#8221; css=&#8221;.vc_custom_1604919642127{margin-top: 0px !important;padding-top: 0px !important;}&#8221;]Contribuci\u00f3n ao desenvolvemento sustentable[\/vc_column_text][vc_column_text]Os ODS gu\u00edan os nosos esforzos para protexer o medio ambiente e mellorar a vida das persoas. A trav\u00e9s do noso Programa de Acci\u00f3n Responsable (RAP), facemos un seguimento dos proxectos en todo o Grupo e medimos o seu impacto nos ODS.<\/p>\n<p>Os resultados destas acci\u00f3ns rec\u00f3llense no <a href=\"https:\/\/www.nuevapescanova.com\/nuevapescanova\/wp-content\/uploads\/2025\/09\/GNPVA-informe-ODS-2022-23-ES.pdf\" target=\"_blank\" rel=\"noopener\">Informe de Contribucion ao Desenvolvemento Sostible do Grupo Nueva Pescanova 2022<\/a>, estando tam\u00e9n dispo\u00f1ibles os informes de <a href=\"https:\/\/www.nuevapescanova.com\/nuevapescanova\/wp-content\/uploads\/2022\/10\/20220720_INFORME_ODS_2021_master.pdf\" target=\"_blank\" rel=\"noopener\">2021<\/a>, <a href=\"https:\/\/www.nuevapescanova.com\/nuevapescanova\/wp-content\/uploads\/2021\/06\/20210629-INFORME-ODS-2020.pdf\" target=\"_blank\" rel=\"noopener\"><u>2020<\/u><\/a>, <a href=\"https:\/\/www.nuevapescanova.com\/nuevapescanova\/wp-content\/uploads\/2020\/06\/20200515-II-INFORME-CONTRIB-DES-SOSTENIBLE-2.pdf\" target=\"_blank\" rel=\"noopener\"><u>2019<\/u><\/a> e <a href=\"https:\/\/www.nuevapescanova.com\/nuevapescanova\/wp-content\/uploads\/2020\/06\/Contribuci%C3%B3n-del-Grupo-Nueva-Pescanova-a-los-ODS.pdf\" target=\"_blank\" rel=\"noopener\"><u>2018<\/u><\/a>.<\/p>\n<h4>Ali\u00f1ados coa Axenda 2030 da ONU<\/h4>\n<p>No Grupo Nueva Pescanova consideramos a Axenda 2030 da ONU como unha folla de ruta para afrontar os retos globais. Os seus 17 Obxectivos de Desenvolvemento Sostible (ODS) destacan o papel do sector privado no impulso da produtividade, o crecemento inclusivo e a creaci\u00f3n de emprego.<\/p>\n<p>Ali\u00f1amos a nosa estratexia con estes obxectivos, facemos seguimento dos nosos avances e aspiramos a xerar impactos positivos e duradeiros para as persoas e o planeta.<\/p>\n<h4>Pacto Mundial das Naci\u00f3ns Unidas<\/h4>\n<p>Como membros da Rede Espa\u00f1ola do Pacto Mundial, apoiamos o Pacto Mundial das Naci\u00f3ns Unidas, a maior iniciativa do mundo en materia de responsabilidade empresarial.<\/p>\n<p>Adoptamos os seus 10 Principios sobre Dereitos Humanos, Dereitos Laborais, Medio Ambiente e Loita contra a Corrupci\u00f3n, incorpor\u00e1ndoos \u00e1 nosa estratexia, gobernanza e operaci\u00f3ns diarias. Isto reforza unha cultura de integridade e responsabilidade, baseada nos principais acordos internacionais.<\/p>\n<h4>Principios para un Oc\u00e9ano Sostible<\/h4>\n<p>Uns oc\u00e9anos saudables son esenciais, e as empresas deben actuar para protexelos. Subscribimos os Principios para un Oc\u00e9ano Sostible, integrando os seus 9 compromisos e apoiando os 5 obxectivos para un oc\u00e9ano pr\u00f3spero.<\/p>\n<p>Centramos os nosos esforzos nos produtos do mar sostibles, garantindo a trazabilidade completa de todos os produtos PESCANOVA, tanto se proceden das nosas propias operaci\u00f3ns como de provedores de confianza. Tam\u00e9n participamos no Di\u00e1logo Global sobre a Trazabilidade dos Produtos do Mar (GDST), adoptando e contribu\u00edndo aos seus est\u00e1ndares.<\/p>\n<h4>Comprometidos coa protecci\u00f3n da biodiversidade<\/h4>\n<p>Reco\u00f1ecemos que a biodiversidade \u00e9 esencial para a sa\u00fade dos ecosistemas, a sustentabilidade das pesqueir\u00edas e a resiliencia dos sistemas alimentarios, proporcionando servizos vitais como o ciclo de nutrientes, a captura de carbono, a depuraci\u00f3n da auga e a protecci\u00f3n costeira.<\/p>\n<p>Mediante pr\u00e1cticas responsables e colaboraci\u00f3ns con organizaci\u00f3ns ambientais e comunidades locais, protexemos os h\u00e1bitats, minimizamos os impactos nos ecosistemas e apoiamos proxectos de conservaci\u00f3n. Estas acci\u00f3ns contrib\u00faen a frear a perda de biodiversidade, fortalecer a resiliencia dos ecosistemas e preservar os recursos naturais para as futuras xeraci\u00f3ns.<\/p>\n<p>&nbsp;<\/p>\n<h4>Ambici\u00f3n clim\u00e1tica<\/h4>\n<p>A crise clim\u00e1tica \u00e9 un dos maiores desaf\u00edos actuais.<\/p>\n<p>En resposta ao chamamento \u00e1 acci\u00f3n do Pacto Mundial das Naci\u00f3ns Unidas, aspiramos a acadar a neutralidade nas emisi\u00f3ns de carbono para 2040. O noso plan de descarbonizaci\u00f3n incl\u00fae mellorar a eficiencia enerx\u00e9tica, pasarnos \u00e1s enerx\u00edas renovables, reducir as emisi\u00f3ns e compensar aquelas que a\u00ednda non se poidan eliminar.<\/p>\n<p>[\/vc_column_text][\/vc_column][\/vc_row][vc_row css=&#8221;.vc_custom_1516629063589{margin-bottom: 30px !important;padding-bottom: 0px !important;background-color: #ffffff !important;}&#8221;][vc_column][\/vc_column][\/vc_row][vc_row css=&#8221;.vc_custom_1516984658033{margin-top: 30px !important;padding-bottom: 0px !important;background-color: #ffffff !important;}&#8221;][vc_column css=&#8221;.vc_custom_1516619741069{margin-bottom: 0px !important;}&#8221;][vc_row_inner el_class=&#8221;sombra&#8221; css=&#8221;.vc_custom_1516620347065{margin-top: 0px !important;margin-bottom: 0px !important;padding-top: 0px !important;padding-bottom: 0px !important;}&#8221;][vc_column_inner width=&#8221;1\/4&#8243; css=&#8221;.vc_custom_1516620281776{margin-bottom: 0px !important;padding-bottom: 0px !important;}&#8221;]<div class=\"hover_box\"><a href=\"http:\/\/..\/compromiso\/responsabilidad-social-corporativa\/nuestro-compromiso-con-el-planeta\/\" ><div class=\"hover_box_wrapper\"><img loading=\"lazy\" decoding=\"async\" class=\"scale-with-grid visible_photo\" src=\"https:\/\/www.nuevapescanova.com\/nuevapescanova\/wp-content\/uploads\/2018\/01\/planeta-2.jpg\" alt=\"planeta\" width=\"400\" height=\"357\"\/><img loading=\"lazy\" decoding=\"async\" class=\"scale-with-grid hidden_photo\" src=\"https:\/\/www.nuevapescanova.com\/nuevapescanova\/wp-content\/uploads\/2018\/01\/planeta_on-1.jpg\" alt=\"planeta_on\" width=\"400\" height=\"357\"\/><\/div><\/a><\/div>\n[\/vc_column_inner][vc_column_inner width=&#8221;1\/4&#8243; css=&#8221;.vc_custom_1516620292200{margin-bottom: 0px !important;padding-bottom: 0px !important;}&#8221;]<div class=\"hover_box\"><a href=\"http:\/\/..\/compromiso\/responsabilidad-social-corporativa\/el-compromiso-con-nuestras-personas\/\" ><div class=\"hover_box_wrapper\"><img loading=\"lazy\" decoding=\"async\" class=\"scale-with-grid visible_photo\" src=\"https:\/\/www.nuevapescanova.com\/nuevapescanova\/wp-content\/uploads\/2020\/11\/personas-off-gal.png\" alt=\"personas-off-gal\" width=\"391\" height=\"349\"\/><img loading=\"lazy\" decoding=\"async\" class=\"scale-with-grid hidden_photo\" src=\"https:\/\/www.nuevapescanova.com\/nuevapescanova\/wp-content\/uploads\/2020\/11\/personas-on-gal.png\" alt=\"personas-on-gal\" width=\"391\" height=\"349\"\/><\/div><\/a><\/div>\n[\/vc_column_inner][vc_column_inner width=&#8221;1\/4&#8243; css=&#8221;.vc_custom_1516620287216{margin-bottom: 0px !important;padding-bottom: 0px !important;}&#8221;]<div class=\"hover_box\"><a href=\"http:\/\/..\/compromiso\/responsabilidad-social-corporativa\/el-compromiso-con-nuestro-producto\/\" ><div class=\"hover_box_wrapper\"><img loading=\"lazy\" decoding=\"async\" class=\"scale-with-grid visible_photo\" src=\"https:\/\/www.nuevapescanova.com\/nuevapescanova\/wp-content\/uploads\/2020\/11\/producto-on-gal.png\" alt=\"producto-on-gal\" width=\"392\" height=\"349\"\/><img loading=\"lazy\" decoding=\"async\" class=\"scale-with-grid hidden_photo\" src=\"https:\/\/www.nuevapescanova.com\/nuevapescanova\/wp-content\/uploads\/2020\/11\/producto-off_gal.png\" alt=\"producto-off_gal\" width=\"392\" height=\"349\"\/><\/div><\/a><\/div>\n[\/vc_column_inner][vc_column_inner width=&#8221;1\/4&#8243; css=&#8221;.vc_custom_1516620299548{margin-bottom: 0px !important;padding-bottom: 0px !important;}&#8221;]<div class=\"hover_box\"><a href=\"http:\/\/..\/compromiso\/responsabilidad-social-corporativa\/el-compromiso-con-las-comunidades\/\" ><div class=\"hover_box_wrapper\"><img loading=\"lazy\" decoding=\"async\" class=\"scale-with-grid visible_photo\" src=\"https:\/\/www.nuevapescanova.com\/nuevapescanova\/wp-content\/uploads\/2018\/01\/comunidades-2.jpg\" alt=\"comunidades\" width=\"400\" height=\"357\"\/><img loading=\"lazy\" decoding=\"async\" class=\"scale-with-grid hidden_photo\" src=\"https:\/\/www.nuevapescanova.com\/nuevapescanova\/wp-content\/uploads\/2018\/01\/comunidades-on-1.jpg\" alt=\"comunidades-on\" width=\"400\" height=\"357\"\/><\/div><\/a><\/div>\n[\/vc_column_inner][\/vc_row_inner][\/vc_column][\/vc_row][vc_row][vc_column][vc_empty_space height=&#8221;60px&#8221;][\/vc_column][\/vc_row]<\/p>\n<\/section>","protected":false},"excerpt":{"rendered":"<p>[vc_row css=&#8221;.vc_custom_1516629082762{margin-bottom: 30px !important;padding-bottom: 0px !important;background-color: #ffffff !important;}&#8221;][vc_column][vc_column_text el_class=&#8221;titulo&#8221; css=&#8221;.vc_custom_1604919642127{margin-top: 0px !important;padding-top: 0px !important;}&#8221;]Contribuci\u00f3n ao desenvolvemento sustentable[\/vc_column_text][vc_column_text]Os ODS gu\u00edan os nosos esforzos para protexer o medio<span class=\"excerpt-hellip\"> [\u2026]<\/span><\/p>\n","protected":false},"author":3,"featured_media":0,"parent":16768,"menu_order":0,"comment_status":"closed","ping_status":"closed","template":"","meta":{"_acf_changed":false,"footnotes":""},"class_list":["post-16811","page","type-page","status-publish","hentry"],"acf":[],"yoast_head":"<!-- This site is optimized with the Yoast SEO plugin v25.9 - https:\/\/yoast.com\/wordpress\/plugins\/seo\/ -->\n<title>Contribuci\u00f3n ao desenvolvemento sustentable - Nueva Pescanova<\/title>\n<meta name=\"robots\" content=\"index, follow, max-snippet:-1, max-image-preview:large, max-video-preview:-1\" \/>\n<link rel=\"canonical\" href=\"https:\/\/www.nuevapescanova.com\/gl\/compromiso\/responsabilidade-social-corporativa-2\/contribucion-ao-desenvolvemento-sustentable-2\/\" \/>\n<meta property=\"og:locale\" content=\"gl_ES\" \/>\n<meta property=\"og:type\" content=\"article\" \/>\n<meta property=\"og:title\" content=\"Contribuci\u00f3n ao desenvolvemento sustentable - Nueva Pescanova\" \/>\n<meta property=\"og:description\" content=\"[vc_row css=&#8221;.vc_custom_1516629082762{margin-bottom: 30px !important;padding-bottom: 0px !important;background-color: #ffffff !important;}&#8221;][vc_column][vc_column_text el_class=&#8221;titulo&#8221; css=&#8221;.vc_custom_1604919642127{margin-top: 0px !important;padding-top: 0px !important;}&#8221;]Contribuci\u00f3n ao desenvolvemento sustentable[\/vc_column_text][vc_column_text]Os ODS gu\u00edan os nosos esforzos para protexer o medio [\u2026]\" \/>\n<meta property=\"og:url\" content=\"https:\/\/www.nuevapescanova.com\/gl\/compromiso\/responsabilidade-social-corporativa-2\/contribucion-ao-desenvolvemento-sustentable-2\/\" \/>\n<meta property=\"og:site_name\" content=\"Nueva Pescanova\" \/>\n<meta property=\"article:modified_time\" content=\"2025-09-19T12:07:07+00:00\" \/>\n<meta name=\"twitter:card\" content=\"summary_large_image\" \/>\n<meta name=\"twitter:site\" content=\"@PescanovaCorp\" \/>\n<meta name=\"twitter:label1\" content=\"Est. reading time\" \/>\n\t<meta name=\"twitter:data1\" content=\"5 minutes\" \/>\n<script type=\"application\/ld+json\" class=\"yoast-schema-graph\">{\"@context\":\"https:\/\/schema.org\",\"@graph\":[{\"@type\":\"WebPage\",\"@id\":\"https:\/\/www.nuevapescanova.com\/gl\/compromiso\/responsabilidade-social-corporativa-2\/contribucion-ao-desenvolvemento-sustentable-2\/\",\"url\":\"https:\/\/www.nuevapescanova.com\/gl\/compromiso\/responsabilidade-social-corporativa-2\/contribucion-ao-desenvolvemento-sustentable-2\/\",\"name\":\"Contribuci\u00f3n ao desenvolvemento sustentable - Nueva Pescanova\",\"isPartOf\":{\"@id\":\"https:\/\/www.nuevapescanova.com\/#website\"},\"datePublished\":\"2019-05-28T09:14:52+00:00\",\"dateModified\":\"2025-09-19T12:07:07+00:00\",\"breadcrumb\":{\"@id\":\"https:\/\/www.nuevapescanova.com\/gl\/compromiso\/responsabilidade-social-corporativa-2\/contribucion-ao-desenvolvemento-sustentable-2\/#breadcrumb\"},\"inLanguage\":\"gl-ES\",\"potentialAction\":[{\"@type\":\"ReadAction\",\"target\":[\"https:\/\/www.nuevapescanova.com\/gl\/compromiso\/responsabilidade-social-corporativa-2\/contribucion-ao-desenvolvemento-sustentable-2\/\"]}]},{\"@type\":\"BreadcrumbList\",\"@id\":\"https:\/\/www.nuevapescanova.com\/gl\/compromiso\/responsabilidade-social-corporativa-2\/contribucion-ao-desenvolvemento-sustentable-2\/#breadcrumb\",\"itemListElement\":[{\"@type\":\"ListItem\",\"position\":1,\"name\":\"Portada\",\"item\":\"https:\/\/www.nuevapescanova.com\/gl\/\"},{\"@type\":\"ListItem\",\"position\":2,\"name\":\"Compromiso\",\"item\":\"https:\/\/www.nuevapescanova.com\/compromiso\/\"},{\"@type\":\"ListItem\",\"position\":3,\"name\":\"Responsabilidade Social Corporativa\",\"item\":\"https:\/\/www.nuevapescanova.com\/compromiso\/responsabilidad-social-corporativa-2\/\"},{\"@type\":\"ListItem\",\"position\":4,\"name\":\"Contribuci\u00f3n ao desenvolvemento sustentable\"}]},{\"@type\":\"WebSite\",\"@id\":\"https:\/\/www.nuevapescanova.com\/#website\",\"url\":\"https:\/\/www.nuevapescanova.com\/\",\"name\":\"Nueva Pescanova\",\"description\":\"\",\"publisher\":{\"@id\":\"https:\/\/www.nuevapescanova.com\/#organization\"},\"potentialAction\":[{\"@type\":\"SearchAction\",\"target\":{\"@type\":\"EntryPoint\",\"urlTemplate\":\"https:\/\/www.nuevapescanova.com\/?s={search_term_string}\"},\"query-input\":{\"@type\":\"PropertyValueSpecification\",\"valueRequired\":true,\"valueName\":\"search_term_string\"}}],\"inLanguage\":\"gl-ES\"},{\"@type\":\"Organization\",\"@id\":\"https:\/\/www.nuevapescanova.com\/#organization\",\"name\":\"Nueva Pescanova\",\"url\":\"https:\/\/www.nuevapescanova.com\/\",\"logo\":{\"@type\":\"ImageObject\",\"inLanguage\":\"gl-ES\",\"@id\":\"https:\/\/www.nuevapescanova.com\/#\/schema\/logo\/image\/\",\"url\":\"https:\/\/www.nuevapescanova.com\/nuevapescanova\/wp-content\/uploads\/2023\/06\/Logo-Grupo-Nueva-Pescanova.jpg\",\"contentUrl\":\"https:\/\/www.nuevapescanova.com\/nuevapescanova\/wp-content\/uploads\/2023\/06\/Logo-Grupo-Nueva-Pescanova.jpg\",\"width\":800,\"height\":398,\"caption\":\"Nueva Pescanova\"},\"image\":{\"@id\":\"https:\/\/www.nuevapescanova.com\/#\/schema\/logo\/image\/\"},\"sameAs\":[\"https:\/\/x.com\/PescanovaCorp\",\"https:\/\/www.linkedin.com\/company\/nuevapescanova\/?originalSubdomain=es\"]}]}<\/script>\n<!-- \/ Yoast SEO plugin. -->","yoast_head_json":{"title":"Contribuci\u00f3n ao desenvolvemento sustentable - Nueva Pescanova","robots":{"index":"index","follow":"follow","max-snippet":"max-snippet:-1","max-image-preview":"max-image-preview:large","max-video-preview":"max-video-preview:-1"},"canonical":"https:\/\/www.nuevapescanova.com\/gl\/compromiso\/responsabilidade-social-corporativa-2\/contribucion-ao-desenvolvemento-sustentable-2\/","og_locale":"gl_ES","og_type":"article","og_title":"Contribuci\u00f3n ao desenvolvemento sustentable - Nueva Pescanova","og_description":"[vc_row css=&#8221;.vc_custom_1516629082762{margin-bottom: 30px !important;padding-bottom: 0px !important;background-color: #ffffff !important;}&#8221;][vc_column][vc_column_text el_class=&#8221;titulo&#8221; css=&#8221;.vc_custom_1604919642127{margin-top: 0px !important;padding-top: 0px !important;}&#8221;]Contribuci\u00f3n ao desenvolvemento sustentable[\/vc_column_text][vc_column_text]Os ODS gu\u00edan os nosos esforzos para protexer o medio [\u2026]","og_url":"https:\/\/www.nuevapescanova.com\/gl\/compromiso\/responsabilidade-social-corporativa-2\/contribucion-ao-desenvolvemento-sustentable-2\/","og_site_name":"Nueva Pescanova","article_modified_time":"2025-09-19T12:07:07+00:00","twitter_card":"summary_large_image","twitter_site":"@PescanovaCorp","twitter_misc":{"Est. reading time":"5 minutes"},"schema":{"@context":"https:\/\/schema.org","@graph":[{"@type":"WebPage","@id":"https:\/\/www.nuevapescanova.com\/gl\/compromiso\/responsabilidade-social-corporativa-2\/contribucion-ao-desenvolvemento-sustentable-2\/","url":"https:\/\/www.nuevapescanova.com\/gl\/compromiso\/responsabilidade-social-corporativa-2\/contribucion-ao-desenvolvemento-sustentable-2\/","name":"Contribuci\u00f3n ao desenvolvemento sustentable - Nueva Pescanova","isPartOf":{"@id":"https:\/\/www.nuevapescanova.com\/#website"},"datePublished":"2019-05-28T09:14:52+00:00","dateModified":"2025-09-19T12:07:07+00:00","breadcrumb":{"@id":"https:\/\/www.nuevapescanova.com\/gl\/compromiso\/responsabilidade-social-corporativa-2\/contribucion-ao-desenvolvemento-sustentable-2\/#breadcrumb"},"inLanguage":"gl-ES","potentialAction":[{"@type":"ReadAction","target":["https:\/\/www.nuevapescanova.com\/gl\/compromiso\/responsabilidade-social-corporativa-2\/contribucion-ao-desenvolvemento-sustentable-2\/"]}]},{"@type":"BreadcrumbList","@id":"https:\/\/www.nuevapescanova.com\/gl\/compromiso\/responsabilidade-social-corporativa-2\/contribucion-ao-desenvolvemento-sustentable-2\/#breadcrumb","itemListElement":[{"@type":"ListItem","position":1,"name":"Portada","item":"https:\/\/www.nuevapescanova.com\/gl\/"},{"@type":"ListItem","position":2,"name":"Compromiso","item":"https:\/\/www.nuevapescanova.com\/compromiso\/"},{"@type":"ListItem","position":3,"name":"Responsabilidade Social Corporativa","item":"https:\/\/www.nuevapescanova.com\/compromiso\/responsabilidad-social-corporativa-2\/"},{"@type":"ListItem","position":4,"name":"Contribuci\u00f3n ao desenvolvemento sustentable"}]},{"@type":"WebSite","@id":"https:\/\/www.nuevapescanova.com\/#website","url":"https:\/\/www.nuevapescanova.com\/","name":"Nueva Pescanova","description":"","publisher":{"@id":"https:\/\/www.nuevapescanova.com\/#organization"},"potentialAction":[{"@type":"SearchAction","target":{"@type":"EntryPoint","urlTemplate":"https:\/\/www.nuevapescanova.com\/?s={search_term_string}"},"query-input":{"@type":"PropertyValueSpecification","valueRequired":true,"valueName":"search_term_string"}}],"inLanguage":"gl-ES"},{"@type":"Organization","@id":"https:\/\/www.nuevapescanova.com\/#organization","name":"Nueva Pescanova","url":"https:\/\/www.nuevapescanova.com\/","logo":{"@type":"ImageObject","inLanguage":"gl-ES","@id":"https:\/\/www.nuevapescanova.com\/#\/schema\/logo\/image\/","url":"https:\/\/www.nuevapescanova.com\/nuevapescanova\/wp-content\/uploads\/2023\/06\/Logo-Grupo-Nueva-Pescanova.jpg","contentUrl":"https:\/\/www.nuevapescanova.com\/nuevapescanova\/wp-content\/uploads\/2023\/06\/Logo-Grupo-Nueva-Pescanova.jpg","width":800,"height":398,"caption":"Nueva Pescanova"},"image":{"@id":"https:\/\/www.nuevapescanova.com\/#\/schema\/logo\/image\/"},"sameAs":["https:\/\/x.com\/PescanovaCorp","https:\/\/www.linkedin.com\/company\/nuevapescanova\/?originalSubdomain=es"]}]}},"_links":{"self":[{"href":"https:\/\/www.nuevapescanova.com\/gl\/wp-json\/wp\/v2\/pages\/16811","targetHints":{"allow":["GET"]}}],"collection":[{"href":"https:\/\/www.nuevapescanova.com\/gl\/wp-json\/wp\/v2\/pages"}],"about":[{"href":"https:\/\/www.nuevapescanova.com\/gl\/wp-json\/wp\/v2\/types\/page"}],"author":[{"embeddable":true,"href":"https:\/\/www.nuevapescanova.com\/gl\/wp-json\/wp\/v2\/users\/3"}],"replies":[{"embeddable":true,"href":"https:\/\/www.nuevapescanova.com\/gl\/wp-json\/wp\/v2\/comments?post=16811"}],"version-history":[{"count":26,"href":"https:\/\/www.nuevapescanova.com\/gl\/wp-json\/wp\/v2\/pages\/16811\/revisions"}],"predecessor-version":[{"id":46290,"href":"https:\/\/www.nuevapescanova.com\/gl\/wp-json\/wp\/v2\/pages\/16811\/revisions\/46290"}],"up":[{"embeddable":true,"href":"https:\/\/www.nuevapescanova.com\/gl\/wp-json\/wp\/v2\/pages\/16768"}],"wp:attachment":[{"href":"https:\/\/www.nuevapescanova.com\/gl\/wp-json\/wp\/v2\/media?parent=16811"}],"curies":[{"name":"wp","href":"https:\/\/api.w.org\/{rel}","templated":true}]}}