{"id":16888,"date":"2019-06-25T16:30:55","date_gmt":"2019-06-25T16:30:55","guid":{"rendered":"http:\/\/www.nuevapescanova.com\/compromiso\/responsabilidade-social-corporativa\/analisis-de-materialidad\/"},"modified":"2026-02-03T10:32:57","modified_gmt":"2026-02-03T10:32:57","slug":"analise-de-materialidade","status":"publish","type":"page","link":"https:\/\/www.nuevapescanova.com\/gl\/compromiso\/responsabilidade-social-corporativa-2\/analise-de-materialidade\/","title":{"rendered":"Materialidade"},"content":{"rendered":"<section class=\"wpb-content-wrapper\"><p>[vc_row css=&#8221;.vc_custom_1516629082762{margin-bottom: 30px !important;padding-bottom: 0px !important;background-color: #ffffff !important;}&#8221;][vc_column][vc_column_text el_class=&#8221;titulo&#8221; css=&#8221;.vc_custom_1675760542072{margin-top: 0px !important;padding-top: 0px !important;}&#8221;]Materialidade[\/vc_column_text][vc_row_inner el_class=&#8221;sombra&#8221; css=&#8221;.vc_custom_1516627142348{margin-top: 0px !important;margin-bottom: 0px !important;padding-top: 0px !important;padding-bottom: 0px !important;}&#8221;][vc_column_inner css=&#8221;.vc_custom_1516627862820{margin-bottom: 0px !important;padding-bottom: 0px !important;}&#8221;][vc_column_text]<\/p>\n<h3><strong>Relaci\u00f3ns cos nosos grupos de interese<\/strong><\/h3>\n<p>A <strong>Pol\u00edtica Corporativa de Relaci\u00f3ns Institucionais do Grupo Nueva Pescanova<\/strong> ten como obxectivo establecer e desenvolver un marco de Relaci\u00f3ns Institucionais cos nosos grupos de interese baseado na colaboraci\u00f3n, a transparencia, a implicaci\u00f3n e a comunicaci\u00f3n bidireccional capaz de constru\u00edr relaci\u00f3ns de confianza de forma continuada. Estas relaci\u00f3ns bas\u00e9anse en s\u00f3lidos principios de \u00e9tica empresarial e integridade institucional, igualdade de trato, non discriminaci\u00f3n e escoita activa, que permiten ter en conta os lex\u00edtimos intereses e expectativas dos colectivos, para informar de forma eficaz sobre as actividades e negocios do Grupo Nueva Pescanova.<\/p>\n<p>Partindo destes principios, dese\u00f1amos o noso plan de <a href=\"https:\/\/www.nuevapescanova.com\/nuevapescanova\/wp-content\/uploads\/2025\/10\/GNPVA-Gestion-Relaciones-Grupos-de-Interes-ES.pdf\" target=\"_blank\" rel=\"noopener\"><u>Xesti\u00f3n das Relaci\u00f3ns cos Grupos de Interese<\/u><\/a>, reco\u00f1ecendo que \u00e9 unha cuesti\u00f3n esencial para pautar, entre outras, as nosas estratexias de materialidade e transparencia, axud\u00e1ndonos a asegurar un modelo de negocio responsable e sustentable.<\/p>\n<p>Queremos seguir promovendo a implicaci\u00f3n dos nosos grupos de interese na creaci\u00f3n de valor compartido polas empresas do Grupo Nueva Pescanova, en resposta aos seus lex\u00edtimos intereses e expectativas, para xerar confianza e consolidar a reputaci\u00f3n corporativa do Grupo, as\u00ed como para reforzar a implicaci\u00f3n coas comunidades nas que estamos presentes, promovendo o seu desenvolvemento sustentable.<\/p>\n<p>&nbsp;<\/p>\n<h3><strong>An\u00e1lise de materialidade<\/strong><\/h3>\n<p>A materialidade \u00e9 un concepto fundamental na xesti\u00f3n empresarial, xa que permite \u00e1s organizaci\u00f3ns identificar os aspectos m\u00e1is relevantes, aqueles que requiren unha adecuada priorizaci\u00f3n e unha xesti\u00f3n activa: os asuntos materiais.<\/p>\n<p>No contexto normativo actual do reporte corporativo, o concepto de dobre materialidade adquiriu unha relevancia crecente. Este enfoque analiza, por unha banda, como os riscos e oportunidades relacionados coa sustentabilidade \u2014no seu sentido m\u00e1is amplo\u2014 poden influ\u00edr de maneira significativa na creaci\u00f3n de valor do negocio e, por outra, como a actividade da compa\u00f1\u00eda impacta na sociedade e no medio ambiente. Adoptar unha perspectiva de dobre materialidade permite obter unha visi\u00f3n m\u00e1is completa e rigorosa do noso desempe\u00f1o, apoiando a toma de decisi\u00f3ns estrat\u00e9xicas ali\u00f1adas tanto coa normativa vixente como coas expectativas dos nosos grupos de interese.<\/p>\n<p>Como parte da nosa <strong>Avaliaci\u00f3n de Dobre Materialidade<\/strong>, identificamos e avaliamos de maneira sistem\u00e1tica os impactos reais e potenciais das nosas actividades sobre o contorno e a sociedade, as\u00ed como os riscos e oportunidades relacionados coa sustentabilidade que poden afectar ao noso negocio. A aplicaci\u00f3n deste marco ao longo das nosas operaci\u00f3ns e de toda a cadea de valor permitiunos desenvolver unha matriz de dobre materialidade, priorizando os principais Impactos, Riscos e Oportunidades (IROs) e establecendo unha base s\u00f3lida para o seu seguimento continuo e a s\u00faa integraci\u00f3n na estratexia corporativa.<\/p>\n<p>A nosa an\u00e1lise pon de manifesto que os \u00e1mbitos de sustentabilidade m\u00e1is relevantes desde unha perspectiva estrat\u00e9xica incl\u00faen <strong>E1 (Cambio Clim\u00e1tico)<\/strong>, <strong>E3 (Recursos H\u00eddricos e Mari\u00f1os)<\/strong>, <strong>E4 (Biodiversidade e Ecosistemas)<\/strong>, <strong>S1 (Cadro de Persoal Pr\u00f3prio)<\/strong> e <strong>S4 (Consumidores e Usuarios Finais)<\/strong>. Estes subtemas constit\u00faen \u00e1reas prioritarias para a compa\u00f1\u00eda e orientan os nosos esforzos para xestionar os riscos, aproveitar as oportunidades, mitigar os impactos negativos e potenciar os positivos.<\/p>\n<p>Para co\u00f1ecer en detalle os resultados deste proceso, convid\u00e1moste a descargar o <a href=\"https:\/\/www.nuevapescanova.com\/nuevapescanova\/wp-content\/uploads\/2026\/02\/GNPVA-Doble-Materialidad-2025-ES.pdf\" target=\"_blank\" rel=\"noopener\">Informe de Dobre Materialidade 2025<\/a>\u00a0do Grupo Nueva Pescanova (en castel\u00e1n).<\/p>\n<p>Tam\u00e9n podes consultar as an\u00e1lises de materialidade de <a href=\"https:\/\/www.nuevapescanova.com\/nuevapescanova\/wp-content\/uploads\/2023\/01\/GNPVA-Analisis-de-Materialidad-2023-ES.pdf\" target=\"_blank\" rel=\"noopener\">2023<\/a>, <a href=\"http:\/\/www.nuevapescanova.com\/nuevapescanova\/wp-content\/uploads\/2021\/04\/20210414-Analisis-de-Materialidad-2021-ES.pdf\" target=\"_blank\" rel=\"noopener\">2021<\/a> e <a href=\"http:\/\/www.nuevapescanova.com\/nuevapescanova\/wp-content\/uploads\/2019\/06\/20190205-Analisis-de-Materialidad-FINAL-ES.pdf\" target=\"_blank\" rel=\"noopener\">2019<\/a>.<\/p>\n<p>&nbsp;<\/p>\n<h5>Matriz de Dobre Materialidade 20205 do Grupo Nueva Pescanova:<\/h5>\n<p><a href=\"https:\/\/www.nuevapescanova.com\/nuevapescanova\/wp-content\/uploads\/2026\/02\/MatrizMaterialidad_ES-scaled.png\"><img loading=\"lazy\" decoding=\"async\" class=\"alignleft size-full wp-image-47366\" src=\"https:\/\/www.nuevapescanova.com\/nuevapescanova\/wp-content\/uploads\/2026\/02\/MatrizMaterialidad_ES-scaled.png\" alt=\"\" width=\"2560\" height=\"1853\" srcset=\"https:\/\/www.nuevapescanova.com\/nuevapescanova\/wp-content\/uploads\/2026\/02\/MatrizMaterialidad_ES-scaled.png 2560w, https:\/\/www.nuevapescanova.com\/nuevapescanova\/wp-content\/uploads\/2026\/02\/MatrizMaterialidad_ES-300x217.png 300w, https:\/\/www.nuevapescanova.com\/nuevapescanova\/wp-content\/uploads\/2026\/02\/MatrizMaterialidad_ES-768x556.png 768w, https:\/\/www.nuevapescanova.com\/nuevapescanova\/wp-content\/uploads\/2026\/02\/MatrizMaterialidad_ES-1536x1112.png 1536w, https:\/\/www.nuevapescanova.com\/nuevapescanova\/wp-content\/uploads\/2026\/02\/MatrizMaterialidad_ES-2048x1482.png 2048w, https:\/\/www.nuevapescanova.com\/nuevapescanova\/wp-content\/uploads\/2026\/02\/MatrizMaterialidad_ES-202x146.png 202w, https:\/\/www.nuevapescanova.com\/nuevapescanova\/wp-content\/uploads\/2026\/02\/MatrizMaterialidad_ES-50x36.png 50w, https:\/\/www.nuevapescanova.com\/nuevapescanova\/wp-content\/uploads\/2026\/02\/MatrizMaterialidad_ES-104x75.png 104w\" sizes=\"auto, (max-width: 2560px) 100vw, 2560px\" \/><\/a>[\/vc_column_text][\/vc_column_inner][\/vc_row_inner][\/vc_column][\/vc_row][vc_row css=&#8221;.vc_custom_1516984658033{margin-top: 30px !important;padding-bottom: 0px !important;background-color: #ffffff !important;}&#8221;][vc_column css=&#8221;.vc_custom_1516619741069{margin-bottom: 0px !important;}&#8221;][vc_row_inner el_class=&#8221;sombra&#8221; css=&#8221;.vc_custom_1516620347065{margin-top: 0px !important;margin-bottom: 0px !important;padding-top: 0px !important;padding-bottom: 0px !important;}&#8221;][vc_column_inner width=&#8221;1\/4&#8243; css=&#8221;.vc_custom_1516620281776{margin-bottom: 0px !important;padding-bottom: 0px !important;}&#8221;]<div class=\"hover_box\"><a href=\"https:\/\/www.nuevapescanova.com\/gl\/compromiso\/responsabilidade-social-corporativa-2\/o-noso-compromiso-co-planeta\/\" ><div class=\"hover_box_wrapper\"><img loading=\"lazy\" decoding=\"async\" class=\"scale-with-grid visible_photo\" src=\"https:\/\/www.nuevapescanova.com\/nuevapescanova\/wp-content\/uploads\/2018\/01\/planeta-2.jpg\" alt=\"planeta\" width=\"400\" height=\"357\"\/><img loading=\"lazy\" decoding=\"async\" class=\"scale-with-grid hidden_photo\" src=\"https:\/\/www.nuevapescanova.com\/nuevapescanova\/wp-content\/uploads\/2018\/01\/planeta_on-1.jpg\" alt=\"planeta_on\" width=\"400\" height=\"357\"\/><\/div><\/a><\/div>\n[\/vc_column_inner][vc_column_inner width=&#8221;1\/4&#8243; css=&#8221;.vc_custom_1516620292200{margin-bottom: 0px !important;padding-bottom: 0px !important;}&#8221;]<div class=\"hover_box\"><a href=\"https:\/\/www.nuevapescanova.com\/gl\/compromiso\/responsabilidade-social-corporativa-2\/o-compromiso-coas-nosas-persoas\/\" ><div class=\"hover_box_wrapper\"><img loading=\"lazy\" decoding=\"async\" class=\"scale-with-grid visible_photo\" src=\"https:\/\/www.nuevapescanova.com\/nuevapescanova\/wp-content\/uploads\/2020\/11\/personas-off-gal.png\" alt=\"personas-off-gal\" width=\"391\" height=\"349\"\/><img loading=\"lazy\" decoding=\"async\" class=\"scale-with-grid hidden_photo\" src=\"https:\/\/www.nuevapescanova.com\/nuevapescanova\/wp-content\/uploads\/2020\/11\/personas-on-gal.png\" alt=\"personas-on-gal\" width=\"391\" height=\"349\"\/><\/div><\/a><\/div>\n[\/vc_column_inner][vc_column_inner width=&#8221;1\/4&#8243; css=&#8221;.vc_custom_1516620287216{margin-bottom: 0px !important;padding-bottom: 0px !important;}&#8221;]<div class=\"hover_box\"><a href=\"https:\/\/www.nuevapescanova.com\/gl\/compromiso\/responsabilidade-social-corporativa-2\/o-compromiso-co-noso-produto\/\" ><div class=\"hover_box_wrapper\"><img loading=\"lazy\" decoding=\"async\" class=\"scale-with-grid visible_photo\" src=\"https:\/\/www.nuevapescanova.com\/nuevapescanova\/wp-content\/uploads\/2020\/11\/producto-on-gal.png\" alt=\"producto-on-gal\" width=\"392\" height=\"349\"\/><img loading=\"lazy\" decoding=\"async\" class=\"scale-with-grid hidden_photo\" src=\"https:\/\/www.nuevapescanova.com\/nuevapescanova\/wp-content\/uploads\/2020\/11\/producto-off_gal.png\" alt=\"producto-off_gal\" width=\"392\" height=\"349\"\/><\/div><\/a><\/div>\n[\/vc_column_inner][vc_column_inner width=&#8221;1\/4&#8243; css=&#8221;.vc_custom_1516620299548{margin-bottom: 0px !important;padding-bottom: 0px !important;}&#8221;]<div class=\"hover_box\"><a href=\"https:\/\/www.nuevapescanova.com\/gl\/compromiso\/responsabilidade-social-corporativa-2\/o-compromiso-coas-comunidades\/\" ><div class=\"hover_box_wrapper\"><img loading=\"lazy\" decoding=\"async\" class=\"scale-with-grid visible_photo\" src=\"https:\/\/www.nuevapescanova.com\/nuevapescanova\/wp-content\/uploads\/2018\/01\/comunidades-2.jpg\" alt=\"comunidades\" width=\"400\" height=\"357\"\/><img loading=\"lazy\" decoding=\"async\" class=\"scale-with-grid hidden_photo\" src=\"https:\/\/www.nuevapescanova.com\/nuevapescanova\/wp-content\/uploads\/2018\/01\/comunidades-on-1.jpg\" alt=\"comunidades-on\" width=\"400\" height=\"357\"\/><\/div><\/a><\/div>\n[\/vc_column_inner][\/vc_row_inner][\/vc_column][\/vc_row][vc_row][vc_column][vc_empty_space height=&#8221;60px&#8221;][\/vc_column][\/vc_row]<\/p>\n<\/section>","protected":false},"excerpt":{"rendered":"<p>[vc_row css=&#8221;.vc_custom_1516629082762{margin-bottom: 30px !important;padding-bottom: 0px !important;background-color: #ffffff !important;}&#8221;][vc_column][vc_column_text el_class=&#8221;titulo&#8221; css=&#8221;.vc_custom_1675760542072{margin-top: 0px !important;padding-top: 0px !important;}&#8221;]Materialidade[\/vc_column_text][vc_row_inner el_class=&#8221;sombra&#8221; css=&#8221;.vc_custom_1516627142348{margin-top: 0px !important;margin-bottom: 0px !important;padding-top: 0px !important;padding-bottom: 0px !important;}&#8221;][vc_column_inner css=&#8221;.vc_custom_1516627862820{margin-bottom: 0px<span class=\"excerpt-hellip\"> [\u2026]<\/span><\/p>\n","protected":false},"author":3,"featured_media":0,"parent":16768,"menu_order":0,"comment_status":"closed","ping_status":"closed","template":"","meta":{"_acf_changed":false,"footnotes":""},"class_list":["post-16888","page","type-page","status-publish","hentry"],"acf":[],"yoast_head":"<!-- This site is optimized with the Yoast SEO plugin v25.9 - https:\/\/yoast.com\/wordpress\/plugins\/seo\/ -->\n<title>Materialidade - Nueva Pescanova<\/title>\n<meta name=\"robots\" content=\"index, follow, max-snippet:-1, max-image-preview:large, max-video-preview:-1\" \/>\n<link rel=\"canonical\" href=\"https:\/\/www.nuevapescanova.com\/gl\/compromiso\/responsabilidade-social-corporativa-2\/analise-de-materialidade\/\" \/>\n<meta property=\"og:locale\" content=\"gl_ES\" \/>\n<meta property=\"og:type\" content=\"article\" \/>\n<meta property=\"og:title\" content=\"Materialidade - Nueva Pescanova\" \/>\n<meta property=\"og:description\" content=\"[vc_row css=&#8221;.vc_custom_1516629082762{margin-bottom: 30px !important;padding-bottom: 0px !important;background-color: #ffffff !important;}&#8221;][vc_column][vc_column_text el_class=&#8221;titulo&#8221; css=&#8221;.vc_custom_1675760542072{margin-top: 0px !important;padding-top: 0px !important;}&#8221;]Materialidade[\/vc_column_text][vc_row_inner el_class=&#8221;sombra&#8221; css=&#8221;.vc_custom_1516627142348{margin-top: 0px !important;margin-bottom: 0px !important;padding-top: 0px !important;padding-bottom: 0px !important;}&#8221;][vc_column_inner css=&#8221;.vc_custom_1516627862820{margin-bottom: 0px [\u2026]\" \/>\n<meta property=\"og:url\" content=\"https:\/\/www.nuevapescanova.com\/gl\/compromiso\/responsabilidade-social-corporativa-2\/analise-de-materialidade\/\" \/>\n<meta property=\"og:site_name\" content=\"Nueva Pescanova\" \/>\n<meta property=\"article:modified_time\" content=\"2026-02-03T10:32:57+00:00\" \/>\n<meta property=\"og:image\" content=\"https:\/\/www.nuevapescanova.com\/nuevapescanova\/wp-content\/uploads\/2026\/02\/MatrizMaterialidad_ES-scaled.png\" \/>\n\t<meta property=\"og:image:width\" content=\"2560\" \/>\n\t<meta property=\"og:image:height\" content=\"1853\" \/>\n\t<meta property=\"og:image:type\" content=\"image\/png\" \/>\n<meta name=\"twitter:card\" content=\"summary_large_image\" \/>\n<meta name=\"twitter:site\" content=\"@PescanovaCorp\" \/>\n<meta name=\"twitter:label1\" content=\"Est. reading time\" \/>\n\t<meta name=\"twitter:data1\" content=\"4 minutes\" \/>\n<script type=\"application\/ld+json\" class=\"yoast-schema-graph\">{\"@context\":\"https:\/\/schema.org\",\"@graph\":[{\"@type\":\"WebPage\",\"@id\":\"https:\/\/www.nuevapescanova.com\/gl\/compromiso\/responsabilidade-social-corporativa-2\/analise-de-materialidade\/\",\"url\":\"https:\/\/www.nuevapescanova.com\/gl\/compromiso\/responsabilidade-social-corporativa-2\/analise-de-materialidade\/\",\"name\":\"Materialidade - Nueva Pescanova\",\"isPartOf\":{\"@id\":\"https:\/\/www.nuevapescanova.com\/#website\"},\"primaryImageOfPage\":{\"@id\":\"https:\/\/www.nuevapescanova.com\/gl\/compromiso\/responsabilidade-social-corporativa-2\/analise-de-materialidade\/#primaryimage\"},\"image\":{\"@id\":\"https:\/\/www.nuevapescanova.com\/gl\/compromiso\/responsabilidade-social-corporativa-2\/analise-de-materialidade\/#primaryimage\"},\"thumbnailUrl\":\"https:\/\/www.nuevapescanova.com\/nuevapescanova\/wp-content\/uploads\/2026\/02\/MatrizMaterialidad_ES-scaled.png\",\"datePublished\":\"2019-06-25T16:30:55+00:00\",\"dateModified\":\"2026-02-03T10:32:57+00:00\",\"breadcrumb\":{\"@id\":\"https:\/\/www.nuevapescanova.com\/gl\/compromiso\/responsabilidade-social-corporativa-2\/analise-de-materialidade\/#breadcrumb\"},\"inLanguage\":\"gl-ES\",\"potentialAction\":[{\"@type\":\"ReadAction\",\"target\":[\"https:\/\/www.nuevapescanova.com\/gl\/compromiso\/responsabilidade-social-corporativa-2\/analise-de-materialidade\/\"]}]},{\"@type\":\"ImageObject\",\"inLanguage\":\"gl-ES\",\"@id\":\"https:\/\/www.nuevapescanova.com\/gl\/compromiso\/responsabilidade-social-corporativa-2\/analise-de-materialidade\/#primaryimage\",\"url\":\"https:\/\/www.nuevapescanova.com\/nuevapescanova\/wp-content\/uploads\/2026\/02\/MatrizMaterialidad_ES-scaled.png\",\"contentUrl\":\"https:\/\/www.nuevapescanova.com\/nuevapescanova\/wp-content\/uploads\/2026\/02\/MatrizMaterialidad_ES-scaled.png\"},{\"@type\":\"BreadcrumbList\",\"@id\":\"https:\/\/www.nuevapescanova.com\/gl\/compromiso\/responsabilidade-social-corporativa-2\/analise-de-materialidade\/#breadcrumb\",\"itemListElement\":[{\"@type\":\"ListItem\",\"position\":1,\"name\":\"Portada\",\"item\":\"https:\/\/www.nuevapescanova.com\/gl\/\"},{\"@type\":\"ListItem\",\"position\":2,\"name\":\"Compromiso\",\"item\":\"https:\/\/www.nuevapescanova.com\/compromiso\/\"},{\"@type\":\"ListItem\",\"position\":3,\"name\":\"Responsabilidade Social Corporativa\",\"item\":\"https:\/\/www.nuevapescanova.com\/compromiso\/responsabilidad-social-corporativa-2\/\"},{\"@type\":\"ListItem\",\"position\":4,\"name\":\"Materialidade\"}]},{\"@type\":\"WebSite\",\"@id\":\"https:\/\/www.nuevapescanova.com\/#website\",\"url\":\"https:\/\/www.nuevapescanova.com\/\",\"name\":\"Nueva Pescanova\",\"description\":\"\",\"publisher\":{\"@id\":\"https:\/\/www.nuevapescanova.com\/#organization\"},\"potentialAction\":[{\"@type\":\"SearchAction\",\"target\":{\"@type\":\"EntryPoint\",\"urlTemplate\":\"https:\/\/www.nuevapescanova.com\/?s={search_term_string}\"},\"query-input\":{\"@type\":\"PropertyValueSpecification\",\"valueRequired\":true,\"valueName\":\"search_term_string\"}}],\"inLanguage\":\"gl-ES\"},{\"@type\":\"Organization\",\"@id\":\"https:\/\/www.nuevapescanova.com\/#organization\",\"name\":\"Nueva Pescanova\",\"url\":\"https:\/\/www.nuevapescanova.com\/\",\"logo\":{\"@type\":\"ImageObject\",\"inLanguage\":\"gl-ES\",\"@id\":\"https:\/\/www.nuevapescanova.com\/#\/schema\/logo\/image\/\",\"url\":\"https:\/\/www.nuevapescanova.com\/nuevapescanova\/wp-content\/uploads\/2023\/06\/Logo-Grupo-Nueva-Pescanova.jpg\",\"contentUrl\":\"https:\/\/www.nuevapescanova.com\/nuevapescanova\/wp-content\/uploads\/2023\/06\/Logo-Grupo-Nueva-Pescanova.jpg\",\"width\":800,\"height\":398,\"caption\":\"Nueva Pescanova\"},\"image\":{\"@id\":\"https:\/\/www.nuevapescanova.com\/#\/schema\/logo\/image\/\"},\"sameAs\":[\"https:\/\/x.com\/PescanovaCorp\",\"https:\/\/www.linkedin.com\/company\/nuevapescanova\/?originalSubdomain=es\"]}]}<\/script>\n<!-- \/ Yoast SEO plugin. -->","yoast_head_json":{"title":"Materialidade - Nueva Pescanova","robots":{"index":"index","follow":"follow","max-snippet":"max-snippet:-1","max-image-preview":"max-image-preview:large","max-video-preview":"max-video-preview:-1"},"canonical":"https:\/\/www.nuevapescanova.com\/gl\/compromiso\/responsabilidade-social-corporativa-2\/analise-de-materialidade\/","og_locale":"gl_ES","og_type":"article","og_title":"Materialidade - Nueva Pescanova","og_description":"[vc_row css=&#8221;.vc_custom_1516629082762{margin-bottom: 30px !important;padding-bottom: 0px !important;background-color: #ffffff !important;}&#8221;][vc_column][vc_column_text el_class=&#8221;titulo&#8221; css=&#8221;.vc_custom_1675760542072{margin-top: 0px !important;padding-top: 0px !important;}&#8221;]Materialidade[\/vc_column_text][vc_row_inner el_class=&#8221;sombra&#8221; css=&#8221;.vc_custom_1516627142348{margin-top: 0px !important;margin-bottom: 0px !important;padding-top: 0px !important;padding-bottom: 0px !important;}&#8221;][vc_column_inner css=&#8221;.vc_custom_1516627862820{margin-bottom: 0px [\u2026]","og_url":"https:\/\/www.nuevapescanova.com\/gl\/compromiso\/responsabilidade-social-corporativa-2\/analise-de-materialidade\/","og_site_name":"Nueva Pescanova","article_modified_time":"2026-02-03T10:32:57+00:00","og_image":[{"width":2560,"height":1853,"url":"https:\/\/www.nuevapescanova.com\/nuevapescanova\/wp-content\/uploads\/2026\/02\/MatrizMaterialidad_ES-scaled.png","type":"image\/png"}],"twitter_card":"summary_large_image","twitter_site":"@PescanovaCorp","twitter_misc":{"Est. reading time":"4 minutes"},"schema":{"@context":"https:\/\/schema.org","@graph":[{"@type":"WebPage","@id":"https:\/\/www.nuevapescanova.com\/gl\/compromiso\/responsabilidade-social-corporativa-2\/analise-de-materialidade\/","url":"https:\/\/www.nuevapescanova.com\/gl\/compromiso\/responsabilidade-social-corporativa-2\/analise-de-materialidade\/","name":"Materialidade - Nueva Pescanova","isPartOf":{"@id":"https:\/\/www.nuevapescanova.com\/#website"},"primaryImageOfPage":{"@id":"https:\/\/www.nuevapescanova.com\/gl\/compromiso\/responsabilidade-social-corporativa-2\/analise-de-materialidade\/#primaryimage"},"image":{"@id":"https:\/\/www.nuevapescanova.com\/gl\/compromiso\/responsabilidade-social-corporativa-2\/analise-de-materialidade\/#primaryimage"},"thumbnailUrl":"https:\/\/www.nuevapescanova.com\/nuevapescanova\/wp-content\/uploads\/2026\/02\/MatrizMaterialidad_ES-scaled.png","datePublished":"2019-06-25T16:30:55+00:00","dateModified":"2026-02-03T10:32:57+00:00","breadcrumb":{"@id":"https:\/\/www.nuevapescanova.com\/gl\/compromiso\/responsabilidade-social-corporativa-2\/analise-de-materialidade\/#breadcrumb"},"inLanguage":"gl-ES","potentialAction":[{"@type":"ReadAction","target":["https:\/\/www.nuevapescanova.com\/gl\/compromiso\/responsabilidade-social-corporativa-2\/analise-de-materialidade\/"]}]},{"@type":"ImageObject","inLanguage":"gl-ES","@id":"https:\/\/www.nuevapescanova.com\/gl\/compromiso\/responsabilidade-social-corporativa-2\/analise-de-materialidade\/#primaryimage","url":"https:\/\/www.nuevapescanova.com\/nuevapescanova\/wp-content\/uploads\/2026\/02\/MatrizMaterialidad_ES-scaled.png","contentUrl":"https:\/\/www.nuevapescanova.com\/nuevapescanova\/wp-content\/uploads\/2026\/02\/MatrizMaterialidad_ES-scaled.png"},{"@type":"BreadcrumbList","@id":"https:\/\/www.nuevapescanova.com\/gl\/compromiso\/responsabilidade-social-corporativa-2\/analise-de-materialidade\/#breadcrumb","itemListElement":[{"@type":"ListItem","position":1,"name":"Portada","item":"https:\/\/www.nuevapescanova.com\/gl\/"},{"@type":"ListItem","position":2,"name":"Compromiso","item":"https:\/\/www.nuevapescanova.com\/compromiso\/"},{"@type":"ListItem","position":3,"name":"Responsabilidade Social Corporativa","item":"https:\/\/www.nuevapescanova.com\/compromiso\/responsabilidad-social-corporativa-2\/"},{"@type":"ListItem","position":4,"name":"Materialidade"}]},{"@type":"WebSite","@id":"https:\/\/www.nuevapescanova.com\/#website","url":"https:\/\/www.nuevapescanova.com\/","name":"Nueva Pescanova","description":"","publisher":{"@id":"https:\/\/www.nuevapescanova.com\/#organization"},"potentialAction":[{"@type":"SearchAction","target":{"@type":"EntryPoint","urlTemplate":"https:\/\/www.nuevapescanova.com\/?s={search_term_string}"},"query-input":{"@type":"PropertyValueSpecification","valueRequired":true,"valueName":"search_term_string"}}],"inLanguage":"gl-ES"},{"@type":"Organization","@id":"https:\/\/www.nuevapescanova.com\/#organization","name":"Nueva Pescanova","url":"https:\/\/www.nuevapescanova.com\/","logo":{"@type":"ImageObject","inLanguage":"gl-ES","@id":"https:\/\/www.nuevapescanova.com\/#\/schema\/logo\/image\/","url":"https:\/\/www.nuevapescanova.com\/nuevapescanova\/wp-content\/uploads\/2023\/06\/Logo-Grupo-Nueva-Pescanova.jpg","contentUrl":"https:\/\/www.nuevapescanova.com\/nuevapescanova\/wp-content\/uploads\/2023\/06\/Logo-Grupo-Nueva-Pescanova.jpg","width":800,"height":398,"caption":"Nueva Pescanova"},"image":{"@id":"https:\/\/www.nuevapescanova.com\/#\/schema\/logo\/image\/"},"sameAs":["https:\/\/x.com\/PescanovaCorp","https:\/\/www.linkedin.com\/company\/nuevapescanova\/?originalSubdomain=es"]}]}},"_links":{"self":[{"href":"https:\/\/www.nuevapescanova.com\/gl\/wp-json\/wp\/v2\/pages\/16888","targetHints":{"allow":["GET"]}}],"collection":[{"href":"https:\/\/www.nuevapescanova.com\/gl\/wp-json\/wp\/v2\/pages"}],"about":[{"href":"https:\/\/www.nuevapescanova.com\/gl\/wp-json\/wp\/v2\/types\/page"}],"author":[{"embeddable":true,"href":"https:\/\/www.nuevapescanova.com\/gl\/wp-json\/wp\/v2\/users\/3"}],"replies":[{"embeddable":true,"href":"https:\/\/www.nuevapescanova.com\/gl\/wp-json\/wp\/v2\/comments?post=16888"}],"version-history":[{"count":16,"href":"https:\/\/www.nuevapescanova.com\/gl\/wp-json\/wp\/v2\/pages\/16888\/revisions"}],"predecessor-version":[{"id":47382,"href":"https:\/\/www.nuevapescanova.com\/gl\/wp-json\/wp\/v2\/pages\/16888\/revisions\/47382"}],"up":[{"embeddable":true,"href":"https:\/\/www.nuevapescanova.com\/gl\/wp-json\/wp\/v2\/pages\/16768"}],"wp:attachment":[{"href":"https:\/\/www.nuevapescanova.com\/gl\/wp-json\/wp\/v2\/media?parent=16888"}],"curies":[{"name":"wp","href":"https:\/\/api.w.org\/{rel}","templated":true}]}}