{"id":16898,"date":"2017-12-19T20:05:32","date_gmt":"2017-12-19T20:05:32","guid":{"rendered":"http:\/\/www.nuevapescanova.com\/compromiso\/responsabilidade-social-corporativa\/integridad-y-transparencia\/"},"modified":"2025-10-21T14:26:14","modified_gmt":"2025-10-21T14:26:14","slug":"integridade-e-transparencia","status":"publish","type":"page","link":"https:\/\/www.nuevapescanova.com\/gl\/compromiso\/responsabilidade-social-corporativa-2\/integridade-e-transparencia\/","title":{"rendered":"Integridade e transparencia"},"content":{"rendered":"<section class=\"wpb-content-wrapper\"><p>[vc_row][vc_column][vc_column_text el_class=&#8221;titulo&#8221;]\u00c9tica, integridade e cumprimento normativo[\/vc_column_text][\/vc_column][\/vc_row][vc_row css=&#8221;.vc_custom_1516619648577{padding-bottom: 0px !important;background-color: #ffffff !important;}&#8221;][vc_column css=&#8221;.vc_custom_1516619741069{margin-bottom: 0px !important;}&#8221;][vc_row_inner css=&#8221;.vc_custom_1516618899217{margin-bottom: 0px !important;padding-bottom: 0px !important;}&#8221;][vc_column_inner][vc_column_text]No Grupo Nueva Pescanova compromet\u00e9monos a velar por un comportamento \u00e9tico, \u00edntegro, responsable e transparente, de todas as compa\u00f1\u00edas do Grupo e dos seus empregados. Por iso dot\u00e1monos dun Sistema Normativo de Goberno Corporativo e Cumprimento, integrado polo Noso C\u00f3digo \u00c9tico e outras normas internas.<\/p>\n<p>A gu\u00eda principal de actuaci\u00f3n \u00e9 o <a href=\"https:\/\/www.nuevapescanova.com\/nuevapescanova\/wp-content\/uploads\/2023\/08\/O-Noso-Codigo-Etico_Galego_v3_07_2023_APROBADA-CONSELLO-31.07.2023.pdf\" target=\"_blank\" rel=\"noopener\"><strong>Noso C\u00f3digo \u00c9tico<\/strong><\/a>, que cont\u00e9n as regras de actuaci\u00f3n da empresa e dos seus empregados e colaboradores. Todos os nosos empregados e \u00f3rganos de direcci\u00f3n asumen e comprom\u00e9tense co Noso C\u00f3digo \u00c9tico.<\/p>\n<p>Estes compromisos tam\u00e9n est\u00e1n reflectidos na <a href=\"https:\/\/www.nuevapescanova.com\/nuevapescanova\/wp-content\/uploads\/2025\/05\/V2-CARTA-ETICA-Y-SOCIAL-DEL-PROVEEDOR-V-APROBADA-2025.pdf\" target=\"_blank\" rel=\"noopener\"><strong>Carta \u00c9tica e Social do Provedor<\/strong><\/a>, que recolle os principios e normas de conduta empresarial que esiximos aos nosos provedores, entre os que destacan o compromiso cos dereitos humanos e laborais, o cumprimento da legalidade, a honestidade e integridade, a transparencia, a sostibilidade, a calidade e a seguridade alimentaria.<\/p>\n<p>Dentro do noso Sistema Normativo Interno destacan igualmente:<\/p>\n<ul>\n<li>a nosa <a href=\"https:\/\/www.nuevapescanova.com\/nuevapescanova\/wp-content\/uploads\/2023\/02\/POLITICA-CORPORATIVA-DE-PREVENCION-DE-RIESGOS-PENALES_v6_01_2023.pdf\" target=\"_blank\" rel=\"noopener\"><strong>Pol\u00edtica Corporativa de Prevenci\u00f3n de Riscos Penais<\/strong><\/a><\/li>\n<li>o\u00a0<a href=\"https:\/\/www.nuevapescanova.com\/nuevapescanova\/wp-content\/uploads\/2022\/10\/NIG-OTR_CodigoAnticorrupcion_v3_10_2022_EXT.pdf\"><strong>C\u00f3digo Anticorrupci\u00f3n do Grupo Nueva Pescanova<\/strong><\/a> para a prevenci\u00f3n de pr\u00e1cticas corruptas.<\/li>\n<\/ul>\n<p>A <a href=\"https:\/\/www.nuevapescanova.com\/nuevapescanova\/wp-content\/uploads\/2025\/01\/REGLAMENTO-UNIDAD-DE-CUMPLIMIENTO_v6_-Aprobada-29.11.2024.pdf\" target=\"_blank\" rel=\"noopener\"><strong>Unidade de Cumprimento<\/strong><\/a> \u00e9 un \u00f3rgano colexiado de car\u00e1cter interno e permanente, dotado de autonom\u00eda e independencia de actuaci\u00f3n, con reporte directo \u00f3 Consello de Administraci\u00f3n do Grupo e que ten encomendadas, entre outras funci\u00f3n, a de velar polo efectivo respecto e cumprimento das nosas normas \u00e9ticas, de integridade e cumprimento normativo (Compliance).<\/p>\n<p>A Unidade de Cumprimento \u00e9 o \u00f3rgano que tramita e resolve as comunicaci\u00f3ns que se reciben a trav\u00e9s do noso <a href=\"https:\/\/www.nuevapescanova.com\/gl\/canle_denuncias\/\" target=\"_blank\" rel=\"noopener\"><strong>CANLE DE DENUNCIAS<\/strong><\/a>, cuxas condici\u00f3ns de uso, normas de funcionamento, principios informadores e regras de procedimento<em>.<\/em><\/p>\n<p><em>\u00a0<\/em>[\/vc_column_text][\/vc_column_inner][\/vc_row_inner][vc_row_inner el_class=&#8221;sombra&#8221; css=&#8221;.vc_custom_1516620347065{margin-top: 0px !important;margin-bottom: 0px !important;padding-top: 0px !important;padding-bottom: 0px !important;}&#8221;][vc_column_inner css=&#8221;.vc_custom_1519665746320{margin-top: 0px !important;margin-bottom: 0px !important;padding-top: 0px !important;padding-bottom: 0px !important;}&#8221;][vc_single_image image=&#8221;16627&#8243; img_size=&#8221;full&#8221; css=&#8221;.vc_custom_1519665738091{margin-bottom: 0px !important;padding-bottom: 0px !important;}&#8221;][\/vc_column_inner][\/vc_row_inner][\/vc_column][\/vc_row][vc_row][vc_column][vc_empty_space height=&#8221;60&#8243;][\/vc_column][\/vc_row]<\/p>\n<\/section>","protected":false},"excerpt":{"rendered":"<p>[vc_row][vc_column][vc_column_text el_class=&#8221;titulo&#8221;]\u00c9tica, integridade e cumprimento normativo[\/vc_column_text][\/vc_column][\/vc_row][vc_row css=&#8221;.vc_custom_1516619648577{padding-bottom: 0px !important;background-color: #ffffff !important;}&#8221;][vc_column css=&#8221;.vc_custom_1516619741069{margin-bottom: 0px !important;}&#8221;][vc_row_inner css=&#8221;.vc_custom_1516618899217{margin-bottom: 0px !important;padding-bottom: 0px !important;}&#8221;][vc_column_inner][vc_column_text]No Grupo Nueva Pescanova compromet\u00e9monos a velar por<span class=\"excerpt-hellip\"> [\u2026]<\/span><\/p>\n","protected":false},"author":3,"featured_media":0,"parent":16768,"menu_order":3,"comment_status":"closed","ping_status":"closed","template":"","meta":{"_acf_changed":false,"footnotes":""},"class_list":["post-16898","page","type-page","status-publish","hentry"],"acf":[],"yoast_head":"<!-- This site is optimized with the Yoast SEO plugin v25.9 - https:\/\/yoast.com\/wordpress\/plugins\/seo\/ -->\n<title>Integridade e transparencia - Nueva Pescanova<\/title>\n<meta name=\"robots\" content=\"index, follow, max-snippet:-1, max-image-preview:large, max-video-preview:-1\" \/>\n<link rel=\"canonical\" href=\"https:\/\/www.nuevapescanova.com\/gl\/compromiso\/responsabilidade-social-corporativa-2\/integridade-e-transparencia\/\" \/>\n<meta property=\"og:locale\" content=\"gl_ES\" \/>\n<meta property=\"og:type\" content=\"article\" \/>\n<meta property=\"og:title\" content=\"Integridade e transparencia - Nueva Pescanova\" \/>\n<meta property=\"og:description\" content=\"[vc_row][vc_column][vc_column_text el_class=&#8221;titulo&#8221;]\u00c9tica, integridade e cumprimento normativo[\/vc_column_text][\/vc_column][\/vc_row][vc_row css=&#8221;.vc_custom_1516619648577{padding-bottom: 0px !important;background-color: #ffffff !important;}&#8221;][vc_column css=&#8221;.vc_custom_1516619741069{margin-bottom: 0px !important;}&#8221;][vc_row_inner css=&#8221;.vc_custom_1516618899217{margin-bottom: 0px !important;padding-bottom: 0px !important;}&#8221;][vc_column_inner][vc_column_text]No Grupo Nueva Pescanova compromet\u00e9monos a velar por [\u2026]\" \/>\n<meta property=\"og:url\" content=\"https:\/\/www.nuevapescanova.com\/gl\/compromiso\/responsabilidade-social-corporativa-2\/integridade-e-transparencia\/\" \/>\n<meta property=\"og:site_name\" content=\"Nueva Pescanova\" \/>\n<meta property=\"article:modified_time\" content=\"2025-10-21T14:26:14+00:00\" \/>\n<meta name=\"twitter:card\" content=\"summary_large_image\" \/>\n<meta name=\"twitter:site\" content=\"@PescanovaCorp\" \/>\n<meta name=\"twitter:label1\" content=\"Est. reading time\" \/>\n\t<meta name=\"twitter:data1\" content=\"2 minutes\" \/>\n<script type=\"application\/ld+json\" class=\"yoast-schema-graph\">{\"@context\":\"https:\/\/schema.org\",\"@graph\":[{\"@type\":\"WebPage\",\"@id\":\"https:\/\/www.nuevapescanova.com\/gl\/compromiso\/responsabilidade-social-corporativa-2\/integridade-e-transparencia\/\",\"url\":\"https:\/\/www.nuevapescanova.com\/gl\/compromiso\/responsabilidade-social-corporativa-2\/integridade-e-transparencia\/\",\"name\":\"Integridade e transparencia - Nueva Pescanova\",\"isPartOf\":{\"@id\":\"https:\/\/www.nuevapescanova.com\/#website\"},\"datePublished\":\"2017-12-19T20:05:32+00:00\",\"dateModified\":\"2025-10-21T14:26:14+00:00\",\"breadcrumb\":{\"@id\":\"https:\/\/www.nuevapescanova.com\/gl\/compromiso\/responsabilidade-social-corporativa-2\/integridade-e-transparencia\/#breadcrumb\"},\"inLanguage\":\"gl-ES\",\"potentialAction\":[{\"@type\":\"ReadAction\",\"target\":[\"https:\/\/www.nuevapescanova.com\/gl\/compromiso\/responsabilidade-social-corporativa-2\/integridade-e-transparencia\/\"]}]},{\"@type\":\"BreadcrumbList\",\"@id\":\"https:\/\/www.nuevapescanova.com\/gl\/compromiso\/responsabilidade-social-corporativa-2\/integridade-e-transparencia\/#breadcrumb\",\"itemListElement\":[{\"@type\":\"ListItem\",\"position\":1,\"name\":\"Portada\",\"item\":\"https:\/\/www.nuevapescanova.com\/gl\/\"},{\"@type\":\"ListItem\",\"position\":2,\"name\":\"Compromiso\",\"item\":\"https:\/\/www.nuevapescanova.com\/compromiso\/\"},{\"@type\":\"ListItem\",\"position\":3,\"name\":\"Responsabilidade Social Corporativa\",\"item\":\"https:\/\/www.nuevapescanova.com\/compromiso\/responsabilidad-social-corporativa-2\/\"},{\"@type\":\"ListItem\",\"position\":4,\"name\":\"Integridade e transparencia\"}]},{\"@type\":\"WebSite\",\"@id\":\"https:\/\/www.nuevapescanova.com\/#website\",\"url\":\"https:\/\/www.nuevapescanova.com\/\",\"name\":\"Nueva Pescanova\",\"description\":\"\",\"publisher\":{\"@id\":\"https:\/\/www.nuevapescanova.com\/#organization\"},\"potentialAction\":[{\"@type\":\"SearchAction\",\"target\":{\"@type\":\"EntryPoint\",\"urlTemplate\":\"https:\/\/www.nuevapescanova.com\/?s={search_term_string}\"},\"query-input\":{\"@type\":\"PropertyValueSpecification\",\"valueRequired\":true,\"valueName\":\"search_term_string\"}}],\"inLanguage\":\"gl-ES\"},{\"@type\":\"Organization\",\"@id\":\"https:\/\/www.nuevapescanova.com\/#organization\",\"name\":\"Nueva Pescanova\",\"url\":\"https:\/\/www.nuevapescanova.com\/\",\"logo\":{\"@type\":\"ImageObject\",\"inLanguage\":\"gl-ES\",\"@id\":\"https:\/\/www.nuevapescanova.com\/#\/schema\/logo\/image\/\",\"url\":\"https:\/\/www.nuevapescanova.com\/nuevapescanova\/wp-content\/uploads\/2023\/06\/Logo-Grupo-Nueva-Pescanova.jpg\",\"contentUrl\":\"https:\/\/www.nuevapescanova.com\/nuevapescanova\/wp-content\/uploads\/2023\/06\/Logo-Grupo-Nueva-Pescanova.jpg\",\"width\":800,\"height\":398,\"caption\":\"Nueva Pescanova\"},\"image\":{\"@id\":\"https:\/\/www.nuevapescanova.com\/#\/schema\/logo\/image\/\"},\"sameAs\":[\"https:\/\/x.com\/PescanovaCorp\",\"https:\/\/www.linkedin.com\/company\/nuevapescanova\/?originalSubdomain=es\"]}]}<\/script>\n<!-- \/ Yoast SEO plugin. -->","yoast_head_json":{"title":"Integridade e transparencia - Nueva Pescanova","robots":{"index":"index","follow":"follow","max-snippet":"max-snippet:-1","max-image-preview":"max-image-preview:large","max-video-preview":"max-video-preview:-1"},"canonical":"https:\/\/www.nuevapescanova.com\/gl\/compromiso\/responsabilidade-social-corporativa-2\/integridade-e-transparencia\/","og_locale":"gl_ES","og_type":"article","og_title":"Integridade e transparencia - Nueva Pescanova","og_description":"[vc_row][vc_column][vc_column_text el_class=&#8221;titulo&#8221;]\u00c9tica, integridade e cumprimento normativo[\/vc_column_text][\/vc_column][\/vc_row][vc_row css=&#8221;.vc_custom_1516619648577{padding-bottom: 0px !important;background-color: #ffffff !important;}&#8221;][vc_column css=&#8221;.vc_custom_1516619741069{margin-bottom: 0px !important;}&#8221;][vc_row_inner css=&#8221;.vc_custom_1516618899217{margin-bottom: 0px !important;padding-bottom: 0px !important;}&#8221;][vc_column_inner][vc_column_text]No Grupo Nueva Pescanova compromet\u00e9monos a velar por [\u2026]","og_url":"https:\/\/www.nuevapescanova.com\/gl\/compromiso\/responsabilidade-social-corporativa-2\/integridade-e-transparencia\/","og_site_name":"Nueva Pescanova","article_modified_time":"2025-10-21T14:26:14+00:00","twitter_card":"summary_large_image","twitter_site":"@PescanovaCorp","twitter_misc":{"Est. reading time":"2 minutes"},"schema":{"@context":"https:\/\/schema.org","@graph":[{"@type":"WebPage","@id":"https:\/\/www.nuevapescanova.com\/gl\/compromiso\/responsabilidade-social-corporativa-2\/integridade-e-transparencia\/","url":"https:\/\/www.nuevapescanova.com\/gl\/compromiso\/responsabilidade-social-corporativa-2\/integridade-e-transparencia\/","name":"Integridade e transparencia - Nueva Pescanova","isPartOf":{"@id":"https:\/\/www.nuevapescanova.com\/#website"},"datePublished":"2017-12-19T20:05:32+00:00","dateModified":"2025-10-21T14:26:14+00:00","breadcrumb":{"@id":"https:\/\/www.nuevapescanova.com\/gl\/compromiso\/responsabilidade-social-corporativa-2\/integridade-e-transparencia\/#breadcrumb"},"inLanguage":"gl-ES","potentialAction":[{"@type":"ReadAction","target":["https:\/\/www.nuevapescanova.com\/gl\/compromiso\/responsabilidade-social-corporativa-2\/integridade-e-transparencia\/"]}]},{"@type":"BreadcrumbList","@id":"https:\/\/www.nuevapescanova.com\/gl\/compromiso\/responsabilidade-social-corporativa-2\/integridade-e-transparencia\/#breadcrumb","itemListElement":[{"@type":"ListItem","position":1,"name":"Portada","item":"https:\/\/www.nuevapescanova.com\/gl\/"},{"@type":"ListItem","position":2,"name":"Compromiso","item":"https:\/\/www.nuevapescanova.com\/compromiso\/"},{"@type":"ListItem","position":3,"name":"Responsabilidade Social Corporativa","item":"https:\/\/www.nuevapescanova.com\/compromiso\/responsabilidad-social-corporativa-2\/"},{"@type":"ListItem","position":4,"name":"Integridade e transparencia"}]},{"@type":"WebSite","@id":"https:\/\/www.nuevapescanova.com\/#website","url":"https:\/\/www.nuevapescanova.com\/","name":"Nueva Pescanova","description":"","publisher":{"@id":"https:\/\/www.nuevapescanova.com\/#organization"},"potentialAction":[{"@type":"SearchAction","target":{"@type":"EntryPoint","urlTemplate":"https:\/\/www.nuevapescanova.com\/?s={search_term_string}"},"query-input":{"@type":"PropertyValueSpecification","valueRequired":true,"valueName":"search_term_string"}}],"inLanguage":"gl-ES"},{"@type":"Organization","@id":"https:\/\/www.nuevapescanova.com\/#organization","name":"Nueva Pescanova","url":"https:\/\/www.nuevapescanova.com\/","logo":{"@type":"ImageObject","inLanguage":"gl-ES","@id":"https:\/\/www.nuevapescanova.com\/#\/schema\/logo\/image\/","url":"https:\/\/www.nuevapescanova.com\/nuevapescanova\/wp-content\/uploads\/2023\/06\/Logo-Grupo-Nueva-Pescanova.jpg","contentUrl":"https:\/\/www.nuevapescanova.com\/nuevapescanova\/wp-content\/uploads\/2023\/06\/Logo-Grupo-Nueva-Pescanova.jpg","width":800,"height":398,"caption":"Nueva Pescanova"},"image":{"@id":"https:\/\/www.nuevapescanova.com\/#\/schema\/logo\/image\/"},"sameAs":["https:\/\/x.com\/PescanovaCorp","https:\/\/www.linkedin.com\/company\/nuevapescanova\/?originalSubdomain=es"]}]}},"_links":{"self":[{"href":"https:\/\/www.nuevapescanova.com\/gl\/wp-json\/wp\/v2\/pages\/16898","targetHints":{"allow":["GET"]}}],"collection":[{"href":"https:\/\/www.nuevapescanova.com\/gl\/wp-json\/wp\/v2\/pages"}],"about":[{"href":"https:\/\/www.nuevapescanova.com\/gl\/wp-json\/wp\/v2\/types\/page"}],"author":[{"embeddable":true,"href":"https:\/\/www.nuevapescanova.com\/gl\/wp-json\/wp\/v2\/users\/3"}],"replies":[{"embeddable":true,"href":"https:\/\/www.nuevapescanova.com\/gl\/wp-json\/wp\/v2\/comments?post=16898"}],"version-history":[{"count":35,"href":"https:\/\/www.nuevapescanova.com\/gl\/wp-json\/wp\/v2\/pages\/16898\/revisions"}],"predecessor-version":[{"id":46776,"href":"https:\/\/www.nuevapescanova.com\/gl\/wp-json\/wp\/v2\/pages\/16898\/revisions\/46776"}],"up":[{"embeddable":true,"href":"https:\/\/www.nuevapescanova.com\/gl\/wp-json\/wp\/v2\/pages\/16768"}],"wp:attachment":[{"href":"https:\/\/www.nuevapescanova.com\/gl\/wp-json\/wp\/v2\/media?parent=16898"}],"curies":[{"name":"wp","href":"https:\/\/api.w.org\/{rel}","templated":true}]}}