{"id":16903,"date":"2017-12-19T20:06:26","date_gmt":"2017-12-19T20:06:26","guid":{"rendered":"http:\/\/www.nuevapescanova.com\/compromiso\/responsabilidade-social-corporativa\/calidad\/"},"modified":"2022-05-11T07:56:30","modified_gmt":"2022-05-11T07:56:30","slug":"calidade","status":"publish","type":"page","link":"https:\/\/www.nuevapescanova.com\/gl\/compromiso\/responsabilidade-social-corporativa-2\/calidade\/","title":{"rendered":"Calidade"},"content":{"rendered":"<section class=\"wpb-content-wrapper\"><p>[vc_row][vc_column][vc_column_text el_class=&#8221;titulo&#8221;]Calidade[\/vc_column_text][\/vc_column][\/vc_row][vc_row css=&#8221;.vc_custom_1516619648577{padding-bottom: 0px !important;background-color: #ffffff !important;}&#8221;][vc_column css=&#8221;.vc_custom_1516619741069{margin-bottom: 0px !important;}&#8221;][vc_row_inner css=&#8221;.vc_custom_1516618899217{margin-bottom: 0px !important;padding-bottom: 0px !important;}&#8221;][vc_column_inner][vc_column_text]A <strong>cultura da calidade<\/strong> e da <strong>excelencia alimentaria<\/strong> forman parte da raz\u00f3n de ser do <strong>Grupo Nueva Pescanova<\/strong>. O <strong>control de toda a cadea de valor<\/strong> dos produtos do mar, desde a orixe ata a venda, perm\u00edtenos <strong>garantir o m\u00e1ximo control e rastrexabilidade<\/strong> sobre o produto.<\/p>\n<p>A nosa pol\u00edtica de calidade e inocuidade alimentaria afecta a todos os procesos e \u00e1reas da compa\u00f1\u00eda cun \u00fanico obxectivo:<strong> levar \u00e1 mesa de mill\u00f3ns de fogares os mellores produtos do mar, independentemente do seu lugar de captura ou cultivo, mantendo a s\u00faa frescura e garantindo todas as s\u00faas calidades para unha alimentaci\u00f3n rica e saudable<\/strong>.<\/p>\n<p>Garantimos a <strong>seguridade alimentaria, calidade e cumprimento legal<\/strong>, a trav\u00e9s do respecto das nosas pol\u00edticas e normas internas, da implantaci\u00f3n e certificaci\u00f3n por organismos independentes, dos nosos <strong>sistemas de calidade e medio ambiente<\/strong>, baseados en normas reco\u00f1ecidas a nivel internacional e a esixencia de criterios similares aos nosos provedores.[\/vc_column_text][\/vc_column_inner][\/vc_row_inner][vc_row_inner el_class=&#8221;sombra&#8221; css=&#8221;.vc_custom_1516620347065{margin-top: 0px !important;margin-bottom: 0px !important;padding-top: 0px !important;padding-bottom: 0px !important;}&#8221;][vc_column_inner css=&#8221;.vc_custom_1516620281776{margin-bottom: 0px !important;padding-bottom: 0px !important;}&#8221;][vc_single_image image=&#8221;26933&#8243; img_size=&#8221;full&#8221;][\/vc_column_inner][\/vc_row_inner][\/vc_column][\/vc_row][vc_row][vc_column][vc_empty_space height=&#8221;60&#8243;][\/vc_column][\/vc_row]<\/p>\n<\/section>","protected":false},"excerpt":{"rendered":"<p>[vc_row][vc_column][vc_column_text el_class=&#8221;titulo&#8221;]Calidade[\/vc_column_text][\/vc_column][\/vc_row][vc_row css=&#8221;.vc_custom_1516619648577{padding-bottom: 0px !important;background-color: #ffffff !important;}&#8221;][vc_column css=&#8221;.vc_custom_1516619741069{margin-bottom: 0px !important;}&#8221;][vc_row_inner css=&#8221;.vc_custom_1516618899217{margin-bottom: 0px !important;padding-bottom: 0px !important;}&#8221;][vc_column_inner][vc_column_text]A cultura da calidade e da excelencia alimentaria forman parte da raz\u00f3n<span class=\"excerpt-hellip\"> [\u2026]<\/span><\/p>\n","protected":false},"author":3,"featured_media":0,"parent":16768,"menu_order":4,"comment_status":"closed","ping_status":"closed","template":"","meta":{"_acf_changed":false,"footnotes":""},"class_list":["post-16903","page","type-page","status-publish","hentry"],"acf":[],"yoast_head":"<!-- This site is optimized with the Yoast SEO plugin v25.9 - https:\/\/yoast.com\/wordpress\/plugins\/seo\/ -->\n<title>Calidade - Nueva Pescanova<\/title>\n<meta name=\"robots\" content=\"index, follow, max-snippet:-1, max-image-preview:large, max-video-preview:-1\" \/>\n<link rel=\"canonical\" href=\"https:\/\/www.nuevapescanova.com\/compromiso\/responsabilidad-social-corporativa-2\/calidad\/\" \/>\n<meta property=\"og:locale\" content=\"gl_ES\" \/>\n<meta property=\"og:type\" content=\"article\" \/>\n<meta property=\"og:title\" content=\"Calidade - Nueva Pescanova\" \/>\n<meta property=\"og:description\" content=\"[vc_row][vc_column][vc_column_text el_class=&#8221;titulo&#8221;]Calidade[\/vc_column_text][\/vc_column][\/vc_row][vc_row css=&#8221;.vc_custom_1516619648577{padding-bottom: 0px !important;background-color: #ffffff !important;}&#8221;][vc_column css=&#8221;.vc_custom_1516619741069{margin-bottom: 0px !important;}&#8221;][vc_row_inner css=&#8221;.vc_custom_1516618899217{margin-bottom: 0px !important;padding-bottom: 0px !important;}&#8221;][vc_column_inner][vc_column_text]A cultura da calidade e da excelencia alimentaria forman parte da raz\u00f3n [\u2026]\" \/>\n<meta property=\"og:url\" content=\"https:\/\/www.nuevapescanova.com\/compromiso\/responsabilidad-social-corporativa-2\/calidad\/\" \/>\n<meta property=\"og:site_name\" content=\"Nueva Pescanova\" \/>\n<meta property=\"article:modified_time\" content=\"2022-05-11T07:56:30+00:00\" \/>\n<meta name=\"twitter:card\" content=\"summary_large_image\" \/>\n<meta name=\"twitter:site\" content=\"@PescanovaCorp\" \/>\n<meta name=\"twitter:label1\" content=\"Est. reading time\" \/>\n\t<meta name=\"twitter:data1\" content=\"1 minute\" \/>\n<script type=\"application\/ld+json\" class=\"yoast-schema-graph\">{\"@context\":\"https:\/\/schema.org\",\"@graph\":[{\"@type\":\"WebPage\",\"@id\":\"https:\/\/www.nuevapescanova.com\/compromiso\/responsabilidad-social-corporativa-2\/calidad\/\",\"url\":\"https:\/\/www.nuevapescanova.com\/compromiso\/responsabilidad-social-corporativa-2\/calidad\/\",\"name\":\"Calidade - Nueva Pescanova\",\"isPartOf\":{\"@id\":\"https:\/\/www.nuevapescanova.com\/#website\"},\"datePublished\":\"2017-12-19T20:06:26+00:00\",\"dateModified\":\"2022-05-11T07:56:30+00:00\",\"breadcrumb\":{\"@id\":\"https:\/\/www.nuevapescanova.com\/compromiso\/responsabilidad-social-corporativa-2\/calidad\/#breadcrumb\"},\"inLanguage\":\"gl-ES\",\"potentialAction\":[{\"@type\":\"ReadAction\",\"target\":[\"https:\/\/www.nuevapescanova.com\/compromiso\/responsabilidad-social-corporativa-2\/calidad\/\"]}]},{\"@type\":\"BreadcrumbList\",\"@id\":\"https:\/\/www.nuevapescanova.com\/compromiso\/responsabilidad-social-corporativa-2\/calidad\/#breadcrumb\",\"itemListElement\":[{\"@type\":\"ListItem\",\"position\":1,\"name\":\"Portada\",\"item\":\"https:\/\/www.nuevapescanova.com\/gl\/\"},{\"@type\":\"ListItem\",\"position\":2,\"name\":\"Compromiso\",\"item\":\"https:\/\/www.nuevapescanova.com\/compromiso\/\"},{\"@type\":\"ListItem\",\"position\":3,\"name\":\"Responsabilidade Social Corporativa\",\"item\":\"https:\/\/www.nuevapescanova.com\/compromiso\/responsabilidad-social-corporativa-2\/\"},{\"@type\":\"ListItem\",\"position\":4,\"name\":\"Calidade\"}]},{\"@type\":\"WebSite\",\"@id\":\"https:\/\/www.nuevapescanova.com\/#website\",\"url\":\"https:\/\/www.nuevapescanova.com\/\",\"name\":\"Nueva Pescanova\",\"description\":\"\",\"publisher\":{\"@id\":\"https:\/\/www.nuevapescanova.com\/#organization\"},\"potentialAction\":[{\"@type\":\"SearchAction\",\"target\":{\"@type\":\"EntryPoint\",\"urlTemplate\":\"https:\/\/www.nuevapescanova.com\/?s={search_term_string}\"},\"query-input\":{\"@type\":\"PropertyValueSpecification\",\"valueRequired\":true,\"valueName\":\"search_term_string\"}}],\"inLanguage\":\"gl-ES\"},{\"@type\":\"Organization\",\"@id\":\"https:\/\/www.nuevapescanova.com\/#organization\",\"name\":\"Nueva Pescanova\",\"url\":\"https:\/\/www.nuevapescanova.com\/\",\"logo\":{\"@type\":\"ImageObject\",\"inLanguage\":\"gl-ES\",\"@id\":\"https:\/\/www.nuevapescanova.com\/#\/schema\/logo\/image\/\",\"url\":\"https:\/\/www.nuevapescanova.com\/nuevapescanova\/wp-content\/uploads\/2023\/06\/Logo-Grupo-Nueva-Pescanova.jpg\",\"contentUrl\":\"https:\/\/www.nuevapescanova.com\/nuevapescanova\/wp-content\/uploads\/2023\/06\/Logo-Grupo-Nueva-Pescanova.jpg\",\"width\":800,\"height\":398,\"caption\":\"Nueva Pescanova\"},\"image\":{\"@id\":\"https:\/\/www.nuevapescanova.com\/#\/schema\/logo\/image\/\"},\"sameAs\":[\"https:\/\/x.com\/PescanovaCorp\",\"https:\/\/www.linkedin.com\/company\/nuevapescanova\/?originalSubdomain=es\"]}]}<\/script>\n<!-- \/ Yoast SEO plugin. -->","yoast_head_json":{"title":"Calidade - Nueva Pescanova","robots":{"index":"index","follow":"follow","max-snippet":"max-snippet:-1","max-image-preview":"max-image-preview:large","max-video-preview":"max-video-preview:-1"},"canonical":"https:\/\/www.nuevapescanova.com\/compromiso\/responsabilidad-social-corporativa-2\/calidad\/","og_locale":"gl_ES","og_type":"article","og_title":"Calidade - Nueva Pescanova","og_description":"[vc_row][vc_column][vc_column_text el_class=&#8221;titulo&#8221;]Calidade[\/vc_column_text][\/vc_column][\/vc_row][vc_row css=&#8221;.vc_custom_1516619648577{padding-bottom: 0px !important;background-color: #ffffff !important;}&#8221;][vc_column css=&#8221;.vc_custom_1516619741069{margin-bottom: 0px !important;}&#8221;][vc_row_inner css=&#8221;.vc_custom_1516618899217{margin-bottom: 0px !important;padding-bottom: 0px !important;}&#8221;][vc_column_inner][vc_column_text]A cultura da calidade e da excelencia alimentaria forman parte da raz\u00f3n [\u2026]","og_url":"https:\/\/www.nuevapescanova.com\/compromiso\/responsabilidad-social-corporativa-2\/calidad\/","og_site_name":"Nueva Pescanova","article_modified_time":"2022-05-11T07:56:30+00:00","twitter_card":"summary_large_image","twitter_site":"@PescanovaCorp","twitter_misc":{"Est. reading time":"1 minute"},"schema":{"@context":"https:\/\/schema.org","@graph":[{"@type":"WebPage","@id":"https:\/\/www.nuevapescanova.com\/compromiso\/responsabilidad-social-corporativa-2\/calidad\/","url":"https:\/\/www.nuevapescanova.com\/compromiso\/responsabilidad-social-corporativa-2\/calidad\/","name":"Calidade - Nueva Pescanova","isPartOf":{"@id":"https:\/\/www.nuevapescanova.com\/#website"},"datePublished":"2017-12-19T20:06:26+00:00","dateModified":"2022-05-11T07:56:30+00:00","breadcrumb":{"@id":"https:\/\/www.nuevapescanova.com\/compromiso\/responsabilidad-social-corporativa-2\/calidad\/#breadcrumb"},"inLanguage":"gl-ES","potentialAction":[{"@type":"ReadAction","target":["https:\/\/www.nuevapescanova.com\/compromiso\/responsabilidad-social-corporativa-2\/calidad\/"]}]},{"@type":"BreadcrumbList","@id":"https:\/\/www.nuevapescanova.com\/compromiso\/responsabilidad-social-corporativa-2\/calidad\/#breadcrumb","itemListElement":[{"@type":"ListItem","position":1,"name":"Portada","item":"https:\/\/www.nuevapescanova.com\/gl\/"},{"@type":"ListItem","position":2,"name":"Compromiso","item":"https:\/\/www.nuevapescanova.com\/compromiso\/"},{"@type":"ListItem","position":3,"name":"Responsabilidade Social Corporativa","item":"https:\/\/www.nuevapescanova.com\/compromiso\/responsabilidad-social-corporativa-2\/"},{"@type":"ListItem","position":4,"name":"Calidade"}]},{"@type":"WebSite","@id":"https:\/\/www.nuevapescanova.com\/#website","url":"https:\/\/www.nuevapescanova.com\/","name":"Nueva Pescanova","description":"","publisher":{"@id":"https:\/\/www.nuevapescanova.com\/#organization"},"potentialAction":[{"@type":"SearchAction","target":{"@type":"EntryPoint","urlTemplate":"https:\/\/www.nuevapescanova.com\/?s={search_term_string}"},"query-input":{"@type":"PropertyValueSpecification","valueRequired":true,"valueName":"search_term_string"}}],"inLanguage":"gl-ES"},{"@type":"Organization","@id":"https:\/\/www.nuevapescanova.com\/#organization","name":"Nueva Pescanova","url":"https:\/\/www.nuevapescanova.com\/","logo":{"@type":"ImageObject","inLanguage":"gl-ES","@id":"https:\/\/www.nuevapescanova.com\/#\/schema\/logo\/image\/","url":"https:\/\/www.nuevapescanova.com\/nuevapescanova\/wp-content\/uploads\/2023\/06\/Logo-Grupo-Nueva-Pescanova.jpg","contentUrl":"https:\/\/www.nuevapescanova.com\/nuevapescanova\/wp-content\/uploads\/2023\/06\/Logo-Grupo-Nueva-Pescanova.jpg","width":800,"height":398,"caption":"Nueva Pescanova"},"image":{"@id":"https:\/\/www.nuevapescanova.com\/#\/schema\/logo\/image\/"},"sameAs":["https:\/\/x.com\/PescanovaCorp","https:\/\/www.linkedin.com\/company\/nuevapescanova\/?originalSubdomain=es"]}]}},"_links":{"self":[{"href":"https:\/\/www.nuevapescanova.com\/gl\/wp-json\/wp\/v2\/pages\/16903","targetHints":{"allow":["GET"]}}],"collection":[{"href":"https:\/\/www.nuevapescanova.com\/gl\/wp-json\/wp\/v2\/pages"}],"about":[{"href":"https:\/\/www.nuevapescanova.com\/gl\/wp-json\/wp\/v2\/types\/page"}],"author":[{"embeddable":true,"href":"https:\/\/www.nuevapescanova.com\/gl\/wp-json\/wp\/v2\/users\/3"}],"replies":[{"embeddable":true,"href":"https:\/\/www.nuevapescanova.com\/gl\/wp-json\/wp\/v2\/comments?post=16903"}],"version-history":[{"count":12,"href":"https:\/\/www.nuevapescanova.com\/gl\/wp-json\/wp\/v2\/pages\/16903\/revisions"}],"predecessor-version":[{"id":26937,"href":"https:\/\/www.nuevapescanova.com\/gl\/wp-json\/wp\/v2\/pages\/16903\/revisions\/26937"}],"up":[{"embeddable":true,"href":"https:\/\/www.nuevapescanova.com\/gl\/wp-json\/wp\/v2\/pages\/16768"}],"wp:attachment":[{"href":"https:\/\/www.nuevapescanova.com\/gl\/wp-json\/wp\/v2\/media?parent=16903"}],"curies":[{"name":"wp","href":"https:\/\/api.w.org\/{rel}","templated":true}]}}