{"id":16912,"date":"2017-12-19T20:07:55","date_gmt":"2017-12-19T20:07:55","guid":{"rendered":"http:\/\/www.nuevapescanova.com\/compromiso\/responsabilidade-social-corporativa\/innovacion\/"},"modified":"2026-01-09T10:44:16","modified_gmt":"2026-01-09T10:44:16","slug":"innovacion","status":"publish","type":"page","link":"https:\/\/www.nuevapescanova.com\/gl\/compromiso\/responsabilidade-social-corporativa-2\/innovacion\/","title":{"rendered":"Innovaci\u00f3n"},"content":{"rendered":"<section class=\"wpb-content-wrapper\"><p>[vc_row][vc_column][vc_column_text el_class=&#8221;titulo&#8221;]Innovaci\u00f3n[\/vc_column_text][vc_column_text]Pescanova nace dunha innovaci\u00f3n: a tecnolox\u00eda de conxelaci\u00f3n a bordo. Desde ent\u00f3n, non pasou un s\u00f3 d\u00eda en que non pens\u00e1semos en como mellorar todos os nosos procesos, fac\u00e9ndoos m\u00e1is competitivos e sustentables e, sobre todo, desenvolvendo novas tecnolox\u00edas, m\u00e9todos de produci\u00f3n e produtos:[\/vc_column_text][\/vc_column][\/vc_row][vc_row css=&#8221;.vc_custom_1517220182606{margin-bottom: 0px !important;padding-bottom: 0px !important;background-color: #ffffff !important;}&#8221;][vc_column][vc_row_inner css=&#8221;.vc_custom_1516622040683{margin-top: 0px !important;margin-bottom: 0px !important;padding-top: 0px !important;padding-bottom: 0px !important;}&#8221;][vc_column_inner css=&#8221;.vc_custom_1516622033570{margin-bottom: 0px !important;padding-bottom: 0px !important;}&#8221;][vc_single_image image=&#8221;1732&#8243; img_size=&#8221;full&#8221; css=&#8221;.vc_custom_1516731916307{margin-top: 0px !important;margin-bottom: 0px !important;padding-top: 0px !important;padding-bottom: 0px !important;}&#8221;][\/vc_column_inner][\/vc_row_inner][vc_row_inner css=&#8221;.vc_custom_1516619786786{margin-bottom: 0px !important;padding-bottom: 0px !important;}&#8221; el_class=&#8221;sombra&#8221;][vc_column_inner width=&#8221;1\/6&#8243;][\/vc_column_inner][vc_column_inner width=&#8221;2\/3&#8243;][vc_column_text css=&#8221;.vc_custom_1604921541363{margin-top: 0px !important;margin-bottom: 0px !important;padding-top: 0px !important;padding-bottom: 0px !important;}&#8221;]<\/p>\n<h3 style=\"text-align: center;\">Novas tecnolox\u00edas<\/h3>\n<p style=\"text-align: center;\">En 1961 e extrapolando conceptos en materia de conservaci\u00f3n do fr\u00edo da industria c\u00e1rnica, Pescanova inventou a tecnolox\u00eda de conxelaci\u00f3n a bordo, utilizada por primeira vez no buque \u201cLemos\u201d. Foi o primeiro barco conxelador transoce\u00e1nico do mundo.<\/p>\n<p style=\"text-align: center;\">Unha revoluci\u00f3n tecnol\u00f3xica que permitiu a partir de ent\u00f3n pescar nos ricos e distantes caladoiros do hemisferio sur, ultraconxelando a captura a bordo para a s\u00faa correcta conservaci\u00f3n, dando un xiro de 180 graos \u00e1 industria pesqueira mundial.<\/p>\n<p>[\/vc_column_text][\/vc_column_inner][vc_column_inner width=&#8221;1\/6&#8243;][\/vc_column_inner][\/vc_row_inner][\/vc_column][\/vc_row][vc_row css=&#8221;.vc_custom_1516619759625{margin-top: 30px !important;margin-bottom: 0px !important;padding-bottom: 0px !important;background-color: #ffffff !important;}&#8221;][vc_column][vc_row_inner css=&#8221;.vc_custom_1516619686445{margin-bottom: 0px !important;padding-bottom: 0px !important;}&#8221;][vc_column_inner][vc_single_image image=&#8221;43782&#8243; img_size=&#8221;full&#8221; css=&#8221;.vc_custom_1741281525123{margin-top: 0px !important;margin-bottom: 0px !important;padding-top: 0px !important;padding-bottom: 0px !important;}&#8221;][\/vc_column_inner][\/vc_row_inner][vc_row_inner css=&#8221;.vc_custom_1516619786786{margin-bottom: 0px !important;padding-bottom: 0px !important;}&#8221; el_class=&#8221;sombra&#8221;][vc_column_inner width=&#8221;1\/6&#8243;][\/vc_column_inner][vc_column_inner width=&#8221;2\/3&#8243;][vc_column_text css=&#8221;.vc_custom_1604921569059{margin-top: 0px !important;margin-bottom: 0px !important;padding-top: 0px !important;padding-bottom: 0px !important;}&#8221;]<\/p>\n<h3 style=\"text-align: center;\">M\u00e9todos de pesca<\/h3>\n<p style=\"text-align: center;\">En 1963 constru\u00edmos o primeiro buque rampeiro da industria naval espa\u00f1ola capaz de pescar por popa no canto de por un costado, o \u201cVillalba\u201d, o que foi un grande avance para aumentar a capacidade pesqueira.<\/p>\n<p style=\"text-align: center;\">A esta innovaci\u00f3n segu\u00edronlle outras moitas, que situaron \u00e1 frota de Pescanova \u00e1 vangarda da industria pesqueira mundial.<\/p>\n<p>[\/vc_column_text][\/vc_column_inner][vc_column_inner width=&#8221;1\/6&#8243;][\/vc_column_inner][\/vc_row_inner][\/vc_column][\/vc_row][vc_row css=&#8221;.vc_custom_1516619759625{margin-top: 30px !important;margin-bottom: 0px !important;padding-bottom: 0px !important;background-color: #ffffff !important;}&#8221;][vc_column][vc_row_inner css=&#8221;.vc_custom_1516622184311{margin-top: 0px !important;margin-bottom: 0px !important;padding-top: 0px !important;padding-bottom: 0px !important;}&#8221;][vc_column_inner][vc_single_image image=&#8221;1640&#8243; img_size=&#8221;full&#8221; css=&#8221;.vc_custom_1516643930833{margin-top: 0px !important;margin-bottom: 0px !important;padding-top: 0px !important;padding-bottom: 0px !important;}&#8221;][\/vc_column_inner][\/vc_row_inner][vc_row_inner css=&#8221;.vc_custom_1516644096674{margin-top: 0px !important;margin-bottom: 0px !important;padding-top: 0px !important;padding-bottom: 0px !important;}&#8221;][vc_column_inner width=&#8221;1\/6&#8243;][\/vc_column_inner][vc_column_inner width=&#8221;2\/3&#8243;][vc_column_text css=&#8221;.vc_custom_1635244108542{margin-top: 0px !important;padding-top: 0px !important;}&#8221;]<\/p>\n<h3 style=\"text-align: center;\">Acuicultura<\/h3>\n<p style=\"text-align: center;\">Desde que comezamos a apostar pola acuicultura nos anos 80, non paramos de innovar neste campo. Desde a aplicaci\u00f3n de novas t\u00e9cnicas de acuicultura nos cultivos de lagostino en Ecuador, Guatemala e Nicaragua, de rodaballo en Espa\u00f1a, ata a punta de lanza do I+D+i do Grupo Nueva Pescanova: o <strong>Pescanova Biomarine Center<\/strong>.<\/p>\n<p>[\/vc_column_text][\/vc_column_inner][vc_column_inner width=&#8221;1\/6&#8243;][\/vc_column_inner][\/vc_row_inner][vc_row_inner css=&#8221;.vc_custom_1516644695696{margin-bottom: 0px !important;padding-bottom: 0px !important;}&#8221;][vc_column_inner][vc_single_image image=&#8221;23123&#8243; img_size=&#8221;full&#8221; css=&#8221;.vc_custom_1634549972071{margin-top: 0px !important;margin-bottom: 0px !important;padding-top: 0px !important;padding-bottom: 0px !important;}&#8221;][\/vc_column_inner][\/vc_row_inner][vc_row_inner css=&#8221;.vc_custom_1516622150431{margin-top: 0px !important;margin-bottom: 0px !important;padding-top: 0px !important;padding-bottom: 0px !important;}&#8221; el_class=&#8221;sombra&#8221;][vc_column_inner width=&#8221;1\/6&#8243;][\/vc_column_inner][vc_column_inner width=&#8221;2\/3&#8243;][vc_column_text css=&#8221;.vc_custom_1767955453519{margin-top: 0px !important;margin-bottom: 0px !important;padding-top: 0px !important;padding-bottom: 0px !important;}&#8221;]<\/p>\n<p style=\"text-align: center;\">Ubicado en O Grove (Galicia, Espa\u00f1a), o Pescanova Biomarine Center \u00e9 o noso centro de I+D+i en acuicultura. Tr\u00e1tase do primeiro centro privado de investigaci\u00f3n acu\u00edcola en Espa\u00f1a e un dos tres mais importantes de Europa.<\/p>\n<p style=\"text-align: center;\">Conta cun espazo de 4.000 m<sup>2<\/sup> dotado da \u00faltima tecnolox\u00eda para a investigaci\u00f3n acu\u00edcola.<\/p>\n<p style=\"text-align: center;\">Aqu\u00ed un grupo de investigadores traballa enfocado no estudo da xen\u00e9tica, nutrici\u00f3n, sa\u00fade e benestar animal. Este equipo non s\u00f3 mellorar\u00e1 o cultivo de especies como o rodaballo ou o lagostino vannamei, sen\u00f3n que avanzar\u00e1 en t\u00e9cnicas que permitan levar a acuicultura a novas especies. De feito, no 2019 lograron un fito mundial ao pechar, por primeira vez na historia, o ciclo de reproduci\u00f3n do polbo en acuicultura, conseguindo que non s\u00f3 os exemplares nados aqu\u00ed cheguen \u00e1 s\u00faa idade adulta sen\u00f3n que poidan reproducirse f\u00f3ra do seu h\u00e1bitat natural.<\/p>\n<p>[\/vc_column_text][\/vc_column_inner][vc_column_inner width=&#8221;1\/6&#8243;][\/vc_column_inner][\/vc_row_inner][\/vc_column][\/vc_row][vc_row css=&#8221;.vc_custom_1516619759625{margin-top: 30px !important;margin-bottom: 0px !important;padding-bottom: 0px !important;background-color: #ffffff !important;}&#8221;][vc_column][vc_single_image image=&#8221;27673&#8243; img_size=&#8221;full&#8221; css=&#8221;.vc_custom_1654699019552{margin-bottom: 0px !important;padding-bottom: 0px !important;}&#8221;][vc_row_inner css=&#8221;.vc_custom_1516622238373{margin-top: 0px !important;margin-bottom: 0px !important;padding-top: 0px !important;padding-bottom: 0px !important;}&#8221; el_class=&#8221;sombra&#8221;][vc_column_inner width=&#8221;1\/6&#8243;][\/vc_column_inner][vc_column_inner width=&#8221;2\/3&#8243;][vc_column_text css=&#8221;.vc_custom_1635244941069{margin-top: 0px !important;margin-bottom: 0px !important;padding-top: 0px !important;padding-bottom: 0px !important;}&#8221;]<\/p>\n<h3 style=\"text-align: center;\">Produto<\/h3>\n<p style=\"text-align: center;\">Fomos pioneiros en introducir o peixe ultraconxelado en varios pa\u00edses, creando unha nova categor\u00eda que rapidamente formou parte dos h\u00e1bitos de consumo de mill\u00f3ns de consumidores. A innovaci\u00f3n est\u00e1 no noso ADN dende as nosas orixes e, por isto, traballamos enfocados en dar resposta \u00e1s necesidades dos nosos consumidores a trav\u00e9s de soluci\u00f3ns innovadoras, saudables e nutritivas que lles proporcionen un valor engadido.<\/p>\n<p style=\"text-align: center;\">Queremos ser a mellor compa\u00f1\u00eda de alimentaci\u00f3n levando a frescura do mar \u00e1 mesa do consumidor e temos unha gran vantaxe: podemos ofrecer todas as garant\u00edas de calidade, seguridade e sostibilidade ao estar presentes en toda a cadea de valor, dende a pesca ou cultivo ata que o produto chega aos seus fogares.<\/p>\n<p>[\/vc_column_text][\/vc_column_inner][vc_column_inner width=&#8221;1\/6&#8243;][\/vc_column_inner][\/vc_row_inner][\/vc_column][\/vc_row][vc_row][vc_column][vc_empty_space height=&#8221;60&#8243;][\/vc_column][\/vc_row]<\/p>\n<\/section>","protected":false},"excerpt":{"rendered":"<p>[vc_row][vc_column][vc_column_text el_class=&#8221;titulo&#8221;]Innovaci\u00f3n[\/vc_column_text][vc_column_text]Pescanova nace dunha innovaci\u00f3n: a tecnolox\u00eda de conxelaci\u00f3n a bordo. Desde ent\u00f3n, non pasou un s\u00f3 d\u00eda en que non pens\u00e1semos en como mellorar todos<span class=\"excerpt-hellip\"> [\u2026]<\/span><\/p>\n","protected":false},"author":3,"featured_media":0,"parent":16768,"menu_order":5,"comment_status":"closed","ping_status":"closed","template":"","meta":{"_acf_changed":false,"footnotes":""},"class_list":["post-16912","page","type-page","status-publish","hentry"],"acf":[],"yoast_head":"<!-- This site is optimized with the Yoast SEO plugin v25.9 - https:\/\/yoast.com\/wordpress\/plugins\/seo\/ -->\n<title>Innovaci\u00f3n - Nueva Pescanova<\/title>\n<meta name=\"robots\" content=\"index, follow, max-snippet:-1, max-image-preview:large, max-video-preview:-1\" \/>\n<link rel=\"canonical\" href=\"https:\/\/www.nuevapescanova.com\/gl\/compromiso\/responsabilidade-social-corporativa-2\/innovacion\/\" \/>\n<meta property=\"og:locale\" content=\"gl_ES\" \/>\n<meta property=\"og:type\" content=\"article\" \/>\n<meta property=\"og:title\" content=\"Innovaci\u00f3n - Nueva Pescanova\" \/>\n<meta property=\"og:description\" content=\"[vc_row][vc_column][vc_column_text el_class=&#8221;titulo&#8221;]Innovaci\u00f3n[\/vc_column_text][vc_column_text]Pescanova nace dunha innovaci\u00f3n: a tecnolox\u00eda de conxelaci\u00f3n a bordo. Desde ent\u00f3n, non pasou un s\u00f3 d\u00eda en que non pens\u00e1semos en como mellorar todos [\u2026]\" \/>\n<meta property=\"og:url\" content=\"https:\/\/www.nuevapescanova.com\/gl\/compromiso\/responsabilidade-social-corporativa-2\/innovacion\/\" \/>\n<meta property=\"og:site_name\" content=\"Nueva Pescanova\" \/>\n<meta property=\"article:modified_time\" content=\"2026-01-09T10:44:16+00:00\" \/>\n<meta name=\"twitter:card\" content=\"summary_large_image\" \/>\n<meta name=\"twitter:site\" content=\"@PescanovaCorp\" \/>\n<meta name=\"twitter:label1\" content=\"Est. reading time\" \/>\n\t<meta name=\"twitter:data1\" content=\"4 minutes\" \/>\n<script type=\"application\/ld+json\" class=\"yoast-schema-graph\">{\"@context\":\"https:\/\/schema.org\",\"@graph\":[{\"@type\":\"WebPage\",\"@id\":\"https:\/\/www.nuevapescanova.com\/gl\/compromiso\/responsabilidade-social-corporativa-2\/innovacion\/\",\"url\":\"https:\/\/www.nuevapescanova.com\/gl\/compromiso\/responsabilidade-social-corporativa-2\/innovacion\/\",\"name\":\"Innovaci\u00f3n - Nueva Pescanova\",\"isPartOf\":{\"@id\":\"https:\/\/www.nuevapescanova.com\/#website\"},\"datePublished\":\"2017-12-19T20:07:55+00:00\",\"dateModified\":\"2026-01-09T10:44:16+00:00\",\"breadcrumb\":{\"@id\":\"https:\/\/www.nuevapescanova.com\/gl\/compromiso\/responsabilidade-social-corporativa-2\/innovacion\/#breadcrumb\"},\"inLanguage\":\"gl-ES\",\"potentialAction\":[{\"@type\":\"ReadAction\",\"target\":[\"https:\/\/www.nuevapescanova.com\/gl\/compromiso\/responsabilidade-social-corporativa-2\/innovacion\/\"]}]},{\"@type\":\"BreadcrumbList\",\"@id\":\"https:\/\/www.nuevapescanova.com\/gl\/compromiso\/responsabilidade-social-corporativa-2\/innovacion\/#breadcrumb\",\"itemListElement\":[{\"@type\":\"ListItem\",\"position\":1,\"name\":\"Portada\",\"item\":\"https:\/\/www.nuevapescanova.com\/gl\/\"},{\"@type\":\"ListItem\",\"position\":2,\"name\":\"Compromiso\",\"item\":\"https:\/\/www.nuevapescanova.com\/compromiso\/\"},{\"@type\":\"ListItem\",\"position\":3,\"name\":\"Responsabilidade Social Corporativa\",\"item\":\"https:\/\/www.nuevapescanova.com\/compromiso\/responsabilidad-social-corporativa-2\/\"},{\"@type\":\"ListItem\",\"position\":4,\"name\":\"Innovaci\u00f3n\"}]},{\"@type\":\"WebSite\",\"@id\":\"https:\/\/www.nuevapescanova.com\/#website\",\"url\":\"https:\/\/www.nuevapescanova.com\/\",\"name\":\"Nueva Pescanova\",\"description\":\"\",\"publisher\":{\"@id\":\"https:\/\/www.nuevapescanova.com\/#organization\"},\"potentialAction\":[{\"@type\":\"SearchAction\",\"target\":{\"@type\":\"EntryPoint\",\"urlTemplate\":\"https:\/\/www.nuevapescanova.com\/?s={search_term_string}\"},\"query-input\":{\"@type\":\"PropertyValueSpecification\",\"valueRequired\":true,\"valueName\":\"search_term_string\"}}],\"inLanguage\":\"gl-ES\"},{\"@type\":\"Organization\",\"@id\":\"https:\/\/www.nuevapescanova.com\/#organization\",\"name\":\"Nueva Pescanova\",\"url\":\"https:\/\/www.nuevapescanova.com\/\",\"logo\":{\"@type\":\"ImageObject\",\"inLanguage\":\"gl-ES\",\"@id\":\"https:\/\/www.nuevapescanova.com\/#\/schema\/logo\/image\/\",\"url\":\"https:\/\/www.nuevapescanova.com\/nuevapescanova\/wp-content\/uploads\/2023\/06\/Logo-Grupo-Nueva-Pescanova.jpg\",\"contentUrl\":\"https:\/\/www.nuevapescanova.com\/nuevapescanova\/wp-content\/uploads\/2023\/06\/Logo-Grupo-Nueva-Pescanova.jpg\",\"width\":800,\"height\":398,\"caption\":\"Nueva Pescanova\"},\"image\":{\"@id\":\"https:\/\/www.nuevapescanova.com\/#\/schema\/logo\/image\/\"},\"sameAs\":[\"https:\/\/x.com\/PescanovaCorp\",\"https:\/\/www.linkedin.com\/company\/nuevapescanova\/?originalSubdomain=es\"]}]}<\/script>\n<!-- \/ Yoast SEO plugin. -->","yoast_head_json":{"title":"Innovaci\u00f3n - Nueva Pescanova","robots":{"index":"index","follow":"follow","max-snippet":"max-snippet:-1","max-image-preview":"max-image-preview:large","max-video-preview":"max-video-preview:-1"},"canonical":"https:\/\/www.nuevapescanova.com\/gl\/compromiso\/responsabilidade-social-corporativa-2\/innovacion\/","og_locale":"gl_ES","og_type":"article","og_title":"Innovaci\u00f3n - Nueva Pescanova","og_description":"[vc_row][vc_column][vc_column_text el_class=&#8221;titulo&#8221;]Innovaci\u00f3n[\/vc_column_text][vc_column_text]Pescanova nace dunha innovaci\u00f3n: a tecnolox\u00eda de conxelaci\u00f3n a bordo. Desde ent\u00f3n, non pasou un s\u00f3 d\u00eda en que non pens\u00e1semos en como mellorar todos [\u2026]","og_url":"https:\/\/www.nuevapescanova.com\/gl\/compromiso\/responsabilidade-social-corporativa-2\/innovacion\/","og_site_name":"Nueva Pescanova","article_modified_time":"2026-01-09T10:44:16+00:00","twitter_card":"summary_large_image","twitter_site":"@PescanovaCorp","twitter_misc":{"Est. reading time":"4 minutes"},"schema":{"@context":"https:\/\/schema.org","@graph":[{"@type":"WebPage","@id":"https:\/\/www.nuevapescanova.com\/gl\/compromiso\/responsabilidade-social-corporativa-2\/innovacion\/","url":"https:\/\/www.nuevapescanova.com\/gl\/compromiso\/responsabilidade-social-corporativa-2\/innovacion\/","name":"Innovaci\u00f3n - Nueva Pescanova","isPartOf":{"@id":"https:\/\/www.nuevapescanova.com\/#website"},"datePublished":"2017-12-19T20:07:55+00:00","dateModified":"2026-01-09T10:44:16+00:00","breadcrumb":{"@id":"https:\/\/www.nuevapescanova.com\/gl\/compromiso\/responsabilidade-social-corporativa-2\/innovacion\/#breadcrumb"},"inLanguage":"gl-ES","potentialAction":[{"@type":"ReadAction","target":["https:\/\/www.nuevapescanova.com\/gl\/compromiso\/responsabilidade-social-corporativa-2\/innovacion\/"]}]},{"@type":"BreadcrumbList","@id":"https:\/\/www.nuevapescanova.com\/gl\/compromiso\/responsabilidade-social-corporativa-2\/innovacion\/#breadcrumb","itemListElement":[{"@type":"ListItem","position":1,"name":"Portada","item":"https:\/\/www.nuevapescanova.com\/gl\/"},{"@type":"ListItem","position":2,"name":"Compromiso","item":"https:\/\/www.nuevapescanova.com\/compromiso\/"},{"@type":"ListItem","position":3,"name":"Responsabilidade Social Corporativa","item":"https:\/\/www.nuevapescanova.com\/compromiso\/responsabilidad-social-corporativa-2\/"},{"@type":"ListItem","position":4,"name":"Innovaci\u00f3n"}]},{"@type":"WebSite","@id":"https:\/\/www.nuevapescanova.com\/#website","url":"https:\/\/www.nuevapescanova.com\/","name":"Nueva Pescanova","description":"","publisher":{"@id":"https:\/\/www.nuevapescanova.com\/#organization"},"potentialAction":[{"@type":"SearchAction","target":{"@type":"EntryPoint","urlTemplate":"https:\/\/www.nuevapescanova.com\/?s={search_term_string}"},"query-input":{"@type":"PropertyValueSpecification","valueRequired":true,"valueName":"search_term_string"}}],"inLanguage":"gl-ES"},{"@type":"Organization","@id":"https:\/\/www.nuevapescanova.com\/#organization","name":"Nueva Pescanova","url":"https:\/\/www.nuevapescanova.com\/","logo":{"@type":"ImageObject","inLanguage":"gl-ES","@id":"https:\/\/www.nuevapescanova.com\/#\/schema\/logo\/image\/","url":"https:\/\/www.nuevapescanova.com\/nuevapescanova\/wp-content\/uploads\/2023\/06\/Logo-Grupo-Nueva-Pescanova.jpg","contentUrl":"https:\/\/www.nuevapescanova.com\/nuevapescanova\/wp-content\/uploads\/2023\/06\/Logo-Grupo-Nueva-Pescanova.jpg","width":800,"height":398,"caption":"Nueva Pescanova"},"image":{"@id":"https:\/\/www.nuevapescanova.com\/#\/schema\/logo\/image\/"},"sameAs":["https:\/\/x.com\/PescanovaCorp","https:\/\/www.linkedin.com\/company\/nuevapescanova\/?originalSubdomain=es"]}]}},"_links":{"self":[{"href":"https:\/\/www.nuevapescanova.com\/gl\/wp-json\/wp\/v2\/pages\/16912","targetHints":{"allow":["GET"]}}],"collection":[{"href":"https:\/\/www.nuevapescanova.com\/gl\/wp-json\/wp\/v2\/pages"}],"about":[{"href":"https:\/\/www.nuevapescanova.com\/gl\/wp-json\/wp\/v2\/types\/page"}],"author":[{"embeddable":true,"href":"https:\/\/www.nuevapescanova.com\/gl\/wp-json\/wp\/v2\/users\/3"}],"replies":[{"embeddable":true,"href":"https:\/\/www.nuevapescanova.com\/gl\/wp-json\/wp\/v2\/comments?post=16912"}],"version-history":[{"count":15,"href":"https:\/\/www.nuevapescanova.com\/gl\/wp-json\/wp\/v2\/pages\/16912\/revisions"}],"predecessor-version":[{"id":47218,"href":"https:\/\/www.nuevapescanova.com\/gl\/wp-json\/wp\/v2\/pages\/16912\/revisions\/47218"}],"up":[{"embeddable":true,"href":"https:\/\/www.nuevapescanova.com\/gl\/wp-json\/wp\/v2\/pages\/16768"}],"wp:attachment":[{"href":"https:\/\/www.nuevapescanova.com\/gl\/wp-json\/wp\/v2\/media?parent=16912"}],"curies":[{"name":"wp","href":"https:\/\/api.w.org\/{rel}","templated":true}]}}