{"id":16917,"date":"2017-11-22T18:45:14","date_gmt":"2017-11-22T18:45:14","guid":{"rendered":"http:\/\/www.nuevapescanova.com\/personas\/"},"modified":"2025-10-16T17:03:36","modified_gmt":"2025-10-16T17:03:36","slug":"persoas-2","status":"publish","type":"page","link":"https:\/\/www.nuevapescanova.com\/gl\/persoas-2\/","title":{"rendered":"Persoas"},"content":{"rendered":"<section class=\"wpb-content-wrapper\"><p>[vc_row][vc_column width=&#8221;1\/2&#8243;][vc_column_text el_class=&#8221;titulo&#8221;]Persoas[\/vc_column_text][\/vc_column][vc_column width=&#8221;1\/2&#8243;][vc_column_text el_class=&#8221;titulo-historia&#8221; css=&#8221;.vc_custom_1519671868554{margin-top: 40px !important;}&#8221;]<\/p>\n<p style=\"text-align: right;\">Nuestro <strong>principal activo<\/strong><\/p>\n<p>[\/vc_column_text][\/vc_column][\/vc_row][vc_row css=&#8221;.vc_custom_1516650371493{margin-bottom: 0px !important;padding-bottom: 0px !important;background-color: #ffffff !important;}&#8221;][vc_column][vc_row_inner css=&#8221;.vc_custom_1516622040683{margin-top: 0px !important;margin-bottom: 0px !important;padding-top: 0px !important;padding-bottom: 0px !important;}&#8221;][vc_column_inner css=&#8221;.vc_custom_1516622033570{margin-bottom: 0px !important;padding-bottom: 0px !important;}&#8221;][vc_single_image image=&#8221;16918&#8243; img_size=&#8221;full&#8221; css=&#8221;.vc_custom_1516650340764{margin-top: 0px !important;margin-bottom: 0px !important;padding-top: 0px !important;padding-bottom: 0px !important;}&#8221;][\/vc_column_inner][\/vc_row_inner][vc_row_inner css=&#8221;.vc_custom_1516619786786{margin-bottom: 0px !important;padding-bottom: 0px !important;}&#8221; el_class=&#8221;sombra&#8221;][vc_column_inner width=&#8221;1\/6&#8243;][\/vc_column_inner][vc_column_inner width=&#8221;2\/3&#8243;][vc_column_text css=&#8221;.vc_custom_1760634212678{margin-top: 0px !important;margin-bottom: 0px !important;padding-top: 0px !important;padding-bottom: 0px !important;}&#8221;]<\/p>\n<p style=\"text-align: center;\">No <strong>Grupo Nueva Pescanova<\/strong> somos conscientes de que as nosas <strong><a href=\"https:\/\/www.nuevapescanova.com\/compromiso\/responsabilidad-social-corporativa-2\/el-compromiso-con-nuestras-personas\/\" target=\"_blank\" rel=\"noopener\">persoas<\/a><\/strong> son o <strong>principal activo<\/strong> da nosa compa\u00f1\u00eda. <strong>Con case 10.000 traballadores en catro continentes<\/strong>, apostamos firmemente polo <strong>traballo en equipo<\/strong> e por unha x<strong>esti\u00f3n do talento flexible<\/strong>, onde potenciamos as carreiras internacionais e que permita desenvolvernos como persoas.<\/p>\n<p style=\"text-align: center;\">Traballar en Nueva Pescanova \u00e9 <strong>aprender no posto de traballo, ser \u00e1xil e adaptarse \u00e1 contorna cambiante<\/strong> do mercado internacional dos produtos do mar.<\/p>\n<p style=\"text-align: center;\">Cremos na <strong>xesti\u00f3n por obxectivos<\/strong> e buscamos sempre o <strong>mellor dos nosos equipos<\/strong>, cremos na <strong>meritocracia<\/strong> e recompensamos a todos os nosos traballadores <strong>en funci\u00f3n dos seus resultados<\/strong>.<\/p>\n<p>[\/vc_column_text][\/vc_column_inner][vc_column_inner width=&#8221;1\/6&#8243;][\/vc_column_inner][\/vc_row_inner][\/vc_column][\/vc_row][vc_row][vc_column][vc_empty_space height=&#8221;60&#8243;][\/vc_column][\/vc_row]<\/p>\n<\/section>","protected":false},"excerpt":{"rendered":"<p>[vc_row][vc_column width=&#8221;1\/2&#8243;][vc_column_text el_class=&#8221;titulo&#8221;]Persoas[\/vc_column_text][\/vc_column][vc_column width=&#8221;1\/2&#8243;][vc_column_text el_class=&#8221;titulo-historia&#8221; css=&#8221;.vc_custom_1519671868554{margin-top: 40px !important;}&#8221;] Nuestro principal activo [\/vc_column_text][\/vc_column][\/vc_row][vc_row css=&#8221;.vc_custom_1516650371493{margin-bottom: 0px !important;padding-bottom: 0px !important;background-color: #ffffff !important;}&#8221;][vc_column][vc_row_inner css=&#8221;.vc_custom_1516622040683{margin-top: 0px !important;margin-bottom: 0px !important;padding-top: 0px !important;padding-bottom:<span class=\"excerpt-hellip\"> [\u2026]<\/span><\/p>\n","protected":false},"author":3,"featured_media":0,"parent":0,"menu_order":4,"comment_status":"closed","ping_status":"closed","template":"","meta":{"_acf_changed":false,"footnotes":""},"class_list":["post-16917","page","type-page","status-publish","hentry"],"acf":[],"yoast_head":"<!-- This site is optimized with the Yoast SEO plugin v25.9 - https:\/\/yoast.com\/wordpress\/plugins\/seo\/ -->\n<title>Persoas - Nueva Pescanova<\/title>\n<meta name=\"robots\" content=\"index, follow, max-snippet:-1, max-image-preview:large, max-video-preview:-1\" \/>\n<link rel=\"canonical\" href=\"https:\/\/www.nuevapescanova.com\/gl\/persoas-2\/\" \/>\n<meta property=\"og:locale\" content=\"gl_ES\" \/>\n<meta property=\"og:type\" content=\"article\" \/>\n<meta property=\"og:title\" content=\"Persoas - Nueva Pescanova\" \/>\n<meta property=\"og:description\" content=\"[vc_row][vc_column width=&#8221;1\/2&#8243;][vc_column_text el_class=&#8221;titulo&#8221;]Persoas[\/vc_column_text][\/vc_column][vc_column width=&#8221;1\/2&#8243;][vc_column_text el_class=&#8221;titulo-historia&#8221; css=&#8221;.vc_custom_1519671868554{margin-top: 40px !important;}&#8221;] Nuestro principal activo [\/vc_column_text][\/vc_column][\/vc_row][vc_row css=&#8221;.vc_custom_1516650371493{margin-bottom: 0px !important;padding-bottom: 0px !important;background-color: #ffffff !important;}&#8221;][vc_column][vc_row_inner css=&#8221;.vc_custom_1516622040683{margin-top: 0px !important;margin-bottom: 0px !important;padding-top: 0px !important;padding-bottom: [\u2026]\" \/>\n<meta property=\"og:url\" content=\"https:\/\/www.nuevapescanova.com\/gl\/persoas-2\/\" \/>\n<meta property=\"og:site_name\" content=\"Nueva Pescanova\" \/>\n<meta property=\"article:modified_time\" content=\"2025-10-16T17:03:36+00:00\" \/>\n<meta name=\"twitter:card\" content=\"summary_large_image\" \/>\n<meta name=\"twitter:site\" content=\"@PescanovaCorp\" \/>\n<meta name=\"twitter:label1\" content=\"Est. reading time\" \/>\n\t<meta name=\"twitter:data1\" content=\"1 minute\" \/>\n<script type=\"application\/ld+json\" class=\"yoast-schema-graph\">{\"@context\":\"https:\/\/schema.org\",\"@graph\":[{\"@type\":\"WebPage\",\"@id\":\"https:\/\/www.nuevapescanova.com\/gl\/persoas-2\/\",\"url\":\"https:\/\/www.nuevapescanova.com\/gl\/persoas-2\/\",\"name\":\"Persoas - Nueva Pescanova\",\"isPartOf\":{\"@id\":\"https:\/\/www.nuevapescanova.com\/#website\"},\"datePublished\":\"2017-11-22T18:45:14+00:00\",\"dateModified\":\"2025-10-16T17:03:36+00:00\",\"breadcrumb\":{\"@id\":\"https:\/\/www.nuevapescanova.com\/gl\/persoas-2\/#breadcrumb\"},\"inLanguage\":\"gl-ES\",\"potentialAction\":[{\"@type\":\"ReadAction\",\"target\":[\"https:\/\/www.nuevapescanova.com\/gl\/persoas-2\/\"]}]},{\"@type\":\"BreadcrumbList\",\"@id\":\"https:\/\/www.nuevapescanova.com\/gl\/persoas-2\/#breadcrumb\",\"itemListElement\":[{\"@type\":\"ListItem\",\"position\":1,\"name\":\"Portada\",\"item\":\"https:\/\/www.nuevapescanova.com\/gl\/\"},{\"@type\":\"ListItem\",\"position\":2,\"name\":\"Persoas\"}]},{\"@type\":\"WebSite\",\"@id\":\"https:\/\/www.nuevapescanova.com\/#website\",\"url\":\"https:\/\/www.nuevapescanova.com\/\",\"name\":\"Nueva Pescanova\",\"description\":\"\",\"publisher\":{\"@id\":\"https:\/\/www.nuevapescanova.com\/#organization\"},\"potentialAction\":[{\"@type\":\"SearchAction\",\"target\":{\"@type\":\"EntryPoint\",\"urlTemplate\":\"https:\/\/www.nuevapescanova.com\/?s={search_term_string}\"},\"query-input\":{\"@type\":\"PropertyValueSpecification\",\"valueRequired\":true,\"valueName\":\"search_term_string\"}}],\"inLanguage\":\"gl-ES\"},{\"@type\":\"Organization\",\"@id\":\"https:\/\/www.nuevapescanova.com\/#organization\",\"name\":\"Nueva Pescanova\",\"url\":\"https:\/\/www.nuevapescanova.com\/\",\"logo\":{\"@type\":\"ImageObject\",\"inLanguage\":\"gl-ES\",\"@id\":\"https:\/\/www.nuevapescanova.com\/#\/schema\/logo\/image\/\",\"url\":\"https:\/\/www.nuevapescanova.com\/nuevapescanova\/wp-content\/uploads\/2023\/06\/Logo-Grupo-Nueva-Pescanova.jpg\",\"contentUrl\":\"https:\/\/www.nuevapescanova.com\/nuevapescanova\/wp-content\/uploads\/2023\/06\/Logo-Grupo-Nueva-Pescanova.jpg\",\"width\":800,\"height\":398,\"caption\":\"Nueva Pescanova\"},\"image\":{\"@id\":\"https:\/\/www.nuevapescanova.com\/#\/schema\/logo\/image\/\"},\"sameAs\":[\"https:\/\/x.com\/PescanovaCorp\",\"https:\/\/www.linkedin.com\/company\/nuevapescanova\/?originalSubdomain=es\"]}]}<\/script>\n<!-- \/ Yoast SEO plugin. -->","yoast_head_json":{"title":"Persoas - Nueva Pescanova","robots":{"index":"index","follow":"follow","max-snippet":"max-snippet:-1","max-image-preview":"max-image-preview:large","max-video-preview":"max-video-preview:-1"},"canonical":"https:\/\/www.nuevapescanova.com\/gl\/persoas-2\/","og_locale":"gl_ES","og_type":"article","og_title":"Persoas - Nueva Pescanova","og_description":"[vc_row][vc_column width=&#8221;1\/2&#8243;][vc_column_text el_class=&#8221;titulo&#8221;]Persoas[\/vc_column_text][\/vc_column][vc_column width=&#8221;1\/2&#8243;][vc_column_text el_class=&#8221;titulo-historia&#8221; css=&#8221;.vc_custom_1519671868554{margin-top: 40px !important;}&#8221;] Nuestro principal activo [\/vc_column_text][\/vc_column][\/vc_row][vc_row css=&#8221;.vc_custom_1516650371493{margin-bottom: 0px !important;padding-bottom: 0px !important;background-color: #ffffff !important;}&#8221;][vc_column][vc_row_inner css=&#8221;.vc_custom_1516622040683{margin-top: 0px !important;margin-bottom: 0px !important;padding-top: 0px !important;padding-bottom: [\u2026]","og_url":"https:\/\/www.nuevapescanova.com\/gl\/persoas-2\/","og_site_name":"Nueva Pescanova","article_modified_time":"2025-10-16T17:03:36+00:00","twitter_card":"summary_large_image","twitter_site":"@PescanovaCorp","twitter_misc":{"Est. reading time":"1 minute"},"schema":{"@context":"https:\/\/schema.org","@graph":[{"@type":"WebPage","@id":"https:\/\/www.nuevapescanova.com\/gl\/persoas-2\/","url":"https:\/\/www.nuevapescanova.com\/gl\/persoas-2\/","name":"Persoas - Nueva Pescanova","isPartOf":{"@id":"https:\/\/www.nuevapescanova.com\/#website"},"datePublished":"2017-11-22T18:45:14+00:00","dateModified":"2025-10-16T17:03:36+00:00","breadcrumb":{"@id":"https:\/\/www.nuevapescanova.com\/gl\/persoas-2\/#breadcrumb"},"inLanguage":"gl-ES","potentialAction":[{"@type":"ReadAction","target":["https:\/\/www.nuevapescanova.com\/gl\/persoas-2\/"]}]},{"@type":"BreadcrumbList","@id":"https:\/\/www.nuevapescanova.com\/gl\/persoas-2\/#breadcrumb","itemListElement":[{"@type":"ListItem","position":1,"name":"Portada","item":"https:\/\/www.nuevapescanova.com\/gl\/"},{"@type":"ListItem","position":2,"name":"Persoas"}]},{"@type":"WebSite","@id":"https:\/\/www.nuevapescanova.com\/#website","url":"https:\/\/www.nuevapescanova.com\/","name":"Nueva Pescanova","description":"","publisher":{"@id":"https:\/\/www.nuevapescanova.com\/#organization"},"potentialAction":[{"@type":"SearchAction","target":{"@type":"EntryPoint","urlTemplate":"https:\/\/www.nuevapescanova.com\/?s={search_term_string}"},"query-input":{"@type":"PropertyValueSpecification","valueRequired":true,"valueName":"search_term_string"}}],"inLanguage":"gl-ES"},{"@type":"Organization","@id":"https:\/\/www.nuevapescanova.com\/#organization","name":"Nueva Pescanova","url":"https:\/\/www.nuevapescanova.com\/","logo":{"@type":"ImageObject","inLanguage":"gl-ES","@id":"https:\/\/www.nuevapescanova.com\/#\/schema\/logo\/image\/","url":"https:\/\/www.nuevapescanova.com\/nuevapescanova\/wp-content\/uploads\/2023\/06\/Logo-Grupo-Nueva-Pescanova.jpg","contentUrl":"https:\/\/www.nuevapescanova.com\/nuevapescanova\/wp-content\/uploads\/2023\/06\/Logo-Grupo-Nueva-Pescanova.jpg","width":800,"height":398,"caption":"Nueva Pescanova"},"image":{"@id":"https:\/\/www.nuevapescanova.com\/#\/schema\/logo\/image\/"},"sameAs":["https:\/\/x.com\/PescanovaCorp","https:\/\/www.linkedin.com\/company\/nuevapescanova\/?originalSubdomain=es"]}]}},"_links":{"self":[{"href":"https:\/\/www.nuevapescanova.com\/gl\/wp-json\/wp\/v2\/pages\/16917","targetHints":{"allow":["GET"]}}],"collection":[{"href":"https:\/\/www.nuevapescanova.com\/gl\/wp-json\/wp\/v2\/pages"}],"about":[{"href":"https:\/\/www.nuevapescanova.com\/gl\/wp-json\/wp\/v2\/types\/page"}],"author":[{"embeddable":true,"href":"https:\/\/www.nuevapescanova.com\/gl\/wp-json\/wp\/v2\/users\/3"}],"replies":[{"embeddable":true,"href":"https:\/\/www.nuevapescanova.com\/gl\/wp-json\/wp\/v2\/comments?post=16917"}],"version-history":[{"count":8,"href":"https:\/\/www.nuevapescanova.com\/gl\/wp-json\/wp\/v2\/pages\/16917\/revisions"}],"predecessor-version":[{"id":46690,"href":"https:\/\/www.nuevapescanova.com\/gl\/wp-json\/wp\/v2\/pages\/16917\/revisions\/46690"}],"wp:attachment":[{"href":"https:\/\/www.nuevapescanova.com\/gl\/wp-json\/wp\/v2\/media?parent=16917"}],"curies":[{"name":"wp","href":"https:\/\/api.w.org\/{rel}","templated":true}]}}