{"id":16923,"date":"2017-12-20T07:07:51","date_gmt":"2017-12-20T07:07:51","guid":{"rendered":"http:\/\/www.nuevapescanova.com\/persoas\/trabaja-con-nosotros\/"},"modified":"2024-03-06T10:59:10","modified_gmt":"2024-03-06T10:59:10","slug":"traballa-connosco","status":"publish","type":"page","link":"https:\/\/www.nuevapescanova.com\/gl\/persoas-2\/traballa-connosco\/","title":{"rendered":"Traballa connosco"},"content":{"rendered":"<section class=\"wpb-content-wrapper\"><p>[vc_row][vc_column width=&#8221;1\/2&#8243;][vc_column_text el_class=&#8221;titulo&#8221;]Traballa connosco[\/vc_column_text][\/vc_column][vc_column width=&#8221;1\/2&#8243;][vc_column_text el_class=&#8221;titulo-historia&#8221; css=&#8221;.vc_custom_1604922016412{margin-top: 40px !important;}&#8221;]<\/p>\n<p style=\"text-align: right;\"><b>\u00danete<\/b>\u00a0\u00e1 nosa &#8220;tripulaci\u00f3n&#8221;<\/p>\n<p>[\/vc_column_text][\/vc_column][\/vc_row][vc_row css=&#8221;.vc_custom_1516650371493{margin-bottom: 0px !important;padding-bottom: 0px !important;background-color: #ffffff !important;}&#8221;][vc_column][vc_row_inner css=&#8221;.vc_custom_1516622040683{margin-top: 0px !important;margin-bottom: 0px !important;padding-top: 0px !important;padding-bottom: 0px !important;}&#8221;][vc_column_inner css=&#8221;.vc_custom_1516622033570{margin-bottom: 0px !important;padding-bottom: 0px !important;}&#8221;][vc_single_image image=&#8221;3423&#8243; img_size=&#8221;full&#8221; css=&#8221;.vc_custom_1519666198794{margin-top: 0px !important;margin-bottom: 0px !important;padding-top: 0px !important;padding-bottom: 0px !important;}&#8221;][\/vc_column_inner][\/vc_row_inner][vc_row_inner css=&#8221;.vc_custom_1516619786786{margin-bottom: 0px !important;padding-bottom: 0px !important;}&#8221; el_class=&#8221;sombra&#8221;][vc_column_inner width=&#8221;1\/6&#8243;][\/vc_column_inner][vc_column_inner width=&#8221;2\/3&#8243;][vc_column_text css=&#8221;.vc_custom_1604922057947{margin-top: 0px !important;margin-bottom: 0px !important;padding-top: 0px !important;padding-bottom: 0px !important;}&#8221;]<\/p>\n<h2 style=\"text-align: center;\">Carreiras<\/h2>\n<p>Queremos <strong>atraer o mellor talento<\/strong>. Por iso esforz\u00e1monos por ofrecerlles aos nosos profesionais <strong>oportunidades laborais e de desenvolvemento que lles permitan crecer e progresar na s\u00faa carreira<\/strong>.[\/vc_column_text][vc_column_text css=&#8221;.vc_custom_1709722747741{margin-top: 30px !important;margin-bottom: 0px !important;padding-top: 0px !important;padding-bottom: 0px !important;}&#8221;]<\/p>\n<h3><\/h3>\n<h3 style=\"text-align: center;\">Ofertas de emprego<\/h3>\n<p style=\"text-align: center;\">Podes acceder \u00e1s nosas <strong>ofertas de emprego<\/strong> picando na seguinte <a href=\"https:\/\/nuevapescanova.wd3.myworkdayjobs.com\/es\/External\" target=\"_blank\" rel=\"noopener\">LIGAZ\u00d3N<\/a> ou consult\u00e1ndoas na nosa p\u00e1xina de <a href=\"https:\/\/www.linkedin.com\/company\/nuevapescanova\/jobs\/\" target=\"_blank\" rel=\"noopener noreferrer\">LINKEDIN<\/a>. Pica na ligaz\u00f3n para descubrilas.<\/p>\n<p>[\/vc_column_text][vc_single_image image=&#8221;1790&#8243; img_size=&#8221;medium&#8221; alignment=&#8221;center&#8221; onclick=&#8221;custom_link&#8221; img_link_target=&#8221;_blank&#8221; link=&#8221;https:\/\/www.linkedin.com\/jobs\/search\/?f_C=375765&amp;locationId=OTHERS.worldwide&#8221; css=&#8221;.vc_custom_1517302792243{margin-top: 30px !important;}&#8221;][vc_column_text css=&#8221;.vc_custom_1678965298284{margin-top: 30px !important;margin-bottom: 30px !important;padding-top: 0px !important;padding-bottom: 0px !important;}&#8221;]<\/p>\n<h3><\/h3>\n<h3><\/h3>\n<h3 style=\"text-align: center;\">Env\u00edanos o teu curr\u00edculo<\/h3>\n<p style=\"text-align: center;\">Se non ves ningunha oferta que encaixe co teu perfil pero cres que as t\u00faas aptitudes e habilidades profesionais encaixan co noso proxecto e queres encarar un novo reto profesional. <strong>Ser\u00e1 incorporado \u00e1 nosa base de datos.<\/strong><\/p>\n<p style=\"text-align: center;\">Rex\u00edstrate <a href=\"https:\/\/nuevapescanova.wd3.myworkdayjobs.com\/es\/External\/introduceYourself\" target=\"_blank\" rel=\"noopener\"><strong>AQU\u00cd<\/strong><\/a><\/p>\n<p style=\"text-align: center;\">Os nosos ficheiros est\u00e1n suxeitos \u00e1 <strong>Lei de protecci\u00f3n de datos<\/strong> e son tratados baixo as premisas que marca a lexislaci\u00f3n espa\u00f1ola respecto diso.<\/p>\n<p>[\/vc_column_text][\/vc_column_inner][vc_column_inner width=&#8221;1\/6&#8243;][\/vc_column_inner][\/vc_row_inner][\/vc_column][\/vc_row][vc_row css=&#8221;.vc_custom_1516651027158{margin-top: 30px !important;margin-bottom: 0px !important;padding-bottom: 0px !important;background-color: #ffffff !important;}&#8221;][vc_column][vc_row_inner css=&#8221;.vc_custom_1516622040683{margin-top: 0px !important;margin-bottom: 0px !important;padding-top: 0px !important;padding-bottom: 0px !important;}&#8221;][vc_column_inner css=&#8221;.vc_custom_1516622033570{margin-bottom: 0px !important;padding-bottom: 0px !important;}&#8221;][vc_single_image image=&#8221;1914&#8243; img_size=&#8221;full&#8221; css=&#8221;.vc_custom_1517166074856{margin-top: 0px !important;margin-bottom: 0px !important;padding-top: 0px !important;padding-bottom: 0px !important;}&#8221;][\/vc_column_inner][\/vc_row_inner][vc_row_inner css=&#8221;.vc_custom_1516619786786{margin-bottom: 0px !important;padding-bottom: 0px !important;}&#8221; el_class=&#8221;sombra&#8221;][vc_column_inner width=&#8221;1\/6&#8243;][\/vc_column_inner][vc_column_inner width=&#8221;2\/3&#8243;][vc_column_text css=&#8221;.vc_custom_1678965330103{margin-top: 0px !important;margin-bottom: 0px !important;padding-top: 0px !important;padding-bottom: 0px !important;}&#8221;]<\/p>\n<h2 style=\"text-align: center;\">O Proceso de Selecci\u00f3n<\/h2>\n<p style=\"text-align: center;\">No <strong>Grupo Nueva Pescanova<\/strong> estamos encantados de que queiras unirte \u00e1 nosa tripulaci\u00f3n. Nunha <strong>organizaci\u00f3n global<\/strong> como a nosa sempre hai oportunidades para multitude de perf\u00eds profesionais.<\/p>\n<p style=\"text-align: center;\">Os nosos principios de selecci\u00f3n caracter\u00edzanse por tratar sempre de incorporar ao noso proxecto <strong>profesionais cos m\u00e9ritos e capacidades que require cada vacante<\/strong>, pero sen perder de vista o ADN dunha compa\u00f1\u00eda multinacional, que valora o traballo en equipos multidisciplinares para levar a cabo os retos e desaf\u00edos que o mercado e os tempos marcan. Cremos na <strong>igualdade de oportunidades<\/strong> e traballamos co <strong>m\u00e1ximo respecto e confidencialidade nos procesos de selecci\u00f3n<\/strong> dos nosos candidatos.<\/p>\n<p style=\"text-align: center;\">Antes de que sexas parte da nosa organizaci\u00f3n, queremos estar seguros de que ti es a persoa correcta e que igualmente n\u00f3s somos a empresa m\u00e1is adecuada para ti. Por iso, seguimos sempre o seguinte proceso de selecci\u00f3n:<\/p>\n<h3 style=\"text-align: center;\"><span style=\"color: #bb0021;\">1<\/span><\/h3>\n<h3 style=\"text-align: center;\">Aplica EN LI\u00d1A<\/h3>\n<p style=\"text-align: center;\">O noso proceso de aplicaci\u00f3n \u00e9 realmente sinxelo, <strong>publicamos as nosas vacantes na seguinte <a href=\"https:\/\/nuevapescanova.wd3.myworkdayjobs.com\/es\/External\" target=\"_blank\" rel=\"noopener\">LIGAZ\u00d3N<\/a><\/strong>. Fai clic e descubre que ofertas de emprego temos actualmente.<\/p>\n<h4 style=\"text-align: center;\"><span style=\"color: #bb0021;\"><img loading=\"lazy\" decoding=\"async\" class=\"size-full wp-image-1684 aligncenter\" src=\"http:\/\/demo.nuevapescanova.com\/wp-content\/uploads\/2018\/01\/flechas.png\" alt=\"\" width=\"10\" height=\"30\" \/><\/span><\/h4>\n<h3 style=\"text-align: center;\"><span style=\"color: #bb0021;\">2<\/span><\/h3>\n<h3 style=\"text-align: center;\">Pre-selecci\u00f3n<\/h3>\n<p style=\"text-align: center;\">Dependendo do tipo de posici\u00f3n \u00e1 que aplicaches este proceso pode ser algo diferente. Na maior\u00eda dos casos \u00e9 tan sinxelo como unha simple chamada telef\u00f3nica por parte de algu\u00e9n do noso equipo de persoas.<\/p>\n<h4 style=\"text-align: center;\"><span style=\"color: #bb0021;\"><img loading=\"lazy\" decoding=\"async\" class=\"size-full wp-image-1684 aligncenter\" src=\"http:\/\/demo.nuevapescanova.com\/wp-content\/uploads\/2018\/01\/flechas.png\" alt=\"\" width=\"10\" height=\"30\" \/><\/span><\/h4>\n<h3 style=\"text-align: center;\"><span style=\"color: #bb0021;\">3<\/span><\/h3>\n<h3 style=\"text-align: center;\">Entrevista<\/h3>\n<p style=\"text-align: center;\">Se superaches a fase de preselecci\u00f3n, convidar\u00e9moste a unha entrevista que poder\u00e1 ser presencial ou virtual co manager da posici\u00f3n que esteamos a buscar e con algu\u00e9n do noso equipo de persoas. \u00c9 unha grande oportunidade para falar do proceso con m\u00e1is detalle e co\u00f1ecer mellor as t\u00faas competencias e habilidades e encaixe para a posici\u00f3n.<\/p>\n<h4 style=\"text-align: center;\"><span style=\"color: #bb0021;\"><img loading=\"lazy\" decoding=\"async\" class=\"size-full wp-image-1684 aligncenter\" src=\"http:\/\/demo.nuevapescanova.com\/wp-content\/uploads\/2018\/01\/flechas.png\" alt=\"\" width=\"10\" height=\"30\" \/><\/span><\/h4>\n<h3 style=\"text-align: center;\"><span style=\"color: #bb0021;\">4<\/span><\/h3>\n<h3 style=\"text-align: center;\">Oferta<\/h3>\n<p>Se cremos que ser\u00e1s unha persoa de \u00e9xito no Grupo Nueva Pescanova, e se ti sentes o mesmo sobre n\u00f3s, esta \u00e9 a parte do proceso que m\u00e1is nos gusta a todos: far\u00e9mosche unha oferta! E esperaremos a t\u00faa pr\u00f3xima incorporaci\u00f3n no Grupo.[\/vc_column_text][\/vc_column_inner][vc_column_inner width=&#8221;1\/6&#8243;][\/vc_column_inner][\/vc_row_inner][\/vc_column][\/vc_row][vc_row][vc_column][vc_empty_space height=&#8221;60&#8243;][\/vc_column][\/vc_row]<\/p>\n<\/section>","protected":false},"excerpt":{"rendered":"<p>[vc_row][vc_column width=&#8221;1\/2&#8243;][vc_column_text el_class=&#8221;titulo&#8221;]Traballa connosco[\/vc_column_text][\/vc_column][vc_column width=&#8221;1\/2&#8243;][vc_column_text el_class=&#8221;titulo-historia&#8221; css=&#8221;.vc_custom_1604922016412{margin-top: 40px !important;}&#8221;] \u00danete\u00a0\u00e1 nosa &#8220;tripulaci\u00f3n&#8221; [\/vc_column_text][\/vc_column][\/vc_row][vc_row css=&#8221;.vc_custom_1516650371493{margin-bottom: 0px !important;padding-bottom: 0px !important;background-color: #ffffff !important;}&#8221;][vc_column][vc_row_inner css=&#8221;.vc_custom_1516622040683{margin-top: 0px !important;margin-bottom: 0px !important;padding-top: 0px<span class=\"excerpt-hellip\"> [\u2026]<\/span><\/p>\n","protected":false},"author":3,"featured_media":0,"parent":16917,"menu_order":0,"comment_status":"closed","ping_status":"closed","template":"","meta":{"_acf_changed":false,"footnotes":""},"class_list":["post-16923","page","type-page","status-publish","hentry"],"acf":[],"yoast_head":"<!-- This site is optimized with the Yoast SEO plugin v25.9 - https:\/\/yoast.com\/wordpress\/plugins\/seo\/ -->\n<title>Traballa connosco - Nueva Pescanova<\/title>\n<meta name=\"robots\" content=\"index, follow, max-snippet:-1, max-image-preview:large, max-video-preview:-1\" \/>\n<link rel=\"canonical\" href=\"https:\/\/www.nuevapescanova.com\/gl\/persoas-2\/traballa-connosco\/\" \/>\n<meta property=\"og:locale\" content=\"gl_ES\" \/>\n<meta property=\"og:type\" content=\"article\" \/>\n<meta property=\"og:title\" content=\"Traballa connosco - Nueva Pescanova\" \/>\n<meta property=\"og:description\" content=\"[vc_row][vc_column width=&#8221;1\/2&#8243;][vc_column_text el_class=&#8221;titulo&#8221;]Traballa connosco[\/vc_column_text][\/vc_column][vc_column width=&#8221;1\/2&#8243;][vc_column_text el_class=&#8221;titulo-historia&#8221; css=&#8221;.vc_custom_1604922016412{margin-top: 40px !important;}&#8221;] \u00danete\u00a0\u00e1 nosa &#8220;tripulaci\u00f3n&#8221; [\/vc_column_text][\/vc_column][\/vc_row][vc_row css=&#8221;.vc_custom_1516650371493{margin-bottom: 0px !important;padding-bottom: 0px !important;background-color: #ffffff !important;}&#8221;][vc_column][vc_row_inner css=&#8221;.vc_custom_1516622040683{margin-top: 0px !important;margin-bottom: 0px !important;padding-top: 0px [\u2026]\" \/>\n<meta property=\"og:url\" content=\"https:\/\/www.nuevapescanova.com\/gl\/persoas-2\/traballa-connosco\/\" \/>\n<meta property=\"og:site_name\" content=\"Nueva Pescanova\" \/>\n<meta property=\"article:modified_time\" content=\"2024-03-06T10:59:10+00:00\" \/>\n<meta property=\"og:image\" content=\"http:\/\/demo.nuevapescanova.com\/wp-content\/uploads\/2018\/01\/flechas.png\" \/>\n<meta name=\"twitter:card\" content=\"summary_large_image\" \/>\n<meta name=\"twitter:site\" content=\"@PescanovaCorp\" \/>\n<meta name=\"twitter:label1\" content=\"Est. reading time\" \/>\n\t<meta name=\"twitter:data1\" content=\"4 minutes\" \/>\n<script type=\"application\/ld+json\" class=\"yoast-schema-graph\">{\"@context\":\"https:\/\/schema.org\",\"@graph\":[{\"@type\":\"WebPage\",\"@id\":\"https:\/\/www.nuevapescanova.com\/gl\/persoas-2\/traballa-connosco\/\",\"url\":\"https:\/\/www.nuevapescanova.com\/gl\/persoas-2\/traballa-connosco\/\",\"name\":\"Traballa connosco - Nueva Pescanova\",\"isPartOf\":{\"@id\":\"https:\/\/www.nuevapescanova.com\/#website\"},\"primaryImageOfPage\":{\"@id\":\"https:\/\/www.nuevapescanova.com\/gl\/persoas-2\/traballa-connosco\/#primaryimage\"},\"image\":{\"@id\":\"https:\/\/www.nuevapescanova.com\/gl\/persoas-2\/traballa-connosco\/#primaryimage\"},\"thumbnailUrl\":\"http:\/\/demo.nuevapescanova.com\/wp-content\/uploads\/2018\/01\/flechas.png\",\"datePublished\":\"2017-12-20T07:07:51+00:00\",\"dateModified\":\"2024-03-06T10:59:10+00:00\",\"breadcrumb\":{\"@id\":\"https:\/\/www.nuevapescanova.com\/gl\/persoas-2\/traballa-connosco\/#breadcrumb\"},\"inLanguage\":\"gl-ES\",\"potentialAction\":[{\"@type\":\"ReadAction\",\"target\":[\"https:\/\/www.nuevapescanova.com\/gl\/persoas-2\/traballa-connosco\/\"]}]},{\"@type\":\"ImageObject\",\"inLanguage\":\"gl-ES\",\"@id\":\"https:\/\/www.nuevapescanova.com\/gl\/persoas-2\/traballa-connosco\/#primaryimage\",\"url\":\"http:\/\/demo.nuevapescanova.com\/wp-content\/uploads\/2018\/01\/flechas.png\",\"contentUrl\":\"http:\/\/demo.nuevapescanova.com\/wp-content\/uploads\/2018\/01\/flechas.png\"},{\"@type\":\"BreadcrumbList\",\"@id\":\"https:\/\/www.nuevapescanova.com\/gl\/persoas-2\/traballa-connosco\/#breadcrumb\",\"itemListElement\":[{\"@type\":\"ListItem\",\"position\":1,\"name\":\"Portada\",\"item\":\"https:\/\/www.nuevapescanova.com\/gl\/\"},{\"@type\":\"ListItem\",\"position\":2,\"name\":\"Persoas\",\"item\":\"https:\/\/www.nuevapescanova.com\/gl\/persoas-2\/\"},{\"@type\":\"ListItem\",\"position\":3,\"name\":\"Traballa connosco\"}]},{\"@type\":\"WebSite\",\"@id\":\"https:\/\/www.nuevapescanova.com\/#website\",\"url\":\"https:\/\/www.nuevapescanova.com\/\",\"name\":\"Nueva Pescanova\",\"description\":\"\",\"publisher\":{\"@id\":\"https:\/\/www.nuevapescanova.com\/#organization\"},\"potentialAction\":[{\"@type\":\"SearchAction\",\"target\":{\"@type\":\"EntryPoint\",\"urlTemplate\":\"https:\/\/www.nuevapescanova.com\/?s={search_term_string}\"},\"query-input\":{\"@type\":\"PropertyValueSpecification\",\"valueRequired\":true,\"valueName\":\"search_term_string\"}}],\"inLanguage\":\"gl-ES\"},{\"@type\":\"Organization\",\"@id\":\"https:\/\/www.nuevapescanova.com\/#organization\",\"name\":\"Nueva Pescanova\",\"url\":\"https:\/\/www.nuevapescanova.com\/\",\"logo\":{\"@type\":\"ImageObject\",\"inLanguage\":\"gl-ES\",\"@id\":\"https:\/\/www.nuevapescanova.com\/#\/schema\/logo\/image\/\",\"url\":\"https:\/\/www.nuevapescanova.com\/nuevapescanova\/wp-content\/uploads\/2023\/06\/Logo-Grupo-Nueva-Pescanova.jpg\",\"contentUrl\":\"https:\/\/www.nuevapescanova.com\/nuevapescanova\/wp-content\/uploads\/2023\/06\/Logo-Grupo-Nueva-Pescanova.jpg\",\"width\":800,\"height\":398,\"caption\":\"Nueva Pescanova\"},\"image\":{\"@id\":\"https:\/\/www.nuevapescanova.com\/#\/schema\/logo\/image\/\"},\"sameAs\":[\"https:\/\/x.com\/PescanovaCorp\",\"https:\/\/www.linkedin.com\/company\/nuevapescanova\/?originalSubdomain=es\"]}]}<\/script>\n<!-- \/ Yoast SEO plugin. -->","yoast_head_json":{"title":"Traballa connosco - Nueva Pescanova","robots":{"index":"index","follow":"follow","max-snippet":"max-snippet:-1","max-image-preview":"max-image-preview:large","max-video-preview":"max-video-preview:-1"},"canonical":"https:\/\/www.nuevapescanova.com\/gl\/persoas-2\/traballa-connosco\/","og_locale":"gl_ES","og_type":"article","og_title":"Traballa connosco - Nueva Pescanova","og_description":"[vc_row][vc_column width=&#8221;1\/2&#8243;][vc_column_text el_class=&#8221;titulo&#8221;]Traballa connosco[\/vc_column_text][\/vc_column][vc_column width=&#8221;1\/2&#8243;][vc_column_text el_class=&#8221;titulo-historia&#8221; css=&#8221;.vc_custom_1604922016412{margin-top: 40px !important;}&#8221;] \u00danete\u00a0\u00e1 nosa &#8220;tripulaci\u00f3n&#8221; [\/vc_column_text][\/vc_column][\/vc_row][vc_row css=&#8221;.vc_custom_1516650371493{margin-bottom: 0px !important;padding-bottom: 0px !important;background-color: #ffffff !important;}&#8221;][vc_column][vc_row_inner css=&#8221;.vc_custom_1516622040683{margin-top: 0px !important;margin-bottom: 0px !important;padding-top: 0px [\u2026]","og_url":"https:\/\/www.nuevapescanova.com\/gl\/persoas-2\/traballa-connosco\/","og_site_name":"Nueva Pescanova","article_modified_time":"2024-03-06T10:59:10+00:00","og_image":[{"url":"http:\/\/demo.nuevapescanova.com\/wp-content\/uploads\/2018\/01\/flechas.png","type":"","width":"","height":""}],"twitter_card":"summary_large_image","twitter_site":"@PescanovaCorp","twitter_misc":{"Est. reading time":"4 minutes"},"schema":{"@context":"https:\/\/schema.org","@graph":[{"@type":"WebPage","@id":"https:\/\/www.nuevapescanova.com\/gl\/persoas-2\/traballa-connosco\/","url":"https:\/\/www.nuevapescanova.com\/gl\/persoas-2\/traballa-connosco\/","name":"Traballa connosco - Nueva Pescanova","isPartOf":{"@id":"https:\/\/www.nuevapescanova.com\/#website"},"primaryImageOfPage":{"@id":"https:\/\/www.nuevapescanova.com\/gl\/persoas-2\/traballa-connosco\/#primaryimage"},"image":{"@id":"https:\/\/www.nuevapescanova.com\/gl\/persoas-2\/traballa-connosco\/#primaryimage"},"thumbnailUrl":"http:\/\/demo.nuevapescanova.com\/wp-content\/uploads\/2018\/01\/flechas.png","datePublished":"2017-12-20T07:07:51+00:00","dateModified":"2024-03-06T10:59:10+00:00","breadcrumb":{"@id":"https:\/\/www.nuevapescanova.com\/gl\/persoas-2\/traballa-connosco\/#breadcrumb"},"inLanguage":"gl-ES","potentialAction":[{"@type":"ReadAction","target":["https:\/\/www.nuevapescanova.com\/gl\/persoas-2\/traballa-connosco\/"]}]},{"@type":"ImageObject","inLanguage":"gl-ES","@id":"https:\/\/www.nuevapescanova.com\/gl\/persoas-2\/traballa-connosco\/#primaryimage","url":"http:\/\/demo.nuevapescanova.com\/wp-content\/uploads\/2018\/01\/flechas.png","contentUrl":"http:\/\/demo.nuevapescanova.com\/wp-content\/uploads\/2018\/01\/flechas.png"},{"@type":"BreadcrumbList","@id":"https:\/\/www.nuevapescanova.com\/gl\/persoas-2\/traballa-connosco\/#breadcrumb","itemListElement":[{"@type":"ListItem","position":1,"name":"Portada","item":"https:\/\/www.nuevapescanova.com\/gl\/"},{"@type":"ListItem","position":2,"name":"Persoas","item":"https:\/\/www.nuevapescanova.com\/gl\/persoas-2\/"},{"@type":"ListItem","position":3,"name":"Traballa connosco"}]},{"@type":"WebSite","@id":"https:\/\/www.nuevapescanova.com\/#website","url":"https:\/\/www.nuevapescanova.com\/","name":"Nueva Pescanova","description":"","publisher":{"@id":"https:\/\/www.nuevapescanova.com\/#organization"},"potentialAction":[{"@type":"SearchAction","target":{"@type":"EntryPoint","urlTemplate":"https:\/\/www.nuevapescanova.com\/?s={search_term_string}"},"query-input":{"@type":"PropertyValueSpecification","valueRequired":true,"valueName":"search_term_string"}}],"inLanguage":"gl-ES"},{"@type":"Organization","@id":"https:\/\/www.nuevapescanova.com\/#organization","name":"Nueva Pescanova","url":"https:\/\/www.nuevapescanova.com\/","logo":{"@type":"ImageObject","inLanguage":"gl-ES","@id":"https:\/\/www.nuevapescanova.com\/#\/schema\/logo\/image\/","url":"https:\/\/www.nuevapescanova.com\/nuevapescanova\/wp-content\/uploads\/2023\/06\/Logo-Grupo-Nueva-Pescanova.jpg","contentUrl":"https:\/\/www.nuevapescanova.com\/nuevapescanova\/wp-content\/uploads\/2023\/06\/Logo-Grupo-Nueva-Pescanova.jpg","width":800,"height":398,"caption":"Nueva Pescanova"},"image":{"@id":"https:\/\/www.nuevapescanova.com\/#\/schema\/logo\/image\/"},"sameAs":["https:\/\/x.com\/PescanovaCorp","https:\/\/www.linkedin.com\/company\/nuevapescanova\/?originalSubdomain=es"]}]}},"_links":{"self":[{"href":"https:\/\/www.nuevapescanova.com\/gl\/wp-json\/wp\/v2\/pages\/16923","targetHints":{"allow":["GET"]}}],"collection":[{"href":"https:\/\/www.nuevapescanova.com\/gl\/wp-json\/wp\/v2\/pages"}],"about":[{"href":"https:\/\/www.nuevapescanova.com\/gl\/wp-json\/wp\/v2\/types\/page"}],"author":[{"embeddable":true,"href":"https:\/\/www.nuevapescanova.com\/gl\/wp-json\/wp\/v2\/users\/3"}],"replies":[{"embeddable":true,"href":"https:\/\/www.nuevapescanova.com\/gl\/wp-json\/wp\/v2\/comments?post=16923"}],"version-history":[{"count":6,"href":"https:\/\/www.nuevapescanova.com\/gl\/wp-json\/wp\/v2\/pages\/16923\/revisions"}],"predecessor-version":[{"id":36409,"href":"https:\/\/www.nuevapescanova.com\/gl\/wp-json\/wp\/v2\/pages\/16923\/revisions\/36409"}],"up":[{"embeddable":true,"href":"https:\/\/www.nuevapescanova.com\/gl\/wp-json\/wp\/v2\/pages\/16917"}],"wp:attachment":[{"href":"https:\/\/www.nuevapescanova.com\/gl\/wp-json\/wp\/v2\/media?parent=16923"}],"curies":[{"name":"wp","href":"https:\/\/api.w.org\/{rel}","templated":true}]}}