{"id":16960,"date":"2017-12-20T07:02:17","date_gmt":"2017-12-20T07:02:17","guid":{"rendered":"http:\/\/www.nuevapescanova.com\/persoas\/formacion-y-desarrollo\/"},"modified":"2020-11-18T16:11:41","modified_gmt":"2020-11-18T16:11:41","slug":"formacion-y-desarrollo","status":"publish","type":"page","link":"https:\/\/www.nuevapescanova.com\/gl\/persoas-2\/formacion-y-desarrollo\/","title":{"rendered":"Formaci\u00f3n e Desensolvemento"},"content":{"rendered":"<section class=\"wpb-content-wrapper\"><p>[vc_row][vc_column width=&#8221;1\/2&#8243;][vc_column_text el_class=&#8221;titulo&#8221;]Formaci\u00f3n e Desensolvemento[\/vc_column_text][\/vc_column][vc_column width=&#8221;1\/2&#8243;][vc_column_text el_class=&#8221;titulo-historia&#8221; css=&#8221;.vc_custom_1604924272003{margin-top: 40px !important;}&#8221;]<\/p>\n<p style=\"text-align: right;\">Apostamos pola\u00a0<b>mellora continua<\/b><\/p>\n<p>[\/vc_column_text][\/vc_column][\/vc_row][vc_row css=&#8221;.vc_custom_1516650371493{margin-bottom: 0px !important;padding-bottom: 0px !important;background-color: #ffffff !important;}&#8221;][vc_column][vc_row_inner css=&#8221;.vc_custom_1516622040683{margin-top: 0px !important;margin-bottom: 0px !important;padding-top: 0px !important;padding-bottom: 0px !important;}&#8221;][vc_column_inner css=&#8221;.vc_custom_1516622033570{margin-bottom: 0px !important;padding-bottom: 0px !important;}&#8221;][vc_single_image image=&#8221;16964&#8243; img_size=&#8221;full&#8221; css=&#8221;.vc_custom_1518601234309{margin-top: 0px !important;margin-bottom: 0px !important;padding-top: 0px !important;padding-bottom: 0px !important;}&#8221;][\/vc_column_inner][\/vc_row_inner][vc_row_inner css=&#8221;.vc_custom_1516619786786{margin-bottom: 0px !important;padding-bottom: 0px !important;}&#8221; el_class=&#8221;sombra&#8221;][vc_column_inner width=&#8221;1\/6&#8243;][\/vc_column_inner][vc_column_inner width=&#8221;2\/3&#8243;][vc_column_text css=&#8221;.vc_custom_1605715892273{margin-top: 0px !important;margin-bottom: 0px !important;padding-top: 0px !important;padding-bottom: 0px !important;}&#8221;]Cremos que as nosas <strong>persoas<\/strong> te\u00f1en a <strong>liberdade de crear o seu propio futuro<\/strong>, por iso aseguramos o seu <strong>desenvolvemento continuo<\/strong> e tratamos de ofrecerlles aos nosos equipos as ferramentas necesarias para o <strong>fomento das s\u00faas calidades profesionais<\/strong>, as\u00ed como a <strong>mellora continua<\/strong> nas \u00e1reas clave para o desempe\u00f1o das s\u00faas funci\u00f3ns.<\/p>\n<p>Apostamos por unha <strong>relaci\u00f3n a longo prazo<\/strong> co noso equipo, e iso trad\u00facese en darlle <strong>prioridade ao desenvolvemento e \u00e1 promoci\u00f3n interna para garantir o desenvolvemento do talento<\/strong> ao longo da s\u00faa vida profesional no Grupo. A aprendizaxe \u00e9 unha viaxe que dura toda unha vida no Grupo Nueva Pescanova.<\/p>\n<p>Dotamos as nosas persoas do <strong>nivel adecuado de formaci\u00f3n<\/strong>, non s\u00f3 nos co\u00f1ecementos t\u00e9cnicos, sen\u00f3n tam\u00e9n nas <strong>habilidades profesionais<\/strong> necesarias para cumprir cos obxectivos do Grupo. Para iso, <strong>a formaci\u00f3n<\/strong> adquire un protagonismo principal, como <strong>elemento clave da mellora continua dos nosos empregados<\/strong>.[\/vc_column_text][\/vc_column_inner][vc_column_inner width=&#8221;1\/6&#8243;][\/vc_column_inner][\/vc_row_inner][\/vc_column][\/vc_row][vc_row][vc_column][vc_empty_space height=&#8221;60&#8243;][\/vc_column][\/vc_row]<\/p>\n<\/section>","protected":false},"excerpt":{"rendered":"<p>[vc_row][vc_column width=&#8221;1\/2&#8243;][vc_column_text el_class=&#8221;titulo&#8221;]Formaci\u00f3n e Desensolvemento[\/vc_column_text][\/vc_column][vc_column width=&#8221;1\/2&#8243;][vc_column_text el_class=&#8221;titulo-historia&#8221; css=&#8221;.vc_custom_1604924272003{margin-top: 40px !important;}&#8221;] Apostamos pola\u00a0mellora continua [\/vc_column_text][\/vc_column][\/vc_row][vc_row css=&#8221;.vc_custom_1516650371493{margin-bottom: 0px !important;padding-bottom: 0px !important;background-color: #ffffff !important;}&#8221;][vc_column][vc_row_inner css=&#8221;.vc_custom_1516622040683{margin-top: 0px !important;margin-bottom: 0px !important;padding-top:<span class=\"excerpt-hellip\"> [\u2026]<\/span><\/p>\n","protected":false},"author":3,"featured_media":0,"parent":16917,"menu_order":2,"comment_status":"closed","ping_status":"closed","template":"","meta":{"_acf_changed":false,"footnotes":""},"class_list":["post-16960","page","type-page","status-publish","hentry"],"acf":[],"yoast_head":"<!-- This site is optimized with the Yoast SEO plugin v25.9 - https:\/\/yoast.com\/wordpress\/plugins\/seo\/ -->\n<title>Formaci\u00f3n e Desensolvemento - Nueva Pescanova<\/title>\n<meta name=\"robots\" content=\"index, follow, max-snippet:-1, max-image-preview:large, max-video-preview:-1\" \/>\n<link rel=\"canonical\" href=\"https:\/\/www.nuevapescanova.com\/gl\/persoas-2\/formacion-y-desarrollo\/\" \/>\n<meta property=\"og:locale\" content=\"gl_ES\" \/>\n<meta property=\"og:type\" content=\"article\" \/>\n<meta property=\"og:title\" content=\"Formaci\u00f3n e Desensolvemento - Nueva Pescanova\" \/>\n<meta property=\"og:description\" content=\"[vc_row][vc_column width=&#8221;1\/2&#8243;][vc_column_text el_class=&#8221;titulo&#8221;]Formaci\u00f3n e Desensolvemento[\/vc_column_text][\/vc_column][vc_column width=&#8221;1\/2&#8243;][vc_column_text el_class=&#8221;titulo-historia&#8221; css=&#8221;.vc_custom_1604924272003{margin-top: 40px !important;}&#8221;] Apostamos pola\u00a0mellora continua [\/vc_column_text][\/vc_column][\/vc_row][vc_row css=&#8221;.vc_custom_1516650371493{margin-bottom: 0px !important;padding-bottom: 0px !important;background-color: #ffffff !important;}&#8221;][vc_column][vc_row_inner css=&#8221;.vc_custom_1516622040683{margin-top: 0px !important;margin-bottom: 0px !important;padding-top: [\u2026]\" \/>\n<meta property=\"og:url\" content=\"https:\/\/www.nuevapescanova.com\/gl\/persoas-2\/formacion-y-desarrollo\/\" \/>\n<meta property=\"og:site_name\" content=\"Nueva Pescanova\" \/>\n<meta property=\"article:modified_time\" content=\"2020-11-18T16:11:41+00:00\" \/>\n<meta name=\"twitter:card\" content=\"summary_large_image\" \/>\n<meta name=\"twitter:site\" content=\"@PescanovaCorp\" \/>\n<meta name=\"twitter:label1\" content=\"Est. reading time\" \/>\n\t<meta name=\"twitter:data1\" content=\"2 minutes\" \/>\n<script type=\"application\/ld+json\" class=\"yoast-schema-graph\">{\"@context\":\"https:\/\/schema.org\",\"@graph\":[{\"@type\":\"WebPage\",\"@id\":\"https:\/\/www.nuevapescanova.com\/gl\/persoas-2\/formacion-y-desarrollo\/\",\"url\":\"https:\/\/www.nuevapescanova.com\/gl\/persoas-2\/formacion-y-desarrollo\/\",\"name\":\"Formaci\u00f3n e Desensolvemento - Nueva Pescanova\",\"isPartOf\":{\"@id\":\"https:\/\/www.nuevapescanova.com\/#website\"},\"datePublished\":\"2017-12-20T07:02:17+00:00\",\"dateModified\":\"2020-11-18T16:11:41+00:00\",\"breadcrumb\":{\"@id\":\"https:\/\/www.nuevapescanova.com\/gl\/persoas-2\/formacion-y-desarrollo\/#breadcrumb\"},\"inLanguage\":\"gl-ES\",\"potentialAction\":[{\"@type\":\"ReadAction\",\"target\":[\"https:\/\/www.nuevapescanova.com\/gl\/persoas-2\/formacion-y-desarrollo\/\"]}]},{\"@type\":\"BreadcrumbList\",\"@id\":\"https:\/\/www.nuevapescanova.com\/gl\/persoas-2\/formacion-y-desarrollo\/#breadcrumb\",\"itemListElement\":[{\"@type\":\"ListItem\",\"position\":1,\"name\":\"Portada\",\"item\":\"https:\/\/www.nuevapescanova.com\/gl\/\"},{\"@type\":\"ListItem\",\"position\":2,\"name\":\"Persoas\",\"item\":\"https:\/\/www.nuevapescanova.com\/gl\/persoas-2\/\"},{\"@type\":\"ListItem\",\"position\":3,\"name\":\"Formaci\u00f3n e Desensolvemento\"}]},{\"@type\":\"WebSite\",\"@id\":\"https:\/\/www.nuevapescanova.com\/#website\",\"url\":\"https:\/\/www.nuevapescanova.com\/\",\"name\":\"Nueva Pescanova\",\"description\":\"\",\"publisher\":{\"@id\":\"https:\/\/www.nuevapescanova.com\/#organization\"},\"potentialAction\":[{\"@type\":\"SearchAction\",\"target\":{\"@type\":\"EntryPoint\",\"urlTemplate\":\"https:\/\/www.nuevapescanova.com\/?s={search_term_string}\"},\"query-input\":{\"@type\":\"PropertyValueSpecification\",\"valueRequired\":true,\"valueName\":\"search_term_string\"}}],\"inLanguage\":\"gl-ES\"},{\"@type\":\"Organization\",\"@id\":\"https:\/\/www.nuevapescanova.com\/#organization\",\"name\":\"Nueva Pescanova\",\"url\":\"https:\/\/www.nuevapescanova.com\/\",\"logo\":{\"@type\":\"ImageObject\",\"inLanguage\":\"gl-ES\",\"@id\":\"https:\/\/www.nuevapescanova.com\/#\/schema\/logo\/image\/\",\"url\":\"https:\/\/www.nuevapescanova.com\/nuevapescanova\/wp-content\/uploads\/2023\/06\/Logo-Grupo-Nueva-Pescanova.jpg\",\"contentUrl\":\"https:\/\/www.nuevapescanova.com\/nuevapescanova\/wp-content\/uploads\/2023\/06\/Logo-Grupo-Nueva-Pescanova.jpg\",\"width\":800,\"height\":398,\"caption\":\"Nueva Pescanova\"},\"image\":{\"@id\":\"https:\/\/www.nuevapescanova.com\/#\/schema\/logo\/image\/\"},\"sameAs\":[\"https:\/\/x.com\/PescanovaCorp\",\"https:\/\/www.linkedin.com\/company\/nuevapescanova\/?originalSubdomain=es\"]}]}<\/script>\n<!-- \/ Yoast SEO plugin. -->","yoast_head_json":{"title":"Formaci\u00f3n e Desensolvemento - Nueva Pescanova","robots":{"index":"index","follow":"follow","max-snippet":"max-snippet:-1","max-image-preview":"max-image-preview:large","max-video-preview":"max-video-preview:-1"},"canonical":"https:\/\/www.nuevapescanova.com\/gl\/persoas-2\/formacion-y-desarrollo\/","og_locale":"gl_ES","og_type":"article","og_title":"Formaci\u00f3n e Desensolvemento - Nueva Pescanova","og_description":"[vc_row][vc_column width=&#8221;1\/2&#8243;][vc_column_text el_class=&#8221;titulo&#8221;]Formaci\u00f3n e Desensolvemento[\/vc_column_text][\/vc_column][vc_column width=&#8221;1\/2&#8243;][vc_column_text el_class=&#8221;titulo-historia&#8221; css=&#8221;.vc_custom_1604924272003{margin-top: 40px !important;}&#8221;] Apostamos pola\u00a0mellora continua [\/vc_column_text][\/vc_column][\/vc_row][vc_row css=&#8221;.vc_custom_1516650371493{margin-bottom: 0px !important;padding-bottom: 0px !important;background-color: #ffffff !important;}&#8221;][vc_column][vc_row_inner css=&#8221;.vc_custom_1516622040683{margin-top: 0px !important;margin-bottom: 0px !important;padding-top: [\u2026]","og_url":"https:\/\/www.nuevapescanova.com\/gl\/persoas-2\/formacion-y-desarrollo\/","og_site_name":"Nueva Pescanova","article_modified_time":"2020-11-18T16:11:41+00:00","twitter_card":"summary_large_image","twitter_site":"@PescanovaCorp","twitter_misc":{"Est. reading time":"2 minutes"},"schema":{"@context":"https:\/\/schema.org","@graph":[{"@type":"WebPage","@id":"https:\/\/www.nuevapescanova.com\/gl\/persoas-2\/formacion-y-desarrollo\/","url":"https:\/\/www.nuevapescanova.com\/gl\/persoas-2\/formacion-y-desarrollo\/","name":"Formaci\u00f3n e Desensolvemento - Nueva Pescanova","isPartOf":{"@id":"https:\/\/www.nuevapescanova.com\/#website"},"datePublished":"2017-12-20T07:02:17+00:00","dateModified":"2020-11-18T16:11:41+00:00","breadcrumb":{"@id":"https:\/\/www.nuevapescanova.com\/gl\/persoas-2\/formacion-y-desarrollo\/#breadcrumb"},"inLanguage":"gl-ES","potentialAction":[{"@type":"ReadAction","target":["https:\/\/www.nuevapescanova.com\/gl\/persoas-2\/formacion-y-desarrollo\/"]}]},{"@type":"BreadcrumbList","@id":"https:\/\/www.nuevapescanova.com\/gl\/persoas-2\/formacion-y-desarrollo\/#breadcrumb","itemListElement":[{"@type":"ListItem","position":1,"name":"Portada","item":"https:\/\/www.nuevapescanova.com\/gl\/"},{"@type":"ListItem","position":2,"name":"Persoas","item":"https:\/\/www.nuevapescanova.com\/gl\/persoas-2\/"},{"@type":"ListItem","position":3,"name":"Formaci\u00f3n e Desensolvemento"}]},{"@type":"WebSite","@id":"https:\/\/www.nuevapescanova.com\/#website","url":"https:\/\/www.nuevapescanova.com\/","name":"Nueva Pescanova","description":"","publisher":{"@id":"https:\/\/www.nuevapescanova.com\/#organization"},"potentialAction":[{"@type":"SearchAction","target":{"@type":"EntryPoint","urlTemplate":"https:\/\/www.nuevapescanova.com\/?s={search_term_string}"},"query-input":{"@type":"PropertyValueSpecification","valueRequired":true,"valueName":"search_term_string"}}],"inLanguage":"gl-ES"},{"@type":"Organization","@id":"https:\/\/www.nuevapescanova.com\/#organization","name":"Nueva Pescanova","url":"https:\/\/www.nuevapescanova.com\/","logo":{"@type":"ImageObject","inLanguage":"gl-ES","@id":"https:\/\/www.nuevapescanova.com\/#\/schema\/logo\/image\/","url":"https:\/\/www.nuevapescanova.com\/nuevapescanova\/wp-content\/uploads\/2023\/06\/Logo-Grupo-Nueva-Pescanova.jpg","contentUrl":"https:\/\/www.nuevapescanova.com\/nuevapescanova\/wp-content\/uploads\/2023\/06\/Logo-Grupo-Nueva-Pescanova.jpg","width":800,"height":398,"caption":"Nueva Pescanova"},"image":{"@id":"https:\/\/www.nuevapescanova.com\/#\/schema\/logo\/image\/"},"sameAs":["https:\/\/x.com\/PescanovaCorp","https:\/\/www.linkedin.com\/company\/nuevapescanova\/?originalSubdomain=es"]}]}},"_links":{"self":[{"href":"https:\/\/www.nuevapescanova.com\/gl\/wp-json\/wp\/v2\/pages\/16960","targetHints":{"allow":["GET"]}}],"collection":[{"href":"https:\/\/www.nuevapescanova.com\/gl\/wp-json\/wp\/v2\/pages"}],"about":[{"href":"https:\/\/www.nuevapescanova.com\/gl\/wp-json\/wp\/v2\/types\/page"}],"author":[{"embeddable":true,"href":"https:\/\/www.nuevapescanova.com\/gl\/wp-json\/wp\/v2\/users\/3"}],"replies":[{"embeddable":true,"href":"https:\/\/www.nuevapescanova.com\/gl\/wp-json\/wp\/v2\/comments?post=16960"}],"version-history":[{"count":5,"href":"https:\/\/www.nuevapescanova.com\/gl\/wp-json\/wp\/v2\/pages\/16960\/revisions"}],"predecessor-version":[{"id":17539,"href":"https:\/\/www.nuevapescanova.com\/gl\/wp-json\/wp\/v2\/pages\/16960\/revisions\/17539"}],"up":[{"embeddable":true,"href":"https:\/\/www.nuevapescanova.com\/gl\/wp-json\/wp\/v2\/pages\/16917"}],"wp:attachment":[{"href":"https:\/\/www.nuevapescanova.com\/gl\/wp-json\/wp\/v2\/media?parent=16960"}],"curies":[{"name":"wp","href":"https:\/\/api.w.org\/{rel}","templated":true}]}}