{"id":30086,"date":"2023-01-31T10:13:06","date_gmt":"2023-01-31T10:13:06","guid":{"rendered":"https:\/\/www.nuevapescanova.com\/?page_id=30086"},"modified":"2025-11-17T10:35:11","modified_gmt":"2025-11-17T10:35:11","slug":"transparencia-sustentabilidade","status":"publish","type":"page","link":"https:\/\/www.nuevapescanova.com\/gl\/compromiso\/responsabilidade-social-corporativa-2\/transparencia-sustentabilidade\/","title":{"rendered":"Programa de transparencia en sostibilidade"},"content":{"rendered":"<section class=\"wpb-content-wrapper\"><p>[vc_row css=&#8221;.vc_custom_1516629082762{margin-bottom: 30px !important;padding-bottom: 0px !important;background-color: #ffffff !important;}&#8221;][vc_column][vc_column_text el_class=&#8221;titulo&#8221; css=&#8221;.vc_custom_1753353803472{margin-top: 0px !important;padding-top: 0px !important;}&#8221;]<strong>Programa de transparencia en sostibilidade<\/strong>[\/vc_column_text][vc_row_inner el_class=&#8221;sombra&#8221; css=&#8221;.vc_custom_1516627142348{margin-top: 0px !important;margin-bottom: 0px !important;padding-top: 0px !important;padding-bottom: 0px !important;}&#8221;][vc_column_inner css=&#8221;.vc_custom_1516627862820{margin-bottom: 0px !important;padding-bottom: 0px !important;}&#8221;][vc_column_text]Co <strong>Programa de Transparencia en Sostibilidade <\/strong>demostramos o noso compromiso permanente coa transparencia no desempe\u00f1o de todas as empresas do Grupo Nueva Pescanova, en todas as s\u00faas operaci\u00f3ns e xeograf\u00edas, as\u00ed como nas cadeas de valor asociadas.<\/p>\n<p>Queremos po\u00f1er en valor e comunicar as evidencias de sostibilidade dos procesos caracter\u00edsticos da nosa actividade, en particular a subministraci\u00f3n sostible, as operaci\u00f3ns responsables, a responsabilidade laboral e a contribuci\u00f3n ao desenvolvemento sostible das comunidades nas que estamos presentes, dun xeito claro, cumprindo co principio de actuaci\u00f3n \u00e9tica, integridade e cumprimento normativo.<\/p>\n<p>Incluiremos, en concreto, o informe peri\u00f3dico de resultados e indicadores de rendemento no \u00e1mbito da sostibilidade ambiental das nosas actividades pesqueiras, acu\u00edcolas e industriais, podendo integrar tam\u00e9n aspectos laborais e sociais transversais.<\/p>\n<p>&nbsp;<\/p>\n<h3><strong>Obxectivos de sostibilidade<\/strong><\/h3>\n<p><strong><a href=\"https:\/\/www.nuevapescanova.com\/nuevapescanova\/wp-content\/uploads\/2025\/11\/GNPVA-PROGRESO-SOST-2025_ES.pdf\" target=\"_blank\" rel=\"noopener\">Descarga aqu\u00ed o Informe de Progreso nos Compromisos de Sostibilidade 2025<\/a>.<\/strong><\/p>\n<p>\u00c9 posible consultar as edici\u00f3ns anteriores aqu\u00ed: informes de\u00a0<a href=\"https:\/\/www.nuevapescanova.com\/nuevapescanova\/wp-content\/uploads\/2025\/01\/GNPVA_INFORME-PROGRESO-OBJ-SOST-2023-ES.pdf\" target=\"_blank\" rel=\"noopener\">2023<\/a>, <a href=\"https:\/\/www.nuevapescanova.com\/nuevapescanova\/wp-content\/uploads\/2023\/01\/INFORME-DE-PROGRESO-SOST-2022-ES-3.pdf\" target=\"_blank\" rel=\"noopener\">2022<\/a> e <a href=\"https:\/\/www.nuevapescanova.com\/nuevapescanova\/wp-content\/uploads\/2024\/03\/GNPVA-INFORME-PROGRESO-OBJS-SOST-2021-ES.pdf\" target=\"_blank\" rel=\"noopener\">2021<\/a> (en castel\u00e1n).<\/p>\n<p><a href=\"https:\/\/www.nuevapescanova.com\/nuevapescanova\/wp-content\/uploads\/2025\/11\/GNPVA-PROGRESO-SOST-2025_ES.pdf\" target=\"_blank\" rel=\"noopener\"><img loading=\"lazy\" decoding=\"async\" class=\"aligncenter wp-image-45366\" src=\"https:\/\/www.nuevapescanova.com\/nuevapescanova\/wp-content\/uploads\/2025\/07\/portada-informe-progres-sost-2025.png\" alt=\"\" width=\"561\" height=\"396\" srcset=\"https:\/\/www.nuevapescanova.com\/nuevapescanova\/wp-content\/uploads\/2025\/07\/portada-informe-progres-sost-2025.png 1068w, https:\/\/www.nuevapescanova.com\/nuevapescanova\/wp-content\/uploads\/2025\/07\/portada-informe-progres-sost-2025-300x212.png 300w, https:\/\/www.nuevapescanova.com\/nuevapescanova\/wp-content\/uploads\/2025\/07\/portada-informe-progres-sost-2025-768x542.png 768w, https:\/\/www.nuevapescanova.com\/nuevapescanova\/wp-content\/uploads\/2025\/07\/portada-informe-progres-sost-2025-207x146.png 207w, https:\/\/www.nuevapescanova.com\/nuevapescanova\/wp-content\/uploads\/2025\/07\/portada-informe-progres-sost-2025-50x35.png 50w, https:\/\/www.nuevapescanova.com\/nuevapescanova\/wp-content\/uploads\/2025\/07\/portada-informe-progres-sost-2025-106x75.png 106w\" sizes=\"auto, (max-width: 561px) 100vw, 561px\" \/><\/a><\/p>\n<p>Con esta informaci\u00f3n, queremos comunicar a todos os nosos grupos de interese os avances acadados nos compromisos de sostibilidade establecidos polo Grupo Nueva Pescanova, os cales est\u00e1n estreitamente vinculados cos principios de sostibilidade definidos na nosa <a href=\"https:\/\/www.nuevapescanova.com\/nuevapescanova\/wp-content\/uploads\/2022\/03\/P-PC_SOSTENIBILIDAD-GRUPO-NUEVA-PESCANOVA_v2_04_2021_ES.pdf\" target=\"_blank\" rel=\"noopener\">Pol\u00edtica Corporativa de Sostibilidade<\/a>.<\/p>\n<p>Queremos que a comunicaci\u00f3n sobre o avance cara aos nosos obxectivos de sostibilidade, en concreto, sexa transparente, p\u00fablica e responsable, cumprindo tam\u00e9n co noso compromiso de \u201crendici\u00f3n de contas\u201d asumido nas distintas pol\u00edticas corporativas e sectoriais desenvolvidas para as \u00e1reas de negocio e tem\u00e1ticas aqu\u00ed descritas, co fin de proporcionar informaci\u00f3n relevante aos nosos grupos de interese para os seus procesos de toma de decisi\u00f3ns.<\/p>\n<p>&nbsp;<\/p>\n<h3><strong>Informaci\u00f3n sobre Impactos Ambientais<\/strong><\/h3>\n<p>Ali\u00f1ados co noso compromiso de transparencia e a rendici\u00f3n de contas ante as partes interesadas, avaliamos e comunicamos no informe sobre <a href=\"https:\/\/www.nuevapescanova.com\/nuevapescanova\/wp-content\/uploads\/2025\/09\/GNPVA-Divulgacion-de-Impactos-Ambientales-ES.pdf\" target=\"_blank\" rel=\"noopener\"><u>Divulgaci\u00f3n de Impactos Ambientais do Grupo Nueva Pescanova<\/u><\/a> (en castel\u00e1n) os posibles impactos que as nosas operaci\u00f3ns poden xerar sobre a natureza, inclu\u00edda a biodiversidade, a nosa dependencia dos servizos ecosist\u00e9micos, ou as contribuci\u00f3ns da natureza \u00e1s persoas, tanto dentro das nosas propias operaci\u00f3ns como na nosa cadea de valor.<\/p>\n<p>Os impactos ambientais fan referencia aos cambios no estado do &#8220;sistema ambiente&#8221;, ou na s\u00faa condici\u00f3n f\u00edsica, qu\u00edmica ou biol\u00f3xica, que afectan ao benestar humano e ao funcionamento dos sistemas antropox\u00e9nicos. O impacto pode ser ecol\u00f3xico, socioecon\u00f3mico ou unha combinaci\u00f3n de ambos, o que pode representar a perda de servizos ecosist\u00e9micos e medirse en termos de danos ao medio ambiente, \u00e1 sa\u00fade humana ou \u00e1 econom\u00eda.[\/vc_column_text][\/vc_column_inner][\/vc_row_inner][\/vc_column][\/vc_row][vc_row css=&#8221;.vc_custom_1516984658033{margin-top: 30px !important;padding-bottom: 0px !important;background-color: #ffffff !important;}&#8221;][vc_column css=&#8221;.vc_custom_1516619741069{margin-bottom: 0px !important;}&#8221;][vc_row_inner el_class=&#8221;sombra&#8221; css=&#8221;.vc_custom_1516620347065{margin-top: 0px !important;margin-bottom: 0px !important;padding-top: 0px !important;padding-bottom: 0px !important;}&#8221;][vc_column_inner width=&#8221;1\/4&#8243; css=&#8221;.vc_custom_1516620281776{margin-bottom: 0px !important;padding-bottom: 0px !important;}&#8221;]<div class=\"hover_box\"><a href=\"https:\/\/www.nuevapescanova.com\/gl\/compromiso\/responsabilidade-social-corporativa-2\/o-noso-compromiso-co-planeta\/\" ><div class=\"hover_box_wrapper\"><img loading=\"lazy\" decoding=\"async\" class=\"scale-with-grid visible_photo\" src=\"https:\/\/www.nuevapescanova.com\/nuevapescanova\/wp-content\/uploads\/2018\/01\/planeta-2.jpg\" alt=\"planeta\" width=\"400\" height=\"357\"\/><img loading=\"lazy\" decoding=\"async\" class=\"scale-with-grid hidden_photo\" src=\"https:\/\/www.nuevapescanova.com\/nuevapescanova\/wp-content\/uploads\/2018\/01\/planeta_on-1.jpg\" alt=\"planeta_on\" width=\"400\" height=\"357\"\/><\/div><\/a><\/div>\n[\/vc_column_inner][vc_column_inner width=&#8221;1\/4&#8243; css=&#8221;.vc_custom_1516620292200{margin-bottom: 0px !important;padding-bottom: 0px !important;}&#8221;]<div class=\"hover_box\"><a href=\"https:\/\/www.nuevapescanova.com\/gl\/compromiso\/responsabilidade-social-corporativa-2\/o-compromiso-coas-nosas-persoas\/\" ><div class=\"hover_box_wrapper\"><img loading=\"lazy\" decoding=\"async\" class=\"scale-with-grid visible_photo\" src=\"https:\/\/www.nuevapescanova.com\/nuevapescanova\/wp-content\/uploads\/2020\/11\/personas-off-gal.png\" alt=\"personas-off-gal\" width=\"391\" height=\"349\"\/><img loading=\"lazy\" decoding=\"async\" class=\"scale-with-grid hidden_photo\" src=\"https:\/\/www.nuevapescanova.com\/nuevapescanova\/wp-content\/uploads\/2020\/11\/personas-on-gal.png\" alt=\"personas-on-gal\" width=\"391\" height=\"349\"\/><\/div><\/a><\/div>\n[\/vc_column_inner][vc_column_inner width=&#8221;1\/4&#8243; css=&#8221;.vc_custom_1516620287216{margin-bottom: 0px !important;padding-bottom: 0px !important;}&#8221;]<div class=\"hover_box\"><a href=\"https:\/\/www.nuevapescanova.com\/gl\/compromiso\/responsabilidade-social-corporativa-2\/o-compromiso-co-noso-produto\/\" ><div class=\"hover_box_wrapper\"><img loading=\"lazy\" decoding=\"async\" class=\"scale-with-grid visible_photo\" src=\"https:\/\/www.nuevapescanova.com\/nuevapescanova\/wp-content\/uploads\/2020\/11\/producto-on-gal.png\" alt=\"producto-on-gal\" width=\"392\" height=\"349\"\/><img loading=\"lazy\" decoding=\"async\" class=\"scale-with-grid hidden_photo\" src=\"https:\/\/www.nuevapescanova.com\/nuevapescanova\/wp-content\/uploads\/2020\/11\/producto-off_gal.png\" alt=\"producto-off_gal\" width=\"392\" height=\"349\"\/><\/div><\/a><\/div>\n[\/vc_column_inner][vc_column_inner width=&#8221;1\/4&#8243; css=&#8221;.vc_custom_1516620299548{margin-bottom: 0px !important;padding-bottom: 0px !important;}&#8221;]<div class=\"hover_box\"><a href=\"https:\/\/www.nuevapescanova.com\/gl\/compromiso\/responsabilidade-social-corporativa-2\/o-compromiso-coas-comunidades\/\" ><div class=\"hover_box_wrapper\"><img loading=\"lazy\" decoding=\"async\" class=\"scale-with-grid visible_photo\" src=\"https:\/\/www.nuevapescanova.com\/nuevapescanova\/wp-content\/uploads\/2018\/01\/comunidades-2.jpg\" alt=\"comunidades\" width=\"400\" height=\"357\"\/><img loading=\"lazy\" decoding=\"async\" class=\"scale-with-grid hidden_photo\" src=\"https:\/\/www.nuevapescanova.com\/nuevapescanova\/wp-content\/uploads\/2018\/01\/comunidades-on-1.jpg\" alt=\"comunidades-on\" width=\"400\" height=\"357\"\/><\/div><\/a><\/div>\n[\/vc_column_inner][\/vc_row_inner][\/vc_column][\/vc_row][vc_row][vc_column][vc_empty_space height=&#8221;60px&#8221;][\/vc_column][\/vc_row]<\/p>\n<\/section>","protected":false},"excerpt":{"rendered":"<p>[vc_row css=&#8221;.vc_custom_1516629082762{margin-bottom: 30px !important;padding-bottom: 0px !important;background-color: #ffffff !important;}&#8221;][vc_column][vc_column_text el_class=&#8221;titulo&#8221; css=&#8221;.vc_custom_1753353803472{margin-top: 0px !important;padding-top: 0px !important;}&#8221;]Programa de transparencia en sostibilidade[\/vc_column_text][vc_row_inner el_class=&#8221;sombra&#8221; css=&#8221;.vc_custom_1516627142348{margin-top: 0px !important;margin-bottom: 0px !important;padding-top: 0px !important;padding-bottom:<span class=\"excerpt-hellip\"> [\u2026]<\/span><\/p>\n","protected":false},"author":3,"featured_media":0,"parent":16768,"menu_order":0,"comment_status":"closed","ping_status":"closed","template":"","meta":{"_acf_changed":false,"footnotes":""},"class_list":["post-30086","page","type-page","status-publish","hentry"],"acf":[],"yoast_head":"<!-- This site is optimized with the Yoast SEO plugin v25.9 - https:\/\/yoast.com\/wordpress\/plugins\/seo\/ -->\n<title>Programa de transparencia en sostibilidade - Nueva Pescanova<\/title>\n<meta name=\"robots\" content=\"index, follow, max-snippet:-1, max-image-preview:large, max-video-preview:-1\" \/>\n<link rel=\"canonical\" href=\"https:\/\/www.nuevapescanova.com\/gl\/compromiso\/responsabilidade-social-corporativa-2\/transparencia-sustentabilidade\/\" \/>\n<meta property=\"og:locale\" content=\"gl_ES\" \/>\n<meta property=\"og:type\" content=\"article\" \/>\n<meta property=\"og:title\" content=\"Programa de transparencia en sostibilidade - Nueva Pescanova\" \/>\n<meta property=\"og:description\" content=\"[vc_row css=&#8221;.vc_custom_1516629082762{margin-bottom: 30px !important;padding-bottom: 0px !important;background-color: #ffffff !important;}&#8221;][vc_column][vc_column_text el_class=&#8221;titulo&#8221; css=&#8221;.vc_custom_1753353803472{margin-top: 0px !important;padding-top: 0px !important;}&#8221;]Programa de transparencia en sostibilidade[\/vc_column_text][vc_row_inner el_class=&#8221;sombra&#8221; css=&#8221;.vc_custom_1516627142348{margin-top: 0px !important;margin-bottom: 0px !important;padding-top: 0px !important;padding-bottom: [\u2026]\" \/>\n<meta property=\"og:url\" content=\"https:\/\/www.nuevapescanova.com\/gl\/compromiso\/responsabilidade-social-corporativa-2\/transparencia-sustentabilidade\/\" \/>\n<meta property=\"og:site_name\" content=\"Nueva Pescanova\" \/>\n<meta property=\"article:modified_time\" content=\"2025-11-17T10:35:11+00:00\" \/>\n<meta property=\"og:image\" content=\"https:\/\/www.nuevapescanova.com\/nuevapescanova\/wp-content\/uploads\/2025\/07\/portada-informe-progres-sost-2025.png\" \/>\n\t<meta property=\"og:image:width\" content=\"1068\" \/>\n\t<meta property=\"og:image:height\" content=\"754\" \/>\n\t<meta property=\"og:image:type\" content=\"image\/png\" \/>\n<meta name=\"twitter:card\" content=\"summary_large_image\" \/>\n<meta name=\"twitter:site\" content=\"@PescanovaCorp\" \/>\n<meta name=\"twitter:label1\" content=\"Est. reading time\" \/>\n\t<meta name=\"twitter:data1\" content=\"3 minutes\" \/>\n<script type=\"application\/ld+json\" class=\"yoast-schema-graph\">{\"@context\":\"https:\/\/schema.org\",\"@graph\":[{\"@type\":\"WebPage\",\"@id\":\"https:\/\/www.nuevapescanova.com\/gl\/compromiso\/responsabilidade-social-corporativa-2\/transparencia-sustentabilidade\/\",\"url\":\"https:\/\/www.nuevapescanova.com\/gl\/compromiso\/responsabilidade-social-corporativa-2\/transparencia-sustentabilidade\/\",\"name\":\"Programa de transparencia en sostibilidade - Nueva Pescanova\",\"isPartOf\":{\"@id\":\"https:\/\/www.nuevapescanova.com\/#website\"},\"primaryImageOfPage\":{\"@id\":\"https:\/\/www.nuevapescanova.com\/gl\/compromiso\/responsabilidade-social-corporativa-2\/transparencia-sustentabilidade\/#primaryimage\"},\"image\":{\"@id\":\"https:\/\/www.nuevapescanova.com\/gl\/compromiso\/responsabilidade-social-corporativa-2\/transparencia-sustentabilidade\/#primaryimage\"},\"thumbnailUrl\":\"https:\/\/www.nuevapescanova.com\/nuevapescanova\/wp-content\/uploads\/2025\/07\/portada-informe-progres-sost-2025.png\",\"datePublished\":\"2023-01-31T10:13:06+00:00\",\"dateModified\":\"2025-11-17T10:35:11+00:00\",\"breadcrumb\":{\"@id\":\"https:\/\/www.nuevapescanova.com\/gl\/compromiso\/responsabilidade-social-corporativa-2\/transparencia-sustentabilidade\/#breadcrumb\"},\"inLanguage\":\"gl-ES\",\"potentialAction\":[{\"@type\":\"ReadAction\",\"target\":[\"https:\/\/www.nuevapescanova.com\/gl\/compromiso\/responsabilidade-social-corporativa-2\/transparencia-sustentabilidade\/\"]}]},{\"@type\":\"ImageObject\",\"inLanguage\":\"gl-ES\",\"@id\":\"https:\/\/www.nuevapescanova.com\/gl\/compromiso\/responsabilidade-social-corporativa-2\/transparencia-sustentabilidade\/#primaryimage\",\"url\":\"https:\/\/www.nuevapescanova.com\/nuevapescanova\/wp-content\/uploads\/2025\/07\/portada-informe-progres-sost-2025.png\",\"contentUrl\":\"https:\/\/www.nuevapescanova.com\/nuevapescanova\/wp-content\/uploads\/2025\/07\/portada-informe-progres-sost-2025.png\"},{\"@type\":\"BreadcrumbList\",\"@id\":\"https:\/\/www.nuevapescanova.com\/gl\/compromiso\/responsabilidade-social-corporativa-2\/transparencia-sustentabilidade\/#breadcrumb\",\"itemListElement\":[{\"@type\":\"ListItem\",\"position\":1,\"name\":\"Portada\",\"item\":\"https:\/\/www.nuevapescanova.com\/gl\/\"},{\"@type\":\"ListItem\",\"position\":2,\"name\":\"Compromiso\",\"item\":\"https:\/\/www.nuevapescanova.com\/compromiso\/\"},{\"@type\":\"ListItem\",\"position\":3,\"name\":\"Responsabilidade Social Corporativa\",\"item\":\"https:\/\/www.nuevapescanova.com\/compromiso\/responsabilidad-social-corporativa-2\/\"},{\"@type\":\"ListItem\",\"position\":4,\"name\":\"Programa de transparencia en sostibilidade\"}]},{\"@type\":\"WebSite\",\"@id\":\"https:\/\/www.nuevapescanova.com\/#website\",\"url\":\"https:\/\/www.nuevapescanova.com\/\",\"name\":\"Nueva Pescanova\",\"description\":\"\",\"publisher\":{\"@id\":\"https:\/\/www.nuevapescanova.com\/#organization\"},\"potentialAction\":[{\"@type\":\"SearchAction\",\"target\":{\"@type\":\"EntryPoint\",\"urlTemplate\":\"https:\/\/www.nuevapescanova.com\/?s={search_term_string}\"},\"query-input\":{\"@type\":\"PropertyValueSpecification\",\"valueRequired\":true,\"valueName\":\"search_term_string\"}}],\"inLanguage\":\"gl-ES\"},{\"@type\":\"Organization\",\"@id\":\"https:\/\/www.nuevapescanova.com\/#organization\",\"name\":\"Nueva Pescanova\",\"url\":\"https:\/\/www.nuevapescanova.com\/\",\"logo\":{\"@type\":\"ImageObject\",\"inLanguage\":\"gl-ES\",\"@id\":\"https:\/\/www.nuevapescanova.com\/#\/schema\/logo\/image\/\",\"url\":\"https:\/\/www.nuevapescanova.com\/nuevapescanova\/wp-content\/uploads\/2023\/06\/Logo-Grupo-Nueva-Pescanova.jpg\",\"contentUrl\":\"https:\/\/www.nuevapescanova.com\/nuevapescanova\/wp-content\/uploads\/2023\/06\/Logo-Grupo-Nueva-Pescanova.jpg\",\"width\":800,\"height\":398,\"caption\":\"Nueva Pescanova\"},\"image\":{\"@id\":\"https:\/\/www.nuevapescanova.com\/#\/schema\/logo\/image\/\"},\"sameAs\":[\"https:\/\/x.com\/PescanovaCorp\",\"https:\/\/www.linkedin.com\/company\/nuevapescanova\/?originalSubdomain=es\"]}]}<\/script>\n<!-- \/ Yoast SEO plugin. -->","yoast_head_json":{"title":"Programa de transparencia en sostibilidade - Nueva Pescanova","robots":{"index":"index","follow":"follow","max-snippet":"max-snippet:-1","max-image-preview":"max-image-preview:large","max-video-preview":"max-video-preview:-1"},"canonical":"https:\/\/www.nuevapescanova.com\/gl\/compromiso\/responsabilidade-social-corporativa-2\/transparencia-sustentabilidade\/","og_locale":"gl_ES","og_type":"article","og_title":"Programa de transparencia en sostibilidade - Nueva Pescanova","og_description":"[vc_row css=&#8221;.vc_custom_1516629082762{margin-bottom: 30px !important;padding-bottom: 0px !important;background-color: #ffffff !important;}&#8221;][vc_column][vc_column_text el_class=&#8221;titulo&#8221; css=&#8221;.vc_custom_1753353803472{margin-top: 0px !important;padding-top: 0px !important;}&#8221;]Programa de transparencia en sostibilidade[\/vc_column_text][vc_row_inner el_class=&#8221;sombra&#8221; css=&#8221;.vc_custom_1516627142348{margin-top: 0px !important;margin-bottom: 0px !important;padding-top: 0px !important;padding-bottom: [\u2026]","og_url":"https:\/\/www.nuevapescanova.com\/gl\/compromiso\/responsabilidade-social-corporativa-2\/transparencia-sustentabilidade\/","og_site_name":"Nueva Pescanova","article_modified_time":"2025-11-17T10:35:11+00:00","og_image":[{"width":1068,"height":754,"url":"https:\/\/www.nuevapescanova.com\/nuevapescanova\/wp-content\/uploads\/2025\/07\/portada-informe-progres-sost-2025.png","type":"image\/png"}],"twitter_card":"summary_large_image","twitter_site":"@PescanovaCorp","twitter_misc":{"Est. reading time":"3 minutes"},"schema":{"@context":"https:\/\/schema.org","@graph":[{"@type":"WebPage","@id":"https:\/\/www.nuevapescanova.com\/gl\/compromiso\/responsabilidade-social-corporativa-2\/transparencia-sustentabilidade\/","url":"https:\/\/www.nuevapescanova.com\/gl\/compromiso\/responsabilidade-social-corporativa-2\/transparencia-sustentabilidade\/","name":"Programa de transparencia en sostibilidade - Nueva Pescanova","isPartOf":{"@id":"https:\/\/www.nuevapescanova.com\/#website"},"primaryImageOfPage":{"@id":"https:\/\/www.nuevapescanova.com\/gl\/compromiso\/responsabilidade-social-corporativa-2\/transparencia-sustentabilidade\/#primaryimage"},"image":{"@id":"https:\/\/www.nuevapescanova.com\/gl\/compromiso\/responsabilidade-social-corporativa-2\/transparencia-sustentabilidade\/#primaryimage"},"thumbnailUrl":"https:\/\/www.nuevapescanova.com\/nuevapescanova\/wp-content\/uploads\/2025\/07\/portada-informe-progres-sost-2025.png","datePublished":"2023-01-31T10:13:06+00:00","dateModified":"2025-11-17T10:35:11+00:00","breadcrumb":{"@id":"https:\/\/www.nuevapescanova.com\/gl\/compromiso\/responsabilidade-social-corporativa-2\/transparencia-sustentabilidade\/#breadcrumb"},"inLanguage":"gl-ES","potentialAction":[{"@type":"ReadAction","target":["https:\/\/www.nuevapescanova.com\/gl\/compromiso\/responsabilidade-social-corporativa-2\/transparencia-sustentabilidade\/"]}]},{"@type":"ImageObject","inLanguage":"gl-ES","@id":"https:\/\/www.nuevapescanova.com\/gl\/compromiso\/responsabilidade-social-corporativa-2\/transparencia-sustentabilidade\/#primaryimage","url":"https:\/\/www.nuevapescanova.com\/nuevapescanova\/wp-content\/uploads\/2025\/07\/portada-informe-progres-sost-2025.png","contentUrl":"https:\/\/www.nuevapescanova.com\/nuevapescanova\/wp-content\/uploads\/2025\/07\/portada-informe-progres-sost-2025.png"},{"@type":"BreadcrumbList","@id":"https:\/\/www.nuevapescanova.com\/gl\/compromiso\/responsabilidade-social-corporativa-2\/transparencia-sustentabilidade\/#breadcrumb","itemListElement":[{"@type":"ListItem","position":1,"name":"Portada","item":"https:\/\/www.nuevapescanova.com\/gl\/"},{"@type":"ListItem","position":2,"name":"Compromiso","item":"https:\/\/www.nuevapescanova.com\/compromiso\/"},{"@type":"ListItem","position":3,"name":"Responsabilidade Social Corporativa","item":"https:\/\/www.nuevapescanova.com\/compromiso\/responsabilidad-social-corporativa-2\/"},{"@type":"ListItem","position":4,"name":"Programa de transparencia en sostibilidade"}]},{"@type":"WebSite","@id":"https:\/\/www.nuevapescanova.com\/#website","url":"https:\/\/www.nuevapescanova.com\/","name":"Nueva Pescanova","description":"","publisher":{"@id":"https:\/\/www.nuevapescanova.com\/#organization"},"potentialAction":[{"@type":"SearchAction","target":{"@type":"EntryPoint","urlTemplate":"https:\/\/www.nuevapescanova.com\/?s={search_term_string}"},"query-input":{"@type":"PropertyValueSpecification","valueRequired":true,"valueName":"search_term_string"}}],"inLanguage":"gl-ES"},{"@type":"Organization","@id":"https:\/\/www.nuevapescanova.com\/#organization","name":"Nueva Pescanova","url":"https:\/\/www.nuevapescanova.com\/","logo":{"@type":"ImageObject","inLanguage":"gl-ES","@id":"https:\/\/www.nuevapescanova.com\/#\/schema\/logo\/image\/","url":"https:\/\/www.nuevapescanova.com\/nuevapescanova\/wp-content\/uploads\/2023\/06\/Logo-Grupo-Nueva-Pescanova.jpg","contentUrl":"https:\/\/www.nuevapescanova.com\/nuevapescanova\/wp-content\/uploads\/2023\/06\/Logo-Grupo-Nueva-Pescanova.jpg","width":800,"height":398,"caption":"Nueva Pescanova"},"image":{"@id":"https:\/\/www.nuevapescanova.com\/#\/schema\/logo\/image\/"},"sameAs":["https:\/\/x.com\/PescanovaCorp","https:\/\/www.linkedin.com\/company\/nuevapescanova\/?originalSubdomain=es"]}]}},"_links":{"self":[{"href":"https:\/\/www.nuevapescanova.com\/gl\/wp-json\/wp\/v2\/pages\/30086","targetHints":{"allow":["GET"]}}],"collection":[{"href":"https:\/\/www.nuevapescanova.com\/gl\/wp-json\/wp\/v2\/pages"}],"about":[{"href":"https:\/\/www.nuevapescanova.com\/gl\/wp-json\/wp\/v2\/types\/page"}],"author":[{"embeddable":true,"href":"https:\/\/www.nuevapescanova.com\/gl\/wp-json\/wp\/v2\/users\/3"}],"replies":[{"embeddable":true,"href":"https:\/\/www.nuevapescanova.com\/gl\/wp-json\/wp\/v2\/comments?post=30086"}],"version-history":[{"count":26,"href":"https:\/\/www.nuevapescanova.com\/gl\/wp-json\/wp\/v2\/pages\/30086\/revisions"}],"predecessor-version":[{"id":47163,"href":"https:\/\/www.nuevapescanova.com\/gl\/wp-json\/wp\/v2\/pages\/30086\/revisions\/47163"}],"up":[{"embeddable":true,"href":"https:\/\/www.nuevapescanova.com\/gl\/wp-json\/wp\/v2\/pages\/16768"}],"wp:attachment":[{"href":"https:\/\/www.nuevapescanova.com\/gl\/wp-json\/wp\/v2\/media?parent=30086"}],"curies":[{"name":"wp","href":"https:\/\/api.w.org\/{rel}","templated":true}]}}