{"id":30186,"date":"2023-01-31T14:07:12","date_gmt":"2023-01-31T14:07:12","guid":{"rendered":"https:\/\/www.nuevapescanova.com\/?page_id=30186"},"modified":"2025-10-22T13:18:41","modified_gmt":"2025-10-22T13:18:41","slug":"economia-circular","status":"publish","type":"page","link":"https:\/\/www.nuevapescanova.com\/gl\/compromiso\/responsabilidade-social-corporativa-2\/economia-circular\/","title":{"rendered":"Econom\u00eda circular"},"content":{"rendered":"<section class=\"wpb-content-wrapper\"><p>[vc_row css=&#8221;.vc_custom_1516629082762{margin-bottom: 30px !important;padding-bottom: 0px !important;background-color: #ffffff !important;}&#8221;][vc_column][vc_column_text el_class=&#8221;titulo&#8221; css=&#8221;.vc_custom_1641384814990{margin-top: 0px !important;padding-top: 0px !important;}&#8221;]<strong>Compromiso coa econom\u00eda circular<\/strong>[\/vc_column_text][vc_row_inner css=&#8221;.vc_custom_1622136509029{margin-bottom: 0px !important;}&#8221;][vc_column_inner][vc_column_text]Na nosa aposta pola Econom\u00eda Circular, apostamos por desenvolver produtos do mar responsables e sostibles, optimizando a definici\u00f3n e dese\u00f1o dos nosos procesos, atendendo a criterios de eficiencia e rendemento ambiental, e empregando envases m\u00e1is sostibles e reciclables que garantan frescura e calidade.[\/vc_column_text][\/vc_column_inner][\/vc_row_inner][vc_row_inner css=&#8221;.vc_custom_1622136315934{margin-top: 0px !important;margin-bottom: 0px !important;}&#8221;][vc_column_inner][vc_column_text el_class=&#8221;titulo&#8221; css=&#8221;.vc_custom_1641384842466{margin-top: 0px !important;padding-top: 0px !important;}&#8221;]<strong>Envases m\u00e1is sostibles<\/strong>[\/vc_column_text][vc_column_text]<strong>Gobernanza<\/strong><\/p>\n<p>A aposta por <a href=\"https:\/\/www.nuevapescanova.com\/nuevapescanova\/wp-content\/uploads\/2025\/09\/GNPVA-Programa-de-Mejora-de-Envases-ES.pdf\" target=\"_blank\" rel=\"noopener\">desenvolver envases m\u00e1is sostibles<\/a> est\u00e1 ali\u00f1ada cos principios e medidas descritos nas nosas pol\u00edticas de RSE, Sostibilidade, Calidade e Seguridade Alimentaria e Responsabilidade Ambiental, que comparten obxectivos para o uso responsable dos recursos naturais e da enerx\u00eda, e a optimizaci\u00f3n do uso de materiais, que incl\u00fae materiais de embalaxe, como pl\u00e1stico e cart\u00f3n.<\/p>\n<p>A nosa estratexia de envases sostibles establece os seguintes obxectivos de envasado para 2025:<\/p>\n<ul>\n<li>100% dos envases de PESCANOVA dese\u00f1aranse para ser reciclables, reutilizables ou compostables, de acordo coas tecnolox\u00edas de selecci\u00f3n e reciclaxe presentes en cada mercado.<\/li>\n<li>Incorporar unha media dun 25 % de pl\u00e1stico reciclado rPET en todos os envases de PET para 2025.<\/li>\n<li>Incorporar unha media dun 30 % de material pl\u00e1stico reciclado en todos os envases para 2030.<\/li>\n<li>Reducir nun 10% o uso de pl\u00e1sticos nos envases.<\/li>\n<li>100% dos envases de papel e cart\u00f3n realizarase con materias primas de fontes sostibles certificadas.<\/li>\n<\/ul>\n<p>Os plans de actividade nos que estamos a traballar pasan pola an\u00e1lise do dese\u00f1o e materiais que utilizamos en cada un dos nosos envases, co obxectivo de optimizar o seu material, traballar polo equilibrio do m\u00ednimo material que protexa os nosos produtos e poder eliminar o sobreembalaxe. sempre que sexa posible. Buscamos utilizar materiais que sexan reciclables e para os que realmente exista tecnolox\u00eda de reciclaxe no pa\u00eds onde se comercializa cada produto. As\u00ed mesmo, buscamos eliminar o pl\u00e1stico e utilizar pl\u00e1stico reciclado sempre que sexa posible sen comprometer a seguridade alimentaria. Tam\u00e9n estudamos e validamos o uso de novos materiais m\u00e1is respectuosos co medio ambiente.<\/p>\n<p><strong>\u00a0<\/strong><\/p>\n<p><strong>PackScore<\/strong><\/p>\n<p>Para acadar o obxectivo de que o 100% dos nosos envases sexan reciclables en 2025, creamos unha metodolox\u00eda propia, cun alto compo\u00f1ente t\u00e9cnico para o estudo de materiais e sistemas de selecci\u00f3n e reciclaxe de envases, que nos permite avaliar a reciclabilidade dos nosos envases e as\u00ed ser capaz de estudar novas alternativas. Os produtos clasif\u00edcanse segundo os seus elementos de embalaxe en catro categor\u00edas:[\/vc_column_text][\/vc_column_inner][\/vc_row_inner][vc_row_inner css=&#8221;.vc_custom_1622136332517{margin-top: 0px !important;margin-bottom: 0px !important;}&#8221;][vc_column_inner width=&#8221;1\/6&#8243;][vc_single_image image=&#8221;20459&#8243; img_size=&#8221;full&#8221; alignment=&#8221;center&#8221; css=&#8221;.vc_custom_1622185152218{margin-top: 0px !important;margin-bottom: 0px !important;}&#8221;][\/vc_column_inner][vc_column_inner width=&#8221;2\/6&#8243;][vc_column_text]<strong>Recicl\u00e1beis<\/strong>: Os elementos do envase rec\u00edclanse en todas as plantas e os materiais secundarios resultantes te\u00f1en valor no mercado, incluso podendo volver a fabricar novos envases.[\/vc_column_text][\/vc_column_inner][vc_column_inner width=&#8221;1\/6&#8243;][vc_single_image image=&#8221;20463&#8243; img_size=&#8221;full&#8221; alignment=&#8221;center&#8221;][\/vc_column_inner][vc_column_inner width=&#8221;2\/6&#8243;][vc_column_text]<strong>Reciclaxe condicional<\/strong>: Os elementos do envase son compatibles para a s\u00faa reciclaxe en determinadas aplicaci\u00f3ns, que te\u00f1en un menor valor no mercado.[\/vc_column_text][\/vc_column_inner][\/vc_row_inner][vc_row_inner css=&#8221;.vc_custom_1622136340268{margin-top: 0px !important;margin-bottom: 0px !important;}&#8221;][vc_column_inner width=&#8221;1\/6&#8243;][vc_single_image image=&#8221;20467&#8243; img_size=&#8221;full&#8221; alignment=&#8221;center&#8221;][\/vc_column_inner][vc_column_inner width=&#8221;2\/6&#8243;][vc_column_text]<strong>Ineficientes para a reciclaxe<\/strong>: os elementos de envasado presentan problemas de reciclabilidade que afectan \u00e1 calidade do material reciclado ou transfieren perdas ao proceso.[\/vc_column_text][\/vc_column_inner][vc_column_inner width=&#8221;1\/6&#8243;][vc_single_image image=&#8221;20471&#8243; img_size=&#8221;full&#8221; alignment=&#8221;center&#8221;][\/vc_column_inner][vc_column_inner width=&#8221;2\/6&#8243;][vc_column_text]<strong>Non reciclables<\/strong>: os elementos de embalaxe son na s\u00faa maior\u00eda non reciclables ou contaminan as fracci\u00f3ns de material reciclado.[\/vc_column_text][\/vc_column_inner][\/vc_row_inner][vc_row_inner css=&#8221;.vc_custom_1622136323292{margin-top: 0px !important;margin-bottom: 0px !important;}&#8221;][vc_column_inner][vc_column_text]Algunhas das actuaci\u00f3ns nas que se est\u00e1n a traballar nos diferentes centros industriais para conseguir que os nosos envases te\u00f1an a cualificaci\u00f3n verde PackScore son:<\/p>\n<ul>\n<li>Substituci\u00f3n de bolsas multicapa multicapa non reciclables por monomaterial de polietileno reciclable e normalizaci\u00f3n das especificaci\u00f3ns do material de embalaxe.<\/li>\n<li>Substituci\u00f3n de pl\u00e1stico negro por pl\u00e1stico reciclable ou transparente lixeiramente coloreado.<\/li>\n<li>Incorporar pl\u00e1stico RPET reciclado en bandexas e envases de pel<\/li>\n<li>Substituci\u00f3n da l\u00e1mina de pl\u00e1stico das caixas por un novo material alternativo reciclable sen pl\u00e1stico que conserve as s\u00faas propiedades f\u00edsico-mec\u00e1nicas.<\/li>\n<\/ul>\n<p>[\/vc_column_text][\/vc_column_inner][\/vc_row_inner][vc_row_inner css=&#8221;.vc_custom_1622136315934{margin-top: 0px !important;margin-bottom: 0px !important;}&#8221;][vc_column_inner][vc_column_text el_class=&#8221;titulo&#8221; css=&#8221;.vc_custom_1675099122957{margin-top: 0px !important;padding-top: 0px !important;}&#8221;]<strong>Loita contra a perda e o desperdicio de alimentos<\/strong>[\/vc_column_text][vc_column_text]A loita contra a <a href=\"https:\/\/www.nuevapescanova.com\/nuevapescanova\/wp-content\/uploads\/2025\/09\/GNPVA-Programa-Prevencion-Desperdicio-Alimentario-ES.pdf\" target=\"_blank\" rel=\"noopener\">perda e desperdicio de alimentos<\/a> \u00e9 unha preocupaci\u00f3n prioritaria e constante para un Grupo do sector alimentario como o noso.<\/p>\n<p>Ali\u00f1adas coas definici\u00f3ns da FAO de perdas de alimentos (<em>diminuci\u00f3n da masa de alimentos comestibles na parte da cadea de subministraci\u00f3n que conduce especificamente a alimentos comestibles para consumo humano que ten lugar na etapas de produci\u00f3n, post-captura ou post-colleita e procesamento da cadea de subministraci\u00f3n de alimentos) e o desperdicio alimentario (perdas de alimentos que se producen ao final da cadea alimentaria na venda a retallo e no consumo final, relacionadas co comportamento dos comerciantes retallistas e dos consumidores<\/em>), implementamos pr\u00e1cticas espec\u00edficas para reducir este risco e tales perdas e residuos.<\/p>\n<p>Pr\u00e1cticas responsables implementadas para minimizar a perda e o desperdicio de alimentos:<\/p>\n<ul>\n<li>Nas operaci\u00f3ns de pesca: co uso de sensores, mellora da eficiencia pesqueira e dos equipamentos e t\u00e9cnicas de conservaci\u00f3n a bordo; en acuicultura: coa planificaci\u00f3n da colleita en resposta \u00e1 demanda, promovendo o benestar animal, as taxas de supervivencia na fase de engorde, mellorando as condici\u00f3ns de cultivo, transporte e almacenamento dos produtos;<\/li>\n<li>Nos procesos lox\u00edsticos, mellora da eficiencia da cadea de fr\u00edo, transporte e almacenamento de produtos, mellora do tipo de envases e acondicionamento \u00f3ptimo, entre outras medidas; e na xesti\u00f3n operativa mediante a optimizaci\u00f3n da xesti\u00f3n de stock e demanda.<\/li>\n<li>Doaz\u00f3n dos produtos pertinentes a entidades e instituci\u00f3ns sen \u00e1nimo de lucro que recollen alimentos para destinalos a cubrir as necesidades alimentarias das persoas e colectivos m\u00e1is desfavorecidos, en situaci\u00f3n de precariedade e\/ou exclusi\u00f3n social.<\/li>\n<li>E implantar medidas espec\u00edficas de I+D+i e seguridade alimentaria, co obxectivo de contribu\u00edr a minimizar o desperdicio alimentario, como a adaptaci\u00f3n dos envases \u00e1 demanda (tipo, tama\u00f1o e cantidade), garant\u00eda integral de seguridade, etiquetaxe correcta, clara, intuitiva e responsable, e compartindo a mellor informaci\u00f3n a comerciantes e consumidores sobre o tipo e condici\u00f3ns de almacenamento e conservaci\u00f3n, e as formas m\u00e1is adecuadas de elaboraci\u00f3n.<\/li>\n<\/ul>\n<p>Actualmente estamos implantando e mellorando o plan de prevenci\u00f3n e reduci\u00f3n do desperdicio alimentario, en cuxo \u00e1mbito inclu\u00edmos (i) a revisi\u00f3n peri\u00f3dica de excedentes de alimentos envasados, (ii) a mellora continua dos procesos relevantes nos centros industriais, (iii) a innovaci\u00f3n destinada a prolongar a vida \u00fatil dos alimentos, e (iv) a promoci\u00f3n da educaci\u00f3n e sensibilizaci\u00f3n en materia de prevenci\u00f3n do desperdicio alimentario.<\/p>\n<p>Os indicadores clave para a optimizaci\u00f3n dos procesos e para o informe de progreso incl\u00faen a cuantificaci\u00f3n de (i) perdas reprocesadas en produtos alimenticios en centros industriais, de (ii) doaz\u00f3ns de alimentos excedentes a organizaci\u00f3ns ben\u00e9ficas ou con fins sociais e (iii) de residuos de alimentos xerados en centros industriais (recortes e subprodutos), procesos de almacenamento, transporte, as\u00ed como os seus destinos.<\/p>\n<p>O plan interno de prevenci\u00f3n e reduci\u00f3n do desperdicio alimentario est\u00e1 claramente ali\u00f1ado cos compromisos asumidos polo sector. Damos o exemplo, e participamos na iniciativa &#8220;A comida non ten desperdicio&#8221; (\u201c<a href=\"https:\/\/www.alimentacionsindesperdicio.com\/\" target=\"_blank\" rel=\"noopener\"><em>La Alimentaci\u00f3n no tiene desperdicio<\/em><\/a>\u201d) da Asociaci\u00f3n de Fabricantes e Distribuidores (AECOC) desde 2012 para reducir o desperdicio alimentario, tendo como obxectivos principais: (i) establecer pr\u00e1cticas de prevenci\u00f3n e eficiencia en toda a cadea alimentaria, que maximicen o uso dos recursos, (ii) maximizar o aproveitamento do excedente producido ao longo das distintas fases da cadea de valor, e (iii) sensibilizar e educar \u00e1 sociedade sobre este problema e a necesidade de reducir o desperdicio alimentario.[\/vc_column_text][\/vc_column_inner][\/vc_row_inner][vc_row_inner css=&#8221;.vc_custom_1622127434824{margin-top: 0px !important;margin-bottom: 0px !important;padding-top: 0px !important;padding-bottom: 0px !important;}&#8221; el_class=&#8221;sombra&#8221;][vc_column_inner css=&#8221;.vc_custom_1516627862820{margin-bottom: 0px !important;padding-bottom: 0px !important;}&#8221;][\/vc_column_inner][\/vc_row_inner][\/vc_column][\/vc_row][vc_row css=&#8221;.vc_custom_1516984658033{margin-top: 30px !important;padding-bottom: 0px !important;background-color: #ffffff !important;}&#8221;][vc_column css=&#8221;.vc_custom_1516619741069{margin-bottom: 0px !important;}&#8221;][vc_row_inner el_class=&#8221;sombra&#8221; css=&#8221;.vc_custom_1516620347065{margin-top: 0px !important;margin-bottom: 0px !important;padding-top: 0px !important;padding-bottom: 0px !important;}&#8221;][vc_column_inner width=&#8221;1\/4&#8243; css=&#8221;.vc_custom_1516620281776{margin-bottom: 0px !important;padding-bottom: 0px !important;}&#8221;]<div class=\"hover_box\"><a href=\"https:\/\/www.nuevapescanova.com\/gl\/compromiso\/responsabilidade-social-corporativa-2\/o-noso-compromiso-co-planeta\/\" ><div class=\"hover_box_wrapper\"><img loading=\"lazy\" decoding=\"async\" class=\"scale-with-grid visible_photo\" src=\"https:\/\/www.nuevapescanova.com\/nuevapescanova\/wp-content\/uploads\/2018\/01\/planeta-2.jpg\" alt=\"planeta\" width=\"400\" height=\"357\"\/><img loading=\"lazy\" decoding=\"async\" class=\"scale-with-grid hidden_photo\" src=\"https:\/\/www.nuevapescanova.com\/nuevapescanova\/wp-content\/uploads\/2018\/01\/planeta_on-1.jpg\" alt=\"planeta_on\" width=\"400\" height=\"357\"\/><\/div><\/a><\/div>\n[\/vc_column_inner][vc_column_inner width=&#8221;1\/4&#8243; css=&#8221;.vc_custom_1516620292200{margin-bottom: 0px !important;padding-bottom: 0px !important;}&#8221;]<div class=\"hover_box\"><a href=\"https:\/\/www.nuevapescanova.com\/gl\/compromiso\/responsabilidade-social-corporativa-2\/o-compromiso-coas-nosas-persoas\/\" ><div class=\"hover_box_wrapper\"><img loading=\"lazy\" decoding=\"async\" class=\"scale-with-grid visible_photo\" src=\"https:\/\/www.nuevapescanova.com\/nuevapescanova\/wp-content\/uploads\/2020\/11\/personas-off-gal.png\" alt=\"personas-off-gal\" width=\"391\" height=\"349\"\/><img loading=\"lazy\" decoding=\"async\" class=\"scale-with-grid hidden_photo\" src=\"https:\/\/www.nuevapescanova.com\/nuevapescanova\/wp-content\/uploads\/2020\/11\/personas-on-gal.png\" alt=\"personas-on-gal\" width=\"391\" height=\"349\"\/><\/div><\/a><\/div>\n[\/vc_column_inner][vc_column_inner width=&#8221;1\/4&#8243; css=&#8221;.vc_custom_1516620287216{margin-bottom: 0px !important;padding-bottom: 0px !important;}&#8221;]<div class=\"hover_box\"><a href=\"https:\/\/www.nuevapescanova.com\/gl\/compromiso\/responsabilidade-social-corporativa-2\/o-compromiso-co-noso-produto\/\" ><div class=\"hover_box_wrapper\"><img loading=\"lazy\" decoding=\"async\" class=\"scale-with-grid visible_photo\" src=\"https:\/\/www.nuevapescanova.com\/nuevapescanova\/wp-content\/uploads\/2020\/11\/producto-on-gal.png\" alt=\"producto-on-gal\" width=\"392\" height=\"349\"\/><img loading=\"lazy\" decoding=\"async\" class=\"scale-with-grid hidden_photo\" src=\"https:\/\/www.nuevapescanova.com\/nuevapescanova\/wp-content\/uploads\/2020\/11\/producto-off_gal.png\" alt=\"producto-off_gal\" width=\"392\" height=\"349\"\/><\/div><\/a><\/div>\n[\/vc_column_inner][vc_column_inner width=&#8221;1\/4&#8243; css=&#8221;.vc_custom_1516620299548{margin-bottom: 0px !important;padding-bottom: 0px !important;}&#8221;]<div class=\"hover_box\"><a href=\"https:\/\/www.nuevapescanova.com\/gl\/compromiso\/responsabilidade-social-corporativa-2\/o-compromiso-coas-comunidades\/\" ><div class=\"hover_box_wrapper\"><img loading=\"lazy\" decoding=\"async\" class=\"scale-with-grid visible_photo\" src=\"https:\/\/www.nuevapescanova.com\/nuevapescanova\/wp-content\/uploads\/2018\/01\/comunidades-2.jpg\" alt=\"comunidades\" width=\"400\" height=\"357\"\/><img loading=\"lazy\" decoding=\"async\" class=\"scale-with-grid hidden_photo\" src=\"https:\/\/www.nuevapescanova.com\/nuevapescanova\/wp-content\/uploads\/2018\/01\/comunidades-on-1.jpg\" alt=\"comunidades-on\" width=\"400\" height=\"357\"\/><\/div><\/a><\/div>\n[\/vc_column_inner][\/vc_row_inner][\/vc_column][\/vc_row][vc_row][vc_column][vc_empty_space height=&#8221;60px&#8221;][\/vc_column][\/vc_row]<\/p>\n<\/section>","protected":false},"excerpt":{"rendered":"<p>[vc_row css=&#8221;.vc_custom_1516629082762{margin-bottom: 30px !important;padding-bottom: 0px !important;background-color: #ffffff !important;}&#8221;][vc_column][vc_column_text el_class=&#8221;titulo&#8221; css=&#8221;.vc_custom_1641384814990{margin-top: 0px !important;padding-top: 0px !important;}&#8221;]Compromiso coa econom\u00eda circular[\/vc_column_text][vc_row_inner css=&#8221;.vc_custom_1622136509029{margin-bottom: 0px !important;}&#8221;][vc_column_inner][vc_column_text]Na nosa aposta pola Econom\u00eda Circular, apostamos<span class=\"excerpt-hellip\"> [\u2026]<\/span><\/p>\n","protected":false},"author":3,"featured_media":0,"parent":16768,"menu_order":0,"comment_status":"closed","ping_status":"closed","template":"","meta":{"_acf_changed":false,"footnotes":""},"class_list":["post-30186","page","type-page","status-publish","hentry"],"acf":[],"yoast_head":"<!-- This site is optimized with the Yoast SEO plugin v25.9 - https:\/\/yoast.com\/wordpress\/plugins\/seo\/ -->\n<title>Econom\u00eda circular - Nueva Pescanova<\/title>\n<meta name=\"robots\" content=\"index, follow, max-snippet:-1, max-image-preview:large, max-video-preview:-1\" \/>\n<link rel=\"canonical\" href=\"https:\/\/www.nuevapescanova.com\/gl\/compromiso\/responsabilidade-social-corporativa-2\/economia-circular\/\" \/>\n<meta property=\"og:locale\" content=\"gl_ES\" \/>\n<meta property=\"og:type\" content=\"article\" \/>\n<meta property=\"og:title\" content=\"Econom\u00eda circular - Nueva Pescanova\" \/>\n<meta property=\"og:description\" content=\"[vc_row css=&#8221;.vc_custom_1516629082762{margin-bottom: 30px !important;padding-bottom: 0px !important;background-color: #ffffff !important;}&#8221;][vc_column][vc_column_text el_class=&#8221;titulo&#8221; css=&#8221;.vc_custom_1641384814990{margin-top: 0px !important;padding-top: 0px !important;}&#8221;]Compromiso coa econom\u00eda circular[\/vc_column_text][vc_row_inner css=&#8221;.vc_custom_1622136509029{margin-bottom: 0px !important;}&#8221;][vc_column_inner][vc_column_text]Na nosa aposta pola Econom\u00eda Circular, apostamos [\u2026]\" \/>\n<meta property=\"og:url\" content=\"https:\/\/www.nuevapescanova.com\/gl\/compromiso\/responsabilidade-social-corporativa-2\/economia-circular\/\" \/>\n<meta property=\"og:site_name\" content=\"Nueva Pescanova\" \/>\n<meta property=\"article:modified_time\" content=\"2025-10-22T13:18:41+00:00\" \/>\n<meta name=\"twitter:card\" content=\"summary_large_image\" \/>\n<meta name=\"twitter:site\" content=\"@PescanovaCorp\" \/>\n<meta name=\"twitter:label1\" content=\"Est. reading time\" \/>\n\t<meta name=\"twitter:data1\" content=\"9 minutes\" \/>\n<script type=\"application\/ld+json\" class=\"yoast-schema-graph\">{\"@context\":\"https:\/\/schema.org\",\"@graph\":[{\"@type\":\"WebPage\",\"@id\":\"https:\/\/www.nuevapescanova.com\/gl\/compromiso\/responsabilidade-social-corporativa-2\/economia-circular\/\",\"url\":\"https:\/\/www.nuevapescanova.com\/gl\/compromiso\/responsabilidade-social-corporativa-2\/economia-circular\/\",\"name\":\"Econom\u00eda circular - Nueva Pescanova\",\"isPartOf\":{\"@id\":\"https:\/\/www.nuevapescanova.com\/#website\"},\"datePublished\":\"2023-01-31T14:07:12+00:00\",\"dateModified\":\"2025-10-22T13:18:41+00:00\",\"breadcrumb\":{\"@id\":\"https:\/\/www.nuevapescanova.com\/gl\/compromiso\/responsabilidade-social-corporativa-2\/economia-circular\/#breadcrumb\"},\"inLanguage\":\"gl-ES\",\"potentialAction\":[{\"@type\":\"ReadAction\",\"target\":[\"https:\/\/www.nuevapescanova.com\/gl\/compromiso\/responsabilidade-social-corporativa-2\/economia-circular\/\"]}]},{\"@type\":\"BreadcrumbList\",\"@id\":\"https:\/\/www.nuevapescanova.com\/gl\/compromiso\/responsabilidade-social-corporativa-2\/economia-circular\/#breadcrumb\",\"itemListElement\":[{\"@type\":\"ListItem\",\"position\":1,\"name\":\"Portada\",\"item\":\"https:\/\/www.nuevapescanova.com\/gl\/\"},{\"@type\":\"ListItem\",\"position\":2,\"name\":\"Compromiso\",\"item\":\"https:\/\/www.nuevapescanova.com\/compromiso\/\"},{\"@type\":\"ListItem\",\"position\":3,\"name\":\"Responsabilidade Social Corporativa\",\"item\":\"https:\/\/www.nuevapescanova.com\/compromiso\/responsabilidad-social-corporativa-2\/\"},{\"@type\":\"ListItem\",\"position\":4,\"name\":\"Econom\u00eda circular\"}]},{\"@type\":\"WebSite\",\"@id\":\"https:\/\/www.nuevapescanova.com\/#website\",\"url\":\"https:\/\/www.nuevapescanova.com\/\",\"name\":\"Nueva Pescanova\",\"description\":\"\",\"publisher\":{\"@id\":\"https:\/\/www.nuevapescanova.com\/#organization\"},\"potentialAction\":[{\"@type\":\"SearchAction\",\"target\":{\"@type\":\"EntryPoint\",\"urlTemplate\":\"https:\/\/www.nuevapescanova.com\/?s={search_term_string}\"},\"query-input\":{\"@type\":\"PropertyValueSpecification\",\"valueRequired\":true,\"valueName\":\"search_term_string\"}}],\"inLanguage\":\"gl-ES\"},{\"@type\":\"Organization\",\"@id\":\"https:\/\/www.nuevapescanova.com\/#organization\",\"name\":\"Nueva Pescanova\",\"url\":\"https:\/\/www.nuevapescanova.com\/\",\"logo\":{\"@type\":\"ImageObject\",\"inLanguage\":\"gl-ES\",\"@id\":\"https:\/\/www.nuevapescanova.com\/#\/schema\/logo\/image\/\",\"url\":\"https:\/\/www.nuevapescanova.com\/nuevapescanova\/wp-content\/uploads\/2023\/06\/Logo-Grupo-Nueva-Pescanova.jpg\",\"contentUrl\":\"https:\/\/www.nuevapescanova.com\/nuevapescanova\/wp-content\/uploads\/2023\/06\/Logo-Grupo-Nueva-Pescanova.jpg\",\"width\":800,\"height\":398,\"caption\":\"Nueva Pescanova\"},\"image\":{\"@id\":\"https:\/\/www.nuevapescanova.com\/#\/schema\/logo\/image\/\"},\"sameAs\":[\"https:\/\/x.com\/PescanovaCorp\",\"https:\/\/www.linkedin.com\/company\/nuevapescanova\/?originalSubdomain=es\"]}]}<\/script>\n<!-- \/ Yoast SEO plugin. -->","yoast_head_json":{"title":"Econom\u00eda circular - Nueva Pescanova","robots":{"index":"index","follow":"follow","max-snippet":"max-snippet:-1","max-image-preview":"max-image-preview:large","max-video-preview":"max-video-preview:-1"},"canonical":"https:\/\/www.nuevapescanova.com\/gl\/compromiso\/responsabilidade-social-corporativa-2\/economia-circular\/","og_locale":"gl_ES","og_type":"article","og_title":"Econom\u00eda circular - Nueva Pescanova","og_description":"[vc_row css=&#8221;.vc_custom_1516629082762{margin-bottom: 30px !important;padding-bottom: 0px !important;background-color: #ffffff !important;}&#8221;][vc_column][vc_column_text el_class=&#8221;titulo&#8221; css=&#8221;.vc_custom_1641384814990{margin-top: 0px !important;padding-top: 0px !important;}&#8221;]Compromiso coa econom\u00eda circular[\/vc_column_text][vc_row_inner css=&#8221;.vc_custom_1622136509029{margin-bottom: 0px !important;}&#8221;][vc_column_inner][vc_column_text]Na nosa aposta pola Econom\u00eda Circular, apostamos [\u2026]","og_url":"https:\/\/www.nuevapescanova.com\/gl\/compromiso\/responsabilidade-social-corporativa-2\/economia-circular\/","og_site_name":"Nueva Pescanova","article_modified_time":"2025-10-22T13:18:41+00:00","twitter_card":"summary_large_image","twitter_site":"@PescanovaCorp","twitter_misc":{"Est. reading time":"9 minutes"},"schema":{"@context":"https:\/\/schema.org","@graph":[{"@type":"WebPage","@id":"https:\/\/www.nuevapescanova.com\/gl\/compromiso\/responsabilidade-social-corporativa-2\/economia-circular\/","url":"https:\/\/www.nuevapescanova.com\/gl\/compromiso\/responsabilidade-social-corporativa-2\/economia-circular\/","name":"Econom\u00eda circular - Nueva Pescanova","isPartOf":{"@id":"https:\/\/www.nuevapescanova.com\/#website"},"datePublished":"2023-01-31T14:07:12+00:00","dateModified":"2025-10-22T13:18:41+00:00","breadcrumb":{"@id":"https:\/\/www.nuevapescanova.com\/gl\/compromiso\/responsabilidade-social-corporativa-2\/economia-circular\/#breadcrumb"},"inLanguage":"gl-ES","potentialAction":[{"@type":"ReadAction","target":["https:\/\/www.nuevapescanova.com\/gl\/compromiso\/responsabilidade-social-corporativa-2\/economia-circular\/"]}]},{"@type":"BreadcrumbList","@id":"https:\/\/www.nuevapescanova.com\/gl\/compromiso\/responsabilidade-social-corporativa-2\/economia-circular\/#breadcrumb","itemListElement":[{"@type":"ListItem","position":1,"name":"Portada","item":"https:\/\/www.nuevapescanova.com\/gl\/"},{"@type":"ListItem","position":2,"name":"Compromiso","item":"https:\/\/www.nuevapescanova.com\/compromiso\/"},{"@type":"ListItem","position":3,"name":"Responsabilidade Social Corporativa","item":"https:\/\/www.nuevapescanova.com\/compromiso\/responsabilidad-social-corporativa-2\/"},{"@type":"ListItem","position":4,"name":"Econom\u00eda circular"}]},{"@type":"WebSite","@id":"https:\/\/www.nuevapescanova.com\/#website","url":"https:\/\/www.nuevapescanova.com\/","name":"Nueva Pescanova","description":"","publisher":{"@id":"https:\/\/www.nuevapescanova.com\/#organization"},"potentialAction":[{"@type":"SearchAction","target":{"@type":"EntryPoint","urlTemplate":"https:\/\/www.nuevapescanova.com\/?s={search_term_string}"},"query-input":{"@type":"PropertyValueSpecification","valueRequired":true,"valueName":"search_term_string"}}],"inLanguage":"gl-ES"},{"@type":"Organization","@id":"https:\/\/www.nuevapescanova.com\/#organization","name":"Nueva Pescanova","url":"https:\/\/www.nuevapescanova.com\/","logo":{"@type":"ImageObject","inLanguage":"gl-ES","@id":"https:\/\/www.nuevapescanova.com\/#\/schema\/logo\/image\/","url":"https:\/\/www.nuevapescanova.com\/nuevapescanova\/wp-content\/uploads\/2023\/06\/Logo-Grupo-Nueva-Pescanova.jpg","contentUrl":"https:\/\/www.nuevapescanova.com\/nuevapescanova\/wp-content\/uploads\/2023\/06\/Logo-Grupo-Nueva-Pescanova.jpg","width":800,"height":398,"caption":"Nueva Pescanova"},"image":{"@id":"https:\/\/www.nuevapescanova.com\/#\/schema\/logo\/image\/"},"sameAs":["https:\/\/x.com\/PescanovaCorp","https:\/\/www.linkedin.com\/company\/nuevapescanova\/?originalSubdomain=es"]}]}},"_links":{"self":[{"href":"https:\/\/www.nuevapescanova.com\/gl\/wp-json\/wp\/v2\/pages\/30186","targetHints":{"allow":["GET"]}}],"collection":[{"href":"https:\/\/www.nuevapescanova.com\/gl\/wp-json\/wp\/v2\/pages"}],"about":[{"href":"https:\/\/www.nuevapescanova.com\/gl\/wp-json\/wp\/v2\/types\/page"}],"author":[{"embeddable":true,"href":"https:\/\/www.nuevapescanova.com\/gl\/wp-json\/wp\/v2\/users\/3"}],"replies":[{"embeddable":true,"href":"https:\/\/www.nuevapescanova.com\/gl\/wp-json\/wp\/v2\/comments?post=30186"}],"version-history":[{"count":6,"href":"https:\/\/www.nuevapescanova.com\/gl\/wp-json\/wp\/v2\/pages\/30186\/revisions"}],"predecessor-version":[{"id":46822,"href":"https:\/\/www.nuevapescanova.com\/gl\/wp-json\/wp\/v2\/pages\/30186\/revisions\/46822"}],"up":[{"embeddable":true,"href":"https:\/\/www.nuevapescanova.com\/gl\/wp-json\/wp\/v2\/pages\/16768"}],"wp:attachment":[{"href":"https:\/\/www.nuevapescanova.com\/gl\/wp-json\/wp\/v2\/media?parent=30186"}],"curies":[{"name":"wp","href":"https:\/\/api.w.org\/{rel}","templated":true}]}}