{"id":30394,"date":"2023-02-08T12:21:24","date_gmt":"2023-02-08T12:21:24","guid":{"rendered":"https:\/\/www.nuevapescanova.com\/?page_id=30394"},"modified":"2025-10-22T13:29:40","modified_gmt":"2025-10-22T13:29:40","slug":"compensacion-ambiental","status":"publish","type":"page","link":"https:\/\/www.nuevapescanova.com\/gl\/compromiso\/responsabilidade-social-corporativa-2\/compensacion-ambiental\/","title":{"rendered":"Programa de Compensaci\u00f3n Ambiental"},"content":{"rendered":"<section class=\"wpb-content-wrapper\"><p>[vc_row css=&#8221;.vc_custom_1516629082762{margin-bottom: 30px !important;padding-bottom: 0px !important;background-color: #ffffff !important;}&#8221;][vc_column][vc_column_text el_class=&#8221;titulo&#8221; css=&#8221;.vc_custom_1675858828839{margin-top: 0px !important;padding-top: 0px !important;}&#8221;]<strong>Programa de Compensaci\u00f3n Ambiental<\/strong>[\/vc_column_text][vc_row_inner css=&#8221;.vc_custom_1622136509029{margin-bottom: 0px !important;}&#8221;][vc_column_inner][vc_column_text]Hai moitos exemplos de como as actividades humanas se benefician dos bens e servizos que ofrece o capital natural.<\/p>\n<p>Consideramos fundamental conservar a dispo\u00f1ibilidade dos recursos naturais, a diversidade biol\u00f3xica e os servizos ecosist\u00e9micos de abastecemento (ex. produci\u00f3n de alimentos, fibra, auga), regulaci\u00f3n (ex. clima, enfermidades, riscos naturais), apoio (ex. ciclo de nutrientes, polinizaci\u00f3n dos cultivos) e culturais (ex. valores espirituais, est\u00e9ticos, recreativos), para garantir a produci\u00f3n e rexeneraci\u00f3n dos beneficios ecosist\u00e9micos dos que todos dependemos.<\/p>\n<p>Distinguimos entre a compensaci\u00f3n dos impactos xerados polo esgotamento dos recursos naturais e a emisi\u00f3n de contaminantes, as\u00ed como tam\u00e9n a compensaci\u00f3n da potencial perda de biodiversidade derivada das actividades humanas. Centr\u00e1monos en restaurar h\u00e1bitats e poboaci\u00f3ns de especies que poidan verse afectadas negativamente polas nosas actividades ou presenza, ademais de contribu\u00edr \u00e1 restauraci\u00f3n das funci\u00f3ns ecol\u00f3xicas. Para iso, compromet\u00e9monos a implementar medidas compensatorias capaces de salvagardar a capacidade produtiva e rexenerativa dos ecosistemas e garantir os servizos asociados, ou repo\u00f1endo recursos similares aos afectados.<\/p>\n<p>Ali\u00f1ados con estas medidas, e inspirados nos principios das nosas pol\u00edticas de <a href=\"http:\/\/www.nuevapescanova.com\/nuevapescanova\/wp-content\/uploads\/2019\/06\/P-POL%C3%8DTICA-CORPORATIVA-DE-RESPONSABILIDAD-SOCIAL-CORPORATIVA-CONSEJO-DE-27-DE-MARZO-DE-2019.pdf\" target=\"_blank\" rel=\"noopener\">Responsabilidade Social Corporativa<\/a> e <a href=\"https:\/\/www.nuevapescanova.com\/nuevapescanova\/wp-content\/uploads\/2022\/03\/P-PC_SOSTENIBILIDAD-GRUPO-NUEVA-PESCANOVA_v2_04_2021_ES.pdf\" target=\"_blank\" rel=\"noopener\">Sustentabilidade<\/a>, establecemos o <a href=\"https:\/\/www.nuevapescanova.com\/nuevapescanova\/wp-content\/uploads\/2025\/10\/GNPVA-Programa-de-Compensacion-Ambiental-ES.pdf\" target=\"_blank\" rel=\"noopener\"><strong><u>Programa de Compensaci\u00f3n Ambiental do Grupo Nueva Pescanova<\/u><\/strong><\/a>.[\/vc_column_text][\/vc_column_inner][\/vc_row_inner][vc_row_inner css=&#8221;.vc_custom_1622127434824{margin-top: 0px !important;margin-bottom: 0px !important;padding-top: 0px !important;padding-bottom: 0px !important;}&#8221; el_class=&#8221;sombra&#8221;][vc_column_inner css=&#8221;.vc_custom_1516627862820{margin-bottom: 0px !important;padding-bottom: 0px !important;}&#8221;][\/vc_column_inner][\/vc_row_inner][\/vc_column][\/vc_row][vc_row css=&#8221;.vc_custom_1516984658033{margin-top: 30px !important;padding-bottom: 0px !important;background-color: #ffffff !important;}&#8221;][vc_column css=&#8221;.vc_custom_1516619741069{margin-bottom: 0px !important;}&#8221;][vc_row_inner el_class=&#8221;sombra&#8221; css=&#8221;.vc_custom_1516620347065{margin-top: 0px !important;margin-bottom: 0px !important;padding-top: 0px !important;padding-bottom: 0px !important;}&#8221;][vc_column_inner width=&#8221;1\/4&#8243; css=&#8221;.vc_custom_1516620281776{margin-bottom: 0px !important;padding-bottom: 0px !important;}&#8221;]<div class=\"hover_box\"><a href=\"https:\/\/www.nuevapescanova.com\/gl\/compromiso\/responsabilidade-social-corporativa-2\/o-noso-compromiso-co-planeta\/\" ><div class=\"hover_box_wrapper\"><img loading=\"lazy\" decoding=\"async\" class=\"scale-with-grid visible_photo\" src=\"https:\/\/www.nuevapescanova.com\/nuevapescanova\/wp-content\/uploads\/2018\/01\/planeta-2.jpg\" alt=\"planeta\" width=\"400\" height=\"357\"\/><img loading=\"lazy\" decoding=\"async\" class=\"scale-with-grid hidden_photo\" src=\"https:\/\/www.nuevapescanova.com\/nuevapescanova\/wp-content\/uploads\/2018\/01\/planeta_on-1.jpg\" alt=\"planeta_on\" width=\"400\" height=\"357\"\/><\/div><\/a><\/div>\n[\/vc_column_inner][vc_column_inner width=&#8221;1\/4&#8243; css=&#8221;.vc_custom_1516620292200{margin-bottom: 0px !important;padding-bottom: 0px !important;}&#8221;]<div class=\"hover_box\"><a href=\"https:\/\/www.nuevapescanova.com\/gl\/compromiso\/responsabilidade-social-corporativa-2\/o-compromiso-coas-nosas-persoas\/\" ><div class=\"hover_box_wrapper\"><img loading=\"lazy\" decoding=\"async\" class=\"scale-with-grid visible_photo\" src=\"https:\/\/www.nuevapescanova.com\/nuevapescanova\/wp-content\/uploads\/2020\/11\/personas-off-gal.png\" alt=\"personas-off-gal\" width=\"391\" height=\"349\"\/><img loading=\"lazy\" decoding=\"async\" class=\"scale-with-grid hidden_photo\" src=\"https:\/\/www.nuevapescanova.com\/nuevapescanova\/wp-content\/uploads\/2020\/11\/personas-on-gal.png\" alt=\"personas-on-gal\" width=\"391\" height=\"349\"\/><\/div><\/a><\/div>\n[\/vc_column_inner][vc_column_inner width=&#8221;1\/4&#8243; css=&#8221;.vc_custom_1516620287216{margin-bottom: 0px !important;padding-bottom: 0px !important;}&#8221;]<div class=\"hover_box\"><a href=\"https:\/\/www.nuevapescanova.com\/gl\/compromiso\/responsabilidade-social-corporativa-2\/o-compromiso-co-noso-produto\/\" ><div class=\"hover_box_wrapper\"><img loading=\"lazy\" decoding=\"async\" class=\"scale-with-grid visible_photo\" src=\"https:\/\/www.nuevapescanova.com\/nuevapescanova\/wp-content\/uploads\/2020\/11\/producto-on-gal.png\" alt=\"producto-on-gal\" width=\"392\" height=\"349\"\/><img loading=\"lazy\" decoding=\"async\" class=\"scale-with-grid hidden_photo\" src=\"https:\/\/www.nuevapescanova.com\/nuevapescanova\/wp-content\/uploads\/2020\/11\/producto-off_gal.png\" alt=\"producto-off_gal\" width=\"392\" height=\"349\"\/><\/div><\/a><\/div>\n[\/vc_column_inner][vc_column_inner width=&#8221;1\/4&#8243; css=&#8221;.vc_custom_1516620299548{margin-bottom: 0px !important;padding-bottom: 0px !important;}&#8221;]<div class=\"hover_box\"><a href=\"https:\/\/www.nuevapescanova.com\/gl\/compromiso\/responsabilidade-social-corporativa-2\/o-compromiso-coas-comunidades\/\" ><div class=\"hover_box_wrapper\"><img loading=\"lazy\" decoding=\"async\" class=\"scale-with-grid visible_photo\" src=\"https:\/\/www.nuevapescanova.com\/nuevapescanova\/wp-content\/uploads\/2018\/01\/comunidades-2.jpg\" alt=\"comunidades\" width=\"400\" height=\"357\"\/><img loading=\"lazy\" decoding=\"async\" class=\"scale-with-grid hidden_photo\" src=\"https:\/\/www.nuevapescanova.com\/nuevapescanova\/wp-content\/uploads\/2018\/01\/comunidades-on-1.jpg\" alt=\"comunidades-on\" width=\"400\" height=\"357\"\/><\/div><\/a><\/div>\n[\/vc_column_inner][\/vc_row_inner][\/vc_column][\/vc_row][vc_row][vc_column][vc_empty_space height=&#8221;60px&#8221;][\/vc_column][\/vc_row]<\/p>\n<\/section>","protected":false},"excerpt":{"rendered":"<p>[vc_row css=&#8221;.vc_custom_1516629082762{margin-bottom: 30px !important;padding-bottom: 0px !important;background-color: #ffffff !important;}&#8221;][vc_column][vc_column_text el_class=&#8221;titulo&#8221; css=&#8221;.vc_custom_1675858828839{margin-top: 0px !important;padding-top: 0px !important;}&#8221;]Programa de Compensaci\u00f3n Ambiental[\/vc_column_text][vc_row_inner css=&#8221;.vc_custom_1622136509029{margin-bottom: 0px !important;}&#8221;][vc_column_inner][vc_column_text]Hai moitos exemplos de como as actividades<span class=\"excerpt-hellip\"> [\u2026]<\/span><\/p>\n","protected":false},"author":3,"featured_media":0,"parent":16768,"menu_order":0,"comment_status":"closed","ping_status":"closed","template":"","meta":{"_acf_changed":false,"footnotes":""},"class_list":["post-30394","page","type-page","status-publish","hentry"],"acf":[],"yoast_head":"<!-- This site is optimized with the Yoast SEO plugin v25.9 - https:\/\/yoast.com\/wordpress\/plugins\/seo\/ -->\n<title>Programa de Compensaci\u00f3n Ambiental - Nueva Pescanova<\/title>\n<meta name=\"robots\" content=\"index, follow, max-snippet:-1, max-image-preview:large, max-video-preview:-1\" \/>\n<link rel=\"canonical\" href=\"https:\/\/www.nuevapescanova.com\/gl\/compromiso\/responsabilidade-social-corporativa-2\/compensacion-ambiental\/\" \/>\n<meta property=\"og:locale\" content=\"gl_ES\" \/>\n<meta property=\"og:type\" content=\"article\" \/>\n<meta property=\"og:title\" content=\"Programa de Compensaci\u00f3n Ambiental - Nueva Pescanova\" \/>\n<meta property=\"og:description\" content=\"[vc_row css=&#8221;.vc_custom_1516629082762{margin-bottom: 30px !important;padding-bottom: 0px !important;background-color: #ffffff !important;}&#8221;][vc_column][vc_column_text el_class=&#8221;titulo&#8221; css=&#8221;.vc_custom_1675858828839{margin-top: 0px !important;padding-top: 0px !important;}&#8221;]Programa de Compensaci\u00f3n Ambiental[\/vc_column_text][vc_row_inner css=&#8221;.vc_custom_1622136509029{margin-bottom: 0px !important;}&#8221;][vc_column_inner][vc_column_text]Hai moitos exemplos de como as actividades [\u2026]\" \/>\n<meta property=\"og:url\" content=\"https:\/\/www.nuevapescanova.com\/gl\/compromiso\/responsabilidade-social-corporativa-2\/compensacion-ambiental\/\" \/>\n<meta property=\"og:site_name\" content=\"Nueva Pescanova\" \/>\n<meta property=\"article:modified_time\" content=\"2025-10-22T13:29:40+00:00\" \/>\n<meta name=\"twitter:card\" content=\"summary_large_image\" \/>\n<meta name=\"twitter:site\" content=\"@PescanovaCorp\" \/>\n<meta name=\"twitter:label1\" content=\"Est. reading time\" \/>\n\t<meta name=\"twitter:data1\" content=\"3 minutes\" \/>\n<script type=\"application\/ld+json\" class=\"yoast-schema-graph\">{\"@context\":\"https:\/\/schema.org\",\"@graph\":[{\"@type\":\"WebPage\",\"@id\":\"https:\/\/www.nuevapescanova.com\/gl\/compromiso\/responsabilidade-social-corporativa-2\/compensacion-ambiental\/\",\"url\":\"https:\/\/www.nuevapescanova.com\/gl\/compromiso\/responsabilidade-social-corporativa-2\/compensacion-ambiental\/\",\"name\":\"Programa de Compensaci\u00f3n Ambiental - Nueva Pescanova\",\"isPartOf\":{\"@id\":\"https:\/\/www.nuevapescanova.com\/#website\"},\"datePublished\":\"2023-02-08T12:21:24+00:00\",\"dateModified\":\"2025-10-22T13:29:40+00:00\",\"breadcrumb\":{\"@id\":\"https:\/\/www.nuevapescanova.com\/gl\/compromiso\/responsabilidade-social-corporativa-2\/compensacion-ambiental\/#breadcrumb\"},\"inLanguage\":\"gl-ES\",\"potentialAction\":[{\"@type\":\"ReadAction\",\"target\":[\"https:\/\/www.nuevapescanova.com\/gl\/compromiso\/responsabilidade-social-corporativa-2\/compensacion-ambiental\/\"]}]},{\"@type\":\"BreadcrumbList\",\"@id\":\"https:\/\/www.nuevapescanova.com\/gl\/compromiso\/responsabilidade-social-corporativa-2\/compensacion-ambiental\/#breadcrumb\",\"itemListElement\":[{\"@type\":\"ListItem\",\"position\":1,\"name\":\"Portada\",\"item\":\"https:\/\/www.nuevapescanova.com\/gl\/\"},{\"@type\":\"ListItem\",\"position\":2,\"name\":\"Compromiso\",\"item\":\"https:\/\/www.nuevapescanova.com\/compromiso\/\"},{\"@type\":\"ListItem\",\"position\":3,\"name\":\"Responsabilidade Social Corporativa\",\"item\":\"https:\/\/www.nuevapescanova.com\/compromiso\/responsabilidad-social-corporativa-2\/\"},{\"@type\":\"ListItem\",\"position\":4,\"name\":\"Programa de Compensaci\u00f3n Ambiental\"}]},{\"@type\":\"WebSite\",\"@id\":\"https:\/\/www.nuevapescanova.com\/#website\",\"url\":\"https:\/\/www.nuevapescanova.com\/\",\"name\":\"Nueva Pescanova\",\"description\":\"\",\"publisher\":{\"@id\":\"https:\/\/www.nuevapescanova.com\/#organization\"},\"potentialAction\":[{\"@type\":\"SearchAction\",\"target\":{\"@type\":\"EntryPoint\",\"urlTemplate\":\"https:\/\/www.nuevapescanova.com\/?s={search_term_string}\"},\"query-input\":{\"@type\":\"PropertyValueSpecification\",\"valueRequired\":true,\"valueName\":\"search_term_string\"}}],\"inLanguage\":\"gl-ES\"},{\"@type\":\"Organization\",\"@id\":\"https:\/\/www.nuevapescanova.com\/#organization\",\"name\":\"Nueva Pescanova\",\"url\":\"https:\/\/www.nuevapescanova.com\/\",\"logo\":{\"@type\":\"ImageObject\",\"inLanguage\":\"gl-ES\",\"@id\":\"https:\/\/www.nuevapescanova.com\/#\/schema\/logo\/image\/\",\"url\":\"https:\/\/www.nuevapescanova.com\/nuevapescanova\/wp-content\/uploads\/2023\/06\/Logo-Grupo-Nueva-Pescanova.jpg\",\"contentUrl\":\"https:\/\/www.nuevapescanova.com\/nuevapescanova\/wp-content\/uploads\/2023\/06\/Logo-Grupo-Nueva-Pescanova.jpg\",\"width\":800,\"height\":398,\"caption\":\"Nueva Pescanova\"},\"image\":{\"@id\":\"https:\/\/www.nuevapescanova.com\/#\/schema\/logo\/image\/\"},\"sameAs\":[\"https:\/\/x.com\/PescanovaCorp\",\"https:\/\/www.linkedin.com\/company\/nuevapescanova\/?originalSubdomain=es\"]}]}<\/script>\n<!-- \/ Yoast SEO plugin. -->","yoast_head_json":{"title":"Programa de Compensaci\u00f3n Ambiental - Nueva Pescanova","robots":{"index":"index","follow":"follow","max-snippet":"max-snippet:-1","max-image-preview":"max-image-preview:large","max-video-preview":"max-video-preview:-1"},"canonical":"https:\/\/www.nuevapescanova.com\/gl\/compromiso\/responsabilidade-social-corporativa-2\/compensacion-ambiental\/","og_locale":"gl_ES","og_type":"article","og_title":"Programa de Compensaci\u00f3n Ambiental - Nueva Pescanova","og_description":"[vc_row css=&#8221;.vc_custom_1516629082762{margin-bottom: 30px !important;padding-bottom: 0px !important;background-color: #ffffff !important;}&#8221;][vc_column][vc_column_text el_class=&#8221;titulo&#8221; css=&#8221;.vc_custom_1675858828839{margin-top: 0px !important;padding-top: 0px !important;}&#8221;]Programa de Compensaci\u00f3n Ambiental[\/vc_column_text][vc_row_inner css=&#8221;.vc_custom_1622136509029{margin-bottom: 0px !important;}&#8221;][vc_column_inner][vc_column_text]Hai moitos exemplos de como as actividades [\u2026]","og_url":"https:\/\/www.nuevapescanova.com\/gl\/compromiso\/responsabilidade-social-corporativa-2\/compensacion-ambiental\/","og_site_name":"Nueva Pescanova","article_modified_time":"2025-10-22T13:29:40+00:00","twitter_card":"summary_large_image","twitter_site":"@PescanovaCorp","twitter_misc":{"Est. reading time":"3 minutes"},"schema":{"@context":"https:\/\/schema.org","@graph":[{"@type":"WebPage","@id":"https:\/\/www.nuevapescanova.com\/gl\/compromiso\/responsabilidade-social-corporativa-2\/compensacion-ambiental\/","url":"https:\/\/www.nuevapescanova.com\/gl\/compromiso\/responsabilidade-social-corporativa-2\/compensacion-ambiental\/","name":"Programa de Compensaci\u00f3n Ambiental - Nueva Pescanova","isPartOf":{"@id":"https:\/\/www.nuevapescanova.com\/#website"},"datePublished":"2023-02-08T12:21:24+00:00","dateModified":"2025-10-22T13:29:40+00:00","breadcrumb":{"@id":"https:\/\/www.nuevapescanova.com\/gl\/compromiso\/responsabilidade-social-corporativa-2\/compensacion-ambiental\/#breadcrumb"},"inLanguage":"gl-ES","potentialAction":[{"@type":"ReadAction","target":["https:\/\/www.nuevapescanova.com\/gl\/compromiso\/responsabilidade-social-corporativa-2\/compensacion-ambiental\/"]}]},{"@type":"BreadcrumbList","@id":"https:\/\/www.nuevapescanova.com\/gl\/compromiso\/responsabilidade-social-corporativa-2\/compensacion-ambiental\/#breadcrumb","itemListElement":[{"@type":"ListItem","position":1,"name":"Portada","item":"https:\/\/www.nuevapescanova.com\/gl\/"},{"@type":"ListItem","position":2,"name":"Compromiso","item":"https:\/\/www.nuevapescanova.com\/compromiso\/"},{"@type":"ListItem","position":3,"name":"Responsabilidade Social Corporativa","item":"https:\/\/www.nuevapescanova.com\/compromiso\/responsabilidad-social-corporativa-2\/"},{"@type":"ListItem","position":4,"name":"Programa de Compensaci\u00f3n Ambiental"}]},{"@type":"WebSite","@id":"https:\/\/www.nuevapescanova.com\/#website","url":"https:\/\/www.nuevapescanova.com\/","name":"Nueva Pescanova","description":"","publisher":{"@id":"https:\/\/www.nuevapescanova.com\/#organization"},"potentialAction":[{"@type":"SearchAction","target":{"@type":"EntryPoint","urlTemplate":"https:\/\/www.nuevapescanova.com\/?s={search_term_string}"},"query-input":{"@type":"PropertyValueSpecification","valueRequired":true,"valueName":"search_term_string"}}],"inLanguage":"gl-ES"},{"@type":"Organization","@id":"https:\/\/www.nuevapescanova.com\/#organization","name":"Nueva Pescanova","url":"https:\/\/www.nuevapescanova.com\/","logo":{"@type":"ImageObject","inLanguage":"gl-ES","@id":"https:\/\/www.nuevapescanova.com\/#\/schema\/logo\/image\/","url":"https:\/\/www.nuevapescanova.com\/nuevapescanova\/wp-content\/uploads\/2023\/06\/Logo-Grupo-Nueva-Pescanova.jpg","contentUrl":"https:\/\/www.nuevapescanova.com\/nuevapescanova\/wp-content\/uploads\/2023\/06\/Logo-Grupo-Nueva-Pescanova.jpg","width":800,"height":398,"caption":"Nueva Pescanova"},"image":{"@id":"https:\/\/www.nuevapescanova.com\/#\/schema\/logo\/image\/"},"sameAs":["https:\/\/x.com\/PescanovaCorp","https:\/\/www.linkedin.com\/company\/nuevapescanova\/?originalSubdomain=es"]}]}},"_links":{"self":[{"href":"https:\/\/www.nuevapescanova.com\/gl\/wp-json\/wp\/v2\/pages\/30394","targetHints":{"allow":["GET"]}}],"collection":[{"href":"https:\/\/www.nuevapescanova.com\/gl\/wp-json\/wp\/v2\/pages"}],"about":[{"href":"https:\/\/www.nuevapescanova.com\/gl\/wp-json\/wp\/v2\/types\/page"}],"author":[{"embeddable":true,"href":"https:\/\/www.nuevapescanova.com\/gl\/wp-json\/wp\/v2\/users\/3"}],"replies":[{"embeddable":true,"href":"https:\/\/www.nuevapescanova.com\/gl\/wp-json\/wp\/v2\/comments?post=30394"}],"version-history":[{"count":7,"href":"https:\/\/www.nuevapescanova.com\/gl\/wp-json\/wp\/v2\/pages\/30394\/revisions"}],"predecessor-version":[{"id":46827,"href":"https:\/\/www.nuevapescanova.com\/gl\/wp-json\/wp\/v2\/pages\/30394\/revisions\/46827"}],"up":[{"embeddable":true,"href":"https:\/\/www.nuevapescanova.com\/gl\/wp-json\/wp\/v2\/pages\/16768"}],"wp:attachment":[{"href":"https:\/\/www.nuevapescanova.com\/gl\/wp-json\/wp\/v2\/media?parent=30394"}],"curies":[{"name":"wp","href":"https:\/\/api.w.org\/{rel}","templated":true}]}}