{"id":30789,"date":"2023-02-09T16:56:07","date_gmt":"2023-02-09T16:56:07","guid":{"rendered":"https:\/\/www.nuevapescanova.com\/?page_id=30789"},"modified":"2025-10-22T13:16:20","modified_gmt":"2025-10-22T13:16:20","slug":"nutricion","status":"publish","type":"page","link":"https:\/\/www.nuevapescanova.com\/gl\/compromiso\/responsabilidade-social-corporativa-2\/nutricion\/","title":{"rendered":"Programa de Nutrici\u00f3n e Sa\u00fade"},"content":{"rendered":"<section class=\"wpb-content-wrapper\"><p>[vc_row css=&#8221;.vc_custom_1516629082762{margin-bottom: 30px !important;padding-bottom: 0px !important;background-color: #ffffff !important;}&#8221;][vc_column][vc_column_text el_class=&#8221;titulo&#8221; css=&#8221;.vc_custom_1675961233491{margin-top: 0px !important;padding-top: 0px !important;}&#8221;]Programa de Nutrici\u00f3n e Sa\u00fade[\/vc_column_text][vc_row_inner css=&#8221;.vc_custom_1622136315934{margin-top: 0px !important;margin-bottom: 0px !important;}&#8221;][vc_column_inner][vc_column_text]No Grupo Nueva Pescanova entendemos que a nutrici\u00f3n \u00e9 un piar fundamental na sociedade actual, onde a calidade dos alimentos e o estilo de vida xogan un papel fundamental para o crecemento e mantemento dunha boa sa\u00fade en todas as etapas da vida. O noso obxectivo \u00e9 contribu\u00edr positivamente ao benestar e a sa\u00fade de todas as persoas que forman parte da nosa cadea de valor. \u00c9 por iso que temos unha aposta firme pola nutrici\u00f3n no tocante aos nosos produtos, \u00e1 nosa xente e \u00e1s comunidades nas que estamos presentes.<\/p>\n<p>&nbsp;<\/p>\n<h3>Produto<\/h3>\n<p>O noso compromiso \u00e9 facilitar o acceso de produtos do mar nutritivos, sans, saborosos e innovadores, producidos de forma responsable, aos mercados. O Principio 3\u00ba da nosa <a href=\"https:\/\/www.nuevapescanova.com\/nuevapescanova\/wp-content\/uploads\/2022\/03\/P-PC_SOSTENIBILIDAD-GRUPO-NUEVA-PESCANOVA_v2_04_2021_ES.pdf\" target=\"_blank\" rel=\"noopener\">Pol\u00edtica de Sustentabilidade<\/a> formaliza o noso compromiso coa <strong>nutrici\u00f3n e a sa\u00fade<\/strong> a trav\u00e9s dos nosos produtos establecendo que: &#8220;<em>Os nosos produtos contrib\u00faen positivamente \u00e1 sa\u00fade e ao benestar dos nosos consumidores<\/em>&#8220;. Materializamos este principio nos seguintes 5 compromisos nutricionais:<\/p>\n<h3><a href=\"https:\/\/www.nuevapescanova.com\/nuevapescanova\/wp-content\/uploads\/2023\/02\/1_GL.png\"><img loading=\"lazy\" decoding=\"async\" class=\"aligncenter wp-image-30891\" src=\"https:\/\/www.nuevapescanova.com\/nuevapescanova\/wp-content\/uploads\/2023\/02\/1_GL.png\" alt=\"\" width=\"600\" height=\"347\" srcset=\"https:\/\/www.nuevapescanova.com\/nuevapescanova\/wp-content\/uploads\/2023\/02\/1_GL.png 3471w, https:\/\/www.nuevapescanova.com\/nuevapescanova\/wp-content\/uploads\/2023\/02\/1_GL-300x173.png 300w, https:\/\/www.nuevapescanova.com\/nuevapescanova\/wp-content\/uploads\/2023\/02\/1_GL-768x444.png 768w, https:\/\/www.nuevapescanova.com\/nuevapescanova\/wp-content\/uploads\/2023\/02\/1_GL-1536x888.png 1536w, https:\/\/www.nuevapescanova.com\/nuevapescanova\/wp-content\/uploads\/2023\/02\/1_GL-2048x1184.png 2048w, https:\/\/www.nuevapescanova.com\/nuevapescanova\/wp-content\/uploads\/2023\/02\/1_GL-252x146.png 252w, https:\/\/www.nuevapescanova.com\/nuevapescanova\/wp-content\/uploads\/2023\/02\/1_GL-50x29.png 50w, https:\/\/www.nuevapescanova.com\/nuevapescanova\/wp-content\/uploads\/2023\/02\/1_GL-130x75.png 130w\" sizes=\"auto, (max-width: 600px) 100vw, 600px\" \/><\/a><\/h3>\n<p>Cada un destes compromisos desagr\u00e9gase nunha serie de principios, acci\u00f3ns e obxectivos que poden consultarse na memoria detallada do <a href=\"https:\/\/www.nuevapescanova.com\/nuevapescanova\/wp-content\/uploads\/2023\/02\/GNPVA-Programa-Nutricion-y-Salud-PRODUCTO-ES.pdf\" target=\"_blank\" rel=\"noopener\"><u>Compromiso Nutricional cos Nosos Produtos<\/u><\/a>.<\/p>\n<h3><\/h3>\n<p>&nbsp;<\/p>\n<h3>Persoas<\/h3>\n<p>As nosas persoas son o principal activo da nosa empresa e \u00e9 unha aposta do Grupo por garantir a <strong>sa\u00fade e o benestar<\/strong> dos traballadores promovendo un ambiente de traballo saudable para todos.<\/p>\n<p>Por este motivo, implantamos un <a href=\"https:\/\/www.nuevapescanova.com\/nuevapescanova\/wp-content\/uploads\/2023\/02\/GNPVA-Programa-Nutricion-y-Salud-PERSONAS-ES.pdf\" target=\"_blank\" rel=\"noopener\"><u>Programa de Nutrici\u00f3n e Sa\u00fade para a nosas Persoas<\/u><\/a> que se basea en 4 compromisos:<\/p>\n<p><a href=\"https:\/\/www.nuevapescanova.com\/nuevapescanova\/wp-content\/uploads\/2023\/02\/2_GL.png\"><img loading=\"lazy\" decoding=\"async\" class=\"aligncenter wp-image-30895\" src=\"https:\/\/www.nuevapescanova.com\/nuevapescanova\/wp-content\/uploads\/2023\/02\/2_GL.png\" alt=\"\" width=\"500\" height=\"483\" srcset=\"https:\/\/www.nuevapescanova.com\/nuevapescanova\/wp-content\/uploads\/2023\/02\/2_GL.png 2508w, https:\/\/www.nuevapescanova.com\/nuevapescanova\/wp-content\/uploads\/2023\/02\/2_GL-300x290.png 300w, https:\/\/www.nuevapescanova.com\/nuevapescanova\/wp-content\/uploads\/2023\/02\/2_GL-768x743.png 768w, https:\/\/www.nuevapescanova.com\/nuevapescanova\/wp-content\/uploads\/2023\/02\/2_GL-1536x1485.png 1536w, https:\/\/www.nuevapescanova.com\/nuevapescanova\/wp-content\/uploads\/2023\/02\/2_GL-2048x1980.png 2048w, https:\/\/www.nuevapescanova.com\/nuevapescanova\/wp-content\/uploads\/2023\/02\/2_GL-151x146.png 151w, https:\/\/www.nuevapescanova.com\/nuevapescanova\/wp-content\/uploads\/2023\/02\/2_GL-50x48.png 50w, https:\/\/www.nuevapescanova.com\/nuevapescanova\/wp-content\/uploads\/2023\/02\/2_GL-78x75.png 78w\" sizes=\"auto, (max-width: 500px) 100vw, 500px\" \/><\/a><\/p>\n<p>E cuxos obxectivos, actuaci\u00f3ns e avances poden consultarse no detallado informe do <a href=\"https:\/\/www.nuevapescanova.com\/nuevapescanova\/wp-content\/uploads\/2023\/02\/GNPVA-Programa-Nutricion-y-Salud-PERSONAS-ES.pdf\" target=\"_blank\" rel=\"noopener\"><u>Compromiso Nutricional coas Nosas Persoas<\/u><\/a>.<\/p>\n<p>&nbsp;<\/p>\n<h3>Comunidades<\/h3>\n<p>O Principio 4\u00ba da nosa <a href=\"https:\/\/www.nuevapescanova.com\/nuevapescanova\/wp-content\/uploads\/2022\/03\/P-PC_SOSTENIBILIDAD-GRUPO-NUEVA-PESCANOVA_v2_04_2021_ES.pdf\" target=\"_blank\" rel=\"noopener\">Pol\u00edtica de Sustentabilidade<\/a> establece que \u201c<em>Contribu\u00edmos positivamente \u00e1 Calidade de Vida das comunidades nas que vivimos e traballamos<\/em>\u201d.<\/p>\n<p>Contribu\u00edr positivamente \u00e1 <strong>calidade de vida<\/strong> das nosas comunidades implica contribu\u00edr \u00e1 mellora do seu estado nutricional e por iso manifestamos o noso compromiso de mellorar a calidade dos alimentos na contorna que estamos presentes, abordando a inseguridade alimentaria e a desnutrici\u00f3n cunha especial atenci\u00f3n. c\u00e9ntrase nos grupos de poboaci\u00f3n vulnerables e nos traballadores das nosas cadeas de subministraci\u00f3n.<\/p>\n<p>Os obxectivos, acci\u00f3ns e avances do Programa p\u00f3dense consultar no informe detallado sobre o programa <a href=\"https:\/\/www.nuevapescanova.com\/nuevapescanova\/wp-content\/uploads\/2023\/02\/GNPVA-Programa-Nutricion-y-Salud-COMUNIDADES-ES.pdf\" target=\"_blank\" rel=\"noopener\"><u>Compromiso Nutricional coas Nosas Comunidades<\/u><\/a>.[\/vc_column_text][\/vc_column_inner][\/vc_row_inner][vc_row_inner css=&#8221;.vc_custom_1622127434824{margin-top: 0px !important;margin-bottom: 0px !important;padding-top: 0px !important;padding-bottom: 0px !important;}&#8221; el_class=&#8221;sombra&#8221;][vc_column_inner css=&#8221;.vc_custom_1516627862820{margin-bottom: 0px !important;padding-bottom: 0px !important;}&#8221;][\/vc_column_inner][\/vc_row_inner][\/vc_column][\/vc_row][vc_row css=&#8221;.vc_custom_1516984658033{margin-top: 30px !important;padding-bottom: 0px !important;background-color: #ffffff !important;}&#8221;][vc_column css=&#8221;.vc_custom_1516619741069{margin-bottom: 0px !important;}&#8221;][vc_row_inner el_class=&#8221;sombra&#8221; css=&#8221;.vc_custom_1516620347065{margin-top: 0px !important;margin-bottom: 0px !important;padding-top: 0px !important;padding-bottom: 0px !important;}&#8221;][vc_column_inner width=&#8221;1\/4&#8243; css=&#8221;.vc_custom_1516620281776{margin-bottom: 0px !important;padding-bottom: 0px !important;}&#8221;]<div class=\"hover_box\"><a href=\"https:\/\/www.nuevapescanova.com\/gl\/compromiso\/responsabilidade-social-corporativa-2\/o-noso-compromiso-co-planeta\/\" ><div class=\"hover_box_wrapper\"><img loading=\"lazy\" decoding=\"async\" class=\"scale-with-grid visible_photo\" src=\"https:\/\/www.nuevapescanova.com\/nuevapescanova\/wp-content\/uploads\/2018\/01\/planeta-2.jpg\" alt=\"planeta\" width=\"400\" height=\"357\"\/><img loading=\"lazy\" decoding=\"async\" class=\"scale-with-grid hidden_photo\" src=\"https:\/\/www.nuevapescanova.com\/nuevapescanova\/wp-content\/uploads\/2018\/01\/planeta_on-1.jpg\" alt=\"planeta_on\" width=\"400\" height=\"357\"\/><\/div><\/a><\/div>\n[\/vc_column_inner][vc_column_inner width=&#8221;1\/4&#8243; css=&#8221;.vc_custom_1516620292200{margin-bottom: 0px !important;padding-bottom: 0px !important;}&#8221;]<div class=\"hover_box\"><a href=\"https:\/\/www.nuevapescanova.com\/gl\/compromiso\/responsabilidade-social-corporativa-2\/o-compromiso-coas-nosas-persoas\/\" ><div class=\"hover_box_wrapper\"><img loading=\"lazy\" decoding=\"async\" class=\"scale-with-grid visible_photo\" src=\"https:\/\/www.nuevapescanova.com\/nuevapescanova\/wp-content\/uploads\/2020\/11\/personas-off-gal.png\" alt=\"personas-off-gal\" width=\"391\" height=\"349\"\/><img loading=\"lazy\" decoding=\"async\" class=\"scale-with-grid hidden_photo\" src=\"https:\/\/www.nuevapescanova.com\/nuevapescanova\/wp-content\/uploads\/2020\/11\/personas-on-gal.png\" alt=\"personas-on-gal\" width=\"391\" height=\"349\"\/><\/div><\/a><\/div>\n[\/vc_column_inner][vc_column_inner width=&#8221;1\/4&#8243; css=&#8221;.vc_custom_1516620287216{margin-bottom: 0px !important;padding-bottom: 0px !important;}&#8221;]<div class=\"hover_box\"><a href=\"https:\/\/www.nuevapescanova.com\/gl\/compromiso\/responsabilidade-social-corporativa-2\/o-compromiso-co-noso-produto\/\" ><div class=\"hover_box_wrapper\"><img loading=\"lazy\" decoding=\"async\" class=\"scale-with-grid visible_photo\" src=\"https:\/\/www.nuevapescanova.com\/nuevapescanova\/wp-content\/uploads\/2020\/11\/producto-on-gal.png\" alt=\"producto-on-gal\" width=\"392\" height=\"349\"\/><img loading=\"lazy\" decoding=\"async\" class=\"scale-with-grid hidden_photo\" src=\"https:\/\/www.nuevapescanova.com\/nuevapescanova\/wp-content\/uploads\/2020\/11\/producto-off_gal.png\" alt=\"producto-off_gal\" width=\"392\" height=\"349\"\/><\/div><\/a><\/div>\n[\/vc_column_inner][vc_column_inner width=&#8221;1\/4&#8243; css=&#8221;.vc_custom_1516620299548{margin-bottom: 0px !important;padding-bottom: 0px !important;}&#8221;]<div class=\"hover_box\"><a href=\"https:\/\/www.nuevapescanova.com\/gl\/compromiso\/responsabilidade-social-corporativa-2\/o-compromiso-coas-comunidades\/\" ><div class=\"hover_box_wrapper\"><img loading=\"lazy\" decoding=\"async\" class=\"scale-with-grid visible_photo\" src=\"https:\/\/www.nuevapescanova.com\/nuevapescanova\/wp-content\/uploads\/2018\/01\/comunidades-2.jpg\" alt=\"comunidades\" width=\"400\" height=\"357\"\/><img loading=\"lazy\" decoding=\"async\" class=\"scale-with-grid hidden_photo\" src=\"https:\/\/www.nuevapescanova.com\/nuevapescanova\/wp-content\/uploads\/2018\/01\/comunidades-on-1.jpg\" alt=\"comunidades-on\" width=\"400\" height=\"357\"\/><\/div><\/a><\/div>\n[\/vc_column_inner][\/vc_row_inner][\/vc_column][\/vc_row][vc_row][vc_column][vc_empty_space height=&#8221;60px&#8221;][\/vc_column][\/vc_row]<\/p>\n<\/section>","protected":false},"excerpt":{"rendered":"<p>[vc_row css=&#8221;.vc_custom_1516629082762{margin-bottom: 30px !important;padding-bottom: 0px !important;background-color: #ffffff !important;}&#8221;][vc_column][vc_column_text el_class=&#8221;titulo&#8221; css=&#8221;.vc_custom_1675961233491{margin-top: 0px !important;padding-top: 0px !important;}&#8221;]Programa de Nutrici\u00f3n e Sa\u00fade[\/vc_column_text][vc_row_inner css=&#8221;.vc_custom_1622136315934{margin-top: 0px !important;margin-bottom: 0px !important;}&#8221;][vc_column_inner][vc_column_text]No Grupo Nueva Pescanova<span class=\"excerpt-hellip\"> [\u2026]<\/span><\/p>\n","protected":false},"author":3,"featured_media":0,"parent":16768,"menu_order":0,"comment_status":"closed","ping_status":"closed","template":"","meta":{"_acf_changed":false,"footnotes":""},"class_list":["post-30789","page","type-page","status-publish","hentry"],"acf":[],"yoast_head":"<!-- This site is optimized with the Yoast SEO plugin v25.9 - https:\/\/yoast.com\/wordpress\/plugins\/seo\/ -->\n<title>Programa de Nutrici\u00f3n e Sa\u00fade - Nueva Pescanova<\/title>\n<meta name=\"robots\" content=\"index, follow, max-snippet:-1, max-image-preview:large, max-video-preview:-1\" \/>\n<link rel=\"canonical\" href=\"https:\/\/www.nuevapescanova.com\/gl\/compromiso\/responsabilidade-social-corporativa-2\/nutricion\/\" \/>\n<meta property=\"og:locale\" content=\"gl_ES\" \/>\n<meta property=\"og:type\" content=\"article\" \/>\n<meta property=\"og:title\" content=\"Programa de Nutrici\u00f3n e Sa\u00fade - Nueva Pescanova\" \/>\n<meta property=\"og:description\" content=\"[vc_row css=&#8221;.vc_custom_1516629082762{margin-bottom: 30px !important;padding-bottom: 0px !important;background-color: #ffffff !important;}&#8221;][vc_column][vc_column_text el_class=&#8221;titulo&#8221; css=&#8221;.vc_custom_1675961233491{margin-top: 0px !important;padding-top: 0px !important;}&#8221;]Programa de Nutrici\u00f3n e Sa\u00fade[\/vc_column_text][vc_row_inner css=&#8221;.vc_custom_1622136315934{margin-top: 0px !important;margin-bottom: 0px !important;}&#8221;][vc_column_inner][vc_column_text]No Grupo Nueva Pescanova [\u2026]\" \/>\n<meta property=\"og:url\" content=\"https:\/\/www.nuevapescanova.com\/gl\/compromiso\/responsabilidade-social-corporativa-2\/nutricion\/\" \/>\n<meta property=\"og:site_name\" content=\"Nueva Pescanova\" \/>\n<meta property=\"article:modified_time\" content=\"2025-10-22T13:16:20+00:00\" \/>\n<meta property=\"og:image\" content=\"https:\/\/www.nuevapescanova.com\/nuevapescanova\/wp-content\/uploads\/2023\/02\/1_GL.png\" \/>\n\t<meta property=\"og:image:width\" content=\"3471\" \/>\n\t<meta property=\"og:image:height\" content=\"2007\" \/>\n\t<meta property=\"og:image:type\" content=\"image\/png\" \/>\n<meta name=\"twitter:card\" content=\"summary_large_image\" \/>\n<meta name=\"twitter:site\" content=\"@PescanovaCorp\" \/>\n<meta name=\"twitter:label1\" content=\"Est. reading time\" \/>\n\t<meta name=\"twitter:data1\" content=\"5 minutes\" \/>\n<script type=\"application\/ld+json\" class=\"yoast-schema-graph\">{\"@context\":\"https:\/\/schema.org\",\"@graph\":[{\"@type\":\"WebPage\",\"@id\":\"https:\/\/www.nuevapescanova.com\/gl\/compromiso\/responsabilidade-social-corporativa-2\/nutricion\/\",\"url\":\"https:\/\/www.nuevapescanova.com\/gl\/compromiso\/responsabilidade-social-corporativa-2\/nutricion\/\",\"name\":\"Programa de Nutrici\u00f3n e Sa\u00fade - Nueva Pescanova\",\"isPartOf\":{\"@id\":\"https:\/\/www.nuevapescanova.com\/#website\"},\"primaryImageOfPage\":{\"@id\":\"https:\/\/www.nuevapescanova.com\/gl\/compromiso\/responsabilidade-social-corporativa-2\/nutricion\/#primaryimage\"},\"image\":{\"@id\":\"https:\/\/www.nuevapescanova.com\/gl\/compromiso\/responsabilidade-social-corporativa-2\/nutricion\/#primaryimage\"},\"thumbnailUrl\":\"https:\/\/www.nuevapescanova.com\/nuevapescanova\/wp-content\/uploads\/2023\/02\/1_GL.png\",\"datePublished\":\"2023-02-09T16:56:07+00:00\",\"dateModified\":\"2025-10-22T13:16:20+00:00\",\"breadcrumb\":{\"@id\":\"https:\/\/www.nuevapescanova.com\/gl\/compromiso\/responsabilidade-social-corporativa-2\/nutricion\/#breadcrumb\"},\"inLanguage\":\"gl-ES\",\"potentialAction\":[{\"@type\":\"ReadAction\",\"target\":[\"https:\/\/www.nuevapescanova.com\/gl\/compromiso\/responsabilidade-social-corporativa-2\/nutricion\/\"]}]},{\"@type\":\"ImageObject\",\"inLanguage\":\"gl-ES\",\"@id\":\"https:\/\/www.nuevapescanova.com\/gl\/compromiso\/responsabilidade-social-corporativa-2\/nutricion\/#primaryimage\",\"url\":\"https:\/\/www.nuevapescanova.com\/nuevapescanova\/wp-content\/uploads\/2023\/02\/1_GL.png\",\"contentUrl\":\"https:\/\/www.nuevapescanova.com\/nuevapescanova\/wp-content\/uploads\/2023\/02\/1_GL.png\"},{\"@type\":\"BreadcrumbList\",\"@id\":\"https:\/\/www.nuevapescanova.com\/gl\/compromiso\/responsabilidade-social-corporativa-2\/nutricion\/#breadcrumb\",\"itemListElement\":[{\"@type\":\"ListItem\",\"position\":1,\"name\":\"Portada\",\"item\":\"https:\/\/www.nuevapescanova.com\/gl\/\"},{\"@type\":\"ListItem\",\"position\":2,\"name\":\"Compromiso\",\"item\":\"https:\/\/www.nuevapescanova.com\/compromiso\/\"},{\"@type\":\"ListItem\",\"position\":3,\"name\":\"Responsabilidade Social Corporativa\",\"item\":\"https:\/\/www.nuevapescanova.com\/compromiso\/responsabilidad-social-corporativa-2\/\"},{\"@type\":\"ListItem\",\"position\":4,\"name\":\"Programa de Nutrici\u00f3n e Sa\u00fade\"}]},{\"@type\":\"WebSite\",\"@id\":\"https:\/\/www.nuevapescanova.com\/#website\",\"url\":\"https:\/\/www.nuevapescanova.com\/\",\"name\":\"Nueva Pescanova\",\"description\":\"\",\"publisher\":{\"@id\":\"https:\/\/www.nuevapescanova.com\/#organization\"},\"potentialAction\":[{\"@type\":\"SearchAction\",\"target\":{\"@type\":\"EntryPoint\",\"urlTemplate\":\"https:\/\/www.nuevapescanova.com\/?s={search_term_string}\"},\"query-input\":{\"@type\":\"PropertyValueSpecification\",\"valueRequired\":true,\"valueName\":\"search_term_string\"}}],\"inLanguage\":\"gl-ES\"},{\"@type\":\"Organization\",\"@id\":\"https:\/\/www.nuevapescanova.com\/#organization\",\"name\":\"Nueva Pescanova\",\"url\":\"https:\/\/www.nuevapescanova.com\/\",\"logo\":{\"@type\":\"ImageObject\",\"inLanguage\":\"gl-ES\",\"@id\":\"https:\/\/www.nuevapescanova.com\/#\/schema\/logo\/image\/\",\"url\":\"https:\/\/www.nuevapescanova.com\/nuevapescanova\/wp-content\/uploads\/2023\/06\/Logo-Grupo-Nueva-Pescanova.jpg\",\"contentUrl\":\"https:\/\/www.nuevapescanova.com\/nuevapescanova\/wp-content\/uploads\/2023\/06\/Logo-Grupo-Nueva-Pescanova.jpg\",\"width\":800,\"height\":398,\"caption\":\"Nueva Pescanova\"},\"image\":{\"@id\":\"https:\/\/www.nuevapescanova.com\/#\/schema\/logo\/image\/\"},\"sameAs\":[\"https:\/\/x.com\/PescanovaCorp\",\"https:\/\/www.linkedin.com\/company\/nuevapescanova\/?originalSubdomain=es\"]}]}<\/script>\n<!-- \/ Yoast SEO plugin. -->","yoast_head_json":{"title":"Programa de Nutrici\u00f3n e Sa\u00fade - Nueva Pescanova","robots":{"index":"index","follow":"follow","max-snippet":"max-snippet:-1","max-image-preview":"max-image-preview:large","max-video-preview":"max-video-preview:-1"},"canonical":"https:\/\/www.nuevapescanova.com\/gl\/compromiso\/responsabilidade-social-corporativa-2\/nutricion\/","og_locale":"gl_ES","og_type":"article","og_title":"Programa de Nutrici\u00f3n e Sa\u00fade - Nueva Pescanova","og_description":"[vc_row css=&#8221;.vc_custom_1516629082762{margin-bottom: 30px !important;padding-bottom: 0px !important;background-color: #ffffff !important;}&#8221;][vc_column][vc_column_text el_class=&#8221;titulo&#8221; css=&#8221;.vc_custom_1675961233491{margin-top: 0px !important;padding-top: 0px !important;}&#8221;]Programa de Nutrici\u00f3n e Sa\u00fade[\/vc_column_text][vc_row_inner css=&#8221;.vc_custom_1622136315934{margin-top: 0px !important;margin-bottom: 0px !important;}&#8221;][vc_column_inner][vc_column_text]No Grupo Nueva Pescanova [\u2026]","og_url":"https:\/\/www.nuevapescanova.com\/gl\/compromiso\/responsabilidade-social-corporativa-2\/nutricion\/","og_site_name":"Nueva Pescanova","article_modified_time":"2025-10-22T13:16:20+00:00","og_image":[{"width":3471,"height":2007,"url":"https:\/\/www.nuevapescanova.com\/nuevapescanova\/wp-content\/uploads\/2023\/02\/1_GL.png","type":"image\/png"}],"twitter_card":"summary_large_image","twitter_site":"@PescanovaCorp","twitter_misc":{"Est. reading time":"5 minutes"},"schema":{"@context":"https:\/\/schema.org","@graph":[{"@type":"WebPage","@id":"https:\/\/www.nuevapescanova.com\/gl\/compromiso\/responsabilidade-social-corporativa-2\/nutricion\/","url":"https:\/\/www.nuevapescanova.com\/gl\/compromiso\/responsabilidade-social-corporativa-2\/nutricion\/","name":"Programa de Nutrici\u00f3n e Sa\u00fade - Nueva Pescanova","isPartOf":{"@id":"https:\/\/www.nuevapescanova.com\/#website"},"primaryImageOfPage":{"@id":"https:\/\/www.nuevapescanova.com\/gl\/compromiso\/responsabilidade-social-corporativa-2\/nutricion\/#primaryimage"},"image":{"@id":"https:\/\/www.nuevapescanova.com\/gl\/compromiso\/responsabilidade-social-corporativa-2\/nutricion\/#primaryimage"},"thumbnailUrl":"https:\/\/www.nuevapescanova.com\/nuevapescanova\/wp-content\/uploads\/2023\/02\/1_GL.png","datePublished":"2023-02-09T16:56:07+00:00","dateModified":"2025-10-22T13:16:20+00:00","breadcrumb":{"@id":"https:\/\/www.nuevapescanova.com\/gl\/compromiso\/responsabilidade-social-corporativa-2\/nutricion\/#breadcrumb"},"inLanguage":"gl-ES","potentialAction":[{"@type":"ReadAction","target":["https:\/\/www.nuevapescanova.com\/gl\/compromiso\/responsabilidade-social-corporativa-2\/nutricion\/"]}]},{"@type":"ImageObject","inLanguage":"gl-ES","@id":"https:\/\/www.nuevapescanova.com\/gl\/compromiso\/responsabilidade-social-corporativa-2\/nutricion\/#primaryimage","url":"https:\/\/www.nuevapescanova.com\/nuevapescanova\/wp-content\/uploads\/2023\/02\/1_GL.png","contentUrl":"https:\/\/www.nuevapescanova.com\/nuevapescanova\/wp-content\/uploads\/2023\/02\/1_GL.png"},{"@type":"BreadcrumbList","@id":"https:\/\/www.nuevapescanova.com\/gl\/compromiso\/responsabilidade-social-corporativa-2\/nutricion\/#breadcrumb","itemListElement":[{"@type":"ListItem","position":1,"name":"Portada","item":"https:\/\/www.nuevapescanova.com\/gl\/"},{"@type":"ListItem","position":2,"name":"Compromiso","item":"https:\/\/www.nuevapescanova.com\/compromiso\/"},{"@type":"ListItem","position":3,"name":"Responsabilidade Social Corporativa","item":"https:\/\/www.nuevapescanova.com\/compromiso\/responsabilidad-social-corporativa-2\/"},{"@type":"ListItem","position":4,"name":"Programa de Nutrici\u00f3n e Sa\u00fade"}]},{"@type":"WebSite","@id":"https:\/\/www.nuevapescanova.com\/#website","url":"https:\/\/www.nuevapescanova.com\/","name":"Nueva Pescanova","description":"","publisher":{"@id":"https:\/\/www.nuevapescanova.com\/#organization"},"potentialAction":[{"@type":"SearchAction","target":{"@type":"EntryPoint","urlTemplate":"https:\/\/www.nuevapescanova.com\/?s={search_term_string}"},"query-input":{"@type":"PropertyValueSpecification","valueRequired":true,"valueName":"search_term_string"}}],"inLanguage":"gl-ES"},{"@type":"Organization","@id":"https:\/\/www.nuevapescanova.com\/#organization","name":"Nueva Pescanova","url":"https:\/\/www.nuevapescanova.com\/","logo":{"@type":"ImageObject","inLanguage":"gl-ES","@id":"https:\/\/www.nuevapescanova.com\/#\/schema\/logo\/image\/","url":"https:\/\/www.nuevapescanova.com\/nuevapescanova\/wp-content\/uploads\/2023\/06\/Logo-Grupo-Nueva-Pescanova.jpg","contentUrl":"https:\/\/www.nuevapescanova.com\/nuevapescanova\/wp-content\/uploads\/2023\/06\/Logo-Grupo-Nueva-Pescanova.jpg","width":800,"height":398,"caption":"Nueva Pescanova"},"image":{"@id":"https:\/\/www.nuevapescanova.com\/#\/schema\/logo\/image\/"},"sameAs":["https:\/\/x.com\/PescanovaCorp","https:\/\/www.linkedin.com\/company\/nuevapescanova\/?originalSubdomain=es"]}]}},"_links":{"self":[{"href":"https:\/\/www.nuevapescanova.com\/gl\/wp-json\/wp\/v2\/pages\/30789","targetHints":{"allow":["GET"]}}],"collection":[{"href":"https:\/\/www.nuevapescanova.com\/gl\/wp-json\/wp\/v2\/pages"}],"about":[{"href":"https:\/\/www.nuevapescanova.com\/gl\/wp-json\/wp\/v2\/types\/page"}],"author":[{"embeddable":true,"href":"https:\/\/www.nuevapescanova.com\/gl\/wp-json\/wp\/v2\/users\/3"}],"replies":[{"embeddable":true,"href":"https:\/\/www.nuevapescanova.com\/gl\/wp-json\/wp\/v2\/comments?post=30789"}],"version-history":[{"count":5,"href":"https:\/\/www.nuevapescanova.com\/gl\/wp-json\/wp\/v2\/pages\/30789\/revisions"}],"predecessor-version":[{"id":46820,"href":"https:\/\/www.nuevapescanova.com\/gl\/wp-json\/wp\/v2\/pages\/30789\/revisions\/46820"}],"up":[{"embeddable":true,"href":"https:\/\/www.nuevapescanova.com\/gl\/wp-json\/wp\/v2\/pages\/16768"}],"wp:attachment":[{"href":"https:\/\/www.nuevapescanova.com\/gl\/wp-json\/wp\/v2\/media?parent=30789"}],"curies":[{"name":"wp","href":"https:\/\/api.w.org\/{rel}","templated":true}]}}