{"id":37023,"date":"2024-04-24T15:19:34","date_gmt":"2024-04-24T15:19:34","guid":{"rendered":"https:\/\/www.nuevapescanova.com\/?page_id=37023"},"modified":"2025-10-21T14:06:54","modified_gmt":"2025-10-21T14:06:54","slug":"canle_denuncias","status":"publish","type":"page","link":"https:\/\/www.nuevapescanova.com\/gl\/canle_denuncias\/","title":{"rendered":"Canle de denuncias"},"content":{"rendered":"<section class=\"wpb-content-wrapper\"><p>[vc_row css=&#8221;.vc_custom_1516351154553{margin-top: 75px !important;margin-bottom: 0px !important;}&#8221;][vc_column][vc_column_text css=&#8221;.vc_custom_1713971804589{margin-bottom: 0px !important;padding-bottom: 0px !important;}&#8221;]<span class=\"destacado\">Canle de denuncias<\/span>[\/vc_column_text][vc_row_inner css=&#8221;.vc_custom_1516351186038{margin-top: 8px !important;margin-right: 0px !important;margin-bottom: 0px !important;margin-left: 0px !important;padding-top: 0px !important;padding-right: 0px !important;padding-bottom: 0px !important;padding-left: 0px !important;background-color: #ffffff !important;}&#8221; el_class=&#8221;sombra&#8221;][vc_column_inner][vc_column_text css=&#8221;.vc_custom_1761055613098{margin-bottom: 0px !important;padding-bottom: 0px !important;}&#8221;]<b><span data-contrast=\"auto\">FIEIS AO NOSO ADN\u00a0<\/span><\/b><span data-ccp-props=\"{&quot;335551550&quot;:6,&quot;335551620&quot;:6}\">\u00a0<\/span><\/p>\n<p><span data-contrast=\"auto\">A actuaci\u00f3n \u00e9tica \u00e9 un dos compromisos expresos que asumimos no ADN corporativo do Grupo Nueva Pescanova. Para dar un contido concreto a eses valores, principios e regras de actuaci\u00f3n \u00e9tica, dot\u00e1monos dun conxunto de normas de \u00e9tica empresarial, integridade institucional e cumprimento normativo (Compliance) que gu\u00edan a nosa actuaci\u00f3n empresarial como Grupo e a de cada un dos profesionais que o integramos, sen excepci\u00f3n.<\/span><span data-ccp-props=\"{&quot;335551550&quot;:6,&quot;335551620&quot;:6}\">\u00a0<\/span><\/p>\n<p><b><span data-contrast=\"auto\">A NOSA CANLE DE CUMPRIMENTO<\/span><\/b><span data-ccp-props=\"{&quot;335551550&quot;:6,&quot;335551620&quot;:6}\">\u00a0<\/span><\/p>\n<p><span data-contrast=\"auto\">A Canle de Cumprimento do Grupo Nueva Pescanova \u00e9 o mecanismo global, directo e integrado de comunicaci\u00f3n polo que calquera persoa f\u00edsica, sexa ou non do Grupo (empregados, provedores, clientes, outros grupos de interese e terceiros en xeral) e desde calquera lugar do mundo, pode expor \u00e1 Unidade de Cumprimento de maneira transparente e confidencial, mesmo anonimamente, Consultas ou Denuncias no \u00e1mbito do noso sistema de \u00e9tica empresarial, integridade institucional e cumprimento normativo (materias de Compliance). A nosa Unidade de Cumprimento \u00e9 un \u00f3rgano interno, colexiado e permanente, dotado de autonom\u00eda e independencia de actuaci\u00f3n, que ten encomendada, entre outras funci\u00f3ns, a de velar polo efectivo respecto e cumprimento do noso sistema de Cumprimento.<\/span><span data-ccp-props=\"{&quot;335551550&quot;:6,&quot;335551620&quot;:6}\">\u00a0<\/span><\/p>\n<p><span data-contrast=\"auto\">Deste xeito, a Canle de Cumprimento, pola s\u00faa propia natureza, esixe dos usuarios (pertenzan ou non ao Grupo Nueva Pescanova) unha utilizaci\u00f3n responsable, razoable, proporcional e leal, quedando expresamente prohibido realizar comunicaci\u00f3ns ou dar informaci\u00f3n con manifesta mala fe, perseguindo fins desviados ou para danar inxustamente a honra, a intimidade ou o bo nome dunha persoa. Os usuarios haber\u00e1n de actuar de boa fe, ser respectuosos, gardando o debido decoro e os bos costumes. O Grupo Nueva Pescanova non se pode facer responsable dos comentarios despectivos ou falsos que un usuario da Canle puidese verter contra calquera terceiro, sen prexu\u00edzo das acci\u00f3ns legais que, no seu caso, puidesen corresponder \u00e1 afectada fronte ao usuario que use maliciosamente a canle. O usuario da Canle asegura razoablemente que os datos persoais que proporciona son verdadeiros, exactos, completos e actualizados.<\/span><span data-ccp-props=\"{&quot;335551550&quot;:6,&quot;335551620&quot;:6}\">\u00a0<\/span><\/p>\n<p><span data-contrast=\"auto\">As condici\u00f3ns de uso, normas de funcionamento, principios informadores e regras de procedemento da Canle at\u00f3panse reguladas no\u202f<\/span><a href=\"http:\/\/www.nuevapescanova.com\/nuevapescanova\/wp-content\/uploads\/2024\/04\/RTO_CanalCumplimiento_v3_07_2023_APROBADA-CONSEJO-31.07.2023.pdf\" target=\"_blank\" rel=\"noopener\"><b><i><span data-contrast=\"none\">Regulamento da Canle de Cumprimento do Grupo Nueva Pescanova<\/span><\/i><\/b><\/a><span data-contrast=\"auto\">.<\/span><span data-ccp-props=\"{&quot;335551550&quot;:6,&quot;335551620&quot;:6}\">\u00a0<\/span><\/p>\n<p><span data-contrast=\"auto\">Para garantir os mellores est\u00e1ndares de confidencialidade, protecci\u00f3n de datos persoais, privacidade e seguridade da informaci\u00f3n, as\u00ed como unha xesti\u00f3n segura, transparente, \u00e1xil e trazable das comunicaci\u00f3ns que se efect\u00faen (especialmente cando se fagan de forma an\u00f3nima), o Grupo Nueva Pescanova conta cunha ferramenta tecnol\u00f3xica WhistleBlower xestionada por un provedor externo especializado neste tipo de sistemas de informaci\u00f3n e que utiliza est\u00e1ndares de seguridade da m\u00e1xima esixencia. A trav\u00e9s de WhistleBlower p\u00f3dense presentar:\u00a0<\/span><span data-ccp-props=\"{&quot;335551550&quot;:6,&quot;335551620&quot;:6}\">\u00a0<\/span><\/p>\n<ul>\n<li><span data-contrast=\"auto\"> CONSULTA, picando <\/span><a href=\"https:\/\/whistleblowersoftware.com\/secure\/consultas-gruponuevapescanova\" target=\"_blank\" rel=\"noopener\"><b><span data-contrast=\"none\">AQU\u00cd<\/span><\/b><\/a><span data-contrast=\"auto\">, para a formulaci\u00f3n \u00e1 Unidade de Cumprimento de calquera d\u00fabida interpretativa, solicitude de orientaci\u00f3ns sobre como proceder nun caso concreto, resoluci\u00f3n de situaci\u00f3ns dubidosas nas que se pide opini\u00f3n sobre como resolver unha cuesti\u00f3n \u00e9tica ou de cumprimento normativo, asesoramento sobre unha cuesti\u00f3n ou materia de Compliance, etc.<\/span><\/li>\n<li><span data-contrast=\"auto\"> DENUNCIA, picando <\/span><a href=\"https:\/\/whistleblowersoftware.com\/secure\/canal-denuncias-gruponuevapescanova\" target=\"_blank\" rel=\"noopener\"><b><span data-contrast=\"none\">AQU\u00cd<\/span><\/b><\/a><span data-contrast=\"auto\">, para po\u00f1er en co\u00f1ecemento da Unidade de Cumprimento de situaci\u00f3ns, acci\u00f3ns, comportamentos ou condutas (activas ou omisivas) que afecten a un profesional do Grupo Nueva Pescanova (ou terceiros relacionados) que puidesen ser presuntamente ilegais, il\u00edcitas, irregulares ou, en definitiva, contrarias \u00e1s regras e normas recollidas no noso C\u00f3digo \u00c9tico, a Carta \u00c9tica e Social do Provedor, a Pol\u00edtica Corporativa de Prevenci\u00f3n de Riscos Penais ou o C\u00f3digo Anticorrupci\u00f3n, entre outras normas do noso Sistema Normativo de Goberno Corporativo e Cumprimento.\u00a0<\/span><\/li>\n<\/ul>\n<p><span data-contrast=\"auto\">Para poder remitir unha comunicaci\u00f3n a trav\u00e9s de WhistleBlower, ademais do <\/span><a href=\"http:\/\/www.nuevapescanova.com\/nuevapescanova\/wp-content\/uploads\/2024\/04\/RTO_CanalCumplimiento_v3_07_2023_APROBADA-CONSEJO-31.07.2023.pdf\" target=\"_blank\" rel=\"noopener\"><b><i><span data-contrast=\"none\">Regulamento da Canle de Cumprimento do Grupo Nueva Pescanova<\/span><\/i><\/b><\/a><span data-contrast=\"auto\">, deber\u00e1s ler e aceptar expresamente a <\/span><a href=\"http:\/\/www.nuevapescanova.com\/nuevapescanova\/wp-content\/uploads\/2024\/04\/NIG-OTR_PoliticaPrivacidadWishtleB_v2_08_2023_APROBADA-UNIDAD-01.08.2023.pdf\" target=\"_blank\" rel=\"noopener\"><b><i><span data-contrast=\"none\">Pol\u00edtica de Privacidade de WhistleBlower\u202fdo Grupo Nueva Pescanova<\/span><\/i><\/b><\/a><b><i><span data-contrast=\"none\">.<\/span><\/i><\/b><span data-ccp-props=\"{&quot;335551550&quot;:6,&quot;335551620&quot;:6}\">\u00a0<\/span>[\/vc_column_text][\/vc_column_inner][\/vc_row_inner][vc_empty_space height=&#8221;60px&#8221;][\/vc_column][\/vc_row]<\/p>\n<\/section>","protected":false},"excerpt":{"rendered":"<p>[vc_row css=&#8221;.vc_custom_1516351154553{margin-top: 75px !important;margin-bottom: 0px !important;}&#8221;][vc_column][vc_column_text css=&#8221;.vc_custom_1713971804589{margin-bottom: 0px !important;padding-bottom: 0px !important;}&#8221;]Canle de denuncias[\/vc_column_text][vc_row_inner css=&#8221;.vc_custom_1516351186038{margin-top: 8px !important;margin-right: 0px !important;margin-bottom: 0px !important;margin-left: 0px !important;padding-top: 0px !important;padding-right: 0px !important;padding-bottom:<span class=\"excerpt-hellip\"> [\u2026]<\/span><\/p>\n","protected":false},"author":3,"featured_media":0,"parent":0,"menu_order":0,"comment_status":"closed","ping_status":"closed","template":"","meta":{"_acf_changed":false,"footnotes":""},"class_list":["post-37023","page","type-page","status-publish","hentry"],"acf":[],"yoast_head":"<!-- This site is optimized with the Yoast SEO plugin v25.9 - https:\/\/yoast.com\/wordpress\/plugins\/seo\/ -->\n<title>Canle de denuncias - Nueva Pescanova<\/title>\n<meta name=\"robots\" content=\"index, follow, max-snippet:-1, max-image-preview:large, max-video-preview:-1\" \/>\n<link rel=\"canonical\" href=\"https:\/\/www.nuevapescanova.com\/gl\/canle_denuncias\/\" \/>\n<meta property=\"og:locale\" content=\"gl_ES\" \/>\n<meta property=\"og:type\" content=\"article\" \/>\n<meta property=\"og:title\" content=\"Canle de denuncias - Nueva Pescanova\" \/>\n<meta property=\"og:description\" content=\"[vc_row css=&#8221;.vc_custom_1516351154553{margin-top: 75px !important;margin-bottom: 0px !important;}&#8221;][vc_column][vc_column_text css=&#8221;.vc_custom_1713971804589{margin-bottom: 0px !important;padding-bottom: 0px !important;}&#8221;]Canle de denuncias[\/vc_column_text][vc_row_inner css=&#8221;.vc_custom_1516351186038{margin-top: 8px !important;margin-right: 0px !important;margin-bottom: 0px !important;margin-left: 0px !important;padding-top: 0px !important;padding-right: 0px !important;padding-bottom: [\u2026]\" \/>\n<meta property=\"og:url\" content=\"https:\/\/www.nuevapescanova.com\/gl\/canle_denuncias\/\" \/>\n<meta property=\"og:site_name\" content=\"Nueva Pescanova\" \/>\n<meta property=\"article:modified_time\" content=\"2025-10-21T14:06:54+00:00\" \/>\n<meta name=\"twitter:card\" content=\"summary_large_image\" \/>\n<meta name=\"twitter:site\" content=\"@PescanovaCorp\" \/>\n<meta name=\"twitter:label1\" content=\"Est. reading time\" \/>\n\t<meta name=\"twitter:data1\" content=\"3 minutes\" \/>\n<script type=\"application\/ld+json\" class=\"yoast-schema-graph\">{\"@context\":\"https:\/\/schema.org\",\"@graph\":[{\"@type\":\"WebPage\",\"@id\":\"https:\/\/www.nuevapescanova.com\/gl\/canle_denuncias\/\",\"url\":\"https:\/\/www.nuevapescanova.com\/gl\/canle_denuncias\/\",\"name\":\"Canle de denuncias - Nueva Pescanova\",\"isPartOf\":{\"@id\":\"https:\/\/www.nuevapescanova.com\/#website\"},\"datePublished\":\"2024-04-24T15:19:34+00:00\",\"dateModified\":\"2025-10-21T14:06:54+00:00\",\"breadcrumb\":{\"@id\":\"https:\/\/www.nuevapescanova.com\/gl\/canle_denuncias\/#breadcrumb\"},\"inLanguage\":\"gl-ES\",\"potentialAction\":[{\"@type\":\"ReadAction\",\"target\":[\"https:\/\/www.nuevapescanova.com\/gl\/canle_denuncias\/\"]}]},{\"@type\":\"BreadcrumbList\",\"@id\":\"https:\/\/www.nuevapescanova.com\/gl\/canle_denuncias\/#breadcrumb\",\"itemListElement\":[{\"@type\":\"ListItem\",\"position\":1,\"name\":\"Portada\",\"item\":\"https:\/\/www.nuevapescanova.com\/gl\/\"},{\"@type\":\"ListItem\",\"position\":2,\"name\":\"Canle de denuncias\"}]},{\"@type\":\"WebSite\",\"@id\":\"https:\/\/www.nuevapescanova.com\/#website\",\"url\":\"https:\/\/www.nuevapescanova.com\/\",\"name\":\"Nueva Pescanova\",\"description\":\"\",\"publisher\":{\"@id\":\"https:\/\/www.nuevapescanova.com\/#organization\"},\"potentialAction\":[{\"@type\":\"SearchAction\",\"target\":{\"@type\":\"EntryPoint\",\"urlTemplate\":\"https:\/\/www.nuevapescanova.com\/?s={search_term_string}\"},\"query-input\":{\"@type\":\"PropertyValueSpecification\",\"valueRequired\":true,\"valueName\":\"search_term_string\"}}],\"inLanguage\":\"gl-ES\"},{\"@type\":\"Organization\",\"@id\":\"https:\/\/www.nuevapescanova.com\/#organization\",\"name\":\"Nueva Pescanova\",\"url\":\"https:\/\/www.nuevapescanova.com\/\",\"logo\":{\"@type\":\"ImageObject\",\"inLanguage\":\"gl-ES\",\"@id\":\"https:\/\/www.nuevapescanova.com\/#\/schema\/logo\/image\/\",\"url\":\"https:\/\/www.nuevapescanova.com\/nuevapescanova\/wp-content\/uploads\/2023\/06\/Logo-Grupo-Nueva-Pescanova.jpg\",\"contentUrl\":\"https:\/\/www.nuevapescanova.com\/nuevapescanova\/wp-content\/uploads\/2023\/06\/Logo-Grupo-Nueva-Pescanova.jpg\",\"width\":800,\"height\":398,\"caption\":\"Nueva Pescanova\"},\"image\":{\"@id\":\"https:\/\/www.nuevapescanova.com\/#\/schema\/logo\/image\/\"},\"sameAs\":[\"https:\/\/x.com\/PescanovaCorp\",\"https:\/\/www.linkedin.com\/company\/nuevapescanova\/?originalSubdomain=es\"]}]}<\/script>\n<!-- \/ Yoast SEO plugin. -->","yoast_head_json":{"title":"Canle de denuncias - Nueva Pescanova","robots":{"index":"index","follow":"follow","max-snippet":"max-snippet:-1","max-image-preview":"max-image-preview:large","max-video-preview":"max-video-preview:-1"},"canonical":"https:\/\/www.nuevapescanova.com\/gl\/canle_denuncias\/","og_locale":"gl_ES","og_type":"article","og_title":"Canle de denuncias - Nueva Pescanova","og_description":"[vc_row css=&#8221;.vc_custom_1516351154553{margin-top: 75px !important;margin-bottom: 0px !important;}&#8221;][vc_column][vc_column_text css=&#8221;.vc_custom_1713971804589{margin-bottom: 0px !important;padding-bottom: 0px !important;}&#8221;]Canle de denuncias[\/vc_column_text][vc_row_inner css=&#8221;.vc_custom_1516351186038{margin-top: 8px !important;margin-right: 0px !important;margin-bottom: 0px !important;margin-left: 0px !important;padding-top: 0px !important;padding-right: 0px !important;padding-bottom: [\u2026]","og_url":"https:\/\/www.nuevapescanova.com\/gl\/canle_denuncias\/","og_site_name":"Nueva Pescanova","article_modified_time":"2025-10-21T14:06:54+00:00","twitter_card":"summary_large_image","twitter_site":"@PescanovaCorp","twitter_misc":{"Est. reading time":"3 minutes"},"schema":{"@context":"https:\/\/schema.org","@graph":[{"@type":"WebPage","@id":"https:\/\/www.nuevapescanova.com\/gl\/canle_denuncias\/","url":"https:\/\/www.nuevapescanova.com\/gl\/canle_denuncias\/","name":"Canle de denuncias - Nueva Pescanova","isPartOf":{"@id":"https:\/\/www.nuevapescanova.com\/#website"},"datePublished":"2024-04-24T15:19:34+00:00","dateModified":"2025-10-21T14:06:54+00:00","breadcrumb":{"@id":"https:\/\/www.nuevapescanova.com\/gl\/canle_denuncias\/#breadcrumb"},"inLanguage":"gl-ES","potentialAction":[{"@type":"ReadAction","target":["https:\/\/www.nuevapescanova.com\/gl\/canle_denuncias\/"]}]},{"@type":"BreadcrumbList","@id":"https:\/\/www.nuevapescanova.com\/gl\/canle_denuncias\/#breadcrumb","itemListElement":[{"@type":"ListItem","position":1,"name":"Portada","item":"https:\/\/www.nuevapescanova.com\/gl\/"},{"@type":"ListItem","position":2,"name":"Canle de denuncias"}]},{"@type":"WebSite","@id":"https:\/\/www.nuevapescanova.com\/#website","url":"https:\/\/www.nuevapescanova.com\/","name":"Nueva Pescanova","description":"","publisher":{"@id":"https:\/\/www.nuevapescanova.com\/#organization"},"potentialAction":[{"@type":"SearchAction","target":{"@type":"EntryPoint","urlTemplate":"https:\/\/www.nuevapescanova.com\/?s={search_term_string}"},"query-input":{"@type":"PropertyValueSpecification","valueRequired":true,"valueName":"search_term_string"}}],"inLanguage":"gl-ES"},{"@type":"Organization","@id":"https:\/\/www.nuevapescanova.com\/#organization","name":"Nueva Pescanova","url":"https:\/\/www.nuevapescanova.com\/","logo":{"@type":"ImageObject","inLanguage":"gl-ES","@id":"https:\/\/www.nuevapescanova.com\/#\/schema\/logo\/image\/","url":"https:\/\/www.nuevapescanova.com\/nuevapescanova\/wp-content\/uploads\/2023\/06\/Logo-Grupo-Nueva-Pescanova.jpg","contentUrl":"https:\/\/www.nuevapescanova.com\/nuevapescanova\/wp-content\/uploads\/2023\/06\/Logo-Grupo-Nueva-Pescanova.jpg","width":800,"height":398,"caption":"Nueva Pescanova"},"image":{"@id":"https:\/\/www.nuevapescanova.com\/#\/schema\/logo\/image\/"},"sameAs":["https:\/\/x.com\/PescanovaCorp","https:\/\/www.linkedin.com\/company\/nuevapescanova\/?originalSubdomain=es"]}]}},"_links":{"self":[{"href":"https:\/\/www.nuevapescanova.com\/gl\/wp-json\/wp\/v2\/pages\/37023","targetHints":{"allow":["GET"]}}],"collection":[{"href":"https:\/\/www.nuevapescanova.com\/gl\/wp-json\/wp\/v2\/pages"}],"about":[{"href":"https:\/\/www.nuevapescanova.com\/gl\/wp-json\/wp\/v2\/types\/page"}],"author":[{"embeddable":true,"href":"https:\/\/www.nuevapescanova.com\/gl\/wp-json\/wp\/v2\/users\/3"}],"replies":[{"embeddable":true,"href":"https:\/\/www.nuevapescanova.com\/gl\/wp-json\/wp\/v2\/comments?post=37023"}],"version-history":[{"count":7,"href":"https:\/\/www.nuevapescanova.com\/gl\/wp-json\/wp\/v2\/pages\/37023\/revisions"}],"predecessor-version":[{"id":46772,"href":"https:\/\/www.nuevapescanova.com\/gl\/wp-json\/wp\/v2\/pages\/37023\/revisions\/46772"}],"wp:attachment":[{"href":"https:\/\/www.nuevapescanova.com\/gl\/wp-json\/wp\/v2\/media?parent=37023"}],"curies":[{"name":"wp","href":"https:\/\/api.w.org\/{rel}","templated":true}]}}